











{"id":114884,"date":"2026-02-05T13:53:07","date_gmt":"2026-02-05T13:53:07","guid":{"rendered":"https:\/\/ses-creative.com\/?post_type=product&#038;p=114884"},"modified":"2026-02-06T09:51:55","modified_gmt":"2026-02-06T09:51:55","slug":"schluepfender-drache","status":"publish","type":"product","link":"https:\/\/ses-creative.com\/de\/produkt\/schluepfender-drache\/","title":{"rendered":"Schl\u00fcpfender Drache"},"content":{"rendered":"<p>Drachen ausbr\u00fcten: Entdecke deinen eigenen magischen Drachen!<br \/>\nMit dem Drachenei von SES Creative erlebst du ein magisches Abenteuer! In diesem geheimnisvollen Drachenei versteckt sich ein besonderer Drache. Lege das Drachenei in eine Schale mit Wasser und warte ab. Nach ein paar Tagen wird die Schale langsam aufbrechen und dein Drache kommt zum Vorschein! K\u00fcmmere dich um deinen neuen Drachen und lass ihn wachsen. Dies ist ein spannender Prozess, der Kinder immer wieder faszinieren wird. Perfekt f\u00fcr Kinder ab 5 Jahren, die Fantasie und Abenteuer lieben!<br \/>\nWas dieses Set so toll macht<br \/>\n&#8211;    Das Ausbr\u00fcten des Eies ist ein spannender Prozess. Wann wird das Ei schl\u00fcpfen?<br \/>\n&#8211;    Einfach durchzuf\u00fchren. Nur Wasser erforderlich<br \/>\n&#8211;    Testen Sie die Geduld Ihres Kindes beim Ausbr\u00fcten des Eies<br \/>\n&#8211;    Es ist eine \u00dcberraschung, welchen Drachen Sie in Ihrem Ei haben<br \/>\n&#8211;    Der Drache wird bis zu 10 Mal so gro\u00df<br \/>\nEin magisches Abenteuer entdecken<br \/>\nDas Drachenschl\u00fcpf-Set bietet ein spannendes und magisches Abenteuer. Kinder k\u00f6nnen ihr Drachenei in Wasser legen und beobachten, wie der Drache langsam zum Vorschein kommt. Dieser Vorgang dauert einige Tage, was die Spannung und Neugierde nur noch steigert. Das Ausbr\u00fcten des Drachen ist eine lehrreiche Erfahrung, bei der Kinder Geduld lernen und mit einer magischen \u00dcberraschung belohnt werden. Jedes Ei enth\u00e4lt einen einzigartigen Drachen, was es zu einem \u00fcberraschenden Abenteuer macht!<br \/>\nInhalt des Sets<br \/>\n&#8211;    Drachenei mit \u00dcberraschungsdrache<br \/>\nWarum SES Creative w\u00e4hlen?<br \/>\nBei SES Creative legen wir gro\u00dfen Wert auf Sicherheit. Deshalb werden die Produkte in der Fabrik in den Niederlanden nach den strengsten europ\u00e4ischen Sicherheitsstandards hergestellt und getestet. Spielzeug von SES Creative sorgt f\u00fcr Spa\u00df und soll Kindern erm\u00f6glichen, stolz auf ihre Arbeit zu sein, was ihre Kreativit\u00e4t und Entwicklung f\u00f6rdert.<br \/>\nBist du bereit, deinen eigenen Drachen zu entdecken?<br \/>\nHol dir das Drachenschl\u00fcpf-Set von SES Creative und beginne noch heute dein eigenes magisches Abenteuer. Entdecke, welcher Drache in deinem Ei versteckt ist, und sorge daf\u00fcr, dass er schl\u00fcpft. Worauf wartest du noch? Das Abenteuer kann beginnen!<\/p>\n","protected":false},"excerpt":{"rendered":"<p>Drachen ausbr\u00fcten: Entdecke deinen eigenen magischen Drachen! Mit dem Drachenei von SES Creative erlebst du ein magisches Abenteuer! In diesem geheimnisvollen Drachenei versteckt sich ein besonderer Drache. Lege das Drachenei in eine Schale mit Wasser und warte ab. Nach ein paar Tagen wird die Schale langsam aufbrechen und dein Drache kommt zum Vorschein! K\u00fcmmere dich [&hellip;]<\/p>\n","protected":false},"featured_media":106096,"comment_status":"closed","ping_status":"closed","template":"","meta":{"_acf_changed":false},"product_brand":[],"product_cat":[121],"product_tag":[],"class_list":{"0":"post-114884","1":"product","2":"type-product","3":"status-publish","4":"has-post-thumbnail","6":"product_cat-entdecken","7":"pa_leeftijd-filter-4-6-jahre","8":"pa_meest-populair-bij-jungen-maedchen","10":"first","11":"instock","12":"shipping-taxable","13":"product-type-simple"},"acf":[],"yoast_head":"<!-- This site is optimized with the Yoast SEO plugin v27.4 - https:\/\/yoast.com\/product\/yoast-seo-wordpress\/ -->\n<title>Schl\u00fcpfender Drache - SES Creative<\/title>\n<meta name=\"robots\" content=\"index, follow, max-snippet:-1, max-image-preview:large, max-video-preview:-1\" \/>\n<link rel=\"canonical\" href=\"https:\/\/ses-creative.com\/produkt\/draak-uitbroeden\/\" \/>\n<meta property=\"og:locale\" content=\"de_DE\" \/>\n<meta property=\"og:type\" content=\"article\" \/>\n<meta property=\"og:title\" content=\"Schl\u00fcpfender Drache - SES Creative\" \/>\n<meta property=\"og:description\" content=\"Drachen ausbr\u00fcten: Entdecke deinen eigenen magischen Drachen! Mit dem Drachenei von SES Creative erlebst du ein magisches Abenteuer! In diesem geheimnisvollen Drachenei versteckt sich ein besonderer Drache. Lege das Drachenei in eine Schale mit Wasser und warte ab. Nach ein paar Tagen wird die Schale langsam aufbrechen und dein Drache kommt zum Vorschein! K\u00fcmmere dich [&hellip;]\" \/>\n<meta property=\"og:url\" content=\"https:\/\/ses-creative.com\/produkt\/draak-uitbroeden\/\" \/>\n<meta property=\"og:site_name\" content=\"SES Creative\" \/>\n<meta property=\"article:modified_time\" content=\"2026-02-06T09:51:55+00:00\" \/>\n<meta property=\"og:image\" content=\"https:\/\/ses-creative.com\/wp-content\/uploads\/2026\/01\/251201.jpg\" \/>\n\t<meta property=\"og:image:width\" content=\"1000\" \/>\n\t<meta property=\"og:image:height\" content=\"1000\" \/>\n\t<meta property=\"og:image:type\" content=\"image\/jpeg\" \/>\n<meta name=\"twitter:card\" content=\"summary_large_image\" \/>\n<meta name=\"twitter:label1\" content=\"Gesch\u00e4tzte Lesezeit\" \/>\n\t<meta name=\"twitter:data1\" content=\"2\u00a0Minuten\" \/>\n<script type=\"application\/ld+json\" class=\"yoast-schema-graph\">{\"@context\":\"https:\\\/\\\/schema.org\",\"@graph\":[{\"@type\":\"WebPage\",\"@id\":\"https:\\\/\\\/ses-creative.com\\\/produkt\\\/draak-uitbroeden\\\/\",\"url\":\"https:\\\/\\\/ses-creative.com\\\/produkt\\\/draak-uitbroeden\\\/\",\"name\":\"Schl\u00fcpfender Drache - SES Creative\",\"isPartOf\":{\"@id\":\"https:\\\/\\\/ses-creative.com\\\/#website\"},\"primaryImageOfPage\":{\"@id\":\"https:\\\/\\\/ses-creative.com\\\/produkt\\\/draak-uitbroeden\\\/#primaryimage\"},\"image\":{\"@id\":\"https:\\\/\\\/ses-creative.com\\\/produkt\\\/draak-uitbroeden\\\/#primaryimage\"},\"thumbnailUrl\":\"https:\\\/\\\/ses-creative.com\\\/wp-content\\\/uploads\\\/2026\\\/01\\\/251201.jpg\",\"datePublished\":\"2026-02-05T13:53:07+00:00\",\"dateModified\":\"2026-02-06T09:51:55+00:00\",\"breadcrumb\":{\"@id\":\"https:\\\/\\\/ses-creative.com\\\/produkt\\\/draak-uitbroeden\\\/#breadcrumb\"},\"inLanguage\":\"de\",\"potentialAction\":[{\"@type\":\"ReadAction\",\"target\":[\"https:\\\/\\\/ses-creative.com\\\/produkt\\\/draak-uitbroeden\\\/\"]}]},{\"@type\":\"ImageObject\",\"inLanguage\":\"de\",\"@id\":\"https:\\\/\\\/ses-creative.com\\\/produkt\\\/draak-uitbroeden\\\/#primaryimage\",\"url\":\"https:\\\/\\\/ses-creative.com\\\/wp-content\\\/uploads\\\/2026\\\/01\\\/251201.jpg\",\"contentUrl\":\"https:\\\/\\\/ses-creative.com\\\/wp-content\\\/uploads\\\/2026\\\/01\\\/251201.jpg\",\"width\":1000,\"height\":1000},{\"@type\":\"BreadcrumbList\",\"@id\":\"https:\\\/\\\/ses-creative.com\\\/produkt\\\/draak-uitbroeden\\\/#breadcrumb\",\"itemListElement\":[{\"@type\":\"ListItem\",\"position\":1,\"name\":\"Shop\",\"item\":\"https:\\\/\\\/ses-creative.com\\\/de\\\/shop\\\/\"},{\"@type\":\"ListItem\",\"position\":2,\"name\":\"Ontdekken\",\"item\":\"https:\\\/\\\/ses-creative.com\\\/product-categorie\\\/ontdekken\\\/\"},{\"@type\":\"ListItem\",\"position\":3,\"name\":\"Schl\u00fcpfender Drache\"}]},{\"@type\":\"WebSite\",\"@id\":\"https:\\\/\\\/ses-creative.com\\\/#website\",\"url\":\"https:\\\/\\\/ses-creative.com\\\/\",\"name\":\"SES Creative\",\"description\":\"\",\"publisher\":{\"@id\":\"https:\\\/\\\/ses-creative.com\\\/#organization\"},\"potentialAction\":[{\"@type\":\"SearchAction\",\"target\":{\"@type\":\"EntryPoint\",\"urlTemplate\":\"https:\\\/\\\/ses-creative.com\\\/?s={search_term_string}\"},\"query-input\":{\"@type\":\"PropertyValueSpecification\",\"valueRequired\":true,\"valueName\":\"search_term_string\"}}],\"inLanguage\":\"de\"},{\"@type\":\"Organization\",\"@id\":\"https:\\\/\\\/ses-creative.com\\\/#organization\",\"name\":\"SES Creative\",\"url\":\"https:\\\/\\\/ses-creative.com\\\/\",\"logo\":{\"@type\":\"ImageObject\",\"inLanguage\":\"de\",\"@id\":\"https:\\\/\\\/ses-creative.com\\\/#\\\/schema\\\/logo\\\/image\\\/\",\"url\":\"https:\\\/\\\/ses-creative.com\\\/wp-content\\\/uploads\\\/2025\\\/10\\\/ses-creative-logo.jpg\",\"contentUrl\":\"https:\\\/\\\/ses-creative.com\\\/wp-content\\\/uploads\\\/2025\\\/10\\\/ses-creative-logo.jpg\",\"width\":2037,\"height\":2037,\"caption\":\"SES Creative\"},\"image\":{\"@id\":\"https:\\\/\\\/ses-creative.com\\\/#\\\/schema\\\/logo\\\/image\\\/\"}}]}<\/script>\n<!-- \/ Yoast SEO plugin. -->","yoast_head_json":{"title":"Schl\u00fcpfender Drache - SES Creative","robots":{"index":"index","follow":"follow","max-snippet":"max-snippet:-1","max-image-preview":"max-image-preview:large","max-video-preview":"max-video-preview:-1"},"canonical":"https:\/\/ses-creative.com\/produkt\/draak-uitbroeden\/","og_locale":"de_DE","og_type":"article","og_title":"Schl\u00fcpfender Drache - SES Creative","og_description":"Drachen ausbr\u00fcten: Entdecke deinen eigenen magischen Drachen! Mit dem Drachenei von SES Creative erlebst du ein magisches Abenteuer! In diesem geheimnisvollen Drachenei versteckt sich ein besonderer Drache. Lege das Drachenei in eine Schale mit Wasser und warte ab. Nach ein paar Tagen wird die Schale langsam aufbrechen und dein Drache kommt zum Vorschein! K\u00fcmmere dich [&hellip;]","og_url":"https:\/\/ses-creative.com\/produkt\/draak-uitbroeden\/","og_site_name":"SES Creative","article_modified_time":"2026-02-06T09:51:55+00:00","og_image":[{"width":1000,"height":1000,"url":"https:\/\/ses-creative.com\/wp-content\/uploads\/2026\/01\/251201.jpg","type":"image\/jpeg"}],"twitter_card":"summary_large_image","twitter_misc":{"Gesch\u00e4tzte Lesezeit":"2\u00a0Minuten"},"schema":{"@context":"https:\/\/schema.org","@graph":[{"@type":"WebPage","@id":"https:\/\/ses-creative.com\/produkt\/draak-uitbroeden\/","url":"https:\/\/ses-creative.com\/produkt\/draak-uitbroeden\/","name":"Schl\u00fcpfender Drache - SES Creative","isPartOf":{"@id":"https:\/\/ses-creative.com\/#website"},"primaryImageOfPage":{"@id":"https:\/\/ses-creative.com\/produkt\/draak-uitbroeden\/#primaryimage"},"image":{"@id":"https:\/\/ses-creative.com\/produkt\/draak-uitbroeden\/#primaryimage"},"thumbnailUrl":"https:\/\/ses-creative.com\/wp-content\/uploads\/2026\/01\/251201.jpg","datePublished":"2026-02-05T13:53:07+00:00","dateModified":"2026-02-06T09:51:55+00:00","breadcrumb":{"@id":"https:\/\/ses-creative.com\/produkt\/draak-uitbroeden\/#breadcrumb"},"inLanguage":"de","potentialAction":[{"@type":"ReadAction","target":["https:\/\/ses-creative.com\/produkt\/draak-uitbroeden\/"]}]},{"@type":"ImageObject","inLanguage":"de","@id":"https:\/\/ses-creative.com\/produkt\/draak-uitbroeden\/#primaryimage","url":"https:\/\/ses-creative.com\/wp-content\/uploads\/2026\/01\/251201.jpg","contentUrl":"https:\/\/ses-creative.com\/wp-content\/uploads\/2026\/01\/251201.jpg","width":1000,"height":1000},{"@type":"BreadcrumbList","@id":"https:\/\/ses-creative.com\/produkt\/draak-uitbroeden\/#breadcrumb","itemListElement":[{"@type":"ListItem","position":1,"name":"Shop","item":"https:\/\/ses-creative.com\/de\/shop\/"},{"@type":"ListItem","position":2,"name":"Ontdekken","item":"https:\/\/ses-creative.com\/product-categorie\/ontdekken\/"},{"@type":"ListItem","position":3,"name":"Schl\u00fcpfender Drache"}]},{"@type":"WebSite","@id":"https:\/\/ses-creative.com\/#website","url":"https:\/\/ses-creative.com\/","name":"SES Creative","description":"","publisher":{"@id":"https:\/\/ses-creative.com\/#organization"},"potentialAction":[{"@type":"SearchAction","target":{"@type":"EntryPoint","urlTemplate":"https:\/\/ses-creative.com\/?s={search_term_string}"},"query-input":{"@type":"PropertyValueSpecification","valueRequired":true,"valueName":"search_term_string"}}],"inLanguage":"de"},{"@type":"Organization","@id":"https:\/\/ses-creative.com\/#organization","name":"SES Creative","url":"https:\/\/ses-creative.com\/","logo":{"@type":"ImageObject","inLanguage":"de","@id":"https:\/\/ses-creative.com\/#\/schema\/logo\/image\/","url":"https:\/\/ses-creative.com\/wp-content\/uploads\/2025\/10\/ses-creative-logo.jpg","contentUrl":"https:\/\/ses-creative.com\/wp-content\/uploads\/2025\/10\/ses-creative-logo.jpg","width":2037,"height":2037,"caption":"SES Creative"},"image":{"@id":"https:\/\/ses-creative.com\/#\/schema\/logo\/image\/"}}]}},"_links":{"self":[{"href":"https:\/\/ses-creative.com\/de\/wp-json\/wp\/v2\/product\/114884","targetHints":{"allow":["GET"]}}],"collection":[{"href":"https:\/\/ses-creative.com\/de\/wp-json\/wp\/v2\/product"}],"about":[{"href":"https:\/\/ses-creative.com\/de\/wp-json\/wp\/v2\/types\/product"}],"replies":[{"embeddable":true,"href":"https:\/\/ses-creative.com\/de\/wp-json\/wp\/v2\/comments?post=114884"}],"wp:featuredmedia":[{"embeddable":true,"href":"https:\/\/ses-creative.com\/de\/wp-json\/wp\/v2\/media\/106096"}],"wp:attachment":[{"href":"https:\/\/ses-creative.com\/de\/wp-json\/wp\/v2\/media?parent=114884"}],"wp:term":[{"taxonomy":"product_brand","embeddable":true,"href":"https:\/\/ses-creative.com\/de\/wp-json\/wp\/v2\/product_brand?post=114884"},{"taxonomy":"product_cat","embeddable":true,"href":"https:\/\/ses-creative.com\/de\/wp-json\/wp\/v2\/product_cat?post=114884"},{"taxonomy":"product_tag","embeddable":true,"href":"https:\/\/ses-creative.com\/de\/wp-json\/wp\/v2\/product_tag?post=114884"}],"curies":[{"name":"wp","href":"https:\/\/api.w.org\/{rel}","templated":true}]}}