











{"id":114881,"date":"2026-02-05T13:53:07","date_gmt":"2026-02-05T13:53:07","guid":{"rendered":"https:\/\/ses-creative.com\/?post_type=product&#038;p=114881"},"modified":"2026-02-06T09:51:55","modified_gmt":"2026-02-06T09:51:55","slug":"vogelfutterstation","status":"publish","type":"product","link":"https:\/\/ses-creative.com\/de\/produkt\/vogelfutterstation\/","title":{"rendered":"Vogelfutterstation"},"content":{"rendered":"<p>Baue dein eigenes Vogelh\u00e4uschen!<br \/>\nDas ist cool! Jetzt kannst du deine eigene Futterstation aus Holz bauen und die V\u00f6gel in deinem Garten verw\u00f6hnen. Dieses Set enth\u00e4lt alle Holzteile, die du brauchst, um ein stabiles und sch\u00f6nes Vogelh\u00e4uschen zu bauen. H\u00e4nge es im Garten oder auf dem Balkon auf und genie\u00dfe es, wenn die V\u00f6gel kommen, um das Futter zu picken, das du f\u00fcr sie bereitgestellt hast.<br \/>\nWas dieses Set so toll macht<br \/>\n&#8211;    Aus echtem Holz gefertigt<br \/>\n&#8211;    Macht Spa\u00df beim Zusammenbauen. Einfache Konstruktion<br \/>\n&#8211;    Nat\u00fcrliche Optik, die perfekt in jeden Garten passt<br \/>\n&#8211;    Geeignet f\u00fcr Kinder ab 5 Jahren<br \/>\n&#8211;    Entdecken Sie die V\u00f6gel in Ihrem Garten<br \/>\nMachen Sie einen Unterschied f\u00fcr die V\u00f6gel in Ihrem Garten<br \/>\nMit diesem Set k\u00f6nnen Kinder ihre eigene Futterstation bauen, dekorieren und aufh\u00e4ngen. Das macht nicht nur Spa\u00df, sondern hilft auch den V\u00f6geln in Ihrer Umgebung, indem es ihnen einen Ort bietet, an dem sie sicher fressen k\u00f6nnen. Perfekt f\u00fcr junge Naturliebhaber!<br \/>\nInhalt des Sets<br \/>\n&#8211;    Holzteile<br \/>\n&#8211;    Baumwollfaden<br \/>\n&#8211;    Kleber<br \/>\n&#8211;    Holzperlen zur Dekoration<br \/>\nWarum SES Creative w\u00e4hlen?<br \/>\nBei SES Creative legen wir gro\u00dfen Wert auf Sicherheit. Deshalb werden die Produkte in unserem Werk in den Niederlanden nach den strengsten europ\u00e4ischen Sicherheitsnormen hergestellt und getestet. Spielzeug von SES Creative sorgt f\u00fcr Spa\u00df und soll Kindern ein Gef\u00fchl des Stolzes auf ihre Arbeit vermitteln, was ihre Kreativit\u00e4t und Entwicklung f\u00f6rdert.<br \/>\nBeginnen Sie noch heute mit dem Bau Ihres Vogelh\u00e4uschens!<br \/>\nSchenken Sie den V\u00f6geln in Ihrem Garten mit dieser selbstgebauten Futterstation einen besonderen Platz. Eine gro\u00dfartige M\u00f6glichkeit, kreativ zu sein und gleichzeitig der Natur zu helfen!<\/p>\n","protected":false},"excerpt":{"rendered":"<p>Baue dein eigenes Vogelh\u00e4uschen! Das ist cool! Jetzt kannst du deine eigene Futterstation aus Holz bauen und die V\u00f6gel in deinem Garten verw\u00f6hnen. Dieses Set enth\u00e4lt alle Holzteile, die du brauchst, um ein stabiles und sch\u00f6nes Vogelh\u00e4uschen zu bauen. H\u00e4nge es im Garten oder auf dem Balkon auf und genie\u00dfe es, wenn die V\u00f6gel kommen, [&hellip;]<\/p>\n","protected":false},"featured_media":107638,"comment_status":"closed","ping_status":"closed","template":"","meta":{"_acf_changed":false},"product_brand":[],"product_cat":[121],"product_tag":[],"class_list":{"0":"post-114881","1":"product","2":"type-product","3":"status-publish","4":"has-post-thumbnail","6":"product_cat-entdecken","7":"pa_leeftijd-filter-4-6-jahre","8":"pa_meest-populair-bij-jungen-maedchen","10":"first","11":"instock","12":"shipping-taxable","13":"product-type-simple"},"acf":[],"yoast_head":"<!-- This site is optimized with the Yoast SEO plugin v27.4 - https:\/\/yoast.com\/product\/yoast-seo-wordpress\/ -->\n<title>Vogelfutterstation - SES Creative<\/title>\n<meta name=\"robots\" content=\"index, follow, max-snippet:-1, max-image-preview:large, max-video-preview:-1\" \/>\n<link rel=\"canonical\" href=\"https:\/\/ses-creative.com\/produkt\/vogelvoederstation\/\" \/>\n<meta property=\"og:locale\" content=\"de_DE\" \/>\n<meta property=\"og:type\" content=\"article\" \/>\n<meta property=\"og:title\" content=\"Vogelfutterstation - SES Creative\" \/>\n<meta property=\"og:description\" content=\"Baue dein eigenes Vogelh\u00e4uschen! Das ist cool! Jetzt kannst du deine eigene Futterstation aus Holz bauen und die V\u00f6gel in deinem Garten verw\u00f6hnen. Dieses Set enth\u00e4lt alle Holzteile, die du brauchst, um ein stabiles und sch\u00f6nes Vogelh\u00e4uschen zu bauen. H\u00e4nge es im Garten oder auf dem Balkon auf und genie\u00dfe es, wenn die V\u00f6gel kommen, [&hellip;]\" \/>\n<meta property=\"og:url\" content=\"https:\/\/ses-creative.com\/produkt\/vogelvoederstation\/\" \/>\n<meta property=\"og:site_name\" content=\"SES Creative\" \/>\n<meta property=\"article:modified_time\" content=\"2026-02-06T09:51:55+00:00\" \/>\n<meta property=\"og:image\" content=\"https:\/\/ses-creative.com\/wp-content\/uploads\/2026\/01\/251141-1.jpg\" \/>\n\t<meta property=\"og:image:width\" content=\"1000\" \/>\n\t<meta property=\"og:image:height\" content=\"1000\" \/>\n\t<meta property=\"og:image:type\" content=\"image\/jpeg\" \/>\n<meta name=\"twitter:card\" content=\"summary_large_image\" \/>\n<meta name=\"twitter:label1\" content=\"Gesch\u00e4tzte Lesezeit\" \/>\n\t<meta name=\"twitter:data1\" content=\"1\u00a0Minute\" \/>\n<script type=\"application\/ld+json\" class=\"yoast-schema-graph\">{\"@context\":\"https:\\\/\\\/schema.org\",\"@graph\":[{\"@type\":\"WebPage\",\"@id\":\"https:\\\/\\\/ses-creative.com\\\/produkt\\\/vogelvoederstation\\\/\",\"url\":\"https:\\\/\\\/ses-creative.com\\\/produkt\\\/vogelvoederstation\\\/\",\"name\":\"Vogelfutterstation - SES Creative\",\"isPartOf\":{\"@id\":\"https:\\\/\\\/ses-creative.com\\\/#website\"},\"primaryImageOfPage\":{\"@id\":\"https:\\\/\\\/ses-creative.com\\\/produkt\\\/vogelvoederstation\\\/#primaryimage\"},\"image\":{\"@id\":\"https:\\\/\\\/ses-creative.com\\\/produkt\\\/vogelvoederstation\\\/#primaryimage\"},\"thumbnailUrl\":\"https:\\\/\\\/ses-creative.com\\\/wp-content\\\/uploads\\\/2026\\\/01\\\/251141-1.jpg\",\"datePublished\":\"2026-02-05T13:53:07+00:00\",\"dateModified\":\"2026-02-06T09:51:55+00:00\",\"breadcrumb\":{\"@id\":\"https:\\\/\\\/ses-creative.com\\\/produkt\\\/vogelvoederstation\\\/#breadcrumb\"},\"inLanguage\":\"de\",\"potentialAction\":[{\"@type\":\"ReadAction\",\"target\":[\"https:\\\/\\\/ses-creative.com\\\/produkt\\\/vogelvoederstation\\\/\"]}]},{\"@type\":\"ImageObject\",\"inLanguage\":\"de\",\"@id\":\"https:\\\/\\\/ses-creative.com\\\/produkt\\\/vogelvoederstation\\\/#primaryimage\",\"url\":\"https:\\\/\\\/ses-creative.com\\\/wp-content\\\/uploads\\\/2026\\\/01\\\/251141-1.jpg\",\"contentUrl\":\"https:\\\/\\\/ses-creative.com\\\/wp-content\\\/uploads\\\/2026\\\/01\\\/251141-1.jpg\",\"width\":1000,\"height\":1000},{\"@type\":\"BreadcrumbList\",\"@id\":\"https:\\\/\\\/ses-creative.com\\\/produkt\\\/vogelvoederstation\\\/#breadcrumb\",\"itemListElement\":[{\"@type\":\"ListItem\",\"position\":1,\"name\":\"Shop\",\"item\":\"https:\\\/\\\/ses-creative.com\\\/de\\\/shop\\\/\"},{\"@type\":\"ListItem\",\"position\":2,\"name\":\"Ontdekken\",\"item\":\"https:\\\/\\\/ses-creative.com\\\/product-categorie\\\/ontdekken\\\/\"},{\"@type\":\"ListItem\",\"position\":3,\"name\":\"Vogelfutterstation\"}]},{\"@type\":\"WebSite\",\"@id\":\"https:\\\/\\\/ses-creative.com\\\/#website\",\"url\":\"https:\\\/\\\/ses-creative.com\\\/\",\"name\":\"SES Creative\",\"description\":\"\",\"publisher\":{\"@id\":\"https:\\\/\\\/ses-creative.com\\\/#organization\"},\"potentialAction\":[{\"@type\":\"SearchAction\",\"target\":{\"@type\":\"EntryPoint\",\"urlTemplate\":\"https:\\\/\\\/ses-creative.com\\\/?s={search_term_string}\"},\"query-input\":{\"@type\":\"PropertyValueSpecification\",\"valueRequired\":true,\"valueName\":\"search_term_string\"}}],\"inLanguage\":\"de\"},{\"@type\":\"Organization\",\"@id\":\"https:\\\/\\\/ses-creative.com\\\/#organization\",\"name\":\"SES Creative\",\"url\":\"https:\\\/\\\/ses-creative.com\\\/\",\"logo\":{\"@type\":\"ImageObject\",\"inLanguage\":\"de\",\"@id\":\"https:\\\/\\\/ses-creative.com\\\/#\\\/schema\\\/logo\\\/image\\\/\",\"url\":\"https:\\\/\\\/ses-creative.com\\\/wp-content\\\/uploads\\\/2025\\\/10\\\/ses-creative-logo.jpg\",\"contentUrl\":\"https:\\\/\\\/ses-creative.com\\\/wp-content\\\/uploads\\\/2025\\\/10\\\/ses-creative-logo.jpg\",\"width\":2037,\"height\":2037,\"caption\":\"SES Creative\"},\"image\":{\"@id\":\"https:\\\/\\\/ses-creative.com\\\/#\\\/schema\\\/logo\\\/image\\\/\"}}]}<\/script>\n<!-- \/ Yoast SEO plugin. -->","yoast_head_json":{"title":"Vogelfutterstation - SES Creative","robots":{"index":"index","follow":"follow","max-snippet":"max-snippet:-1","max-image-preview":"max-image-preview:large","max-video-preview":"max-video-preview:-1"},"canonical":"https:\/\/ses-creative.com\/produkt\/vogelvoederstation\/","og_locale":"de_DE","og_type":"article","og_title":"Vogelfutterstation - SES Creative","og_description":"Baue dein eigenes Vogelh\u00e4uschen! Das ist cool! Jetzt kannst du deine eigene Futterstation aus Holz bauen und die V\u00f6gel in deinem Garten verw\u00f6hnen. Dieses Set enth\u00e4lt alle Holzteile, die du brauchst, um ein stabiles und sch\u00f6nes Vogelh\u00e4uschen zu bauen. H\u00e4nge es im Garten oder auf dem Balkon auf und genie\u00dfe es, wenn die V\u00f6gel kommen, [&hellip;]","og_url":"https:\/\/ses-creative.com\/produkt\/vogelvoederstation\/","og_site_name":"SES Creative","article_modified_time":"2026-02-06T09:51:55+00:00","og_image":[{"width":1000,"height":1000,"url":"https:\/\/ses-creative.com\/wp-content\/uploads\/2026\/01\/251141-1.jpg","type":"image\/jpeg"}],"twitter_card":"summary_large_image","twitter_misc":{"Gesch\u00e4tzte Lesezeit":"1\u00a0Minute"},"schema":{"@context":"https:\/\/schema.org","@graph":[{"@type":"WebPage","@id":"https:\/\/ses-creative.com\/produkt\/vogelvoederstation\/","url":"https:\/\/ses-creative.com\/produkt\/vogelvoederstation\/","name":"Vogelfutterstation - SES Creative","isPartOf":{"@id":"https:\/\/ses-creative.com\/#website"},"primaryImageOfPage":{"@id":"https:\/\/ses-creative.com\/produkt\/vogelvoederstation\/#primaryimage"},"image":{"@id":"https:\/\/ses-creative.com\/produkt\/vogelvoederstation\/#primaryimage"},"thumbnailUrl":"https:\/\/ses-creative.com\/wp-content\/uploads\/2026\/01\/251141-1.jpg","datePublished":"2026-02-05T13:53:07+00:00","dateModified":"2026-02-06T09:51:55+00:00","breadcrumb":{"@id":"https:\/\/ses-creative.com\/produkt\/vogelvoederstation\/#breadcrumb"},"inLanguage":"de","potentialAction":[{"@type":"ReadAction","target":["https:\/\/ses-creative.com\/produkt\/vogelvoederstation\/"]}]},{"@type":"ImageObject","inLanguage":"de","@id":"https:\/\/ses-creative.com\/produkt\/vogelvoederstation\/#primaryimage","url":"https:\/\/ses-creative.com\/wp-content\/uploads\/2026\/01\/251141-1.jpg","contentUrl":"https:\/\/ses-creative.com\/wp-content\/uploads\/2026\/01\/251141-1.jpg","width":1000,"height":1000},{"@type":"BreadcrumbList","@id":"https:\/\/ses-creative.com\/produkt\/vogelvoederstation\/#breadcrumb","itemListElement":[{"@type":"ListItem","position":1,"name":"Shop","item":"https:\/\/ses-creative.com\/de\/shop\/"},{"@type":"ListItem","position":2,"name":"Ontdekken","item":"https:\/\/ses-creative.com\/product-categorie\/ontdekken\/"},{"@type":"ListItem","position":3,"name":"Vogelfutterstation"}]},{"@type":"WebSite","@id":"https:\/\/ses-creative.com\/#website","url":"https:\/\/ses-creative.com\/","name":"SES Creative","description":"","publisher":{"@id":"https:\/\/ses-creative.com\/#organization"},"potentialAction":[{"@type":"SearchAction","target":{"@type":"EntryPoint","urlTemplate":"https:\/\/ses-creative.com\/?s={search_term_string}"},"query-input":{"@type":"PropertyValueSpecification","valueRequired":true,"valueName":"search_term_string"}}],"inLanguage":"de"},{"@type":"Organization","@id":"https:\/\/ses-creative.com\/#organization","name":"SES Creative","url":"https:\/\/ses-creative.com\/","logo":{"@type":"ImageObject","inLanguage":"de","@id":"https:\/\/ses-creative.com\/#\/schema\/logo\/image\/","url":"https:\/\/ses-creative.com\/wp-content\/uploads\/2025\/10\/ses-creative-logo.jpg","contentUrl":"https:\/\/ses-creative.com\/wp-content\/uploads\/2025\/10\/ses-creative-logo.jpg","width":2037,"height":2037,"caption":"SES Creative"},"image":{"@id":"https:\/\/ses-creative.com\/#\/schema\/logo\/image\/"}}]}},"_links":{"self":[{"href":"https:\/\/ses-creative.com\/de\/wp-json\/wp\/v2\/product\/114881","targetHints":{"allow":["GET"]}}],"collection":[{"href":"https:\/\/ses-creative.com\/de\/wp-json\/wp\/v2\/product"}],"about":[{"href":"https:\/\/ses-creative.com\/de\/wp-json\/wp\/v2\/types\/product"}],"replies":[{"embeddable":true,"href":"https:\/\/ses-creative.com\/de\/wp-json\/wp\/v2\/comments?post=114881"}],"wp:featuredmedia":[{"embeddable":true,"href":"https:\/\/ses-creative.com\/de\/wp-json\/wp\/v2\/media\/107638"}],"wp:attachment":[{"href":"https:\/\/ses-creative.com\/de\/wp-json\/wp\/v2\/media?parent=114881"}],"wp:term":[{"taxonomy":"product_brand","embeddable":true,"href":"https:\/\/ses-creative.com\/de\/wp-json\/wp\/v2\/product_brand?post=114881"},{"taxonomy":"product_cat","embeddable":true,"href":"https:\/\/ses-creative.com\/de\/wp-json\/wp\/v2\/product_cat?post=114881"},{"taxonomy":"product_tag","embeddable":true,"href":"https:\/\/ses-creative.com\/de\/wp-json\/wp\/v2\/product_tag?post=114881"}],"curies":[{"name":"wp","href":"https:\/\/api.w.org\/{rel}","templated":true}]}}