











{"id":114877,"date":"2026-02-05T13:53:06","date_gmt":"2026-02-05T13:53:06","guid":{"rendered":"https:\/\/ses-creative.com\/?post_type=product&#038;p=114877"},"modified":"2026-02-06T09:51:54","modified_gmt":"2026-02-06T09:51:54","slug":"geoden-aufbrechen","status":"publish","type":"product","link":"https:\/\/ses-creative.com\/de\/produkt\/geoden-aufbrechen\/","title":{"rendered":"Geoden aufbrechen"},"content":{"rendered":"<p>Dieses SES Creative Set erm\u00f6glicht es Kindern, die verborgene Sch\u00f6nheit nat\u00fcrlicher Steine zu entdecken, indem sie echte Geoden aufbrechen. Es enth\u00e4lt 3 Steine zum Zerschlagen, einen Sicherheitssack und eine Anleitung. Die Aktivit\u00e4t besteht darin, eine Geode in den beiliegenden Beutel zu legen und sie mit einem haushalts\u00fcblichen Hammer (nicht enthalten) zu zerbrechen, wobei im Inneren einzigartige Kristalle sichtbar werden. Jeder Stein ist anders und bietet bei jedem Aufbrechen eine neue visuelle und taktile \u00dcberraschung. Dieses Spiel f\u00f6rdert das wissenschaftliche Interesse, die Beobachtungsgabe, die Feinmotorik und die Neugier auf die Natur. Hergestellt in Enschede, Niederlande, ist dieses Produkt 100 % CO\u2082-neutral und nach den Qualit\u00e4tsstandards von SES Creative entwickelt.<\/p>\n","protected":false},"excerpt":{"rendered":"<p>Dieses SES Creative Set erm\u00f6glicht es Kindern, die verborgene Sch\u00f6nheit nat\u00fcrlicher Steine zu entdecken, indem sie echte Geoden aufbrechen. Es enth\u00e4lt 3 Steine zum Zerschlagen, einen Sicherheitssack und eine Anleitung. Die Aktivit\u00e4t besteht darin, eine Geode in den beiliegenden Beutel zu legen und sie mit einem haushalts\u00fcblichen Hammer (nicht enthalten) zu zerbrechen, wobei im Inneren [&hellip;]<\/p>\n","protected":false},"featured_media":105956,"comment_status":"closed","ping_status":"closed","template":"","meta":{"_acf_changed":false},"product_brand":[],"product_cat":[121],"product_tag":[],"class_list":{"0":"post-114877","1":"product","2":"type-product","3":"status-publish","4":"has-post-thumbnail","6":"product_cat-entdecken","7":"pa_leeftijd-filter-6-jahre","8":"pa_meest-populair-bij-jungen-maedchen","10":"first","11":"instock","12":"shipping-taxable","13":"product-type-simple"},"acf":[],"yoast_head":"<!-- This site is optimized with the Yoast SEO plugin v27.4 - https:\/\/yoast.com\/product\/yoast-seo-wordpress\/ -->\n<title>Geoden aufbrechen - SES Creative<\/title>\n<meta name=\"robots\" content=\"index, follow, max-snippet:-1, max-image-preview:large, max-video-preview:-1\" \/>\n<link rel=\"canonical\" href=\"https:\/\/ses-creative.com\/de\/produkt\/geoden-aufbrechen\/\" \/>\n<meta property=\"og:locale\" content=\"de_DE\" \/>\n<meta property=\"og:type\" content=\"article\" \/>\n<meta property=\"og:title\" content=\"Geoden aufbrechen - SES Creative\" \/>\n<meta property=\"og:description\" content=\"Dieses SES Creative Set erm\u00f6glicht es Kindern, die verborgene Sch\u00f6nheit nat\u00fcrlicher Steine zu entdecken, indem sie echte Geoden aufbrechen. Es enth\u00e4lt 3 Steine zum Zerschlagen, einen Sicherheitssack und eine Anleitung. Die Aktivit\u00e4t besteht darin, eine Geode in den beiliegenden Beutel zu legen und sie mit einem haushalts\u00fcblichen Hammer (nicht enthalten) zu zerbrechen, wobei im Inneren [&hellip;]\" \/>\n<meta property=\"og:url\" content=\"https:\/\/ses-creative.com\/de\/produkt\/geoden-aufbrechen\/\" \/>\n<meta property=\"og:site_name\" content=\"SES Creative\" \/>\n<meta property=\"article:modified_time\" content=\"2026-02-06T09:51:54+00:00\" \/>\n<meta name=\"twitter:card\" content=\"summary_large_image\" \/>\n<meta name=\"twitter:label1\" content=\"Gesch\u00e4tzte Lesezeit\" \/>\n\t<meta name=\"twitter:data1\" content=\"1\u00a0Minute\" \/>\n<script type=\"application\/ld+json\" class=\"yoast-schema-graph\">{\"@context\":\"https:\\\/\\\/schema.org\",\"@graph\":[{\"@type\":\"WebPage\",\"@id\":\"https:\\\/\\\/ses-creative.com\\\/de\\\/produkt\\\/geoden-aufbrechen\\\/\",\"url\":\"https:\\\/\\\/ses-creative.com\\\/de\\\/produkt\\\/geoden-aufbrechen\\\/\",\"name\":\"Geoden aufbrechen - SES Creative\",\"isPartOf\":{\"@id\":\"https:\\\/\\\/ses-creative.com\\\/#website\"},\"primaryImageOfPage\":{\"@id\":\"https:\\\/\\\/ses-creative.com\\\/de\\\/produkt\\\/geoden-aufbrechen\\\/#primaryimage\"},\"image\":{\"@id\":\"https:\\\/\\\/ses-creative.com\\\/de\\\/produkt\\\/geoden-aufbrechen\\\/#primaryimage\"},\"thumbnailUrl\":\"https:\\\/\\\/ses-creative.com\\\/wp-content\\\/uploads\\\/2026\\\/01\\\/250791.jpg\",\"datePublished\":\"2026-02-05T13:53:06+00:00\",\"dateModified\":\"2026-02-06T09:51:54+00:00\",\"breadcrumb\":{\"@id\":\"https:\\\/\\\/ses-creative.com\\\/de\\\/produkt\\\/geoden-aufbrechen\\\/#breadcrumb\"},\"inLanguage\":\"de\",\"potentialAction\":[{\"@type\":\"ReadAction\",\"target\":[\"https:\\\/\\\/ses-creative.com\\\/de\\\/produkt\\\/geoden-aufbrechen\\\/\"]}]},{\"@type\":\"ImageObject\",\"inLanguage\":\"de\",\"@id\":\"https:\\\/\\\/ses-creative.com\\\/de\\\/produkt\\\/geoden-aufbrechen\\\/#primaryimage\",\"url\":\"https:\\\/\\\/ses-creative.com\\\/wp-content\\\/uploads\\\/2026\\\/01\\\/250791.jpg\",\"contentUrl\":\"https:\\\/\\\/ses-creative.com\\\/wp-content\\\/uploads\\\/2026\\\/01\\\/250791.jpg\",\"width\":1000,\"height\":1000},{\"@type\":\"BreadcrumbList\",\"@id\":\"https:\\\/\\\/ses-creative.com\\\/de\\\/produkt\\\/geoden-aufbrechen\\\/#breadcrumb\",\"itemListElement\":[{\"@type\":\"ListItem\",\"position\":1,\"name\":\"Shop\",\"item\":\"https:\\\/\\\/ses-creative.com\\\/de\\\/shop\\\/\"},{\"@type\":\"ListItem\",\"position\":2,\"name\":\"Entdecken\",\"item\":\"https:\\\/\\\/ses-creative.com\\\/de\\\/product-categorie\\\/entdecken\\\/\"},{\"@type\":\"ListItem\",\"position\":3,\"name\":\"Geoden aufbrechen\"}]},{\"@type\":\"WebSite\",\"@id\":\"https:\\\/\\\/ses-creative.com\\\/#website\",\"url\":\"https:\\\/\\\/ses-creative.com\\\/\",\"name\":\"SES Creative\",\"description\":\"\",\"publisher\":{\"@id\":\"https:\\\/\\\/ses-creative.com\\\/#organization\"},\"potentialAction\":[{\"@type\":\"SearchAction\",\"target\":{\"@type\":\"EntryPoint\",\"urlTemplate\":\"https:\\\/\\\/ses-creative.com\\\/?s={search_term_string}\"},\"query-input\":{\"@type\":\"PropertyValueSpecification\",\"valueRequired\":true,\"valueName\":\"search_term_string\"}}],\"inLanguage\":\"de\"},{\"@type\":\"Organization\",\"@id\":\"https:\\\/\\\/ses-creative.com\\\/#organization\",\"name\":\"SES Creative\",\"url\":\"https:\\\/\\\/ses-creative.com\\\/\",\"logo\":{\"@type\":\"ImageObject\",\"inLanguage\":\"de\",\"@id\":\"https:\\\/\\\/ses-creative.com\\\/#\\\/schema\\\/logo\\\/image\\\/\",\"url\":\"https:\\\/\\\/ses-creative.com\\\/wp-content\\\/uploads\\\/2025\\\/10\\\/ses-creative-logo.jpg\",\"contentUrl\":\"https:\\\/\\\/ses-creative.com\\\/wp-content\\\/uploads\\\/2025\\\/10\\\/ses-creative-logo.jpg\",\"width\":2037,\"height\":2037,\"caption\":\"SES Creative\"},\"image\":{\"@id\":\"https:\\\/\\\/ses-creative.com\\\/#\\\/schema\\\/logo\\\/image\\\/\"}}]}<\/script>\n<!-- \/ Yoast SEO plugin. -->","yoast_head_json":{"title":"Geoden aufbrechen - SES Creative","robots":{"index":"index","follow":"follow","max-snippet":"max-snippet:-1","max-image-preview":"max-image-preview:large","max-video-preview":"max-video-preview:-1"},"canonical":"https:\/\/ses-creative.com\/de\/produkt\/geoden-aufbrechen\/","og_locale":"de_DE","og_type":"article","og_title":"Geoden aufbrechen - SES Creative","og_description":"Dieses SES Creative Set erm\u00f6glicht es Kindern, die verborgene Sch\u00f6nheit nat\u00fcrlicher Steine zu entdecken, indem sie echte Geoden aufbrechen. Es enth\u00e4lt 3 Steine zum Zerschlagen, einen Sicherheitssack und eine Anleitung. Die Aktivit\u00e4t besteht darin, eine Geode in den beiliegenden Beutel zu legen und sie mit einem haushalts\u00fcblichen Hammer (nicht enthalten) zu zerbrechen, wobei im Inneren [&hellip;]","og_url":"https:\/\/ses-creative.com\/de\/produkt\/geoden-aufbrechen\/","og_site_name":"SES Creative","article_modified_time":"2026-02-06T09:51:54+00:00","twitter_card":"summary_large_image","twitter_misc":{"Gesch\u00e4tzte Lesezeit":"1\u00a0Minute"},"schema":{"@context":"https:\/\/schema.org","@graph":[{"@type":"WebPage","@id":"https:\/\/ses-creative.com\/de\/produkt\/geoden-aufbrechen\/","url":"https:\/\/ses-creative.com\/de\/produkt\/geoden-aufbrechen\/","name":"Geoden aufbrechen - SES Creative","isPartOf":{"@id":"https:\/\/ses-creative.com\/#website"},"primaryImageOfPage":{"@id":"https:\/\/ses-creative.com\/de\/produkt\/geoden-aufbrechen\/#primaryimage"},"image":{"@id":"https:\/\/ses-creative.com\/de\/produkt\/geoden-aufbrechen\/#primaryimage"},"thumbnailUrl":"https:\/\/ses-creative.com\/wp-content\/uploads\/2026\/01\/250791.jpg","datePublished":"2026-02-05T13:53:06+00:00","dateModified":"2026-02-06T09:51:54+00:00","breadcrumb":{"@id":"https:\/\/ses-creative.com\/de\/produkt\/geoden-aufbrechen\/#breadcrumb"},"inLanguage":"de","potentialAction":[{"@type":"ReadAction","target":["https:\/\/ses-creative.com\/de\/produkt\/geoden-aufbrechen\/"]}]},{"@type":"ImageObject","inLanguage":"de","@id":"https:\/\/ses-creative.com\/de\/produkt\/geoden-aufbrechen\/#primaryimage","url":"https:\/\/ses-creative.com\/wp-content\/uploads\/2026\/01\/250791.jpg","contentUrl":"https:\/\/ses-creative.com\/wp-content\/uploads\/2026\/01\/250791.jpg","width":1000,"height":1000},{"@type":"BreadcrumbList","@id":"https:\/\/ses-creative.com\/de\/produkt\/geoden-aufbrechen\/#breadcrumb","itemListElement":[{"@type":"ListItem","position":1,"name":"Shop","item":"https:\/\/ses-creative.com\/de\/shop\/"},{"@type":"ListItem","position":2,"name":"Entdecken","item":"https:\/\/ses-creative.com\/de\/product-categorie\/entdecken\/"},{"@type":"ListItem","position":3,"name":"Geoden aufbrechen"}]},{"@type":"WebSite","@id":"https:\/\/ses-creative.com\/#website","url":"https:\/\/ses-creative.com\/","name":"SES Creative","description":"","publisher":{"@id":"https:\/\/ses-creative.com\/#organization"},"potentialAction":[{"@type":"SearchAction","target":{"@type":"EntryPoint","urlTemplate":"https:\/\/ses-creative.com\/?s={search_term_string}"},"query-input":{"@type":"PropertyValueSpecification","valueRequired":true,"valueName":"search_term_string"}}],"inLanguage":"de"},{"@type":"Organization","@id":"https:\/\/ses-creative.com\/#organization","name":"SES Creative","url":"https:\/\/ses-creative.com\/","logo":{"@type":"ImageObject","inLanguage":"de","@id":"https:\/\/ses-creative.com\/#\/schema\/logo\/image\/","url":"https:\/\/ses-creative.com\/wp-content\/uploads\/2025\/10\/ses-creative-logo.jpg","contentUrl":"https:\/\/ses-creative.com\/wp-content\/uploads\/2025\/10\/ses-creative-logo.jpg","width":2037,"height":2037,"caption":"SES Creative"},"image":{"@id":"https:\/\/ses-creative.com\/#\/schema\/logo\/image\/"}}]}},"_links":{"self":[{"href":"https:\/\/ses-creative.com\/de\/wp-json\/wp\/v2\/product\/114877","targetHints":{"allow":["GET"]}}],"collection":[{"href":"https:\/\/ses-creative.com\/de\/wp-json\/wp\/v2\/product"}],"about":[{"href":"https:\/\/ses-creative.com\/de\/wp-json\/wp\/v2\/types\/product"}],"replies":[{"embeddable":true,"href":"https:\/\/ses-creative.com\/de\/wp-json\/wp\/v2\/comments?post=114877"}],"wp:featuredmedia":[{"embeddable":true,"href":"https:\/\/ses-creative.com\/de\/wp-json\/wp\/v2\/media\/105956"}],"wp:attachment":[{"href":"https:\/\/ses-creative.com\/de\/wp-json\/wp\/v2\/media?parent=114877"}],"wp:term":[{"taxonomy":"product_brand","embeddable":true,"href":"https:\/\/ses-creative.com\/de\/wp-json\/wp\/v2\/product_brand?post=114877"},{"taxonomy":"product_cat","embeddable":true,"href":"https:\/\/ses-creative.com\/de\/wp-json\/wp\/v2\/product_cat?post=114877"},{"taxonomy":"product_tag","embeddable":true,"href":"https:\/\/ses-creative.com\/de\/wp-json\/wp\/v2\/product_tag?post=114877"}],"curies":[{"name":"wp","href":"https:\/\/api.w.org\/{rel}","templated":true}]}}