











{"id":114875,"date":"2026-02-05T13:53:05","date_gmt":"2026-02-05T13:53:05","guid":{"rendered":"https:\/\/ses-creative.com\/?post_type=product&#038;p=114875"},"modified":"2026-02-06T09:51:53","modified_gmt":"2026-02-06T09:51:53","slug":"schluepfender-dino","status":"publish","type":"product","link":"https:\/\/ses-creative.com\/de\/produkt\/schluepfender-dino\/","title":{"rendered":"Schl\u00fcpfender Dino"},"content":{"rendered":"<p>Das Dinosaurier-Ei zum Wachsen von SES Creative bietet Kindern ab 4 Jahren ein faszinierendes Erlebnis. Nachdem das Ei in ein Wassergef\u00e4\u00df gelegt wurde, beobachten Kinder Tag f\u00fcr Tag den Schl\u00fcpfprozess. Das Ei beginnt zu rei\u00dfen und gibt nach und nach einen \u00dcberraschungs-Dino preis \u2013 einer von zehn m\u00f6glichen Figuren zum Sammeln. Dieses lehrreiche Spielzeug f\u00f6rdert Beobachtung, Geduld und das Verst\u00e4ndnis nat\u00fcrlicher Ph\u00e4nomene. Die Erfahrung weckt wissenschaftliche Neugier und trainiert die Feinmotorik, da Kinder aktiv mit dem Produkt interagieren. Gefertigt in den Niederlanden, ist es dermatologisch getestet, hypoallergen, waschbar und vollst\u00e4ndig CO\u2082-neutral. Seit 1972 setzt SES Creative auf h\u00f6chste Standards in Qualit\u00e4t, Sicherheit und Umweltverantwortung. Ein ideales Spielzeug, um Kinder spielerisch an Naturwissenschaften heranzuf\u00fchren, ihnen das Beobachten von Abl\u00e4ufen zu vermitteln und das Zeitverst\u00e4ndnis zu st\u00e4rken. Das bunte, kinderfreundliche Verpackungsdesign macht es zudem zu einer originellen Geschenkidee mit echtem Mehrwert.<\/p>\n","protected":false},"excerpt":{"rendered":"<p>Das Dinosaurier-Ei zum Wachsen von SES Creative bietet Kindern ab 4 Jahren ein faszinierendes Erlebnis. Nachdem das Ei in ein Wassergef\u00e4\u00df gelegt wurde, beobachten Kinder Tag f\u00fcr Tag den Schl\u00fcpfprozess. Das Ei beginnt zu rei\u00dfen und gibt nach und nach einen \u00dcberraschungs-Dino preis \u2013 einer von zehn m\u00f6glichen Figuren zum Sammeln. Dieses lehrreiche Spielzeug f\u00f6rdert [&hellip;]<\/p>\n","protected":false},"featured_media":105916,"comment_status":"closed","ping_status":"closed","template":"","meta":{"_acf_changed":false},"product_brand":[],"product_cat":[121],"product_tag":[],"class_list":{"0":"post-114875","1":"product","2":"type-product","3":"status-publish","4":"has-post-thumbnail","6":"product_cat-entdecken","7":"pa_leeftijd-filter-4-6-jahre","8":"pa_meest-populair-bij-jungen-maedchen","10":"first","11":"instock","12":"shipping-taxable","13":"product-type-simple"},"acf":[],"yoast_head":"<!-- This site is optimized with the Yoast SEO plugin v27.4 - https:\/\/yoast.com\/product\/yoast-seo-wordpress\/ -->\n<title>Schl\u00fcpfender Dino - SES Creative<\/title>\n<meta name=\"robots\" content=\"index, follow, max-snippet:-1, max-image-preview:large, max-video-preview:-1\" \/>\n<link rel=\"canonical\" href=\"https:\/\/ses-creative.com\/de\/produkt\/schluepfender-dino\/\" \/>\n<meta property=\"og:locale\" content=\"de_DE\" \/>\n<meta property=\"og:type\" content=\"article\" \/>\n<meta property=\"og:title\" content=\"Schl\u00fcpfender Dino - SES Creative\" \/>\n<meta property=\"og:description\" content=\"Das Dinosaurier-Ei zum Wachsen von SES Creative bietet Kindern ab 4 Jahren ein faszinierendes Erlebnis. Nachdem das Ei in ein Wassergef\u00e4\u00df gelegt wurde, beobachten Kinder Tag f\u00fcr Tag den Schl\u00fcpfprozess. Das Ei beginnt zu rei\u00dfen und gibt nach und nach einen \u00dcberraschungs-Dino preis \u2013 einer von zehn m\u00f6glichen Figuren zum Sammeln. Dieses lehrreiche Spielzeug f\u00f6rdert [&hellip;]\" \/>\n<meta property=\"og:url\" content=\"https:\/\/ses-creative.com\/de\/produkt\/schluepfender-dino\/\" \/>\n<meta property=\"og:site_name\" content=\"SES Creative\" \/>\n<meta property=\"article:modified_time\" content=\"2026-02-06T09:51:53+00:00\" \/>\n<meta name=\"twitter:card\" content=\"summary_large_image\" \/>\n<meta name=\"twitter:label1\" content=\"Gesch\u00e4tzte Lesezeit\" \/>\n\t<meta name=\"twitter:data1\" content=\"1\u00a0Minute\" \/>\n<script type=\"application\/ld+json\" class=\"yoast-schema-graph\">{\"@context\":\"https:\\\/\\\/schema.org\",\"@graph\":[{\"@type\":\"WebPage\",\"@id\":\"https:\\\/\\\/ses-creative.com\\\/de\\\/produkt\\\/schluepfender-dino\\\/\",\"url\":\"https:\\\/\\\/ses-creative.com\\\/de\\\/produkt\\\/schluepfender-dino\\\/\",\"name\":\"Schl\u00fcpfender Dino - SES Creative\",\"isPartOf\":{\"@id\":\"https:\\\/\\\/ses-creative.com\\\/#website\"},\"primaryImageOfPage\":{\"@id\":\"https:\\\/\\\/ses-creative.com\\\/de\\\/produkt\\\/schluepfender-dino\\\/#primaryimage\"},\"image\":{\"@id\":\"https:\\\/\\\/ses-creative.com\\\/de\\\/produkt\\\/schluepfender-dino\\\/#primaryimage\"},\"thumbnailUrl\":\"https:\\\/\\\/ses-creative.com\\\/wp-content\\\/uploads\\\/2026\\\/01\\\/250631.jpg\",\"datePublished\":\"2026-02-05T13:53:05+00:00\",\"dateModified\":\"2026-02-06T09:51:53+00:00\",\"breadcrumb\":{\"@id\":\"https:\\\/\\\/ses-creative.com\\\/de\\\/produkt\\\/schluepfender-dino\\\/#breadcrumb\"},\"inLanguage\":\"de\",\"potentialAction\":[{\"@type\":\"ReadAction\",\"target\":[\"https:\\\/\\\/ses-creative.com\\\/de\\\/produkt\\\/schluepfender-dino\\\/\"]}]},{\"@type\":\"ImageObject\",\"inLanguage\":\"de\",\"@id\":\"https:\\\/\\\/ses-creative.com\\\/de\\\/produkt\\\/schluepfender-dino\\\/#primaryimage\",\"url\":\"https:\\\/\\\/ses-creative.com\\\/wp-content\\\/uploads\\\/2026\\\/01\\\/250631.jpg\",\"contentUrl\":\"https:\\\/\\\/ses-creative.com\\\/wp-content\\\/uploads\\\/2026\\\/01\\\/250631.jpg\",\"width\":1000,\"height\":1000},{\"@type\":\"BreadcrumbList\",\"@id\":\"https:\\\/\\\/ses-creative.com\\\/de\\\/produkt\\\/schluepfender-dino\\\/#breadcrumb\",\"itemListElement\":[{\"@type\":\"ListItem\",\"position\":1,\"name\":\"Shop\",\"item\":\"https:\\\/\\\/ses-creative.com\\\/de\\\/shop\\\/\"},{\"@type\":\"ListItem\",\"position\":2,\"name\":\"Entdecken\",\"item\":\"https:\\\/\\\/ses-creative.com\\\/de\\\/product-categorie\\\/entdecken\\\/\"},{\"@type\":\"ListItem\",\"position\":3,\"name\":\"Schl\u00fcpfender Dino\"}]},{\"@type\":\"WebSite\",\"@id\":\"https:\\\/\\\/ses-creative.com\\\/#website\",\"url\":\"https:\\\/\\\/ses-creative.com\\\/\",\"name\":\"SES Creative\",\"description\":\"\",\"publisher\":{\"@id\":\"https:\\\/\\\/ses-creative.com\\\/#organization\"},\"potentialAction\":[{\"@type\":\"SearchAction\",\"target\":{\"@type\":\"EntryPoint\",\"urlTemplate\":\"https:\\\/\\\/ses-creative.com\\\/?s={search_term_string}\"},\"query-input\":{\"@type\":\"PropertyValueSpecification\",\"valueRequired\":true,\"valueName\":\"search_term_string\"}}],\"inLanguage\":\"de\"},{\"@type\":\"Organization\",\"@id\":\"https:\\\/\\\/ses-creative.com\\\/#organization\",\"name\":\"SES Creative\",\"url\":\"https:\\\/\\\/ses-creative.com\\\/\",\"logo\":{\"@type\":\"ImageObject\",\"inLanguage\":\"de\",\"@id\":\"https:\\\/\\\/ses-creative.com\\\/#\\\/schema\\\/logo\\\/image\\\/\",\"url\":\"https:\\\/\\\/ses-creative.com\\\/wp-content\\\/uploads\\\/2025\\\/10\\\/ses-creative-logo.jpg\",\"contentUrl\":\"https:\\\/\\\/ses-creative.com\\\/wp-content\\\/uploads\\\/2025\\\/10\\\/ses-creative-logo.jpg\",\"width\":2037,\"height\":2037,\"caption\":\"SES Creative\"},\"image\":{\"@id\":\"https:\\\/\\\/ses-creative.com\\\/#\\\/schema\\\/logo\\\/image\\\/\"}}]}<\/script>\n<!-- \/ Yoast SEO plugin. -->","yoast_head_json":{"title":"Schl\u00fcpfender Dino - SES Creative","robots":{"index":"index","follow":"follow","max-snippet":"max-snippet:-1","max-image-preview":"max-image-preview:large","max-video-preview":"max-video-preview:-1"},"canonical":"https:\/\/ses-creative.com\/de\/produkt\/schluepfender-dino\/","og_locale":"de_DE","og_type":"article","og_title":"Schl\u00fcpfender Dino - SES Creative","og_description":"Das Dinosaurier-Ei zum Wachsen von SES Creative bietet Kindern ab 4 Jahren ein faszinierendes Erlebnis. Nachdem das Ei in ein Wassergef\u00e4\u00df gelegt wurde, beobachten Kinder Tag f\u00fcr Tag den Schl\u00fcpfprozess. Das Ei beginnt zu rei\u00dfen und gibt nach und nach einen \u00dcberraschungs-Dino preis \u2013 einer von zehn m\u00f6glichen Figuren zum Sammeln. Dieses lehrreiche Spielzeug f\u00f6rdert [&hellip;]","og_url":"https:\/\/ses-creative.com\/de\/produkt\/schluepfender-dino\/","og_site_name":"SES Creative","article_modified_time":"2026-02-06T09:51:53+00:00","twitter_card":"summary_large_image","twitter_misc":{"Gesch\u00e4tzte Lesezeit":"1\u00a0Minute"},"schema":{"@context":"https:\/\/schema.org","@graph":[{"@type":"WebPage","@id":"https:\/\/ses-creative.com\/de\/produkt\/schluepfender-dino\/","url":"https:\/\/ses-creative.com\/de\/produkt\/schluepfender-dino\/","name":"Schl\u00fcpfender Dino - SES Creative","isPartOf":{"@id":"https:\/\/ses-creative.com\/#website"},"primaryImageOfPage":{"@id":"https:\/\/ses-creative.com\/de\/produkt\/schluepfender-dino\/#primaryimage"},"image":{"@id":"https:\/\/ses-creative.com\/de\/produkt\/schluepfender-dino\/#primaryimage"},"thumbnailUrl":"https:\/\/ses-creative.com\/wp-content\/uploads\/2026\/01\/250631.jpg","datePublished":"2026-02-05T13:53:05+00:00","dateModified":"2026-02-06T09:51:53+00:00","breadcrumb":{"@id":"https:\/\/ses-creative.com\/de\/produkt\/schluepfender-dino\/#breadcrumb"},"inLanguage":"de","potentialAction":[{"@type":"ReadAction","target":["https:\/\/ses-creative.com\/de\/produkt\/schluepfender-dino\/"]}]},{"@type":"ImageObject","inLanguage":"de","@id":"https:\/\/ses-creative.com\/de\/produkt\/schluepfender-dino\/#primaryimage","url":"https:\/\/ses-creative.com\/wp-content\/uploads\/2026\/01\/250631.jpg","contentUrl":"https:\/\/ses-creative.com\/wp-content\/uploads\/2026\/01\/250631.jpg","width":1000,"height":1000},{"@type":"BreadcrumbList","@id":"https:\/\/ses-creative.com\/de\/produkt\/schluepfender-dino\/#breadcrumb","itemListElement":[{"@type":"ListItem","position":1,"name":"Shop","item":"https:\/\/ses-creative.com\/de\/shop\/"},{"@type":"ListItem","position":2,"name":"Entdecken","item":"https:\/\/ses-creative.com\/de\/product-categorie\/entdecken\/"},{"@type":"ListItem","position":3,"name":"Schl\u00fcpfender Dino"}]},{"@type":"WebSite","@id":"https:\/\/ses-creative.com\/#website","url":"https:\/\/ses-creative.com\/","name":"SES Creative","description":"","publisher":{"@id":"https:\/\/ses-creative.com\/#organization"},"potentialAction":[{"@type":"SearchAction","target":{"@type":"EntryPoint","urlTemplate":"https:\/\/ses-creative.com\/?s={search_term_string}"},"query-input":{"@type":"PropertyValueSpecification","valueRequired":true,"valueName":"search_term_string"}}],"inLanguage":"de"},{"@type":"Organization","@id":"https:\/\/ses-creative.com\/#organization","name":"SES Creative","url":"https:\/\/ses-creative.com\/","logo":{"@type":"ImageObject","inLanguage":"de","@id":"https:\/\/ses-creative.com\/#\/schema\/logo\/image\/","url":"https:\/\/ses-creative.com\/wp-content\/uploads\/2025\/10\/ses-creative-logo.jpg","contentUrl":"https:\/\/ses-creative.com\/wp-content\/uploads\/2025\/10\/ses-creative-logo.jpg","width":2037,"height":2037,"caption":"SES Creative"},"image":{"@id":"https:\/\/ses-creative.com\/#\/schema\/logo\/image\/"}}]}},"_links":{"self":[{"href":"https:\/\/ses-creative.com\/de\/wp-json\/wp\/v2\/product\/114875","targetHints":{"allow":["GET"]}}],"collection":[{"href":"https:\/\/ses-creative.com\/de\/wp-json\/wp\/v2\/product"}],"about":[{"href":"https:\/\/ses-creative.com\/de\/wp-json\/wp\/v2\/types\/product"}],"replies":[{"embeddable":true,"href":"https:\/\/ses-creative.com\/de\/wp-json\/wp\/v2\/comments?post=114875"}],"wp:featuredmedia":[{"embeddable":true,"href":"https:\/\/ses-creative.com\/de\/wp-json\/wp\/v2\/media\/105916"}],"wp:attachment":[{"href":"https:\/\/ses-creative.com\/de\/wp-json\/wp\/v2\/media?parent=114875"}],"wp:term":[{"taxonomy":"product_brand","embeddable":true,"href":"https:\/\/ses-creative.com\/de\/wp-json\/wp\/v2\/product_brand?post=114875"},{"taxonomy":"product_cat","embeddable":true,"href":"https:\/\/ses-creative.com\/de\/wp-json\/wp\/v2\/product_cat?post=114875"},{"taxonomy":"product_tag","embeddable":true,"href":"https:\/\/ses-creative.com\/de\/wp-json\/wp\/v2\/product_tag?post=114875"}],"curies":[{"name":"wp","href":"https:\/\/api.w.org\/{rel}","templated":true}]}}