











{"id":114872,"date":"2026-02-05T13:53:05","date_gmt":"2026-02-05T13:53:05","guid":{"rendered":"https:\/\/ses-creative.com\/?post_type=product&#038;p=114872"},"modified":"2026-02-06T09:51:53","modified_gmt":"2026-02-06T09:51:53","slug":"eco-fingerfarbe-4-farben-x-110ml","status":"publish","type":"product","link":"https:\/\/ses-creative.com\/de\/produkt\/eco-fingerfarbe-4-farben-x-110ml\/","title":{"rendered":"Eco Fingerfarbe 4 Farben x 110ml"},"content":{"rendered":"<p>Die SES Creative Fingerfarben sind besonders geeignet f\u00fcr Kinder ab 2 Jahren. Mit 4 leuchtenden Farben k\u00f6nnen Kleinkinder ihre ersten Kunstwerke gestalten. Die Farben sind hypoallergen, glutenfrei und auswaschbar. Dank der weichen Textur lassen sie sich gut verteilen \u2013 besonders geeignet f\u00fcr kleine Kinderh\u00e4nde. Das Malen f\u00f6rdert Kreativit\u00e4t, Feinmotorik und sensorische Entwicklung. Hergestellt in den Niederlanden unter strengen Sicherheitsstandards, CO\u2082-neutral und umweltfreundlich verpackt. Ein sch\u00f6nes Kreativset Baby 2 Jahre f\u00fcr Zuhause oder Kindergarten \u2013 mit Spa\u00df, Sicherheit und Verantwortung.<\/p>\n","protected":false},"excerpt":{"rendered":"<p>Die SES Creative Fingerfarben sind besonders geeignet f\u00fcr Kinder ab 2 Jahren. Mit 4 leuchtenden Farben k\u00f6nnen Kleinkinder ihre ersten Kunstwerke gestalten. Die Farben sind hypoallergen, glutenfrei und auswaschbar. Dank der weichen Textur lassen sie sich gut verteilen \u2013 besonders geeignet f\u00fcr kleine Kinderh\u00e4nde. Das Malen f\u00f6rdert Kreativit\u00e4t, Feinmotorik und sensorische Entwicklung. Hergestellt in den [&hellip;]<\/p>\n","protected":false},"featured_media":105856,"comment_status":"closed","ping_status":"closed","template":"","meta":{"_acf_changed":false},"product_brand":[],"product_cat":[115],"product_tag":[],"class_list":{"0":"post-114872","1":"product","2":"type-product","3":"status-publish","4":"has-post-thumbnail","6":"product_cat-basteln","7":"pa_leeftijd-filter-0-2-jahre","8":"pa_meest-populair-bij-jungen-maedchen","10":"first","11":"instock","12":"shipping-taxable","13":"product-type-simple"},"acf":[],"yoast_head":"<!-- This site is optimized with the Yoast SEO plugin v27.2 - https:\/\/yoast.com\/product\/yoast-seo-wordpress\/ -->\n<title>Eco Fingerfarbe 4 Farben x 110ml - SES Creative<\/title>\n<meta name=\"robots\" content=\"index, follow, max-snippet:-1, max-image-preview:large, max-video-preview:-1\" \/>\n<link rel=\"canonical\" href=\"https:\/\/ses-creative.com\/de\/produkt\/eco-fingerfarbe-4-farben-x-110ml\/\" \/>\n<meta property=\"og:locale\" content=\"de_DE\" \/>\n<meta property=\"og:type\" content=\"article\" \/>\n<meta property=\"og:title\" content=\"Eco Fingerfarbe 4 Farben x 110ml - SES Creative\" \/>\n<meta property=\"og:description\" content=\"Die SES Creative Fingerfarben sind besonders geeignet f\u00fcr Kinder ab 2 Jahren. Mit 4 leuchtenden Farben k\u00f6nnen Kleinkinder ihre ersten Kunstwerke gestalten. Die Farben sind hypoallergen, glutenfrei und auswaschbar. Dank der weichen Textur lassen sie sich gut verteilen \u2013 besonders geeignet f\u00fcr kleine Kinderh\u00e4nde. Das Malen f\u00f6rdert Kreativit\u00e4t, Feinmotorik und sensorische Entwicklung. Hergestellt in den [&hellip;]\" \/>\n<meta property=\"og:url\" content=\"https:\/\/ses-creative.com\/de\/produkt\/eco-fingerfarbe-4-farben-x-110ml\/\" \/>\n<meta property=\"og:site_name\" content=\"SES Creative\" \/>\n<meta property=\"article:modified_time\" content=\"2026-02-06T09:51:53+00:00\" \/>\n<meta name=\"twitter:card\" content=\"summary_large_image\" \/>\n<script type=\"application\/ld+json\" class=\"yoast-schema-graph\">{\"@context\":\"https:\/\/schema.org\",\"@graph\":[{\"@type\":\"WebPage\",\"@id\":\"https:\/\/ses-creative.com\/de\/produkt\/eco-fingerfarbe-4-farben-x-110ml\/\",\"url\":\"https:\/\/ses-creative.com\/de\/produkt\/eco-fingerfarbe-4-farben-x-110ml\/\",\"name\":\"Eco Fingerfarbe 4 Farben x 110ml - SES Creative\",\"isPartOf\":{\"@id\":\"https:\/\/ses-creative.com\/#website\"},\"primaryImageOfPage\":{\"@id\":\"https:\/\/ses-creative.com\/de\/produkt\/eco-fingerfarbe-4-farben-x-110ml\/#primaryimage\"},\"image\":{\"@id\":\"https:\/\/ses-creative.com\/de\/produkt\/eco-fingerfarbe-4-farben-x-110ml\/#primaryimage\"},\"thumbnailUrl\":\"https:\/\/ses-creative.com\/wp-content\/uploads\/2026\/01\/249261.jpg\",\"datePublished\":\"2026-02-05T13:53:05+00:00\",\"dateModified\":\"2026-02-06T09:51:53+00:00\",\"breadcrumb\":{\"@id\":\"https:\/\/ses-creative.com\/de\/produkt\/eco-fingerfarbe-4-farben-x-110ml\/#breadcrumb\"},\"inLanguage\":\"de\",\"potentialAction\":[{\"@type\":\"ReadAction\",\"target\":[\"https:\/\/ses-creative.com\/de\/produkt\/eco-fingerfarbe-4-farben-x-110ml\/\"]}]},{\"@type\":\"ImageObject\",\"inLanguage\":\"de\",\"@id\":\"https:\/\/ses-creative.com\/de\/produkt\/eco-fingerfarbe-4-farben-x-110ml\/#primaryimage\",\"url\":\"https:\/\/ses-creative.com\/wp-content\/uploads\/2026\/01\/249261.jpg\",\"contentUrl\":\"https:\/\/ses-creative.com\/wp-content\/uploads\/2026\/01\/249261.jpg\",\"width\":1000,\"height\":1000},{\"@type\":\"BreadcrumbList\",\"@id\":\"https:\/\/ses-creative.com\/de\/produkt\/eco-fingerfarbe-4-farben-x-110ml\/#breadcrumb\",\"itemListElement\":[{\"@type\":\"ListItem\",\"position\":1,\"name\":\"Shop\",\"item\":\"https:\/\/ses-creative.com\/de\/shop\/\"},{\"@type\":\"ListItem\",\"position\":2,\"name\":\"Basteln\",\"item\":\"https:\/\/ses-creative.com\/de\/product-categorie\/basteln\/\"},{\"@type\":\"ListItem\",\"position\":3,\"name\":\"Eco Fingerfarbe 4 Farben x 110ml\"}]},{\"@type\":\"WebSite\",\"@id\":\"https:\/\/ses-creative.com\/#website\",\"url\":\"https:\/\/ses-creative.com\/\",\"name\":\"SES Creative\",\"description\":\"\",\"publisher\":{\"@id\":\"https:\/\/ses-creative.com\/#organization\"},\"potentialAction\":[{\"@type\":\"SearchAction\",\"target\":{\"@type\":\"EntryPoint\",\"urlTemplate\":\"https:\/\/ses-creative.com\/?s={search_term_string}\"},\"query-input\":{\"@type\":\"PropertyValueSpecification\",\"valueRequired\":true,\"valueName\":\"search_term_string\"}}],\"inLanguage\":\"de\"},{\"@type\":\"Organization\",\"@id\":\"https:\/\/ses-creative.com\/#organization\",\"name\":\"SES Creative\",\"url\":\"https:\/\/ses-creative.com\/\",\"logo\":{\"@type\":\"ImageObject\",\"inLanguage\":\"de\",\"@id\":\"https:\/\/ses-creative.com\/#\/schema\/logo\/image\/\",\"url\":\"https:\/\/ses-creative.com\/wp-content\/uploads\/2025\/10\/ses-creative-logo.jpg\",\"contentUrl\":\"https:\/\/ses-creative.com\/wp-content\/uploads\/2025\/10\/ses-creative-logo.jpg\",\"width\":2037,\"height\":2037,\"caption\":\"SES Creative\"},\"image\":{\"@id\":\"https:\/\/ses-creative.com\/#\/schema\/logo\/image\/\"}}]}<\/script>\n<!-- \/ Yoast SEO plugin. -->","yoast_head_json":{"title":"Eco Fingerfarbe 4 Farben x 110ml - SES Creative","robots":{"index":"index","follow":"follow","max-snippet":"max-snippet:-1","max-image-preview":"max-image-preview:large","max-video-preview":"max-video-preview:-1"},"canonical":"https:\/\/ses-creative.com\/de\/produkt\/eco-fingerfarbe-4-farben-x-110ml\/","og_locale":"de_DE","og_type":"article","og_title":"Eco Fingerfarbe 4 Farben x 110ml - SES Creative","og_description":"Die SES Creative Fingerfarben sind besonders geeignet f\u00fcr Kinder ab 2 Jahren. Mit 4 leuchtenden Farben k\u00f6nnen Kleinkinder ihre ersten Kunstwerke gestalten. Die Farben sind hypoallergen, glutenfrei und auswaschbar. Dank der weichen Textur lassen sie sich gut verteilen \u2013 besonders geeignet f\u00fcr kleine Kinderh\u00e4nde. Das Malen f\u00f6rdert Kreativit\u00e4t, Feinmotorik und sensorische Entwicklung. Hergestellt in den [&hellip;]","og_url":"https:\/\/ses-creative.com\/de\/produkt\/eco-fingerfarbe-4-farben-x-110ml\/","og_site_name":"SES Creative","article_modified_time":"2026-02-06T09:51:53+00:00","twitter_card":"summary_large_image","schema":{"@context":"https:\/\/schema.org","@graph":[{"@type":"WebPage","@id":"https:\/\/ses-creative.com\/de\/produkt\/eco-fingerfarbe-4-farben-x-110ml\/","url":"https:\/\/ses-creative.com\/de\/produkt\/eco-fingerfarbe-4-farben-x-110ml\/","name":"Eco Fingerfarbe 4 Farben x 110ml - SES Creative","isPartOf":{"@id":"https:\/\/ses-creative.com\/#website"},"primaryImageOfPage":{"@id":"https:\/\/ses-creative.com\/de\/produkt\/eco-fingerfarbe-4-farben-x-110ml\/#primaryimage"},"image":{"@id":"https:\/\/ses-creative.com\/de\/produkt\/eco-fingerfarbe-4-farben-x-110ml\/#primaryimage"},"thumbnailUrl":"https:\/\/ses-creative.com\/wp-content\/uploads\/2026\/01\/249261.jpg","datePublished":"2026-02-05T13:53:05+00:00","dateModified":"2026-02-06T09:51:53+00:00","breadcrumb":{"@id":"https:\/\/ses-creative.com\/de\/produkt\/eco-fingerfarbe-4-farben-x-110ml\/#breadcrumb"},"inLanguage":"de","potentialAction":[{"@type":"ReadAction","target":["https:\/\/ses-creative.com\/de\/produkt\/eco-fingerfarbe-4-farben-x-110ml\/"]}]},{"@type":"ImageObject","inLanguage":"de","@id":"https:\/\/ses-creative.com\/de\/produkt\/eco-fingerfarbe-4-farben-x-110ml\/#primaryimage","url":"https:\/\/ses-creative.com\/wp-content\/uploads\/2026\/01\/249261.jpg","contentUrl":"https:\/\/ses-creative.com\/wp-content\/uploads\/2026\/01\/249261.jpg","width":1000,"height":1000},{"@type":"BreadcrumbList","@id":"https:\/\/ses-creative.com\/de\/produkt\/eco-fingerfarbe-4-farben-x-110ml\/#breadcrumb","itemListElement":[{"@type":"ListItem","position":1,"name":"Shop","item":"https:\/\/ses-creative.com\/de\/shop\/"},{"@type":"ListItem","position":2,"name":"Basteln","item":"https:\/\/ses-creative.com\/de\/product-categorie\/basteln\/"},{"@type":"ListItem","position":3,"name":"Eco Fingerfarbe 4 Farben x 110ml"}]},{"@type":"WebSite","@id":"https:\/\/ses-creative.com\/#website","url":"https:\/\/ses-creative.com\/","name":"SES Creative","description":"","publisher":{"@id":"https:\/\/ses-creative.com\/#organization"},"potentialAction":[{"@type":"SearchAction","target":{"@type":"EntryPoint","urlTemplate":"https:\/\/ses-creative.com\/?s={search_term_string}"},"query-input":{"@type":"PropertyValueSpecification","valueRequired":true,"valueName":"search_term_string"}}],"inLanguage":"de"},{"@type":"Organization","@id":"https:\/\/ses-creative.com\/#organization","name":"SES Creative","url":"https:\/\/ses-creative.com\/","logo":{"@type":"ImageObject","inLanguage":"de","@id":"https:\/\/ses-creative.com\/#\/schema\/logo\/image\/","url":"https:\/\/ses-creative.com\/wp-content\/uploads\/2025\/10\/ses-creative-logo.jpg","contentUrl":"https:\/\/ses-creative.com\/wp-content\/uploads\/2025\/10\/ses-creative-logo.jpg","width":2037,"height":2037,"caption":"SES Creative"},"image":{"@id":"https:\/\/ses-creative.com\/#\/schema\/logo\/image\/"}}]}},"_links":{"self":[{"href":"https:\/\/ses-creative.com\/de\/wp-json\/wp\/v2\/product\/114872","targetHints":{"allow":["GET"]}}],"collection":[{"href":"https:\/\/ses-creative.com\/de\/wp-json\/wp\/v2\/product"}],"about":[{"href":"https:\/\/ses-creative.com\/de\/wp-json\/wp\/v2\/types\/product"}],"replies":[{"embeddable":true,"href":"https:\/\/ses-creative.com\/de\/wp-json\/wp\/v2\/comments?post=114872"}],"wp:featuredmedia":[{"embeddable":true,"href":"https:\/\/ses-creative.com\/de\/wp-json\/wp\/v2\/media\/105856"}],"wp:attachment":[{"href":"https:\/\/ses-creative.com\/de\/wp-json\/wp\/v2\/media?parent=114872"}],"wp:term":[{"taxonomy":"product_brand","embeddable":true,"href":"https:\/\/ses-creative.com\/de\/wp-json\/wp\/v2\/product_brand?post=114872"},{"taxonomy":"product_cat","embeddable":true,"href":"https:\/\/ses-creative.com\/de\/wp-json\/wp\/v2\/product_cat?post=114872"},{"taxonomy":"product_tag","embeddable":true,"href":"https:\/\/ses-creative.com\/de\/wp-json\/wp\/v2\/product_tag?post=114872"}],"curies":[{"name":"wp","href":"https:\/\/api.w.org\/{rel}","templated":true}]}}