











{"id":114869,"date":"2026-02-05T13:53:05","date_gmt":"2026-02-05T13:53:05","guid":{"rendered":"https:\/\/ses-creative.com\/?post_type=product&#038;p=114869"},"modified":"2026-02-06T09:51:53","modified_gmt":"2026-02-06T09:51:53","slug":"eco-knete-mega-set-7x90-gr-mit-werkzeug","status":"publish","type":"product","link":"https:\/\/ses-creative.com\/de\/produkt\/eco-knete-mega-set-7x90-gr-mit-werkzeug\/","title":{"rendered":"Eco Knete mega Set 7&#215;90 gr mit Werkzeug"},"content":{"rendered":"<p>Das SES Eco Dough Mega Set ist ein vollst\u00e4ndiges Knetset f\u00fcr Kinder ab 2 Jahren. Es enth\u00e4lt sieben farbige Knett\u00f6pfe (je 90\u202fg), eine Holzrolle und mehrere Bauernhof-Ausstecher aus recyceltem Kunststoff. Die Knete ist weich, formbar und trocknet beim Spielen nicht aus. Dank des hohen Salzgehalts wird versehentliches Schlucken verhindert. Hypoallergen, waschbar und angenehm zu handhaben \u2013 ideal f\u00fcr kleine Kinderh\u00e4nde. Das Set f\u00f6rdert Kreativit\u00e4t, Feinmotorik und sensorisches Erkunden. Verpackt in recyceltem Karton und hergestellt in den Niederlanden \u2013 ein \u00f6kologisches Spielzeug mit langer Lebensdauer.<\/p>\n","protected":false},"excerpt":{"rendered":"<p>Das SES Eco Dough Mega Set ist ein vollst\u00e4ndiges Knetset f\u00fcr Kinder ab 2 Jahren. Es enth\u00e4lt sieben farbige Knett\u00f6pfe (je 90\u202fg), eine Holzrolle und mehrere Bauernhof-Ausstecher aus recyceltem Kunststoff. Die Knete ist weich, formbar und trocknet beim Spielen nicht aus. Dank des hohen Salzgehalts wird versehentliches Schlucken verhindert. Hypoallergen, waschbar und angenehm zu handhaben [&hellip;]<\/p>\n","protected":false},"featured_media":107603,"comment_status":"closed","ping_status":"closed","template":"","meta":{"_acf_changed":false},"product_brand":[],"product_cat":[117],"product_tag":[],"class_list":{"0":"post-114869","1":"product","2":"type-product","3":"status-publish","4":"has-post-thumbnail","6":"product_cat-knete","7":"pa_leeftijd-filter-0-2-jahre","8":"pa_meest-populair-bij-jungen-maedchen","10":"first","11":"instock","12":"shipping-taxable","13":"product-type-simple"},"acf":[],"yoast_head":"<!-- This site is optimized with the Yoast SEO plugin v27.4 - https:\/\/yoast.com\/product\/yoast-seo-wordpress\/ -->\n<title>Eco Knete mega Set 7x90 gr mit Werkzeug - SES Creative<\/title>\n<meta name=\"robots\" content=\"index, follow, max-snippet:-1, max-image-preview:large, max-video-preview:-1\" \/>\n<link rel=\"canonical\" href=\"https:\/\/ses-creative.com\/de\/produkt\/eco-knete-mega-set-7x90-gr-mit-werkzeug\/\" \/>\n<meta property=\"og:locale\" content=\"de_DE\" \/>\n<meta property=\"og:type\" content=\"article\" \/>\n<meta property=\"og:title\" content=\"Eco Knete mega Set 7x90 gr mit Werkzeug - SES Creative\" \/>\n<meta property=\"og:description\" content=\"Das SES Eco Dough Mega Set ist ein vollst\u00e4ndiges Knetset f\u00fcr Kinder ab 2 Jahren. Es enth\u00e4lt sieben farbige Knett\u00f6pfe (je 90\u202fg), eine Holzrolle und mehrere Bauernhof-Ausstecher aus recyceltem Kunststoff. Die Knete ist weich, formbar und trocknet beim Spielen nicht aus. Dank des hohen Salzgehalts wird versehentliches Schlucken verhindert. Hypoallergen, waschbar und angenehm zu handhaben [&hellip;]\" \/>\n<meta property=\"og:url\" content=\"https:\/\/ses-creative.com\/de\/produkt\/eco-knete-mega-set-7x90-gr-mit-werkzeug\/\" \/>\n<meta property=\"og:site_name\" content=\"SES Creative\" \/>\n<meta property=\"article:modified_time\" content=\"2026-02-06T09:51:53+00:00\" \/>\n<meta name=\"twitter:card\" content=\"summary_large_image\" \/>\n<script type=\"application\/ld+json\" class=\"yoast-schema-graph\">{\"@context\":\"https:\\\/\\\/schema.org\",\"@graph\":[{\"@type\":\"WebPage\",\"@id\":\"https:\\\/\\\/ses-creative.com\\\/de\\\/produkt\\\/eco-knete-mega-set-7x90-gr-mit-werkzeug\\\/\",\"url\":\"https:\\\/\\\/ses-creative.com\\\/de\\\/produkt\\\/eco-knete-mega-set-7x90-gr-mit-werkzeug\\\/\",\"name\":\"Eco Knete mega Set 7x90 gr mit Werkzeug - SES Creative\",\"isPartOf\":{\"@id\":\"https:\\\/\\\/ses-creative.com\\\/#website\"},\"primaryImageOfPage\":{\"@id\":\"https:\\\/\\\/ses-creative.com\\\/de\\\/produkt\\\/eco-knete-mega-set-7x90-gr-mit-werkzeug\\\/#primaryimage\"},\"image\":{\"@id\":\"https:\\\/\\\/ses-creative.com\\\/de\\\/produkt\\\/eco-knete-mega-set-7x90-gr-mit-werkzeug\\\/#primaryimage\"},\"thumbnailUrl\":\"https:\\\/\\\/ses-creative.com\\\/wp-content\\\/uploads\\\/2026\\\/01\\\/249191-1.jpg\",\"datePublished\":\"2026-02-05T13:53:05+00:00\",\"dateModified\":\"2026-02-06T09:51:53+00:00\",\"breadcrumb\":{\"@id\":\"https:\\\/\\\/ses-creative.com\\\/de\\\/produkt\\\/eco-knete-mega-set-7x90-gr-mit-werkzeug\\\/#breadcrumb\"},\"inLanguage\":\"de\",\"potentialAction\":[{\"@type\":\"ReadAction\",\"target\":[\"https:\\\/\\\/ses-creative.com\\\/de\\\/produkt\\\/eco-knete-mega-set-7x90-gr-mit-werkzeug\\\/\"]}]},{\"@type\":\"ImageObject\",\"inLanguage\":\"de\",\"@id\":\"https:\\\/\\\/ses-creative.com\\\/de\\\/produkt\\\/eco-knete-mega-set-7x90-gr-mit-werkzeug\\\/#primaryimage\",\"url\":\"https:\\\/\\\/ses-creative.com\\\/wp-content\\\/uploads\\\/2026\\\/01\\\/249191-1.jpg\",\"contentUrl\":\"https:\\\/\\\/ses-creative.com\\\/wp-content\\\/uploads\\\/2026\\\/01\\\/249191-1.jpg\",\"width\":1000,\"height\":1000},{\"@type\":\"BreadcrumbList\",\"@id\":\"https:\\\/\\\/ses-creative.com\\\/de\\\/produkt\\\/eco-knete-mega-set-7x90-gr-mit-werkzeug\\\/#breadcrumb\",\"itemListElement\":[{\"@type\":\"ListItem\",\"position\":1,\"name\":\"Shop\",\"item\":\"https:\\\/\\\/ses-creative.com\\\/de\\\/shop\\\/\"},{\"@type\":\"ListItem\",\"position\":2,\"name\":\"Knete\",\"item\":\"https:\\\/\\\/ses-creative.com\\\/de\\\/product-categorie\\\/knete\\\/\"},{\"@type\":\"ListItem\",\"position\":3,\"name\":\"Eco Knete mega Set 7&#215;90 gr mit Werkzeug\"}]},{\"@type\":\"WebSite\",\"@id\":\"https:\\\/\\\/ses-creative.com\\\/#website\",\"url\":\"https:\\\/\\\/ses-creative.com\\\/\",\"name\":\"SES Creative\",\"description\":\"\",\"publisher\":{\"@id\":\"https:\\\/\\\/ses-creative.com\\\/#organization\"},\"potentialAction\":[{\"@type\":\"SearchAction\",\"target\":{\"@type\":\"EntryPoint\",\"urlTemplate\":\"https:\\\/\\\/ses-creative.com\\\/?s={search_term_string}\"},\"query-input\":{\"@type\":\"PropertyValueSpecification\",\"valueRequired\":true,\"valueName\":\"search_term_string\"}}],\"inLanguage\":\"de\"},{\"@type\":\"Organization\",\"@id\":\"https:\\\/\\\/ses-creative.com\\\/#organization\",\"name\":\"SES Creative\",\"url\":\"https:\\\/\\\/ses-creative.com\\\/\",\"logo\":{\"@type\":\"ImageObject\",\"inLanguage\":\"de\",\"@id\":\"https:\\\/\\\/ses-creative.com\\\/#\\\/schema\\\/logo\\\/image\\\/\",\"url\":\"https:\\\/\\\/ses-creative.com\\\/wp-content\\\/uploads\\\/2025\\\/10\\\/ses-creative-logo.jpg\",\"contentUrl\":\"https:\\\/\\\/ses-creative.com\\\/wp-content\\\/uploads\\\/2025\\\/10\\\/ses-creative-logo.jpg\",\"width\":2037,\"height\":2037,\"caption\":\"SES Creative\"},\"image\":{\"@id\":\"https:\\\/\\\/ses-creative.com\\\/#\\\/schema\\\/logo\\\/image\\\/\"}}]}<\/script>\n<!-- \/ Yoast SEO plugin. -->","yoast_head_json":{"title":"Eco Knete mega Set 7x90 gr mit Werkzeug - SES Creative","robots":{"index":"index","follow":"follow","max-snippet":"max-snippet:-1","max-image-preview":"max-image-preview:large","max-video-preview":"max-video-preview:-1"},"canonical":"https:\/\/ses-creative.com\/de\/produkt\/eco-knete-mega-set-7x90-gr-mit-werkzeug\/","og_locale":"de_DE","og_type":"article","og_title":"Eco Knete mega Set 7x90 gr mit Werkzeug - SES Creative","og_description":"Das SES Eco Dough Mega Set ist ein vollst\u00e4ndiges Knetset f\u00fcr Kinder ab 2 Jahren. Es enth\u00e4lt sieben farbige Knett\u00f6pfe (je 90\u202fg), eine Holzrolle und mehrere Bauernhof-Ausstecher aus recyceltem Kunststoff. Die Knete ist weich, formbar und trocknet beim Spielen nicht aus. Dank des hohen Salzgehalts wird versehentliches Schlucken verhindert. Hypoallergen, waschbar und angenehm zu handhaben [&hellip;]","og_url":"https:\/\/ses-creative.com\/de\/produkt\/eco-knete-mega-set-7x90-gr-mit-werkzeug\/","og_site_name":"SES Creative","article_modified_time":"2026-02-06T09:51:53+00:00","twitter_card":"summary_large_image","schema":{"@context":"https:\/\/schema.org","@graph":[{"@type":"WebPage","@id":"https:\/\/ses-creative.com\/de\/produkt\/eco-knete-mega-set-7x90-gr-mit-werkzeug\/","url":"https:\/\/ses-creative.com\/de\/produkt\/eco-knete-mega-set-7x90-gr-mit-werkzeug\/","name":"Eco Knete mega Set 7x90 gr mit Werkzeug - SES Creative","isPartOf":{"@id":"https:\/\/ses-creative.com\/#website"},"primaryImageOfPage":{"@id":"https:\/\/ses-creative.com\/de\/produkt\/eco-knete-mega-set-7x90-gr-mit-werkzeug\/#primaryimage"},"image":{"@id":"https:\/\/ses-creative.com\/de\/produkt\/eco-knete-mega-set-7x90-gr-mit-werkzeug\/#primaryimage"},"thumbnailUrl":"https:\/\/ses-creative.com\/wp-content\/uploads\/2026\/01\/249191-1.jpg","datePublished":"2026-02-05T13:53:05+00:00","dateModified":"2026-02-06T09:51:53+00:00","breadcrumb":{"@id":"https:\/\/ses-creative.com\/de\/produkt\/eco-knete-mega-set-7x90-gr-mit-werkzeug\/#breadcrumb"},"inLanguage":"de","potentialAction":[{"@type":"ReadAction","target":["https:\/\/ses-creative.com\/de\/produkt\/eco-knete-mega-set-7x90-gr-mit-werkzeug\/"]}]},{"@type":"ImageObject","inLanguage":"de","@id":"https:\/\/ses-creative.com\/de\/produkt\/eco-knete-mega-set-7x90-gr-mit-werkzeug\/#primaryimage","url":"https:\/\/ses-creative.com\/wp-content\/uploads\/2026\/01\/249191-1.jpg","contentUrl":"https:\/\/ses-creative.com\/wp-content\/uploads\/2026\/01\/249191-1.jpg","width":1000,"height":1000},{"@type":"BreadcrumbList","@id":"https:\/\/ses-creative.com\/de\/produkt\/eco-knete-mega-set-7x90-gr-mit-werkzeug\/#breadcrumb","itemListElement":[{"@type":"ListItem","position":1,"name":"Shop","item":"https:\/\/ses-creative.com\/de\/shop\/"},{"@type":"ListItem","position":2,"name":"Knete","item":"https:\/\/ses-creative.com\/de\/product-categorie\/knete\/"},{"@type":"ListItem","position":3,"name":"Eco Knete mega Set 7&#215;90 gr mit Werkzeug"}]},{"@type":"WebSite","@id":"https:\/\/ses-creative.com\/#website","url":"https:\/\/ses-creative.com\/","name":"SES Creative","description":"","publisher":{"@id":"https:\/\/ses-creative.com\/#organization"},"potentialAction":[{"@type":"SearchAction","target":{"@type":"EntryPoint","urlTemplate":"https:\/\/ses-creative.com\/?s={search_term_string}"},"query-input":{"@type":"PropertyValueSpecification","valueRequired":true,"valueName":"search_term_string"}}],"inLanguage":"de"},{"@type":"Organization","@id":"https:\/\/ses-creative.com\/#organization","name":"SES Creative","url":"https:\/\/ses-creative.com\/","logo":{"@type":"ImageObject","inLanguage":"de","@id":"https:\/\/ses-creative.com\/#\/schema\/logo\/image\/","url":"https:\/\/ses-creative.com\/wp-content\/uploads\/2025\/10\/ses-creative-logo.jpg","contentUrl":"https:\/\/ses-creative.com\/wp-content\/uploads\/2025\/10\/ses-creative-logo.jpg","width":2037,"height":2037,"caption":"SES Creative"},"image":{"@id":"https:\/\/ses-creative.com\/#\/schema\/logo\/image\/"}}]}},"_links":{"self":[{"href":"https:\/\/ses-creative.com\/de\/wp-json\/wp\/v2\/product\/114869","targetHints":{"allow":["GET"]}}],"collection":[{"href":"https:\/\/ses-creative.com\/de\/wp-json\/wp\/v2\/product"}],"about":[{"href":"https:\/\/ses-creative.com\/de\/wp-json\/wp\/v2\/types\/product"}],"replies":[{"embeddable":true,"href":"https:\/\/ses-creative.com\/de\/wp-json\/wp\/v2\/comments?post=114869"}],"wp:featuredmedia":[{"embeddable":true,"href":"https:\/\/ses-creative.com\/de\/wp-json\/wp\/v2\/media\/107603"}],"wp:attachment":[{"href":"https:\/\/ses-creative.com\/de\/wp-json\/wp\/v2\/media?parent=114869"}],"wp:term":[{"taxonomy":"product_brand","embeddable":true,"href":"https:\/\/ses-creative.com\/de\/wp-json\/wp\/v2\/product_brand?post=114869"},{"taxonomy":"product_cat","embeddable":true,"href":"https:\/\/ses-creative.com\/de\/wp-json\/wp\/v2\/product_cat?post=114869"},{"taxonomy":"product_tag","embeddable":true,"href":"https:\/\/ses-creative.com\/de\/wp-json\/wp\/v2\/product_tag?post=114869"}],"curies":[{"name":"wp","href":"https:\/\/api.w.org\/{rel}","templated":true}]}}