











{"id":114867,"date":"2026-02-05T13:53:05","date_gmt":"2026-02-05T13:53:05","guid":{"rendered":"https:\/\/ses-creative.com\/?post_type=product&#038;p=114867"},"modified":"2026-02-06T09:51:53","modified_gmt":"2026-02-06T09:51:53","slug":"eco-knete-4x90g","status":"publish","type":"product","link":"https:\/\/ses-creative.com\/de\/produkt\/eco-knete-4x90g\/","title":{"rendered":"Eco Knete 4x90g"},"content":{"rendered":"<p>Eco Knete \u2013 Grundfarben f\u00fcr nachhaltigen Spielspa\u00df!<\/p>\n<p>Kneten und gleichzeitig etwas Gutes f\u00fcr die Umwelt tun? Das geht mit dem Eco-Knete \u2013 Grundfarben-Set von SES Creative! Vier fr\u00f6hliche Farben in wiederverschlie\u00dfbaren Dosen, hergestellt aus nat\u00fcrlichen Inhaltsstoffen, sorgen f\u00fcr stundenlangen sicheren und kreativen Spielspa\u00df. Ideal f\u00fcr Kinder, die gerne malen, kneten und basteln.<\/p>\n<p>Was dieses Set so toll macht<\/p>\n<p>Hergestellt aus einem hohen Anteil nat\u00fcrlicher Rohstoffe<br \/>\nUmweltfreundliche, sichere und glutenfreie Knete<br \/>\nWiederverschlie\u00dfbare Dosen halten den Ton l\u00e4nger frisch<br \/>\nSuperweiche Knete \u2013 perfekt f\u00fcr kleine H\u00e4nde<br \/>\nGeeignet f\u00fcr Kinder ab 2 Jahren<\/p>\n<p>Lassen Sie Ihrer Kreativit\u00e4t mit Eco Knete freien Lauf<\/p>\n<p>Mit diesem fr\u00f6hlichen Basisset k\u00f6nnen Kinder jeden Tag aufs Neue ihrer Fantasie freien Lauf lassen. Eine Sonne, ein Tier, eine Blume \u2013 die M\u00f6glichkeiten sind endlos! Die weiche Struktur und die leuchtenden Farben machen das Kneten nicht nur zum Vergn\u00fcgen, sondern auch zu einer lehrreichen Erfahrung. Und dank der wiederverschlie\u00dfbaren D\u00f6schen bleibt der Ton lange haltbar.<\/p>\n<p>Inhalt des Sets<\/p>\n<p>4 T\u00f6pfe \u00d6ko-Knete in den Farben Rot, Gr\u00fcn, Blau und Gelb<\/p>\n<p>Warum SES Creative w\u00e4hlen?<\/p>\n<p>Bei SES Creative legen wir gro\u00dfen Wert auf Sicherheit. Deshalb werden die Produkte in unserem Werk in den Niederlanden nach den strengsten europ\u00e4ischen Sicherheitsnormen hergestellt und getestet. Spielzeug von SES Creative macht Spa\u00df und soll Kindern ein Gef\u00fchl des Stolzes auf ihre Arbeit vermitteln, was ihre Kreativit\u00e4t und Entwicklung f\u00f6rdert.<\/p>\n<p>Beginnen Sie noch heute mit nachhaltigem Spielspa\u00df!<\/p>\n<p>Mit Eco Knete von SES Creative macht das Modellieren noch mehr Spa\u00df. Kombinieren Sie Kreativit\u00e4t und Umweltbewusstsein in einem farbenfrohen Set \u2013 f\u00fcr endlosen, verantwortungsbewussten Bastelspa\u00df!<\/p>\n","protected":false},"excerpt":{"rendered":"<p>Eco Knete \u2013 Grundfarben f\u00fcr nachhaltigen Spielspa\u00df! Kneten und gleichzeitig etwas Gutes f\u00fcr die Umwelt tun? Das geht mit dem Eco-Knete \u2013 Grundfarben-Set von SES Creative! Vier fr\u00f6hliche Farben in wiederverschlie\u00dfbaren Dosen, hergestellt aus nat\u00fcrlichen Inhaltsstoffen, sorgen f\u00fcr stundenlangen sicheren und kreativen Spielspa\u00df. Ideal f\u00fcr Kinder, die gerne malen, kneten und basteln. Was dieses Set [&hellip;]<\/p>\n","protected":false},"featured_media":107598,"comment_status":"closed","ping_status":"closed","template":"","meta":{"_acf_changed":false},"product_brand":[],"product_cat":[117],"product_tag":[],"class_list":{"0":"post-114867","1":"product","2":"type-product","3":"status-publish","4":"has-post-thumbnail","6":"product_cat-knete","7":"pa_leeftijd-filter-0-2-jahre","8":"pa_meest-populair-bij-jungen-maedchen","10":"first","11":"instock","12":"shipping-taxable","13":"product-type-simple"},"acf":[],"yoast_head":"<!-- This site is optimized with the Yoast SEO plugin v27.4 - https:\/\/yoast.com\/product\/yoast-seo-wordpress\/ -->\n<title>Eco Knete 4x90g - SES Creative<\/title>\n<meta name=\"robots\" content=\"index, follow, max-snippet:-1, max-image-preview:large, max-video-preview:-1\" \/>\n<link rel=\"canonical\" href=\"https:\/\/ses-creative.com\/de\/produkt\/eco-knete-4x90g\/\" \/>\n<meta property=\"og:locale\" content=\"de_DE\" \/>\n<meta property=\"og:type\" content=\"article\" \/>\n<meta property=\"og:title\" content=\"Eco Knete 4x90g - SES Creative\" \/>\n<meta property=\"og:description\" content=\"Eco Knete \u2013 Grundfarben f\u00fcr nachhaltigen Spielspa\u00df! Kneten und gleichzeitig etwas Gutes f\u00fcr die Umwelt tun? Das geht mit dem Eco-Knete \u2013 Grundfarben-Set von SES Creative! Vier fr\u00f6hliche Farben in wiederverschlie\u00dfbaren Dosen, hergestellt aus nat\u00fcrlichen Inhaltsstoffen, sorgen f\u00fcr stundenlangen sicheren und kreativen Spielspa\u00df. Ideal f\u00fcr Kinder, die gerne malen, kneten und basteln. Was dieses Set [&hellip;]\" \/>\n<meta property=\"og:url\" content=\"https:\/\/ses-creative.com\/de\/produkt\/eco-knete-4x90g\/\" \/>\n<meta property=\"og:site_name\" content=\"SES Creative\" \/>\n<meta property=\"article:modified_time\" content=\"2026-02-06T09:51:53+00:00\" \/>\n<meta name=\"twitter:card\" content=\"summary_large_image\" \/>\n<meta name=\"twitter:label1\" content=\"Gesch\u00e4tzte Lesezeit\" \/>\n\t<meta name=\"twitter:data1\" content=\"1\u00a0Minute\" \/>\n<script type=\"application\/ld+json\" class=\"yoast-schema-graph\">{\"@context\":\"https:\\\/\\\/schema.org\",\"@graph\":[{\"@type\":\"WebPage\",\"@id\":\"https:\\\/\\\/ses-creative.com\\\/de\\\/produkt\\\/eco-knete-4x90g\\\/\",\"url\":\"https:\\\/\\\/ses-creative.com\\\/de\\\/produkt\\\/eco-knete-4x90g\\\/\",\"name\":\"Eco Knete 4x90g - SES Creative\",\"isPartOf\":{\"@id\":\"https:\\\/\\\/ses-creative.com\\\/#website\"},\"primaryImageOfPage\":{\"@id\":\"https:\\\/\\\/ses-creative.com\\\/de\\\/produkt\\\/eco-knete-4x90g\\\/#primaryimage\"},\"image\":{\"@id\":\"https:\\\/\\\/ses-creative.com\\\/de\\\/produkt\\\/eco-knete-4x90g\\\/#primaryimage\"},\"thumbnailUrl\":\"https:\\\/\\\/ses-creative.com\\\/wp-content\\\/uploads\\\/2026\\\/01\\\/249111-1.jpg\",\"datePublished\":\"2026-02-05T13:53:05+00:00\",\"dateModified\":\"2026-02-06T09:51:53+00:00\",\"breadcrumb\":{\"@id\":\"https:\\\/\\\/ses-creative.com\\\/de\\\/produkt\\\/eco-knete-4x90g\\\/#breadcrumb\"},\"inLanguage\":\"de\",\"potentialAction\":[{\"@type\":\"ReadAction\",\"target\":[\"https:\\\/\\\/ses-creative.com\\\/de\\\/produkt\\\/eco-knete-4x90g\\\/\"]}]},{\"@type\":\"ImageObject\",\"inLanguage\":\"de\",\"@id\":\"https:\\\/\\\/ses-creative.com\\\/de\\\/produkt\\\/eco-knete-4x90g\\\/#primaryimage\",\"url\":\"https:\\\/\\\/ses-creative.com\\\/wp-content\\\/uploads\\\/2026\\\/01\\\/249111-1.jpg\",\"contentUrl\":\"https:\\\/\\\/ses-creative.com\\\/wp-content\\\/uploads\\\/2026\\\/01\\\/249111-1.jpg\",\"width\":1000,\"height\":1000},{\"@type\":\"BreadcrumbList\",\"@id\":\"https:\\\/\\\/ses-creative.com\\\/de\\\/produkt\\\/eco-knete-4x90g\\\/#breadcrumb\",\"itemListElement\":[{\"@type\":\"ListItem\",\"position\":1,\"name\":\"Shop\",\"item\":\"https:\\\/\\\/ses-creative.com\\\/de\\\/shop\\\/\"},{\"@type\":\"ListItem\",\"position\":2,\"name\":\"Knete\",\"item\":\"https:\\\/\\\/ses-creative.com\\\/de\\\/product-categorie\\\/knete\\\/\"},{\"@type\":\"ListItem\",\"position\":3,\"name\":\"Eco Knete 4x90g\"}]},{\"@type\":\"WebSite\",\"@id\":\"https:\\\/\\\/ses-creative.com\\\/#website\",\"url\":\"https:\\\/\\\/ses-creative.com\\\/\",\"name\":\"SES Creative\",\"description\":\"\",\"publisher\":{\"@id\":\"https:\\\/\\\/ses-creative.com\\\/#organization\"},\"potentialAction\":[{\"@type\":\"SearchAction\",\"target\":{\"@type\":\"EntryPoint\",\"urlTemplate\":\"https:\\\/\\\/ses-creative.com\\\/?s={search_term_string}\"},\"query-input\":{\"@type\":\"PropertyValueSpecification\",\"valueRequired\":true,\"valueName\":\"search_term_string\"}}],\"inLanguage\":\"de\"},{\"@type\":\"Organization\",\"@id\":\"https:\\\/\\\/ses-creative.com\\\/#organization\",\"name\":\"SES Creative\",\"url\":\"https:\\\/\\\/ses-creative.com\\\/\",\"logo\":{\"@type\":\"ImageObject\",\"inLanguage\":\"de\",\"@id\":\"https:\\\/\\\/ses-creative.com\\\/#\\\/schema\\\/logo\\\/image\\\/\",\"url\":\"https:\\\/\\\/ses-creative.com\\\/wp-content\\\/uploads\\\/2025\\\/10\\\/ses-creative-logo.jpg\",\"contentUrl\":\"https:\\\/\\\/ses-creative.com\\\/wp-content\\\/uploads\\\/2025\\\/10\\\/ses-creative-logo.jpg\",\"width\":2037,\"height\":2037,\"caption\":\"SES Creative\"},\"image\":{\"@id\":\"https:\\\/\\\/ses-creative.com\\\/#\\\/schema\\\/logo\\\/image\\\/\"}}]}<\/script>\n<!-- \/ Yoast SEO plugin. -->","yoast_head_json":{"title":"Eco Knete 4x90g - SES Creative","robots":{"index":"index","follow":"follow","max-snippet":"max-snippet:-1","max-image-preview":"max-image-preview:large","max-video-preview":"max-video-preview:-1"},"canonical":"https:\/\/ses-creative.com\/de\/produkt\/eco-knete-4x90g\/","og_locale":"de_DE","og_type":"article","og_title":"Eco Knete 4x90g - SES Creative","og_description":"Eco Knete \u2013 Grundfarben f\u00fcr nachhaltigen Spielspa\u00df! Kneten und gleichzeitig etwas Gutes f\u00fcr die Umwelt tun? Das geht mit dem Eco-Knete \u2013 Grundfarben-Set von SES Creative! Vier fr\u00f6hliche Farben in wiederverschlie\u00dfbaren Dosen, hergestellt aus nat\u00fcrlichen Inhaltsstoffen, sorgen f\u00fcr stundenlangen sicheren und kreativen Spielspa\u00df. Ideal f\u00fcr Kinder, die gerne malen, kneten und basteln. Was dieses Set [&hellip;]","og_url":"https:\/\/ses-creative.com\/de\/produkt\/eco-knete-4x90g\/","og_site_name":"SES Creative","article_modified_time":"2026-02-06T09:51:53+00:00","twitter_card":"summary_large_image","twitter_misc":{"Gesch\u00e4tzte Lesezeit":"1\u00a0Minute"},"schema":{"@context":"https:\/\/schema.org","@graph":[{"@type":"WebPage","@id":"https:\/\/ses-creative.com\/de\/produkt\/eco-knete-4x90g\/","url":"https:\/\/ses-creative.com\/de\/produkt\/eco-knete-4x90g\/","name":"Eco Knete 4x90g - SES Creative","isPartOf":{"@id":"https:\/\/ses-creative.com\/#website"},"primaryImageOfPage":{"@id":"https:\/\/ses-creative.com\/de\/produkt\/eco-knete-4x90g\/#primaryimage"},"image":{"@id":"https:\/\/ses-creative.com\/de\/produkt\/eco-knete-4x90g\/#primaryimage"},"thumbnailUrl":"https:\/\/ses-creative.com\/wp-content\/uploads\/2026\/01\/249111-1.jpg","datePublished":"2026-02-05T13:53:05+00:00","dateModified":"2026-02-06T09:51:53+00:00","breadcrumb":{"@id":"https:\/\/ses-creative.com\/de\/produkt\/eco-knete-4x90g\/#breadcrumb"},"inLanguage":"de","potentialAction":[{"@type":"ReadAction","target":["https:\/\/ses-creative.com\/de\/produkt\/eco-knete-4x90g\/"]}]},{"@type":"ImageObject","inLanguage":"de","@id":"https:\/\/ses-creative.com\/de\/produkt\/eco-knete-4x90g\/#primaryimage","url":"https:\/\/ses-creative.com\/wp-content\/uploads\/2026\/01\/249111-1.jpg","contentUrl":"https:\/\/ses-creative.com\/wp-content\/uploads\/2026\/01\/249111-1.jpg","width":1000,"height":1000},{"@type":"BreadcrumbList","@id":"https:\/\/ses-creative.com\/de\/produkt\/eco-knete-4x90g\/#breadcrumb","itemListElement":[{"@type":"ListItem","position":1,"name":"Shop","item":"https:\/\/ses-creative.com\/de\/shop\/"},{"@type":"ListItem","position":2,"name":"Knete","item":"https:\/\/ses-creative.com\/de\/product-categorie\/knete\/"},{"@type":"ListItem","position":3,"name":"Eco Knete 4x90g"}]},{"@type":"WebSite","@id":"https:\/\/ses-creative.com\/#website","url":"https:\/\/ses-creative.com\/","name":"SES Creative","description":"","publisher":{"@id":"https:\/\/ses-creative.com\/#organization"},"potentialAction":[{"@type":"SearchAction","target":{"@type":"EntryPoint","urlTemplate":"https:\/\/ses-creative.com\/?s={search_term_string}"},"query-input":{"@type":"PropertyValueSpecification","valueRequired":true,"valueName":"search_term_string"}}],"inLanguage":"de"},{"@type":"Organization","@id":"https:\/\/ses-creative.com\/#organization","name":"SES Creative","url":"https:\/\/ses-creative.com\/","logo":{"@type":"ImageObject","inLanguage":"de","@id":"https:\/\/ses-creative.com\/#\/schema\/logo\/image\/","url":"https:\/\/ses-creative.com\/wp-content\/uploads\/2025\/10\/ses-creative-logo.jpg","contentUrl":"https:\/\/ses-creative.com\/wp-content\/uploads\/2025\/10\/ses-creative-logo.jpg","width":2037,"height":2037,"caption":"SES Creative"},"image":{"@id":"https:\/\/ses-creative.com\/#\/schema\/logo\/image\/"}}]}},"_links":{"self":[{"href":"https:\/\/ses-creative.com\/de\/wp-json\/wp\/v2\/product\/114867","targetHints":{"allow":["GET"]}}],"collection":[{"href":"https:\/\/ses-creative.com\/de\/wp-json\/wp\/v2\/product"}],"about":[{"href":"https:\/\/ses-creative.com\/de\/wp-json\/wp\/v2\/types\/product"}],"replies":[{"embeddable":true,"href":"https:\/\/ses-creative.com\/de\/wp-json\/wp\/v2\/comments?post=114867"}],"wp:featuredmedia":[{"embeddable":true,"href":"https:\/\/ses-creative.com\/de\/wp-json\/wp\/v2\/media\/107598"}],"wp:attachment":[{"href":"https:\/\/ses-creative.com\/de\/wp-json\/wp\/v2\/media?parent=114867"}],"wp:term":[{"taxonomy":"product_brand","embeddable":true,"href":"https:\/\/ses-creative.com\/de\/wp-json\/wp\/v2\/product_brand?post=114867"},{"taxonomy":"product_cat","embeddable":true,"href":"https:\/\/ses-creative.com\/de\/wp-json\/wp\/v2\/product_cat?post=114867"},{"taxonomy":"product_tag","embeddable":true,"href":"https:\/\/ses-creative.com\/de\/wp-json\/wp\/v2\/product_tag?post=114867"}],"curies":[{"name":"wp","href":"https:\/\/api.w.org\/{rel}","templated":true}]}}