











{"id":114865,"date":"2026-02-05T13:53:04","date_gmt":"2026-02-05T13:53:04","guid":{"rendered":"https:\/\/ses-creative.com\/?post_type=product&#038;p=114865"},"modified":"2026-02-06T09:51:53","modified_gmt":"2026-02-06T09:51:53","slug":"stethoskop","status":"publish","type":"product","link":"https:\/\/ses-creative.com\/de\/produkt\/stethoskop\/","title":{"rendered":"Stethoskop"},"content":{"rendered":"<p>Spielen Sie wie ein echter Arzt mit dem Petits Pretenders Stethoskop von SES Creative! Mit diesem echten, funktionierenden Stethoskop k\u00f6nnen Kinder Herzschl\u00e4ge, Atmung und andere K\u00f6rperger\u00e4usche h\u00f6ren, genau wie in einem Krankenhaus. Perfekt f\u00fcr neugierige Kinder ab 3 Jahren, die gerne f\u00fcr andere sorgen und mehr \u00fcber den menschlichen K\u00f6rper lernen m\u00f6chten.<\/p>\n<p>Inhalt des Sets:<br \/>\n Echt funktionierendes Stethoskop<\/p>\n<p>Warum dieses Set w\u00e4hlen?<br \/>\n Lassen Sie Kinder Herzschlag und Atmung h\u00f6ren, genau wie bei einem echten Arzt.<\/p>\n<p> Ideal f\u00fcr fantasievolle Rollenspiele und Arztabenteuer<\/p>\n<p> Bequeme Ohrst\u00f6psel, speziell f\u00fcr Kinder entwickelt<\/p>\n<p> Lehrreich: f\u00f6rdert das Wissen \u00fcber den menschlichen K\u00f6rper<\/p>\n<p> F\u00f6rdert Empathie, F\u00fcrsorge und soziale Kompetenzen<\/p>\n<p>Mit diesem Stethoskop k\u00f6nnen Kinder entdecken, wie es ist, als echter Arzt zu arbeiten. H\u00f6ren Sie Herzschl\u00e4ge ab, untersuchen Sie Ihre Patienten und lernen Sie spielerisch mehr \u00fcber den K\u00f6rper. Die perfekte Kombination aus Spielspa\u00df und Bildung!<\/p>\n","protected":false},"excerpt":{"rendered":"<p>Spielen Sie wie ein echter Arzt mit dem Petits Pretenders Stethoskop von SES Creative! Mit diesem echten, funktionierenden Stethoskop k\u00f6nnen Kinder Herzschl\u00e4ge, Atmung und andere K\u00f6rperger\u00e4usche h\u00f6ren, genau wie in einem Krankenhaus. Perfekt f\u00fcr neugierige Kinder ab 3 Jahren, die gerne f\u00fcr andere sorgen und mehr \u00fcber den menschlichen K\u00f6rper lernen m\u00f6chten. Inhalt des Sets: [&hellip;]<\/p>\n","protected":false},"featured_media":107588,"comment_status":"closed","ping_status":"closed","template":"","meta":{"_acf_changed":false},"product_brand":[],"product_cat":[121],"product_tag":[],"class_list":{"0":"post-114865","1":"product","2":"type-product","3":"status-publish","4":"has-post-thumbnail","6":"product_cat-entdecken","7":"pa_leeftijd-filter-3-4-jahre","8":"pa_meest-populair-bij-jungen-maedchen","10":"first","11":"instock","12":"shipping-taxable","13":"product-type-simple"},"acf":[],"yoast_head":"<!-- This site is optimized with the Yoast SEO plugin v27.4 - https:\/\/yoast.com\/product\/yoast-seo-wordpress\/ -->\n<title>Stethoskop - SES Creative<\/title>\n<meta name=\"robots\" content=\"index, follow, max-snippet:-1, max-image-preview:large, max-video-preview:-1\" \/>\n<link rel=\"canonical\" href=\"https:\/\/ses-creative.com\/de\/produkt\/stethoskop\/\" \/>\n<meta property=\"og:locale\" content=\"de_DE\" \/>\n<meta property=\"og:type\" content=\"article\" \/>\n<meta property=\"og:title\" content=\"Stethoskop - SES Creative\" \/>\n<meta property=\"og:description\" content=\"Spielen Sie wie ein echter Arzt mit dem Petits Pretenders Stethoskop von SES Creative! Mit diesem echten, funktionierenden Stethoskop k\u00f6nnen Kinder Herzschl\u00e4ge, Atmung und andere K\u00f6rperger\u00e4usche h\u00f6ren, genau wie in einem Krankenhaus. Perfekt f\u00fcr neugierige Kinder ab 3 Jahren, die gerne f\u00fcr andere sorgen und mehr \u00fcber den menschlichen K\u00f6rper lernen m\u00f6chten. Inhalt des Sets: [&hellip;]\" \/>\n<meta property=\"og:url\" content=\"https:\/\/ses-creative.com\/de\/produkt\/stethoskop\/\" \/>\n<meta property=\"og:site_name\" content=\"SES Creative\" \/>\n<meta property=\"article:modified_time\" content=\"2026-02-06T09:51:53+00:00\" \/>\n<meta name=\"twitter:card\" content=\"summary_large_image\" \/>\n<meta name=\"twitter:label1\" content=\"Gesch\u00e4tzte Lesezeit\" \/>\n\t<meta name=\"twitter:data1\" content=\"1\u00a0Minute\" \/>\n<script type=\"application\/ld+json\" class=\"yoast-schema-graph\">{\"@context\":\"https:\\\/\\\/schema.org\",\"@graph\":[{\"@type\":\"WebPage\",\"@id\":\"https:\\\/\\\/ses-creative.com\\\/de\\\/produkt\\\/stethoskop\\\/\",\"url\":\"https:\\\/\\\/ses-creative.com\\\/de\\\/produkt\\\/stethoskop\\\/\",\"name\":\"Stethoskop - SES Creative\",\"isPartOf\":{\"@id\":\"https:\\\/\\\/ses-creative.com\\\/#website\"},\"primaryImageOfPage\":{\"@id\":\"https:\\\/\\\/ses-creative.com\\\/de\\\/produkt\\\/stethoskop\\\/#primaryimage\"},\"image\":{\"@id\":\"https:\\\/\\\/ses-creative.com\\\/de\\\/produkt\\\/stethoskop\\\/#primaryimage\"},\"thumbnailUrl\":\"https:\\\/\\\/ses-creative.com\\\/wp-content\\\/uploads\\\/2026\\\/01\\\/180051-1.jpg\",\"datePublished\":\"2026-02-05T13:53:04+00:00\",\"dateModified\":\"2026-02-06T09:51:53+00:00\",\"breadcrumb\":{\"@id\":\"https:\\\/\\\/ses-creative.com\\\/de\\\/produkt\\\/stethoskop\\\/#breadcrumb\"},\"inLanguage\":\"de\",\"potentialAction\":[{\"@type\":\"ReadAction\",\"target\":[\"https:\\\/\\\/ses-creative.com\\\/de\\\/produkt\\\/stethoskop\\\/\"]}]},{\"@type\":\"ImageObject\",\"inLanguage\":\"de\",\"@id\":\"https:\\\/\\\/ses-creative.com\\\/de\\\/produkt\\\/stethoskop\\\/#primaryimage\",\"url\":\"https:\\\/\\\/ses-creative.com\\\/wp-content\\\/uploads\\\/2026\\\/01\\\/180051-1.jpg\",\"contentUrl\":\"https:\\\/\\\/ses-creative.com\\\/wp-content\\\/uploads\\\/2026\\\/01\\\/180051-1.jpg\",\"width\":1000,\"height\":1000},{\"@type\":\"BreadcrumbList\",\"@id\":\"https:\\\/\\\/ses-creative.com\\\/de\\\/produkt\\\/stethoskop\\\/#breadcrumb\",\"itemListElement\":[{\"@type\":\"ListItem\",\"position\":1,\"name\":\"Shop\",\"item\":\"https:\\\/\\\/ses-creative.com\\\/de\\\/shop\\\/\"},{\"@type\":\"ListItem\",\"position\":2,\"name\":\"Entdecken\",\"item\":\"https:\\\/\\\/ses-creative.com\\\/de\\\/product-categorie\\\/entdecken\\\/\"},{\"@type\":\"ListItem\",\"position\":3,\"name\":\"Stethoskop\"}]},{\"@type\":\"WebSite\",\"@id\":\"https:\\\/\\\/ses-creative.com\\\/#website\",\"url\":\"https:\\\/\\\/ses-creative.com\\\/\",\"name\":\"SES Creative\",\"description\":\"\",\"publisher\":{\"@id\":\"https:\\\/\\\/ses-creative.com\\\/#organization\"},\"potentialAction\":[{\"@type\":\"SearchAction\",\"target\":{\"@type\":\"EntryPoint\",\"urlTemplate\":\"https:\\\/\\\/ses-creative.com\\\/?s={search_term_string}\"},\"query-input\":{\"@type\":\"PropertyValueSpecification\",\"valueRequired\":true,\"valueName\":\"search_term_string\"}}],\"inLanguage\":\"de\"},{\"@type\":\"Organization\",\"@id\":\"https:\\\/\\\/ses-creative.com\\\/#organization\",\"name\":\"SES Creative\",\"url\":\"https:\\\/\\\/ses-creative.com\\\/\",\"logo\":{\"@type\":\"ImageObject\",\"inLanguage\":\"de\",\"@id\":\"https:\\\/\\\/ses-creative.com\\\/#\\\/schema\\\/logo\\\/image\\\/\",\"url\":\"https:\\\/\\\/ses-creative.com\\\/wp-content\\\/uploads\\\/2025\\\/10\\\/ses-creative-logo.jpg\",\"contentUrl\":\"https:\\\/\\\/ses-creative.com\\\/wp-content\\\/uploads\\\/2025\\\/10\\\/ses-creative-logo.jpg\",\"width\":2037,\"height\":2037,\"caption\":\"SES Creative\"},\"image\":{\"@id\":\"https:\\\/\\\/ses-creative.com\\\/#\\\/schema\\\/logo\\\/image\\\/\"}}]}<\/script>\n<!-- \/ Yoast SEO plugin. -->","yoast_head_json":{"title":"Stethoskop - SES Creative","robots":{"index":"index","follow":"follow","max-snippet":"max-snippet:-1","max-image-preview":"max-image-preview:large","max-video-preview":"max-video-preview:-1"},"canonical":"https:\/\/ses-creative.com\/de\/produkt\/stethoskop\/","og_locale":"de_DE","og_type":"article","og_title":"Stethoskop - SES Creative","og_description":"Spielen Sie wie ein echter Arzt mit dem Petits Pretenders Stethoskop von SES Creative! Mit diesem echten, funktionierenden Stethoskop k\u00f6nnen Kinder Herzschl\u00e4ge, Atmung und andere K\u00f6rperger\u00e4usche h\u00f6ren, genau wie in einem Krankenhaus. Perfekt f\u00fcr neugierige Kinder ab 3 Jahren, die gerne f\u00fcr andere sorgen und mehr \u00fcber den menschlichen K\u00f6rper lernen m\u00f6chten. Inhalt des Sets: [&hellip;]","og_url":"https:\/\/ses-creative.com\/de\/produkt\/stethoskop\/","og_site_name":"SES Creative","article_modified_time":"2026-02-06T09:51:53+00:00","twitter_card":"summary_large_image","twitter_misc":{"Gesch\u00e4tzte Lesezeit":"1\u00a0Minute"},"schema":{"@context":"https:\/\/schema.org","@graph":[{"@type":"WebPage","@id":"https:\/\/ses-creative.com\/de\/produkt\/stethoskop\/","url":"https:\/\/ses-creative.com\/de\/produkt\/stethoskop\/","name":"Stethoskop - SES Creative","isPartOf":{"@id":"https:\/\/ses-creative.com\/#website"},"primaryImageOfPage":{"@id":"https:\/\/ses-creative.com\/de\/produkt\/stethoskop\/#primaryimage"},"image":{"@id":"https:\/\/ses-creative.com\/de\/produkt\/stethoskop\/#primaryimage"},"thumbnailUrl":"https:\/\/ses-creative.com\/wp-content\/uploads\/2026\/01\/180051-1.jpg","datePublished":"2026-02-05T13:53:04+00:00","dateModified":"2026-02-06T09:51:53+00:00","breadcrumb":{"@id":"https:\/\/ses-creative.com\/de\/produkt\/stethoskop\/#breadcrumb"},"inLanguage":"de","potentialAction":[{"@type":"ReadAction","target":["https:\/\/ses-creative.com\/de\/produkt\/stethoskop\/"]}]},{"@type":"ImageObject","inLanguage":"de","@id":"https:\/\/ses-creative.com\/de\/produkt\/stethoskop\/#primaryimage","url":"https:\/\/ses-creative.com\/wp-content\/uploads\/2026\/01\/180051-1.jpg","contentUrl":"https:\/\/ses-creative.com\/wp-content\/uploads\/2026\/01\/180051-1.jpg","width":1000,"height":1000},{"@type":"BreadcrumbList","@id":"https:\/\/ses-creative.com\/de\/produkt\/stethoskop\/#breadcrumb","itemListElement":[{"@type":"ListItem","position":1,"name":"Shop","item":"https:\/\/ses-creative.com\/de\/shop\/"},{"@type":"ListItem","position":2,"name":"Entdecken","item":"https:\/\/ses-creative.com\/de\/product-categorie\/entdecken\/"},{"@type":"ListItem","position":3,"name":"Stethoskop"}]},{"@type":"WebSite","@id":"https:\/\/ses-creative.com\/#website","url":"https:\/\/ses-creative.com\/","name":"SES Creative","description":"","publisher":{"@id":"https:\/\/ses-creative.com\/#organization"},"potentialAction":[{"@type":"SearchAction","target":{"@type":"EntryPoint","urlTemplate":"https:\/\/ses-creative.com\/?s={search_term_string}"},"query-input":{"@type":"PropertyValueSpecification","valueRequired":true,"valueName":"search_term_string"}}],"inLanguage":"de"},{"@type":"Organization","@id":"https:\/\/ses-creative.com\/#organization","name":"SES Creative","url":"https:\/\/ses-creative.com\/","logo":{"@type":"ImageObject","inLanguage":"de","@id":"https:\/\/ses-creative.com\/#\/schema\/logo\/image\/","url":"https:\/\/ses-creative.com\/wp-content\/uploads\/2025\/10\/ses-creative-logo.jpg","contentUrl":"https:\/\/ses-creative.com\/wp-content\/uploads\/2025\/10\/ses-creative-logo.jpg","width":2037,"height":2037,"caption":"SES Creative"},"image":{"@id":"https:\/\/ses-creative.com\/#\/schema\/logo\/image\/"}}]}},"_links":{"self":[{"href":"https:\/\/ses-creative.com\/de\/wp-json\/wp\/v2\/product\/114865","targetHints":{"allow":["GET"]}}],"collection":[{"href":"https:\/\/ses-creative.com\/de\/wp-json\/wp\/v2\/product"}],"about":[{"href":"https:\/\/ses-creative.com\/de\/wp-json\/wp\/v2\/types\/product"}],"replies":[{"embeddable":true,"href":"https:\/\/ses-creative.com\/de\/wp-json\/wp\/v2\/comments?post=114865"}],"wp:featuredmedia":[{"embeddable":true,"href":"https:\/\/ses-creative.com\/de\/wp-json\/wp\/v2\/media\/107588"}],"wp:attachment":[{"href":"https:\/\/ses-creative.com\/de\/wp-json\/wp\/v2\/media?parent=114865"}],"wp:term":[{"taxonomy":"product_brand","embeddable":true,"href":"https:\/\/ses-creative.com\/de\/wp-json\/wp\/v2\/product_brand?post=114865"},{"taxonomy":"product_cat","embeddable":true,"href":"https:\/\/ses-creative.com\/de\/wp-json\/wp\/v2\/product_cat?post=114865"},{"taxonomy":"product_tag","embeddable":true,"href":"https:\/\/ses-creative.com\/de\/wp-json\/wp\/v2\/product_tag?post=114865"}],"curies":[{"name":"wp","href":"https:\/\/api.w.org\/{rel}","templated":true}]}}