











{"id":114864,"date":"2026-02-05T13:53:04","date_gmt":"2026-02-05T13:53:04","guid":{"rendered":"https:\/\/ses-creative.com\/?post_type=product&#038;p=114864"},"modified":"2026-02-06T09:51:53","modified_gmt":"2026-02-06T09:51:53","slug":"doktorkoffer","status":"publish","type":"product","link":"https:\/\/ses-creative.com\/de\/produkt\/doktorkoffer\/","title":{"rendered":"Doktorkoffer"},"content":{"rendered":"<p>Spielen und pflegen Sie wie ein echter Arzt mit dem Petits Pretenders Arztkoffer von SES Creative! Dieser robuste Koffer ist vollgepackt mit realistischen medizinischen Accessoires, mit denen Kinder ihre eigenen Krankenhausabenteuer erleben k\u00f6nnen. Ob es sich um einen kranken Teddyb\u00e4ren oder eine verletzte Puppe handelt, Sie haben alles zur Hand, um zu helfen.<\/p>\n<p>Inhalt des Sets:<br \/>\n Robuster Arztkoffer<\/p>\n<p>Pflaster und Verband<br \/>\n Zwei Spritzen<\/p>\n<p>Drei Medikamentenfl\u00e4schchen<\/p>\n<p> Pinzette und Spatel<\/p>\n<p>Warum dieses Set w\u00e4hlen?<br \/>\nF\u00f6rdert fantasievolles Rollenspiel und Kreativit\u00e4t<\/p>\n<p> Geeignet f\u00fcr Kinder ab 3 Jahren<\/p>\n<p> Enth\u00e4lt realistische Accessoires f\u00fcr ein echtes Arzt-Erlebnis<\/p>\n<p> F\u00f6rdert die Entwicklung von Empathie und sozialen Kompetenzen<\/p>\n<p>F\u00f6rdert die Feinmotorik und die Hand-Augen-Koordination<\/p>\n<p>Mit diesem Arztkoffer ist jeder Patient in guten H\u00e4nden. Schnapp dir deine Instrumente, stell die richtige Diagnose und sorg daf\u00fcr, dass sich alle schnell wieder besser f\u00fchlen. Du bist der Arzt \u2013 und deine Patienten z\u00e4hlen auf dich!<\/p>\n","protected":false},"excerpt":{"rendered":"<p>Spielen und pflegen Sie wie ein echter Arzt mit dem Petits Pretenders Arztkoffer von SES Creative! Dieser robuste Koffer ist vollgepackt mit realistischen medizinischen Accessoires, mit denen Kinder ihre eigenen Krankenhausabenteuer erleben k\u00f6nnen. Ob es sich um einen kranken Teddyb\u00e4ren oder eine verletzte Puppe handelt, Sie haben alles zur Hand, um zu helfen. Inhalt des [&hellip;]<\/p>\n","protected":false},"featured_media":107583,"comment_status":"closed","ping_status":"closed","template":"","meta":{"_acf_changed":false},"product_brand":[],"product_cat":[121],"product_tag":[],"class_list":{"0":"post-114864","1":"product","2":"type-product","3":"status-publish","4":"has-post-thumbnail","6":"product_cat-entdecken","7":"pa_leeftijd-filter-3-4-jahre","8":"pa_meest-populair-bij-jungen-maedchen","10":"first","11":"instock","12":"shipping-taxable","13":"product-type-simple"},"acf":[],"yoast_head":"<!-- This site is optimized with the Yoast SEO plugin v27.4 - https:\/\/yoast.com\/product\/yoast-seo-wordpress\/ -->\n<title>Doktorkoffer - SES Creative<\/title>\n<meta name=\"robots\" content=\"index, follow, max-snippet:-1, max-image-preview:large, max-video-preview:-1\" \/>\n<link rel=\"canonical\" href=\"https:\/\/ses-creative.com\/de\/produkt\/doktorkoffer\/\" \/>\n<meta property=\"og:locale\" content=\"de_DE\" \/>\n<meta property=\"og:type\" content=\"article\" \/>\n<meta property=\"og:title\" content=\"Doktorkoffer - SES Creative\" \/>\n<meta property=\"og:description\" content=\"Spielen und pflegen Sie wie ein echter Arzt mit dem Petits Pretenders Arztkoffer von SES Creative! Dieser robuste Koffer ist vollgepackt mit realistischen medizinischen Accessoires, mit denen Kinder ihre eigenen Krankenhausabenteuer erleben k\u00f6nnen. Ob es sich um einen kranken Teddyb\u00e4ren oder eine verletzte Puppe handelt, Sie haben alles zur Hand, um zu helfen. Inhalt des [&hellip;]\" \/>\n<meta property=\"og:url\" content=\"https:\/\/ses-creative.com\/de\/produkt\/doktorkoffer\/\" \/>\n<meta property=\"og:site_name\" content=\"SES Creative\" \/>\n<meta property=\"article:modified_time\" content=\"2026-02-06T09:51:53+00:00\" \/>\n<meta name=\"twitter:card\" content=\"summary_large_image\" \/>\n<meta name=\"twitter:label1\" content=\"Gesch\u00e4tzte Lesezeit\" \/>\n\t<meta name=\"twitter:data1\" content=\"1\u00a0Minute\" \/>\n<script type=\"application\/ld+json\" class=\"yoast-schema-graph\">{\"@context\":\"https:\\\/\\\/schema.org\",\"@graph\":[{\"@type\":\"WebPage\",\"@id\":\"https:\\\/\\\/ses-creative.com\\\/de\\\/produkt\\\/doktorkoffer\\\/\",\"url\":\"https:\\\/\\\/ses-creative.com\\\/de\\\/produkt\\\/doktorkoffer\\\/\",\"name\":\"Doktorkoffer - SES Creative\",\"isPartOf\":{\"@id\":\"https:\\\/\\\/ses-creative.com\\\/#website\"},\"primaryImageOfPage\":{\"@id\":\"https:\\\/\\\/ses-creative.com\\\/de\\\/produkt\\\/doktorkoffer\\\/#primaryimage\"},\"image\":{\"@id\":\"https:\\\/\\\/ses-creative.com\\\/de\\\/produkt\\\/doktorkoffer\\\/#primaryimage\"},\"thumbnailUrl\":\"https:\\\/\\\/ses-creative.com\\\/wp-content\\\/uploads\\\/2026\\\/01\\\/180041-1.jpg\",\"datePublished\":\"2026-02-05T13:53:04+00:00\",\"dateModified\":\"2026-02-06T09:51:53+00:00\",\"breadcrumb\":{\"@id\":\"https:\\\/\\\/ses-creative.com\\\/de\\\/produkt\\\/doktorkoffer\\\/#breadcrumb\"},\"inLanguage\":\"de\",\"potentialAction\":[{\"@type\":\"ReadAction\",\"target\":[\"https:\\\/\\\/ses-creative.com\\\/de\\\/produkt\\\/doktorkoffer\\\/\"]}]},{\"@type\":\"ImageObject\",\"inLanguage\":\"de\",\"@id\":\"https:\\\/\\\/ses-creative.com\\\/de\\\/produkt\\\/doktorkoffer\\\/#primaryimage\",\"url\":\"https:\\\/\\\/ses-creative.com\\\/wp-content\\\/uploads\\\/2026\\\/01\\\/180041-1.jpg\",\"contentUrl\":\"https:\\\/\\\/ses-creative.com\\\/wp-content\\\/uploads\\\/2026\\\/01\\\/180041-1.jpg\",\"width\":1000,\"height\":1000},{\"@type\":\"BreadcrumbList\",\"@id\":\"https:\\\/\\\/ses-creative.com\\\/de\\\/produkt\\\/doktorkoffer\\\/#breadcrumb\",\"itemListElement\":[{\"@type\":\"ListItem\",\"position\":1,\"name\":\"Shop\",\"item\":\"https:\\\/\\\/ses-creative.com\\\/de\\\/shop\\\/\"},{\"@type\":\"ListItem\",\"position\":2,\"name\":\"Entdecken\",\"item\":\"https:\\\/\\\/ses-creative.com\\\/de\\\/product-categorie\\\/entdecken\\\/\"},{\"@type\":\"ListItem\",\"position\":3,\"name\":\"Doktorkoffer\"}]},{\"@type\":\"WebSite\",\"@id\":\"https:\\\/\\\/ses-creative.com\\\/#website\",\"url\":\"https:\\\/\\\/ses-creative.com\\\/\",\"name\":\"SES Creative\",\"description\":\"\",\"publisher\":{\"@id\":\"https:\\\/\\\/ses-creative.com\\\/#organization\"},\"potentialAction\":[{\"@type\":\"SearchAction\",\"target\":{\"@type\":\"EntryPoint\",\"urlTemplate\":\"https:\\\/\\\/ses-creative.com\\\/?s={search_term_string}\"},\"query-input\":{\"@type\":\"PropertyValueSpecification\",\"valueRequired\":true,\"valueName\":\"search_term_string\"}}],\"inLanguage\":\"de\"},{\"@type\":\"Organization\",\"@id\":\"https:\\\/\\\/ses-creative.com\\\/#organization\",\"name\":\"SES Creative\",\"url\":\"https:\\\/\\\/ses-creative.com\\\/\",\"logo\":{\"@type\":\"ImageObject\",\"inLanguage\":\"de\",\"@id\":\"https:\\\/\\\/ses-creative.com\\\/#\\\/schema\\\/logo\\\/image\\\/\",\"url\":\"https:\\\/\\\/ses-creative.com\\\/wp-content\\\/uploads\\\/2025\\\/10\\\/ses-creative-logo.jpg\",\"contentUrl\":\"https:\\\/\\\/ses-creative.com\\\/wp-content\\\/uploads\\\/2025\\\/10\\\/ses-creative-logo.jpg\",\"width\":2037,\"height\":2037,\"caption\":\"SES Creative\"},\"image\":{\"@id\":\"https:\\\/\\\/ses-creative.com\\\/#\\\/schema\\\/logo\\\/image\\\/\"}}]}<\/script>\n<!-- \/ Yoast SEO plugin. -->","yoast_head_json":{"title":"Doktorkoffer - SES Creative","robots":{"index":"index","follow":"follow","max-snippet":"max-snippet:-1","max-image-preview":"max-image-preview:large","max-video-preview":"max-video-preview:-1"},"canonical":"https:\/\/ses-creative.com\/de\/produkt\/doktorkoffer\/","og_locale":"de_DE","og_type":"article","og_title":"Doktorkoffer - SES Creative","og_description":"Spielen und pflegen Sie wie ein echter Arzt mit dem Petits Pretenders Arztkoffer von SES Creative! Dieser robuste Koffer ist vollgepackt mit realistischen medizinischen Accessoires, mit denen Kinder ihre eigenen Krankenhausabenteuer erleben k\u00f6nnen. Ob es sich um einen kranken Teddyb\u00e4ren oder eine verletzte Puppe handelt, Sie haben alles zur Hand, um zu helfen. Inhalt des [&hellip;]","og_url":"https:\/\/ses-creative.com\/de\/produkt\/doktorkoffer\/","og_site_name":"SES Creative","article_modified_time":"2026-02-06T09:51:53+00:00","twitter_card":"summary_large_image","twitter_misc":{"Gesch\u00e4tzte Lesezeit":"1\u00a0Minute"},"schema":{"@context":"https:\/\/schema.org","@graph":[{"@type":"WebPage","@id":"https:\/\/ses-creative.com\/de\/produkt\/doktorkoffer\/","url":"https:\/\/ses-creative.com\/de\/produkt\/doktorkoffer\/","name":"Doktorkoffer - SES Creative","isPartOf":{"@id":"https:\/\/ses-creative.com\/#website"},"primaryImageOfPage":{"@id":"https:\/\/ses-creative.com\/de\/produkt\/doktorkoffer\/#primaryimage"},"image":{"@id":"https:\/\/ses-creative.com\/de\/produkt\/doktorkoffer\/#primaryimage"},"thumbnailUrl":"https:\/\/ses-creative.com\/wp-content\/uploads\/2026\/01\/180041-1.jpg","datePublished":"2026-02-05T13:53:04+00:00","dateModified":"2026-02-06T09:51:53+00:00","breadcrumb":{"@id":"https:\/\/ses-creative.com\/de\/produkt\/doktorkoffer\/#breadcrumb"},"inLanguage":"de","potentialAction":[{"@type":"ReadAction","target":["https:\/\/ses-creative.com\/de\/produkt\/doktorkoffer\/"]}]},{"@type":"ImageObject","inLanguage":"de","@id":"https:\/\/ses-creative.com\/de\/produkt\/doktorkoffer\/#primaryimage","url":"https:\/\/ses-creative.com\/wp-content\/uploads\/2026\/01\/180041-1.jpg","contentUrl":"https:\/\/ses-creative.com\/wp-content\/uploads\/2026\/01\/180041-1.jpg","width":1000,"height":1000},{"@type":"BreadcrumbList","@id":"https:\/\/ses-creative.com\/de\/produkt\/doktorkoffer\/#breadcrumb","itemListElement":[{"@type":"ListItem","position":1,"name":"Shop","item":"https:\/\/ses-creative.com\/de\/shop\/"},{"@type":"ListItem","position":2,"name":"Entdecken","item":"https:\/\/ses-creative.com\/de\/product-categorie\/entdecken\/"},{"@type":"ListItem","position":3,"name":"Doktorkoffer"}]},{"@type":"WebSite","@id":"https:\/\/ses-creative.com\/#website","url":"https:\/\/ses-creative.com\/","name":"SES Creative","description":"","publisher":{"@id":"https:\/\/ses-creative.com\/#organization"},"potentialAction":[{"@type":"SearchAction","target":{"@type":"EntryPoint","urlTemplate":"https:\/\/ses-creative.com\/?s={search_term_string}"},"query-input":{"@type":"PropertyValueSpecification","valueRequired":true,"valueName":"search_term_string"}}],"inLanguage":"de"},{"@type":"Organization","@id":"https:\/\/ses-creative.com\/#organization","name":"SES Creative","url":"https:\/\/ses-creative.com\/","logo":{"@type":"ImageObject","inLanguage":"de","@id":"https:\/\/ses-creative.com\/#\/schema\/logo\/image\/","url":"https:\/\/ses-creative.com\/wp-content\/uploads\/2025\/10\/ses-creative-logo.jpg","contentUrl":"https:\/\/ses-creative.com\/wp-content\/uploads\/2025\/10\/ses-creative-logo.jpg","width":2037,"height":2037,"caption":"SES Creative"},"image":{"@id":"https:\/\/ses-creative.com\/#\/schema\/logo\/image\/"}}]}},"_links":{"self":[{"href":"https:\/\/ses-creative.com\/de\/wp-json\/wp\/v2\/product\/114864","targetHints":{"allow":["GET"]}}],"collection":[{"href":"https:\/\/ses-creative.com\/de\/wp-json\/wp\/v2\/product"}],"about":[{"href":"https:\/\/ses-creative.com\/de\/wp-json\/wp\/v2\/types\/product"}],"replies":[{"embeddable":true,"href":"https:\/\/ses-creative.com\/de\/wp-json\/wp\/v2\/comments?post=114864"}],"wp:featuredmedia":[{"embeddable":true,"href":"https:\/\/ses-creative.com\/de\/wp-json\/wp\/v2\/media\/107583"}],"wp:attachment":[{"href":"https:\/\/ses-creative.com\/de\/wp-json\/wp\/v2\/media?parent=114864"}],"wp:term":[{"taxonomy":"product_brand","embeddable":true,"href":"https:\/\/ses-creative.com\/de\/wp-json\/wp\/v2\/product_brand?post=114864"},{"taxonomy":"product_cat","embeddable":true,"href":"https:\/\/ses-creative.com\/de\/wp-json\/wp\/v2\/product_cat?post=114864"},{"taxonomy":"product_tag","embeddable":true,"href":"https:\/\/ses-creative.com\/de\/wp-json\/wp\/v2\/product_tag?post=114864"}],"curies":[{"name":"wp","href":"https:\/\/api.w.org\/{rel}","templated":true}]}}