











{"id":114863,"date":"2026-02-05T13:53:04","date_gmt":"2026-02-05T13:53:04","guid":{"rendered":"https:\/\/ses-creative.com\/?post_type=product&#038;p=114863"},"modified":"2026-02-06T09:51:53","modified_gmt":"2026-02-06T09:51:53","slug":"verkleidungsset-doktor","status":"publish","type":"product","link":"https:\/\/ses-creative.com\/de\/produkt\/verkleidungsset-doktor\/","title":{"rendered":"Verkleidungsset Doktor"},"content":{"rendered":"<p>Werde mit dem Verkleidungsset Arzt von SES Creative zum besten Arzt der Nachbarschaft! Ob es sich um deinen Lieblingskuschelb\u00e4ren oder eine kranke Puppe handelt, mit diesem Set bist du bestens f\u00fcr eine medizinische Untersuchung ger\u00fcstet.<\/p>\n<p>Inhalt des Sets:<br \/>\n Realistischer Arztkittel<\/p>\n<p> Spielthermometer<\/p>\n<p> Kunststoffpinzette<\/p>\n<p> Zwei Zungenspatel<\/p>\n<p>Spielzeugspritze<\/p>\n<p>Warum dieses Set so toll ist:<br \/>\nPerfekt f\u00fcr Kost\u00fcmpartys und Rollenspiele<\/p>\n<p> F\u00f6rdert Kreativit\u00e4t, Fantasie und soziale Kompetenzen<br \/>\n Geeignet f\u00fcr Kinder ab 3 Jahren<\/p>\n<p> L\u00e4sst sich gut mit anderen Arztkoffern aus der Petits Pretenders-Kollektion kombinieren<\/p>\n<p>Zieh deinen wei\u00dfen Kittel an, schnapp dir deine Instrumente und versorge deine Patienten wie ein echter Arzt. Von der Diagnose bis zur Behandlung \u2013 du hast alles, was du brauchst, um alle wieder gesund zu machen!<\/p>\n","protected":false},"excerpt":{"rendered":"<p>Werde mit dem Verkleidungsset Arzt von SES Creative zum besten Arzt der Nachbarschaft! Ob es sich um deinen Lieblingskuschelb\u00e4ren oder eine kranke Puppe handelt, mit diesem Set bist du bestens f\u00fcr eine medizinische Untersuchung ger\u00fcstet. Inhalt des Sets: Realistischer Arztkittel Spielthermometer Kunststoffpinzette Zwei Zungenspatel Spielzeugspritze Warum dieses Set so toll ist: Perfekt f\u00fcr Kost\u00fcmpartys und [&hellip;]<\/p>\n","protected":false},"featured_media":107578,"comment_status":"closed","ping_status":"closed","template":"","meta":{"_acf_changed":false},"product_brand":[],"product_cat":[121],"product_tag":[],"class_list":{"0":"post-114863","1":"product","2":"type-product","3":"status-publish","4":"has-post-thumbnail","6":"product_cat-entdecken","7":"pa_leeftijd-filter-3-4-jahre","8":"pa_meest-populair-bij-jungen-maedchen","10":"first","11":"instock","12":"shipping-taxable","13":"product-type-simple"},"acf":[],"yoast_head":"<!-- This site is optimized with the Yoast SEO plugin v27.4 - https:\/\/yoast.com\/product\/yoast-seo-wordpress\/ -->\n<title>Verkleidungsset Doktor - SES Creative<\/title>\n<meta name=\"robots\" content=\"index, follow, max-snippet:-1, max-image-preview:large, max-video-preview:-1\" \/>\n<link rel=\"canonical\" href=\"https:\/\/ses-creative.com\/de\/produkt\/verkleidungsset-doktor\/\" \/>\n<meta property=\"og:locale\" content=\"de_DE\" \/>\n<meta property=\"og:type\" content=\"article\" \/>\n<meta property=\"og:title\" content=\"Verkleidungsset Doktor - SES Creative\" \/>\n<meta property=\"og:description\" content=\"Werde mit dem Verkleidungsset Arzt von SES Creative zum besten Arzt der Nachbarschaft! Ob es sich um deinen Lieblingskuschelb\u00e4ren oder eine kranke Puppe handelt, mit diesem Set bist du bestens f\u00fcr eine medizinische Untersuchung ger\u00fcstet. Inhalt des Sets: Realistischer Arztkittel Spielthermometer Kunststoffpinzette Zwei Zungenspatel Spielzeugspritze Warum dieses Set so toll ist: Perfekt f\u00fcr Kost\u00fcmpartys und [&hellip;]\" \/>\n<meta property=\"og:url\" content=\"https:\/\/ses-creative.com\/de\/produkt\/verkleidungsset-doktor\/\" \/>\n<meta property=\"og:site_name\" content=\"SES Creative\" \/>\n<meta property=\"article:modified_time\" content=\"2026-02-06T09:51:53+00:00\" \/>\n<meta name=\"twitter:card\" content=\"summary_large_image\" \/>\n<meta name=\"twitter:label1\" content=\"Gesch\u00e4tzte Lesezeit\" \/>\n\t<meta name=\"twitter:data1\" content=\"1\u00a0Minute\" \/>\n<script type=\"application\/ld+json\" class=\"yoast-schema-graph\">{\"@context\":\"https:\\\/\\\/schema.org\",\"@graph\":[{\"@type\":\"WebPage\",\"@id\":\"https:\\\/\\\/ses-creative.com\\\/de\\\/produkt\\\/verkleidungsset-doktor\\\/\",\"url\":\"https:\\\/\\\/ses-creative.com\\\/de\\\/produkt\\\/verkleidungsset-doktor\\\/\",\"name\":\"Verkleidungsset Doktor - SES Creative\",\"isPartOf\":{\"@id\":\"https:\\\/\\\/ses-creative.com\\\/#website\"},\"primaryImageOfPage\":{\"@id\":\"https:\\\/\\\/ses-creative.com\\\/de\\\/produkt\\\/verkleidungsset-doktor\\\/#primaryimage\"},\"image\":{\"@id\":\"https:\\\/\\\/ses-creative.com\\\/de\\\/produkt\\\/verkleidungsset-doktor\\\/#primaryimage\"},\"thumbnailUrl\":\"https:\\\/\\\/ses-creative.com\\\/wp-content\\\/uploads\\\/2026\\\/01\\\/180011-1.jpg\",\"datePublished\":\"2026-02-05T13:53:04+00:00\",\"dateModified\":\"2026-02-06T09:51:53+00:00\",\"breadcrumb\":{\"@id\":\"https:\\\/\\\/ses-creative.com\\\/de\\\/produkt\\\/verkleidungsset-doktor\\\/#breadcrumb\"},\"inLanguage\":\"de\",\"potentialAction\":[{\"@type\":\"ReadAction\",\"target\":[\"https:\\\/\\\/ses-creative.com\\\/de\\\/produkt\\\/verkleidungsset-doktor\\\/\"]}]},{\"@type\":\"ImageObject\",\"inLanguage\":\"de\",\"@id\":\"https:\\\/\\\/ses-creative.com\\\/de\\\/produkt\\\/verkleidungsset-doktor\\\/#primaryimage\",\"url\":\"https:\\\/\\\/ses-creative.com\\\/wp-content\\\/uploads\\\/2026\\\/01\\\/180011-1.jpg\",\"contentUrl\":\"https:\\\/\\\/ses-creative.com\\\/wp-content\\\/uploads\\\/2026\\\/01\\\/180011-1.jpg\",\"width\":1000,\"height\":1000},{\"@type\":\"BreadcrumbList\",\"@id\":\"https:\\\/\\\/ses-creative.com\\\/de\\\/produkt\\\/verkleidungsset-doktor\\\/#breadcrumb\",\"itemListElement\":[{\"@type\":\"ListItem\",\"position\":1,\"name\":\"Shop\",\"item\":\"https:\\\/\\\/ses-creative.com\\\/de\\\/shop\\\/\"},{\"@type\":\"ListItem\",\"position\":2,\"name\":\"Entdecken\",\"item\":\"https:\\\/\\\/ses-creative.com\\\/de\\\/product-categorie\\\/entdecken\\\/\"},{\"@type\":\"ListItem\",\"position\":3,\"name\":\"Verkleidungsset Doktor\"}]},{\"@type\":\"WebSite\",\"@id\":\"https:\\\/\\\/ses-creative.com\\\/#website\",\"url\":\"https:\\\/\\\/ses-creative.com\\\/\",\"name\":\"SES Creative\",\"description\":\"\",\"publisher\":{\"@id\":\"https:\\\/\\\/ses-creative.com\\\/#organization\"},\"potentialAction\":[{\"@type\":\"SearchAction\",\"target\":{\"@type\":\"EntryPoint\",\"urlTemplate\":\"https:\\\/\\\/ses-creative.com\\\/?s={search_term_string}\"},\"query-input\":{\"@type\":\"PropertyValueSpecification\",\"valueRequired\":true,\"valueName\":\"search_term_string\"}}],\"inLanguage\":\"de\"},{\"@type\":\"Organization\",\"@id\":\"https:\\\/\\\/ses-creative.com\\\/#organization\",\"name\":\"SES Creative\",\"url\":\"https:\\\/\\\/ses-creative.com\\\/\",\"logo\":{\"@type\":\"ImageObject\",\"inLanguage\":\"de\",\"@id\":\"https:\\\/\\\/ses-creative.com\\\/#\\\/schema\\\/logo\\\/image\\\/\",\"url\":\"https:\\\/\\\/ses-creative.com\\\/wp-content\\\/uploads\\\/2025\\\/10\\\/ses-creative-logo.jpg\",\"contentUrl\":\"https:\\\/\\\/ses-creative.com\\\/wp-content\\\/uploads\\\/2025\\\/10\\\/ses-creative-logo.jpg\",\"width\":2037,\"height\":2037,\"caption\":\"SES Creative\"},\"image\":{\"@id\":\"https:\\\/\\\/ses-creative.com\\\/#\\\/schema\\\/logo\\\/image\\\/\"}}]}<\/script>\n<!-- \/ Yoast SEO plugin. -->","yoast_head_json":{"title":"Verkleidungsset Doktor - SES Creative","robots":{"index":"index","follow":"follow","max-snippet":"max-snippet:-1","max-image-preview":"max-image-preview:large","max-video-preview":"max-video-preview:-1"},"canonical":"https:\/\/ses-creative.com\/de\/produkt\/verkleidungsset-doktor\/","og_locale":"de_DE","og_type":"article","og_title":"Verkleidungsset Doktor - SES Creative","og_description":"Werde mit dem Verkleidungsset Arzt von SES Creative zum besten Arzt der Nachbarschaft! Ob es sich um deinen Lieblingskuschelb\u00e4ren oder eine kranke Puppe handelt, mit diesem Set bist du bestens f\u00fcr eine medizinische Untersuchung ger\u00fcstet. Inhalt des Sets: Realistischer Arztkittel Spielthermometer Kunststoffpinzette Zwei Zungenspatel Spielzeugspritze Warum dieses Set so toll ist: Perfekt f\u00fcr Kost\u00fcmpartys und [&hellip;]","og_url":"https:\/\/ses-creative.com\/de\/produkt\/verkleidungsset-doktor\/","og_site_name":"SES Creative","article_modified_time":"2026-02-06T09:51:53+00:00","twitter_card":"summary_large_image","twitter_misc":{"Gesch\u00e4tzte Lesezeit":"1\u00a0Minute"},"schema":{"@context":"https:\/\/schema.org","@graph":[{"@type":"WebPage","@id":"https:\/\/ses-creative.com\/de\/produkt\/verkleidungsset-doktor\/","url":"https:\/\/ses-creative.com\/de\/produkt\/verkleidungsset-doktor\/","name":"Verkleidungsset Doktor - SES Creative","isPartOf":{"@id":"https:\/\/ses-creative.com\/#website"},"primaryImageOfPage":{"@id":"https:\/\/ses-creative.com\/de\/produkt\/verkleidungsset-doktor\/#primaryimage"},"image":{"@id":"https:\/\/ses-creative.com\/de\/produkt\/verkleidungsset-doktor\/#primaryimage"},"thumbnailUrl":"https:\/\/ses-creative.com\/wp-content\/uploads\/2026\/01\/180011-1.jpg","datePublished":"2026-02-05T13:53:04+00:00","dateModified":"2026-02-06T09:51:53+00:00","breadcrumb":{"@id":"https:\/\/ses-creative.com\/de\/produkt\/verkleidungsset-doktor\/#breadcrumb"},"inLanguage":"de","potentialAction":[{"@type":"ReadAction","target":["https:\/\/ses-creative.com\/de\/produkt\/verkleidungsset-doktor\/"]}]},{"@type":"ImageObject","inLanguage":"de","@id":"https:\/\/ses-creative.com\/de\/produkt\/verkleidungsset-doktor\/#primaryimage","url":"https:\/\/ses-creative.com\/wp-content\/uploads\/2026\/01\/180011-1.jpg","contentUrl":"https:\/\/ses-creative.com\/wp-content\/uploads\/2026\/01\/180011-1.jpg","width":1000,"height":1000},{"@type":"BreadcrumbList","@id":"https:\/\/ses-creative.com\/de\/produkt\/verkleidungsset-doktor\/#breadcrumb","itemListElement":[{"@type":"ListItem","position":1,"name":"Shop","item":"https:\/\/ses-creative.com\/de\/shop\/"},{"@type":"ListItem","position":2,"name":"Entdecken","item":"https:\/\/ses-creative.com\/de\/product-categorie\/entdecken\/"},{"@type":"ListItem","position":3,"name":"Verkleidungsset Doktor"}]},{"@type":"WebSite","@id":"https:\/\/ses-creative.com\/#website","url":"https:\/\/ses-creative.com\/","name":"SES Creative","description":"","publisher":{"@id":"https:\/\/ses-creative.com\/#organization"},"potentialAction":[{"@type":"SearchAction","target":{"@type":"EntryPoint","urlTemplate":"https:\/\/ses-creative.com\/?s={search_term_string}"},"query-input":{"@type":"PropertyValueSpecification","valueRequired":true,"valueName":"search_term_string"}}],"inLanguage":"de"},{"@type":"Organization","@id":"https:\/\/ses-creative.com\/#organization","name":"SES Creative","url":"https:\/\/ses-creative.com\/","logo":{"@type":"ImageObject","inLanguage":"de","@id":"https:\/\/ses-creative.com\/#\/schema\/logo\/image\/","url":"https:\/\/ses-creative.com\/wp-content\/uploads\/2025\/10\/ses-creative-logo.jpg","contentUrl":"https:\/\/ses-creative.com\/wp-content\/uploads\/2025\/10\/ses-creative-logo.jpg","width":2037,"height":2037,"caption":"SES Creative"},"image":{"@id":"https:\/\/ses-creative.com\/#\/schema\/logo\/image\/"}}]}},"_links":{"self":[{"href":"https:\/\/ses-creative.com\/de\/wp-json\/wp\/v2\/product\/114863","targetHints":{"allow":["GET"]}}],"collection":[{"href":"https:\/\/ses-creative.com\/de\/wp-json\/wp\/v2\/product"}],"about":[{"href":"https:\/\/ses-creative.com\/de\/wp-json\/wp\/v2\/types\/product"}],"replies":[{"embeddable":true,"href":"https:\/\/ses-creative.com\/de\/wp-json\/wp\/v2\/comments?post=114863"}],"wp:featuredmedia":[{"embeddable":true,"href":"https:\/\/ses-creative.com\/de\/wp-json\/wp\/v2\/media\/107578"}],"wp:attachment":[{"href":"https:\/\/ses-creative.com\/de\/wp-json\/wp\/v2\/media?parent=114863"}],"wp:term":[{"taxonomy":"product_brand","embeddable":true,"href":"https:\/\/ses-creative.com\/de\/wp-json\/wp\/v2\/product_brand?post=114863"},{"taxonomy":"product_cat","embeddable":true,"href":"https:\/\/ses-creative.com\/de\/wp-json\/wp\/v2\/product_cat?post=114863"},{"taxonomy":"product_tag","embeddable":true,"href":"https:\/\/ses-creative.com\/de\/wp-json\/wp\/v2\/product_tag?post=114863"}],"curies":[{"name":"wp","href":"https:\/\/api.w.org\/{rel}","templated":true}]}}