











{"id":114859,"date":"2026-02-05T13:53:04","date_gmt":"2026-02-05T13:53:04","guid":{"rendered":"https:\/\/ses-creative.com\/?post_type=product&#038;p=114859"},"modified":"2026-02-06T09:51:52","modified_gmt":"2026-02-06T09:51:52","slug":"shake-a-slime-happy-explosion-200-g","status":"publish","type":"product","link":"https:\/\/ses-creative.com\/de\/produkt\/shake-a-slime-happy-explosion-200-g\/","title":{"rendered":"Shake-a-Slime &#8211; Happy Explosion 200 g"},"content":{"rendered":"<p>Mischen, sch\u00fctteln, schleimen! Mit dem SES Creative Shake a Slime  \u2013 Happy Explosion gelingen dir die tollsten Schleim-Kombinationen. Vermische den fertigen blauen Schleim mit fr\u00f6hlichen Perlen und Streuseln in 10 Farben mit dem Shaker. Der glutenfreie Schleim ist kindersicher und sorgt f\u00fcr endlosen Spa\u00df. Mischen, sch\u00fctteln und ein festliches Schleim-Erlebnis voller Farbe und Spa\u00df genie\u00dfen!<\/p>\n","protected":false},"excerpt":{"rendered":"<p>Mischen, sch\u00fctteln, schleimen! Mit dem SES Creative Shake a Slime \u2013 Happy Explosion gelingen dir die tollsten Schleim-Kombinationen. Vermische den fertigen blauen Schleim mit fr\u00f6hlichen Perlen und Streuseln in 10 Farben mit dem Shaker. Der glutenfreie Schleim ist kindersicher und sorgt f\u00fcr endlosen Spa\u00df. Mischen, sch\u00fctteln und ein festliches Schleim-Erlebnis voller Farbe und Spa\u00df genie\u00dfen!<\/p>\n","protected":false},"featured_media":0,"comment_status":"closed","ping_status":"closed","template":"","meta":{"_acf_changed":false},"product_brand":[],"product_cat":[120],"product_tag":[],"class_list":{"0":"post-114859","1":"product","2":"type-product","3":"status-publish","5":"product_cat-schleim","6":"pa_collecties-shake-a-slime","7":"pa_leeftijd-filter-4-6-jahre","8":"pa_meest-populair-bij-jungen-maedchen","10":"first","11":"instock","12":"shipping-taxable","13":"product-type-simple"},"acf":[],"yoast_head":"<!-- This site is optimized with the Yoast SEO plugin v27.4 - https:\/\/yoast.com\/product\/yoast-seo-wordpress\/ -->\n<title>Shake-a-Slime - Happy Explosion 200 g - SES Creative<\/title>\n<meta name=\"robots\" content=\"index, follow, max-snippet:-1, max-image-preview:large, max-video-preview:-1\" \/>\n<link rel=\"canonical\" href=\"https:\/\/ses-creative.com\/de\/produkt\/shake-a-slime-happy-explosion-200-g\/\" \/>\n<meta property=\"og:locale\" content=\"de_DE\" \/>\n<meta property=\"og:type\" content=\"article\" \/>\n<meta property=\"og:title\" content=\"Shake-a-Slime - Happy Explosion 200 g - SES Creative\" \/>\n<meta property=\"og:description\" content=\"Mischen, sch\u00fctteln, schleimen! Mit dem SES Creative Shake a Slime \u2013 Happy Explosion gelingen dir die tollsten Schleim-Kombinationen. Vermische den fertigen blauen Schleim mit fr\u00f6hlichen Perlen und Streuseln in 10 Farben mit dem Shaker. Der glutenfreie Schleim ist kindersicher und sorgt f\u00fcr endlosen Spa\u00df. Mischen, sch\u00fctteln und ein festliches Schleim-Erlebnis voller Farbe und Spa\u00df genie\u00dfen!\" \/>\n<meta property=\"og:url\" content=\"https:\/\/ses-creative.com\/de\/produkt\/shake-a-slime-happy-explosion-200-g\/\" \/>\n<meta property=\"og:site_name\" content=\"SES Creative\" \/>\n<meta property=\"article:modified_time\" content=\"2026-02-06T09:51:52+00:00\" \/>\n<meta name=\"twitter:card\" content=\"summary_large_image\" \/>\n<script type=\"application\/ld+json\" class=\"yoast-schema-graph\">{\"@context\":\"https:\\\/\\\/schema.org\",\"@graph\":[{\"@type\":\"WebPage\",\"@id\":\"https:\\\/\\\/ses-creative.com\\\/de\\\/produkt\\\/shake-a-slime-happy-explosion-200-g\\\/\",\"url\":\"https:\\\/\\\/ses-creative.com\\\/de\\\/produkt\\\/shake-a-slime-happy-explosion-200-g\\\/\",\"name\":\"Shake-a-Slime - Happy Explosion 200 g - SES Creative\",\"isPartOf\":{\"@id\":\"https:\\\/\\\/ses-creative.com\\\/#website\"},\"datePublished\":\"2026-02-05T13:53:04+00:00\",\"dateModified\":\"2026-02-06T09:51:52+00:00\",\"breadcrumb\":{\"@id\":\"https:\\\/\\\/ses-creative.com\\\/de\\\/produkt\\\/shake-a-slime-happy-explosion-200-g\\\/#breadcrumb\"},\"inLanguage\":\"de\",\"potentialAction\":[{\"@type\":\"ReadAction\",\"target\":[\"https:\\\/\\\/ses-creative.com\\\/de\\\/produkt\\\/shake-a-slime-happy-explosion-200-g\\\/\"]}]},{\"@type\":\"BreadcrumbList\",\"@id\":\"https:\\\/\\\/ses-creative.com\\\/de\\\/produkt\\\/shake-a-slime-happy-explosion-200-g\\\/#breadcrumb\",\"itemListElement\":[{\"@type\":\"ListItem\",\"position\":1,\"name\":\"Shop\",\"item\":\"https:\\\/\\\/ses-creative.com\\\/de\\\/shop\\\/\"},{\"@type\":\"ListItem\",\"position\":2,\"name\":\"Schleim\",\"item\":\"https:\\\/\\\/ses-creative.com\\\/de\\\/product-categorie\\\/schleim\\\/\"},{\"@type\":\"ListItem\",\"position\":3,\"name\":\"Shake-a-Slime &#8211; Happy Explosion 200 g\"}]},{\"@type\":\"WebSite\",\"@id\":\"https:\\\/\\\/ses-creative.com\\\/#website\",\"url\":\"https:\\\/\\\/ses-creative.com\\\/\",\"name\":\"SES Creative\",\"description\":\"\",\"publisher\":{\"@id\":\"https:\\\/\\\/ses-creative.com\\\/#organization\"},\"potentialAction\":[{\"@type\":\"SearchAction\",\"target\":{\"@type\":\"EntryPoint\",\"urlTemplate\":\"https:\\\/\\\/ses-creative.com\\\/?s={search_term_string}\"},\"query-input\":{\"@type\":\"PropertyValueSpecification\",\"valueRequired\":true,\"valueName\":\"search_term_string\"}}],\"inLanguage\":\"de\"},{\"@type\":\"Organization\",\"@id\":\"https:\\\/\\\/ses-creative.com\\\/#organization\",\"name\":\"SES Creative\",\"url\":\"https:\\\/\\\/ses-creative.com\\\/\",\"logo\":{\"@type\":\"ImageObject\",\"inLanguage\":\"de\",\"@id\":\"https:\\\/\\\/ses-creative.com\\\/#\\\/schema\\\/logo\\\/image\\\/\",\"url\":\"https:\\\/\\\/ses-creative.com\\\/wp-content\\\/uploads\\\/2025\\\/10\\\/ses-creative-logo.jpg\",\"contentUrl\":\"https:\\\/\\\/ses-creative.com\\\/wp-content\\\/uploads\\\/2025\\\/10\\\/ses-creative-logo.jpg\",\"width\":2037,\"height\":2037,\"caption\":\"SES Creative\"},\"image\":{\"@id\":\"https:\\\/\\\/ses-creative.com\\\/#\\\/schema\\\/logo\\\/image\\\/\"}}]}<\/script>\n<!-- \/ Yoast SEO plugin. -->","yoast_head_json":{"title":"Shake-a-Slime - Happy Explosion 200 g - SES Creative","robots":{"index":"index","follow":"follow","max-snippet":"max-snippet:-1","max-image-preview":"max-image-preview:large","max-video-preview":"max-video-preview:-1"},"canonical":"https:\/\/ses-creative.com\/de\/produkt\/shake-a-slime-happy-explosion-200-g\/","og_locale":"de_DE","og_type":"article","og_title":"Shake-a-Slime - Happy Explosion 200 g - SES Creative","og_description":"Mischen, sch\u00fctteln, schleimen! Mit dem SES Creative Shake a Slime \u2013 Happy Explosion gelingen dir die tollsten Schleim-Kombinationen. Vermische den fertigen blauen Schleim mit fr\u00f6hlichen Perlen und Streuseln in 10 Farben mit dem Shaker. Der glutenfreie Schleim ist kindersicher und sorgt f\u00fcr endlosen Spa\u00df. Mischen, sch\u00fctteln und ein festliches Schleim-Erlebnis voller Farbe und Spa\u00df genie\u00dfen!","og_url":"https:\/\/ses-creative.com\/de\/produkt\/shake-a-slime-happy-explosion-200-g\/","og_site_name":"SES Creative","article_modified_time":"2026-02-06T09:51:52+00:00","twitter_card":"summary_large_image","schema":{"@context":"https:\/\/schema.org","@graph":[{"@type":"WebPage","@id":"https:\/\/ses-creative.com\/de\/produkt\/shake-a-slime-happy-explosion-200-g\/","url":"https:\/\/ses-creative.com\/de\/produkt\/shake-a-slime-happy-explosion-200-g\/","name":"Shake-a-Slime - Happy Explosion 200 g - SES Creative","isPartOf":{"@id":"https:\/\/ses-creative.com\/#website"},"datePublished":"2026-02-05T13:53:04+00:00","dateModified":"2026-02-06T09:51:52+00:00","breadcrumb":{"@id":"https:\/\/ses-creative.com\/de\/produkt\/shake-a-slime-happy-explosion-200-g\/#breadcrumb"},"inLanguage":"de","potentialAction":[{"@type":"ReadAction","target":["https:\/\/ses-creative.com\/de\/produkt\/shake-a-slime-happy-explosion-200-g\/"]}]},{"@type":"BreadcrumbList","@id":"https:\/\/ses-creative.com\/de\/produkt\/shake-a-slime-happy-explosion-200-g\/#breadcrumb","itemListElement":[{"@type":"ListItem","position":1,"name":"Shop","item":"https:\/\/ses-creative.com\/de\/shop\/"},{"@type":"ListItem","position":2,"name":"Schleim","item":"https:\/\/ses-creative.com\/de\/product-categorie\/schleim\/"},{"@type":"ListItem","position":3,"name":"Shake-a-Slime &#8211; Happy Explosion 200 g"}]},{"@type":"WebSite","@id":"https:\/\/ses-creative.com\/#website","url":"https:\/\/ses-creative.com\/","name":"SES Creative","description":"","publisher":{"@id":"https:\/\/ses-creative.com\/#organization"},"potentialAction":[{"@type":"SearchAction","target":{"@type":"EntryPoint","urlTemplate":"https:\/\/ses-creative.com\/?s={search_term_string}"},"query-input":{"@type":"PropertyValueSpecification","valueRequired":true,"valueName":"search_term_string"}}],"inLanguage":"de"},{"@type":"Organization","@id":"https:\/\/ses-creative.com\/#organization","name":"SES Creative","url":"https:\/\/ses-creative.com\/","logo":{"@type":"ImageObject","inLanguage":"de","@id":"https:\/\/ses-creative.com\/#\/schema\/logo\/image\/","url":"https:\/\/ses-creative.com\/wp-content\/uploads\/2025\/10\/ses-creative-logo.jpg","contentUrl":"https:\/\/ses-creative.com\/wp-content\/uploads\/2025\/10\/ses-creative-logo.jpg","width":2037,"height":2037,"caption":"SES Creative"},"image":{"@id":"https:\/\/ses-creative.com\/#\/schema\/logo\/image\/"}}]}},"_links":{"self":[{"href":"https:\/\/ses-creative.com\/de\/wp-json\/wp\/v2\/product\/114859","targetHints":{"allow":["GET"]}}],"collection":[{"href":"https:\/\/ses-creative.com\/de\/wp-json\/wp\/v2\/product"}],"about":[{"href":"https:\/\/ses-creative.com\/de\/wp-json\/wp\/v2\/types\/product"}],"replies":[{"embeddable":true,"href":"https:\/\/ses-creative.com\/de\/wp-json\/wp\/v2\/comments?post=114859"}],"wp:attachment":[{"href":"https:\/\/ses-creative.com\/de\/wp-json\/wp\/v2\/media?parent=114859"}],"wp:term":[{"taxonomy":"product_brand","embeddable":true,"href":"https:\/\/ses-creative.com\/de\/wp-json\/wp\/v2\/product_brand?post=114859"},{"taxonomy":"product_cat","embeddable":true,"href":"https:\/\/ses-creative.com\/de\/wp-json\/wp\/v2\/product_cat?post=114859"},{"taxonomy":"product_tag","embeddable":true,"href":"https:\/\/ses-creative.com\/de\/wp-json\/wp\/v2\/product_tag?post=114859"}],"curies":[{"name":"wp","href":"https:\/\/api.w.org\/{rel}","templated":true}]}}