











{"id":114844,"date":"2026-02-05T13:53:02","date_gmt":"2026-02-05T13:53:02","guid":{"rendered":"https:\/\/ses-creative.com\/?post_type=product&#038;p=114844"},"modified":"2026-02-06T09:51:51","modified_gmt":"2026-02-06T09:51:51","slug":"marmor-schleim-blau-und-rosa-200-g","status":"publish","type":"product","link":"https:\/\/ses-creative.com\/de\/produkt\/marmor-schleim-blau-und-rosa-200-g\/","title":{"rendered":"Marmor-Schleim &#8211; Blau und Rosa 200 g"},"content":{"rendered":"<p>Slime Time mit Marble Slime in Blau und Rosa!<br \/>\nSlime Time! Hast du keine Angst vor schmutzigen H\u00e4nden? Dann ist dieser Marble Slime genau das Richtige f\u00fcr dich. Mit einer Mischung aus Blau und Rosa erzeugst du einen Marmoreffekt, der nicht nur super viel Spa\u00df macht, sondern auch noch toll aussieht. Der Slime ist gebrauchsfertig, sodass du sofort loslegen kannst!<br \/>\nWas dieses Set so toll macht<br \/>\n&#8211;    Mit dem gebrauchsfertigen Schleim kannst du sofort loslegen<br \/>\n&#8211;    Zwei Slime-Farben: Blau und Rosa in einem Topf. Erzeuge einen wundersch\u00f6nen Marmoreffekt<br \/>\n&#8211;    Spielen mit den H\u00e4nden. F\u00f6rdert die motorischen F\u00e4higkeiten<br \/>\n&#8211;    Der Schleim ist sicher, glutenfrei und gut auswaschbar<br \/>\n&#8211;    Perfekt f\u00fcr Kinder ab 3 Jahren<br \/>\nLassen Sie Ihrer Kreativit\u00e4t mit Marble Slime freien Lauf<br \/>\nDieser Marble Slime l\u00e4sst sich nicht nur wunderbar kneten, ziehen und dehnen, sondern ist mit seiner wundersch\u00f6nen Farbmischung auch ein visuelles Spektakel. So einen Schleim haben Sie noch nie gesehen!<br \/>\nInhalt des Sets<br \/>\n&#8211; Marble Slime blau und rosa im Becher (200 g)<br \/>\nWarum SES Creative w\u00e4hlen?<br \/>\nBei SES Creative legen wir gro\u00dfen Wert auf Sicherheit. Deshalb werden die Produkte in der Fabrik in den Niederlanden nach den strengsten europ\u00e4ischen Sicherheitsstandards hergestellt und getestet. Spielzeug von SES Creative sorgt f\u00fcr Spa\u00df und soll Kindern erm\u00f6glichen, stolz auf ihre Arbeit zu sein, was ihre Kreativit\u00e4t und Entwicklung f\u00f6rdert.<br \/>\nBeginnen Sie noch heute mit dem Slime-Spa\u00df!<br \/>\nHolen Sie sich den Marble Slime nach Hause und entdecken Sie den Spa\u00df am Spielen mit Schleim. Perfekt f\u00fcr Kinder, die Basteln und sensorisches Spielen lieben!<\/p>\n","protected":false},"excerpt":{"rendered":"<p>Slime Time mit Marble Slime in Blau und Rosa! Slime Time! Hast du keine Angst vor schmutzigen H\u00e4nden? Dann ist dieser Marble Slime genau das Richtige f\u00fcr dich. Mit einer Mischung aus Blau und Rosa erzeugst du einen Marmoreffekt, der nicht nur super viel Spa\u00df macht, sondern auch noch toll aussieht. Der Slime ist gebrauchsfertig, [&hellip;]<\/p>\n","protected":false},"featured_media":105296,"comment_status":"closed","ping_status":"closed","template":"","meta":{"_acf_changed":false},"product_brand":[],"product_cat":[120],"product_tag":[],"class_list":{"0":"post-114844","1":"product","2":"type-product","3":"status-publish","4":"has-post-thumbnail","6":"product_cat-schleim","7":"pa_leeftijd-filter-3-4-jahre","8":"pa_meest-populair-bij-jungen-maedchen","10":"first","11":"instock","12":"shipping-taxable","13":"product-type-simple"},"acf":[],"yoast_head":"<!-- This site is optimized with the Yoast SEO plugin v27.4 - https:\/\/yoast.com\/product\/yoast-seo-wordpress\/ -->\n<title>Marmor-Schleim - Blau und Rosa 200 g - SES Creative<\/title>\n<meta name=\"robots\" content=\"index, follow, max-snippet:-1, max-image-preview:large, max-video-preview:-1\" \/>\n<link rel=\"canonical\" href=\"https:\/\/ses-creative.com\/de\/produkt\/marmor-schleim-blau-und-rosa-200-g\/\" \/>\n<meta property=\"og:locale\" content=\"de_DE\" \/>\n<meta property=\"og:type\" content=\"article\" \/>\n<meta property=\"og:title\" content=\"Marmor-Schleim - Blau und Rosa 200 g - SES Creative\" \/>\n<meta property=\"og:description\" content=\"Slime Time mit Marble Slime in Blau und Rosa! Slime Time! Hast du keine Angst vor schmutzigen H\u00e4nden? Dann ist dieser Marble Slime genau das Richtige f\u00fcr dich. Mit einer Mischung aus Blau und Rosa erzeugst du einen Marmoreffekt, der nicht nur super viel Spa\u00df macht, sondern auch noch toll aussieht. Der Slime ist gebrauchsfertig, [&hellip;]\" \/>\n<meta property=\"og:url\" content=\"https:\/\/ses-creative.com\/de\/produkt\/marmor-schleim-blau-und-rosa-200-g\/\" \/>\n<meta property=\"og:site_name\" content=\"SES Creative\" \/>\n<meta property=\"article:modified_time\" content=\"2026-02-06T09:51:51+00:00\" \/>\n<meta name=\"twitter:card\" content=\"summary_large_image\" \/>\n<meta name=\"twitter:label1\" content=\"Gesch\u00e4tzte Lesezeit\" \/>\n\t<meta name=\"twitter:data1\" content=\"1\u00a0Minute\" \/>\n<script type=\"application\/ld+json\" class=\"yoast-schema-graph\">{\"@context\":\"https:\\\/\\\/schema.org\",\"@graph\":[{\"@type\":\"WebPage\",\"@id\":\"https:\\\/\\\/ses-creative.com\\\/de\\\/produkt\\\/marmor-schleim-blau-und-rosa-200-g\\\/\",\"url\":\"https:\\\/\\\/ses-creative.com\\\/de\\\/produkt\\\/marmor-schleim-blau-und-rosa-200-g\\\/\",\"name\":\"Marmor-Schleim - Blau und Rosa 200 g - SES Creative\",\"isPartOf\":{\"@id\":\"https:\\\/\\\/ses-creative.com\\\/#website\"},\"primaryImageOfPage\":{\"@id\":\"https:\\\/\\\/ses-creative.com\\\/de\\\/produkt\\\/marmor-schleim-blau-und-rosa-200-g\\\/#primaryimage\"},\"image\":{\"@id\":\"https:\\\/\\\/ses-creative.com\\\/de\\\/produkt\\\/marmor-schleim-blau-und-rosa-200-g\\\/#primaryimage\"},\"thumbnailUrl\":\"https:\\\/\\\/ses-creative.com\\\/wp-content\\\/uploads\\\/2026\\\/01\\\/150211.jpg\",\"datePublished\":\"2026-02-05T13:53:02+00:00\",\"dateModified\":\"2026-02-06T09:51:51+00:00\",\"breadcrumb\":{\"@id\":\"https:\\\/\\\/ses-creative.com\\\/de\\\/produkt\\\/marmor-schleim-blau-und-rosa-200-g\\\/#breadcrumb\"},\"inLanguage\":\"de\",\"potentialAction\":[{\"@type\":\"ReadAction\",\"target\":[\"https:\\\/\\\/ses-creative.com\\\/de\\\/produkt\\\/marmor-schleim-blau-und-rosa-200-g\\\/\"]}]},{\"@type\":\"ImageObject\",\"inLanguage\":\"de\",\"@id\":\"https:\\\/\\\/ses-creative.com\\\/de\\\/produkt\\\/marmor-schleim-blau-und-rosa-200-g\\\/#primaryimage\",\"url\":\"https:\\\/\\\/ses-creative.com\\\/wp-content\\\/uploads\\\/2026\\\/01\\\/150211.jpg\",\"contentUrl\":\"https:\\\/\\\/ses-creative.com\\\/wp-content\\\/uploads\\\/2026\\\/01\\\/150211.jpg\",\"width\":1000,\"height\":1000},{\"@type\":\"BreadcrumbList\",\"@id\":\"https:\\\/\\\/ses-creative.com\\\/de\\\/produkt\\\/marmor-schleim-blau-und-rosa-200-g\\\/#breadcrumb\",\"itemListElement\":[{\"@type\":\"ListItem\",\"position\":1,\"name\":\"Shop\",\"item\":\"https:\\\/\\\/ses-creative.com\\\/de\\\/shop\\\/\"},{\"@type\":\"ListItem\",\"position\":2,\"name\":\"Schleim\",\"item\":\"https:\\\/\\\/ses-creative.com\\\/de\\\/product-categorie\\\/schleim\\\/\"},{\"@type\":\"ListItem\",\"position\":3,\"name\":\"Marmor-Schleim &#8211; Blau und Rosa 200 g\"}]},{\"@type\":\"WebSite\",\"@id\":\"https:\\\/\\\/ses-creative.com\\\/#website\",\"url\":\"https:\\\/\\\/ses-creative.com\\\/\",\"name\":\"SES Creative\",\"description\":\"\",\"publisher\":{\"@id\":\"https:\\\/\\\/ses-creative.com\\\/#organization\"},\"potentialAction\":[{\"@type\":\"SearchAction\",\"target\":{\"@type\":\"EntryPoint\",\"urlTemplate\":\"https:\\\/\\\/ses-creative.com\\\/?s={search_term_string}\"},\"query-input\":{\"@type\":\"PropertyValueSpecification\",\"valueRequired\":true,\"valueName\":\"search_term_string\"}}],\"inLanguage\":\"de\"},{\"@type\":\"Organization\",\"@id\":\"https:\\\/\\\/ses-creative.com\\\/#organization\",\"name\":\"SES Creative\",\"url\":\"https:\\\/\\\/ses-creative.com\\\/\",\"logo\":{\"@type\":\"ImageObject\",\"inLanguage\":\"de\",\"@id\":\"https:\\\/\\\/ses-creative.com\\\/#\\\/schema\\\/logo\\\/image\\\/\",\"url\":\"https:\\\/\\\/ses-creative.com\\\/wp-content\\\/uploads\\\/2025\\\/10\\\/ses-creative-logo.jpg\",\"contentUrl\":\"https:\\\/\\\/ses-creative.com\\\/wp-content\\\/uploads\\\/2025\\\/10\\\/ses-creative-logo.jpg\",\"width\":2037,\"height\":2037,\"caption\":\"SES Creative\"},\"image\":{\"@id\":\"https:\\\/\\\/ses-creative.com\\\/#\\\/schema\\\/logo\\\/image\\\/\"}}]}<\/script>\n<!-- \/ Yoast SEO plugin. -->","yoast_head_json":{"title":"Marmor-Schleim - Blau und Rosa 200 g - SES Creative","robots":{"index":"index","follow":"follow","max-snippet":"max-snippet:-1","max-image-preview":"max-image-preview:large","max-video-preview":"max-video-preview:-1"},"canonical":"https:\/\/ses-creative.com\/de\/produkt\/marmor-schleim-blau-und-rosa-200-g\/","og_locale":"de_DE","og_type":"article","og_title":"Marmor-Schleim - Blau und Rosa 200 g - SES Creative","og_description":"Slime Time mit Marble Slime in Blau und Rosa! Slime Time! Hast du keine Angst vor schmutzigen H\u00e4nden? Dann ist dieser Marble Slime genau das Richtige f\u00fcr dich. Mit einer Mischung aus Blau und Rosa erzeugst du einen Marmoreffekt, der nicht nur super viel Spa\u00df macht, sondern auch noch toll aussieht. Der Slime ist gebrauchsfertig, [&hellip;]","og_url":"https:\/\/ses-creative.com\/de\/produkt\/marmor-schleim-blau-und-rosa-200-g\/","og_site_name":"SES Creative","article_modified_time":"2026-02-06T09:51:51+00:00","twitter_card":"summary_large_image","twitter_misc":{"Gesch\u00e4tzte Lesezeit":"1\u00a0Minute"},"schema":{"@context":"https:\/\/schema.org","@graph":[{"@type":"WebPage","@id":"https:\/\/ses-creative.com\/de\/produkt\/marmor-schleim-blau-und-rosa-200-g\/","url":"https:\/\/ses-creative.com\/de\/produkt\/marmor-schleim-blau-und-rosa-200-g\/","name":"Marmor-Schleim - Blau und Rosa 200 g - SES Creative","isPartOf":{"@id":"https:\/\/ses-creative.com\/#website"},"primaryImageOfPage":{"@id":"https:\/\/ses-creative.com\/de\/produkt\/marmor-schleim-blau-und-rosa-200-g\/#primaryimage"},"image":{"@id":"https:\/\/ses-creative.com\/de\/produkt\/marmor-schleim-blau-und-rosa-200-g\/#primaryimage"},"thumbnailUrl":"https:\/\/ses-creative.com\/wp-content\/uploads\/2026\/01\/150211.jpg","datePublished":"2026-02-05T13:53:02+00:00","dateModified":"2026-02-06T09:51:51+00:00","breadcrumb":{"@id":"https:\/\/ses-creative.com\/de\/produkt\/marmor-schleim-blau-und-rosa-200-g\/#breadcrumb"},"inLanguage":"de","potentialAction":[{"@type":"ReadAction","target":["https:\/\/ses-creative.com\/de\/produkt\/marmor-schleim-blau-und-rosa-200-g\/"]}]},{"@type":"ImageObject","inLanguage":"de","@id":"https:\/\/ses-creative.com\/de\/produkt\/marmor-schleim-blau-und-rosa-200-g\/#primaryimage","url":"https:\/\/ses-creative.com\/wp-content\/uploads\/2026\/01\/150211.jpg","contentUrl":"https:\/\/ses-creative.com\/wp-content\/uploads\/2026\/01\/150211.jpg","width":1000,"height":1000},{"@type":"BreadcrumbList","@id":"https:\/\/ses-creative.com\/de\/produkt\/marmor-schleim-blau-und-rosa-200-g\/#breadcrumb","itemListElement":[{"@type":"ListItem","position":1,"name":"Shop","item":"https:\/\/ses-creative.com\/de\/shop\/"},{"@type":"ListItem","position":2,"name":"Schleim","item":"https:\/\/ses-creative.com\/de\/product-categorie\/schleim\/"},{"@type":"ListItem","position":3,"name":"Marmor-Schleim &#8211; Blau und Rosa 200 g"}]},{"@type":"WebSite","@id":"https:\/\/ses-creative.com\/#website","url":"https:\/\/ses-creative.com\/","name":"SES Creative","description":"","publisher":{"@id":"https:\/\/ses-creative.com\/#organization"},"potentialAction":[{"@type":"SearchAction","target":{"@type":"EntryPoint","urlTemplate":"https:\/\/ses-creative.com\/?s={search_term_string}"},"query-input":{"@type":"PropertyValueSpecification","valueRequired":true,"valueName":"search_term_string"}}],"inLanguage":"de"},{"@type":"Organization","@id":"https:\/\/ses-creative.com\/#organization","name":"SES Creative","url":"https:\/\/ses-creative.com\/","logo":{"@type":"ImageObject","inLanguage":"de","@id":"https:\/\/ses-creative.com\/#\/schema\/logo\/image\/","url":"https:\/\/ses-creative.com\/wp-content\/uploads\/2025\/10\/ses-creative-logo.jpg","contentUrl":"https:\/\/ses-creative.com\/wp-content\/uploads\/2025\/10\/ses-creative-logo.jpg","width":2037,"height":2037,"caption":"SES Creative"},"image":{"@id":"https:\/\/ses-creative.com\/#\/schema\/logo\/image\/"}}]}},"_links":{"self":[{"href":"https:\/\/ses-creative.com\/de\/wp-json\/wp\/v2\/product\/114844","targetHints":{"allow":["GET"]}}],"collection":[{"href":"https:\/\/ses-creative.com\/de\/wp-json\/wp\/v2\/product"}],"about":[{"href":"https:\/\/ses-creative.com\/de\/wp-json\/wp\/v2\/types\/product"}],"replies":[{"embeddable":true,"href":"https:\/\/ses-creative.com\/de\/wp-json\/wp\/v2\/comments?post=114844"}],"wp:featuredmedia":[{"embeddable":true,"href":"https:\/\/ses-creative.com\/de\/wp-json\/wp\/v2\/media\/105296"}],"wp:attachment":[{"href":"https:\/\/ses-creative.com\/de\/wp-json\/wp\/v2\/media?parent=114844"}],"wp:term":[{"taxonomy":"product_brand","embeddable":true,"href":"https:\/\/ses-creative.com\/de\/wp-json\/wp\/v2\/product_brand?post=114844"},{"taxonomy":"product_cat","embeddable":true,"href":"https:\/\/ses-creative.com\/de\/wp-json\/wp\/v2\/product_cat?post=114844"},{"taxonomy":"product_tag","embeddable":true,"href":"https:\/\/ses-creative.com\/de\/wp-json\/wp\/v2\/product_tag?post=114844"}],"curies":[{"name":"wp","href":"https:\/\/api.w.org\/{rel}","templated":true}]}}