











{"id":114843,"date":"2026-02-05T13:53:02","date_gmt":"2026-02-05T13:53:02","guid":{"rendered":"https:\/\/ses-creative.com\/?post_type=product&#038;p=114843"},"modified":"2026-02-06T09:51:51","modified_gmt":"2026-02-06T09:51:51","slug":"schleim-mix-it-mania","status":"publish","type":"product","link":"https:\/\/ses-creative.com\/de\/produkt\/schleim-mix-it-mania\/","title":{"rendered":"Schleim &#8211; Mix it mania"},"content":{"rendered":"<p>Slime \u2013 Mix it Mania: Endloser Schleimspa\u00df!<br \/>\nDieses Mix it Mania Schleim-Set ist der Traum jedes Kindes! Mit nicht weniger als 7 Gl\u00e4sern Schleim sind die M\u00f6glichkeiten endlos. Mischen Sie die Schleimfarben oder mischen Sie den Schleim mit Perlen, Schaumstoffb\u00e4llen, im Dunkeln leuchtenden Sternen oder Glitzerpompons. Mit dem Mix it Mania Set ist alles m\u00f6glich und alles erlaubt! Der Schleim von SES Creative ist f\u00fcr Kinder unbedenklich und erf\u00fcllt alle Sicherheitsanforderungen.<br \/>\nWas dieses Set so toll macht<br \/>\n&#8211;    Mit dem fertigen Schleim kann sofort losgespielt werden<br \/>\n&#8211;    Sch\u00f6ne Perlen, B\u00e4llchen und im Dunkeln leuchtende Sterne zum Verzieren Ihres Schleims<br \/>\n&#8211;    Enth\u00e4lt speziellen Schleim mit Duft, im Dunkeln leuchtenden oder glitzernden Partikeln<br \/>\n&#8211;    Der Schleim ist gut auswaschbar<br \/>\n&#8211;    Der Schleim ist sicher und f\u00fcr Kinder geeignet. Hergestellt und getestet in den Niederlanden<br \/>\nErstelle deinen eigenen magischen Schleim<br \/>\nMit diesem Set k\u00f6nnen Kinder endlos experimentieren und ihre eigenen einzigartigen Schleimkreationen herstellen. Die bunten und vielf\u00e4ltigen Texturen sorgen f\u00fcr stundenlangen Spielspa\u00df und regen die Kreativit\u00e4t und Fantasie der Kinder an.<br \/>\nDas Mix it Mania-Set ist perfekt f\u00fcr Kinder, die gerne basteln und entdecken. Es macht nicht nur Spa\u00df, sondern ist auch sicher und leicht zu reinigen. Eltern k\u00f6nnen sich darauf verlassen, dass ihre Kinder mit einem Produkt spielen, das den h\u00f6chsten Sicherheitsstandards entspricht.<br \/>\nInhalt des Sets<br \/>\n&#8211;    Schleim in den Farben Gr\u00fcn, Blau, Glitzer-Lila, Rosa, Rot und Transparent<br \/>\n&#8211;    Schleim in verschiedenen Farben, Dicken und D\u00fcften<br \/>\n&#8211;    Schleim mit Glitzer<br \/>\n&#8211;    Perlen, Pompons und im Dunkeln leuchtende Sterne zum Verzieren des Schleims<br \/>\nWarum SES Creative w\u00e4hlen?<br \/>\nBei SES Creative legen wir gro\u00dfen Wert auf Sicherheit. Deshalb werden die Produkte in unserem Werk in den Niederlanden nach den strengsten europ\u00e4ischen Sicherheitsstandards hergestellt und getestet. Spielzeug von SES Creative sorgt f\u00fcr Spa\u00df und soll Kindern ein Gef\u00fchl des Stolzes auf ihre Arbeit vermitteln, was ihre Kreativit\u00e4t und Entwicklung f\u00f6rdert.<br \/>\nBeginnen Sie noch heute mit Mix it Mania<br \/>\nEntdecken Sie die Magie des Schleims und lassen Sie Ihrer Kreativit\u00e4t mit dem Mix it Mania-Set von SES Creative freien Lauf. Perfekt f\u00fcr endlosen Bastelspa\u00df!<\/p>\n","protected":false},"excerpt":{"rendered":"<p>Slime \u2013 Mix it Mania: Endloser Schleimspa\u00df! Dieses Mix it Mania Schleim-Set ist der Traum jedes Kindes! Mit nicht weniger als 7 Gl\u00e4sern Schleim sind die M\u00f6glichkeiten endlos. Mischen Sie die Schleimfarben oder mischen Sie den Schleim mit Perlen, Schaumstoffb\u00e4llen, im Dunkeln leuchtenden Sternen oder Glitzerpompons. Mit dem Mix it Mania Set ist alles m\u00f6glich [&hellip;]<\/p>\n","protected":false},"featured_media":105276,"comment_status":"closed","ping_status":"closed","template":"","meta":{"_acf_changed":false},"product_brand":[],"product_cat":[120],"product_tag":[],"class_list":{"0":"post-114843","1":"product","2":"type-product","3":"status-publish","4":"has-post-thumbnail","6":"product_cat-schleim","7":"pa_collecties-slime-lab","8":"pa_leeftijd-filter-3-4-jahre","9":"pa_meest-populair-bij-jungen-maedchen","11":"first","12":"instock","13":"shipping-taxable","14":"product-type-simple"},"acf":[],"yoast_head":"<!-- This site is optimized with the Yoast SEO plugin v27.4 - https:\/\/yoast.com\/product\/yoast-seo-wordpress\/ -->\n<title>Schleim - Mix it mania - SES Creative<\/title>\n<meta name=\"robots\" content=\"index, follow, max-snippet:-1, max-image-preview:large, max-video-preview:-1\" \/>\n<link rel=\"canonical\" href=\"https:\/\/ses-creative.com\/de\/produkt\/schleim-mix-it-mania\/\" \/>\n<meta property=\"og:locale\" content=\"de_DE\" \/>\n<meta property=\"og:type\" content=\"article\" \/>\n<meta property=\"og:title\" content=\"Schleim - Mix it mania - SES Creative\" \/>\n<meta property=\"og:description\" content=\"Slime \u2013 Mix it Mania: Endloser Schleimspa\u00df! Dieses Mix it Mania Schleim-Set ist der Traum jedes Kindes! Mit nicht weniger als 7 Gl\u00e4sern Schleim sind die M\u00f6glichkeiten endlos. Mischen Sie die Schleimfarben oder mischen Sie den Schleim mit Perlen, Schaumstoffb\u00e4llen, im Dunkeln leuchtenden Sternen oder Glitzerpompons. Mit dem Mix it Mania Set ist alles m\u00f6glich [&hellip;]\" \/>\n<meta property=\"og:url\" content=\"https:\/\/ses-creative.com\/de\/produkt\/schleim-mix-it-mania\/\" \/>\n<meta property=\"og:site_name\" content=\"SES Creative\" \/>\n<meta property=\"article:modified_time\" content=\"2026-02-06T09:51:51+00:00\" \/>\n<meta name=\"twitter:card\" content=\"summary_large_image\" \/>\n<meta name=\"twitter:label1\" content=\"Gesch\u00e4tzte Lesezeit\" \/>\n\t<meta name=\"twitter:data1\" content=\"2\u00a0Minuten\" \/>\n<script type=\"application\/ld+json\" class=\"yoast-schema-graph\">{\"@context\":\"https:\\\/\\\/schema.org\",\"@graph\":[{\"@type\":\"WebPage\",\"@id\":\"https:\\\/\\\/ses-creative.com\\\/de\\\/produkt\\\/schleim-mix-it-mania\\\/\",\"url\":\"https:\\\/\\\/ses-creative.com\\\/de\\\/produkt\\\/schleim-mix-it-mania\\\/\",\"name\":\"Schleim - Mix it mania - SES Creative\",\"isPartOf\":{\"@id\":\"https:\\\/\\\/ses-creative.com\\\/#website\"},\"primaryImageOfPage\":{\"@id\":\"https:\\\/\\\/ses-creative.com\\\/de\\\/produkt\\\/schleim-mix-it-mania\\\/#primaryimage\"},\"image\":{\"@id\":\"https:\\\/\\\/ses-creative.com\\\/de\\\/produkt\\\/schleim-mix-it-mania\\\/#primaryimage\"},\"thumbnailUrl\":\"https:\\\/\\\/ses-creative.com\\\/wp-content\\\/uploads\\\/2026\\\/01\\\/150191.jpg\",\"datePublished\":\"2026-02-05T13:53:02+00:00\",\"dateModified\":\"2026-02-06T09:51:51+00:00\",\"breadcrumb\":{\"@id\":\"https:\\\/\\\/ses-creative.com\\\/de\\\/produkt\\\/schleim-mix-it-mania\\\/#breadcrumb\"},\"inLanguage\":\"de\",\"potentialAction\":[{\"@type\":\"ReadAction\",\"target\":[\"https:\\\/\\\/ses-creative.com\\\/de\\\/produkt\\\/schleim-mix-it-mania\\\/\"]}]},{\"@type\":\"ImageObject\",\"inLanguage\":\"de\",\"@id\":\"https:\\\/\\\/ses-creative.com\\\/de\\\/produkt\\\/schleim-mix-it-mania\\\/#primaryimage\",\"url\":\"https:\\\/\\\/ses-creative.com\\\/wp-content\\\/uploads\\\/2026\\\/01\\\/150191.jpg\",\"contentUrl\":\"https:\\\/\\\/ses-creative.com\\\/wp-content\\\/uploads\\\/2026\\\/01\\\/150191.jpg\",\"width\":1000,\"height\":1000},{\"@type\":\"BreadcrumbList\",\"@id\":\"https:\\\/\\\/ses-creative.com\\\/de\\\/produkt\\\/schleim-mix-it-mania\\\/#breadcrumb\",\"itemListElement\":[{\"@type\":\"ListItem\",\"position\":1,\"name\":\"Shop\",\"item\":\"https:\\\/\\\/ses-creative.com\\\/de\\\/shop\\\/\"},{\"@type\":\"ListItem\",\"position\":2,\"name\":\"Schleim\",\"item\":\"https:\\\/\\\/ses-creative.com\\\/de\\\/product-categorie\\\/schleim\\\/\"},{\"@type\":\"ListItem\",\"position\":3,\"name\":\"Schleim &#8211; Mix it mania\"}]},{\"@type\":\"WebSite\",\"@id\":\"https:\\\/\\\/ses-creative.com\\\/#website\",\"url\":\"https:\\\/\\\/ses-creative.com\\\/\",\"name\":\"SES Creative\",\"description\":\"\",\"publisher\":{\"@id\":\"https:\\\/\\\/ses-creative.com\\\/#organization\"},\"potentialAction\":[{\"@type\":\"SearchAction\",\"target\":{\"@type\":\"EntryPoint\",\"urlTemplate\":\"https:\\\/\\\/ses-creative.com\\\/?s={search_term_string}\"},\"query-input\":{\"@type\":\"PropertyValueSpecification\",\"valueRequired\":true,\"valueName\":\"search_term_string\"}}],\"inLanguage\":\"de\"},{\"@type\":\"Organization\",\"@id\":\"https:\\\/\\\/ses-creative.com\\\/#organization\",\"name\":\"SES Creative\",\"url\":\"https:\\\/\\\/ses-creative.com\\\/\",\"logo\":{\"@type\":\"ImageObject\",\"inLanguage\":\"de\",\"@id\":\"https:\\\/\\\/ses-creative.com\\\/#\\\/schema\\\/logo\\\/image\\\/\",\"url\":\"https:\\\/\\\/ses-creative.com\\\/wp-content\\\/uploads\\\/2025\\\/10\\\/ses-creative-logo.jpg\",\"contentUrl\":\"https:\\\/\\\/ses-creative.com\\\/wp-content\\\/uploads\\\/2025\\\/10\\\/ses-creative-logo.jpg\",\"width\":2037,\"height\":2037,\"caption\":\"SES Creative\"},\"image\":{\"@id\":\"https:\\\/\\\/ses-creative.com\\\/#\\\/schema\\\/logo\\\/image\\\/\"}}]}<\/script>\n<!-- \/ Yoast SEO plugin. -->","yoast_head_json":{"title":"Schleim - Mix it mania - SES Creative","robots":{"index":"index","follow":"follow","max-snippet":"max-snippet:-1","max-image-preview":"max-image-preview:large","max-video-preview":"max-video-preview:-1"},"canonical":"https:\/\/ses-creative.com\/de\/produkt\/schleim-mix-it-mania\/","og_locale":"de_DE","og_type":"article","og_title":"Schleim - Mix it mania - SES Creative","og_description":"Slime \u2013 Mix it Mania: Endloser Schleimspa\u00df! Dieses Mix it Mania Schleim-Set ist der Traum jedes Kindes! Mit nicht weniger als 7 Gl\u00e4sern Schleim sind die M\u00f6glichkeiten endlos. Mischen Sie die Schleimfarben oder mischen Sie den Schleim mit Perlen, Schaumstoffb\u00e4llen, im Dunkeln leuchtenden Sternen oder Glitzerpompons. Mit dem Mix it Mania Set ist alles m\u00f6glich [&hellip;]","og_url":"https:\/\/ses-creative.com\/de\/produkt\/schleim-mix-it-mania\/","og_site_name":"SES Creative","article_modified_time":"2026-02-06T09:51:51+00:00","twitter_card":"summary_large_image","twitter_misc":{"Gesch\u00e4tzte Lesezeit":"2\u00a0Minuten"},"schema":{"@context":"https:\/\/schema.org","@graph":[{"@type":"WebPage","@id":"https:\/\/ses-creative.com\/de\/produkt\/schleim-mix-it-mania\/","url":"https:\/\/ses-creative.com\/de\/produkt\/schleim-mix-it-mania\/","name":"Schleim - Mix it mania - SES Creative","isPartOf":{"@id":"https:\/\/ses-creative.com\/#website"},"primaryImageOfPage":{"@id":"https:\/\/ses-creative.com\/de\/produkt\/schleim-mix-it-mania\/#primaryimage"},"image":{"@id":"https:\/\/ses-creative.com\/de\/produkt\/schleim-mix-it-mania\/#primaryimage"},"thumbnailUrl":"https:\/\/ses-creative.com\/wp-content\/uploads\/2026\/01\/150191.jpg","datePublished":"2026-02-05T13:53:02+00:00","dateModified":"2026-02-06T09:51:51+00:00","breadcrumb":{"@id":"https:\/\/ses-creative.com\/de\/produkt\/schleim-mix-it-mania\/#breadcrumb"},"inLanguage":"de","potentialAction":[{"@type":"ReadAction","target":["https:\/\/ses-creative.com\/de\/produkt\/schleim-mix-it-mania\/"]}]},{"@type":"ImageObject","inLanguage":"de","@id":"https:\/\/ses-creative.com\/de\/produkt\/schleim-mix-it-mania\/#primaryimage","url":"https:\/\/ses-creative.com\/wp-content\/uploads\/2026\/01\/150191.jpg","contentUrl":"https:\/\/ses-creative.com\/wp-content\/uploads\/2026\/01\/150191.jpg","width":1000,"height":1000},{"@type":"BreadcrumbList","@id":"https:\/\/ses-creative.com\/de\/produkt\/schleim-mix-it-mania\/#breadcrumb","itemListElement":[{"@type":"ListItem","position":1,"name":"Shop","item":"https:\/\/ses-creative.com\/de\/shop\/"},{"@type":"ListItem","position":2,"name":"Schleim","item":"https:\/\/ses-creative.com\/de\/product-categorie\/schleim\/"},{"@type":"ListItem","position":3,"name":"Schleim &#8211; Mix it mania"}]},{"@type":"WebSite","@id":"https:\/\/ses-creative.com\/#website","url":"https:\/\/ses-creative.com\/","name":"SES Creative","description":"","publisher":{"@id":"https:\/\/ses-creative.com\/#organization"},"potentialAction":[{"@type":"SearchAction","target":{"@type":"EntryPoint","urlTemplate":"https:\/\/ses-creative.com\/?s={search_term_string}"},"query-input":{"@type":"PropertyValueSpecification","valueRequired":true,"valueName":"search_term_string"}}],"inLanguage":"de"},{"@type":"Organization","@id":"https:\/\/ses-creative.com\/#organization","name":"SES Creative","url":"https:\/\/ses-creative.com\/","logo":{"@type":"ImageObject","inLanguage":"de","@id":"https:\/\/ses-creative.com\/#\/schema\/logo\/image\/","url":"https:\/\/ses-creative.com\/wp-content\/uploads\/2025\/10\/ses-creative-logo.jpg","contentUrl":"https:\/\/ses-creative.com\/wp-content\/uploads\/2025\/10\/ses-creative-logo.jpg","width":2037,"height":2037,"caption":"SES Creative"},"image":{"@id":"https:\/\/ses-creative.com\/#\/schema\/logo\/image\/"}}]}},"_links":{"self":[{"href":"https:\/\/ses-creative.com\/de\/wp-json\/wp\/v2\/product\/114843","targetHints":{"allow":["GET"]}}],"collection":[{"href":"https:\/\/ses-creative.com\/de\/wp-json\/wp\/v2\/product"}],"about":[{"href":"https:\/\/ses-creative.com\/de\/wp-json\/wp\/v2\/types\/product"}],"replies":[{"embeddable":true,"href":"https:\/\/ses-creative.com\/de\/wp-json\/wp\/v2\/comments?post=114843"}],"wp:featuredmedia":[{"embeddable":true,"href":"https:\/\/ses-creative.com\/de\/wp-json\/wp\/v2\/media\/105276"}],"wp:attachment":[{"href":"https:\/\/ses-creative.com\/de\/wp-json\/wp\/v2\/media?parent=114843"}],"wp:term":[{"taxonomy":"product_brand","embeddable":true,"href":"https:\/\/ses-creative.com\/de\/wp-json\/wp\/v2\/product_brand?post=114843"},{"taxonomy":"product_cat","embeddable":true,"href":"https:\/\/ses-creative.com\/de\/wp-json\/wp\/v2\/product_cat?post=114843"},{"taxonomy":"product_tag","embeddable":true,"href":"https:\/\/ses-creative.com\/de\/wp-json\/wp\/v2\/product_tag?post=114843"}],"curies":[{"name":"wp","href":"https:\/\/api.w.org\/{rel}","templated":true}]}}