











{"id":114840,"date":"2026-02-05T13:53:02","date_gmt":"2026-02-05T13:53:02","guid":{"rendered":"https:\/\/ses-creative.com\/?post_type=product&#038;p=114840"},"modified":"2026-02-06T09:51:51","modified_gmt":"2026-02-06T09:51:51","slug":"slime-lab-glow-in-the-dark","status":"publish","type":"product","link":"https:\/\/ses-creative.com\/de\/produkt\/slime-lab-glow-in-the-dark\/","title":{"rendered":"Slime lab &#8211; Glow in the Dark"},"content":{"rendered":"<p>Stelle deinen eigenen Glow-in-the-Dark-Schleim mit dem Slime Lab her!<br \/>\nSlime-Zeit! Du hast keine Angst vor schmutzigen H\u00e4nden und machst dich im Slime Lab an die Arbeit mit dem neuesten Trend: Glow-in-the-Dark-Schleim herstellen. Mische die Zutaten, f\u00fcge die Farben hinzu und sieh zu, wie dein Schleim im Dunkeln leuchtet. Perfekt f\u00fcr Kinder, die gerne experimentieren und spielen!<br \/>\nWas dieses Set so toll macht<br \/>\n&#8211;    Mischen und spielen<br \/>\n&#8211;    STEM-Spielzeug<br \/>\n&#8211;    Der Schleim ist leicht auswaschbar<br \/>\n&#8211;    F\u00f6rdert Kreativit\u00e4t und Neugier<br \/>\n&#8211;    Geeignet f\u00fcr Kinder ab 8 Jahren<br \/>\nEntwirf deinen eigenen Glow-in-the-Dark-Schleim<br \/>\nMit diesem Set k\u00f6nnen Kinder ihren eigenen Glow-in-the-Dark-Schleim herstellen. Die Kombination aus Schleimpulver und Glow-in-the-Dark-Magie sorgt f\u00fcr magische Effekte im Dunkeln. Eine gro\u00dfartige M\u00f6glichkeit, kreativ zu sein und gleichzeitig etwas Neues zu lernen.<br \/>\nDieses Set ist ideal f\u00fcr Eltern, die ihren Kindern eine kreative und wissenschaftliche Aktivit\u00e4t bieten m\u00f6chten. Es bietet eine unterhaltsame M\u00f6glichkeit zum Spielen und Lernen und regt gleichzeitig die Fantasie und das wissenschaftliche Denken Ihres Kindes an.<br \/>\nInhalt des Sets<br \/>\n&#8211;    Alle Zutaten, um selbst Leucht-Schleim herzustellen<br \/>\n&#8211;    Zutaten f\u00fcr blauen und gelben Schleim<br \/>\n&#8211;    Im Dunkeln leuchtende Sterne und Aufkleber<br \/>\n&#8211;    Glitzer<br \/>\nWarum SES Creative w\u00e4hlen?<br \/>\nBei SES Creative legen wir gro\u00dfen Wert auf Sicherheit. Deshalb werden die Produkte in unserem Werk in den Niederlanden nach den strengsten europ\u00e4ischen Sicherheitsstandards hergestellt und getestet. Spielzeug von SES Creative macht Spa\u00df und soll Kindern ein Gef\u00fchl der Stolz auf ihre Arbeit vermitteln, was ihre Kreativit\u00e4t und Entwicklung f\u00f6rdert.<br \/>\nBeginnen Sie noch heute mit der Herstellung von Glow-in-the-Dark-Schleim<br \/>\nEntdecken Sie den Spa\u00df am Slime-Basteln und kreieren Sie mit diesem Komplettset die sch\u00f6nsten Glow-in-the-Dark-Slime-Kreationen. Perfekt f\u00fcr stundenlangen kreativen Spielspa\u00df!<\/p>\n","protected":false},"excerpt":{"rendered":"<p>Stelle deinen eigenen Glow-in-the-Dark-Schleim mit dem Slime Lab her! Slime-Zeit! Du hast keine Angst vor schmutzigen H\u00e4nden und machst dich im Slime Lab an die Arbeit mit dem neuesten Trend: Glow-in-the-Dark-Schleim herstellen. Mische die Zutaten, f\u00fcge die Farben hinzu und sieh zu, wie dein Schleim im Dunkeln leuchtet. Perfekt f\u00fcr Kinder, die gerne experimentieren und [&hellip;]<\/p>\n","protected":false},"featured_media":105216,"comment_status":"closed","ping_status":"closed","template":"","meta":{"_acf_changed":false},"product_brand":[],"product_cat":[120],"product_tag":[],"class_list":{"0":"post-114840","1":"product","2":"type-product","3":"status-publish","4":"has-post-thumbnail","6":"product_cat-schleim","7":"pa_collecties-slime-lab","8":"pa_leeftijd-filter-6-jahre","9":"pa_meest-populair-bij-jungen-maedchen","11":"first","12":"instock","13":"shipping-taxable","14":"product-type-simple"},"acf":[],"yoast_head":"<!-- This site is optimized with the Yoast SEO plugin v27.4 - https:\/\/yoast.com\/product\/yoast-seo-wordpress\/ -->\n<title>Slime lab - Glow in the Dark - SES Creative<\/title>\n<meta name=\"robots\" content=\"index, follow, max-snippet:-1, max-image-preview:large, max-video-preview:-1\" \/>\n<link rel=\"canonical\" href=\"https:\/\/ses-creative.com\/de\/produkt\/slime-lab-glow-in-the-dark\/\" \/>\n<meta property=\"og:locale\" content=\"de_DE\" \/>\n<meta property=\"og:type\" content=\"article\" \/>\n<meta property=\"og:title\" content=\"Slime lab - Glow in the Dark - SES Creative\" \/>\n<meta property=\"og:description\" content=\"Stelle deinen eigenen Glow-in-the-Dark-Schleim mit dem Slime Lab her! Slime-Zeit! Du hast keine Angst vor schmutzigen H\u00e4nden und machst dich im Slime Lab an die Arbeit mit dem neuesten Trend: Glow-in-the-Dark-Schleim herstellen. Mische die Zutaten, f\u00fcge die Farben hinzu und sieh zu, wie dein Schleim im Dunkeln leuchtet. Perfekt f\u00fcr Kinder, die gerne experimentieren und [&hellip;]\" \/>\n<meta property=\"og:url\" content=\"https:\/\/ses-creative.com\/de\/produkt\/slime-lab-glow-in-the-dark\/\" \/>\n<meta property=\"og:site_name\" content=\"SES Creative\" \/>\n<meta property=\"article:modified_time\" content=\"2026-02-06T09:51:51+00:00\" \/>\n<meta name=\"twitter:card\" content=\"summary_large_image\" \/>\n<meta name=\"twitter:label1\" content=\"Gesch\u00e4tzte Lesezeit\" \/>\n\t<meta name=\"twitter:data1\" content=\"1\u00a0Minute\" \/>\n<script type=\"application\/ld+json\" class=\"yoast-schema-graph\">{\"@context\":\"https:\\\/\\\/schema.org\",\"@graph\":[{\"@type\":\"WebPage\",\"@id\":\"https:\\\/\\\/ses-creative.com\\\/de\\\/produkt\\\/slime-lab-glow-in-the-dark\\\/\",\"url\":\"https:\\\/\\\/ses-creative.com\\\/de\\\/produkt\\\/slime-lab-glow-in-the-dark\\\/\",\"name\":\"Slime lab - Glow in the Dark - SES Creative\",\"isPartOf\":{\"@id\":\"https:\\\/\\\/ses-creative.com\\\/#website\"},\"primaryImageOfPage\":{\"@id\":\"https:\\\/\\\/ses-creative.com\\\/de\\\/produkt\\\/slime-lab-glow-in-the-dark\\\/#primaryimage\"},\"image\":{\"@id\":\"https:\\\/\\\/ses-creative.com\\\/de\\\/produkt\\\/slime-lab-glow-in-the-dark\\\/#primaryimage\"},\"thumbnailUrl\":\"https:\\\/\\\/ses-creative.com\\\/wp-content\\\/uploads\\\/2026\\\/01\\\/150151.jpg\",\"datePublished\":\"2026-02-05T13:53:02+00:00\",\"dateModified\":\"2026-02-06T09:51:51+00:00\",\"breadcrumb\":{\"@id\":\"https:\\\/\\\/ses-creative.com\\\/de\\\/produkt\\\/slime-lab-glow-in-the-dark\\\/#breadcrumb\"},\"inLanguage\":\"de\",\"potentialAction\":[{\"@type\":\"ReadAction\",\"target\":[\"https:\\\/\\\/ses-creative.com\\\/de\\\/produkt\\\/slime-lab-glow-in-the-dark\\\/\"]}]},{\"@type\":\"ImageObject\",\"inLanguage\":\"de\",\"@id\":\"https:\\\/\\\/ses-creative.com\\\/de\\\/produkt\\\/slime-lab-glow-in-the-dark\\\/#primaryimage\",\"url\":\"https:\\\/\\\/ses-creative.com\\\/wp-content\\\/uploads\\\/2026\\\/01\\\/150151.jpg\",\"contentUrl\":\"https:\\\/\\\/ses-creative.com\\\/wp-content\\\/uploads\\\/2026\\\/01\\\/150151.jpg\",\"width\":1000,\"height\":1000},{\"@type\":\"BreadcrumbList\",\"@id\":\"https:\\\/\\\/ses-creative.com\\\/de\\\/produkt\\\/slime-lab-glow-in-the-dark\\\/#breadcrumb\",\"itemListElement\":[{\"@type\":\"ListItem\",\"position\":1,\"name\":\"Shop\",\"item\":\"https:\\\/\\\/ses-creative.com\\\/de\\\/shop\\\/\"},{\"@type\":\"ListItem\",\"position\":2,\"name\":\"Schleim\",\"item\":\"https:\\\/\\\/ses-creative.com\\\/de\\\/product-categorie\\\/schleim\\\/\"},{\"@type\":\"ListItem\",\"position\":3,\"name\":\"Slime lab &#8211; Glow in the Dark\"}]},{\"@type\":\"WebSite\",\"@id\":\"https:\\\/\\\/ses-creative.com\\\/#website\",\"url\":\"https:\\\/\\\/ses-creative.com\\\/\",\"name\":\"SES Creative\",\"description\":\"\",\"publisher\":{\"@id\":\"https:\\\/\\\/ses-creative.com\\\/#organization\"},\"potentialAction\":[{\"@type\":\"SearchAction\",\"target\":{\"@type\":\"EntryPoint\",\"urlTemplate\":\"https:\\\/\\\/ses-creative.com\\\/?s={search_term_string}\"},\"query-input\":{\"@type\":\"PropertyValueSpecification\",\"valueRequired\":true,\"valueName\":\"search_term_string\"}}],\"inLanguage\":\"de\"},{\"@type\":\"Organization\",\"@id\":\"https:\\\/\\\/ses-creative.com\\\/#organization\",\"name\":\"SES Creative\",\"url\":\"https:\\\/\\\/ses-creative.com\\\/\",\"logo\":{\"@type\":\"ImageObject\",\"inLanguage\":\"de\",\"@id\":\"https:\\\/\\\/ses-creative.com\\\/#\\\/schema\\\/logo\\\/image\\\/\",\"url\":\"https:\\\/\\\/ses-creative.com\\\/wp-content\\\/uploads\\\/2025\\\/10\\\/ses-creative-logo.jpg\",\"contentUrl\":\"https:\\\/\\\/ses-creative.com\\\/wp-content\\\/uploads\\\/2025\\\/10\\\/ses-creative-logo.jpg\",\"width\":2037,\"height\":2037,\"caption\":\"SES Creative\"},\"image\":{\"@id\":\"https:\\\/\\\/ses-creative.com\\\/#\\\/schema\\\/logo\\\/image\\\/\"}}]}<\/script>\n<!-- \/ Yoast SEO plugin. -->","yoast_head_json":{"title":"Slime lab - Glow in the Dark - SES Creative","robots":{"index":"index","follow":"follow","max-snippet":"max-snippet:-1","max-image-preview":"max-image-preview:large","max-video-preview":"max-video-preview:-1"},"canonical":"https:\/\/ses-creative.com\/de\/produkt\/slime-lab-glow-in-the-dark\/","og_locale":"de_DE","og_type":"article","og_title":"Slime lab - Glow in the Dark - SES Creative","og_description":"Stelle deinen eigenen Glow-in-the-Dark-Schleim mit dem Slime Lab her! Slime-Zeit! Du hast keine Angst vor schmutzigen H\u00e4nden und machst dich im Slime Lab an die Arbeit mit dem neuesten Trend: Glow-in-the-Dark-Schleim herstellen. Mische die Zutaten, f\u00fcge die Farben hinzu und sieh zu, wie dein Schleim im Dunkeln leuchtet. Perfekt f\u00fcr Kinder, die gerne experimentieren und [&hellip;]","og_url":"https:\/\/ses-creative.com\/de\/produkt\/slime-lab-glow-in-the-dark\/","og_site_name":"SES Creative","article_modified_time":"2026-02-06T09:51:51+00:00","twitter_card":"summary_large_image","twitter_misc":{"Gesch\u00e4tzte Lesezeit":"1\u00a0Minute"},"schema":{"@context":"https:\/\/schema.org","@graph":[{"@type":"WebPage","@id":"https:\/\/ses-creative.com\/de\/produkt\/slime-lab-glow-in-the-dark\/","url":"https:\/\/ses-creative.com\/de\/produkt\/slime-lab-glow-in-the-dark\/","name":"Slime lab - Glow in the Dark - SES Creative","isPartOf":{"@id":"https:\/\/ses-creative.com\/#website"},"primaryImageOfPage":{"@id":"https:\/\/ses-creative.com\/de\/produkt\/slime-lab-glow-in-the-dark\/#primaryimage"},"image":{"@id":"https:\/\/ses-creative.com\/de\/produkt\/slime-lab-glow-in-the-dark\/#primaryimage"},"thumbnailUrl":"https:\/\/ses-creative.com\/wp-content\/uploads\/2026\/01\/150151.jpg","datePublished":"2026-02-05T13:53:02+00:00","dateModified":"2026-02-06T09:51:51+00:00","breadcrumb":{"@id":"https:\/\/ses-creative.com\/de\/produkt\/slime-lab-glow-in-the-dark\/#breadcrumb"},"inLanguage":"de","potentialAction":[{"@type":"ReadAction","target":["https:\/\/ses-creative.com\/de\/produkt\/slime-lab-glow-in-the-dark\/"]}]},{"@type":"ImageObject","inLanguage":"de","@id":"https:\/\/ses-creative.com\/de\/produkt\/slime-lab-glow-in-the-dark\/#primaryimage","url":"https:\/\/ses-creative.com\/wp-content\/uploads\/2026\/01\/150151.jpg","contentUrl":"https:\/\/ses-creative.com\/wp-content\/uploads\/2026\/01\/150151.jpg","width":1000,"height":1000},{"@type":"BreadcrumbList","@id":"https:\/\/ses-creative.com\/de\/produkt\/slime-lab-glow-in-the-dark\/#breadcrumb","itemListElement":[{"@type":"ListItem","position":1,"name":"Shop","item":"https:\/\/ses-creative.com\/de\/shop\/"},{"@type":"ListItem","position":2,"name":"Schleim","item":"https:\/\/ses-creative.com\/de\/product-categorie\/schleim\/"},{"@type":"ListItem","position":3,"name":"Slime lab &#8211; Glow in the Dark"}]},{"@type":"WebSite","@id":"https:\/\/ses-creative.com\/#website","url":"https:\/\/ses-creative.com\/","name":"SES Creative","description":"","publisher":{"@id":"https:\/\/ses-creative.com\/#organization"},"potentialAction":[{"@type":"SearchAction","target":{"@type":"EntryPoint","urlTemplate":"https:\/\/ses-creative.com\/?s={search_term_string}"},"query-input":{"@type":"PropertyValueSpecification","valueRequired":true,"valueName":"search_term_string"}}],"inLanguage":"de"},{"@type":"Organization","@id":"https:\/\/ses-creative.com\/#organization","name":"SES Creative","url":"https:\/\/ses-creative.com\/","logo":{"@type":"ImageObject","inLanguage":"de","@id":"https:\/\/ses-creative.com\/#\/schema\/logo\/image\/","url":"https:\/\/ses-creative.com\/wp-content\/uploads\/2025\/10\/ses-creative-logo.jpg","contentUrl":"https:\/\/ses-creative.com\/wp-content\/uploads\/2025\/10\/ses-creative-logo.jpg","width":2037,"height":2037,"caption":"SES Creative"},"image":{"@id":"https:\/\/ses-creative.com\/#\/schema\/logo\/image\/"}}]}},"_links":{"self":[{"href":"https:\/\/ses-creative.com\/de\/wp-json\/wp\/v2\/product\/114840","targetHints":{"allow":["GET"]}}],"collection":[{"href":"https:\/\/ses-creative.com\/de\/wp-json\/wp\/v2\/product"}],"about":[{"href":"https:\/\/ses-creative.com\/de\/wp-json\/wp\/v2\/types\/product"}],"replies":[{"embeddable":true,"href":"https:\/\/ses-creative.com\/de\/wp-json\/wp\/v2\/comments?post=114840"}],"wp:featuredmedia":[{"embeddable":true,"href":"https:\/\/ses-creative.com\/de\/wp-json\/wp\/v2\/media\/105216"}],"wp:attachment":[{"href":"https:\/\/ses-creative.com\/de\/wp-json\/wp\/v2\/media?parent=114840"}],"wp:term":[{"taxonomy":"product_brand","embeddable":true,"href":"https:\/\/ses-creative.com\/de\/wp-json\/wp\/v2\/product_brand?post=114840"},{"taxonomy":"product_cat","embeddable":true,"href":"https:\/\/ses-creative.com\/de\/wp-json\/wp\/v2\/product_cat?post=114840"},{"taxonomy":"product_tag","embeddable":true,"href":"https:\/\/ses-creative.com\/de\/wp-json\/wp\/v2\/product_tag?post=114840"}],"curies":[{"name":"wp","href":"https:\/\/api.w.org\/{rel}","templated":true}]}}