











{"id":114838,"date":"2026-02-05T13:53:01","date_gmt":"2026-02-05T13:53:01","guid":{"rendered":"https:\/\/ses-creative.com\/?post_type=product&#038;p=114838"},"modified":"2026-02-06T09:51:51","modified_gmt":"2026-02-06T09:51:51","slug":"schleim-labor-mix-it","status":"publish","type":"product","link":"https:\/\/ses-creative.com\/de\/produkt\/schleim-labor-mix-it\/","title":{"rendered":"Schleim-Labor &#8211; Mix it"},"content":{"rendered":"<p>Das Slime Lab \u2013 Mix It Set von SES Creative enth\u00e4lt drei fertige Slimes: Blau, Gr\u00fcn und Glitzer-Rosa. Jeder Slime bietet unterschiedliche haptische Erlebnisse. Mit enthaltenem Zubeh\u00f6r \u2013 Perlen, Pompons und Schaumkugeln \u2013 lassen sich kreative und sensorische Kombinationen gestalten. Kein Mischen erforderlich \u2013 sofort einsatzbereit. Die Slimes sind waschbar und entsprechen EU-Sicherheitsstandards. F\u00f6rdert motorische Entwicklung und sensorische Wahrnehmung \u2013 ideal f\u00fcr Kinder ab 3 Jahren zu Hause oder in betreuten Workshops.<\/p>\n","protected":false},"excerpt":{"rendered":"<p>Das Slime Lab \u2013 Mix It Set von SES Creative enth\u00e4lt drei fertige Slimes: Blau, Gr\u00fcn und Glitzer-Rosa. Jeder Slime bietet unterschiedliche haptische Erlebnisse. Mit enthaltenem Zubeh\u00f6r \u2013 Perlen, Pompons und Schaumkugeln \u2013 lassen sich kreative und sensorische Kombinationen gestalten. Kein Mischen erforderlich \u2013 sofort einsatzbereit. Die Slimes sind waschbar und entsprechen EU-Sicherheitsstandards. F\u00f6rdert motorische [&hellip;]<\/p>\n","protected":false},"featured_media":105176,"comment_status":"closed","ping_status":"closed","template":"","meta":{"_acf_changed":false},"product_brand":[],"product_cat":[120],"product_tag":[],"class_list":{"0":"post-114838","1":"product","2":"type-product","3":"status-publish","4":"has-post-thumbnail","6":"product_cat-schleim","7":"pa_collecties-slime-lab","8":"pa_leeftijd-filter-3-4-jahre","9":"pa_meest-populair-bij-jungen-maedchen","11":"first","12":"instock","13":"shipping-taxable","14":"product-type-simple"},"acf":[],"yoast_head":"<!-- This site is optimized with the Yoast SEO plugin v27.4 - https:\/\/yoast.com\/product\/yoast-seo-wordpress\/ -->\n<title>Schleim-Labor - Mix it - SES Creative<\/title>\n<meta name=\"robots\" content=\"index, follow, max-snippet:-1, max-image-preview:large, max-video-preview:-1\" \/>\n<link rel=\"canonical\" href=\"https:\/\/ses-creative.com\/de\/produkt\/schleim-labor-mix-it\/\" \/>\n<meta property=\"og:locale\" content=\"de_DE\" \/>\n<meta property=\"og:type\" content=\"article\" \/>\n<meta property=\"og:title\" content=\"Schleim-Labor - Mix it - SES Creative\" \/>\n<meta property=\"og:description\" content=\"Das Slime Lab \u2013 Mix It Set von SES Creative enth\u00e4lt drei fertige Slimes: Blau, Gr\u00fcn und Glitzer-Rosa. Jeder Slime bietet unterschiedliche haptische Erlebnisse. Mit enthaltenem Zubeh\u00f6r \u2013 Perlen, Pompons und Schaumkugeln \u2013 lassen sich kreative und sensorische Kombinationen gestalten. Kein Mischen erforderlich \u2013 sofort einsatzbereit. Die Slimes sind waschbar und entsprechen EU-Sicherheitsstandards. F\u00f6rdert motorische [&hellip;]\" \/>\n<meta property=\"og:url\" content=\"https:\/\/ses-creative.com\/de\/produkt\/schleim-labor-mix-it\/\" \/>\n<meta property=\"og:site_name\" content=\"SES Creative\" \/>\n<meta property=\"article:modified_time\" content=\"2026-02-06T09:51:51+00:00\" \/>\n<meta name=\"twitter:card\" content=\"summary_large_image\" \/>\n<script type=\"application\/ld+json\" class=\"yoast-schema-graph\">{\"@context\":\"https:\\\/\\\/schema.org\",\"@graph\":[{\"@type\":\"WebPage\",\"@id\":\"https:\\\/\\\/ses-creative.com\\\/de\\\/produkt\\\/schleim-labor-mix-it\\\/\",\"url\":\"https:\\\/\\\/ses-creative.com\\\/de\\\/produkt\\\/schleim-labor-mix-it\\\/\",\"name\":\"Schleim-Labor - Mix it - SES Creative\",\"isPartOf\":{\"@id\":\"https:\\\/\\\/ses-creative.com\\\/#website\"},\"primaryImageOfPage\":{\"@id\":\"https:\\\/\\\/ses-creative.com\\\/de\\\/produkt\\\/schleim-labor-mix-it\\\/#primaryimage\"},\"image\":{\"@id\":\"https:\\\/\\\/ses-creative.com\\\/de\\\/produkt\\\/schleim-labor-mix-it\\\/#primaryimage\"},\"thumbnailUrl\":\"https:\\\/\\\/ses-creative.com\\\/wp-content\\\/uploads\\\/2026\\\/01\\\/150111.jpg\",\"datePublished\":\"2026-02-05T13:53:01+00:00\",\"dateModified\":\"2026-02-06T09:51:51+00:00\",\"breadcrumb\":{\"@id\":\"https:\\\/\\\/ses-creative.com\\\/de\\\/produkt\\\/schleim-labor-mix-it\\\/#breadcrumb\"},\"inLanguage\":\"de\",\"potentialAction\":[{\"@type\":\"ReadAction\",\"target\":[\"https:\\\/\\\/ses-creative.com\\\/de\\\/produkt\\\/schleim-labor-mix-it\\\/\"]}]},{\"@type\":\"ImageObject\",\"inLanguage\":\"de\",\"@id\":\"https:\\\/\\\/ses-creative.com\\\/de\\\/produkt\\\/schleim-labor-mix-it\\\/#primaryimage\",\"url\":\"https:\\\/\\\/ses-creative.com\\\/wp-content\\\/uploads\\\/2026\\\/01\\\/150111.jpg\",\"contentUrl\":\"https:\\\/\\\/ses-creative.com\\\/wp-content\\\/uploads\\\/2026\\\/01\\\/150111.jpg\",\"width\":1000,\"height\":1000},{\"@type\":\"BreadcrumbList\",\"@id\":\"https:\\\/\\\/ses-creative.com\\\/de\\\/produkt\\\/schleim-labor-mix-it\\\/#breadcrumb\",\"itemListElement\":[{\"@type\":\"ListItem\",\"position\":1,\"name\":\"Shop\",\"item\":\"https:\\\/\\\/ses-creative.com\\\/de\\\/shop\\\/\"},{\"@type\":\"ListItem\",\"position\":2,\"name\":\"Schleim\",\"item\":\"https:\\\/\\\/ses-creative.com\\\/de\\\/product-categorie\\\/schleim\\\/\"},{\"@type\":\"ListItem\",\"position\":3,\"name\":\"Schleim-Labor &#8211; Mix it\"}]},{\"@type\":\"WebSite\",\"@id\":\"https:\\\/\\\/ses-creative.com\\\/#website\",\"url\":\"https:\\\/\\\/ses-creative.com\\\/\",\"name\":\"SES Creative\",\"description\":\"\",\"publisher\":{\"@id\":\"https:\\\/\\\/ses-creative.com\\\/#organization\"},\"potentialAction\":[{\"@type\":\"SearchAction\",\"target\":{\"@type\":\"EntryPoint\",\"urlTemplate\":\"https:\\\/\\\/ses-creative.com\\\/?s={search_term_string}\"},\"query-input\":{\"@type\":\"PropertyValueSpecification\",\"valueRequired\":true,\"valueName\":\"search_term_string\"}}],\"inLanguage\":\"de\"},{\"@type\":\"Organization\",\"@id\":\"https:\\\/\\\/ses-creative.com\\\/#organization\",\"name\":\"SES Creative\",\"url\":\"https:\\\/\\\/ses-creative.com\\\/\",\"logo\":{\"@type\":\"ImageObject\",\"inLanguage\":\"de\",\"@id\":\"https:\\\/\\\/ses-creative.com\\\/#\\\/schema\\\/logo\\\/image\\\/\",\"url\":\"https:\\\/\\\/ses-creative.com\\\/wp-content\\\/uploads\\\/2025\\\/10\\\/ses-creative-logo.jpg\",\"contentUrl\":\"https:\\\/\\\/ses-creative.com\\\/wp-content\\\/uploads\\\/2025\\\/10\\\/ses-creative-logo.jpg\",\"width\":2037,\"height\":2037,\"caption\":\"SES Creative\"},\"image\":{\"@id\":\"https:\\\/\\\/ses-creative.com\\\/#\\\/schema\\\/logo\\\/image\\\/\"}}]}<\/script>\n<!-- \/ Yoast SEO plugin. -->","yoast_head_json":{"title":"Schleim-Labor - Mix it - SES Creative","robots":{"index":"index","follow":"follow","max-snippet":"max-snippet:-1","max-image-preview":"max-image-preview:large","max-video-preview":"max-video-preview:-1"},"canonical":"https:\/\/ses-creative.com\/de\/produkt\/schleim-labor-mix-it\/","og_locale":"de_DE","og_type":"article","og_title":"Schleim-Labor - Mix it - SES Creative","og_description":"Das Slime Lab \u2013 Mix It Set von SES Creative enth\u00e4lt drei fertige Slimes: Blau, Gr\u00fcn und Glitzer-Rosa. Jeder Slime bietet unterschiedliche haptische Erlebnisse. Mit enthaltenem Zubeh\u00f6r \u2013 Perlen, Pompons und Schaumkugeln \u2013 lassen sich kreative und sensorische Kombinationen gestalten. Kein Mischen erforderlich \u2013 sofort einsatzbereit. Die Slimes sind waschbar und entsprechen EU-Sicherheitsstandards. F\u00f6rdert motorische [&hellip;]","og_url":"https:\/\/ses-creative.com\/de\/produkt\/schleim-labor-mix-it\/","og_site_name":"SES Creative","article_modified_time":"2026-02-06T09:51:51+00:00","twitter_card":"summary_large_image","schema":{"@context":"https:\/\/schema.org","@graph":[{"@type":"WebPage","@id":"https:\/\/ses-creative.com\/de\/produkt\/schleim-labor-mix-it\/","url":"https:\/\/ses-creative.com\/de\/produkt\/schleim-labor-mix-it\/","name":"Schleim-Labor - Mix it - SES Creative","isPartOf":{"@id":"https:\/\/ses-creative.com\/#website"},"primaryImageOfPage":{"@id":"https:\/\/ses-creative.com\/de\/produkt\/schleim-labor-mix-it\/#primaryimage"},"image":{"@id":"https:\/\/ses-creative.com\/de\/produkt\/schleim-labor-mix-it\/#primaryimage"},"thumbnailUrl":"https:\/\/ses-creative.com\/wp-content\/uploads\/2026\/01\/150111.jpg","datePublished":"2026-02-05T13:53:01+00:00","dateModified":"2026-02-06T09:51:51+00:00","breadcrumb":{"@id":"https:\/\/ses-creative.com\/de\/produkt\/schleim-labor-mix-it\/#breadcrumb"},"inLanguage":"de","potentialAction":[{"@type":"ReadAction","target":["https:\/\/ses-creative.com\/de\/produkt\/schleim-labor-mix-it\/"]}]},{"@type":"ImageObject","inLanguage":"de","@id":"https:\/\/ses-creative.com\/de\/produkt\/schleim-labor-mix-it\/#primaryimage","url":"https:\/\/ses-creative.com\/wp-content\/uploads\/2026\/01\/150111.jpg","contentUrl":"https:\/\/ses-creative.com\/wp-content\/uploads\/2026\/01\/150111.jpg","width":1000,"height":1000},{"@type":"BreadcrumbList","@id":"https:\/\/ses-creative.com\/de\/produkt\/schleim-labor-mix-it\/#breadcrumb","itemListElement":[{"@type":"ListItem","position":1,"name":"Shop","item":"https:\/\/ses-creative.com\/de\/shop\/"},{"@type":"ListItem","position":2,"name":"Schleim","item":"https:\/\/ses-creative.com\/de\/product-categorie\/schleim\/"},{"@type":"ListItem","position":3,"name":"Schleim-Labor &#8211; Mix it"}]},{"@type":"WebSite","@id":"https:\/\/ses-creative.com\/#website","url":"https:\/\/ses-creative.com\/","name":"SES Creative","description":"","publisher":{"@id":"https:\/\/ses-creative.com\/#organization"},"potentialAction":[{"@type":"SearchAction","target":{"@type":"EntryPoint","urlTemplate":"https:\/\/ses-creative.com\/?s={search_term_string}"},"query-input":{"@type":"PropertyValueSpecification","valueRequired":true,"valueName":"search_term_string"}}],"inLanguage":"de"},{"@type":"Organization","@id":"https:\/\/ses-creative.com\/#organization","name":"SES Creative","url":"https:\/\/ses-creative.com\/","logo":{"@type":"ImageObject","inLanguage":"de","@id":"https:\/\/ses-creative.com\/#\/schema\/logo\/image\/","url":"https:\/\/ses-creative.com\/wp-content\/uploads\/2025\/10\/ses-creative-logo.jpg","contentUrl":"https:\/\/ses-creative.com\/wp-content\/uploads\/2025\/10\/ses-creative-logo.jpg","width":2037,"height":2037,"caption":"SES Creative"},"image":{"@id":"https:\/\/ses-creative.com\/#\/schema\/logo\/image\/"}}]}},"_links":{"self":[{"href":"https:\/\/ses-creative.com\/de\/wp-json\/wp\/v2\/product\/114838","targetHints":{"allow":["GET"]}}],"collection":[{"href":"https:\/\/ses-creative.com\/de\/wp-json\/wp\/v2\/product"}],"about":[{"href":"https:\/\/ses-creative.com\/de\/wp-json\/wp\/v2\/types\/product"}],"replies":[{"embeddable":true,"href":"https:\/\/ses-creative.com\/de\/wp-json\/wp\/v2\/comments?post=114838"}],"wp:featuredmedia":[{"embeddable":true,"href":"https:\/\/ses-creative.com\/de\/wp-json\/wp\/v2\/media\/105176"}],"wp:attachment":[{"href":"https:\/\/ses-creative.com\/de\/wp-json\/wp\/v2\/media?parent=114838"}],"wp:term":[{"taxonomy":"product_brand","embeddable":true,"href":"https:\/\/ses-creative.com\/de\/wp-json\/wp\/v2\/product_brand?post=114838"},{"taxonomy":"product_cat","embeddable":true,"href":"https:\/\/ses-creative.com\/de\/wp-json\/wp\/v2\/product_cat?post=114838"},{"taxonomy":"product_tag","embeddable":true,"href":"https:\/\/ses-creative.com\/de\/wp-json\/wp\/v2\/product_tag?post=114838"}],"curies":[{"name":"wp","href":"https:\/\/api.w.org\/{rel}","templated":true}]}}