











{"id":114837,"date":"2026-02-05T13:53:01","date_gmt":"2026-02-05T13:53:01","guid":{"rendered":"https:\/\/ses-creative.com\/?post_type=product&#038;p=114837"},"modified":"2026-02-06T09:51:51","modified_gmt":"2026-02-06T09:51:51","slug":"slime-glow-in-the-dark-2x120gr","status":"publish","type":"product","link":"https:\/\/ses-creative.com\/de\/produkt\/slime-glow-in-the-dark-2x120gr\/","title":{"rendered":"Slime &#8211; Glow in the Dark 2x120gr"},"content":{"rendered":"<p>Entdecken Sie magischen Schleim, der im Dunkeln leuchtet!<br \/>\nMit dem Slime &#8211; Glow in the Dark Set hast du doppelt so viel Spa\u00df mit Schleim. Dieses Set enth\u00e4lt Glitzer- und Glow-in-the-Dark-Schleim, perfekt f\u00fcr Kinder, die gerne experimentieren und kreativ spielen. Ob du den Schleim im Licht glitzern oder im Dunkeln leuchten sehen m\u00f6chtest, mit diesem Set ist alles m\u00f6glich!<br \/>\nWas dieses Set so toll macht<br \/>\n&#8211;    Fertiger Schleim f\u00fcr sofortigen Spielspa\u00df<br \/>\n&#8211;    Enth\u00e4lt zwei Arten von Schleim: Glitzer und Glow-in-the-Dark<br \/>\n&#8211;    Perfekt f\u00fcr Kinder, die gerne experimentieren<br \/>\n&#8211;    Sicher und geeignet f\u00fcr Kinder ab 3 Jahren<br \/>\n&#8211;    Stundenlanger Spielspa\u00df garantiert<br \/>\nMagischer Schleim f\u00fcr endlosen Spielspa\u00df<br \/>\nMit diesem Set k\u00f6nnen Kinder ihre eigenen magischen Schleimabenteuer erleben. Der Glitzerschleim funkelt wundersch\u00f6n im Licht, w\u00e4hrend der im Dunkeln leuchtende Schleim f\u00fcr einen besonders spannenden Effekt sorgt. Ob allein oder zusammen mit Freunden \u2013 dieser Schleim sorgt f\u00fcr endlosen Spa\u00df und kreative M\u00f6glichkeiten.<br \/>\nDer gebrauchsfertige Schleim ist sofort einsatzbereit, sodass Kinder sofort mit dem Spielen beginnen k\u00f6nnen. Er ist die perfekte Wahl f\u00fcr Kinder, die alles lieben, was mit Schleim zu tun hat, und gerne neue Dinge entdecken.<br \/>\nInhalt des Sets<br \/>\n&#8211;    Slime Glow in the Dark (120 g)<br \/>\n&#8211;    Glitzer-Schleim (120 g)<br \/>\nWarum SES Creative w\u00e4hlen?<br \/>\nBei SES Creative legen wir gro\u00dfen Wert auf Sicherheit. Deshalb werden die Produkte in der Fabrik in den Niederlanden nach den strengsten europ\u00e4ischen Sicherheitsstandards hergestellt und getestet. Spielzeug von SES Creative sorgt f\u00fcr Spa\u00df und soll Kindern erm\u00f6glichen, stolz auf ihre Arbeit zu sein, was ihre Kreativit\u00e4t und Entwicklung f\u00f6rdert.<br \/>\nBeginnen Sie noch heute mit der Herstellung von magischem Schleim!<br \/>\nMit dem Slime &#8211; Glow in the Dark Set k\u00f6nnen Kinder ihre eigenen magischen Schleimkreationen herstellen und stundenlangen Spielspa\u00df genie\u00dfen. Schnappen Sie sich den Schleim und entdecken Sie die Magie von Glow-in-the-Dark- und Glitzerschleim!<\/p>\n","protected":false},"excerpt":{"rendered":"<p>Entdecken Sie magischen Schleim, der im Dunkeln leuchtet! Mit dem Slime &#8211; Glow in the Dark Set hast du doppelt so viel Spa\u00df mit Schleim. Dieses Set enth\u00e4lt Glitzer- und Glow-in-the-Dark-Schleim, perfekt f\u00fcr Kinder, die gerne experimentieren und kreativ spielen. Ob du den Schleim im Licht glitzern oder im Dunkeln leuchten sehen m\u00f6chtest, mit diesem [&hellip;]<\/p>\n","protected":false},"featured_media":105156,"comment_status":"closed","ping_status":"closed","template":"","meta":{"_acf_changed":false},"product_brand":[],"product_cat":[120],"product_tag":[],"class_list":{"0":"post-114837","1":"product","2":"type-product","3":"status-publish","4":"has-post-thumbnail","6":"product_cat-schleim","7":"pa_leeftijd-filter-3-4-jahre","8":"pa_meest-populair-bij-jungen-maedchen","10":"first","11":"instock","12":"shipping-taxable","13":"product-type-simple"},"acf":[],"yoast_head":"<!-- This site is optimized with the Yoast SEO plugin v27.4 - https:\/\/yoast.com\/product\/yoast-seo-wordpress\/ -->\n<title>Slime - Glow in the Dark 2x120gr - SES Creative<\/title>\n<meta name=\"robots\" content=\"index, follow, max-snippet:-1, max-image-preview:large, max-video-preview:-1\" \/>\n<link rel=\"canonical\" href=\"https:\/\/ses-creative.com\/de\/produkt\/slime-glow-in-the-dark-2x120gr\/\" \/>\n<meta property=\"og:locale\" content=\"de_DE\" \/>\n<meta property=\"og:type\" content=\"article\" \/>\n<meta property=\"og:title\" content=\"Slime - Glow in the Dark 2x120gr - SES Creative\" \/>\n<meta property=\"og:description\" content=\"Entdecken Sie magischen Schleim, der im Dunkeln leuchtet! Mit dem Slime &#8211; Glow in the Dark Set hast du doppelt so viel Spa\u00df mit Schleim. Dieses Set enth\u00e4lt Glitzer- und Glow-in-the-Dark-Schleim, perfekt f\u00fcr Kinder, die gerne experimentieren und kreativ spielen. Ob du den Schleim im Licht glitzern oder im Dunkeln leuchten sehen m\u00f6chtest, mit diesem [&hellip;]\" \/>\n<meta property=\"og:url\" content=\"https:\/\/ses-creative.com\/de\/produkt\/slime-glow-in-the-dark-2x120gr\/\" \/>\n<meta property=\"og:site_name\" content=\"SES Creative\" \/>\n<meta property=\"article:modified_time\" content=\"2026-02-06T09:51:51+00:00\" \/>\n<meta name=\"twitter:card\" content=\"summary_large_image\" \/>\n<meta name=\"twitter:label1\" content=\"Gesch\u00e4tzte Lesezeit\" \/>\n\t<meta name=\"twitter:data1\" content=\"2\u00a0Minuten\" \/>\n<script type=\"application\/ld+json\" class=\"yoast-schema-graph\">{\"@context\":\"https:\\\/\\\/schema.org\",\"@graph\":[{\"@type\":\"WebPage\",\"@id\":\"https:\\\/\\\/ses-creative.com\\\/de\\\/produkt\\\/slime-glow-in-the-dark-2x120gr\\\/\",\"url\":\"https:\\\/\\\/ses-creative.com\\\/de\\\/produkt\\\/slime-glow-in-the-dark-2x120gr\\\/\",\"name\":\"Slime - Glow in the Dark 2x120gr - SES Creative\",\"isPartOf\":{\"@id\":\"https:\\\/\\\/ses-creative.com\\\/#website\"},\"primaryImageOfPage\":{\"@id\":\"https:\\\/\\\/ses-creative.com\\\/de\\\/produkt\\\/slime-glow-in-the-dark-2x120gr\\\/#primaryimage\"},\"image\":{\"@id\":\"https:\\\/\\\/ses-creative.com\\\/de\\\/produkt\\\/slime-glow-in-the-dark-2x120gr\\\/#primaryimage\"},\"thumbnailUrl\":\"https:\\\/\\\/ses-creative.com\\\/wp-content\\\/uploads\\\/2026\\\/01\\\/150071.jpg\",\"datePublished\":\"2026-02-05T13:53:01+00:00\",\"dateModified\":\"2026-02-06T09:51:51+00:00\",\"breadcrumb\":{\"@id\":\"https:\\\/\\\/ses-creative.com\\\/de\\\/produkt\\\/slime-glow-in-the-dark-2x120gr\\\/#breadcrumb\"},\"inLanguage\":\"de\",\"potentialAction\":[{\"@type\":\"ReadAction\",\"target\":[\"https:\\\/\\\/ses-creative.com\\\/de\\\/produkt\\\/slime-glow-in-the-dark-2x120gr\\\/\"]}]},{\"@type\":\"ImageObject\",\"inLanguage\":\"de\",\"@id\":\"https:\\\/\\\/ses-creative.com\\\/de\\\/produkt\\\/slime-glow-in-the-dark-2x120gr\\\/#primaryimage\",\"url\":\"https:\\\/\\\/ses-creative.com\\\/wp-content\\\/uploads\\\/2026\\\/01\\\/150071.jpg\",\"contentUrl\":\"https:\\\/\\\/ses-creative.com\\\/wp-content\\\/uploads\\\/2026\\\/01\\\/150071.jpg\",\"width\":1000,\"height\":1000},{\"@type\":\"BreadcrumbList\",\"@id\":\"https:\\\/\\\/ses-creative.com\\\/de\\\/produkt\\\/slime-glow-in-the-dark-2x120gr\\\/#breadcrumb\",\"itemListElement\":[{\"@type\":\"ListItem\",\"position\":1,\"name\":\"Shop\",\"item\":\"https:\\\/\\\/ses-creative.com\\\/de\\\/shop\\\/\"},{\"@type\":\"ListItem\",\"position\":2,\"name\":\"Schleim\",\"item\":\"https:\\\/\\\/ses-creative.com\\\/de\\\/product-categorie\\\/schleim\\\/\"},{\"@type\":\"ListItem\",\"position\":3,\"name\":\"Slime &#8211; Glow in the Dark 2x120gr\"}]},{\"@type\":\"WebSite\",\"@id\":\"https:\\\/\\\/ses-creative.com\\\/#website\",\"url\":\"https:\\\/\\\/ses-creative.com\\\/\",\"name\":\"SES Creative\",\"description\":\"\",\"publisher\":{\"@id\":\"https:\\\/\\\/ses-creative.com\\\/#organization\"},\"potentialAction\":[{\"@type\":\"SearchAction\",\"target\":{\"@type\":\"EntryPoint\",\"urlTemplate\":\"https:\\\/\\\/ses-creative.com\\\/?s={search_term_string}\"},\"query-input\":{\"@type\":\"PropertyValueSpecification\",\"valueRequired\":true,\"valueName\":\"search_term_string\"}}],\"inLanguage\":\"de\"},{\"@type\":\"Organization\",\"@id\":\"https:\\\/\\\/ses-creative.com\\\/#organization\",\"name\":\"SES Creative\",\"url\":\"https:\\\/\\\/ses-creative.com\\\/\",\"logo\":{\"@type\":\"ImageObject\",\"inLanguage\":\"de\",\"@id\":\"https:\\\/\\\/ses-creative.com\\\/#\\\/schema\\\/logo\\\/image\\\/\",\"url\":\"https:\\\/\\\/ses-creative.com\\\/wp-content\\\/uploads\\\/2025\\\/10\\\/ses-creative-logo.jpg\",\"contentUrl\":\"https:\\\/\\\/ses-creative.com\\\/wp-content\\\/uploads\\\/2025\\\/10\\\/ses-creative-logo.jpg\",\"width\":2037,\"height\":2037,\"caption\":\"SES Creative\"},\"image\":{\"@id\":\"https:\\\/\\\/ses-creative.com\\\/#\\\/schema\\\/logo\\\/image\\\/\"}}]}<\/script>\n<!-- \/ Yoast SEO plugin. -->","yoast_head_json":{"title":"Slime - Glow in the Dark 2x120gr - SES Creative","robots":{"index":"index","follow":"follow","max-snippet":"max-snippet:-1","max-image-preview":"max-image-preview:large","max-video-preview":"max-video-preview:-1"},"canonical":"https:\/\/ses-creative.com\/de\/produkt\/slime-glow-in-the-dark-2x120gr\/","og_locale":"de_DE","og_type":"article","og_title":"Slime - Glow in the Dark 2x120gr - SES Creative","og_description":"Entdecken Sie magischen Schleim, der im Dunkeln leuchtet! Mit dem Slime &#8211; Glow in the Dark Set hast du doppelt so viel Spa\u00df mit Schleim. Dieses Set enth\u00e4lt Glitzer- und Glow-in-the-Dark-Schleim, perfekt f\u00fcr Kinder, die gerne experimentieren und kreativ spielen. Ob du den Schleim im Licht glitzern oder im Dunkeln leuchten sehen m\u00f6chtest, mit diesem [&hellip;]","og_url":"https:\/\/ses-creative.com\/de\/produkt\/slime-glow-in-the-dark-2x120gr\/","og_site_name":"SES Creative","article_modified_time":"2026-02-06T09:51:51+00:00","twitter_card":"summary_large_image","twitter_misc":{"Gesch\u00e4tzte Lesezeit":"2\u00a0Minuten"},"schema":{"@context":"https:\/\/schema.org","@graph":[{"@type":"WebPage","@id":"https:\/\/ses-creative.com\/de\/produkt\/slime-glow-in-the-dark-2x120gr\/","url":"https:\/\/ses-creative.com\/de\/produkt\/slime-glow-in-the-dark-2x120gr\/","name":"Slime - Glow in the Dark 2x120gr - SES Creative","isPartOf":{"@id":"https:\/\/ses-creative.com\/#website"},"primaryImageOfPage":{"@id":"https:\/\/ses-creative.com\/de\/produkt\/slime-glow-in-the-dark-2x120gr\/#primaryimage"},"image":{"@id":"https:\/\/ses-creative.com\/de\/produkt\/slime-glow-in-the-dark-2x120gr\/#primaryimage"},"thumbnailUrl":"https:\/\/ses-creative.com\/wp-content\/uploads\/2026\/01\/150071.jpg","datePublished":"2026-02-05T13:53:01+00:00","dateModified":"2026-02-06T09:51:51+00:00","breadcrumb":{"@id":"https:\/\/ses-creative.com\/de\/produkt\/slime-glow-in-the-dark-2x120gr\/#breadcrumb"},"inLanguage":"de","potentialAction":[{"@type":"ReadAction","target":["https:\/\/ses-creative.com\/de\/produkt\/slime-glow-in-the-dark-2x120gr\/"]}]},{"@type":"ImageObject","inLanguage":"de","@id":"https:\/\/ses-creative.com\/de\/produkt\/slime-glow-in-the-dark-2x120gr\/#primaryimage","url":"https:\/\/ses-creative.com\/wp-content\/uploads\/2026\/01\/150071.jpg","contentUrl":"https:\/\/ses-creative.com\/wp-content\/uploads\/2026\/01\/150071.jpg","width":1000,"height":1000},{"@type":"BreadcrumbList","@id":"https:\/\/ses-creative.com\/de\/produkt\/slime-glow-in-the-dark-2x120gr\/#breadcrumb","itemListElement":[{"@type":"ListItem","position":1,"name":"Shop","item":"https:\/\/ses-creative.com\/de\/shop\/"},{"@type":"ListItem","position":2,"name":"Schleim","item":"https:\/\/ses-creative.com\/de\/product-categorie\/schleim\/"},{"@type":"ListItem","position":3,"name":"Slime &#8211; Glow in the Dark 2x120gr"}]},{"@type":"WebSite","@id":"https:\/\/ses-creative.com\/#website","url":"https:\/\/ses-creative.com\/","name":"SES Creative","description":"","publisher":{"@id":"https:\/\/ses-creative.com\/#organization"},"potentialAction":[{"@type":"SearchAction","target":{"@type":"EntryPoint","urlTemplate":"https:\/\/ses-creative.com\/?s={search_term_string}"},"query-input":{"@type":"PropertyValueSpecification","valueRequired":true,"valueName":"search_term_string"}}],"inLanguage":"de"},{"@type":"Organization","@id":"https:\/\/ses-creative.com\/#organization","name":"SES Creative","url":"https:\/\/ses-creative.com\/","logo":{"@type":"ImageObject","inLanguage":"de","@id":"https:\/\/ses-creative.com\/#\/schema\/logo\/image\/","url":"https:\/\/ses-creative.com\/wp-content\/uploads\/2025\/10\/ses-creative-logo.jpg","contentUrl":"https:\/\/ses-creative.com\/wp-content\/uploads\/2025\/10\/ses-creative-logo.jpg","width":2037,"height":2037,"caption":"SES Creative"},"image":{"@id":"https:\/\/ses-creative.com\/#\/schema\/logo\/image\/"}}]}},"_links":{"self":[{"href":"https:\/\/ses-creative.com\/de\/wp-json\/wp\/v2\/product\/114837","targetHints":{"allow":["GET"]}}],"collection":[{"href":"https:\/\/ses-creative.com\/de\/wp-json\/wp\/v2\/product"}],"about":[{"href":"https:\/\/ses-creative.com\/de\/wp-json\/wp\/v2\/types\/product"}],"replies":[{"embeddable":true,"href":"https:\/\/ses-creative.com\/de\/wp-json\/wp\/v2\/comments?post=114837"}],"wp:featuredmedia":[{"embeddable":true,"href":"https:\/\/ses-creative.com\/de\/wp-json\/wp\/v2\/media\/105156"}],"wp:attachment":[{"href":"https:\/\/ses-creative.com\/de\/wp-json\/wp\/v2\/media?parent=114837"}],"wp:term":[{"taxonomy":"product_brand","embeddable":true,"href":"https:\/\/ses-creative.com\/de\/wp-json\/wp\/v2\/product_brand?post=114837"},{"taxonomy":"product_cat","embeddable":true,"href":"https:\/\/ses-creative.com\/de\/wp-json\/wp\/v2\/product_cat?post=114837"},{"taxonomy":"product_tag","embeddable":true,"href":"https:\/\/ses-creative.com\/de\/wp-json\/wp\/v2\/product_tag?post=114837"}],"curies":[{"name":"wp","href":"https:\/\/api.w.org\/{rel}","templated":true}]}}