











{"id":114836,"date":"2026-02-05T13:53:01","date_gmt":"2026-02-05T13:53:01","guid":{"rendered":"https:\/\/ses-creative.com\/?post_type=product&#038;p=114836"},"modified":"2026-02-06T09:51:51","modified_gmt":"2026-02-06T09:51:51","slug":"schleim-glitzer-2x120gr","status":"publish","type":"product","link":"https:\/\/ses-creative.com\/de\/produkt\/schleim-glitzer-2x120gr\/","title":{"rendered":"Schleim &#8211; Glitzer 2x120gr"},"content":{"rendered":"<p>Slime \u2013 Glitter: Das ultimative Schleim-Erlebnis!<br \/>\nMit dem Slime \u2013 Glitter-Set von SES Creative erlebst du das ultimative Slime-Abenteuer! Dieses Set enth\u00e4lt zwei Tiegel mit fertigem Slime voller Glitzer, perfekt f\u00fcr Kinder, die gerne kneten, spielen und experimentieren. \u00d6ffne eines der T\u00f6pfe und beginne sofort mit dem Kneten und Dehnen. Kombiniere die beiden verschiedenen Arten von Schleim f\u00fcr ein besonders spielerisches Erlebnis. Der weiche, dehnbare Schleim mit glitzerndem Twist sorgt f\u00fcr stundenlangen Spielspa\u00df. Ideal f\u00fcr Kinder ab 3 Jahren!<br \/>\nWas dieses Set so toll macht<br \/>\n&#8211;    Der Schleim ist glutenfrei, sicher und erf\u00fcllt alle Sicherheitsvorschriften<br \/>\n&#8211;    Der Schleim ist gut auswaschbar<br \/>\n&#8211;    Macht Spa\u00df beim Spielen und f\u00f6rdert die Kreativit\u00e4t<br \/>\n&#8211;    Dieses Set enth\u00e4lt zwei verschiedene Schleimfarben: Rosa und Lila<br \/>\n&#8211;    Trendiges Set mit Glitzer und trendigen Farben<br \/>\nGlitzernder Schleim f\u00fcr Spielspa\u00df<br \/>\nDer Slime &#8211; Glitzer-Schleim ist sofort einsatzbereit, sodass Kinder sofort mit dem Spielen beginnen k\u00f6nnen. Der glitzernde Schleim ist weich, dehnbar und eignet sich perfekt zum Kneten und Formen. Durch die hinzugef\u00fcgten Glitzerpartikel erh\u00e4lt der Schleim einen magischen Effekt, wodurch das Spielen noch mehr Spa\u00df macht. Dieses Set enth\u00e4lt zwei Varianten. Eltern m\u00fcssen sich keine Sorgen machen, denn der Schleim ist sicher und leicht zu reinigen.<br \/>\nInhalt des Sets<br \/>\n&#8211;    Rosa gebrauchsfertiger Glitzerschleim 120 Gramm<br \/>\n&#8211;    Lila gebrauchsfertiger Glitzerschleim 120 Gramm<br \/>\nWarum SES Creative w\u00e4hlen?<br \/>\nBei SES Creative legen wir gro\u00dfen Wert auf Sicherheit. Deshalb werden die Produkte in der Fabrik in den Niederlanden nach den strengsten europ\u00e4ischen Sicherheitsstandards hergestellt und getestet. Spielzeug von SES Creative sorgt f\u00fcr Spa\u00df und soll Kindern ein Gef\u00fchl des Stolzes auf ihre Arbeit vermitteln, was ihre Kreativit\u00e4t und Entwicklung f\u00f6rdert.<br \/>\nBereit f\u00fcr glitzernden Schleimspa\u00df?<br \/>\nHolen Sie sich das Slime-Glitter-Set von SES Creative und entdecken Sie, wie viel Spa\u00df es macht, mit Schleim zu spielen. Kneten, ziehen und genie\u00dfen Sie ein magisches Glitzerabenteuer. Worauf warten Sie noch? Beginnen Sie noch heute mit Ihren Schleim-Experimenten!<\/p>\n","protected":false},"excerpt":{"rendered":"<p>Slime \u2013 Glitter: Das ultimative Schleim-Erlebnis! Mit dem Slime \u2013 Glitter-Set von SES Creative erlebst du das ultimative Slime-Abenteuer! Dieses Set enth\u00e4lt zwei Tiegel mit fertigem Slime voller Glitzer, perfekt f\u00fcr Kinder, die gerne kneten, spielen und experimentieren. \u00d6ffne eines der T\u00f6pfe und beginne sofort mit dem Kneten und Dehnen. Kombiniere die beiden verschiedenen Arten [&hellip;]<\/p>\n","protected":false},"featured_media":105136,"comment_status":"closed","ping_status":"closed","template":"","meta":{"_acf_changed":false},"product_brand":[],"product_cat":[120],"product_tag":[],"class_list":{"0":"post-114836","1":"product","2":"type-product","3":"status-publish","4":"has-post-thumbnail","6":"product_cat-schleim","7":"pa_leeftijd-filter-3-4-jahre","8":"pa_meest-populair-bij-jungen-maedchen","10":"first","11":"instock","12":"shipping-taxable","13":"product-type-simple"},"acf":[],"yoast_head":"<!-- This site is optimized with the Yoast SEO plugin v27.4 - https:\/\/yoast.com\/product\/yoast-seo-wordpress\/ -->\n<title>Schleim - Glitzer 2x120gr - SES Creative<\/title>\n<meta name=\"robots\" content=\"index, follow, max-snippet:-1, max-image-preview:large, max-video-preview:-1\" \/>\n<link rel=\"canonical\" href=\"https:\/\/ses-creative.com\/de\/produkt\/schleim-glitzer-2x120gr\/\" \/>\n<meta property=\"og:locale\" content=\"de_DE\" \/>\n<meta property=\"og:type\" content=\"article\" \/>\n<meta property=\"og:title\" content=\"Schleim - Glitzer 2x120gr - SES Creative\" \/>\n<meta property=\"og:description\" content=\"Slime \u2013 Glitter: Das ultimative Schleim-Erlebnis! Mit dem Slime \u2013 Glitter-Set von SES Creative erlebst du das ultimative Slime-Abenteuer! Dieses Set enth\u00e4lt zwei Tiegel mit fertigem Slime voller Glitzer, perfekt f\u00fcr Kinder, die gerne kneten, spielen und experimentieren. \u00d6ffne eines der T\u00f6pfe und beginne sofort mit dem Kneten und Dehnen. Kombiniere die beiden verschiedenen Arten [&hellip;]\" \/>\n<meta property=\"og:url\" content=\"https:\/\/ses-creative.com\/de\/produkt\/schleim-glitzer-2x120gr\/\" \/>\n<meta property=\"og:site_name\" content=\"SES Creative\" \/>\n<meta property=\"article:modified_time\" content=\"2026-02-06T09:51:51+00:00\" \/>\n<meta name=\"twitter:card\" content=\"summary_large_image\" \/>\n<meta name=\"twitter:label1\" content=\"Gesch\u00e4tzte Lesezeit\" \/>\n\t<meta name=\"twitter:data1\" content=\"2\u00a0Minuten\" \/>\n<script type=\"application\/ld+json\" class=\"yoast-schema-graph\">{\"@context\":\"https:\\\/\\\/schema.org\",\"@graph\":[{\"@type\":\"WebPage\",\"@id\":\"https:\\\/\\\/ses-creative.com\\\/de\\\/produkt\\\/schleim-glitzer-2x120gr\\\/\",\"url\":\"https:\\\/\\\/ses-creative.com\\\/de\\\/produkt\\\/schleim-glitzer-2x120gr\\\/\",\"name\":\"Schleim - Glitzer 2x120gr - SES Creative\",\"isPartOf\":{\"@id\":\"https:\\\/\\\/ses-creative.com\\\/#website\"},\"primaryImageOfPage\":{\"@id\":\"https:\\\/\\\/ses-creative.com\\\/de\\\/produkt\\\/schleim-glitzer-2x120gr\\\/#primaryimage\"},\"image\":{\"@id\":\"https:\\\/\\\/ses-creative.com\\\/de\\\/produkt\\\/schleim-glitzer-2x120gr\\\/#primaryimage\"},\"thumbnailUrl\":\"https:\\\/\\\/ses-creative.com\\\/wp-content\\\/uploads\\\/2026\\\/01\\\/150031.jpg\",\"datePublished\":\"2026-02-05T13:53:01+00:00\",\"dateModified\":\"2026-02-06T09:51:51+00:00\",\"breadcrumb\":{\"@id\":\"https:\\\/\\\/ses-creative.com\\\/de\\\/produkt\\\/schleim-glitzer-2x120gr\\\/#breadcrumb\"},\"inLanguage\":\"de\",\"potentialAction\":[{\"@type\":\"ReadAction\",\"target\":[\"https:\\\/\\\/ses-creative.com\\\/de\\\/produkt\\\/schleim-glitzer-2x120gr\\\/\"]}]},{\"@type\":\"ImageObject\",\"inLanguage\":\"de\",\"@id\":\"https:\\\/\\\/ses-creative.com\\\/de\\\/produkt\\\/schleim-glitzer-2x120gr\\\/#primaryimage\",\"url\":\"https:\\\/\\\/ses-creative.com\\\/wp-content\\\/uploads\\\/2026\\\/01\\\/150031.jpg\",\"contentUrl\":\"https:\\\/\\\/ses-creative.com\\\/wp-content\\\/uploads\\\/2026\\\/01\\\/150031.jpg\",\"width\":1000,\"height\":1000},{\"@type\":\"BreadcrumbList\",\"@id\":\"https:\\\/\\\/ses-creative.com\\\/de\\\/produkt\\\/schleim-glitzer-2x120gr\\\/#breadcrumb\",\"itemListElement\":[{\"@type\":\"ListItem\",\"position\":1,\"name\":\"Shop\",\"item\":\"https:\\\/\\\/ses-creative.com\\\/de\\\/shop\\\/\"},{\"@type\":\"ListItem\",\"position\":2,\"name\":\"Schleim\",\"item\":\"https:\\\/\\\/ses-creative.com\\\/de\\\/product-categorie\\\/schleim\\\/\"},{\"@type\":\"ListItem\",\"position\":3,\"name\":\"Schleim &#8211; Glitzer 2x120gr\"}]},{\"@type\":\"WebSite\",\"@id\":\"https:\\\/\\\/ses-creative.com\\\/#website\",\"url\":\"https:\\\/\\\/ses-creative.com\\\/\",\"name\":\"SES Creative\",\"description\":\"\",\"publisher\":{\"@id\":\"https:\\\/\\\/ses-creative.com\\\/#organization\"},\"potentialAction\":[{\"@type\":\"SearchAction\",\"target\":{\"@type\":\"EntryPoint\",\"urlTemplate\":\"https:\\\/\\\/ses-creative.com\\\/?s={search_term_string}\"},\"query-input\":{\"@type\":\"PropertyValueSpecification\",\"valueRequired\":true,\"valueName\":\"search_term_string\"}}],\"inLanguage\":\"de\"},{\"@type\":\"Organization\",\"@id\":\"https:\\\/\\\/ses-creative.com\\\/#organization\",\"name\":\"SES Creative\",\"url\":\"https:\\\/\\\/ses-creative.com\\\/\",\"logo\":{\"@type\":\"ImageObject\",\"inLanguage\":\"de\",\"@id\":\"https:\\\/\\\/ses-creative.com\\\/#\\\/schema\\\/logo\\\/image\\\/\",\"url\":\"https:\\\/\\\/ses-creative.com\\\/wp-content\\\/uploads\\\/2025\\\/10\\\/ses-creative-logo.jpg\",\"contentUrl\":\"https:\\\/\\\/ses-creative.com\\\/wp-content\\\/uploads\\\/2025\\\/10\\\/ses-creative-logo.jpg\",\"width\":2037,\"height\":2037,\"caption\":\"SES Creative\"},\"image\":{\"@id\":\"https:\\\/\\\/ses-creative.com\\\/#\\\/schema\\\/logo\\\/image\\\/\"}}]}<\/script>\n<!-- \/ Yoast SEO plugin. -->","yoast_head_json":{"title":"Schleim - Glitzer 2x120gr - SES Creative","robots":{"index":"index","follow":"follow","max-snippet":"max-snippet:-1","max-image-preview":"max-image-preview:large","max-video-preview":"max-video-preview:-1"},"canonical":"https:\/\/ses-creative.com\/de\/produkt\/schleim-glitzer-2x120gr\/","og_locale":"de_DE","og_type":"article","og_title":"Schleim - Glitzer 2x120gr - SES Creative","og_description":"Slime \u2013 Glitter: Das ultimative Schleim-Erlebnis! Mit dem Slime \u2013 Glitter-Set von SES Creative erlebst du das ultimative Slime-Abenteuer! Dieses Set enth\u00e4lt zwei Tiegel mit fertigem Slime voller Glitzer, perfekt f\u00fcr Kinder, die gerne kneten, spielen und experimentieren. \u00d6ffne eines der T\u00f6pfe und beginne sofort mit dem Kneten und Dehnen. Kombiniere die beiden verschiedenen Arten [&hellip;]","og_url":"https:\/\/ses-creative.com\/de\/produkt\/schleim-glitzer-2x120gr\/","og_site_name":"SES Creative","article_modified_time":"2026-02-06T09:51:51+00:00","twitter_card":"summary_large_image","twitter_misc":{"Gesch\u00e4tzte Lesezeit":"2\u00a0Minuten"},"schema":{"@context":"https:\/\/schema.org","@graph":[{"@type":"WebPage","@id":"https:\/\/ses-creative.com\/de\/produkt\/schleim-glitzer-2x120gr\/","url":"https:\/\/ses-creative.com\/de\/produkt\/schleim-glitzer-2x120gr\/","name":"Schleim - Glitzer 2x120gr - SES Creative","isPartOf":{"@id":"https:\/\/ses-creative.com\/#website"},"primaryImageOfPage":{"@id":"https:\/\/ses-creative.com\/de\/produkt\/schleim-glitzer-2x120gr\/#primaryimage"},"image":{"@id":"https:\/\/ses-creative.com\/de\/produkt\/schleim-glitzer-2x120gr\/#primaryimage"},"thumbnailUrl":"https:\/\/ses-creative.com\/wp-content\/uploads\/2026\/01\/150031.jpg","datePublished":"2026-02-05T13:53:01+00:00","dateModified":"2026-02-06T09:51:51+00:00","breadcrumb":{"@id":"https:\/\/ses-creative.com\/de\/produkt\/schleim-glitzer-2x120gr\/#breadcrumb"},"inLanguage":"de","potentialAction":[{"@type":"ReadAction","target":["https:\/\/ses-creative.com\/de\/produkt\/schleim-glitzer-2x120gr\/"]}]},{"@type":"ImageObject","inLanguage":"de","@id":"https:\/\/ses-creative.com\/de\/produkt\/schleim-glitzer-2x120gr\/#primaryimage","url":"https:\/\/ses-creative.com\/wp-content\/uploads\/2026\/01\/150031.jpg","contentUrl":"https:\/\/ses-creative.com\/wp-content\/uploads\/2026\/01\/150031.jpg","width":1000,"height":1000},{"@type":"BreadcrumbList","@id":"https:\/\/ses-creative.com\/de\/produkt\/schleim-glitzer-2x120gr\/#breadcrumb","itemListElement":[{"@type":"ListItem","position":1,"name":"Shop","item":"https:\/\/ses-creative.com\/de\/shop\/"},{"@type":"ListItem","position":2,"name":"Schleim","item":"https:\/\/ses-creative.com\/de\/product-categorie\/schleim\/"},{"@type":"ListItem","position":3,"name":"Schleim &#8211; Glitzer 2x120gr"}]},{"@type":"WebSite","@id":"https:\/\/ses-creative.com\/#website","url":"https:\/\/ses-creative.com\/","name":"SES Creative","description":"","publisher":{"@id":"https:\/\/ses-creative.com\/#organization"},"potentialAction":[{"@type":"SearchAction","target":{"@type":"EntryPoint","urlTemplate":"https:\/\/ses-creative.com\/?s={search_term_string}"},"query-input":{"@type":"PropertyValueSpecification","valueRequired":true,"valueName":"search_term_string"}}],"inLanguage":"de"},{"@type":"Organization","@id":"https:\/\/ses-creative.com\/#organization","name":"SES Creative","url":"https:\/\/ses-creative.com\/","logo":{"@type":"ImageObject","inLanguage":"de","@id":"https:\/\/ses-creative.com\/#\/schema\/logo\/image\/","url":"https:\/\/ses-creative.com\/wp-content\/uploads\/2025\/10\/ses-creative-logo.jpg","contentUrl":"https:\/\/ses-creative.com\/wp-content\/uploads\/2025\/10\/ses-creative-logo.jpg","width":2037,"height":2037,"caption":"SES Creative"},"image":{"@id":"https:\/\/ses-creative.com\/#\/schema\/logo\/image\/"}}]}},"_links":{"self":[{"href":"https:\/\/ses-creative.com\/de\/wp-json\/wp\/v2\/product\/114836","targetHints":{"allow":["GET"]}}],"collection":[{"href":"https:\/\/ses-creative.com\/de\/wp-json\/wp\/v2\/product"}],"about":[{"href":"https:\/\/ses-creative.com\/de\/wp-json\/wp\/v2\/types\/product"}],"replies":[{"embeddable":true,"href":"https:\/\/ses-creative.com\/de\/wp-json\/wp\/v2\/comments?post=114836"}],"wp:featuredmedia":[{"embeddable":true,"href":"https:\/\/ses-creative.com\/de\/wp-json\/wp\/v2\/media\/105136"}],"wp:attachment":[{"href":"https:\/\/ses-creative.com\/de\/wp-json\/wp\/v2\/media?parent=114836"}],"wp:term":[{"taxonomy":"product_brand","embeddable":true,"href":"https:\/\/ses-creative.com\/de\/wp-json\/wp\/v2\/product_brand?post=114836"},{"taxonomy":"product_cat","embeddable":true,"href":"https:\/\/ses-creative.com\/de\/wp-json\/wp\/v2\/product_cat?post=114836"},{"taxonomy":"product_tag","embeddable":true,"href":"https:\/\/ses-creative.com\/de\/wp-json\/wp\/v2\/product_tag?post=114836"}],"curies":[{"name":"wp","href":"https:\/\/api.w.org\/{rel}","templated":true}]}}