











{"id":114834,"date":"2026-02-05T13:53:01","date_gmt":"2026-02-05T13:53:01","guid":{"rendered":"https:\/\/ses-creative.com\/?post_type=product&#038;p=114834"},"modified":"2026-02-06T09:51:50","modified_gmt":"2026-02-06T09:51:50","slug":"metalldinosaurier-konstruktionsset","status":"publish","type":"product","link":"https:\/\/ses-creative.com\/de\/produkt\/metalldinosaurier-konstruktionsset\/","title":{"rendered":"Metalldinosaurier-Konstruktionsset"},"content":{"rendered":"<p>Baue coole Metall-Dinosaurier!<\/p>\n<p>Mit dem Metall-Konstruktionsset Dino k\u00f6nnen Kinder stabile Dinosaurier aus echten Metallteilen bauen und dabei technische F\u00e4higkeiten erlernen.<\/p>\n<p>Inhalt der Verpackung<\/p>\n<p>Metallteile<\/p>\n<p>Schrauben und Muttern<\/p>\n<p>Werkzeug (Schraubendreher und Schraubenschl\u00fcssel)<\/p>\n<p>Einzigartige Eigenschaften<\/p>\n<p>F\u00f6rdert technisches Verst\u00e4ndnis und Feinmotorik<\/p>\n<p>Geeignet ab 7 Jahren<\/p>\n<p>Robuste Konstruktion f\u00fcr endloses Bauen<\/p>\n<p>Zeige deine Kreativit\u00e4t<br \/>\nBaue deinen eigenen Dino und experimentiere mit verschiedenen Kombinationen von Teilen.<\/p>\n<p>Leg noch heute los!<br \/>\nEntdecke Spa\u00df und Technik in einem coolen Projekt!<\/p>\n","protected":false},"excerpt":{"rendered":"<p>Baue coole Metall-Dinosaurier! Mit dem Metall-Konstruktionsset Dino k\u00f6nnen Kinder stabile Dinosaurier aus echten Metallteilen bauen und dabei technische F\u00e4higkeiten erlernen. Inhalt der Verpackung Metallteile Schrauben und Muttern Werkzeug (Schraubendreher und Schraubenschl\u00fcssel) Einzigartige Eigenschaften F\u00f6rdert technisches Verst\u00e4ndnis und Feinmotorik Geeignet ab 7 Jahren Robuste Konstruktion f\u00fcr endloses Bauen Zeige deine Kreativit\u00e4t Baue deinen eigenen Dino und [&hellip;]<\/p>\n","protected":false},"featured_media":105096,"comment_status":"closed","ping_status":"closed","template":"","meta":{"_acf_changed":false},"product_brand":[],"product_cat":[115],"product_tag":[],"class_list":{"0":"post-114834","1":"product","2":"type-product","3":"status-publish","4":"has-post-thumbnail","6":"product_cat-basteln","7":"pa_leeftijd-filter-6-jahre","8":"pa_meest-populair-bij-jungen","10":"first","11":"instock","12":"shipping-taxable","13":"product-type-simple"},"acf":[],"yoast_head":"<!-- This site is optimized with the Yoast SEO plugin v27.2 - https:\/\/yoast.com\/product\/yoast-seo-wordpress\/ -->\n<title>Metalldinosaurier-Konstruktionsset - SES Creative<\/title>\n<meta name=\"robots\" content=\"index, follow, max-snippet:-1, max-image-preview:large, max-video-preview:-1\" \/>\n<link rel=\"canonical\" href=\"https:\/\/ses-creative.com\/de\/produkt\/metalldinosaurier-konstruktionsset\/\" \/>\n<meta property=\"og:locale\" content=\"de_DE\" \/>\n<meta property=\"og:type\" content=\"article\" \/>\n<meta property=\"og:title\" content=\"Metalldinosaurier-Konstruktionsset - SES Creative\" \/>\n<meta property=\"og:description\" content=\"Baue coole Metall-Dinosaurier! Mit dem Metall-Konstruktionsset Dino k\u00f6nnen Kinder stabile Dinosaurier aus echten Metallteilen bauen und dabei technische F\u00e4higkeiten erlernen. Inhalt der Verpackung Metallteile Schrauben und Muttern Werkzeug (Schraubendreher und Schraubenschl\u00fcssel) Einzigartige Eigenschaften F\u00f6rdert technisches Verst\u00e4ndnis und Feinmotorik Geeignet ab 7 Jahren Robuste Konstruktion f\u00fcr endloses Bauen Zeige deine Kreativit\u00e4t Baue deinen eigenen Dino und [&hellip;]\" \/>\n<meta property=\"og:url\" content=\"https:\/\/ses-creative.com\/de\/produkt\/metalldinosaurier-konstruktionsset\/\" \/>\n<meta property=\"og:site_name\" content=\"SES Creative\" \/>\n<meta property=\"article:modified_time\" content=\"2026-02-06T09:51:50+00:00\" \/>\n<meta name=\"twitter:card\" content=\"summary_large_image\" \/>\n<script type=\"application\/ld+json\" class=\"yoast-schema-graph\">{\"@context\":\"https:\/\/schema.org\",\"@graph\":[{\"@type\":\"WebPage\",\"@id\":\"https:\/\/ses-creative.com\/de\/produkt\/metalldinosaurier-konstruktionsset\/\",\"url\":\"https:\/\/ses-creative.com\/de\/produkt\/metalldinosaurier-konstruktionsset\/\",\"name\":\"Metalldinosaurier-Konstruktionsset - SES Creative\",\"isPartOf\":{\"@id\":\"https:\/\/ses-creative.com\/#website\"},\"primaryImageOfPage\":{\"@id\":\"https:\/\/ses-creative.com\/de\/produkt\/metalldinosaurier-konstruktionsset\/#primaryimage\"},\"image\":{\"@id\":\"https:\/\/ses-creative.com\/de\/produkt\/metalldinosaurier-konstruktionsset\/#primaryimage\"},\"thumbnailUrl\":\"https:\/\/ses-creative.com\/wp-content\/uploads\/2026\/01\/149581.jpg\",\"datePublished\":\"2026-02-05T13:53:01+00:00\",\"dateModified\":\"2026-02-06T09:51:50+00:00\",\"breadcrumb\":{\"@id\":\"https:\/\/ses-creative.com\/de\/produkt\/metalldinosaurier-konstruktionsset\/#breadcrumb\"},\"inLanguage\":\"de\",\"potentialAction\":[{\"@type\":\"ReadAction\",\"target\":[\"https:\/\/ses-creative.com\/de\/produkt\/metalldinosaurier-konstruktionsset\/\"]}]},{\"@type\":\"ImageObject\",\"inLanguage\":\"de\",\"@id\":\"https:\/\/ses-creative.com\/de\/produkt\/metalldinosaurier-konstruktionsset\/#primaryimage\",\"url\":\"https:\/\/ses-creative.com\/wp-content\/uploads\/2026\/01\/149581.jpg\",\"contentUrl\":\"https:\/\/ses-creative.com\/wp-content\/uploads\/2026\/01\/149581.jpg\",\"width\":1000,\"height\":1000},{\"@type\":\"BreadcrumbList\",\"@id\":\"https:\/\/ses-creative.com\/de\/produkt\/metalldinosaurier-konstruktionsset\/#breadcrumb\",\"itemListElement\":[{\"@type\":\"ListItem\",\"position\":1,\"name\":\"Shop\",\"item\":\"https:\/\/ses-creative.com\/de\/shop\/\"},{\"@type\":\"ListItem\",\"position\":2,\"name\":\"Basteln\",\"item\":\"https:\/\/ses-creative.com\/de\/product-categorie\/basteln\/\"},{\"@type\":\"ListItem\",\"position\":3,\"name\":\"Metalldinosaurier-Konstruktionsset\"}]},{\"@type\":\"WebSite\",\"@id\":\"https:\/\/ses-creative.com\/#website\",\"url\":\"https:\/\/ses-creative.com\/\",\"name\":\"SES Creative\",\"description\":\"\",\"publisher\":{\"@id\":\"https:\/\/ses-creative.com\/#organization\"},\"potentialAction\":[{\"@type\":\"SearchAction\",\"target\":{\"@type\":\"EntryPoint\",\"urlTemplate\":\"https:\/\/ses-creative.com\/?s={search_term_string}\"},\"query-input\":{\"@type\":\"PropertyValueSpecification\",\"valueRequired\":true,\"valueName\":\"search_term_string\"}}],\"inLanguage\":\"de\"},{\"@type\":\"Organization\",\"@id\":\"https:\/\/ses-creative.com\/#organization\",\"name\":\"SES Creative\",\"url\":\"https:\/\/ses-creative.com\/\",\"logo\":{\"@type\":\"ImageObject\",\"inLanguage\":\"de\",\"@id\":\"https:\/\/ses-creative.com\/#\/schema\/logo\/image\/\",\"url\":\"https:\/\/ses-creative.com\/wp-content\/uploads\/2025\/10\/ses-creative-logo.jpg\",\"contentUrl\":\"https:\/\/ses-creative.com\/wp-content\/uploads\/2025\/10\/ses-creative-logo.jpg\",\"width\":2037,\"height\":2037,\"caption\":\"SES Creative\"},\"image\":{\"@id\":\"https:\/\/ses-creative.com\/#\/schema\/logo\/image\/\"}}]}<\/script>\n<!-- \/ Yoast SEO plugin. -->","yoast_head_json":{"title":"Metalldinosaurier-Konstruktionsset - SES Creative","robots":{"index":"index","follow":"follow","max-snippet":"max-snippet:-1","max-image-preview":"max-image-preview:large","max-video-preview":"max-video-preview:-1"},"canonical":"https:\/\/ses-creative.com\/de\/produkt\/metalldinosaurier-konstruktionsset\/","og_locale":"de_DE","og_type":"article","og_title":"Metalldinosaurier-Konstruktionsset - SES Creative","og_description":"Baue coole Metall-Dinosaurier! Mit dem Metall-Konstruktionsset Dino k\u00f6nnen Kinder stabile Dinosaurier aus echten Metallteilen bauen und dabei technische F\u00e4higkeiten erlernen. Inhalt der Verpackung Metallteile Schrauben und Muttern Werkzeug (Schraubendreher und Schraubenschl\u00fcssel) Einzigartige Eigenschaften F\u00f6rdert technisches Verst\u00e4ndnis und Feinmotorik Geeignet ab 7 Jahren Robuste Konstruktion f\u00fcr endloses Bauen Zeige deine Kreativit\u00e4t Baue deinen eigenen Dino und [&hellip;]","og_url":"https:\/\/ses-creative.com\/de\/produkt\/metalldinosaurier-konstruktionsset\/","og_site_name":"SES Creative","article_modified_time":"2026-02-06T09:51:50+00:00","twitter_card":"summary_large_image","schema":{"@context":"https:\/\/schema.org","@graph":[{"@type":"WebPage","@id":"https:\/\/ses-creative.com\/de\/produkt\/metalldinosaurier-konstruktionsset\/","url":"https:\/\/ses-creative.com\/de\/produkt\/metalldinosaurier-konstruktionsset\/","name":"Metalldinosaurier-Konstruktionsset - SES Creative","isPartOf":{"@id":"https:\/\/ses-creative.com\/#website"},"primaryImageOfPage":{"@id":"https:\/\/ses-creative.com\/de\/produkt\/metalldinosaurier-konstruktionsset\/#primaryimage"},"image":{"@id":"https:\/\/ses-creative.com\/de\/produkt\/metalldinosaurier-konstruktionsset\/#primaryimage"},"thumbnailUrl":"https:\/\/ses-creative.com\/wp-content\/uploads\/2026\/01\/149581.jpg","datePublished":"2026-02-05T13:53:01+00:00","dateModified":"2026-02-06T09:51:50+00:00","breadcrumb":{"@id":"https:\/\/ses-creative.com\/de\/produkt\/metalldinosaurier-konstruktionsset\/#breadcrumb"},"inLanguage":"de","potentialAction":[{"@type":"ReadAction","target":["https:\/\/ses-creative.com\/de\/produkt\/metalldinosaurier-konstruktionsset\/"]}]},{"@type":"ImageObject","inLanguage":"de","@id":"https:\/\/ses-creative.com\/de\/produkt\/metalldinosaurier-konstruktionsset\/#primaryimage","url":"https:\/\/ses-creative.com\/wp-content\/uploads\/2026\/01\/149581.jpg","contentUrl":"https:\/\/ses-creative.com\/wp-content\/uploads\/2026\/01\/149581.jpg","width":1000,"height":1000},{"@type":"BreadcrumbList","@id":"https:\/\/ses-creative.com\/de\/produkt\/metalldinosaurier-konstruktionsset\/#breadcrumb","itemListElement":[{"@type":"ListItem","position":1,"name":"Shop","item":"https:\/\/ses-creative.com\/de\/shop\/"},{"@type":"ListItem","position":2,"name":"Basteln","item":"https:\/\/ses-creative.com\/de\/product-categorie\/basteln\/"},{"@type":"ListItem","position":3,"name":"Metalldinosaurier-Konstruktionsset"}]},{"@type":"WebSite","@id":"https:\/\/ses-creative.com\/#website","url":"https:\/\/ses-creative.com\/","name":"SES Creative","description":"","publisher":{"@id":"https:\/\/ses-creative.com\/#organization"},"potentialAction":[{"@type":"SearchAction","target":{"@type":"EntryPoint","urlTemplate":"https:\/\/ses-creative.com\/?s={search_term_string}"},"query-input":{"@type":"PropertyValueSpecification","valueRequired":true,"valueName":"search_term_string"}}],"inLanguage":"de"},{"@type":"Organization","@id":"https:\/\/ses-creative.com\/#organization","name":"SES Creative","url":"https:\/\/ses-creative.com\/","logo":{"@type":"ImageObject","inLanguage":"de","@id":"https:\/\/ses-creative.com\/#\/schema\/logo\/image\/","url":"https:\/\/ses-creative.com\/wp-content\/uploads\/2025\/10\/ses-creative-logo.jpg","contentUrl":"https:\/\/ses-creative.com\/wp-content\/uploads\/2025\/10\/ses-creative-logo.jpg","width":2037,"height":2037,"caption":"SES Creative"},"image":{"@id":"https:\/\/ses-creative.com\/#\/schema\/logo\/image\/"}}]}},"_links":{"self":[{"href":"https:\/\/ses-creative.com\/de\/wp-json\/wp\/v2\/product\/114834","targetHints":{"allow":["GET"]}}],"collection":[{"href":"https:\/\/ses-creative.com\/de\/wp-json\/wp\/v2\/product"}],"about":[{"href":"https:\/\/ses-creative.com\/de\/wp-json\/wp\/v2\/types\/product"}],"replies":[{"embeddable":true,"href":"https:\/\/ses-creative.com\/de\/wp-json\/wp\/v2\/comments?post=114834"}],"wp:featuredmedia":[{"embeddable":true,"href":"https:\/\/ses-creative.com\/de\/wp-json\/wp\/v2\/media\/105096"}],"wp:attachment":[{"href":"https:\/\/ses-creative.com\/de\/wp-json\/wp\/v2\/media?parent=114834"}],"wp:term":[{"taxonomy":"product_brand","embeddable":true,"href":"https:\/\/ses-creative.com\/de\/wp-json\/wp\/v2\/product_brand?post=114834"},{"taxonomy":"product_cat","embeddable":true,"href":"https:\/\/ses-creative.com\/de\/wp-json\/wp\/v2\/product_cat?post=114834"},{"taxonomy":"product_tag","embeddable":true,"href":"https:\/\/ses-creative.com\/de\/wp-json\/wp\/v2\/product_tag?post=114834"}],"curies":[{"name":"wp","href":"https:\/\/api.w.org\/{rel}","templated":true}]}}