











{"id":114831,"date":"2026-02-05T13:53:00","date_gmt":"2026-02-05T13:53:00","guid":{"rendered":"https:\/\/ses-creative.com\/?post_type=product&#038;p=114831"},"modified":"2026-02-06T09:51:50","modified_gmt":"2026-02-06T09:51:50","slug":"mosaikbrett-mit-karten","status":"publish","type":"product","link":"https:\/\/ses-creative.com\/de\/produkt\/mosaikbrett-mit-karten\/","title":{"rendered":"Mosaikbrett mit Karten"},"content":{"rendered":"<p>Kreieren Sie immer wieder neue farbenfrohe Muster!<br \/>\nMit diesem Mosaikbrett k\u00f6nnen Kinder endlos variieren und mit 100 farbigen Stiften und 4 bedruckten Karten ihre eigenen Designs erstellen.<\/p>\n<p>Inhalt der Verpackung:<\/p>\n<p>Mosaikbrett<\/p>\n<p>100 farbige Stifte<\/p>\n<p>4 bedruckte Karten<\/p>\n<p>Einzigartige Eigenschaften:<\/p>\n<p>Immer wieder verwendbar f\u00fcr endlosen Spielspa\u00df<\/p>\n<p>F\u00f6rdert Kreativit\u00e4t und Feinmotorik<\/p>\n<p>Geeignet f\u00fcr Kinder ab 3 Jahren<\/p>\n<p>Hochwertiges und langlebiges Material<\/p>\n<p>Entwerfen und immer wieder spielen!<br \/>\nLassen Sie Kinder ihre eigenen Muster erstellen oder folgen Sie den Beispielkarten. Perfekt, um kreativ zu lernen und stundenlangen Spielspa\u00df zu erleben!<\/p>\n","protected":false},"excerpt":{"rendered":"<p>Kreieren Sie immer wieder neue farbenfrohe Muster! Mit diesem Mosaikbrett k\u00f6nnen Kinder endlos variieren und mit 100 farbigen Stiften und 4 bedruckten Karten ihre eigenen Designs erstellen. Inhalt der Verpackung: Mosaikbrett 100 farbige Stifte 4 bedruckte Karten Einzigartige Eigenschaften: Immer wieder verwendbar f\u00fcr endlosen Spielspa\u00df F\u00f6rdert Kreativit\u00e4t und Feinmotorik Geeignet f\u00fcr Kinder ab 3 Jahren [&hellip;]<\/p>\n","protected":false},"featured_media":105036,"comment_status":"closed","ping_status":"closed","template":"","meta":{"_acf_changed":false},"product_brand":[],"product_cat":[115],"product_tag":[],"class_list":{"0":"post-114831","1":"product","2":"type-product","3":"status-publish","4":"has-post-thumbnail","6":"product_cat-basteln","7":"pa_leeftijd-filter-3-4-jahre","8":"pa_meest-populair-bij-jungen-maedchen","10":"first","11":"instock","12":"shipping-taxable","13":"product-type-simple"},"acf":[],"yoast_head":"<!-- This site is optimized with the Yoast SEO plugin v27.4 - https:\/\/yoast.com\/product\/yoast-seo-wordpress\/ -->\n<title>Mosaikbrett mit Karten - SES Creative<\/title>\n<meta name=\"robots\" content=\"index, follow, max-snippet:-1, max-image-preview:large, max-video-preview:-1\" \/>\n<link rel=\"canonical\" href=\"https:\/\/ses-creative.com\/de\/produkt\/mosaikbrett-mit-karten\/\" \/>\n<meta property=\"og:locale\" content=\"de_DE\" \/>\n<meta property=\"og:type\" content=\"article\" \/>\n<meta property=\"og:title\" content=\"Mosaikbrett mit Karten - SES Creative\" \/>\n<meta property=\"og:description\" content=\"Kreieren Sie immer wieder neue farbenfrohe Muster! Mit diesem Mosaikbrett k\u00f6nnen Kinder endlos variieren und mit 100 farbigen Stiften und 4 bedruckten Karten ihre eigenen Designs erstellen. Inhalt der Verpackung: Mosaikbrett 100 farbige Stifte 4 bedruckte Karten Einzigartige Eigenschaften: Immer wieder verwendbar f\u00fcr endlosen Spielspa\u00df F\u00f6rdert Kreativit\u00e4t und Feinmotorik Geeignet f\u00fcr Kinder ab 3 Jahren [&hellip;]\" \/>\n<meta property=\"og:url\" content=\"https:\/\/ses-creative.com\/de\/produkt\/mosaikbrett-mit-karten\/\" \/>\n<meta property=\"og:site_name\" content=\"SES Creative\" \/>\n<meta property=\"article:modified_time\" content=\"2026-02-06T09:51:50+00:00\" \/>\n<meta name=\"twitter:card\" content=\"summary_large_image\" \/>\n<script type=\"application\/ld+json\" class=\"yoast-schema-graph\">{\"@context\":\"https:\\\/\\\/schema.org\",\"@graph\":[{\"@type\":\"WebPage\",\"@id\":\"https:\\\/\\\/ses-creative.com\\\/de\\\/produkt\\\/mosaikbrett-mit-karten\\\/\",\"url\":\"https:\\\/\\\/ses-creative.com\\\/de\\\/produkt\\\/mosaikbrett-mit-karten\\\/\",\"name\":\"Mosaikbrett mit Karten - SES Creative\",\"isPartOf\":{\"@id\":\"https:\\\/\\\/ses-creative.com\\\/#website\"},\"primaryImageOfPage\":{\"@id\":\"https:\\\/\\\/ses-creative.com\\\/de\\\/produkt\\\/mosaikbrett-mit-karten\\\/#primaryimage\"},\"image\":{\"@id\":\"https:\\\/\\\/ses-creative.com\\\/de\\\/produkt\\\/mosaikbrett-mit-karten\\\/#primaryimage\"},\"thumbnailUrl\":\"https:\\\/\\\/ses-creative.com\\\/wp-content\\\/uploads\\\/2026\\\/01\\\/148981.jpg\",\"datePublished\":\"2026-02-05T13:53:00+00:00\",\"dateModified\":\"2026-02-06T09:51:50+00:00\",\"breadcrumb\":{\"@id\":\"https:\\\/\\\/ses-creative.com\\\/de\\\/produkt\\\/mosaikbrett-mit-karten\\\/#breadcrumb\"},\"inLanguage\":\"de\",\"potentialAction\":[{\"@type\":\"ReadAction\",\"target\":[\"https:\\\/\\\/ses-creative.com\\\/de\\\/produkt\\\/mosaikbrett-mit-karten\\\/\"]}]},{\"@type\":\"ImageObject\",\"inLanguage\":\"de\",\"@id\":\"https:\\\/\\\/ses-creative.com\\\/de\\\/produkt\\\/mosaikbrett-mit-karten\\\/#primaryimage\",\"url\":\"https:\\\/\\\/ses-creative.com\\\/wp-content\\\/uploads\\\/2026\\\/01\\\/148981.jpg\",\"contentUrl\":\"https:\\\/\\\/ses-creative.com\\\/wp-content\\\/uploads\\\/2026\\\/01\\\/148981.jpg\",\"width\":1000,\"height\":1000},{\"@type\":\"BreadcrumbList\",\"@id\":\"https:\\\/\\\/ses-creative.com\\\/de\\\/produkt\\\/mosaikbrett-mit-karten\\\/#breadcrumb\",\"itemListElement\":[{\"@type\":\"ListItem\",\"position\":1,\"name\":\"Shop\",\"item\":\"https:\\\/\\\/ses-creative.com\\\/de\\\/shop\\\/\"},{\"@type\":\"ListItem\",\"position\":2,\"name\":\"Basteln\",\"item\":\"https:\\\/\\\/ses-creative.com\\\/de\\\/product-categorie\\\/basteln\\\/\"},{\"@type\":\"ListItem\",\"position\":3,\"name\":\"Mosaikbrett mit Karten\"}]},{\"@type\":\"WebSite\",\"@id\":\"https:\\\/\\\/ses-creative.com\\\/#website\",\"url\":\"https:\\\/\\\/ses-creative.com\\\/\",\"name\":\"SES Creative\",\"description\":\"\",\"publisher\":{\"@id\":\"https:\\\/\\\/ses-creative.com\\\/#organization\"},\"potentialAction\":[{\"@type\":\"SearchAction\",\"target\":{\"@type\":\"EntryPoint\",\"urlTemplate\":\"https:\\\/\\\/ses-creative.com\\\/?s={search_term_string}\"},\"query-input\":{\"@type\":\"PropertyValueSpecification\",\"valueRequired\":true,\"valueName\":\"search_term_string\"}}],\"inLanguage\":\"de\"},{\"@type\":\"Organization\",\"@id\":\"https:\\\/\\\/ses-creative.com\\\/#organization\",\"name\":\"SES Creative\",\"url\":\"https:\\\/\\\/ses-creative.com\\\/\",\"logo\":{\"@type\":\"ImageObject\",\"inLanguage\":\"de\",\"@id\":\"https:\\\/\\\/ses-creative.com\\\/#\\\/schema\\\/logo\\\/image\\\/\",\"url\":\"https:\\\/\\\/ses-creative.com\\\/wp-content\\\/uploads\\\/2025\\\/10\\\/ses-creative-logo.jpg\",\"contentUrl\":\"https:\\\/\\\/ses-creative.com\\\/wp-content\\\/uploads\\\/2025\\\/10\\\/ses-creative-logo.jpg\",\"width\":2037,\"height\":2037,\"caption\":\"SES Creative\"},\"image\":{\"@id\":\"https:\\\/\\\/ses-creative.com\\\/#\\\/schema\\\/logo\\\/image\\\/\"}}]}<\/script>\n<!-- \/ Yoast SEO plugin. -->","yoast_head_json":{"title":"Mosaikbrett mit Karten - SES Creative","robots":{"index":"index","follow":"follow","max-snippet":"max-snippet:-1","max-image-preview":"max-image-preview:large","max-video-preview":"max-video-preview:-1"},"canonical":"https:\/\/ses-creative.com\/de\/produkt\/mosaikbrett-mit-karten\/","og_locale":"de_DE","og_type":"article","og_title":"Mosaikbrett mit Karten - SES Creative","og_description":"Kreieren Sie immer wieder neue farbenfrohe Muster! Mit diesem Mosaikbrett k\u00f6nnen Kinder endlos variieren und mit 100 farbigen Stiften und 4 bedruckten Karten ihre eigenen Designs erstellen. Inhalt der Verpackung: Mosaikbrett 100 farbige Stifte 4 bedruckte Karten Einzigartige Eigenschaften: Immer wieder verwendbar f\u00fcr endlosen Spielspa\u00df F\u00f6rdert Kreativit\u00e4t und Feinmotorik Geeignet f\u00fcr Kinder ab 3 Jahren [&hellip;]","og_url":"https:\/\/ses-creative.com\/de\/produkt\/mosaikbrett-mit-karten\/","og_site_name":"SES Creative","article_modified_time":"2026-02-06T09:51:50+00:00","twitter_card":"summary_large_image","schema":{"@context":"https:\/\/schema.org","@graph":[{"@type":"WebPage","@id":"https:\/\/ses-creative.com\/de\/produkt\/mosaikbrett-mit-karten\/","url":"https:\/\/ses-creative.com\/de\/produkt\/mosaikbrett-mit-karten\/","name":"Mosaikbrett mit Karten - SES Creative","isPartOf":{"@id":"https:\/\/ses-creative.com\/#website"},"primaryImageOfPage":{"@id":"https:\/\/ses-creative.com\/de\/produkt\/mosaikbrett-mit-karten\/#primaryimage"},"image":{"@id":"https:\/\/ses-creative.com\/de\/produkt\/mosaikbrett-mit-karten\/#primaryimage"},"thumbnailUrl":"https:\/\/ses-creative.com\/wp-content\/uploads\/2026\/01\/148981.jpg","datePublished":"2026-02-05T13:53:00+00:00","dateModified":"2026-02-06T09:51:50+00:00","breadcrumb":{"@id":"https:\/\/ses-creative.com\/de\/produkt\/mosaikbrett-mit-karten\/#breadcrumb"},"inLanguage":"de","potentialAction":[{"@type":"ReadAction","target":["https:\/\/ses-creative.com\/de\/produkt\/mosaikbrett-mit-karten\/"]}]},{"@type":"ImageObject","inLanguage":"de","@id":"https:\/\/ses-creative.com\/de\/produkt\/mosaikbrett-mit-karten\/#primaryimage","url":"https:\/\/ses-creative.com\/wp-content\/uploads\/2026\/01\/148981.jpg","contentUrl":"https:\/\/ses-creative.com\/wp-content\/uploads\/2026\/01\/148981.jpg","width":1000,"height":1000},{"@type":"BreadcrumbList","@id":"https:\/\/ses-creative.com\/de\/produkt\/mosaikbrett-mit-karten\/#breadcrumb","itemListElement":[{"@type":"ListItem","position":1,"name":"Shop","item":"https:\/\/ses-creative.com\/de\/shop\/"},{"@type":"ListItem","position":2,"name":"Basteln","item":"https:\/\/ses-creative.com\/de\/product-categorie\/basteln\/"},{"@type":"ListItem","position":3,"name":"Mosaikbrett mit Karten"}]},{"@type":"WebSite","@id":"https:\/\/ses-creative.com\/#website","url":"https:\/\/ses-creative.com\/","name":"SES Creative","description":"","publisher":{"@id":"https:\/\/ses-creative.com\/#organization"},"potentialAction":[{"@type":"SearchAction","target":{"@type":"EntryPoint","urlTemplate":"https:\/\/ses-creative.com\/?s={search_term_string}"},"query-input":{"@type":"PropertyValueSpecification","valueRequired":true,"valueName":"search_term_string"}}],"inLanguage":"de"},{"@type":"Organization","@id":"https:\/\/ses-creative.com\/#organization","name":"SES Creative","url":"https:\/\/ses-creative.com\/","logo":{"@type":"ImageObject","inLanguage":"de","@id":"https:\/\/ses-creative.com\/#\/schema\/logo\/image\/","url":"https:\/\/ses-creative.com\/wp-content\/uploads\/2025\/10\/ses-creative-logo.jpg","contentUrl":"https:\/\/ses-creative.com\/wp-content\/uploads\/2025\/10\/ses-creative-logo.jpg","width":2037,"height":2037,"caption":"SES Creative"},"image":{"@id":"https:\/\/ses-creative.com\/#\/schema\/logo\/image\/"}}]}},"_links":{"self":[{"href":"https:\/\/ses-creative.com\/de\/wp-json\/wp\/v2\/product\/114831","targetHints":{"allow":["GET"]}}],"collection":[{"href":"https:\/\/ses-creative.com\/de\/wp-json\/wp\/v2\/product"}],"about":[{"href":"https:\/\/ses-creative.com\/de\/wp-json\/wp\/v2\/types\/product"}],"replies":[{"embeddable":true,"href":"https:\/\/ses-creative.com\/de\/wp-json\/wp\/v2\/comments?post=114831"}],"wp:featuredmedia":[{"embeddable":true,"href":"https:\/\/ses-creative.com\/de\/wp-json\/wp\/v2\/media\/105036"}],"wp:attachment":[{"href":"https:\/\/ses-creative.com\/de\/wp-json\/wp\/v2\/media?parent=114831"}],"wp:term":[{"taxonomy":"product_brand","embeddable":true,"href":"https:\/\/ses-creative.com\/de\/wp-json\/wp\/v2\/product_brand?post=114831"},{"taxonomy":"product_cat","embeddable":true,"href":"https:\/\/ses-creative.com\/de\/wp-json\/wp\/v2\/product_cat?post=114831"},{"taxonomy":"product_tag","embeddable":true,"href":"https:\/\/ses-creative.com\/de\/wp-json\/wp\/v2\/product_tag?post=114831"}],"curies":[{"name":"wp","href":"https:\/\/api.w.org\/{rel}","templated":true}]}}