











{"id":114826,"date":"2026-02-05T13:52:59","date_gmt":"2026-02-05T13:52:59","guid":{"rendered":"https:\/\/ses-creative.com\/?post_type=product&#038;p=114826"},"modified":"2026-02-06T09:51:49","modified_gmt":"2026-02-06T09:51:49","slug":"ich-lerne-formen-erkennen","status":"publish","type":"product","link":"https:\/\/ses-creative.com\/de\/produkt\/ich-lerne-formen-erkennen\/","title":{"rendered":"Ich lerne Formen erkennen"},"content":{"rendered":"<p>Entdecken Sie das Lernpaket &#8222;Ich lerne Formen erkennen&#8220; von SES Creative, das Kinder ab 3 Jahren auf spielerische und interaktive Weise an das Erkennen geometrischer Formen heranf\u00fchren soll. Dieses Komplettset enth\u00e4lt 16 illustrierte Karten und \u00fcber 300 bunte Sticker, die verschiedene Formen wie Quadrate, Kreise, Dreiecke und Sechsecke darstellen. Die Kinder werden aufgefordert, jede Form der entsprechenden Stelle auf den Karten zuzuordnen, wodurch ihr Verst\u00e4ndnis f\u00fcr Formen und Farben gef\u00f6rdert und gleichzeitig ihre Feinmotorik entwickelt wird.<\/p>\n<p>Dieses Set ist nicht nur ein p\u00e4dagogisches Hilfsmittel, sondern regt auch die Kreativit\u00e4t der Kleinen an, da sie die Karten mit den mitgelieferten Aufklebern individuell gestalten k\u00f6nnen. Dieses in den Niederlanden von SES Creative hergestellte Produkt wurde umweltfreundlich gestaltet und ist 100 % CO\u2082-neutral. Es ist eine ideale Geschenkidee f\u00fcr kleine Kinder und hilft ihnen dabei, spielerisch zu lernen.<\/p>\n<p>Schenken Sie Ihrem Kind mit dem Set &#8222;Ich lerne, Formen zu erkennen&#8220; eine bereichernde Lernerfahrung und beobachten Sie, wie es spielerisch wichtige F\u00e4higkeiten entwickelt.<\/p>\n","protected":false},"excerpt":{"rendered":"<p>Entdecken Sie das Lernpaket &#8222;Ich lerne Formen erkennen&#8220; von SES Creative, das Kinder ab 3 Jahren auf spielerische und interaktive Weise an das Erkennen geometrischer Formen heranf\u00fchren soll. Dieses Komplettset enth\u00e4lt 16 illustrierte Karten und \u00fcber 300 bunte Sticker, die verschiedene Formen wie Quadrate, Kreise, Dreiecke und Sechsecke darstellen. Die Kinder werden aufgefordert, jede Form [&hellip;]<\/p>\n","protected":false},"featured_media":104936,"comment_status":"closed","ping_status":"closed","template":"","meta":{"_acf_changed":false},"product_brand":[],"product_cat":[115],"product_tag":[],"class_list":{"0":"post-114826","1":"product","2":"type-product","3":"status-publish","4":"has-post-thumbnail","6":"product_cat-basteln","7":"pa_leeftijd-filter-3-4-jahre","8":"pa_meest-populair-bij-jungen-maedchen","10":"first","11":"instock","12":"shipping-taxable","13":"product-type-simple"},"acf":[],"yoast_head":"<!-- This site is optimized with the Yoast SEO plugin v27.2 - https:\/\/yoast.com\/product\/yoast-seo-wordpress\/ -->\n<title>Ich lerne Formen erkennen - SES Creative<\/title>\n<meta name=\"robots\" content=\"index, follow, max-snippet:-1, max-image-preview:large, max-video-preview:-1\" \/>\n<link rel=\"canonical\" href=\"https:\/\/ses-creative.com\/de\/produkt\/ich-lerne-formen-erkennen\/\" \/>\n<meta property=\"og:locale\" content=\"de_DE\" \/>\n<meta property=\"og:type\" content=\"article\" \/>\n<meta property=\"og:title\" content=\"Ich lerne Formen erkennen - SES Creative\" \/>\n<meta property=\"og:description\" content=\"Entdecken Sie das Lernpaket &#8222;Ich lerne Formen erkennen&#8220; von SES Creative, das Kinder ab 3 Jahren auf spielerische und interaktive Weise an das Erkennen geometrischer Formen heranf\u00fchren soll. Dieses Komplettset enth\u00e4lt 16 illustrierte Karten und \u00fcber 300 bunte Sticker, die verschiedene Formen wie Quadrate, Kreise, Dreiecke und Sechsecke darstellen. Die Kinder werden aufgefordert, jede Form [&hellip;]\" \/>\n<meta property=\"og:url\" content=\"https:\/\/ses-creative.com\/de\/produkt\/ich-lerne-formen-erkennen\/\" \/>\n<meta property=\"og:site_name\" content=\"SES Creative\" \/>\n<meta property=\"article:modified_time\" content=\"2026-02-06T09:51:49+00:00\" \/>\n<meta name=\"twitter:card\" content=\"summary_large_image\" \/>\n<meta name=\"twitter:label1\" content=\"Gesch\u00e4tzte Lesezeit\" \/>\n\t<meta name=\"twitter:data1\" content=\"1\u00a0Minute\" \/>\n<script type=\"application\/ld+json\" class=\"yoast-schema-graph\">{\"@context\":\"https:\/\/schema.org\",\"@graph\":[{\"@type\":\"WebPage\",\"@id\":\"https:\/\/ses-creative.com\/de\/produkt\/ich-lerne-formen-erkennen\/\",\"url\":\"https:\/\/ses-creative.com\/de\/produkt\/ich-lerne-formen-erkennen\/\",\"name\":\"Ich lerne Formen erkennen - SES Creative\",\"isPartOf\":{\"@id\":\"https:\/\/ses-creative.com\/#website\"},\"primaryImageOfPage\":{\"@id\":\"https:\/\/ses-creative.com\/de\/produkt\/ich-lerne-formen-erkennen\/#primaryimage\"},\"image\":{\"@id\":\"https:\/\/ses-creative.com\/de\/produkt\/ich-lerne-formen-erkennen\/#primaryimage\"},\"thumbnailUrl\":\"https:\/\/ses-creative.com\/wp-content\/uploads\/2026\/01\/148391.jpg\",\"datePublished\":\"2026-02-05T13:52:59+00:00\",\"dateModified\":\"2026-02-06T09:51:49+00:00\",\"breadcrumb\":{\"@id\":\"https:\/\/ses-creative.com\/de\/produkt\/ich-lerne-formen-erkennen\/#breadcrumb\"},\"inLanguage\":\"de\",\"potentialAction\":[{\"@type\":\"ReadAction\",\"target\":[\"https:\/\/ses-creative.com\/de\/produkt\/ich-lerne-formen-erkennen\/\"]}]},{\"@type\":\"ImageObject\",\"inLanguage\":\"de\",\"@id\":\"https:\/\/ses-creative.com\/de\/produkt\/ich-lerne-formen-erkennen\/#primaryimage\",\"url\":\"https:\/\/ses-creative.com\/wp-content\/uploads\/2026\/01\/148391.jpg\",\"contentUrl\":\"https:\/\/ses-creative.com\/wp-content\/uploads\/2026\/01\/148391.jpg\",\"width\":1000,\"height\":1000},{\"@type\":\"BreadcrumbList\",\"@id\":\"https:\/\/ses-creative.com\/de\/produkt\/ich-lerne-formen-erkennen\/#breadcrumb\",\"itemListElement\":[{\"@type\":\"ListItem\",\"position\":1,\"name\":\"Shop\",\"item\":\"https:\/\/ses-creative.com\/de\/shop\/\"},{\"@type\":\"ListItem\",\"position\":2,\"name\":\"Basteln\",\"item\":\"https:\/\/ses-creative.com\/de\/product-categorie\/basteln\/\"},{\"@type\":\"ListItem\",\"position\":3,\"name\":\"Ich lerne Formen erkennen\"}]},{\"@type\":\"WebSite\",\"@id\":\"https:\/\/ses-creative.com\/#website\",\"url\":\"https:\/\/ses-creative.com\/\",\"name\":\"SES Creative\",\"description\":\"\",\"publisher\":{\"@id\":\"https:\/\/ses-creative.com\/#organization\"},\"potentialAction\":[{\"@type\":\"SearchAction\",\"target\":{\"@type\":\"EntryPoint\",\"urlTemplate\":\"https:\/\/ses-creative.com\/?s={search_term_string}\"},\"query-input\":{\"@type\":\"PropertyValueSpecification\",\"valueRequired\":true,\"valueName\":\"search_term_string\"}}],\"inLanguage\":\"de\"},{\"@type\":\"Organization\",\"@id\":\"https:\/\/ses-creative.com\/#organization\",\"name\":\"SES Creative\",\"url\":\"https:\/\/ses-creative.com\/\",\"logo\":{\"@type\":\"ImageObject\",\"inLanguage\":\"de\",\"@id\":\"https:\/\/ses-creative.com\/#\/schema\/logo\/image\/\",\"url\":\"https:\/\/ses-creative.com\/wp-content\/uploads\/2025\/10\/ses-creative-logo.jpg\",\"contentUrl\":\"https:\/\/ses-creative.com\/wp-content\/uploads\/2025\/10\/ses-creative-logo.jpg\",\"width\":2037,\"height\":2037,\"caption\":\"SES Creative\"},\"image\":{\"@id\":\"https:\/\/ses-creative.com\/#\/schema\/logo\/image\/\"}}]}<\/script>\n<!-- \/ Yoast SEO plugin. -->","yoast_head_json":{"title":"Ich lerne Formen erkennen - SES Creative","robots":{"index":"index","follow":"follow","max-snippet":"max-snippet:-1","max-image-preview":"max-image-preview:large","max-video-preview":"max-video-preview:-1"},"canonical":"https:\/\/ses-creative.com\/de\/produkt\/ich-lerne-formen-erkennen\/","og_locale":"de_DE","og_type":"article","og_title":"Ich lerne Formen erkennen - SES Creative","og_description":"Entdecken Sie das Lernpaket &#8222;Ich lerne Formen erkennen&#8220; von SES Creative, das Kinder ab 3 Jahren auf spielerische und interaktive Weise an das Erkennen geometrischer Formen heranf\u00fchren soll. Dieses Komplettset enth\u00e4lt 16 illustrierte Karten und \u00fcber 300 bunte Sticker, die verschiedene Formen wie Quadrate, Kreise, Dreiecke und Sechsecke darstellen. Die Kinder werden aufgefordert, jede Form [&hellip;]","og_url":"https:\/\/ses-creative.com\/de\/produkt\/ich-lerne-formen-erkennen\/","og_site_name":"SES Creative","article_modified_time":"2026-02-06T09:51:49+00:00","twitter_card":"summary_large_image","twitter_misc":{"Gesch\u00e4tzte Lesezeit":"1\u00a0Minute"},"schema":{"@context":"https:\/\/schema.org","@graph":[{"@type":"WebPage","@id":"https:\/\/ses-creative.com\/de\/produkt\/ich-lerne-formen-erkennen\/","url":"https:\/\/ses-creative.com\/de\/produkt\/ich-lerne-formen-erkennen\/","name":"Ich lerne Formen erkennen - SES Creative","isPartOf":{"@id":"https:\/\/ses-creative.com\/#website"},"primaryImageOfPage":{"@id":"https:\/\/ses-creative.com\/de\/produkt\/ich-lerne-formen-erkennen\/#primaryimage"},"image":{"@id":"https:\/\/ses-creative.com\/de\/produkt\/ich-lerne-formen-erkennen\/#primaryimage"},"thumbnailUrl":"https:\/\/ses-creative.com\/wp-content\/uploads\/2026\/01\/148391.jpg","datePublished":"2026-02-05T13:52:59+00:00","dateModified":"2026-02-06T09:51:49+00:00","breadcrumb":{"@id":"https:\/\/ses-creative.com\/de\/produkt\/ich-lerne-formen-erkennen\/#breadcrumb"},"inLanguage":"de","potentialAction":[{"@type":"ReadAction","target":["https:\/\/ses-creative.com\/de\/produkt\/ich-lerne-formen-erkennen\/"]}]},{"@type":"ImageObject","inLanguage":"de","@id":"https:\/\/ses-creative.com\/de\/produkt\/ich-lerne-formen-erkennen\/#primaryimage","url":"https:\/\/ses-creative.com\/wp-content\/uploads\/2026\/01\/148391.jpg","contentUrl":"https:\/\/ses-creative.com\/wp-content\/uploads\/2026\/01\/148391.jpg","width":1000,"height":1000},{"@type":"BreadcrumbList","@id":"https:\/\/ses-creative.com\/de\/produkt\/ich-lerne-formen-erkennen\/#breadcrumb","itemListElement":[{"@type":"ListItem","position":1,"name":"Shop","item":"https:\/\/ses-creative.com\/de\/shop\/"},{"@type":"ListItem","position":2,"name":"Basteln","item":"https:\/\/ses-creative.com\/de\/product-categorie\/basteln\/"},{"@type":"ListItem","position":3,"name":"Ich lerne Formen erkennen"}]},{"@type":"WebSite","@id":"https:\/\/ses-creative.com\/#website","url":"https:\/\/ses-creative.com\/","name":"SES Creative","description":"","publisher":{"@id":"https:\/\/ses-creative.com\/#organization"},"potentialAction":[{"@type":"SearchAction","target":{"@type":"EntryPoint","urlTemplate":"https:\/\/ses-creative.com\/?s={search_term_string}"},"query-input":{"@type":"PropertyValueSpecification","valueRequired":true,"valueName":"search_term_string"}}],"inLanguage":"de"},{"@type":"Organization","@id":"https:\/\/ses-creative.com\/#organization","name":"SES Creative","url":"https:\/\/ses-creative.com\/","logo":{"@type":"ImageObject","inLanguage":"de","@id":"https:\/\/ses-creative.com\/#\/schema\/logo\/image\/","url":"https:\/\/ses-creative.com\/wp-content\/uploads\/2025\/10\/ses-creative-logo.jpg","contentUrl":"https:\/\/ses-creative.com\/wp-content\/uploads\/2025\/10\/ses-creative-logo.jpg","width":2037,"height":2037,"caption":"SES Creative"},"image":{"@id":"https:\/\/ses-creative.com\/#\/schema\/logo\/image\/"}}]}},"_links":{"self":[{"href":"https:\/\/ses-creative.com\/de\/wp-json\/wp\/v2\/product\/114826","targetHints":{"allow":["GET"]}}],"collection":[{"href":"https:\/\/ses-creative.com\/de\/wp-json\/wp\/v2\/product"}],"about":[{"href":"https:\/\/ses-creative.com\/de\/wp-json\/wp\/v2\/types\/product"}],"replies":[{"embeddable":true,"href":"https:\/\/ses-creative.com\/de\/wp-json\/wp\/v2\/comments?post=114826"}],"wp:featuredmedia":[{"embeddable":true,"href":"https:\/\/ses-creative.com\/de\/wp-json\/wp\/v2\/media\/104936"}],"wp:attachment":[{"href":"https:\/\/ses-creative.com\/de\/wp-json\/wp\/v2\/media?parent=114826"}],"wp:term":[{"taxonomy":"product_brand","embeddable":true,"href":"https:\/\/ses-creative.com\/de\/wp-json\/wp\/v2\/product_brand?post=114826"},{"taxonomy":"product_cat","embeddable":true,"href":"https:\/\/ses-creative.com\/de\/wp-json\/wp\/v2\/product_cat?post=114826"},{"taxonomy":"product_tag","embeddable":true,"href":"https:\/\/ses-creative.com\/de\/wp-json\/wp\/v2\/product_tag?post=114826"}],"curies":[{"name":"wp","href":"https:\/\/api.w.org\/{rel}","templated":true}]}}