











{"id":114825,"date":"2026-02-05T13:52:59","date_gmt":"2026-02-05T13:52:59","guid":{"rendered":"https:\/\/ses-creative.com\/?post_type=product&#038;p=114825"},"modified":"2026-02-06T09:51:49","modified_gmt":"2026-02-06T09:51:49","slug":"ich-lerne-sticken","status":"publish","type":"product","link":"https:\/\/ses-creative.com\/de\/produkt\/ich-lerne-sticken\/","title":{"rendered":"Ich lerne sticken"},"content":{"rendered":"<p>Mit dem SES Creative Stickset entdecken Kinder ab 3 Jahren spielerisch die Grundlagen des N\u00e4hens. Das Set enth\u00e4lt vier vorgestanzte Karten mit Tiermotiven, f\u00fcnf bunte F\u00e4den, eine sichere Nadel mit abgerundeter Spitze und einen Fingerhut. Dank der gro\u00dfen L\u00f6cher und der dicken Wolle ist das Einf\u00e4deln kinderleicht. Beim Sticken trainieren Kinder Feinmotorik, Geduld und Konzentration \u2013 und entwickeln Selbstvertrauen, wenn sie ihr eigenes Motiv vollenden. Das Set ist sicher, farbenfroh und ideal f\u00fcr kreative Stunden zu Hause oder im Kindergarten. Ein tolles Geschenk f\u00fcr junge Bastelfans, das Spa\u00df und Lerneffekt kombiniert.<\/p>\n","protected":false},"excerpt":{"rendered":"<p>Mit dem SES Creative Stickset entdecken Kinder ab 3 Jahren spielerisch die Grundlagen des N\u00e4hens. Das Set enth\u00e4lt vier vorgestanzte Karten mit Tiermotiven, f\u00fcnf bunte F\u00e4den, eine sichere Nadel mit abgerundeter Spitze und einen Fingerhut. Dank der gro\u00dfen L\u00f6cher und der dicken Wolle ist das Einf\u00e4deln kinderleicht. Beim Sticken trainieren Kinder Feinmotorik, Geduld und Konzentration [&hellip;]<\/p>\n","protected":false},"featured_media":104916,"comment_status":"closed","ping_status":"closed","template":"","meta":{"_acf_changed":false},"product_brand":[],"product_cat":[115],"product_tag":[],"class_list":{"0":"post-114825","1":"product","2":"type-product","3":"status-publish","4":"has-post-thumbnail","6":"product_cat-basteln","7":"pa_leeftijd-filter-3-4-jahre","8":"pa_meest-populair-bij-jungen-maedchen","10":"first","11":"instock","12":"shipping-taxable","13":"product-type-simple"},"acf":[],"yoast_head":"<!-- This site is optimized with the Yoast SEO plugin v27.2 - https:\/\/yoast.com\/product\/yoast-seo-wordpress\/ -->\n<title>Ich lerne sticken - SES Creative<\/title>\n<meta name=\"robots\" content=\"index, follow, max-snippet:-1, max-image-preview:large, max-video-preview:-1\" \/>\n<link rel=\"canonical\" href=\"https:\/\/ses-creative.com\/de\/produkt\/ich-lerne-sticken\/\" \/>\n<meta property=\"og:locale\" content=\"de_DE\" \/>\n<meta property=\"og:type\" content=\"article\" \/>\n<meta property=\"og:title\" content=\"Ich lerne sticken - SES Creative\" \/>\n<meta property=\"og:description\" content=\"Mit dem SES Creative Stickset entdecken Kinder ab 3 Jahren spielerisch die Grundlagen des N\u00e4hens. Das Set enth\u00e4lt vier vorgestanzte Karten mit Tiermotiven, f\u00fcnf bunte F\u00e4den, eine sichere Nadel mit abgerundeter Spitze und einen Fingerhut. Dank der gro\u00dfen L\u00f6cher und der dicken Wolle ist das Einf\u00e4deln kinderleicht. Beim Sticken trainieren Kinder Feinmotorik, Geduld und Konzentration [&hellip;]\" \/>\n<meta property=\"og:url\" content=\"https:\/\/ses-creative.com\/de\/produkt\/ich-lerne-sticken\/\" \/>\n<meta property=\"og:site_name\" content=\"SES Creative\" \/>\n<meta property=\"article:modified_time\" content=\"2026-02-06T09:51:49+00:00\" \/>\n<meta name=\"twitter:card\" content=\"summary_large_image\" \/>\n<script type=\"application\/ld+json\" class=\"yoast-schema-graph\">{\"@context\":\"https:\/\/schema.org\",\"@graph\":[{\"@type\":\"WebPage\",\"@id\":\"https:\/\/ses-creative.com\/de\/produkt\/ich-lerne-sticken\/\",\"url\":\"https:\/\/ses-creative.com\/de\/produkt\/ich-lerne-sticken\/\",\"name\":\"Ich lerne sticken - SES Creative\",\"isPartOf\":{\"@id\":\"https:\/\/ses-creative.com\/#website\"},\"primaryImageOfPage\":{\"@id\":\"https:\/\/ses-creative.com\/de\/produkt\/ich-lerne-sticken\/#primaryimage\"},\"image\":{\"@id\":\"https:\/\/ses-creative.com\/de\/produkt\/ich-lerne-sticken\/#primaryimage\"},\"thumbnailUrl\":\"https:\/\/ses-creative.com\/wp-content\/uploads\/2026\/01\/148381.jpg\",\"datePublished\":\"2026-02-05T13:52:59+00:00\",\"dateModified\":\"2026-02-06T09:51:49+00:00\",\"breadcrumb\":{\"@id\":\"https:\/\/ses-creative.com\/de\/produkt\/ich-lerne-sticken\/#breadcrumb\"},\"inLanguage\":\"de\",\"potentialAction\":[{\"@type\":\"ReadAction\",\"target\":[\"https:\/\/ses-creative.com\/de\/produkt\/ich-lerne-sticken\/\"]}]},{\"@type\":\"ImageObject\",\"inLanguage\":\"de\",\"@id\":\"https:\/\/ses-creative.com\/de\/produkt\/ich-lerne-sticken\/#primaryimage\",\"url\":\"https:\/\/ses-creative.com\/wp-content\/uploads\/2026\/01\/148381.jpg\",\"contentUrl\":\"https:\/\/ses-creative.com\/wp-content\/uploads\/2026\/01\/148381.jpg\",\"width\":1000,\"height\":1000},{\"@type\":\"BreadcrumbList\",\"@id\":\"https:\/\/ses-creative.com\/de\/produkt\/ich-lerne-sticken\/#breadcrumb\",\"itemListElement\":[{\"@type\":\"ListItem\",\"position\":1,\"name\":\"Shop\",\"item\":\"https:\/\/ses-creative.com\/de\/shop\/\"},{\"@type\":\"ListItem\",\"position\":2,\"name\":\"Basteln\",\"item\":\"https:\/\/ses-creative.com\/de\/product-categorie\/basteln\/\"},{\"@type\":\"ListItem\",\"position\":3,\"name\":\"Ich lerne sticken\"}]},{\"@type\":\"WebSite\",\"@id\":\"https:\/\/ses-creative.com\/#website\",\"url\":\"https:\/\/ses-creative.com\/\",\"name\":\"SES Creative\",\"description\":\"\",\"publisher\":{\"@id\":\"https:\/\/ses-creative.com\/#organization\"},\"potentialAction\":[{\"@type\":\"SearchAction\",\"target\":{\"@type\":\"EntryPoint\",\"urlTemplate\":\"https:\/\/ses-creative.com\/?s={search_term_string}\"},\"query-input\":{\"@type\":\"PropertyValueSpecification\",\"valueRequired\":true,\"valueName\":\"search_term_string\"}}],\"inLanguage\":\"de\"},{\"@type\":\"Organization\",\"@id\":\"https:\/\/ses-creative.com\/#organization\",\"name\":\"SES Creative\",\"url\":\"https:\/\/ses-creative.com\/\",\"logo\":{\"@type\":\"ImageObject\",\"inLanguage\":\"de\",\"@id\":\"https:\/\/ses-creative.com\/#\/schema\/logo\/image\/\",\"url\":\"https:\/\/ses-creative.com\/wp-content\/uploads\/2025\/10\/ses-creative-logo.jpg\",\"contentUrl\":\"https:\/\/ses-creative.com\/wp-content\/uploads\/2025\/10\/ses-creative-logo.jpg\",\"width\":2037,\"height\":2037,\"caption\":\"SES Creative\"},\"image\":{\"@id\":\"https:\/\/ses-creative.com\/#\/schema\/logo\/image\/\"}}]}<\/script>\n<!-- \/ Yoast SEO plugin. -->","yoast_head_json":{"title":"Ich lerne sticken - SES Creative","robots":{"index":"index","follow":"follow","max-snippet":"max-snippet:-1","max-image-preview":"max-image-preview:large","max-video-preview":"max-video-preview:-1"},"canonical":"https:\/\/ses-creative.com\/de\/produkt\/ich-lerne-sticken\/","og_locale":"de_DE","og_type":"article","og_title":"Ich lerne sticken - SES Creative","og_description":"Mit dem SES Creative Stickset entdecken Kinder ab 3 Jahren spielerisch die Grundlagen des N\u00e4hens. Das Set enth\u00e4lt vier vorgestanzte Karten mit Tiermotiven, f\u00fcnf bunte F\u00e4den, eine sichere Nadel mit abgerundeter Spitze und einen Fingerhut. Dank der gro\u00dfen L\u00f6cher und der dicken Wolle ist das Einf\u00e4deln kinderleicht. Beim Sticken trainieren Kinder Feinmotorik, Geduld und Konzentration [&hellip;]","og_url":"https:\/\/ses-creative.com\/de\/produkt\/ich-lerne-sticken\/","og_site_name":"SES Creative","article_modified_time":"2026-02-06T09:51:49+00:00","twitter_card":"summary_large_image","schema":{"@context":"https:\/\/schema.org","@graph":[{"@type":"WebPage","@id":"https:\/\/ses-creative.com\/de\/produkt\/ich-lerne-sticken\/","url":"https:\/\/ses-creative.com\/de\/produkt\/ich-lerne-sticken\/","name":"Ich lerne sticken - SES Creative","isPartOf":{"@id":"https:\/\/ses-creative.com\/#website"},"primaryImageOfPage":{"@id":"https:\/\/ses-creative.com\/de\/produkt\/ich-lerne-sticken\/#primaryimage"},"image":{"@id":"https:\/\/ses-creative.com\/de\/produkt\/ich-lerne-sticken\/#primaryimage"},"thumbnailUrl":"https:\/\/ses-creative.com\/wp-content\/uploads\/2026\/01\/148381.jpg","datePublished":"2026-02-05T13:52:59+00:00","dateModified":"2026-02-06T09:51:49+00:00","breadcrumb":{"@id":"https:\/\/ses-creative.com\/de\/produkt\/ich-lerne-sticken\/#breadcrumb"},"inLanguage":"de","potentialAction":[{"@type":"ReadAction","target":["https:\/\/ses-creative.com\/de\/produkt\/ich-lerne-sticken\/"]}]},{"@type":"ImageObject","inLanguage":"de","@id":"https:\/\/ses-creative.com\/de\/produkt\/ich-lerne-sticken\/#primaryimage","url":"https:\/\/ses-creative.com\/wp-content\/uploads\/2026\/01\/148381.jpg","contentUrl":"https:\/\/ses-creative.com\/wp-content\/uploads\/2026\/01\/148381.jpg","width":1000,"height":1000},{"@type":"BreadcrumbList","@id":"https:\/\/ses-creative.com\/de\/produkt\/ich-lerne-sticken\/#breadcrumb","itemListElement":[{"@type":"ListItem","position":1,"name":"Shop","item":"https:\/\/ses-creative.com\/de\/shop\/"},{"@type":"ListItem","position":2,"name":"Basteln","item":"https:\/\/ses-creative.com\/de\/product-categorie\/basteln\/"},{"@type":"ListItem","position":3,"name":"Ich lerne sticken"}]},{"@type":"WebSite","@id":"https:\/\/ses-creative.com\/#website","url":"https:\/\/ses-creative.com\/","name":"SES Creative","description":"","publisher":{"@id":"https:\/\/ses-creative.com\/#organization"},"potentialAction":[{"@type":"SearchAction","target":{"@type":"EntryPoint","urlTemplate":"https:\/\/ses-creative.com\/?s={search_term_string}"},"query-input":{"@type":"PropertyValueSpecification","valueRequired":true,"valueName":"search_term_string"}}],"inLanguage":"de"},{"@type":"Organization","@id":"https:\/\/ses-creative.com\/#organization","name":"SES Creative","url":"https:\/\/ses-creative.com\/","logo":{"@type":"ImageObject","inLanguage":"de","@id":"https:\/\/ses-creative.com\/#\/schema\/logo\/image\/","url":"https:\/\/ses-creative.com\/wp-content\/uploads\/2025\/10\/ses-creative-logo.jpg","contentUrl":"https:\/\/ses-creative.com\/wp-content\/uploads\/2025\/10\/ses-creative-logo.jpg","width":2037,"height":2037,"caption":"SES Creative"},"image":{"@id":"https:\/\/ses-creative.com\/#\/schema\/logo\/image\/"}}]}},"_links":{"self":[{"href":"https:\/\/ses-creative.com\/de\/wp-json\/wp\/v2\/product\/114825","targetHints":{"allow":["GET"]}}],"collection":[{"href":"https:\/\/ses-creative.com\/de\/wp-json\/wp\/v2\/product"}],"about":[{"href":"https:\/\/ses-creative.com\/de\/wp-json\/wp\/v2\/types\/product"}],"replies":[{"embeddable":true,"href":"https:\/\/ses-creative.com\/de\/wp-json\/wp\/v2\/comments?post=114825"}],"wp:featuredmedia":[{"embeddable":true,"href":"https:\/\/ses-creative.com\/de\/wp-json\/wp\/v2\/media\/104916"}],"wp:attachment":[{"href":"https:\/\/ses-creative.com\/de\/wp-json\/wp\/v2\/media?parent=114825"}],"wp:term":[{"taxonomy":"product_brand","embeddable":true,"href":"https:\/\/ses-creative.com\/de\/wp-json\/wp\/v2\/product_brand?post=114825"},{"taxonomy":"product_cat","embeddable":true,"href":"https:\/\/ses-creative.com\/de\/wp-json\/wp\/v2\/product_cat?post=114825"},{"taxonomy":"product_tag","embeddable":true,"href":"https:\/\/ses-creative.com\/de\/wp-json\/wp\/v2\/product_tag?post=114825"}],"curies":[{"name":"wp","href":"https:\/\/api.w.org\/{rel}","templated":true}]}}