











{"id":114824,"date":"2026-02-05T13:52:59","date_gmt":"2026-02-05T13:52:59","guid":{"rendered":"https:\/\/ses-creative.com\/?post_type=product&#038;p=114824"},"modified":"2026-02-06T09:51:49","modified_gmt":"2026-02-06T09:51:49","slug":"ich-lerne-prickeln","status":"publish","type":"product","link":"https:\/\/ses-creative.com\/de\/produkt\/ich-lerne-prickeln\/","title":{"rendered":"Ich lerne prickeln"},"content":{"rendered":"<p>Sicher und spielerisch das Stechen lernen!<br \/>\nMit dem Set \u201eIch lerne Stechen\u201c von SES Creative entdecken Kinder auf unterhaltsame und sichere Weise, wie kreativ Basteln sein kann. Indem sie mit dem Stechstift Formen aus den fr\u00f6hlichen Steckkarten stechen, entwickeln sie ihre Feinmotorik, Hand-Augen-Koordination und Konzentration. Eine ideale Montessori-Aktivit\u00e4t, die Kinder selbstst\u00e4ndig ausf\u00fchren k\u00f6nnen.<\/p>\n<p>Das ist alles enthalten:<\/p>\n<p>Stabile Filz-Stanzunterlage<\/p>\n<p>Kinderfreundlicher Steckstift<\/p>\n<p>9 fr\u00f6hliche und unterschiedliche Steckkarten<\/p>\n<p>Warum sollten Sie sich f\u00fcr dieses Punkteset entscheiden?<\/p>\n<p>F\u00f6rdert motorische F\u00e4higkeiten und Konzentration<\/p>\n<p>Sicheres Design, speziell f\u00fcr kleine H\u00e4nde ab 3 Jahren<\/p>\n<p>Kreativ sein mit selbstgemachten Kunstwerken<\/p>\n<p>Einfach zu verwenden und sofort einsatzbereit<\/p>\n<p>Ideal f\u00fcr zu Hause oder im Unterricht<\/p>\n<p>Stechen hat noch nie so viel Spa\u00df gemacht<\/p>\n<p>Mit der stabilen Steckmatte und dem sicheren Steckstift k\u00f6nnen Kinder ganz einfach die Formen aus den Steckkarten ausstechen. Das Ergebnis? Wundersch\u00f6ne Kunstwerke, auf die sie stolz sind. Diese Aktivit\u00e4t macht nicht nur Spa\u00df und ist lehrreich, sondern ist auch eine ruhige Besch\u00e4ftigung, die Kinder dazu anregt, konzentriert zu arbeiten.<\/p>\n<p>Warum dies das perfekte Set ist<\/p>\n<p>Dieses Steckset verbindet p\u00e4dagogisches Lernen mit kreativem Spa\u00df. Es hilft Kindern, auf spielerische Weise wichtige F\u00e4higkeiten zu entwickeln, w\u00e4hrend sie ihre ersten Schritte in der Welt des Bastelns genie\u00dfen. Perfekt f\u00fcr Eltern und Lehrer, die Kinder auf sichere Weise herausfordern m\u00f6chten.<\/p>\n<p>Beginnen Sie noch heute mit dem Stecken!<\/p>\n<p>Mit dem Set \u201eIch lerne Sticken\u201d von SES Creative entdecken Kinder endlosen kreativen Spa\u00df und lernen wichtige F\u00e4higkeiten.<br \/>\nBestellen Sie jetzt und erleben Sie, wie viel Spa\u00df und wie lehrreich das Stechen sein kann!<\/p>\n","protected":false},"excerpt":{"rendered":"<p>Sicher und spielerisch das Stechen lernen! Mit dem Set \u201eIch lerne Stechen\u201c von SES Creative entdecken Kinder auf unterhaltsame und sichere Weise, wie kreativ Basteln sein kann. Indem sie mit dem Stechstift Formen aus den fr\u00f6hlichen Steckkarten stechen, entwickeln sie ihre Feinmotorik, Hand-Augen-Koordination und Konzentration. Eine ideale Montessori-Aktivit\u00e4t, die Kinder selbstst\u00e4ndig ausf\u00fchren k\u00f6nnen. Das ist [&hellip;]<\/p>\n","protected":false},"featured_media":104896,"comment_status":"closed","ping_status":"closed","template":"","meta":{"_acf_changed":false},"product_brand":[],"product_cat":[115],"product_tag":[],"class_list":{"0":"post-114824","1":"product","2":"type-product","3":"status-publish","4":"has-post-thumbnail","6":"product_cat-basteln","7":"pa_leeftijd-filter-3-4-jahre","8":"pa_meest-populair-bij-jungen-maedchen","10":"first","11":"instock","12":"shipping-taxable","13":"product-type-simple"},"acf":[],"yoast_head":"<!-- This site is optimized with the Yoast SEO plugin v27.5 - https:\/\/yoast.com\/product\/yoast-seo-wordpress\/ -->\n<title>Ich lerne prickeln - SES Creative<\/title>\n<meta name=\"robots\" content=\"index, follow, max-snippet:-1, max-image-preview:large, max-video-preview:-1\" \/>\n<link rel=\"canonical\" href=\"https:\/\/ses-creative.com\/de\/produkt\/ich-lerne-prickeln\/\" \/>\n<meta property=\"og:locale\" content=\"de_DE\" \/>\n<meta property=\"og:type\" content=\"article\" \/>\n<meta property=\"og:title\" content=\"Ich lerne prickeln - SES Creative\" \/>\n<meta property=\"og:description\" content=\"Sicher und spielerisch das Stechen lernen! Mit dem Set \u201eIch lerne Stechen\u201c von SES Creative entdecken Kinder auf unterhaltsame und sichere Weise, wie kreativ Basteln sein kann. Indem sie mit dem Stechstift Formen aus den fr\u00f6hlichen Steckkarten stechen, entwickeln sie ihre Feinmotorik, Hand-Augen-Koordination und Konzentration. Eine ideale Montessori-Aktivit\u00e4t, die Kinder selbstst\u00e4ndig ausf\u00fchren k\u00f6nnen. Das ist [&hellip;]\" \/>\n<meta property=\"og:url\" content=\"https:\/\/ses-creative.com\/de\/produkt\/ich-lerne-prickeln\/\" \/>\n<meta property=\"og:site_name\" content=\"SES Creative\" \/>\n<meta property=\"article:modified_time\" content=\"2026-02-06T09:51:49+00:00\" \/>\n<meta name=\"twitter:card\" content=\"summary_large_image\" \/>\n<meta name=\"twitter:label1\" content=\"Gesch\u00e4tzte Lesezeit\" \/>\n\t<meta name=\"twitter:data1\" content=\"1\u00a0Minute\" \/>\n<script type=\"application\/ld+json\" class=\"yoast-schema-graph\">{\"@context\":\"https:\\\/\\\/schema.org\",\"@graph\":[{\"@type\":\"WebPage\",\"@id\":\"https:\\\/\\\/ses-creative.com\\\/de\\\/produkt\\\/ich-lerne-prickeln\\\/\",\"url\":\"https:\\\/\\\/ses-creative.com\\\/de\\\/produkt\\\/ich-lerne-prickeln\\\/\",\"name\":\"Ich lerne prickeln - SES Creative\",\"isPartOf\":{\"@id\":\"https:\\\/\\\/ses-creative.com\\\/#website\"},\"primaryImageOfPage\":{\"@id\":\"https:\\\/\\\/ses-creative.com\\\/de\\\/produkt\\\/ich-lerne-prickeln\\\/#primaryimage\"},\"image\":{\"@id\":\"https:\\\/\\\/ses-creative.com\\\/de\\\/produkt\\\/ich-lerne-prickeln\\\/#primaryimage\"},\"thumbnailUrl\":\"https:\\\/\\\/ses-creative.com\\\/wp-content\\\/uploads\\\/2026\\\/01\\\/148361.jpg\",\"datePublished\":\"2026-02-05T13:52:59+00:00\",\"dateModified\":\"2026-02-06T09:51:49+00:00\",\"breadcrumb\":{\"@id\":\"https:\\\/\\\/ses-creative.com\\\/de\\\/produkt\\\/ich-lerne-prickeln\\\/#breadcrumb\"},\"inLanguage\":\"de\",\"potentialAction\":[{\"@type\":\"ReadAction\",\"target\":[\"https:\\\/\\\/ses-creative.com\\\/de\\\/produkt\\\/ich-lerne-prickeln\\\/\"]}]},{\"@type\":\"ImageObject\",\"inLanguage\":\"de\",\"@id\":\"https:\\\/\\\/ses-creative.com\\\/de\\\/produkt\\\/ich-lerne-prickeln\\\/#primaryimage\",\"url\":\"https:\\\/\\\/ses-creative.com\\\/wp-content\\\/uploads\\\/2026\\\/01\\\/148361.jpg\",\"contentUrl\":\"https:\\\/\\\/ses-creative.com\\\/wp-content\\\/uploads\\\/2026\\\/01\\\/148361.jpg\",\"width\":1000,\"height\":1000},{\"@type\":\"BreadcrumbList\",\"@id\":\"https:\\\/\\\/ses-creative.com\\\/de\\\/produkt\\\/ich-lerne-prickeln\\\/#breadcrumb\",\"itemListElement\":[{\"@type\":\"ListItem\",\"position\":1,\"name\":\"Shop\",\"item\":\"https:\\\/\\\/ses-creative.com\\\/de\\\/shop\\\/\"},{\"@type\":\"ListItem\",\"position\":2,\"name\":\"Basteln\",\"item\":\"https:\\\/\\\/ses-creative.com\\\/de\\\/product-categorie\\\/basteln\\\/\"},{\"@type\":\"ListItem\",\"position\":3,\"name\":\"Ich lerne prickeln\"}]},{\"@type\":\"WebSite\",\"@id\":\"https:\\\/\\\/ses-creative.com\\\/#website\",\"url\":\"https:\\\/\\\/ses-creative.com\\\/\",\"name\":\"SES Creative\",\"description\":\"\",\"publisher\":{\"@id\":\"https:\\\/\\\/ses-creative.com\\\/#organization\"},\"potentialAction\":[{\"@type\":\"SearchAction\",\"target\":{\"@type\":\"EntryPoint\",\"urlTemplate\":\"https:\\\/\\\/ses-creative.com\\\/?s={search_term_string}\"},\"query-input\":{\"@type\":\"PropertyValueSpecification\",\"valueRequired\":true,\"valueName\":\"search_term_string\"}}],\"inLanguage\":\"de\"},{\"@type\":\"Organization\",\"@id\":\"https:\\\/\\\/ses-creative.com\\\/#organization\",\"name\":\"SES Creative\",\"url\":\"https:\\\/\\\/ses-creative.com\\\/\",\"logo\":{\"@type\":\"ImageObject\",\"inLanguage\":\"de\",\"@id\":\"https:\\\/\\\/ses-creative.com\\\/#\\\/schema\\\/logo\\\/image\\\/\",\"url\":\"https:\\\/\\\/ses-creative.com\\\/wp-content\\\/uploads\\\/2025\\\/10\\\/ses-creative-logo.jpg\",\"contentUrl\":\"https:\\\/\\\/ses-creative.com\\\/wp-content\\\/uploads\\\/2025\\\/10\\\/ses-creative-logo.jpg\",\"width\":2037,\"height\":2037,\"caption\":\"SES Creative\"},\"image\":{\"@id\":\"https:\\\/\\\/ses-creative.com\\\/#\\\/schema\\\/logo\\\/image\\\/\"}}]}<\/script>\n<!-- \/ Yoast SEO plugin. -->","yoast_head_json":{"title":"Ich lerne prickeln - SES Creative","robots":{"index":"index","follow":"follow","max-snippet":"max-snippet:-1","max-image-preview":"max-image-preview:large","max-video-preview":"max-video-preview:-1"},"canonical":"https:\/\/ses-creative.com\/de\/produkt\/ich-lerne-prickeln\/","og_locale":"de_DE","og_type":"article","og_title":"Ich lerne prickeln - SES Creative","og_description":"Sicher und spielerisch das Stechen lernen! Mit dem Set \u201eIch lerne Stechen\u201c von SES Creative entdecken Kinder auf unterhaltsame und sichere Weise, wie kreativ Basteln sein kann. Indem sie mit dem Stechstift Formen aus den fr\u00f6hlichen Steckkarten stechen, entwickeln sie ihre Feinmotorik, Hand-Augen-Koordination und Konzentration. Eine ideale Montessori-Aktivit\u00e4t, die Kinder selbstst\u00e4ndig ausf\u00fchren k\u00f6nnen. Das ist [&hellip;]","og_url":"https:\/\/ses-creative.com\/de\/produkt\/ich-lerne-prickeln\/","og_site_name":"SES Creative","article_modified_time":"2026-02-06T09:51:49+00:00","twitter_card":"summary_large_image","twitter_misc":{"Gesch\u00e4tzte Lesezeit":"1\u00a0Minute"},"schema":{"@context":"https:\/\/schema.org","@graph":[{"@type":"WebPage","@id":"https:\/\/ses-creative.com\/de\/produkt\/ich-lerne-prickeln\/","url":"https:\/\/ses-creative.com\/de\/produkt\/ich-lerne-prickeln\/","name":"Ich lerne prickeln - SES Creative","isPartOf":{"@id":"https:\/\/ses-creative.com\/#website"},"primaryImageOfPage":{"@id":"https:\/\/ses-creative.com\/de\/produkt\/ich-lerne-prickeln\/#primaryimage"},"image":{"@id":"https:\/\/ses-creative.com\/de\/produkt\/ich-lerne-prickeln\/#primaryimage"},"thumbnailUrl":"https:\/\/ses-creative.com\/wp-content\/uploads\/2026\/01\/148361.jpg","datePublished":"2026-02-05T13:52:59+00:00","dateModified":"2026-02-06T09:51:49+00:00","breadcrumb":{"@id":"https:\/\/ses-creative.com\/de\/produkt\/ich-lerne-prickeln\/#breadcrumb"},"inLanguage":"de","potentialAction":[{"@type":"ReadAction","target":["https:\/\/ses-creative.com\/de\/produkt\/ich-lerne-prickeln\/"]}]},{"@type":"ImageObject","inLanguage":"de","@id":"https:\/\/ses-creative.com\/de\/produkt\/ich-lerne-prickeln\/#primaryimage","url":"https:\/\/ses-creative.com\/wp-content\/uploads\/2026\/01\/148361.jpg","contentUrl":"https:\/\/ses-creative.com\/wp-content\/uploads\/2026\/01\/148361.jpg","width":1000,"height":1000},{"@type":"BreadcrumbList","@id":"https:\/\/ses-creative.com\/de\/produkt\/ich-lerne-prickeln\/#breadcrumb","itemListElement":[{"@type":"ListItem","position":1,"name":"Shop","item":"https:\/\/ses-creative.com\/de\/shop\/"},{"@type":"ListItem","position":2,"name":"Basteln","item":"https:\/\/ses-creative.com\/de\/product-categorie\/basteln\/"},{"@type":"ListItem","position":3,"name":"Ich lerne prickeln"}]},{"@type":"WebSite","@id":"https:\/\/ses-creative.com\/#website","url":"https:\/\/ses-creative.com\/","name":"SES Creative","description":"","publisher":{"@id":"https:\/\/ses-creative.com\/#organization"},"potentialAction":[{"@type":"SearchAction","target":{"@type":"EntryPoint","urlTemplate":"https:\/\/ses-creative.com\/?s={search_term_string}"},"query-input":{"@type":"PropertyValueSpecification","valueRequired":true,"valueName":"search_term_string"}}],"inLanguage":"de"},{"@type":"Organization","@id":"https:\/\/ses-creative.com\/#organization","name":"SES Creative","url":"https:\/\/ses-creative.com\/","logo":{"@type":"ImageObject","inLanguage":"de","@id":"https:\/\/ses-creative.com\/#\/schema\/logo\/image\/","url":"https:\/\/ses-creative.com\/wp-content\/uploads\/2025\/10\/ses-creative-logo.jpg","contentUrl":"https:\/\/ses-creative.com\/wp-content\/uploads\/2025\/10\/ses-creative-logo.jpg","width":2037,"height":2037,"caption":"SES Creative"},"image":{"@id":"https:\/\/ses-creative.com\/#\/schema\/logo\/image\/"}}]}},"_links":{"self":[{"href":"https:\/\/ses-creative.com\/de\/wp-json\/wp\/v2\/product\/114824","targetHints":{"allow":["GET"]}}],"collection":[{"href":"https:\/\/ses-creative.com\/de\/wp-json\/wp\/v2\/product"}],"about":[{"href":"https:\/\/ses-creative.com\/de\/wp-json\/wp\/v2\/types\/product"}],"replies":[{"embeddable":true,"href":"https:\/\/ses-creative.com\/de\/wp-json\/wp\/v2\/comments?post=114824"}],"wp:featuredmedia":[{"embeddable":true,"href":"https:\/\/ses-creative.com\/de\/wp-json\/wp\/v2\/media\/104896"}],"wp:attachment":[{"href":"https:\/\/ses-creative.com\/de\/wp-json\/wp\/v2\/media?parent=114824"}],"wp:term":[{"taxonomy":"product_brand","embeddable":true,"href":"https:\/\/ses-creative.com\/de\/wp-json\/wp\/v2\/product_brand?post=114824"},{"taxonomy":"product_cat","embeddable":true,"href":"https:\/\/ses-creative.com\/de\/wp-json\/wp\/v2\/product_cat?post=114824"},{"taxonomy":"product_tag","embeddable":true,"href":"https:\/\/ses-creative.com\/de\/wp-json\/wp\/v2\/product_tag?post=114824"}],"curies":[{"name":"wp","href":"https:\/\/api.w.org\/{rel}","templated":true}]}}