











{"id":114823,"date":"2026-02-05T13:52:59","date_gmt":"2026-02-05T13:52:59","guid":{"rendered":"https:\/\/ses-creative.com\/?post_type=product&#038;p=114823"},"modified":"2026-02-06T09:51:49","modified_gmt":"2026-02-06T09:51:49","slug":"klettband-armbaender","status":"publish","type":"product","link":"https:\/\/ses-creative.com\/de\/produkt\/klettband-armbaender\/","title":{"rendered":"Klettband Armb\u00e4nder"},"content":{"rendered":"<p>Gestalte deine eigenen Armb\u00e4nder und \u00e4ndere deinen Stil so oft du m\u00f6chtest!<br \/>\nMit dem Klettarmband-Set von SES Creative kannst du immer wieder deine eigenen bunten Armb\u00e4nder entwerfen. Das Set enth\u00e4lt drei Armb\u00e4nder und verschiedene Klettfiguren in fr\u00f6hlichen Farben und Formen. Kinder k\u00f6nnen ihrer Kreativit\u00e4t freien Lauf lassen und endlos kombinieren. Heute ein cooler Look, morgen ein fr\u00f6hlicher \u2013 alles ist m\u00f6glich!<\/p>\n<p>Was macht dieses Set so toll?<\/p>\n<p> 3 Armb\u00e4nder zum Selbstverzieren \u2013 immer ein einzigartiges Schmuckst\u00fcck zum Tragen<br \/>\n Verschiedene Formen und Farben \u2013 mixen und kombinieren Sie f\u00fcr endlose Kombinationsm\u00f6glichkeiten<br \/>\n Wiederverwendbar \u2013 jeden Tag einen neuen Stil kreieren<br \/>\n F\u00f6rdert die Feinmotorik und Kreativit\u00e4t \u2013 spielerisches Lernen und Entwerfen<br \/>\n Ab 3 Jahren \u2013 speziell f\u00fcr junge Designer entwickelt<\/p>\n<p>Modedesign war noch nie so einfach<\/p>\n<p>Kinder w\u00e4hlen ihre Lieblingsfarben und -figuren aus und klicken sie einfach auf die Armb\u00e4nder. Sind sie ihrer Kreation \u00fcberdr\u00fcssig geworden? Dann nehmen sie die Formen ab und gestalten einfach ein neues Armband. So lernen sie spielerisch, zu kombinieren, zu entwerfen und ihre eigenen Kreationen stolz zu tragen oder zu verschenken.<\/p>\n<p>Inhalt der Verpackung<\/p>\n<p>3 Klettarmb\u00e4nder<\/p>\n<p>Verschiedene Farben und Formen von Klettverschl\u00fcssen<\/p>\n<p>Warum SES Creative w\u00e4hlen?<\/p>\n<p>Mit SES Creative entdecken Kinder seit \u00fcber 50 Jahren, wie viel Spa\u00df kreatives Spielen machen und wie lehrreich es sein kann. Dieses Armband-Set f\u00f6rdert nicht nur die Fantasie, sondern auch die Feinmotorik und das Stilbewusstsein.<\/p>\n<p>Beginnen Sie noch heute mit Ihrer eigenen Schmucklinie<\/p>\n<p>Lassen Sie Ihrer Kreativit\u00e4t freien Lauf und entwerfen Sie die sch\u00f6nsten Armb\u00e4nder, die Sie immer wieder neu kombinieren k\u00f6nnen.<br \/>\nBestellen Sie jetzt das SES Creative \u2013 Klettarmband-Set und machen Sie jeden Tag zu einer farbenfrohen Modeparty! <\/p>\n","protected":false},"excerpt":{"rendered":"<p>Gestalte deine eigenen Armb\u00e4nder und \u00e4ndere deinen Stil so oft du m\u00f6chtest! Mit dem Klettarmband-Set von SES Creative kannst du immer wieder deine eigenen bunten Armb\u00e4nder entwerfen. Das Set enth\u00e4lt drei Armb\u00e4nder und verschiedene Klettfiguren in fr\u00f6hlichen Farben und Formen. Kinder k\u00f6nnen ihrer Kreativit\u00e4t freien Lauf lassen und endlos kombinieren. Heute ein cooler Look, morgen [&hellip;]<\/p>\n","protected":false},"featured_media":104876,"comment_status":"closed","ping_status":"closed","template":"","meta":{"_acf_changed":false},"product_brand":[],"product_cat":[115],"product_tag":[],"class_list":{"0":"post-114823","1":"product","2":"type-product","3":"status-publish","4":"has-post-thumbnail","6":"product_cat-basteln","7":"pa_leeftijd-filter-3-4-jahre","8":"pa_meest-populair-bij-jungen-maedchen","10":"first","11":"instock","12":"shipping-taxable","13":"product-type-simple"},"acf":[],"yoast_head":"<!-- This site is optimized with the Yoast SEO plugin v27.2 - https:\/\/yoast.com\/product\/yoast-seo-wordpress\/ -->\n<title>Klettband Armb\u00e4nder - SES Creative<\/title>\n<meta name=\"robots\" content=\"index, follow, max-snippet:-1, max-image-preview:large, max-video-preview:-1\" \/>\n<link rel=\"canonical\" href=\"https:\/\/ses-creative.com\/de\/produkt\/klettband-armbaender\/\" \/>\n<meta property=\"og:locale\" content=\"de_DE\" \/>\n<meta property=\"og:type\" content=\"article\" \/>\n<meta property=\"og:title\" content=\"Klettband Armb\u00e4nder - SES Creative\" \/>\n<meta property=\"og:description\" content=\"Gestalte deine eigenen Armb\u00e4nder und \u00e4ndere deinen Stil so oft du m\u00f6chtest! Mit dem Klettarmband-Set von SES Creative kannst du immer wieder deine eigenen bunten Armb\u00e4nder entwerfen. Das Set enth\u00e4lt drei Armb\u00e4nder und verschiedene Klettfiguren in fr\u00f6hlichen Farben und Formen. Kinder k\u00f6nnen ihrer Kreativit\u00e4t freien Lauf lassen und endlos kombinieren. Heute ein cooler Look, morgen [&hellip;]\" \/>\n<meta property=\"og:url\" content=\"https:\/\/ses-creative.com\/de\/produkt\/klettband-armbaender\/\" \/>\n<meta property=\"og:site_name\" content=\"SES Creative\" \/>\n<meta property=\"article:modified_time\" content=\"2026-02-06T09:51:49+00:00\" \/>\n<meta name=\"twitter:card\" content=\"summary_large_image\" \/>\n<meta name=\"twitter:label1\" content=\"Gesch\u00e4tzte Lesezeit\" \/>\n\t<meta name=\"twitter:data1\" content=\"1\u00a0Minute\" \/>\n<script type=\"application\/ld+json\" class=\"yoast-schema-graph\">{\"@context\":\"https:\/\/schema.org\",\"@graph\":[{\"@type\":\"WebPage\",\"@id\":\"https:\/\/ses-creative.com\/de\/produkt\/klettband-armbaender\/\",\"url\":\"https:\/\/ses-creative.com\/de\/produkt\/klettband-armbaender\/\",\"name\":\"Klettband Armb\u00e4nder - SES Creative\",\"isPartOf\":{\"@id\":\"https:\/\/ses-creative.com\/#website\"},\"primaryImageOfPage\":{\"@id\":\"https:\/\/ses-creative.com\/de\/produkt\/klettband-armbaender\/#primaryimage\"},\"image\":{\"@id\":\"https:\/\/ses-creative.com\/de\/produkt\/klettband-armbaender\/#primaryimage\"},\"thumbnailUrl\":\"https:\/\/ses-creative.com\/wp-content\/uploads\/2026\/01\/148331.jpg\",\"datePublished\":\"2026-02-05T13:52:59+00:00\",\"dateModified\":\"2026-02-06T09:51:49+00:00\",\"breadcrumb\":{\"@id\":\"https:\/\/ses-creative.com\/de\/produkt\/klettband-armbaender\/#breadcrumb\"},\"inLanguage\":\"de\",\"potentialAction\":[{\"@type\":\"ReadAction\",\"target\":[\"https:\/\/ses-creative.com\/de\/produkt\/klettband-armbaender\/\"]}]},{\"@type\":\"ImageObject\",\"inLanguage\":\"de\",\"@id\":\"https:\/\/ses-creative.com\/de\/produkt\/klettband-armbaender\/#primaryimage\",\"url\":\"https:\/\/ses-creative.com\/wp-content\/uploads\/2026\/01\/148331.jpg\",\"contentUrl\":\"https:\/\/ses-creative.com\/wp-content\/uploads\/2026\/01\/148331.jpg\",\"width\":1000,\"height\":1000},{\"@type\":\"BreadcrumbList\",\"@id\":\"https:\/\/ses-creative.com\/de\/produkt\/klettband-armbaender\/#breadcrumb\",\"itemListElement\":[{\"@type\":\"ListItem\",\"position\":1,\"name\":\"Shop\",\"item\":\"https:\/\/ses-creative.com\/de\/shop\/\"},{\"@type\":\"ListItem\",\"position\":2,\"name\":\"Basteln\",\"item\":\"https:\/\/ses-creative.com\/de\/product-categorie\/basteln\/\"},{\"@type\":\"ListItem\",\"position\":3,\"name\":\"Klettband Armb\u00e4nder\"}]},{\"@type\":\"WebSite\",\"@id\":\"https:\/\/ses-creative.com\/#website\",\"url\":\"https:\/\/ses-creative.com\/\",\"name\":\"SES Creative\",\"description\":\"\",\"publisher\":{\"@id\":\"https:\/\/ses-creative.com\/#organization\"},\"potentialAction\":[{\"@type\":\"SearchAction\",\"target\":{\"@type\":\"EntryPoint\",\"urlTemplate\":\"https:\/\/ses-creative.com\/?s={search_term_string}\"},\"query-input\":{\"@type\":\"PropertyValueSpecification\",\"valueRequired\":true,\"valueName\":\"search_term_string\"}}],\"inLanguage\":\"de\"},{\"@type\":\"Organization\",\"@id\":\"https:\/\/ses-creative.com\/#organization\",\"name\":\"SES Creative\",\"url\":\"https:\/\/ses-creative.com\/\",\"logo\":{\"@type\":\"ImageObject\",\"inLanguage\":\"de\",\"@id\":\"https:\/\/ses-creative.com\/#\/schema\/logo\/image\/\",\"url\":\"https:\/\/ses-creative.com\/wp-content\/uploads\/2025\/10\/ses-creative-logo.jpg\",\"contentUrl\":\"https:\/\/ses-creative.com\/wp-content\/uploads\/2025\/10\/ses-creative-logo.jpg\",\"width\":2037,\"height\":2037,\"caption\":\"SES Creative\"},\"image\":{\"@id\":\"https:\/\/ses-creative.com\/#\/schema\/logo\/image\/\"}}]}<\/script>\n<!-- \/ Yoast SEO plugin. -->","yoast_head_json":{"title":"Klettband Armb\u00e4nder - SES Creative","robots":{"index":"index","follow":"follow","max-snippet":"max-snippet:-1","max-image-preview":"max-image-preview:large","max-video-preview":"max-video-preview:-1"},"canonical":"https:\/\/ses-creative.com\/de\/produkt\/klettband-armbaender\/","og_locale":"de_DE","og_type":"article","og_title":"Klettband Armb\u00e4nder - SES Creative","og_description":"Gestalte deine eigenen Armb\u00e4nder und \u00e4ndere deinen Stil so oft du m\u00f6chtest! Mit dem Klettarmband-Set von SES Creative kannst du immer wieder deine eigenen bunten Armb\u00e4nder entwerfen. Das Set enth\u00e4lt drei Armb\u00e4nder und verschiedene Klettfiguren in fr\u00f6hlichen Farben und Formen. Kinder k\u00f6nnen ihrer Kreativit\u00e4t freien Lauf lassen und endlos kombinieren. Heute ein cooler Look, morgen [&hellip;]","og_url":"https:\/\/ses-creative.com\/de\/produkt\/klettband-armbaender\/","og_site_name":"SES Creative","article_modified_time":"2026-02-06T09:51:49+00:00","twitter_card":"summary_large_image","twitter_misc":{"Gesch\u00e4tzte Lesezeit":"1\u00a0Minute"},"schema":{"@context":"https:\/\/schema.org","@graph":[{"@type":"WebPage","@id":"https:\/\/ses-creative.com\/de\/produkt\/klettband-armbaender\/","url":"https:\/\/ses-creative.com\/de\/produkt\/klettband-armbaender\/","name":"Klettband Armb\u00e4nder - SES Creative","isPartOf":{"@id":"https:\/\/ses-creative.com\/#website"},"primaryImageOfPage":{"@id":"https:\/\/ses-creative.com\/de\/produkt\/klettband-armbaender\/#primaryimage"},"image":{"@id":"https:\/\/ses-creative.com\/de\/produkt\/klettband-armbaender\/#primaryimage"},"thumbnailUrl":"https:\/\/ses-creative.com\/wp-content\/uploads\/2026\/01\/148331.jpg","datePublished":"2026-02-05T13:52:59+00:00","dateModified":"2026-02-06T09:51:49+00:00","breadcrumb":{"@id":"https:\/\/ses-creative.com\/de\/produkt\/klettband-armbaender\/#breadcrumb"},"inLanguage":"de","potentialAction":[{"@type":"ReadAction","target":["https:\/\/ses-creative.com\/de\/produkt\/klettband-armbaender\/"]}]},{"@type":"ImageObject","inLanguage":"de","@id":"https:\/\/ses-creative.com\/de\/produkt\/klettband-armbaender\/#primaryimage","url":"https:\/\/ses-creative.com\/wp-content\/uploads\/2026\/01\/148331.jpg","contentUrl":"https:\/\/ses-creative.com\/wp-content\/uploads\/2026\/01\/148331.jpg","width":1000,"height":1000},{"@type":"BreadcrumbList","@id":"https:\/\/ses-creative.com\/de\/produkt\/klettband-armbaender\/#breadcrumb","itemListElement":[{"@type":"ListItem","position":1,"name":"Shop","item":"https:\/\/ses-creative.com\/de\/shop\/"},{"@type":"ListItem","position":2,"name":"Basteln","item":"https:\/\/ses-creative.com\/de\/product-categorie\/basteln\/"},{"@type":"ListItem","position":3,"name":"Klettband Armb\u00e4nder"}]},{"@type":"WebSite","@id":"https:\/\/ses-creative.com\/#website","url":"https:\/\/ses-creative.com\/","name":"SES Creative","description":"","publisher":{"@id":"https:\/\/ses-creative.com\/#organization"},"potentialAction":[{"@type":"SearchAction","target":{"@type":"EntryPoint","urlTemplate":"https:\/\/ses-creative.com\/?s={search_term_string}"},"query-input":{"@type":"PropertyValueSpecification","valueRequired":true,"valueName":"search_term_string"}}],"inLanguage":"de"},{"@type":"Organization","@id":"https:\/\/ses-creative.com\/#organization","name":"SES Creative","url":"https:\/\/ses-creative.com\/","logo":{"@type":"ImageObject","inLanguage":"de","@id":"https:\/\/ses-creative.com\/#\/schema\/logo\/image\/","url":"https:\/\/ses-creative.com\/wp-content\/uploads\/2025\/10\/ses-creative-logo.jpg","contentUrl":"https:\/\/ses-creative.com\/wp-content\/uploads\/2025\/10\/ses-creative-logo.jpg","width":2037,"height":2037,"caption":"SES Creative"},"image":{"@id":"https:\/\/ses-creative.com\/#\/schema\/logo\/image\/"}}]}},"_links":{"self":[{"href":"https:\/\/ses-creative.com\/de\/wp-json\/wp\/v2\/product\/114823","targetHints":{"allow":["GET"]}}],"collection":[{"href":"https:\/\/ses-creative.com\/de\/wp-json\/wp\/v2\/product"}],"about":[{"href":"https:\/\/ses-creative.com\/de\/wp-json\/wp\/v2\/types\/product"}],"replies":[{"embeddable":true,"href":"https:\/\/ses-creative.com\/de\/wp-json\/wp\/v2\/comments?post=114823"}],"wp:featuredmedia":[{"embeddable":true,"href":"https:\/\/ses-creative.com\/de\/wp-json\/wp\/v2\/media\/104876"}],"wp:attachment":[{"href":"https:\/\/ses-creative.com\/de\/wp-json\/wp\/v2\/media?parent=114823"}],"wp:term":[{"taxonomy":"product_brand","embeddable":true,"href":"https:\/\/ses-creative.com\/de\/wp-json\/wp\/v2\/product_brand?post=114823"},{"taxonomy":"product_cat","embeddable":true,"href":"https:\/\/ses-creative.com\/de\/wp-json\/wp\/v2\/product_cat?post=114823"},{"taxonomy":"product_tag","embeddable":true,"href":"https:\/\/ses-creative.com\/de\/wp-json\/wp\/v2\/product_tag?post=114823"}],"curies":[{"name":"wp","href":"https:\/\/api.w.org\/{rel}","templated":true}]}}