











{"id":114822,"date":"2026-02-05T13:52:59","date_gmt":"2026-02-05T13:52:59","guid":{"rendered":"https:\/\/ses-creative.com\/?post_type=product&#038;p=114822"},"modified":"2026-02-06T09:51:49","modified_gmt":"2026-02-06T09:51:49","slug":"ich-lerne-dino-mosaike-legen","status":"publish","type":"product","link":"https:\/\/ses-creative.com\/de\/produkt\/ich-lerne-dino-mosaike-legen\/","title":{"rendered":"Ich lerne Dino Mosaike legen"},"content":{"rendered":"<p>Mosaik-Spa\u00df mit Dinosauriern!<br \/>\nLassen Sie Kinder die Magie des Mosaiklegens und die faszinierende Welt der Dinosaurier entdecken. Mit dem Set \u201eIch lerne Dino-Mosaike\u201c von SES Creative k\u00f6nnen Kinder Schritt f\u00fcr Schritt wundersch\u00f6ne pr\u00e4historische Kunstwerke gestalten. Dank der XL-Karten und Metallic-Mosaikaufkleber wird jedes Dinosaurier-Design zu einem gl\u00e4nzenden Kunstwerk, auf das sie stolz sein k\u00f6nnen.<\/p>\n<p>Was macht dieses Set so besonders?<\/p>\n<p> 4 gro\u00dfe, vorgedruckte Dino-Karten \u2013 extra gro\u00dfes Format f\u00fcr mehr Spielspa\u00df<\/p>\n<p> Metallic-Mosaikaufkleber \u2013 sorgen f\u00fcr einen funkelnden und magischen Effekt<\/p>\n<p> F\u00f6rdert die Feinmotorik und Konzentration \u2013 spielerisches Lernen und \u00dcben<\/p>\n<p> Einfach und \u00fcbersichtlich \u2013 ideal f\u00fcr kleine Kinderh\u00e4nde<\/p>\n<p> Perfekt ab 3 Jahren \u2013 sicher, lehrreich und kreativ<\/p>\n<p>Erschaffe deine eigenen Dino-Kunstwerke<\/p>\n<p>Kinder w\u00e4hlen eine der gro\u00dfen Dino-Karten aus, kleben die passenden Metallic-Sticker auf die Felder und sehen Schritt f\u00fcr Schritt, wie ihr Dinosaurier zum Leben erwacht. Das Ergebnis ist ein gl\u00e4nzendes Kunstwerk, das sie stolz pr\u00e4sentieren oder aufh\u00e4ngen k\u00f6nnen.<\/p>\n<p>Inhalt der Verpackung<\/p>\n<p>4 gro\u00dfe, vorgedruckte Dinosaurierkarten<\/p>\n<p>Verschiedene Metallic-Mosaikaufkleber<\/p>\n<p>Warum SES Creative w\u00e4hlen?<\/p>\n<p>SES Creative entwickelt Spielzeug, das die Kreativit\u00e4t f\u00f6rdert und gleichzeitig lehrreich ist. Dieses Set verbindet die Faszination von Dinosauriern mit dem p\u00e4dagogischen Wert der Mosaikkunst: eine perfekte Mischung aus Spa\u00df und Entwicklung.<\/p>\n<p>Beginnen Sie noch heute mit Mosaiken<\/p>\n<p>Geben Sie Ihrem Kind eine kreative Herausforderung voller Magie und Spa\u00df.<br \/>\nBestellen Sie jetzt das SES Creative \u2013 Ich lerne Dinosaurier-Mosaike-Set und lassen Sie die sch\u00f6nsten Dinosaurier gl\u00e4nzen!<\/p>\n","protected":false},"excerpt":{"rendered":"<p>Mosaik-Spa\u00df mit Dinosauriern! Lassen Sie Kinder die Magie des Mosaiklegens und die faszinierende Welt der Dinosaurier entdecken. Mit dem Set \u201eIch lerne Dino-Mosaike\u201c von SES Creative k\u00f6nnen Kinder Schritt f\u00fcr Schritt wundersch\u00f6ne pr\u00e4historische Kunstwerke gestalten. Dank der XL-Karten und Metallic-Mosaikaufkleber wird jedes Dinosaurier-Design zu einem gl\u00e4nzenden Kunstwerk, auf das sie stolz sein k\u00f6nnen. Was macht [&hellip;]<\/p>\n","protected":false},"featured_media":104856,"comment_status":"closed","ping_status":"closed","template":"","meta":{"_acf_changed":false},"product_brand":[],"product_cat":[115],"product_tag":[],"class_list":{"0":"post-114822","1":"product","2":"type-product","3":"status-publish","4":"has-post-thumbnail","6":"product_cat-basteln","7":"pa_leeftijd-filter-3-4-jahre","8":"pa_meest-populair-bij-jungen-maedchen","10":"first","11":"instock","12":"shipping-taxable","13":"product-type-simple"},"acf":[],"yoast_head":"<!-- This site is optimized with the Yoast SEO plugin v27.2 - https:\/\/yoast.com\/product\/yoast-seo-wordpress\/ -->\n<title>Ich lerne Dino Mosaike legen - SES Creative<\/title>\n<meta name=\"robots\" content=\"index, follow, max-snippet:-1, max-image-preview:large, max-video-preview:-1\" \/>\n<link rel=\"canonical\" href=\"https:\/\/ses-creative.com\/de\/produkt\/ich-lerne-dino-mosaike-legen\/\" \/>\n<meta property=\"og:locale\" content=\"de_DE\" \/>\n<meta property=\"og:type\" content=\"article\" \/>\n<meta property=\"og:title\" content=\"Ich lerne Dino Mosaike legen - SES Creative\" \/>\n<meta property=\"og:description\" content=\"Mosaik-Spa\u00df mit Dinosauriern! Lassen Sie Kinder die Magie des Mosaiklegens und die faszinierende Welt der Dinosaurier entdecken. Mit dem Set \u201eIch lerne Dino-Mosaike\u201c von SES Creative k\u00f6nnen Kinder Schritt f\u00fcr Schritt wundersch\u00f6ne pr\u00e4historische Kunstwerke gestalten. Dank der XL-Karten und Metallic-Mosaikaufkleber wird jedes Dinosaurier-Design zu einem gl\u00e4nzenden Kunstwerk, auf das sie stolz sein k\u00f6nnen. Was macht [&hellip;]\" \/>\n<meta property=\"og:url\" content=\"https:\/\/ses-creative.com\/de\/produkt\/ich-lerne-dino-mosaike-legen\/\" \/>\n<meta property=\"og:site_name\" content=\"SES Creative\" \/>\n<meta property=\"article:modified_time\" content=\"2026-02-06T09:51:49+00:00\" \/>\n<meta name=\"twitter:card\" content=\"summary_large_image\" \/>\n<meta name=\"twitter:label1\" content=\"Gesch\u00e4tzte Lesezeit\" \/>\n\t<meta name=\"twitter:data1\" content=\"1\u00a0Minute\" \/>\n<script type=\"application\/ld+json\" class=\"yoast-schema-graph\">{\"@context\":\"https:\/\/schema.org\",\"@graph\":[{\"@type\":\"WebPage\",\"@id\":\"https:\/\/ses-creative.com\/de\/produkt\/ich-lerne-dino-mosaike-legen\/\",\"url\":\"https:\/\/ses-creative.com\/de\/produkt\/ich-lerne-dino-mosaike-legen\/\",\"name\":\"Ich lerne Dino Mosaike legen - SES Creative\",\"isPartOf\":{\"@id\":\"https:\/\/ses-creative.com\/#website\"},\"primaryImageOfPage\":{\"@id\":\"https:\/\/ses-creative.com\/de\/produkt\/ich-lerne-dino-mosaike-legen\/#primaryimage\"},\"image\":{\"@id\":\"https:\/\/ses-creative.com\/de\/produkt\/ich-lerne-dino-mosaike-legen\/#primaryimage\"},\"thumbnailUrl\":\"https:\/\/ses-creative.com\/wp-content\/uploads\/2026\/01\/148301.jpg\",\"datePublished\":\"2026-02-05T13:52:59+00:00\",\"dateModified\":\"2026-02-06T09:51:49+00:00\",\"breadcrumb\":{\"@id\":\"https:\/\/ses-creative.com\/de\/produkt\/ich-lerne-dino-mosaike-legen\/#breadcrumb\"},\"inLanguage\":\"de\",\"potentialAction\":[{\"@type\":\"ReadAction\",\"target\":[\"https:\/\/ses-creative.com\/de\/produkt\/ich-lerne-dino-mosaike-legen\/\"]}]},{\"@type\":\"ImageObject\",\"inLanguage\":\"de\",\"@id\":\"https:\/\/ses-creative.com\/de\/produkt\/ich-lerne-dino-mosaike-legen\/#primaryimage\",\"url\":\"https:\/\/ses-creative.com\/wp-content\/uploads\/2026\/01\/148301.jpg\",\"contentUrl\":\"https:\/\/ses-creative.com\/wp-content\/uploads\/2026\/01\/148301.jpg\",\"width\":1000,\"height\":1000},{\"@type\":\"BreadcrumbList\",\"@id\":\"https:\/\/ses-creative.com\/de\/produkt\/ich-lerne-dino-mosaike-legen\/#breadcrumb\",\"itemListElement\":[{\"@type\":\"ListItem\",\"position\":1,\"name\":\"Shop\",\"item\":\"https:\/\/ses-creative.com\/de\/shop\/\"},{\"@type\":\"ListItem\",\"position\":2,\"name\":\"Basteln\",\"item\":\"https:\/\/ses-creative.com\/de\/product-categorie\/basteln\/\"},{\"@type\":\"ListItem\",\"position\":3,\"name\":\"Ich lerne Dino Mosaike legen\"}]},{\"@type\":\"WebSite\",\"@id\":\"https:\/\/ses-creative.com\/#website\",\"url\":\"https:\/\/ses-creative.com\/\",\"name\":\"SES Creative\",\"description\":\"\",\"publisher\":{\"@id\":\"https:\/\/ses-creative.com\/#organization\"},\"potentialAction\":[{\"@type\":\"SearchAction\",\"target\":{\"@type\":\"EntryPoint\",\"urlTemplate\":\"https:\/\/ses-creative.com\/?s={search_term_string}\"},\"query-input\":{\"@type\":\"PropertyValueSpecification\",\"valueRequired\":true,\"valueName\":\"search_term_string\"}}],\"inLanguage\":\"de\"},{\"@type\":\"Organization\",\"@id\":\"https:\/\/ses-creative.com\/#organization\",\"name\":\"SES Creative\",\"url\":\"https:\/\/ses-creative.com\/\",\"logo\":{\"@type\":\"ImageObject\",\"inLanguage\":\"de\",\"@id\":\"https:\/\/ses-creative.com\/#\/schema\/logo\/image\/\",\"url\":\"https:\/\/ses-creative.com\/wp-content\/uploads\/2025\/10\/ses-creative-logo.jpg\",\"contentUrl\":\"https:\/\/ses-creative.com\/wp-content\/uploads\/2025\/10\/ses-creative-logo.jpg\",\"width\":2037,\"height\":2037,\"caption\":\"SES Creative\"},\"image\":{\"@id\":\"https:\/\/ses-creative.com\/#\/schema\/logo\/image\/\"}}]}<\/script>\n<!-- \/ Yoast SEO plugin. -->","yoast_head_json":{"title":"Ich lerne Dino Mosaike legen - SES Creative","robots":{"index":"index","follow":"follow","max-snippet":"max-snippet:-1","max-image-preview":"max-image-preview:large","max-video-preview":"max-video-preview:-1"},"canonical":"https:\/\/ses-creative.com\/de\/produkt\/ich-lerne-dino-mosaike-legen\/","og_locale":"de_DE","og_type":"article","og_title":"Ich lerne Dino Mosaike legen - SES Creative","og_description":"Mosaik-Spa\u00df mit Dinosauriern! Lassen Sie Kinder die Magie des Mosaiklegens und die faszinierende Welt der Dinosaurier entdecken. Mit dem Set \u201eIch lerne Dino-Mosaike\u201c von SES Creative k\u00f6nnen Kinder Schritt f\u00fcr Schritt wundersch\u00f6ne pr\u00e4historische Kunstwerke gestalten. Dank der XL-Karten und Metallic-Mosaikaufkleber wird jedes Dinosaurier-Design zu einem gl\u00e4nzenden Kunstwerk, auf das sie stolz sein k\u00f6nnen. Was macht [&hellip;]","og_url":"https:\/\/ses-creative.com\/de\/produkt\/ich-lerne-dino-mosaike-legen\/","og_site_name":"SES Creative","article_modified_time":"2026-02-06T09:51:49+00:00","twitter_card":"summary_large_image","twitter_misc":{"Gesch\u00e4tzte Lesezeit":"1\u00a0Minute"},"schema":{"@context":"https:\/\/schema.org","@graph":[{"@type":"WebPage","@id":"https:\/\/ses-creative.com\/de\/produkt\/ich-lerne-dino-mosaike-legen\/","url":"https:\/\/ses-creative.com\/de\/produkt\/ich-lerne-dino-mosaike-legen\/","name":"Ich lerne Dino Mosaike legen - SES Creative","isPartOf":{"@id":"https:\/\/ses-creative.com\/#website"},"primaryImageOfPage":{"@id":"https:\/\/ses-creative.com\/de\/produkt\/ich-lerne-dino-mosaike-legen\/#primaryimage"},"image":{"@id":"https:\/\/ses-creative.com\/de\/produkt\/ich-lerne-dino-mosaike-legen\/#primaryimage"},"thumbnailUrl":"https:\/\/ses-creative.com\/wp-content\/uploads\/2026\/01\/148301.jpg","datePublished":"2026-02-05T13:52:59+00:00","dateModified":"2026-02-06T09:51:49+00:00","breadcrumb":{"@id":"https:\/\/ses-creative.com\/de\/produkt\/ich-lerne-dino-mosaike-legen\/#breadcrumb"},"inLanguage":"de","potentialAction":[{"@type":"ReadAction","target":["https:\/\/ses-creative.com\/de\/produkt\/ich-lerne-dino-mosaike-legen\/"]}]},{"@type":"ImageObject","inLanguage":"de","@id":"https:\/\/ses-creative.com\/de\/produkt\/ich-lerne-dino-mosaike-legen\/#primaryimage","url":"https:\/\/ses-creative.com\/wp-content\/uploads\/2026\/01\/148301.jpg","contentUrl":"https:\/\/ses-creative.com\/wp-content\/uploads\/2026\/01\/148301.jpg","width":1000,"height":1000},{"@type":"BreadcrumbList","@id":"https:\/\/ses-creative.com\/de\/produkt\/ich-lerne-dino-mosaike-legen\/#breadcrumb","itemListElement":[{"@type":"ListItem","position":1,"name":"Shop","item":"https:\/\/ses-creative.com\/de\/shop\/"},{"@type":"ListItem","position":2,"name":"Basteln","item":"https:\/\/ses-creative.com\/de\/product-categorie\/basteln\/"},{"@type":"ListItem","position":3,"name":"Ich lerne Dino Mosaike legen"}]},{"@type":"WebSite","@id":"https:\/\/ses-creative.com\/#website","url":"https:\/\/ses-creative.com\/","name":"SES Creative","description":"","publisher":{"@id":"https:\/\/ses-creative.com\/#organization"},"potentialAction":[{"@type":"SearchAction","target":{"@type":"EntryPoint","urlTemplate":"https:\/\/ses-creative.com\/?s={search_term_string}"},"query-input":{"@type":"PropertyValueSpecification","valueRequired":true,"valueName":"search_term_string"}}],"inLanguage":"de"},{"@type":"Organization","@id":"https:\/\/ses-creative.com\/#organization","name":"SES Creative","url":"https:\/\/ses-creative.com\/","logo":{"@type":"ImageObject","inLanguage":"de","@id":"https:\/\/ses-creative.com\/#\/schema\/logo\/image\/","url":"https:\/\/ses-creative.com\/wp-content\/uploads\/2025\/10\/ses-creative-logo.jpg","contentUrl":"https:\/\/ses-creative.com\/wp-content\/uploads\/2025\/10\/ses-creative-logo.jpg","width":2037,"height":2037,"caption":"SES Creative"},"image":{"@id":"https:\/\/ses-creative.com\/#\/schema\/logo\/image\/"}}]}},"_links":{"self":[{"href":"https:\/\/ses-creative.com\/de\/wp-json\/wp\/v2\/product\/114822","targetHints":{"allow":["GET"]}}],"collection":[{"href":"https:\/\/ses-creative.com\/de\/wp-json\/wp\/v2\/product"}],"about":[{"href":"https:\/\/ses-creative.com\/de\/wp-json\/wp\/v2\/types\/product"}],"replies":[{"embeddable":true,"href":"https:\/\/ses-creative.com\/de\/wp-json\/wp\/v2\/comments?post=114822"}],"wp:featuredmedia":[{"embeddable":true,"href":"https:\/\/ses-creative.com\/de\/wp-json\/wp\/v2\/media\/104856"}],"wp:attachment":[{"href":"https:\/\/ses-creative.com\/de\/wp-json\/wp\/v2\/media?parent=114822"}],"wp:term":[{"taxonomy":"product_brand","embeddable":true,"href":"https:\/\/ses-creative.com\/de\/wp-json\/wp\/v2\/product_brand?post=114822"},{"taxonomy":"product_cat","embeddable":true,"href":"https:\/\/ses-creative.com\/de\/wp-json\/wp\/v2\/product_cat?post=114822"},{"taxonomy":"product_tag","embeddable":true,"href":"https:\/\/ses-creative.com\/de\/wp-json\/wp\/v2\/product_tag?post=114822"}],"curies":[{"name":"wp","href":"https:\/\/api.w.org\/{rel}","templated":true}]}}