











{"id":114820,"date":"2026-02-05T13:52:58","date_gmt":"2026-02-05T13:52:58","guid":{"rendered":"https:\/\/ses-creative.com\/?post_type=product&#038;p=114820"},"modified":"2026-02-06T09:51:49","modified_gmt":"2026-02-06T09:51:49","slug":"ich-lerne-mosaike-legen","status":"publish","type":"product","link":"https:\/\/ses-creative.com\/de\/produkt\/ich-lerne-mosaike-legen\/","title":{"rendered":"Ich lerne Mosaike legen"},"content":{"rendered":"<p>Entdecken Sie, wie viel Spa\u00df Mosaike machen k\u00f6nnen und wie einfach sie zu erstellen sind! Mit dem Set \u201eIch lerne Mosaike\u201c von SES Creative k\u00f6nnen Kinder Schritt f\u00fcr Schritt ihre eigenen farbenfrohen Kunstwerke gestalten. Das Set enth\u00e4lt vier fr\u00f6hliche, vorgedruckte Karten und verschiedene farbige und geformte Mosaikaufkleber, mit denen Kinder kreativ werden k\u00f6nnen. Perfekt f\u00fcr junge K\u00fcnstler, die mit Formen, Mustern und Farben experimentieren m\u00f6chten.<\/p>\n<p>Was macht dieses Set so besonders?<\/p>\n<p> 4 fr\u00f6hliche, vorgedruckte Karten \u2013 klare und verspielte Designs<\/p>\n<p> Verschiedenfarbige und -f\u00f6rmige Mosaikaufkleber \u2013 unendliche Variationsm\u00f6glichkeiten<\/p>\n<p> F\u00f6rdert die Feinmotorik und die Hand-Augen-Koordination<br \/>\n Kreativ und lehrreich \u2013 spielerisch kombinieren und gestalten lernen<\/p>\n<p> Speziell f\u00fcr Kinder ab 3 Jahren \u2013 einfach und sicher in der Anwendung<\/p>\n<p>Entwerfen Sie Ihre eigenen Mosaikkunstwerke<\/p>\n<p>Kinder w\u00e4hlen eine Karte aus, suchen die passenden Aufkleber und f\u00fcllen Schritt f\u00fcr Schritt die Motive aus. So entstehen farbenfrohe Mosaikkunstwerke, auf die sie stolz sein k\u00f6nnen. Das Aufkleben der Aufkleber trainiert nicht nur die Feinmotorik, sondern vermittelt auch ein Gef\u00fchl der Konzentration und Zufriedenheit.<\/p>\n<p>Inhalt der Verpackung<\/p>\n<p>4 fr\u00f6hliche, vorgedruckte Karten<\/p>\n<p>Verschiedenfarbige und -f\u00f6rmige Mosaikaufkleber<\/p>\n<p>Warum SES Creative w\u00e4hlen?<\/p>\n<p>Mit SES Creative haben Kinder die M\u00f6glichkeit, ihre Kreativit\u00e4t spielerisch zu entwickeln. Dieses Set passt perfekt zum Montessori-Lernen: Entdecken, \u00dcben und Gestalten in ihrem eigenen Tempo.<\/p>\n<p>Beginnen Sie noch heute mit Mosaiken<\/p>\n<p>Geben Sie Ihrem Kind eine kreative Herausforderung, die Spa\u00df macht und Stolz hervorruft.<br \/>\nBestellen Sie jetzt das SES Creative \u2013 Ich lerne Mosaike-Set und entdecken Sie, wie einfach und unterhaltsam das Mosaiklegen sein kann!<\/p>\n","protected":false},"excerpt":{"rendered":"<p>Entdecken Sie, wie viel Spa\u00df Mosaike machen k\u00f6nnen und wie einfach sie zu erstellen sind! Mit dem Set \u201eIch lerne Mosaike\u201c von SES Creative k\u00f6nnen Kinder Schritt f\u00fcr Schritt ihre eigenen farbenfrohen Kunstwerke gestalten. Das Set enth\u00e4lt vier fr\u00f6hliche, vorgedruckte Karten und verschiedene farbige und geformte Mosaikaufkleber, mit denen Kinder kreativ werden k\u00f6nnen. Perfekt f\u00fcr [&hellip;]<\/p>\n","protected":false},"featured_media":104816,"comment_status":"closed","ping_status":"closed","template":"","meta":{"_acf_changed":false},"product_brand":[],"product_cat":[115],"product_tag":[],"class_list":{"0":"post-114820","1":"product","2":"type-product","3":"status-publish","4":"has-post-thumbnail","6":"product_cat-basteln","7":"pa_leeftijd-filter-3-4-jahre","8":"pa_meest-populair-bij-jungen-maedchen","10":"first","11":"instock","12":"shipping-taxable","13":"product-type-simple"},"acf":[],"yoast_head":"<!-- This site is optimized with the Yoast SEO plugin v27.2 - https:\/\/yoast.com\/product\/yoast-seo-wordpress\/ -->\n<title>Ich lerne Mosaike legen - SES Creative<\/title>\n<meta name=\"robots\" content=\"index, follow, max-snippet:-1, max-image-preview:large, max-video-preview:-1\" \/>\n<link rel=\"canonical\" href=\"https:\/\/ses-creative.com\/de\/produkt\/ich-lerne-mosaike-legen\/\" \/>\n<meta property=\"og:locale\" content=\"de_DE\" \/>\n<meta property=\"og:type\" content=\"article\" \/>\n<meta property=\"og:title\" content=\"Ich lerne Mosaike legen - SES Creative\" \/>\n<meta property=\"og:description\" content=\"Entdecken Sie, wie viel Spa\u00df Mosaike machen k\u00f6nnen und wie einfach sie zu erstellen sind! Mit dem Set \u201eIch lerne Mosaike\u201c von SES Creative k\u00f6nnen Kinder Schritt f\u00fcr Schritt ihre eigenen farbenfrohen Kunstwerke gestalten. Das Set enth\u00e4lt vier fr\u00f6hliche, vorgedruckte Karten und verschiedene farbige und geformte Mosaikaufkleber, mit denen Kinder kreativ werden k\u00f6nnen. Perfekt f\u00fcr [&hellip;]\" \/>\n<meta property=\"og:url\" content=\"https:\/\/ses-creative.com\/de\/produkt\/ich-lerne-mosaike-legen\/\" \/>\n<meta property=\"og:site_name\" content=\"SES Creative\" \/>\n<meta property=\"article:modified_time\" content=\"2026-02-06T09:51:49+00:00\" \/>\n<meta name=\"twitter:card\" content=\"summary_large_image\" \/>\n<meta name=\"twitter:label1\" content=\"Gesch\u00e4tzte Lesezeit\" \/>\n\t<meta name=\"twitter:data1\" content=\"1\u00a0Minute\" \/>\n<script type=\"application\/ld+json\" class=\"yoast-schema-graph\">{\"@context\":\"https:\/\/schema.org\",\"@graph\":[{\"@type\":\"WebPage\",\"@id\":\"https:\/\/ses-creative.com\/de\/produkt\/ich-lerne-mosaike-legen\/\",\"url\":\"https:\/\/ses-creative.com\/de\/produkt\/ich-lerne-mosaike-legen\/\",\"name\":\"Ich lerne Mosaike legen - SES Creative\",\"isPartOf\":{\"@id\":\"https:\/\/ses-creative.com\/#website\"},\"primaryImageOfPage\":{\"@id\":\"https:\/\/ses-creative.com\/de\/produkt\/ich-lerne-mosaike-legen\/#primaryimage\"},\"image\":{\"@id\":\"https:\/\/ses-creative.com\/de\/produkt\/ich-lerne-mosaike-legen\/#primaryimage\"},\"thumbnailUrl\":\"https:\/\/ses-creative.com\/wp-content\/uploads\/2026\/01\/148271.jpg\",\"datePublished\":\"2026-02-05T13:52:58+00:00\",\"dateModified\":\"2026-02-06T09:51:49+00:00\",\"breadcrumb\":{\"@id\":\"https:\/\/ses-creative.com\/de\/produkt\/ich-lerne-mosaike-legen\/#breadcrumb\"},\"inLanguage\":\"de\",\"potentialAction\":[{\"@type\":\"ReadAction\",\"target\":[\"https:\/\/ses-creative.com\/de\/produkt\/ich-lerne-mosaike-legen\/\"]}]},{\"@type\":\"ImageObject\",\"inLanguage\":\"de\",\"@id\":\"https:\/\/ses-creative.com\/de\/produkt\/ich-lerne-mosaike-legen\/#primaryimage\",\"url\":\"https:\/\/ses-creative.com\/wp-content\/uploads\/2026\/01\/148271.jpg\",\"contentUrl\":\"https:\/\/ses-creative.com\/wp-content\/uploads\/2026\/01\/148271.jpg\",\"width\":1000,\"height\":1000},{\"@type\":\"BreadcrumbList\",\"@id\":\"https:\/\/ses-creative.com\/de\/produkt\/ich-lerne-mosaike-legen\/#breadcrumb\",\"itemListElement\":[{\"@type\":\"ListItem\",\"position\":1,\"name\":\"Shop\",\"item\":\"https:\/\/ses-creative.com\/de\/shop\/\"},{\"@type\":\"ListItem\",\"position\":2,\"name\":\"Basteln\",\"item\":\"https:\/\/ses-creative.com\/de\/product-categorie\/basteln\/\"},{\"@type\":\"ListItem\",\"position\":3,\"name\":\"Ich lerne Mosaike legen\"}]},{\"@type\":\"WebSite\",\"@id\":\"https:\/\/ses-creative.com\/#website\",\"url\":\"https:\/\/ses-creative.com\/\",\"name\":\"SES Creative\",\"description\":\"\",\"publisher\":{\"@id\":\"https:\/\/ses-creative.com\/#organization\"},\"potentialAction\":[{\"@type\":\"SearchAction\",\"target\":{\"@type\":\"EntryPoint\",\"urlTemplate\":\"https:\/\/ses-creative.com\/?s={search_term_string}\"},\"query-input\":{\"@type\":\"PropertyValueSpecification\",\"valueRequired\":true,\"valueName\":\"search_term_string\"}}],\"inLanguage\":\"de\"},{\"@type\":\"Organization\",\"@id\":\"https:\/\/ses-creative.com\/#organization\",\"name\":\"SES Creative\",\"url\":\"https:\/\/ses-creative.com\/\",\"logo\":{\"@type\":\"ImageObject\",\"inLanguage\":\"de\",\"@id\":\"https:\/\/ses-creative.com\/#\/schema\/logo\/image\/\",\"url\":\"https:\/\/ses-creative.com\/wp-content\/uploads\/2025\/10\/ses-creative-logo.jpg\",\"contentUrl\":\"https:\/\/ses-creative.com\/wp-content\/uploads\/2025\/10\/ses-creative-logo.jpg\",\"width\":2037,\"height\":2037,\"caption\":\"SES Creative\"},\"image\":{\"@id\":\"https:\/\/ses-creative.com\/#\/schema\/logo\/image\/\"}}]}<\/script>\n<!-- \/ Yoast SEO plugin. -->","yoast_head_json":{"title":"Ich lerne Mosaike legen - SES Creative","robots":{"index":"index","follow":"follow","max-snippet":"max-snippet:-1","max-image-preview":"max-image-preview:large","max-video-preview":"max-video-preview:-1"},"canonical":"https:\/\/ses-creative.com\/de\/produkt\/ich-lerne-mosaike-legen\/","og_locale":"de_DE","og_type":"article","og_title":"Ich lerne Mosaike legen - SES Creative","og_description":"Entdecken Sie, wie viel Spa\u00df Mosaike machen k\u00f6nnen und wie einfach sie zu erstellen sind! Mit dem Set \u201eIch lerne Mosaike\u201c von SES Creative k\u00f6nnen Kinder Schritt f\u00fcr Schritt ihre eigenen farbenfrohen Kunstwerke gestalten. Das Set enth\u00e4lt vier fr\u00f6hliche, vorgedruckte Karten und verschiedene farbige und geformte Mosaikaufkleber, mit denen Kinder kreativ werden k\u00f6nnen. Perfekt f\u00fcr [&hellip;]","og_url":"https:\/\/ses-creative.com\/de\/produkt\/ich-lerne-mosaike-legen\/","og_site_name":"SES Creative","article_modified_time":"2026-02-06T09:51:49+00:00","twitter_card":"summary_large_image","twitter_misc":{"Gesch\u00e4tzte Lesezeit":"1\u00a0Minute"},"schema":{"@context":"https:\/\/schema.org","@graph":[{"@type":"WebPage","@id":"https:\/\/ses-creative.com\/de\/produkt\/ich-lerne-mosaike-legen\/","url":"https:\/\/ses-creative.com\/de\/produkt\/ich-lerne-mosaike-legen\/","name":"Ich lerne Mosaike legen - SES Creative","isPartOf":{"@id":"https:\/\/ses-creative.com\/#website"},"primaryImageOfPage":{"@id":"https:\/\/ses-creative.com\/de\/produkt\/ich-lerne-mosaike-legen\/#primaryimage"},"image":{"@id":"https:\/\/ses-creative.com\/de\/produkt\/ich-lerne-mosaike-legen\/#primaryimage"},"thumbnailUrl":"https:\/\/ses-creative.com\/wp-content\/uploads\/2026\/01\/148271.jpg","datePublished":"2026-02-05T13:52:58+00:00","dateModified":"2026-02-06T09:51:49+00:00","breadcrumb":{"@id":"https:\/\/ses-creative.com\/de\/produkt\/ich-lerne-mosaike-legen\/#breadcrumb"},"inLanguage":"de","potentialAction":[{"@type":"ReadAction","target":["https:\/\/ses-creative.com\/de\/produkt\/ich-lerne-mosaike-legen\/"]}]},{"@type":"ImageObject","inLanguage":"de","@id":"https:\/\/ses-creative.com\/de\/produkt\/ich-lerne-mosaike-legen\/#primaryimage","url":"https:\/\/ses-creative.com\/wp-content\/uploads\/2026\/01\/148271.jpg","contentUrl":"https:\/\/ses-creative.com\/wp-content\/uploads\/2026\/01\/148271.jpg","width":1000,"height":1000},{"@type":"BreadcrumbList","@id":"https:\/\/ses-creative.com\/de\/produkt\/ich-lerne-mosaike-legen\/#breadcrumb","itemListElement":[{"@type":"ListItem","position":1,"name":"Shop","item":"https:\/\/ses-creative.com\/de\/shop\/"},{"@type":"ListItem","position":2,"name":"Basteln","item":"https:\/\/ses-creative.com\/de\/product-categorie\/basteln\/"},{"@type":"ListItem","position":3,"name":"Ich lerne Mosaike legen"}]},{"@type":"WebSite","@id":"https:\/\/ses-creative.com\/#website","url":"https:\/\/ses-creative.com\/","name":"SES Creative","description":"","publisher":{"@id":"https:\/\/ses-creative.com\/#organization"},"potentialAction":[{"@type":"SearchAction","target":{"@type":"EntryPoint","urlTemplate":"https:\/\/ses-creative.com\/?s={search_term_string}"},"query-input":{"@type":"PropertyValueSpecification","valueRequired":true,"valueName":"search_term_string"}}],"inLanguage":"de"},{"@type":"Organization","@id":"https:\/\/ses-creative.com\/#organization","name":"SES Creative","url":"https:\/\/ses-creative.com\/","logo":{"@type":"ImageObject","inLanguage":"de","@id":"https:\/\/ses-creative.com\/#\/schema\/logo\/image\/","url":"https:\/\/ses-creative.com\/wp-content\/uploads\/2025\/10\/ses-creative-logo.jpg","contentUrl":"https:\/\/ses-creative.com\/wp-content\/uploads\/2025\/10\/ses-creative-logo.jpg","width":2037,"height":2037,"caption":"SES Creative"},"image":{"@id":"https:\/\/ses-creative.com\/#\/schema\/logo\/image\/"}}]}},"_links":{"self":[{"href":"https:\/\/ses-creative.com\/de\/wp-json\/wp\/v2\/product\/114820","targetHints":{"allow":["GET"]}}],"collection":[{"href":"https:\/\/ses-creative.com\/de\/wp-json\/wp\/v2\/product"}],"about":[{"href":"https:\/\/ses-creative.com\/de\/wp-json\/wp\/v2\/types\/product"}],"replies":[{"embeddable":true,"href":"https:\/\/ses-creative.com\/de\/wp-json\/wp\/v2\/comments?post=114820"}],"wp:featuredmedia":[{"embeddable":true,"href":"https:\/\/ses-creative.com\/de\/wp-json\/wp\/v2\/media\/104816"}],"wp:attachment":[{"href":"https:\/\/ses-creative.com\/de\/wp-json\/wp\/v2\/media?parent=114820"}],"wp:term":[{"taxonomy":"product_brand","embeddable":true,"href":"https:\/\/ses-creative.com\/de\/wp-json\/wp\/v2\/product_brand?post=114820"},{"taxonomy":"product_cat","embeddable":true,"href":"https:\/\/ses-creative.com\/de\/wp-json\/wp\/v2\/product_cat?post=114820"},{"taxonomy":"product_tag","embeddable":true,"href":"https:\/\/ses-creative.com\/de\/wp-json\/wp\/v2\/product_tag?post=114820"}],"curies":[{"name":"wp","href":"https:\/\/api.w.org\/{rel}","templated":true}]}}