











{"id":114817,"date":"2026-02-05T13:52:58","date_gmt":"2026-02-05T13:52:58","guid":{"rendered":"https:\/\/ses-creative.com\/?post_type=product&#038;p=114817"},"modified":"2026-02-06T09:51:49","modified_gmt":"2026-02-06T09:51:49","slug":"ich-lerne-schneiden","status":"publish","type":"product","link":"https:\/\/ses-creative.com\/de\/produkt\/ich-lerne-schneiden\/","title":{"rendered":"Ich lerne schneiden"},"content":{"rendered":"<p>Mit dem Set \u201eIch lerne schneiden\u201c von SES Creative wird das Schneiden sicher und macht Spa\u00df. Dieses speziell entwickelte Set hilft Kindern ab 3 Jahren, ihre ersten Erfahrungen mit dem Schneiden auf verantwortungsvolle Weise zu sammeln. Dank der sicheren Schere, die nur Papier schneidet, und den fr\u00f6hlichen Schneideb\u00f6gen entdecken Kinder Schritt f\u00fcr Schritt, wie viel Spa\u00df Basteln machen kann.<\/p>\n<p>Was macht dieses Set so besonders?<\/p>\n<p> Sichere Kinderschere \u2013 schneidet nur Papier, keine Haare, Haut oder Textilien<\/p>\n<p> 16 fr\u00f6hliche Bastelb\u00f6gen \u2013 mit lustigen Mustern und Designs<\/p>\n<p> F\u00f6rdert die Feinmotorik und Koordination<\/p>\n<p> Kreativ und lehrreich \u2013 ideal f\u00fcr die ersten Erfahrungen mit dem Ausschneiden<\/p>\n<p> Perfekt f\u00fcr kleine Kinder \u2013 ab 3 Jahren<\/p>\n<p>Spielerisch das Schneiden lernen<\/p>\n<p>Schneiden mag einfach erscheinen, ist aber eine wichtige F\u00e4higkeit f\u00fcr die Entwicklung der Feinmotorik, Konzentration und Hand-Augen-Koordination. Mit dem Set \u201eIch lerne schneiden\u201c k\u00f6nnen Kinder sicher und mit Spa\u00df \u00fcben. Die fr\u00f6hlich bunten Schneideb\u00f6gen machen die Aktivit\u00e4t besonders unterhaltsam und sorgen sofort f\u00fcr ein sch\u00f6nes Ergebnis.<\/p>\n<p>Inhalt der Verpackung<\/p>\n<p>1 kindersichere Schere<\/p>\n<p>16 bunte Bastelb\u00f6gen<\/p>\n<p>Warum SES Creative w\u00e4hlen?<\/p>\n<p>SES Creative stellt seit \u00fcber 50 Jahren kreatives und p\u00e4dagogisches Spielzeug her, das Kindern hilft, neue F\u00e4higkeiten zu entdecken. Dieses Set entspricht den Montessori-Prinzipien: selbst entdecken, spielerisch lernen und sicher \u00fcben.<\/p>\n<p>Beginnen Sie noch heute mit dem Schneiden<\/p>\n<p>Vermitteln Sie Ihrem Kind die Freude und die Fertigkeiten des Bastelns.<br \/>\nBestellen Sie jetzt das SES Creative \u2013 Ich lerne schneiden und entdecken Sie, wie viel Spa\u00df und Sicherheit das Schneiden machen kann!<\/p>\n","protected":false},"excerpt":{"rendered":"<p>Mit dem Set \u201eIch lerne schneiden\u201c von SES Creative wird das Schneiden sicher und macht Spa\u00df. Dieses speziell entwickelte Set hilft Kindern ab 3 Jahren, ihre ersten Erfahrungen mit dem Schneiden auf verantwortungsvolle Weise zu sammeln. Dank der sicheren Schere, die nur Papier schneidet, und den fr\u00f6hlichen Schneideb\u00f6gen entdecken Kinder Schritt f\u00fcr Schritt, wie viel [&hellip;]<\/p>\n","protected":false},"featured_media":104756,"comment_status":"closed","ping_status":"closed","template":"","meta":{"_acf_changed":false},"product_brand":[],"product_cat":[115],"product_tag":[],"class_list":{"0":"post-114817","1":"product","2":"type-product","3":"status-publish","4":"has-post-thumbnail","6":"product_cat-basteln","7":"pa_leeftijd-filter-3-4-jahre","8":"pa_meest-populair-bij-jungen-maedchen","10":"first","11":"instock","12":"shipping-taxable","13":"product-type-simple"},"acf":[],"yoast_head":"<!-- This site is optimized with the Yoast SEO plugin v27.2 - https:\/\/yoast.com\/product\/yoast-seo-wordpress\/ -->\n<title>Ich lerne schneiden - SES Creative<\/title>\n<meta name=\"robots\" content=\"index, follow, max-snippet:-1, max-image-preview:large, max-video-preview:-1\" \/>\n<link rel=\"canonical\" href=\"https:\/\/ses-creative.com\/de\/produkt\/ich-lerne-schneiden\/\" \/>\n<meta property=\"og:locale\" content=\"de_DE\" \/>\n<meta property=\"og:type\" content=\"article\" \/>\n<meta property=\"og:title\" content=\"Ich lerne schneiden - SES Creative\" \/>\n<meta property=\"og:description\" content=\"Mit dem Set \u201eIch lerne schneiden\u201c von SES Creative wird das Schneiden sicher und macht Spa\u00df. Dieses speziell entwickelte Set hilft Kindern ab 3 Jahren, ihre ersten Erfahrungen mit dem Schneiden auf verantwortungsvolle Weise zu sammeln. Dank der sicheren Schere, die nur Papier schneidet, und den fr\u00f6hlichen Schneideb\u00f6gen entdecken Kinder Schritt f\u00fcr Schritt, wie viel [&hellip;]\" \/>\n<meta property=\"og:url\" content=\"https:\/\/ses-creative.com\/de\/produkt\/ich-lerne-schneiden\/\" \/>\n<meta property=\"og:site_name\" content=\"SES Creative\" \/>\n<meta property=\"article:modified_time\" content=\"2026-02-06T09:51:49+00:00\" \/>\n<meta name=\"twitter:card\" content=\"summary_large_image\" \/>\n<meta name=\"twitter:label1\" content=\"Gesch\u00e4tzte Lesezeit\" \/>\n\t<meta name=\"twitter:data1\" content=\"1\u00a0Minute\" \/>\n<script type=\"application\/ld+json\" class=\"yoast-schema-graph\">{\"@context\":\"https:\/\/schema.org\",\"@graph\":[{\"@type\":\"WebPage\",\"@id\":\"https:\/\/ses-creative.com\/de\/produkt\/ich-lerne-schneiden\/\",\"url\":\"https:\/\/ses-creative.com\/de\/produkt\/ich-lerne-schneiden\/\",\"name\":\"Ich lerne schneiden - SES Creative\",\"isPartOf\":{\"@id\":\"https:\/\/ses-creative.com\/#website\"},\"primaryImageOfPage\":{\"@id\":\"https:\/\/ses-creative.com\/de\/produkt\/ich-lerne-schneiden\/#primaryimage\"},\"image\":{\"@id\":\"https:\/\/ses-creative.com\/de\/produkt\/ich-lerne-schneiden\/#primaryimage\"},\"thumbnailUrl\":\"https:\/\/ses-creative.com\/wp-content\/uploads\/2026\/01\/148091.jpg\",\"datePublished\":\"2026-02-05T13:52:58+00:00\",\"dateModified\":\"2026-02-06T09:51:49+00:00\",\"breadcrumb\":{\"@id\":\"https:\/\/ses-creative.com\/de\/produkt\/ich-lerne-schneiden\/#breadcrumb\"},\"inLanguage\":\"de\",\"potentialAction\":[{\"@type\":\"ReadAction\",\"target\":[\"https:\/\/ses-creative.com\/de\/produkt\/ich-lerne-schneiden\/\"]}]},{\"@type\":\"ImageObject\",\"inLanguage\":\"de\",\"@id\":\"https:\/\/ses-creative.com\/de\/produkt\/ich-lerne-schneiden\/#primaryimage\",\"url\":\"https:\/\/ses-creative.com\/wp-content\/uploads\/2026\/01\/148091.jpg\",\"contentUrl\":\"https:\/\/ses-creative.com\/wp-content\/uploads\/2026\/01\/148091.jpg\",\"width\":1000,\"height\":1000},{\"@type\":\"BreadcrumbList\",\"@id\":\"https:\/\/ses-creative.com\/de\/produkt\/ich-lerne-schneiden\/#breadcrumb\",\"itemListElement\":[{\"@type\":\"ListItem\",\"position\":1,\"name\":\"Shop\",\"item\":\"https:\/\/ses-creative.com\/de\/shop\/\"},{\"@type\":\"ListItem\",\"position\":2,\"name\":\"Basteln\",\"item\":\"https:\/\/ses-creative.com\/de\/product-categorie\/basteln\/\"},{\"@type\":\"ListItem\",\"position\":3,\"name\":\"Ich lerne schneiden\"}]},{\"@type\":\"WebSite\",\"@id\":\"https:\/\/ses-creative.com\/#website\",\"url\":\"https:\/\/ses-creative.com\/\",\"name\":\"SES Creative\",\"description\":\"\",\"publisher\":{\"@id\":\"https:\/\/ses-creative.com\/#organization\"},\"potentialAction\":[{\"@type\":\"SearchAction\",\"target\":{\"@type\":\"EntryPoint\",\"urlTemplate\":\"https:\/\/ses-creative.com\/?s={search_term_string}\"},\"query-input\":{\"@type\":\"PropertyValueSpecification\",\"valueRequired\":true,\"valueName\":\"search_term_string\"}}],\"inLanguage\":\"de\"},{\"@type\":\"Organization\",\"@id\":\"https:\/\/ses-creative.com\/#organization\",\"name\":\"SES Creative\",\"url\":\"https:\/\/ses-creative.com\/\",\"logo\":{\"@type\":\"ImageObject\",\"inLanguage\":\"de\",\"@id\":\"https:\/\/ses-creative.com\/#\/schema\/logo\/image\/\",\"url\":\"https:\/\/ses-creative.com\/wp-content\/uploads\/2025\/10\/ses-creative-logo.jpg\",\"contentUrl\":\"https:\/\/ses-creative.com\/wp-content\/uploads\/2025\/10\/ses-creative-logo.jpg\",\"width\":2037,\"height\":2037,\"caption\":\"SES Creative\"},\"image\":{\"@id\":\"https:\/\/ses-creative.com\/#\/schema\/logo\/image\/\"}}]}<\/script>\n<!-- \/ Yoast SEO plugin. -->","yoast_head_json":{"title":"Ich lerne schneiden - SES Creative","robots":{"index":"index","follow":"follow","max-snippet":"max-snippet:-1","max-image-preview":"max-image-preview:large","max-video-preview":"max-video-preview:-1"},"canonical":"https:\/\/ses-creative.com\/de\/produkt\/ich-lerne-schneiden\/","og_locale":"de_DE","og_type":"article","og_title":"Ich lerne schneiden - SES Creative","og_description":"Mit dem Set \u201eIch lerne schneiden\u201c von SES Creative wird das Schneiden sicher und macht Spa\u00df. Dieses speziell entwickelte Set hilft Kindern ab 3 Jahren, ihre ersten Erfahrungen mit dem Schneiden auf verantwortungsvolle Weise zu sammeln. Dank der sicheren Schere, die nur Papier schneidet, und den fr\u00f6hlichen Schneideb\u00f6gen entdecken Kinder Schritt f\u00fcr Schritt, wie viel [&hellip;]","og_url":"https:\/\/ses-creative.com\/de\/produkt\/ich-lerne-schneiden\/","og_site_name":"SES Creative","article_modified_time":"2026-02-06T09:51:49+00:00","twitter_card":"summary_large_image","twitter_misc":{"Gesch\u00e4tzte Lesezeit":"1\u00a0Minute"},"schema":{"@context":"https:\/\/schema.org","@graph":[{"@type":"WebPage","@id":"https:\/\/ses-creative.com\/de\/produkt\/ich-lerne-schneiden\/","url":"https:\/\/ses-creative.com\/de\/produkt\/ich-lerne-schneiden\/","name":"Ich lerne schneiden - SES Creative","isPartOf":{"@id":"https:\/\/ses-creative.com\/#website"},"primaryImageOfPage":{"@id":"https:\/\/ses-creative.com\/de\/produkt\/ich-lerne-schneiden\/#primaryimage"},"image":{"@id":"https:\/\/ses-creative.com\/de\/produkt\/ich-lerne-schneiden\/#primaryimage"},"thumbnailUrl":"https:\/\/ses-creative.com\/wp-content\/uploads\/2026\/01\/148091.jpg","datePublished":"2026-02-05T13:52:58+00:00","dateModified":"2026-02-06T09:51:49+00:00","breadcrumb":{"@id":"https:\/\/ses-creative.com\/de\/produkt\/ich-lerne-schneiden\/#breadcrumb"},"inLanguage":"de","potentialAction":[{"@type":"ReadAction","target":["https:\/\/ses-creative.com\/de\/produkt\/ich-lerne-schneiden\/"]}]},{"@type":"ImageObject","inLanguage":"de","@id":"https:\/\/ses-creative.com\/de\/produkt\/ich-lerne-schneiden\/#primaryimage","url":"https:\/\/ses-creative.com\/wp-content\/uploads\/2026\/01\/148091.jpg","contentUrl":"https:\/\/ses-creative.com\/wp-content\/uploads\/2026\/01\/148091.jpg","width":1000,"height":1000},{"@type":"BreadcrumbList","@id":"https:\/\/ses-creative.com\/de\/produkt\/ich-lerne-schneiden\/#breadcrumb","itemListElement":[{"@type":"ListItem","position":1,"name":"Shop","item":"https:\/\/ses-creative.com\/de\/shop\/"},{"@type":"ListItem","position":2,"name":"Basteln","item":"https:\/\/ses-creative.com\/de\/product-categorie\/basteln\/"},{"@type":"ListItem","position":3,"name":"Ich lerne schneiden"}]},{"@type":"WebSite","@id":"https:\/\/ses-creative.com\/#website","url":"https:\/\/ses-creative.com\/","name":"SES Creative","description":"","publisher":{"@id":"https:\/\/ses-creative.com\/#organization"},"potentialAction":[{"@type":"SearchAction","target":{"@type":"EntryPoint","urlTemplate":"https:\/\/ses-creative.com\/?s={search_term_string}"},"query-input":{"@type":"PropertyValueSpecification","valueRequired":true,"valueName":"search_term_string"}}],"inLanguage":"de"},{"@type":"Organization","@id":"https:\/\/ses-creative.com\/#organization","name":"SES Creative","url":"https:\/\/ses-creative.com\/","logo":{"@type":"ImageObject","inLanguage":"de","@id":"https:\/\/ses-creative.com\/#\/schema\/logo\/image\/","url":"https:\/\/ses-creative.com\/wp-content\/uploads\/2025\/10\/ses-creative-logo.jpg","contentUrl":"https:\/\/ses-creative.com\/wp-content\/uploads\/2025\/10\/ses-creative-logo.jpg","width":2037,"height":2037,"caption":"SES Creative"},"image":{"@id":"https:\/\/ses-creative.com\/#\/schema\/logo\/image\/"}}]}},"_links":{"self":[{"href":"https:\/\/ses-creative.com\/de\/wp-json\/wp\/v2\/product\/114817","targetHints":{"allow":["GET"]}}],"collection":[{"href":"https:\/\/ses-creative.com\/de\/wp-json\/wp\/v2\/product"}],"about":[{"href":"https:\/\/ses-creative.com\/de\/wp-json\/wp\/v2\/types\/product"}],"replies":[{"embeddable":true,"href":"https:\/\/ses-creative.com\/de\/wp-json\/wp\/v2\/comments?post=114817"}],"wp:featuredmedia":[{"embeddable":true,"href":"https:\/\/ses-creative.com\/de\/wp-json\/wp\/v2\/media\/104756"}],"wp:attachment":[{"href":"https:\/\/ses-creative.com\/de\/wp-json\/wp\/v2\/media?parent=114817"}],"wp:term":[{"taxonomy":"product_brand","embeddable":true,"href":"https:\/\/ses-creative.com\/de\/wp-json\/wp\/v2\/product_brand?post=114817"},{"taxonomy":"product_cat","embeddable":true,"href":"https:\/\/ses-creative.com\/de\/wp-json\/wp\/v2\/product_cat?post=114817"},{"taxonomy":"product_tag","embeddable":true,"href":"https:\/\/ses-creative.com\/de\/wp-json\/wp\/v2\/product_tag?post=114817"}],"curies":[{"name":"wp","href":"https:\/\/api.w.org\/{rel}","templated":true}]}}