











{"id":114815,"date":"2026-02-05T13:52:58","date_gmt":"2026-02-05T13:52:58","guid":{"rendered":"https:\/\/ses-creative.com\/?post_type=product&#038;p=114815"},"modified":"2026-02-06T09:51:48","modified_gmt":"2026-02-06T09:51:48","slug":"pompon-freunde","status":"publish","type":"product","link":"https:\/\/ses-creative.com\/de\/produkt\/pompon-freunde\/","title":{"rendered":"Pompon-Freunde"},"content":{"rendered":"<p>Gestalte deine eigenen flauschigen Freunde!<\/p>\n<p>Mit dem Bastelset Pompon-Freunde von SES Creative k\u00f6nnen Kinder ab 3 Jahren sechs niedliche Tiere aus Pompons basteln. Mit bunten Pompons, Filzst\u00fccken und glitzernden Sticker-Augen entstehen die sch\u00f6nsten Kreationen \u2013 von K\u00e4tzchen bis zu H\u00e4schen.<\/p>\n<p>Inhalt der Verpackung<\/p>\n<p>6 bunte Pompons (gelb, blau, orange, rosa, wei\u00df und lila)<\/p>\n<p>Filzst\u00fccke (Ohren, Nasen, F\u00fc\u00dfe und Schw\u00e4nze)<\/p>\n<p>Kleber und Pinsel<\/p>\n<p>Aufkleberaugen<\/p>\n<p>Einzigartige Eigenschaften<\/p>\n<p>Erstelle 6 flauschige Tierfreunde<\/p>\n<p>Niedliche, weiche Materialien in fr\u00f6hlichen Farben<\/p>\n<p>Alles, was Sie brauchen, ist enthalten \u2013 keine Vorkenntnisse erforderlich<\/p>\n<p>F\u00f6rdert Fantasie, Feinmotorik und Kreativit\u00e4t<\/p>\n<p>Geeignet ab 3 Jahren<\/p>\n<p>Warum das perfekt ist<\/p>\n<p>Das Pompon-Freunde-Set verbindet Bastelspa\u00df mit fantasievollem Spielen. Kinder basteln ihre eigenen Tierchen und entwickeln spielerisch ihre Kreativit\u00e4t.<\/p>\n<p>Los geht&#8217;s mit deinen flauschigen Freunden!<\/p>\n<p>Entdecke die Magie der Pompons und bastle noch heute deine eigenen fr\u00f6hlichen Tierfreunde mit SES Creative.<\/p>\n","protected":false},"excerpt":{"rendered":"<p>Gestalte deine eigenen flauschigen Freunde! Mit dem Bastelset Pompon-Freunde von SES Creative k\u00f6nnen Kinder ab 3 Jahren sechs niedliche Tiere aus Pompons basteln. Mit bunten Pompons, Filzst\u00fccken und glitzernden Sticker-Augen entstehen die sch\u00f6nsten Kreationen \u2013 von K\u00e4tzchen bis zu H\u00e4schen. Inhalt der Verpackung 6 bunte Pompons (gelb, blau, orange, rosa, wei\u00df und lila) Filzst\u00fccke (Ohren, [&hellip;]<\/p>\n","protected":false},"featured_media":104716,"comment_status":"closed","ping_status":"closed","template":"","meta":{"_acf_changed":false},"product_brand":[],"product_cat":[115],"product_tag":[],"class_list":{"0":"post-114815","1":"product","2":"type-product","3":"status-publish","4":"has-post-thumbnail","6":"product_cat-basteln","7":"pa_leeftijd-filter-3-4-jahre","8":"pa_meest-populair-bij-jungen-maedchen","10":"first","11":"instock","12":"shipping-taxable","13":"product-type-simple"},"acf":[],"yoast_head":"<!-- This site is optimized with the Yoast SEO plugin v27.2 - https:\/\/yoast.com\/product\/yoast-seo-wordpress\/ -->\n<title>Pompon-Freunde - SES Creative<\/title>\n<meta name=\"robots\" content=\"index, follow, max-snippet:-1, max-image-preview:large, max-video-preview:-1\" \/>\n<link rel=\"canonical\" href=\"https:\/\/ses-creative.com\/de\/produkt\/pompon-freunde\/\" \/>\n<meta property=\"og:locale\" content=\"de_DE\" \/>\n<meta property=\"og:type\" content=\"article\" \/>\n<meta property=\"og:title\" content=\"Pompon-Freunde - SES Creative\" \/>\n<meta property=\"og:description\" content=\"Gestalte deine eigenen flauschigen Freunde! Mit dem Bastelset Pompon-Freunde von SES Creative k\u00f6nnen Kinder ab 3 Jahren sechs niedliche Tiere aus Pompons basteln. Mit bunten Pompons, Filzst\u00fccken und glitzernden Sticker-Augen entstehen die sch\u00f6nsten Kreationen \u2013 von K\u00e4tzchen bis zu H\u00e4schen. Inhalt der Verpackung 6 bunte Pompons (gelb, blau, orange, rosa, wei\u00df und lila) Filzst\u00fccke (Ohren, [&hellip;]\" \/>\n<meta property=\"og:url\" content=\"https:\/\/ses-creative.com\/de\/produkt\/pompon-freunde\/\" \/>\n<meta property=\"og:site_name\" content=\"SES Creative\" \/>\n<meta property=\"article:modified_time\" content=\"2026-02-06T09:51:48+00:00\" \/>\n<meta name=\"twitter:card\" content=\"summary_large_image\" \/>\n<meta name=\"twitter:label1\" content=\"Gesch\u00e4tzte Lesezeit\" \/>\n\t<meta name=\"twitter:data1\" content=\"1\u00a0Minute\" \/>\n<script type=\"application\/ld+json\" class=\"yoast-schema-graph\">{\"@context\":\"https:\/\/schema.org\",\"@graph\":[{\"@type\":\"WebPage\",\"@id\":\"https:\/\/ses-creative.com\/de\/produkt\/pompon-freunde\/\",\"url\":\"https:\/\/ses-creative.com\/de\/produkt\/pompon-freunde\/\",\"name\":\"Pompon-Freunde - SES Creative\",\"isPartOf\":{\"@id\":\"https:\/\/ses-creative.com\/#website\"},\"primaryImageOfPage\":{\"@id\":\"https:\/\/ses-creative.com\/de\/produkt\/pompon-freunde\/#primaryimage\"},\"image\":{\"@id\":\"https:\/\/ses-creative.com\/de\/produkt\/pompon-freunde\/#primaryimage\"},\"thumbnailUrl\":\"https:\/\/ses-creative.com\/wp-content\/uploads\/2026\/01\/147891.jpg\",\"datePublished\":\"2026-02-05T13:52:58+00:00\",\"dateModified\":\"2026-02-06T09:51:48+00:00\",\"breadcrumb\":{\"@id\":\"https:\/\/ses-creative.com\/de\/produkt\/pompon-freunde\/#breadcrumb\"},\"inLanguage\":\"de\",\"potentialAction\":[{\"@type\":\"ReadAction\",\"target\":[\"https:\/\/ses-creative.com\/de\/produkt\/pompon-freunde\/\"]}]},{\"@type\":\"ImageObject\",\"inLanguage\":\"de\",\"@id\":\"https:\/\/ses-creative.com\/de\/produkt\/pompon-freunde\/#primaryimage\",\"url\":\"https:\/\/ses-creative.com\/wp-content\/uploads\/2026\/01\/147891.jpg\",\"contentUrl\":\"https:\/\/ses-creative.com\/wp-content\/uploads\/2026\/01\/147891.jpg\",\"width\":1000,\"height\":1000},{\"@type\":\"BreadcrumbList\",\"@id\":\"https:\/\/ses-creative.com\/de\/produkt\/pompon-freunde\/#breadcrumb\",\"itemListElement\":[{\"@type\":\"ListItem\",\"position\":1,\"name\":\"Shop\",\"item\":\"https:\/\/ses-creative.com\/de\/shop\/\"},{\"@type\":\"ListItem\",\"position\":2,\"name\":\"Basteln\",\"item\":\"https:\/\/ses-creative.com\/de\/product-categorie\/basteln\/\"},{\"@type\":\"ListItem\",\"position\":3,\"name\":\"Pompon-Freunde\"}]},{\"@type\":\"WebSite\",\"@id\":\"https:\/\/ses-creative.com\/#website\",\"url\":\"https:\/\/ses-creative.com\/\",\"name\":\"SES Creative\",\"description\":\"\",\"publisher\":{\"@id\":\"https:\/\/ses-creative.com\/#organization\"},\"potentialAction\":[{\"@type\":\"SearchAction\",\"target\":{\"@type\":\"EntryPoint\",\"urlTemplate\":\"https:\/\/ses-creative.com\/?s={search_term_string}\"},\"query-input\":{\"@type\":\"PropertyValueSpecification\",\"valueRequired\":true,\"valueName\":\"search_term_string\"}}],\"inLanguage\":\"de\"},{\"@type\":\"Organization\",\"@id\":\"https:\/\/ses-creative.com\/#organization\",\"name\":\"SES Creative\",\"url\":\"https:\/\/ses-creative.com\/\",\"logo\":{\"@type\":\"ImageObject\",\"inLanguage\":\"de\",\"@id\":\"https:\/\/ses-creative.com\/#\/schema\/logo\/image\/\",\"url\":\"https:\/\/ses-creative.com\/wp-content\/uploads\/2025\/10\/ses-creative-logo.jpg\",\"contentUrl\":\"https:\/\/ses-creative.com\/wp-content\/uploads\/2025\/10\/ses-creative-logo.jpg\",\"width\":2037,\"height\":2037,\"caption\":\"SES Creative\"},\"image\":{\"@id\":\"https:\/\/ses-creative.com\/#\/schema\/logo\/image\/\"}}]}<\/script>\n<!-- \/ Yoast SEO plugin. -->","yoast_head_json":{"title":"Pompon-Freunde - SES Creative","robots":{"index":"index","follow":"follow","max-snippet":"max-snippet:-1","max-image-preview":"max-image-preview:large","max-video-preview":"max-video-preview:-1"},"canonical":"https:\/\/ses-creative.com\/de\/produkt\/pompon-freunde\/","og_locale":"de_DE","og_type":"article","og_title":"Pompon-Freunde - SES Creative","og_description":"Gestalte deine eigenen flauschigen Freunde! Mit dem Bastelset Pompon-Freunde von SES Creative k\u00f6nnen Kinder ab 3 Jahren sechs niedliche Tiere aus Pompons basteln. Mit bunten Pompons, Filzst\u00fccken und glitzernden Sticker-Augen entstehen die sch\u00f6nsten Kreationen \u2013 von K\u00e4tzchen bis zu H\u00e4schen. Inhalt der Verpackung 6 bunte Pompons (gelb, blau, orange, rosa, wei\u00df und lila) Filzst\u00fccke (Ohren, [&hellip;]","og_url":"https:\/\/ses-creative.com\/de\/produkt\/pompon-freunde\/","og_site_name":"SES Creative","article_modified_time":"2026-02-06T09:51:48+00:00","twitter_card":"summary_large_image","twitter_misc":{"Gesch\u00e4tzte Lesezeit":"1\u00a0Minute"},"schema":{"@context":"https:\/\/schema.org","@graph":[{"@type":"WebPage","@id":"https:\/\/ses-creative.com\/de\/produkt\/pompon-freunde\/","url":"https:\/\/ses-creative.com\/de\/produkt\/pompon-freunde\/","name":"Pompon-Freunde - SES Creative","isPartOf":{"@id":"https:\/\/ses-creative.com\/#website"},"primaryImageOfPage":{"@id":"https:\/\/ses-creative.com\/de\/produkt\/pompon-freunde\/#primaryimage"},"image":{"@id":"https:\/\/ses-creative.com\/de\/produkt\/pompon-freunde\/#primaryimage"},"thumbnailUrl":"https:\/\/ses-creative.com\/wp-content\/uploads\/2026\/01\/147891.jpg","datePublished":"2026-02-05T13:52:58+00:00","dateModified":"2026-02-06T09:51:48+00:00","breadcrumb":{"@id":"https:\/\/ses-creative.com\/de\/produkt\/pompon-freunde\/#breadcrumb"},"inLanguage":"de","potentialAction":[{"@type":"ReadAction","target":["https:\/\/ses-creative.com\/de\/produkt\/pompon-freunde\/"]}]},{"@type":"ImageObject","inLanguage":"de","@id":"https:\/\/ses-creative.com\/de\/produkt\/pompon-freunde\/#primaryimage","url":"https:\/\/ses-creative.com\/wp-content\/uploads\/2026\/01\/147891.jpg","contentUrl":"https:\/\/ses-creative.com\/wp-content\/uploads\/2026\/01\/147891.jpg","width":1000,"height":1000},{"@type":"BreadcrumbList","@id":"https:\/\/ses-creative.com\/de\/produkt\/pompon-freunde\/#breadcrumb","itemListElement":[{"@type":"ListItem","position":1,"name":"Shop","item":"https:\/\/ses-creative.com\/de\/shop\/"},{"@type":"ListItem","position":2,"name":"Basteln","item":"https:\/\/ses-creative.com\/de\/product-categorie\/basteln\/"},{"@type":"ListItem","position":3,"name":"Pompon-Freunde"}]},{"@type":"WebSite","@id":"https:\/\/ses-creative.com\/#website","url":"https:\/\/ses-creative.com\/","name":"SES Creative","description":"","publisher":{"@id":"https:\/\/ses-creative.com\/#organization"},"potentialAction":[{"@type":"SearchAction","target":{"@type":"EntryPoint","urlTemplate":"https:\/\/ses-creative.com\/?s={search_term_string}"},"query-input":{"@type":"PropertyValueSpecification","valueRequired":true,"valueName":"search_term_string"}}],"inLanguage":"de"},{"@type":"Organization","@id":"https:\/\/ses-creative.com\/#organization","name":"SES Creative","url":"https:\/\/ses-creative.com\/","logo":{"@type":"ImageObject","inLanguage":"de","@id":"https:\/\/ses-creative.com\/#\/schema\/logo\/image\/","url":"https:\/\/ses-creative.com\/wp-content\/uploads\/2025\/10\/ses-creative-logo.jpg","contentUrl":"https:\/\/ses-creative.com\/wp-content\/uploads\/2025\/10\/ses-creative-logo.jpg","width":2037,"height":2037,"caption":"SES Creative"},"image":{"@id":"https:\/\/ses-creative.com\/#\/schema\/logo\/image\/"}}]}},"_links":{"self":[{"href":"https:\/\/ses-creative.com\/de\/wp-json\/wp\/v2\/product\/114815","targetHints":{"allow":["GET"]}}],"collection":[{"href":"https:\/\/ses-creative.com\/de\/wp-json\/wp\/v2\/product"}],"about":[{"href":"https:\/\/ses-creative.com\/de\/wp-json\/wp\/v2\/types\/product"}],"replies":[{"embeddable":true,"href":"https:\/\/ses-creative.com\/de\/wp-json\/wp\/v2\/comments?post=114815"}],"wp:featuredmedia":[{"embeddable":true,"href":"https:\/\/ses-creative.com\/de\/wp-json\/wp\/v2\/media\/104716"}],"wp:attachment":[{"href":"https:\/\/ses-creative.com\/de\/wp-json\/wp\/v2\/media?parent=114815"}],"wp:term":[{"taxonomy":"product_brand","embeddable":true,"href":"https:\/\/ses-creative.com\/de\/wp-json\/wp\/v2\/product_brand?post=114815"},{"taxonomy":"product_cat","embeddable":true,"href":"https:\/\/ses-creative.com\/de\/wp-json\/wp\/v2\/product_cat?post=114815"},{"taxonomy":"product_tag","embeddable":true,"href":"https:\/\/ses-creative.com\/de\/wp-json\/wp\/v2\/product_tag?post=114815"}],"curies":[{"name":"wp","href":"https:\/\/api.w.org\/{rel}","templated":true}]}}