











{"id":114814,"date":"2026-02-05T13:52:58","date_gmt":"2026-02-05T13:52:58","guid":{"rendered":"https:\/\/ses-creative.com\/?post_type=product&#038;p=114814"},"modified":"2026-02-06T09:51:48","modified_gmt":"2026-02-06T09:51:48","slug":"spiraldesigner","status":"publish","type":"product","link":"https:\/\/ses-creative.com\/de\/produkt\/spiraldesigner\/","title":{"rendered":"Spiraldesigner"},"content":{"rendered":"<p>Entdecken Sie kreativen Spa\u00df mit dem Holzspiraldesigner!<\/p>\n<p>Mit dem Holz-Spiral-Designer von SES Creative k\u00f6nnen Kinder ganz einfach wundersch\u00f6ne Spiralmuster gestalten. Das Set enth\u00e4lt 5 Holzr\u00e4der, mit denen mehr als 40 einzigartige Spiralen entworfen werden k\u00f6nnen. Dank der 6 bunten Filzstifte, 2 Metern Zeichenpapier und 60 Glitzerstickern k\u00f6nnen junge K\u00fcnstler endlos variieren.<\/p>\n<p>Inhalt der Verpackung<\/p>\n<p>5 Holzspiralr\u00e4der<\/p>\n<p>6 Filzstifte in verschiedenen Farben<\/p>\n<p>2 Meter langes Zeichenpapier<\/p>\n<p>60 Glitzeraufkleber<\/p>\n<p>Einzigartige Eigenschaften<\/p>\n<p>Entwerfen Sie mehr als 40 einzigartige Spiralen<\/p>\n<p>Stabile Holzr\u00e4der f\u00fcr langlebigen Gebrauch<\/p>\n<p>Inklusive Stifte und Papier, damit Sie sofort loslegen k\u00f6nnen<\/p>\n<p>F\u00f6rdert Kreativit\u00e4t, Feinmotorik und Konzentration<\/p>\n<p>Perfekt f\u00fcr Kinder ab 5 Jahren<\/p>\n<p>Warum das perfekt ist<\/p>\n<p>Mit dem Holz-Spiral-Designer wird Zeichnen zu einem magischen Erlebnis. Die Muster sind jedes Mal anders und bieten stundenlangen kreativen Spielspa\u00df.<\/p>\n<p>Bereit zum Zeichnen?<\/p>\n<p>Nehmen Sie den Holz-Spiraldesigner zur Hand und entdecken Sie, wie viel Spa\u00df es macht, selbst wundersch\u00f6ne Spiralen zu gestalten!<\/p>\n","protected":false},"excerpt":{"rendered":"<p>Entdecken Sie kreativen Spa\u00df mit dem Holzspiraldesigner! Mit dem Holz-Spiral-Designer von SES Creative k\u00f6nnen Kinder ganz einfach wundersch\u00f6ne Spiralmuster gestalten. Das Set enth\u00e4lt 5 Holzr\u00e4der, mit denen mehr als 40 einzigartige Spiralen entworfen werden k\u00f6nnen. Dank der 6 bunten Filzstifte, 2 Metern Zeichenpapier und 60 Glitzerstickern k\u00f6nnen junge K\u00fcnstler endlos variieren. Inhalt der Verpackung 5 [&hellip;]<\/p>\n","protected":false},"featured_media":104696,"comment_status":"closed","ping_status":"closed","template":"","meta":{"_acf_changed":false},"product_brand":[],"product_cat":[115],"product_tag":[],"class_list":{"0":"post-114814","1":"product","2":"type-product","3":"status-publish","4":"has-post-thumbnail","6":"product_cat-basteln","7":"pa_leeftijd-filter-4-6-jahre","8":"pa_meest-populair-bij-jungen-maedchen","10":"first","11":"instock","12":"shipping-taxable","13":"product-type-simple"},"acf":[],"yoast_head":"<!-- This site is optimized with the Yoast SEO plugin v27.2 - https:\/\/yoast.com\/product\/yoast-seo-wordpress\/ -->\n<title>Spiraldesigner - SES Creative<\/title>\n<meta name=\"robots\" content=\"index, follow, max-snippet:-1, max-image-preview:large, max-video-preview:-1\" \/>\n<link rel=\"canonical\" href=\"https:\/\/ses-creative.com\/de\/produkt\/spiraldesigner\/\" \/>\n<meta property=\"og:locale\" content=\"de_DE\" \/>\n<meta property=\"og:type\" content=\"article\" \/>\n<meta property=\"og:title\" content=\"Spiraldesigner - SES Creative\" \/>\n<meta property=\"og:description\" content=\"Entdecken Sie kreativen Spa\u00df mit dem Holzspiraldesigner! Mit dem Holz-Spiral-Designer von SES Creative k\u00f6nnen Kinder ganz einfach wundersch\u00f6ne Spiralmuster gestalten. Das Set enth\u00e4lt 5 Holzr\u00e4der, mit denen mehr als 40 einzigartige Spiralen entworfen werden k\u00f6nnen. Dank der 6 bunten Filzstifte, 2 Metern Zeichenpapier und 60 Glitzerstickern k\u00f6nnen junge K\u00fcnstler endlos variieren. Inhalt der Verpackung 5 [&hellip;]\" \/>\n<meta property=\"og:url\" content=\"https:\/\/ses-creative.com\/de\/produkt\/spiraldesigner\/\" \/>\n<meta property=\"og:site_name\" content=\"SES Creative\" \/>\n<meta property=\"article:modified_time\" content=\"2026-02-06T09:51:48+00:00\" \/>\n<meta name=\"twitter:card\" content=\"summary_large_image\" \/>\n<meta name=\"twitter:label1\" content=\"Gesch\u00e4tzte Lesezeit\" \/>\n\t<meta name=\"twitter:data1\" content=\"1\u00a0Minute\" \/>\n<script type=\"application\/ld+json\" class=\"yoast-schema-graph\">{\"@context\":\"https:\/\/schema.org\",\"@graph\":[{\"@type\":\"WebPage\",\"@id\":\"https:\/\/ses-creative.com\/de\/produkt\/spiraldesigner\/\",\"url\":\"https:\/\/ses-creative.com\/de\/produkt\/spiraldesigner\/\",\"name\":\"Spiraldesigner - SES Creative\",\"isPartOf\":{\"@id\":\"https:\/\/ses-creative.com\/#website\"},\"primaryImageOfPage\":{\"@id\":\"https:\/\/ses-creative.com\/de\/produkt\/spiraldesigner\/#primaryimage\"},\"image\":{\"@id\":\"https:\/\/ses-creative.com\/de\/produkt\/spiraldesigner\/#primaryimage\"},\"thumbnailUrl\":\"https:\/\/ses-creative.com\/wp-content\/uploads\/2026\/01\/147881.jpg\",\"datePublished\":\"2026-02-05T13:52:58+00:00\",\"dateModified\":\"2026-02-06T09:51:48+00:00\",\"breadcrumb\":{\"@id\":\"https:\/\/ses-creative.com\/de\/produkt\/spiraldesigner\/#breadcrumb\"},\"inLanguage\":\"de\",\"potentialAction\":[{\"@type\":\"ReadAction\",\"target\":[\"https:\/\/ses-creative.com\/de\/produkt\/spiraldesigner\/\"]}]},{\"@type\":\"ImageObject\",\"inLanguage\":\"de\",\"@id\":\"https:\/\/ses-creative.com\/de\/produkt\/spiraldesigner\/#primaryimage\",\"url\":\"https:\/\/ses-creative.com\/wp-content\/uploads\/2026\/01\/147881.jpg\",\"contentUrl\":\"https:\/\/ses-creative.com\/wp-content\/uploads\/2026\/01\/147881.jpg\",\"width\":1000,\"height\":1000},{\"@type\":\"BreadcrumbList\",\"@id\":\"https:\/\/ses-creative.com\/de\/produkt\/spiraldesigner\/#breadcrumb\",\"itemListElement\":[{\"@type\":\"ListItem\",\"position\":1,\"name\":\"Shop\",\"item\":\"https:\/\/ses-creative.com\/de\/shop\/\"},{\"@type\":\"ListItem\",\"position\":2,\"name\":\"Basteln\",\"item\":\"https:\/\/ses-creative.com\/de\/product-categorie\/basteln\/\"},{\"@type\":\"ListItem\",\"position\":3,\"name\":\"Spiraldesigner\"}]},{\"@type\":\"WebSite\",\"@id\":\"https:\/\/ses-creative.com\/#website\",\"url\":\"https:\/\/ses-creative.com\/\",\"name\":\"SES Creative\",\"description\":\"\",\"publisher\":{\"@id\":\"https:\/\/ses-creative.com\/#organization\"},\"potentialAction\":[{\"@type\":\"SearchAction\",\"target\":{\"@type\":\"EntryPoint\",\"urlTemplate\":\"https:\/\/ses-creative.com\/?s={search_term_string}\"},\"query-input\":{\"@type\":\"PropertyValueSpecification\",\"valueRequired\":true,\"valueName\":\"search_term_string\"}}],\"inLanguage\":\"de\"},{\"@type\":\"Organization\",\"@id\":\"https:\/\/ses-creative.com\/#organization\",\"name\":\"SES Creative\",\"url\":\"https:\/\/ses-creative.com\/\",\"logo\":{\"@type\":\"ImageObject\",\"inLanguage\":\"de\",\"@id\":\"https:\/\/ses-creative.com\/#\/schema\/logo\/image\/\",\"url\":\"https:\/\/ses-creative.com\/wp-content\/uploads\/2025\/10\/ses-creative-logo.jpg\",\"contentUrl\":\"https:\/\/ses-creative.com\/wp-content\/uploads\/2025\/10\/ses-creative-logo.jpg\",\"width\":2037,\"height\":2037,\"caption\":\"SES Creative\"},\"image\":{\"@id\":\"https:\/\/ses-creative.com\/#\/schema\/logo\/image\/\"}}]}<\/script>\n<!-- \/ Yoast SEO plugin. -->","yoast_head_json":{"title":"Spiraldesigner - SES Creative","robots":{"index":"index","follow":"follow","max-snippet":"max-snippet:-1","max-image-preview":"max-image-preview:large","max-video-preview":"max-video-preview:-1"},"canonical":"https:\/\/ses-creative.com\/de\/produkt\/spiraldesigner\/","og_locale":"de_DE","og_type":"article","og_title":"Spiraldesigner - SES Creative","og_description":"Entdecken Sie kreativen Spa\u00df mit dem Holzspiraldesigner! Mit dem Holz-Spiral-Designer von SES Creative k\u00f6nnen Kinder ganz einfach wundersch\u00f6ne Spiralmuster gestalten. Das Set enth\u00e4lt 5 Holzr\u00e4der, mit denen mehr als 40 einzigartige Spiralen entworfen werden k\u00f6nnen. Dank der 6 bunten Filzstifte, 2 Metern Zeichenpapier und 60 Glitzerstickern k\u00f6nnen junge K\u00fcnstler endlos variieren. Inhalt der Verpackung 5 [&hellip;]","og_url":"https:\/\/ses-creative.com\/de\/produkt\/spiraldesigner\/","og_site_name":"SES Creative","article_modified_time":"2026-02-06T09:51:48+00:00","twitter_card":"summary_large_image","twitter_misc":{"Gesch\u00e4tzte Lesezeit":"1\u00a0Minute"},"schema":{"@context":"https:\/\/schema.org","@graph":[{"@type":"WebPage","@id":"https:\/\/ses-creative.com\/de\/produkt\/spiraldesigner\/","url":"https:\/\/ses-creative.com\/de\/produkt\/spiraldesigner\/","name":"Spiraldesigner - SES Creative","isPartOf":{"@id":"https:\/\/ses-creative.com\/#website"},"primaryImageOfPage":{"@id":"https:\/\/ses-creative.com\/de\/produkt\/spiraldesigner\/#primaryimage"},"image":{"@id":"https:\/\/ses-creative.com\/de\/produkt\/spiraldesigner\/#primaryimage"},"thumbnailUrl":"https:\/\/ses-creative.com\/wp-content\/uploads\/2026\/01\/147881.jpg","datePublished":"2026-02-05T13:52:58+00:00","dateModified":"2026-02-06T09:51:48+00:00","breadcrumb":{"@id":"https:\/\/ses-creative.com\/de\/produkt\/spiraldesigner\/#breadcrumb"},"inLanguage":"de","potentialAction":[{"@type":"ReadAction","target":["https:\/\/ses-creative.com\/de\/produkt\/spiraldesigner\/"]}]},{"@type":"ImageObject","inLanguage":"de","@id":"https:\/\/ses-creative.com\/de\/produkt\/spiraldesigner\/#primaryimage","url":"https:\/\/ses-creative.com\/wp-content\/uploads\/2026\/01\/147881.jpg","contentUrl":"https:\/\/ses-creative.com\/wp-content\/uploads\/2026\/01\/147881.jpg","width":1000,"height":1000},{"@type":"BreadcrumbList","@id":"https:\/\/ses-creative.com\/de\/produkt\/spiraldesigner\/#breadcrumb","itemListElement":[{"@type":"ListItem","position":1,"name":"Shop","item":"https:\/\/ses-creative.com\/de\/shop\/"},{"@type":"ListItem","position":2,"name":"Basteln","item":"https:\/\/ses-creative.com\/de\/product-categorie\/basteln\/"},{"@type":"ListItem","position":3,"name":"Spiraldesigner"}]},{"@type":"WebSite","@id":"https:\/\/ses-creative.com\/#website","url":"https:\/\/ses-creative.com\/","name":"SES Creative","description":"","publisher":{"@id":"https:\/\/ses-creative.com\/#organization"},"potentialAction":[{"@type":"SearchAction","target":{"@type":"EntryPoint","urlTemplate":"https:\/\/ses-creative.com\/?s={search_term_string}"},"query-input":{"@type":"PropertyValueSpecification","valueRequired":true,"valueName":"search_term_string"}}],"inLanguage":"de"},{"@type":"Organization","@id":"https:\/\/ses-creative.com\/#organization","name":"SES Creative","url":"https:\/\/ses-creative.com\/","logo":{"@type":"ImageObject","inLanguage":"de","@id":"https:\/\/ses-creative.com\/#\/schema\/logo\/image\/","url":"https:\/\/ses-creative.com\/wp-content\/uploads\/2025\/10\/ses-creative-logo.jpg","contentUrl":"https:\/\/ses-creative.com\/wp-content\/uploads\/2025\/10\/ses-creative-logo.jpg","width":2037,"height":2037,"caption":"SES Creative"},"image":{"@id":"https:\/\/ses-creative.com\/#\/schema\/logo\/image\/"}}]}},"_links":{"self":[{"href":"https:\/\/ses-creative.com\/de\/wp-json\/wp\/v2\/product\/114814","targetHints":{"allow":["GET"]}}],"collection":[{"href":"https:\/\/ses-creative.com\/de\/wp-json\/wp\/v2\/product"}],"about":[{"href":"https:\/\/ses-creative.com\/de\/wp-json\/wp\/v2\/types\/product"}],"replies":[{"embeddable":true,"href":"https:\/\/ses-creative.com\/de\/wp-json\/wp\/v2\/comments?post=114814"}],"wp:featuredmedia":[{"embeddable":true,"href":"https:\/\/ses-creative.com\/de\/wp-json\/wp\/v2\/media\/104696"}],"wp:attachment":[{"href":"https:\/\/ses-creative.com\/de\/wp-json\/wp\/v2\/media?parent=114814"}],"wp:term":[{"taxonomy":"product_brand","embeddable":true,"href":"https:\/\/ses-creative.com\/de\/wp-json\/wp\/v2\/product_brand?post=114814"},{"taxonomy":"product_cat","embeddable":true,"href":"https:\/\/ses-creative.com\/de\/wp-json\/wp\/v2\/product_cat?post=114814"},{"taxonomy":"product_tag","embeddable":true,"href":"https:\/\/ses-creative.com\/de\/wp-json\/wp\/v2\/product_tag?post=114814"}],"curies":[{"name":"wp","href":"https:\/\/api.w.org\/{rel}","templated":true}]}}