











{"id":114810,"date":"2026-02-05T13:52:57","date_gmt":"2026-02-05T13:52:57","guid":{"rendered":"https:\/\/ses-creative.com\/?post_type=product&#038;p=114810"},"modified":"2026-02-06T09:51:48","modified_gmt":"2026-02-06T09:51:48","slug":"galaxy-schmuckperlen-set","status":"publish","type":"product","link":"https:\/\/ses-creative.com\/de\/produkt\/galaxy-schmuckperlen-set\/","title":{"rendered":"Galaxy-Schmuckperlen-Set"},"content":{"rendered":"<p>Galaxy \u2013 Schmuckset<\/p>\n<p>Entwerfen Sie au\u00dfergew\u00f6hnlichen Schmuck mit dem Galaxy Schmuckset von SES Creative! Dieses bezaubernde Perlenset, inspiriert von der Galaxie, enth\u00e4lt Glow-in-the-Dark-Perlen und magische Einhorn-Anh\u00e4nger. Perfekt f\u00fcr Kinder ab 3 Jahren, die gerne kreativ sind und ihre eigenen einzigartigen Accessoires herstellen m\u00f6chten.<\/p>\n<p>Was dieses Set so toll macht<\/p>\n<p>Im Dunkeln leuchtende sternf\u00f6rmige Perlen, die im Dunkeln leuchten<br \/>\nEnth\u00e4lt 4 Einhorn-Galaxie-Anh\u00e4nger f\u00fcr einen magischen Touch<br \/>\nPerlenartige Perlen in wundersch\u00f6nen Galaxie-Farben<br \/>\nTransparenter und blauer elastischer Faden zum einfachen Auff\u00e4deln<br \/>\nF\u00f6rdert Kreativit\u00e4t, Feinmotorik und fantasievolles Spielen<\/p>\n<p>Kreieren Sie Schmuck, der wie die Sterne strahlt<br \/>\nMit dem Galaxy-Schmuckset k\u00f6nnen Sie Armb\u00e4nder und Halsketten herstellen, die wirklich auffallen. Kombinieren Sie die funkelnden Perlen und Anh\u00e4nger, um Designs zu kreieren, die ganz zu Ihnen passen. Ob Sie sich f\u00fcr farbenfrohe, auff\u00e4llige Kreationen oder dezente, funkelnde Accessoires entscheiden, dieses Set bietet unendliche M\u00f6glichkeiten.<\/p>\n<p>Inhalt des Sets<\/p>\n<p>Aufbewahrungsbox mit 12 F\u00e4chern<br \/>\nGlow-in-the-dark-Perlen in Sternform<br \/>\nPerlen in Galaxie-Farben<br \/>\n4 Einhorn-Galaxie-Anh\u00e4nger<br \/>\nTransparenter elastischer Faden<br \/>\nBlauer elastischer Faden<\/p>\n<p>Warum SES Creative w\u00e4hlen<br \/>\nBei SES Creative legen wir gro\u00dfen Wert auf Sicherheit. Deshalb werden die Produkte in unserem Werk in den Niederlanden nach den strengsten europ\u00e4ischen Sicherheitsnormen hergestellt und getestet. Spielzeug von SES Creative sorgt f\u00fcr Spa\u00df und soll Kindern ein Gef\u00fchl des Stolzes auf ihre Arbeit vermitteln, was ihre Kreativit\u00e4t und Entwicklung f\u00f6rdert.<\/p>\n<p>Beginnen Sie noch heute mit Ihrem galaktischen Schmuck<br \/>\nLassen Sie Ihrer Kreativit\u00e4t freien Lauf und entwerfen Sie Schmuck, der nicht von dieser Welt ist!<\/p>\n","protected":false},"excerpt":{"rendered":"<p>Galaxy \u2013 Schmuckset Entwerfen Sie au\u00dfergew\u00f6hnlichen Schmuck mit dem Galaxy Schmuckset von SES Creative! Dieses bezaubernde Perlenset, inspiriert von der Galaxie, enth\u00e4lt Glow-in-the-Dark-Perlen und magische Einhorn-Anh\u00e4nger. Perfekt f\u00fcr Kinder ab 3 Jahren, die gerne kreativ sind und ihre eigenen einzigartigen Accessoires herstellen m\u00f6chten. Was dieses Set so toll macht Im Dunkeln leuchtende sternf\u00f6rmige Perlen, die [&hellip;]<\/p>\n","protected":false},"featured_media":104636,"comment_status":"closed","ping_status":"closed","template":"","meta":{"_acf_changed":false},"product_brand":[],"product_cat":[115],"product_tag":[],"class_list":{"0":"post-114810","1":"product","2":"type-product","3":"status-publish","4":"has-post-thumbnail","6":"product_cat-basteln","7":"pa_leeftijd-filter-3-4-jahre","8":"pa_meest-populair-bij-maedchen","10":"first","11":"instock","12":"shipping-taxable","13":"product-type-simple"},"acf":[],"yoast_head":"<!-- This site is optimized with the Yoast SEO plugin v27.2 - https:\/\/yoast.com\/product\/yoast-seo-wordpress\/ -->\n<title>Galaxy-Schmuckperlen-Set - SES Creative<\/title>\n<meta name=\"robots\" content=\"index, follow, max-snippet:-1, max-image-preview:large, max-video-preview:-1\" \/>\n<link rel=\"canonical\" href=\"https:\/\/ses-creative.com\/de\/produkt\/galaxy-schmuckperlen-set\/\" \/>\n<meta property=\"og:locale\" content=\"de_DE\" \/>\n<meta property=\"og:type\" content=\"article\" \/>\n<meta property=\"og:title\" content=\"Galaxy-Schmuckperlen-Set - SES Creative\" \/>\n<meta property=\"og:description\" content=\"Galaxy \u2013 Schmuckset Entwerfen Sie au\u00dfergew\u00f6hnlichen Schmuck mit dem Galaxy Schmuckset von SES Creative! Dieses bezaubernde Perlenset, inspiriert von der Galaxie, enth\u00e4lt Glow-in-the-Dark-Perlen und magische Einhorn-Anh\u00e4nger. Perfekt f\u00fcr Kinder ab 3 Jahren, die gerne kreativ sind und ihre eigenen einzigartigen Accessoires herstellen m\u00f6chten. Was dieses Set so toll macht Im Dunkeln leuchtende sternf\u00f6rmige Perlen, die [&hellip;]\" \/>\n<meta property=\"og:url\" content=\"https:\/\/ses-creative.com\/de\/produkt\/galaxy-schmuckperlen-set\/\" \/>\n<meta property=\"og:site_name\" content=\"SES Creative\" \/>\n<meta property=\"article:modified_time\" content=\"2026-02-06T09:51:48+00:00\" \/>\n<meta name=\"twitter:card\" content=\"summary_large_image\" \/>\n<meta name=\"twitter:label1\" content=\"Gesch\u00e4tzte Lesezeit\" \/>\n\t<meta name=\"twitter:data1\" content=\"1\u00a0Minute\" \/>\n<script type=\"application\/ld+json\" class=\"yoast-schema-graph\">{\"@context\":\"https:\/\/schema.org\",\"@graph\":[{\"@type\":\"WebPage\",\"@id\":\"https:\/\/ses-creative.com\/de\/produkt\/galaxy-schmuckperlen-set\/\",\"url\":\"https:\/\/ses-creative.com\/de\/produkt\/galaxy-schmuckperlen-set\/\",\"name\":\"Galaxy-Schmuckperlen-Set - SES Creative\",\"isPartOf\":{\"@id\":\"https:\/\/ses-creative.com\/#website\"},\"primaryImageOfPage\":{\"@id\":\"https:\/\/ses-creative.com\/de\/produkt\/galaxy-schmuckperlen-set\/#primaryimage\"},\"image\":{\"@id\":\"https:\/\/ses-creative.com\/de\/produkt\/galaxy-schmuckperlen-set\/#primaryimage\"},\"thumbnailUrl\":\"https:\/\/ses-creative.com\/wp-content\/uploads\/2026\/01\/147731.jpg\",\"datePublished\":\"2026-02-05T13:52:57+00:00\",\"dateModified\":\"2026-02-06T09:51:48+00:00\",\"breadcrumb\":{\"@id\":\"https:\/\/ses-creative.com\/de\/produkt\/galaxy-schmuckperlen-set\/#breadcrumb\"},\"inLanguage\":\"de\",\"potentialAction\":[{\"@type\":\"ReadAction\",\"target\":[\"https:\/\/ses-creative.com\/de\/produkt\/galaxy-schmuckperlen-set\/\"]}]},{\"@type\":\"ImageObject\",\"inLanguage\":\"de\",\"@id\":\"https:\/\/ses-creative.com\/de\/produkt\/galaxy-schmuckperlen-set\/#primaryimage\",\"url\":\"https:\/\/ses-creative.com\/wp-content\/uploads\/2026\/01\/147731.jpg\",\"contentUrl\":\"https:\/\/ses-creative.com\/wp-content\/uploads\/2026\/01\/147731.jpg\",\"width\":1000,\"height\":1000},{\"@type\":\"BreadcrumbList\",\"@id\":\"https:\/\/ses-creative.com\/de\/produkt\/galaxy-schmuckperlen-set\/#breadcrumb\",\"itemListElement\":[{\"@type\":\"ListItem\",\"position\":1,\"name\":\"Shop\",\"item\":\"https:\/\/ses-creative.com\/de\/shop\/\"},{\"@type\":\"ListItem\",\"position\":2,\"name\":\"Basteln\",\"item\":\"https:\/\/ses-creative.com\/de\/product-categorie\/basteln\/\"},{\"@type\":\"ListItem\",\"position\":3,\"name\":\"Galaxy-Schmuckperlen-Set\"}]},{\"@type\":\"WebSite\",\"@id\":\"https:\/\/ses-creative.com\/#website\",\"url\":\"https:\/\/ses-creative.com\/\",\"name\":\"SES Creative\",\"description\":\"\",\"publisher\":{\"@id\":\"https:\/\/ses-creative.com\/#organization\"},\"potentialAction\":[{\"@type\":\"SearchAction\",\"target\":{\"@type\":\"EntryPoint\",\"urlTemplate\":\"https:\/\/ses-creative.com\/?s={search_term_string}\"},\"query-input\":{\"@type\":\"PropertyValueSpecification\",\"valueRequired\":true,\"valueName\":\"search_term_string\"}}],\"inLanguage\":\"de\"},{\"@type\":\"Organization\",\"@id\":\"https:\/\/ses-creative.com\/#organization\",\"name\":\"SES Creative\",\"url\":\"https:\/\/ses-creative.com\/\",\"logo\":{\"@type\":\"ImageObject\",\"inLanguage\":\"de\",\"@id\":\"https:\/\/ses-creative.com\/#\/schema\/logo\/image\/\",\"url\":\"https:\/\/ses-creative.com\/wp-content\/uploads\/2025\/10\/ses-creative-logo.jpg\",\"contentUrl\":\"https:\/\/ses-creative.com\/wp-content\/uploads\/2025\/10\/ses-creative-logo.jpg\",\"width\":2037,\"height\":2037,\"caption\":\"SES Creative\"},\"image\":{\"@id\":\"https:\/\/ses-creative.com\/#\/schema\/logo\/image\/\"}}]}<\/script>\n<!-- \/ Yoast SEO plugin. -->","yoast_head_json":{"title":"Galaxy-Schmuckperlen-Set - SES Creative","robots":{"index":"index","follow":"follow","max-snippet":"max-snippet:-1","max-image-preview":"max-image-preview:large","max-video-preview":"max-video-preview:-1"},"canonical":"https:\/\/ses-creative.com\/de\/produkt\/galaxy-schmuckperlen-set\/","og_locale":"de_DE","og_type":"article","og_title":"Galaxy-Schmuckperlen-Set - SES Creative","og_description":"Galaxy \u2013 Schmuckset Entwerfen Sie au\u00dfergew\u00f6hnlichen Schmuck mit dem Galaxy Schmuckset von SES Creative! Dieses bezaubernde Perlenset, inspiriert von der Galaxie, enth\u00e4lt Glow-in-the-Dark-Perlen und magische Einhorn-Anh\u00e4nger. Perfekt f\u00fcr Kinder ab 3 Jahren, die gerne kreativ sind und ihre eigenen einzigartigen Accessoires herstellen m\u00f6chten. Was dieses Set so toll macht Im Dunkeln leuchtende sternf\u00f6rmige Perlen, die [&hellip;]","og_url":"https:\/\/ses-creative.com\/de\/produkt\/galaxy-schmuckperlen-set\/","og_site_name":"SES Creative","article_modified_time":"2026-02-06T09:51:48+00:00","twitter_card":"summary_large_image","twitter_misc":{"Gesch\u00e4tzte Lesezeit":"1\u00a0Minute"},"schema":{"@context":"https:\/\/schema.org","@graph":[{"@type":"WebPage","@id":"https:\/\/ses-creative.com\/de\/produkt\/galaxy-schmuckperlen-set\/","url":"https:\/\/ses-creative.com\/de\/produkt\/galaxy-schmuckperlen-set\/","name":"Galaxy-Schmuckperlen-Set - SES Creative","isPartOf":{"@id":"https:\/\/ses-creative.com\/#website"},"primaryImageOfPage":{"@id":"https:\/\/ses-creative.com\/de\/produkt\/galaxy-schmuckperlen-set\/#primaryimage"},"image":{"@id":"https:\/\/ses-creative.com\/de\/produkt\/galaxy-schmuckperlen-set\/#primaryimage"},"thumbnailUrl":"https:\/\/ses-creative.com\/wp-content\/uploads\/2026\/01\/147731.jpg","datePublished":"2026-02-05T13:52:57+00:00","dateModified":"2026-02-06T09:51:48+00:00","breadcrumb":{"@id":"https:\/\/ses-creative.com\/de\/produkt\/galaxy-schmuckperlen-set\/#breadcrumb"},"inLanguage":"de","potentialAction":[{"@type":"ReadAction","target":["https:\/\/ses-creative.com\/de\/produkt\/galaxy-schmuckperlen-set\/"]}]},{"@type":"ImageObject","inLanguage":"de","@id":"https:\/\/ses-creative.com\/de\/produkt\/galaxy-schmuckperlen-set\/#primaryimage","url":"https:\/\/ses-creative.com\/wp-content\/uploads\/2026\/01\/147731.jpg","contentUrl":"https:\/\/ses-creative.com\/wp-content\/uploads\/2026\/01\/147731.jpg","width":1000,"height":1000},{"@type":"BreadcrumbList","@id":"https:\/\/ses-creative.com\/de\/produkt\/galaxy-schmuckperlen-set\/#breadcrumb","itemListElement":[{"@type":"ListItem","position":1,"name":"Shop","item":"https:\/\/ses-creative.com\/de\/shop\/"},{"@type":"ListItem","position":2,"name":"Basteln","item":"https:\/\/ses-creative.com\/de\/product-categorie\/basteln\/"},{"@type":"ListItem","position":3,"name":"Galaxy-Schmuckperlen-Set"}]},{"@type":"WebSite","@id":"https:\/\/ses-creative.com\/#website","url":"https:\/\/ses-creative.com\/","name":"SES Creative","description":"","publisher":{"@id":"https:\/\/ses-creative.com\/#organization"},"potentialAction":[{"@type":"SearchAction","target":{"@type":"EntryPoint","urlTemplate":"https:\/\/ses-creative.com\/?s={search_term_string}"},"query-input":{"@type":"PropertyValueSpecification","valueRequired":true,"valueName":"search_term_string"}}],"inLanguage":"de"},{"@type":"Organization","@id":"https:\/\/ses-creative.com\/#organization","name":"SES Creative","url":"https:\/\/ses-creative.com\/","logo":{"@type":"ImageObject","inLanguage":"de","@id":"https:\/\/ses-creative.com\/#\/schema\/logo\/image\/","url":"https:\/\/ses-creative.com\/wp-content\/uploads\/2025\/10\/ses-creative-logo.jpg","contentUrl":"https:\/\/ses-creative.com\/wp-content\/uploads\/2025\/10\/ses-creative-logo.jpg","width":2037,"height":2037,"caption":"SES Creative"},"image":{"@id":"https:\/\/ses-creative.com\/#\/schema\/logo\/image\/"}}]}},"_links":{"self":[{"href":"https:\/\/ses-creative.com\/de\/wp-json\/wp\/v2\/product\/114810","targetHints":{"allow":["GET"]}}],"collection":[{"href":"https:\/\/ses-creative.com\/de\/wp-json\/wp\/v2\/product"}],"about":[{"href":"https:\/\/ses-creative.com\/de\/wp-json\/wp\/v2\/types\/product"}],"replies":[{"embeddable":true,"href":"https:\/\/ses-creative.com\/de\/wp-json\/wp\/v2\/comments?post=114810"}],"wp:featuredmedia":[{"embeddable":true,"href":"https:\/\/ses-creative.com\/de\/wp-json\/wp\/v2\/media\/104636"}],"wp:attachment":[{"href":"https:\/\/ses-creative.com\/de\/wp-json\/wp\/v2\/media?parent=114810"}],"wp:term":[{"taxonomy":"product_brand","embeddable":true,"href":"https:\/\/ses-creative.com\/de\/wp-json\/wp\/v2\/product_brand?post=114810"},{"taxonomy":"product_cat","embeddable":true,"href":"https:\/\/ses-creative.com\/de\/wp-json\/wp\/v2\/product_cat?post=114810"},{"taxonomy":"product_tag","embeddable":true,"href":"https:\/\/ses-creative.com\/de\/wp-json\/wp\/v2\/product_tag?post=114810"}],"curies":[{"name":"wp","href":"https:\/\/api.w.org\/{rel}","templated":true}]}}