











{"id":114809,"date":"2026-02-05T13:52:57","date_gmt":"2026-02-05T13:52:57","guid":{"rendered":"https:\/\/ses-creative.com\/?post_type=product&#038;p=114809"},"modified":"2026-02-06T09:51:48","modified_gmt":"2026-02-06T09:51:48","slug":"galaxy-sternenstaub-schmuck","status":"publish","type":"product","link":"https:\/\/ses-creative.com\/de\/produkt\/galaxy-sternenstaub-schmuck\/","title":{"rendered":"Galaxy-Sternenstaub-Schmuck"},"content":{"rendered":"<p>Galaxy \u2013 Stardust Schmuck<\/p>\n<p>Gestalte deine eigenen magischen Anh\u00e4nger mit dem Galaxy Stardust Schmuck-Set von SES Creative! Mische rote und blaue Farbe mit Glitzer in weicher Watte und beobachte, wie ein wundersch\u00f6ner, geheimnisvoller Effekt entsteht. Verziere die Fl\u00e4schchen mit goldfarbenem Band, einem sternf\u00f6rmigen Anh\u00e4nger und verschlie\u00dfe sie mit einem echten Korken. Perfekt f\u00fcr Kinder ab 5 Jahren, die gerne basteln und Schmuck herstellen.<\/p>\n<p>Was dieses Set so toll macht<\/p>\n<p>Magischer Farbeffekt in 3 Fl\u00e4schchen mit sicherem Korkverschluss<br \/>\nErstellen Sie einzigartige Kombinationen, indem Sie Farbstoffe mischen<br \/>\nInklusive wundersch\u00f6nen Sternanh\u00e4ngern und Glitzerkleber<br \/>\nVerwenden Sie die Pipette f\u00fcr pr\u00e4zises Arbeiten<br \/>\nSpa\u00df beim Basteln und Tragen<\/p>\n<p>Gestalten Sie Ihren eigenen Galaxy-Schmuck<br \/>\nMit diesem Set entwirfst du drei wundersch\u00f6ne Anh\u00e4nger, die so einzigartig sind wie du selbst. Der kreative Prozess macht genauso viel Spa\u00df wie das Endergebnis, und der Schmuck eignet sich perfekt zum Tragen oder Verschenken.<\/p>\n<p>Inhalt des Sets<\/p>\n<p>3 Mini-Fl\u00e4schchen mit Korkverschluss<br \/>\n3 Stern-Anh\u00e4nger<br \/>\n3 Befestigungshaken<br \/>\n3 Befestigungs\u00f6sen<br \/>\nRote Lebensmittelfarbe (5 ml)<br \/>\nBlaue Lebensmittelfarbe (5 ml)<br \/>\nGlitzerkleber gold<br \/>\nWatteb\u00e4llchen<br \/>\nGoldfarbenes Band<br \/>\nPipette<br \/>\nAnleitung<\/p>\n<p>Warum SES Creative<br \/>\nBei SES Creative legen wir gro\u00dfen Wert auf Sicherheit. Deshalb werden die Produkte in unserem Werk in den Niederlanden nach den strengsten europ\u00e4ischen Sicherheitsnormen hergestellt und getestet. Spielzeug von SES Creative sorgt f\u00fcr Spa\u00df und soll Kindern ein Gef\u00fchl der Stolz auf ihre Arbeit vermitteln, was ihre Kreativit\u00e4t und Entwicklung f\u00f6rdert.<\/p>\n<p>Beginnen Sie noch heute mit Ihrem Stardust-Schmuck<br \/>\nLassen Sie Ihrer Kreativit\u00e4t freien Lauf und kreieren Sie magischen Schmuck, der alle begeistern wird!<\/p>\n","protected":false},"excerpt":{"rendered":"<p>Galaxy \u2013 Stardust Schmuck Gestalte deine eigenen magischen Anh\u00e4nger mit dem Galaxy Stardust Schmuck-Set von SES Creative! Mische rote und blaue Farbe mit Glitzer in weicher Watte und beobachte, wie ein wundersch\u00f6ner, geheimnisvoller Effekt entsteht. Verziere die Fl\u00e4schchen mit goldfarbenem Band, einem sternf\u00f6rmigen Anh\u00e4nger und verschlie\u00dfe sie mit einem echten Korken. Perfekt f\u00fcr Kinder ab [&hellip;]<\/p>\n","protected":false},"featured_media":104616,"comment_status":"closed","ping_status":"closed","template":"","meta":{"_acf_changed":false},"product_brand":[],"product_cat":[115],"product_tag":[],"class_list":{"0":"post-114809","1":"product","2":"type-product","3":"status-publish","4":"has-post-thumbnail","6":"product_cat-basteln","7":"pa_leeftijd-filter-4-6-jahre","8":"pa_meest-populair-bij-maedchen","10":"first","11":"instock","12":"shipping-taxable","13":"product-type-simple"},"acf":[],"yoast_head":"<!-- This site is optimized with the Yoast SEO plugin v27.2 - https:\/\/yoast.com\/product\/yoast-seo-wordpress\/ -->\n<title>Galaxy-Sternenstaub-Schmuck - SES Creative<\/title>\n<meta name=\"robots\" content=\"index, follow, max-snippet:-1, max-image-preview:large, max-video-preview:-1\" \/>\n<link rel=\"canonical\" href=\"https:\/\/ses-creative.com\/de\/produkt\/galaxy-sternenstaub-schmuck\/\" \/>\n<meta property=\"og:locale\" content=\"de_DE\" \/>\n<meta property=\"og:type\" content=\"article\" \/>\n<meta property=\"og:title\" content=\"Galaxy-Sternenstaub-Schmuck - SES Creative\" \/>\n<meta property=\"og:description\" content=\"Galaxy \u2013 Stardust Schmuck Gestalte deine eigenen magischen Anh\u00e4nger mit dem Galaxy Stardust Schmuck-Set von SES Creative! Mische rote und blaue Farbe mit Glitzer in weicher Watte und beobachte, wie ein wundersch\u00f6ner, geheimnisvoller Effekt entsteht. Verziere die Fl\u00e4schchen mit goldfarbenem Band, einem sternf\u00f6rmigen Anh\u00e4nger und verschlie\u00dfe sie mit einem echten Korken. Perfekt f\u00fcr Kinder ab [&hellip;]\" \/>\n<meta property=\"og:url\" content=\"https:\/\/ses-creative.com\/de\/produkt\/galaxy-sternenstaub-schmuck\/\" \/>\n<meta property=\"og:site_name\" content=\"SES Creative\" \/>\n<meta property=\"article:modified_time\" content=\"2026-02-06T09:51:48+00:00\" \/>\n<meta name=\"twitter:card\" content=\"summary_large_image\" \/>\n<meta name=\"twitter:label1\" content=\"Gesch\u00e4tzte Lesezeit\" \/>\n\t<meta name=\"twitter:data1\" content=\"1\u00a0Minute\" \/>\n<script type=\"application\/ld+json\" class=\"yoast-schema-graph\">{\"@context\":\"https:\/\/schema.org\",\"@graph\":[{\"@type\":\"WebPage\",\"@id\":\"https:\/\/ses-creative.com\/de\/produkt\/galaxy-sternenstaub-schmuck\/\",\"url\":\"https:\/\/ses-creative.com\/de\/produkt\/galaxy-sternenstaub-schmuck\/\",\"name\":\"Galaxy-Sternenstaub-Schmuck - SES Creative\",\"isPartOf\":{\"@id\":\"https:\/\/ses-creative.com\/#website\"},\"primaryImageOfPage\":{\"@id\":\"https:\/\/ses-creative.com\/de\/produkt\/galaxy-sternenstaub-schmuck\/#primaryimage\"},\"image\":{\"@id\":\"https:\/\/ses-creative.com\/de\/produkt\/galaxy-sternenstaub-schmuck\/#primaryimage\"},\"thumbnailUrl\":\"https:\/\/ses-creative.com\/wp-content\/uploads\/2026\/01\/147721.jpg\",\"datePublished\":\"2026-02-05T13:52:57+00:00\",\"dateModified\":\"2026-02-06T09:51:48+00:00\",\"breadcrumb\":{\"@id\":\"https:\/\/ses-creative.com\/de\/produkt\/galaxy-sternenstaub-schmuck\/#breadcrumb\"},\"inLanguage\":\"de\",\"potentialAction\":[{\"@type\":\"ReadAction\",\"target\":[\"https:\/\/ses-creative.com\/de\/produkt\/galaxy-sternenstaub-schmuck\/\"]}]},{\"@type\":\"ImageObject\",\"inLanguage\":\"de\",\"@id\":\"https:\/\/ses-creative.com\/de\/produkt\/galaxy-sternenstaub-schmuck\/#primaryimage\",\"url\":\"https:\/\/ses-creative.com\/wp-content\/uploads\/2026\/01\/147721.jpg\",\"contentUrl\":\"https:\/\/ses-creative.com\/wp-content\/uploads\/2026\/01\/147721.jpg\",\"width\":1000,\"height\":1000},{\"@type\":\"BreadcrumbList\",\"@id\":\"https:\/\/ses-creative.com\/de\/produkt\/galaxy-sternenstaub-schmuck\/#breadcrumb\",\"itemListElement\":[{\"@type\":\"ListItem\",\"position\":1,\"name\":\"Shop\",\"item\":\"https:\/\/ses-creative.com\/de\/shop\/\"},{\"@type\":\"ListItem\",\"position\":2,\"name\":\"Basteln\",\"item\":\"https:\/\/ses-creative.com\/de\/product-categorie\/basteln\/\"},{\"@type\":\"ListItem\",\"position\":3,\"name\":\"Galaxy-Sternenstaub-Schmuck\"}]},{\"@type\":\"WebSite\",\"@id\":\"https:\/\/ses-creative.com\/#website\",\"url\":\"https:\/\/ses-creative.com\/\",\"name\":\"SES Creative\",\"description\":\"\",\"publisher\":{\"@id\":\"https:\/\/ses-creative.com\/#organization\"},\"potentialAction\":[{\"@type\":\"SearchAction\",\"target\":{\"@type\":\"EntryPoint\",\"urlTemplate\":\"https:\/\/ses-creative.com\/?s={search_term_string}\"},\"query-input\":{\"@type\":\"PropertyValueSpecification\",\"valueRequired\":true,\"valueName\":\"search_term_string\"}}],\"inLanguage\":\"de\"},{\"@type\":\"Organization\",\"@id\":\"https:\/\/ses-creative.com\/#organization\",\"name\":\"SES Creative\",\"url\":\"https:\/\/ses-creative.com\/\",\"logo\":{\"@type\":\"ImageObject\",\"inLanguage\":\"de\",\"@id\":\"https:\/\/ses-creative.com\/#\/schema\/logo\/image\/\",\"url\":\"https:\/\/ses-creative.com\/wp-content\/uploads\/2025\/10\/ses-creative-logo.jpg\",\"contentUrl\":\"https:\/\/ses-creative.com\/wp-content\/uploads\/2025\/10\/ses-creative-logo.jpg\",\"width\":2037,\"height\":2037,\"caption\":\"SES Creative\"},\"image\":{\"@id\":\"https:\/\/ses-creative.com\/#\/schema\/logo\/image\/\"}}]}<\/script>\n<!-- \/ Yoast SEO plugin. -->","yoast_head_json":{"title":"Galaxy-Sternenstaub-Schmuck - SES Creative","robots":{"index":"index","follow":"follow","max-snippet":"max-snippet:-1","max-image-preview":"max-image-preview:large","max-video-preview":"max-video-preview:-1"},"canonical":"https:\/\/ses-creative.com\/de\/produkt\/galaxy-sternenstaub-schmuck\/","og_locale":"de_DE","og_type":"article","og_title":"Galaxy-Sternenstaub-Schmuck - SES Creative","og_description":"Galaxy \u2013 Stardust Schmuck Gestalte deine eigenen magischen Anh\u00e4nger mit dem Galaxy Stardust Schmuck-Set von SES Creative! Mische rote und blaue Farbe mit Glitzer in weicher Watte und beobachte, wie ein wundersch\u00f6ner, geheimnisvoller Effekt entsteht. Verziere die Fl\u00e4schchen mit goldfarbenem Band, einem sternf\u00f6rmigen Anh\u00e4nger und verschlie\u00dfe sie mit einem echten Korken. Perfekt f\u00fcr Kinder ab [&hellip;]","og_url":"https:\/\/ses-creative.com\/de\/produkt\/galaxy-sternenstaub-schmuck\/","og_site_name":"SES Creative","article_modified_time":"2026-02-06T09:51:48+00:00","twitter_card":"summary_large_image","twitter_misc":{"Gesch\u00e4tzte Lesezeit":"1\u00a0Minute"},"schema":{"@context":"https:\/\/schema.org","@graph":[{"@type":"WebPage","@id":"https:\/\/ses-creative.com\/de\/produkt\/galaxy-sternenstaub-schmuck\/","url":"https:\/\/ses-creative.com\/de\/produkt\/galaxy-sternenstaub-schmuck\/","name":"Galaxy-Sternenstaub-Schmuck - SES Creative","isPartOf":{"@id":"https:\/\/ses-creative.com\/#website"},"primaryImageOfPage":{"@id":"https:\/\/ses-creative.com\/de\/produkt\/galaxy-sternenstaub-schmuck\/#primaryimage"},"image":{"@id":"https:\/\/ses-creative.com\/de\/produkt\/galaxy-sternenstaub-schmuck\/#primaryimage"},"thumbnailUrl":"https:\/\/ses-creative.com\/wp-content\/uploads\/2026\/01\/147721.jpg","datePublished":"2026-02-05T13:52:57+00:00","dateModified":"2026-02-06T09:51:48+00:00","breadcrumb":{"@id":"https:\/\/ses-creative.com\/de\/produkt\/galaxy-sternenstaub-schmuck\/#breadcrumb"},"inLanguage":"de","potentialAction":[{"@type":"ReadAction","target":["https:\/\/ses-creative.com\/de\/produkt\/galaxy-sternenstaub-schmuck\/"]}]},{"@type":"ImageObject","inLanguage":"de","@id":"https:\/\/ses-creative.com\/de\/produkt\/galaxy-sternenstaub-schmuck\/#primaryimage","url":"https:\/\/ses-creative.com\/wp-content\/uploads\/2026\/01\/147721.jpg","contentUrl":"https:\/\/ses-creative.com\/wp-content\/uploads\/2026\/01\/147721.jpg","width":1000,"height":1000},{"@type":"BreadcrumbList","@id":"https:\/\/ses-creative.com\/de\/produkt\/galaxy-sternenstaub-schmuck\/#breadcrumb","itemListElement":[{"@type":"ListItem","position":1,"name":"Shop","item":"https:\/\/ses-creative.com\/de\/shop\/"},{"@type":"ListItem","position":2,"name":"Basteln","item":"https:\/\/ses-creative.com\/de\/product-categorie\/basteln\/"},{"@type":"ListItem","position":3,"name":"Galaxy-Sternenstaub-Schmuck"}]},{"@type":"WebSite","@id":"https:\/\/ses-creative.com\/#website","url":"https:\/\/ses-creative.com\/","name":"SES Creative","description":"","publisher":{"@id":"https:\/\/ses-creative.com\/#organization"},"potentialAction":[{"@type":"SearchAction","target":{"@type":"EntryPoint","urlTemplate":"https:\/\/ses-creative.com\/?s={search_term_string}"},"query-input":{"@type":"PropertyValueSpecification","valueRequired":true,"valueName":"search_term_string"}}],"inLanguage":"de"},{"@type":"Organization","@id":"https:\/\/ses-creative.com\/#organization","name":"SES Creative","url":"https:\/\/ses-creative.com\/","logo":{"@type":"ImageObject","inLanguage":"de","@id":"https:\/\/ses-creative.com\/#\/schema\/logo\/image\/","url":"https:\/\/ses-creative.com\/wp-content\/uploads\/2025\/10\/ses-creative-logo.jpg","contentUrl":"https:\/\/ses-creative.com\/wp-content\/uploads\/2025\/10\/ses-creative-logo.jpg","width":2037,"height":2037,"caption":"SES Creative"},"image":{"@id":"https:\/\/ses-creative.com\/#\/schema\/logo\/image\/"}}]}},"_links":{"self":[{"href":"https:\/\/ses-creative.com\/de\/wp-json\/wp\/v2\/product\/114809","targetHints":{"allow":["GET"]}}],"collection":[{"href":"https:\/\/ses-creative.com\/de\/wp-json\/wp\/v2\/product"}],"about":[{"href":"https:\/\/ses-creative.com\/de\/wp-json\/wp\/v2\/types\/product"}],"replies":[{"embeddable":true,"href":"https:\/\/ses-creative.com\/de\/wp-json\/wp\/v2\/comments?post=114809"}],"wp:featuredmedia":[{"embeddable":true,"href":"https:\/\/ses-creative.com\/de\/wp-json\/wp\/v2\/media\/104616"}],"wp:attachment":[{"href":"https:\/\/ses-creative.com\/de\/wp-json\/wp\/v2\/media?parent=114809"}],"wp:term":[{"taxonomy":"product_brand","embeddable":true,"href":"https:\/\/ses-creative.com\/de\/wp-json\/wp\/v2\/product_brand?post=114809"},{"taxonomy":"product_cat","embeddable":true,"href":"https:\/\/ses-creative.com\/de\/wp-json\/wp\/v2\/product_cat?post=114809"},{"taxonomy":"product_tag","embeddable":true,"href":"https:\/\/ses-creative.com\/de\/wp-json\/wp\/v2\/product_tag?post=114809"}],"curies":[{"name":"wp","href":"https:\/\/api.w.org\/{rel}","templated":true}]}}