











{"id":114808,"date":"2025-12-18T10:16:14","date_gmt":"2025-12-18T10:16:14","guid":{"rendered":"https:\/\/ses-creative.com\/?post_type=product&#038;p=114808"},"modified":"2026-02-06T09:51:48","modified_gmt":"2026-02-06T09:51:48","slug":"galaxy-sandmalerei-flacons-einhorn-und-regenbogen","status":"publish","type":"product","link":"https:\/\/ses-creative.com\/de\/produkt\/galaxy-sandmalerei-flacons-einhorn-und-regenbogen\/","title":{"rendered":"Galaxy Sandmalerei-Flacons Einhorn und Regenbogen"},"content":{"rendered":"<p>Mit dem Galaxy Sand Bastelset von SES Creative gestalten Kinder ab 5 Jahren zwei dekorative Flaschen in Einhorn- und Regenbogenform. Der farbige Sand ist einzeln verpackt, sodass viele kreative Muster m\u00f6glich sind. Mithilfe des Trichters k\u00f6nnen Kinder die Schichten selbst\u00e4ndig einf\u00fcllen \u2013 sauber und pr\u00e4zise. Verschlusskappen sichern die fertigen Werke, die als Deko oder Geschenk dienen. Enthalten sind: 2 Flaschen, 6 Beutel Farbsand, 1 Trichter und Verschlusskappen. F\u00f6rdert Motorik, Fantasie und Konzentration. Produziert CO\u2082-neutral und nach EU-Sicherheitsnormen.<\/p>\n","protected":false},"excerpt":{"rendered":"<p>Mit dem Galaxy Sand Bastelset von SES Creative gestalten Kinder ab 5 Jahren zwei dekorative Flaschen in Einhorn- und Regenbogenform. Der farbige Sand ist einzeln verpackt, sodass viele kreative Muster m\u00f6glich sind. Mithilfe des Trichters k\u00f6nnen Kinder die Schichten selbst\u00e4ndig einf\u00fcllen \u2013 sauber und pr\u00e4zise. Verschlusskappen sichern die fertigen Werke, die als Deko oder Geschenk [&hellip;]<\/p>\n","protected":false},"featured_media":95503,"comment_status":"open","ping_status":"closed","template":"","meta":{"_acf_changed":false},"product_brand":[],"product_cat":[115],"product_tag":[],"class_list":{"0":"post-114808","1":"product","2":"type-product","3":"status-publish","4":"has-post-thumbnail","6":"product_cat-basteln","7":"pa_leeftijd-filter-4-6-jahre","8":"pa_meest-populair-bij-maedchen","10":"first","11":"instock","12":"shipping-taxable","13":"product-type-simple"},"acf":[],"yoast_head":"<!-- This site is optimized with the Yoast SEO plugin v27.2 - https:\/\/yoast.com\/product\/yoast-seo-wordpress\/ -->\n<title>Galaxy Sandmalerei-Flacons Einhorn und Regenbogen - SES Creative<\/title>\n<meta name=\"robots\" content=\"index, follow, max-snippet:-1, max-image-preview:large, max-video-preview:-1\" \/>\n<link rel=\"canonical\" href=\"https:\/\/ses-creative.com\/de\/produkt\/galaxy-sandmalerei-flacons-einhorn-und-regenbogen\/\" \/>\n<meta property=\"og:locale\" content=\"de_DE\" \/>\n<meta property=\"og:type\" content=\"article\" \/>\n<meta property=\"og:title\" content=\"Galaxy Sandmalerei-Flacons Einhorn und Regenbogen - SES Creative\" \/>\n<meta property=\"og:description\" content=\"Mit dem Galaxy Sand Bastelset von SES Creative gestalten Kinder ab 5 Jahren zwei dekorative Flaschen in Einhorn- und Regenbogenform. Der farbige Sand ist einzeln verpackt, sodass viele kreative Muster m\u00f6glich sind. Mithilfe des Trichters k\u00f6nnen Kinder die Schichten selbst\u00e4ndig einf\u00fcllen \u2013 sauber und pr\u00e4zise. Verschlusskappen sichern die fertigen Werke, die als Deko oder Geschenk [&hellip;]\" \/>\n<meta property=\"og:url\" content=\"https:\/\/ses-creative.com\/de\/produkt\/galaxy-sandmalerei-flacons-einhorn-und-regenbogen\/\" \/>\n<meta property=\"og:site_name\" content=\"SES Creative\" \/>\n<meta property=\"article:modified_time\" content=\"2026-02-06T09:51:48+00:00\" \/>\n<meta name=\"twitter:card\" content=\"summary_large_image\" \/>\n<script type=\"application\/ld+json\" class=\"yoast-schema-graph\">{\"@context\":\"https:\/\/schema.org\",\"@graph\":[{\"@type\":\"WebPage\",\"@id\":\"https:\/\/ses-creative.com\/de\/produkt\/galaxy-sandmalerei-flacons-einhorn-und-regenbogen\/\",\"url\":\"https:\/\/ses-creative.com\/de\/produkt\/galaxy-sandmalerei-flacons-einhorn-und-regenbogen\/\",\"name\":\"Galaxy Sandmalerei-Flacons Einhorn und Regenbogen - SES Creative\",\"isPartOf\":{\"@id\":\"https:\/\/ses-creative.com\/#website\"},\"primaryImageOfPage\":{\"@id\":\"https:\/\/ses-creative.com\/de\/produkt\/galaxy-sandmalerei-flacons-einhorn-und-regenbogen\/#primaryimage\"},\"image\":{\"@id\":\"https:\/\/ses-creative.com\/de\/produkt\/galaxy-sandmalerei-flacons-einhorn-und-regenbogen\/#primaryimage\"},\"thumbnailUrl\":\"https:\/\/ses-creative.com\/wp-content\/uploads\/2026\/01\/147711.jpg\",\"datePublished\":\"2025-12-18T10:16:14+00:00\",\"dateModified\":\"2026-02-06T09:51:48+00:00\",\"breadcrumb\":{\"@id\":\"https:\/\/ses-creative.com\/de\/produkt\/galaxy-sandmalerei-flacons-einhorn-und-regenbogen\/#breadcrumb\"},\"inLanguage\":\"de\",\"potentialAction\":[{\"@type\":\"ReadAction\",\"target\":[\"https:\/\/ses-creative.com\/de\/produkt\/galaxy-sandmalerei-flacons-einhorn-und-regenbogen\/\"]}]},{\"@type\":\"ImageObject\",\"inLanguage\":\"de\",\"@id\":\"https:\/\/ses-creative.com\/de\/produkt\/galaxy-sandmalerei-flacons-einhorn-und-regenbogen\/#primaryimage\",\"url\":\"https:\/\/ses-creative.com\/wp-content\/uploads\/2026\/01\/147711.jpg\",\"contentUrl\":\"https:\/\/ses-creative.com\/wp-content\/uploads\/2026\/01\/147711.jpg\",\"width\":1000,\"height\":1000},{\"@type\":\"BreadcrumbList\",\"@id\":\"https:\/\/ses-creative.com\/de\/produkt\/galaxy-sandmalerei-flacons-einhorn-und-regenbogen\/#breadcrumb\",\"itemListElement\":[{\"@type\":\"ListItem\",\"position\":1,\"name\":\"Shop\",\"item\":\"https:\/\/ses-creative.com\/de\/shop\/\"},{\"@type\":\"ListItem\",\"position\":2,\"name\":\"Basteln\",\"item\":\"https:\/\/ses-creative.com\/de\/product-categorie\/basteln\/\"},{\"@type\":\"ListItem\",\"position\":3,\"name\":\"Galaxy Sandmalerei-Flacons Einhorn und Regenbogen\"}]},{\"@type\":\"WebSite\",\"@id\":\"https:\/\/ses-creative.com\/#website\",\"url\":\"https:\/\/ses-creative.com\/\",\"name\":\"SES Creative\",\"description\":\"\",\"publisher\":{\"@id\":\"https:\/\/ses-creative.com\/#organization\"},\"potentialAction\":[{\"@type\":\"SearchAction\",\"target\":{\"@type\":\"EntryPoint\",\"urlTemplate\":\"https:\/\/ses-creative.com\/?s={search_term_string}\"},\"query-input\":{\"@type\":\"PropertyValueSpecification\",\"valueRequired\":true,\"valueName\":\"search_term_string\"}}],\"inLanguage\":\"de\"},{\"@type\":\"Organization\",\"@id\":\"https:\/\/ses-creative.com\/#organization\",\"name\":\"SES Creative\",\"url\":\"https:\/\/ses-creative.com\/\",\"logo\":{\"@type\":\"ImageObject\",\"inLanguage\":\"de\",\"@id\":\"https:\/\/ses-creative.com\/#\/schema\/logo\/image\/\",\"url\":\"https:\/\/ses-creative.com\/wp-content\/uploads\/2025\/10\/ses-creative-logo.jpg\",\"contentUrl\":\"https:\/\/ses-creative.com\/wp-content\/uploads\/2025\/10\/ses-creative-logo.jpg\",\"width\":2037,\"height\":2037,\"caption\":\"SES Creative\"},\"image\":{\"@id\":\"https:\/\/ses-creative.com\/#\/schema\/logo\/image\/\"}}]}<\/script>\n<!-- \/ Yoast SEO plugin. -->","yoast_head_json":{"title":"Galaxy Sandmalerei-Flacons Einhorn und Regenbogen - SES Creative","robots":{"index":"index","follow":"follow","max-snippet":"max-snippet:-1","max-image-preview":"max-image-preview:large","max-video-preview":"max-video-preview:-1"},"canonical":"https:\/\/ses-creative.com\/de\/produkt\/galaxy-sandmalerei-flacons-einhorn-und-regenbogen\/","og_locale":"de_DE","og_type":"article","og_title":"Galaxy Sandmalerei-Flacons Einhorn und Regenbogen - SES Creative","og_description":"Mit dem Galaxy Sand Bastelset von SES Creative gestalten Kinder ab 5 Jahren zwei dekorative Flaschen in Einhorn- und Regenbogenform. Der farbige Sand ist einzeln verpackt, sodass viele kreative Muster m\u00f6glich sind. Mithilfe des Trichters k\u00f6nnen Kinder die Schichten selbst\u00e4ndig einf\u00fcllen \u2013 sauber und pr\u00e4zise. Verschlusskappen sichern die fertigen Werke, die als Deko oder Geschenk [&hellip;]","og_url":"https:\/\/ses-creative.com\/de\/produkt\/galaxy-sandmalerei-flacons-einhorn-und-regenbogen\/","og_site_name":"SES Creative","article_modified_time":"2026-02-06T09:51:48+00:00","twitter_card":"summary_large_image","schema":{"@context":"https:\/\/schema.org","@graph":[{"@type":"WebPage","@id":"https:\/\/ses-creative.com\/de\/produkt\/galaxy-sandmalerei-flacons-einhorn-und-regenbogen\/","url":"https:\/\/ses-creative.com\/de\/produkt\/galaxy-sandmalerei-flacons-einhorn-und-regenbogen\/","name":"Galaxy Sandmalerei-Flacons Einhorn und Regenbogen - SES Creative","isPartOf":{"@id":"https:\/\/ses-creative.com\/#website"},"primaryImageOfPage":{"@id":"https:\/\/ses-creative.com\/de\/produkt\/galaxy-sandmalerei-flacons-einhorn-und-regenbogen\/#primaryimage"},"image":{"@id":"https:\/\/ses-creative.com\/de\/produkt\/galaxy-sandmalerei-flacons-einhorn-und-regenbogen\/#primaryimage"},"thumbnailUrl":"https:\/\/ses-creative.com\/wp-content\/uploads\/2026\/01\/147711.jpg","datePublished":"2025-12-18T10:16:14+00:00","dateModified":"2026-02-06T09:51:48+00:00","breadcrumb":{"@id":"https:\/\/ses-creative.com\/de\/produkt\/galaxy-sandmalerei-flacons-einhorn-und-regenbogen\/#breadcrumb"},"inLanguage":"de","potentialAction":[{"@type":"ReadAction","target":["https:\/\/ses-creative.com\/de\/produkt\/galaxy-sandmalerei-flacons-einhorn-und-regenbogen\/"]}]},{"@type":"ImageObject","inLanguage":"de","@id":"https:\/\/ses-creative.com\/de\/produkt\/galaxy-sandmalerei-flacons-einhorn-und-regenbogen\/#primaryimage","url":"https:\/\/ses-creative.com\/wp-content\/uploads\/2026\/01\/147711.jpg","contentUrl":"https:\/\/ses-creative.com\/wp-content\/uploads\/2026\/01\/147711.jpg","width":1000,"height":1000},{"@type":"BreadcrumbList","@id":"https:\/\/ses-creative.com\/de\/produkt\/galaxy-sandmalerei-flacons-einhorn-und-regenbogen\/#breadcrumb","itemListElement":[{"@type":"ListItem","position":1,"name":"Shop","item":"https:\/\/ses-creative.com\/de\/shop\/"},{"@type":"ListItem","position":2,"name":"Basteln","item":"https:\/\/ses-creative.com\/de\/product-categorie\/basteln\/"},{"@type":"ListItem","position":3,"name":"Galaxy Sandmalerei-Flacons Einhorn und Regenbogen"}]},{"@type":"WebSite","@id":"https:\/\/ses-creative.com\/#website","url":"https:\/\/ses-creative.com\/","name":"SES Creative","description":"","publisher":{"@id":"https:\/\/ses-creative.com\/#organization"},"potentialAction":[{"@type":"SearchAction","target":{"@type":"EntryPoint","urlTemplate":"https:\/\/ses-creative.com\/?s={search_term_string}"},"query-input":{"@type":"PropertyValueSpecification","valueRequired":true,"valueName":"search_term_string"}}],"inLanguage":"de"},{"@type":"Organization","@id":"https:\/\/ses-creative.com\/#organization","name":"SES Creative","url":"https:\/\/ses-creative.com\/","logo":{"@type":"ImageObject","inLanguage":"de","@id":"https:\/\/ses-creative.com\/#\/schema\/logo\/image\/","url":"https:\/\/ses-creative.com\/wp-content\/uploads\/2025\/10\/ses-creative-logo.jpg","contentUrl":"https:\/\/ses-creative.com\/wp-content\/uploads\/2025\/10\/ses-creative-logo.jpg","width":2037,"height":2037,"caption":"SES Creative"},"image":{"@id":"https:\/\/ses-creative.com\/#\/schema\/logo\/image\/"}}]}},"_links":{"self":[{"href":"https:\/\/ses-creative.com\/de\/wp-json\/wp\/v2\/product\/114808","targetHints":{"allow":["GET"]}}],"collection":[{"href":"https:\/\/ses-creative.com\/de\/wp-json\/wp\/v2\/product"}],"about":[{"href":"https:\/\/ses-creative.com\/de\/wp-json\/wp\/v2\/types\/product"}],"replies":[{"embeddable":true,"href":"https:\/\/ses-creative.com\/de\/wp-json\/wp\/v2\/comments?post=114808"}],"wp:featuredmedia":[{"embeddable":true,"href":"https:\/\/ses-creative.com\/de\/wp-json\/wp\/v2\/media\/95503"}],"wp:attachment":[{"href":"https:\/\/ses-creative.com\/de\/wp-json\/wp\/v2\/media?parent=114808"}],"wp:term":[{"taxonomy":"product_brand","embeddable":true,"href":"https:\/\/ses-creative.com\/de\/wp-json\/wp\/v2\/product_brand?post=114808"},{"taxonomy":"product_cat","embeddable":true,"href":"https:\/\/ses-creative.com\/de\/wp-json\/wp\/v2\/product_cat?post=114808"},{"taxonomy":"product_tag","embeddable":true,"href":"https:\/\/ses-creative.com\/de\/wp-json\/wp\/v2\/product_tag?post=114808"}],"curies":[{"name":"wp","href":"https:\/\/api.w.org\/{rel}","templated":true}]}}