











{"id":114807,"date":"2026-02-05T13:52:57","date_gmt":"2026-02-05T13:52:57","guid":{"rendered":"https:\/\/ses-creative.com\/?post_type=product&#038;p=114807"},"modified":"2026-02-06T09:51:48","modified_gmt":"2026-02-06T09:51:48","slug":"galaxy-badebomben","status":"publish","type":"product","link":"https:\/\/ses-creative.com\/de\/produkt\/galaxy-badebomben\/","title":{"rendered":"Galaxy-Badebomben"},"content":{"rendered":"<p>Galaxy \u2013 Badebomben<\/p>\n<p>Kreieren Sie Ihre eigenen herrlich duftenden Badebomben mit dem Galaxy Badebomben-Set von SES Creative! Mischen Sie die Zutaten, f\u00fcgen Sie Farbstoffe hinzu und verwenden Sie die Form, um perfekte runde Badebomben herzustellen. Genie\u00dfen Sie anschlie\u00dfend ein entspannendes Bad voller Farbe, Duft und Magie. Perfekt f\u00fcr kreative Kinder ab 8 Jahren, die gerne entdecken und experimentieren.<\/p>\n<p>Was dieses Set so toll macht<\/p>\n<p>Stellen Sie selbst echte Badebomben her<br \/>\nMischen Sie Rot und Blau f\u00fcr eine magische violette Farbe<br \/>\nLeuchtende Farben und herrliche D\u00fcfte<br \/>\nInklusive luxuri\u00f6sem Aufbewahrungsbeutel aus Organza<br \/>\nKosmetisch unbedenklich und f\u00f6rdert das entdeckende Spielen (STEM-Spielzeug)<\/p>\n<p>Verwandeln Sie Ihr Bad in ein Galaxy-Spa<br \/>\nMit diesem Set k\u00f6nnen Sie Badebomben herstellen, die Ihr Bad in ein farbenfrohes, sprudelndes und duftendes Erlebnis verwandeln. Die Kombination aus kreativem Schaffen und anschlie\u00dfendem Genuss im Bad macht diese Aktivit\u00e4t besonders unterhaltsam und entspannend.<\/p>\n<p>Inhalt des Sets<\/p>\n<p>2-teilige Form f\u00fcr Badebomben<br \/>\nMischung f\u00fcr Badebomben<br \/>\nRote Lebensmittelfarbe (5 ml)<br \/>\nBlauer Farbstoff (5 ml)<br \/>\nMessbecher<br \/>\nSpatel<br \/>\nPipette<br \/>\nAufbewahrungsbeutel aus Organza<br \/>\nAnleitung<\/p>\n<p>Warum SES Creative<br \/>\nBei SES Creative legen wir gro\u00dfen Wert auf Sicherheit. Deshalb werden die Produkte in unserem Werk in den Niederlanden nach den strengsten europ\u00e4ischen Sicherheitsnormen hergestellt und getestet. Spielzeug von SES Creative sorgt f\u00fcr Spa\u00df und soll Kindern ein Gef\u00fchl des Stolzes auf ihre Arbeit vermitteln, was ihre Kreativit\u00e4t und Entwicklung f\u00f6rdert.<\/p>\n<p>Beginnen Sie noch heute mit Ihren eigenen Badebomben<br \/>\nKreieren, bewahren und genie\u00dfen Sie Ihr selbstgemachtes Galaxy-Spa-Erlebnis!<\/p>\n","protected":false},"excerpt":{"rendered":"<p>Galaxy \u2013 Badebomben Kreieren Sie Ihre eigenen herrlich duftenden Badebomben mit dem Galaxy Badebomben-Set von SES Creative! Mischen Sie die Zutaten, f\u00fcgen Sie Farbstoffe hinzu und verwenden Sie die Form, um perfekte runde Badebomben herzustellen. Genie\u00dfen Sie anschlie\u00dfend ein entspannendes Bad voller Farbe, Duft und Magie. Perfekt f\u00fcr kreative Kinder ab 8 Jahren, die gerne [&hellip;]<\/p>\n","protected":false},"featured_media":104596,"comment_status":"closed","ping_status":"closed","template":"","meta":{"_acf_changed":false},"product_brand":[],"product_cat":[115],"product_tag":[],"class_list":{"0":"post-114807","1":"product","2":"type-product","3":"status-publish","4":"has-post-thumbnail","6":"product_cat-basteln","7":"pa_leeftijd-filter-6-jahre","8":"pa_meest-populair-bij-maedchen","10":"first","11":"instock","12":"shipping-taxable","13":"product-type-simple"},"acf":[],"yoast_head":"<!-- This site is optimized with the Yoast SEO plugin v27.2 - https:\/\/yoast.com\/product\/yoast-seo-wordpress\/ -->\n<title>Galaxy-Badebomben - SES Creative<\/title>\n<meta name=\"robots\" content=\"index, follow, max-snippet:-1, max-image-preview:large, max-video-preview:-1\" \/>\n<link rel=\"canonical\" href=\"https:\/\/ses-creative.com\/de\/produkt\/galaxy-badebomben\/\" \/>\n<meta property=\"og:locale\" content=\"de_DE\" \/>\n<meta property=\"og:type\" content=\"article\" \/>\n<meta property=\"og:title\" content=\"Galaxy-Badebomben - SES Creative\" \/>\n<meta property=\"og:description\" content=\"Galaxy \u2013 Badebomben Kreieren Sie Ihre eigenen herrlich duftenden Badebomben mit dem Galaxy Badebomben-Set von SES Creative! Mischen Sie die Zutaten, f\u00fcgen Sie Farbstoffe hinzu und verwenden Sie die Form, um perfekte runde Badebomben herzustellen. Genie\u00dfen Sie anschlie\u00dfend ein entspannendes Bad voller Farbe, Duft und Magie. Perfekt f\u00fcr kreative Kinder ab 8 Jahren, die gerne [&hellip;]\" \/>\n<meta property=\"og:url\" content=\"https:\/\/ses-creative.com\/de\/produkt\/galaxy-badebomben\/\" \/>\n<meta property=\"og:site_name\" content=\"SES Creative\" \/>\n<meta property=\"article:modified_time\" content=\"2026-02-06T09:51:48+00:00\" \/>\n<meta name=\"twitter:card\" content=\"summary_large_image\" \/>\n<meta name=\"twitter:label1\" content=\"Gesch\u00e4tzte Lesezeit\" \/>\n\t<meta name=\"twitter:data1\" content=\"1\u00a0Minute\" \/>\n<script type=\"application\/ld+json\" class=\"yoast-schema-graph\">{\"@context\":\"https:\/\/schema.org\",\"@graph\":[{\"@type\":\"WebPage\",\"@id\":\"https:\/\/ses-creative.com\/de\/produkt\/galaxy-badebomben\/\",\"url\":\"https:\/\/ses-creative.com\/de\/produkt\/galaxy-badebomben\/\",\"name\":\"Galaxy-Badebomben - SES Creative\",\"isPartOf\":{\"@id\":\"https:\/\/ses-creative.com\/#website\"},\"primaryImageOfPage\":{\"@id\":\"https:\/\/ses-creative.com\/de\/produkt\/galaxy-badebomben\/#primaryimage\"},\"image\":{\"@id\":\"https:\/\/ses-creative.com\/de\/produkt\/galaxy-badebomben\/#primaryimage\"},\"thumbnailUrl\":\"https:\/\/ses-creative.com\/wp-content\/uploads\/2026\/01\/147691.jpg\",\"datePublished\":\"2026-02-05T13:52:57+00:00\",\"dateModified\":\"2026-02-06T09:51:48+00:00\",\"breadcrumb\":{\"@id\":\"https:\/\/ses-creative.com\/de\/produkt\/galaxy-badebomben\/#breadcrumb\"},\"inLanguage\":\"de\",\"potentialAction\":[{\"@type\":\"ReadAction\",\"target\":[\"https:\/\/ses-creative.com\/de\/produkt\/galaxy-badebomben\/\"]}]},{\"@type\":\"ImageObject\",\"inLanguage\":\"de\",\"@id\":\"https:\/\/ses-creative.com\/de\/produkt\/galaxy-badebomben\/#primaryimage\",\"url\":\"https:\/\/ses-creative.com\/wp-content\/uploads\/2026\/01\/147691.jpg\",\"contentUrl\":\"https:\/\/ses-creative.com\/wp-content\/uploads\/2026\/01\/147691.jpg\",\"width\":1000,\"height\":1000},{\"@type\":\"BreadcrumbList\",\"@id\":\"https:\/\/ses-creative.com\/de\/produkt\/galaxy-badebomben\/#breadcrumb\",\"itemListElement\":[{\"@type\":\"ListItem\",\"position\":1,\"name\":\"Shop\",\"item\":\"https:\/\/ses-creative.com\/de\/shop\/\"},{\"@type\":\"ListItem\",\"position\":2,\"name\":\"Basteln\",\"item\":\"https:\/\/ses-creative.com\/de\/product-categorie\/basteln\/\"},{\"@type\":\"ListItem\",\"position\":3,\"name\":\"Galaxy-Badebomben\"}]},{\"@type\":\"WebSite\",\"@id\":\"https:\/\/ses-creative.com\/#website\",\"url\":\"https:\/\/ses-creative.com\/\",\"name\":\"SES Creative\",\"description\":\"\",\"publisher\":{\"@id\":\"https:\/\/ses-creative.com\/#organization\"},\"potentialAction\":[{\"@type\":\"SearchAction\",\"target\":{\"@type\":\"EntryPoint\",\"urlTemplate\":\"https:\/\/ses-creative.com\/?s={search_term_string}\"},\"query-input\":{\"@type\":\"PropertyValueSpecification\",\"valueRequired\":true,\"valueName\":\"search_term_string\"}}],\"inLanguage\":\"de\"},{\"@type\":\"Organization\",\"@id\":\"https:\/\/ses-creative.com\/#organization\",\"name\":\"SES Creative\",\"url\":\"https:\/\/ses-creative.com\/\",\"logo\":{\"@type\":\"ImageObject\",\"inLanguage\":\"de\",\"@id\":\"https:\/\/ses-creative.com\/#\/schema\/logo\/image\/\",\"url\":\"https:\/\/ses-creative.com\/wp-content\/uploads\/2025\/10\/ses-creative-logo.jpg\",\"contentUrl\":\"https:\/\/ses-creative.com\/wp-content\/uploads\/2025\/10\/ses-creative-logo.jpg\",\"width\":2037,\"height\":2037,\"caption\":\"SES Creative\"},\"image\":{\"@id\":\"https:\/\/ses-creative.com\/#\/schema\/logo\/image\/\"}}]}<\/script>\n<!-- \/ Yoast SEO plugin. -->","yoast_head_json":{"title":"Galaxy-Badebomben - SES Creative","robots":{"index":"index","follow":"follow","max-snippet":"max-snippet:-1","max-image-preview":"max-image-preview:large","max-video-preview":"max-video-preview:-1"},"canonical":"https:\/\/ses-creative.com\/de\/produkt\/galaxy-badebomben\/","og_locale":"de_DE","og_type":"article","og_title":"Galaxy-Badebomben - SES Creative","og_description":"Galaxy \u2013 Badebomben Kreieren Sie Ihre eigenen herrlich duftenden Badebomben mit dem Galaxy Badebomben-Set von SES Creative! Mischen Sie die Zutaten, f\u00fcgen Sie Farbstoffe hinzu und verwenden Sie die Form, um perfekte runde Badebomben herzustellen. Genie\u00dfen Sie anschlie\u00dfend ein entspannendes Bad voller Farbe, Duft und Magie. Perfekt f\u00fcr kreative Kinder ab 8 Jahren, die gerne [&hellip;]","og_url":"https:\/\/ses-creative.com\/de\/produkt\/galaxy-badebomben\/","og_site_name":"SES Creative","article_modified_time":"2026-02-06T09:51:48+00:00","twitter_card":"summary_large_image","twitter_misc":{"Gesch\u00e4tzte Lesezeit":"1\u00a0Minute"},"schema":{"@context":"https:\/\/schema.org","@graph":[{"@type":"WebPage","@id":"https:\/\/ses-creative.com\/de\/produkt\/galaxy-badebomben\/","url":"https:\/\/ses-creative.com\/de\/produkt\/galaxy-badebomben\/","name":"Galaxy-Badebomben - SES Creative","isPartOf":{"@id":"https:\/\/ses-creative.com\/#website"},"primaryImageOfPage":{"@id":"https:\/\/ses-creative.com\/de\/produkt\/galaxy-badebomben\/#primaryimage"},"image":{"@id":"https:\/\/ses-creative.com\/de\/produkt\/galaxy-badebomben\/#primaryimage"},"thumbnailUrl":"https:\/\/ses-creative.com\/wp-content\/uploads\/2026\/01\/147691.jpg","datePublished":"2026-02-05T13:52:57+00:00","dateModified":"2026-02-06T09:51:48+00:00","breadcrumb":{"@id":"https:\/\/ses-creative.com\/de\/produkt\/galaxy-badebomben\/#breadcrumb"},"inLanguage":"de","potentialAction":[{"@type":"ReadAction","target":["https:\/\/ses-creative.com\/de\/produkt\/galaxy-badebomben\/"]}]},{"@type":"ImageObject","inLanguage":"de","@id":"https:\/\/ses-creative.com\/de\/produkt\/galaxy-badebomben\/#primaryimage","url":"https:\/\/ses-creative.com\/wp-content\/uploads\/2026\/01\/147691.jpg","contentUrl":"https:\/\/ses-creative.com\/wp-content\/uploads\/2026\/01\/147691.jpg","width":1000,"height":1000},{"@type":"BreadcrumbList","@id":"https:\/\/ses-creative.com\/de\/produkt\/galaxy-badebomben\/#breadcrumb","itemListElement":[{"@type":"ListItem","position":1,"name":"Shop","item":"https:\/\/ses-creative.com\/de\/shop\/"},{"@type":"ListItem","position":2,"name":"Basteln","item":"https:\/\/ses-creative.com\/de\/product-categorie\/basteln\/"},{"@type":"ListItem","position":3,"name":"Galaxy-Badebomben"}]},{"@type":"WebSite","@id":"https:\/\/ses-creative.com\/#website","url":"https:\/\/ses-creative.com\/","name":"SES Creative","description":"","publisher":{"@id":"https:\/\/ses-creative.com\/#organization"},"potentialAction":[{"@type":"SearchAction","target":{"@type":"EntryPoint","urlTemplate":"https:\/\/ses-creative.com\/?s={search_term_string}"},"query-input":{"@type":"PropertyValueSpecification","valueRequired":true,"valueName":"search_term_string"}}],"inLanguage":"de"},{"@type":"Organization","@id":"https:\/\/ses-creative.com\/#organization","name":"SES Creative","url":"https:\/\/ses-creative.com\/","logo":{"@type":"ImageObject","inLanguage":"de","@id":"https:\/\/ses-creative.com\/#\/schema\/logo\/image\/","url":"https:\/\/ses-creative.com\/wp-content\/uploads\/2025\/10\/ses-creative-logo.jpg","contentUrl":"https:\/\/ses-creative.com\/wp-content\/uploads\/2025\/10\/ses-creative-logo.jpg","width":2037,"height":2037,"caption":"SES Creative"},"image":{"@id":"https:\/\/ses-creative.com\/#\/schema\/logo\/image\/"}}]}},"_links":{"self":[{"href":"https:\/\/ses-creative.com\/de\/wp-json\/wp\/v2\/product\/114807","targetHints":{"allow":["GET"]}}],"collection":[{"href":"https:\/\/ses-creative.com\/de\/wp-json\/wp\/v2\/product"}],"about":[{"href":"https:\/\/ses-creative.com\/de\/wp-json\/wp\/v2\/types\/product"}],"replies":[{"embeddable":true,"href":"https:\/\/ses-creative.com\/de\/wp-json\/wp\/v2\/comments?post=114807"}],"wp:featuredmedia":[{"embeddable":true,"href":"https:\/\/ses-creative.com\/de\/wp-json\/wp\/v2\/media\/104596"}],"wp:attachment":[{"href":"https:\/\/ses-creative.com\/de\/wp-json\/wp\/v2\/media?parent=114807"}],"wp:term":[{"taxonomy":"product_brand","embeddable":true,"href":"https:\/\/ses-creative.com\/de\/wp-json\/wp\/v2\/product_brand?post=114807"},{"taxonomy":"product_cat","embeddable":true,"href":"https:\/\/ses-creative.com\/de\/wp-json\/wp\/v2\/product_cat?post=114807"},{"taxonomy":"product_tag","embeddable":true,"href":"https:\/\/ses-creative.com\/de\/wp-json\/wp\/v2\/product_tag?post=114807"}],"curies":[{"name":"wp","href":"https:\/\/api.w.org\/{rel}","templated":true}]}}