











{"id":114806,"date":"2026-02-05T13:52:57","date_gmt":"2026-02-05T13:52:57","guid":{"rendered":"https:\/\/ses-creative.com\/?post_type=product&#038;p=114806"},"modified":"2026-02-06T09:51:48","modified_gmt":"2026-02-06T09:51:48","slug":"traumfaenger-beleuchtet-galaxy","status":"publish","type":"product","link":"https:\/\/ses-creative.com\/de\/produkt\/traumfaenger-beleuchtet-galaxy\/","title":{"rendered":"Traumf\u00e4nger beleuchtet Galaxy"},"content":{"rendered":"<p>Das Galaxy Dreamcatcher Set von SES Creative enth\u00e4lt alles, was Kinder ab 6 Jahren ben\u00f6tigen, um einen leuchtenden Traumf\u00e4nger zu basteln. Enthalten sind Holzbauteile zum Bemalen, eine LED-Lichterkette mit 8 Lampen (2\u00d7AA-Batterien nicht enthalten), Farben, Glitzerkleber, Glitzerpapier, Satinband, Perlen und Pinsel. Kinder bauen und dekorieren nach eigener Fantasie und h\u00e4ngen den Traumf\u00e4nger wahlweise auf zwei Arten auf. Diese Bastelaktivit\u00e4t f\u00f6rdert Kreativit\u00e4t, Selbstst\u00e4ndigkeit, Feinmotorik und Konzentration \u2013 und liefert ein dekoratives Ergebnis f\u00fcrs Kinderzimmer. SES Creative fertigt seit 1972 Spielzeuge in den Niederlanden, CO\u2082-neutral, sicher, hypoallergen und nach EU-Normen.<\/p>\n","protected":false},"excerpt":{"rendered":"<p>Das Galaxy Dreamcatcher Set von SES Creative enth\u00e4lt alles, was Kinder ab 6 Jahren ben\u00f6tigen, um einen leuchtenden Traumf\u00e4nger zu basteln. Enthalten sind Holzbauteile zum Bemalen, eine LED-Lichterkette mit 8 Lampen (2\u00d7AA-Batterien nicht enthalten), Farben, Glitzerkleber, Glitzerpapier, Satinband, Perlen und Pinsel. Kinder bauen und dekorieren nach eigener Fantasie und h\u00e4ngen den Traumf\u00e4nger wahlweise auf zwei [&hellip;]<\/p>\n","protected":false},"featured_media":104576,"comment_status":"closed","ping_status":"closed","template":"","meta":{"_acf_changed":false},"product_brand":[],"product_cat":[115],"product_tag":[],"class_list":{"0":"post-114806","1":"product","2":"type-product","3":"status-publish","4":"has-post-thumbnail","6":"product_cat-basteln","7":"pa_leeftijd-filter-4-6-jahre","8":"pa_meest-populair-bij-maedchen","10":"first","11":"instock","12":"shipping-taxable","13":"product-type-simple"},"acf":[],"yoast_head":"<!-- This site is optimized with the Yoast SEO plugin v27.2 - https:\/\/yoast.com\/product\/yoast-seo-wordpress\/ -->\n<title>Traumf\u00e4nger beleuchtet Galaxy - SES Creative<\/title>\n<meta name=\"robots\" content=\"index, follow, max-snippet:-1, max-image-preview:large, max-video-preview:-1\" \/>\n<link rel=\"canonical\" href=\"https:\/\/ses-creative.com\/de\/produkt\/traumfaenger-beleuchtet-galaxy\/\" \/>\n<meta property=\"og:locale\" content=\"de_DE\" \/>\n<meta property=\"og:type\" content=\"article\" \/>\n<meta property=\"og:title\" content=\"Traumf\u00e4nger beleuchtet Galaxy - SES Creative\" \/>\n<meta property=\"og:description\" content=\"Das Galaxy Dreamcatcher Set von SES Creative enth\u00e4lt alles, was Kinder ab 6 Jahren ben\u00f6tigen, um einen leuchtenden Traumf\u00e4nger zu basteln. Enthalten sind Holzbauteile zum Bemalen, eine LED-Lichterkette mit 8 Lampen (2\u00d7AA-Batterien nicht enthalten), Farben, Glitzerkleber, Glitzerpapier, Satinband, Perlen und Pinsel. Kinder bauen und dekorieren nach eigener Fantasie und h\u00e4ngen den Traumf\u00e4nger wahlweise auf zwei [&hellip;]\" \/>\n<meta property=\"og:url\" content=\"https:\/\/ses-creative.com\/de\/produkt\/traumfaenger-beleuchtet-galaxy\/\" \/>\n<meta property=\"og:site_name\" content=\"SES Creative\" \/>\n<meta property=\"article:modified_time\" content=\"2026-02-06T09:51:48+00:00\" \/>\n<meta name=\"twitter:card\" content=\"summary_large_image\" \/>\n<script type=\"application\/ld+json\" class=\"yoast-schema-graph\">{\"@context\":\"https:\/\/schema.org\",\"@graph\":[{\"@type\":\"WebPage\",\"@id\":\"https:\/\/ses-creative.com\/de\/produkt\/traumfaenger-beleuchtet-galaxy\/\",\"url\":\"https:\/\/ses-creative.com\/de\/produkt\/traumfaenger-beleuchtet-galaxy\/\",\"name\":\"Traumf\u00e4nger beleuchtet Galaxy - SES Creative\",\"isPartOf\":{\"@id\":\"https:\/\/ses-creative.com\/#website\"},\"primaryImageOfPage\":{\"@id\":\"https:\/\/ses-creative.com\/de\/produkt\/traumfaenger-beleuchtet-galaxy\/#primaryimage\"},\"image\":{\"@id\":\"https:\/\/ses-creative.com\/de\/produkt\/traumfaenger-beleuchtet-galaxy\/#primaryimage\"},\"thumbnailUrl\":\"https:\/\/ses-creative.com\/wp-content\/uploads\/2026\/01\/147681.jpg\",\"datePublished\":\"2026-02-05T13:52:57+00:00\",\"dateModified\":\"2026-02-06T09:51:48+00:00\",\"breadcrumb\":{\"@id\":\"https:\/\/ses-creative.com\/de\/produkt\/traumfaenger-beleuchtet-galaxy\/#breadcrumb\"},\"inLanguage\":\"de\",\"potentialAction\":[{\"@type\":\"ReadAction\",\"target\":[\"https:\/\/ses-creative.com\/de\/produkt\/traumfaenger-beleuchtet-galaxy\/\"]}]},{\"@type\":\"ImageObject\",\"inLanguage\":\"de\",\"@id\":\"https:\/\/ses-creative.com\/de\/produkt\/traumfaenger-beleuchtet-galaxy\/#primaryimage\",\"url\":\"https:\/\/ses-creative.com\/wp-content\/uploads\/2026\/01\/147681.jpg\",\"contentUrl\":\"https:\/\/ses-creative.com\/wp-content\/uploads\/2026\/01\/147681.jpg\",\"width\":1000,\"height\":1000},{\"@type\":\"BreadcrumbList\",\"@id\":\"https:\/\/ses-creative.com\/de\/produkt\/traumfaenger-beleuchtet-galaxy\/#breadcrumb\",\"itemListElement\":[{\"@type\":\"ListItem\",\"position\":1,\"name\":\"Shop\",\"item\":\"https:\/\/ses-creative.com\/de\/shop\/\"},{\"@type\":\"ListItem\",\"position\":2,\"name\":\"Basteln\",\"item\":\"https:\/\/ses-creative.com\/de\/product-categorie\/basteln\/\"},{\"@type\":\"ListItem\",\"position\":3,\"name\":\"Traumf\u00e4nger beleuchtet Galaxy\"}]},{\"@type\":\"WebSite\",\"@id\":\"https:\/\/ses-creative.com\/#website\",\"url\":\"https:\/\/ses-creative.com\/\",\"name\":\"SES Creative\",\"description\":\"\",\"publisher\":{\"@id\":\"https:\/\/ses-creative.com\/#organization\"},\"potentialAction\":[{\"@type\":\"SearchAction\",\"target\":{\"@type\":\"EntryPoint\",\"urlTemplate\":\"https:\/\/ses-creative.com\/?s={search_term_string}\"},\"query-input\":{\"@type\":\"PropertyValueSpecification\",\"valueRequired\":true,\"valueName\":\"search_term_string\"}}],\"inLanguage\":\"de\"},{\"@type\":\"Organization\",\"@id\":\"https:\/\/ses-creative.com\/#organization\",\"name\":\"SES Creative\",\"url\":\"https:\/\/ses-creative.com\/\",\"logo\":{\"@type\":\"ImageObject\",\"inLanguage\":\"de\",\"@id\":\"https:\/\/ses-creative.com\/#\/schema\/logo\/image\/\",\"url\":\"https:\/\/ses-creative.com\/wp-content\/uploads\/2025\/10\/ses-creative-logo.jpg\",\"contentUrl\":\"https:\/\/ses-creative.com\/wp-content\/uploads\/2025\/10\/ses-creative-logo.jpg\",\"width\":2037,\"height\":2037,\"caption\":\"SES Creative\"},\"image\":{\"@id\":\"https:\/\/ses-creative.com\/#\/schema\/logo\/image\/\"}}]}<\/script>\n<!-- \/ Yoast SEO plugin. -->","yoast_head_json":{"title":"Traumf\u00e4nger beleuchtet Galaxy - SES Creative","robots":{"index":"index","follow":"follow","max-snippet":"max-snippet:-1","max-image-preview":"max-image-preview:large","max-video-preview":"max-video-preview:-1"},"canonical":"https:\/\/ses-creative.com\/de\/produkt\/traumfaenger-beleuchtet-galaxy\/","og_locale":"de_DE","og_type":"article","og_title":"Traumf\u00e4nger beleuchtet Galaxy - SES Creative","og_description":"Das Galaxy Dreamcatcher Set von SES Creative enth\u00e4lt alles, was Kinder ab 6 Jahren ben\u00f6tigen, um einen leuchtenden Traumf\u00e4nger zu basteln. Enthalten sind Holzbauteile zum Bemalen, eine LED-Lichterkette mit 8 Lampen (2\u00d7AA-Batterien nicht enthalten), Farben, Glitzerkleber, Glitzerpapier, Satinband, Perlen und Pinsel. Kinder bauen und dekorieren nach eigener Fantasie und h\u00e4ngen den Traumf\u00e4nger wahlweise auf zwei [&hellip;]","og_url":"https:\/\/ses-creative.com\/de\/produkt\/traumfaenger-beleuchtet-galaxy\/","og_site_name":"SES Creative","article_modified_time":"2026-02-06T09:51:48+00:00","twitter_card":"summary_large_image","schema":{"@context":"https:\/\/schema.org","@graph":[{"@type":"WebPage","@id":"https:\/\/ses-creative.com\/de\/produkt\/traumfaenger-beleuchtet-galaxy\/","url":"https:\/\/ses-creative.com\/de\/produkt\/traumfaenger-beleuchtet-galaxy\/","name":"Traumf\u00e4nger beleuchtet Galaxy - SES Creative","isPartOf":{"@id":"https:\/\/ses-creative.com\/#website"},"primaryImageOfPage":{"@id":"https:\/\/ses-creative.com\/de\/produkt\/traumfaenger-beleuchtet-galaxy\/#primaryimage"},"image":{"@id":"https:\/\/ses-creative.com\/de\/produkt\/traumfaenger-beleuchtet-galaxy\/#primaryimage"},"thumbnailUrl":"https:\/\/ses-creative.com\/wp-content\/uploads\/2026\/01\/147681.jpg","datePublished":"2026-02-05T13:52:57+00:00","dateModified":"2026-02-06T09:51:48+00:00","breadcrumb":{"@id":"https:\/\/ses-creative.com\/de\/produkt\/traumfaenger-beleuchtet-galaxy\/#breadcrumb"},"inLanguage":"de","potentialAction":[{"@type":"ReadAction","target":["https:\/\/ses-creative.com\/de\/produkt\/traumfaenger-beleuchtet-galaxy\/"]}]},{"@type":"ImageObject","inLanguage":"de","@id":"https:\/\/ses-creative.com\/de\/produkt\/traumfaenger-beleuchtet-galaxy\/#primaryimage","url":"https:\/\/ses-creative.com\/wp-content\/uploads\/2026\/01\/147681.jpg","contentUrl":"https:\/\/ses-creative.com\/wp-content\/uploads\/2026\/01\/147681.jpg","width":1000,"height":1000},{"@type":"BreadcrumbList","@id":"https:\/\/ses-creative.com\/de\/produkt\/traumfaenger-beleuchtet-galaxy\/#breadcrumb","itemListElement":[{"@type":"ListItem","position":1,"name":"Shop","item":"https:\/\/ses-creative.com\/de\/shop\/"},{"@type":"ListItem","position":2,"name":"Basteln","item":"https:\/\/ses-creative.com\/de\/product-categorie\/basteln\/"},{"@type":"ListItem","position":3,"name":"Traumf\u00e4nger beleuchtet Galaxy"}]},{"@type":"WebSite","@id":"https:\/\/ses-creative.com\/#website","url":"https:\/\/ses-creative.com\/","name":"SES Creative","description":"","publisher":{"@id":"https:\/\/ses-creative.com\/#organization"},"potentialAction":[{"@type":"SearchAction","target":{"@type":"EntryPoint","urlTemplate":"https:\/\/ses-creative.com\/?s={search_term_string}"},"query-input":{"@type":"PropertyValueSpecification","valueRequired":true,"valueName":"search_term_string"}}],"inLanguage":"de"},{"@type":"Organization","@id":"https:\/\/ses-creative.com\/#organization","name":"SES Creative","url":"https:\/\/ses-creative.com\/","logo":{"@type":"ImageObject","inLanguage":"de","@id":"https:\/\/ses-creative.com\/#\/schema\/logo\/image\/","url":"https:\/\/ses-creative.com\/wp-content\/uploads\/2025\/10\/ses-creative-logo.jpg","contentUrl":"https:\/\/ses-creative.com\/wp-content\/uploads\/2025\/10\/ses-creative-logo.jpg","width":2037,"height":2037,"caption":"SES Creative"},"image":{"@id":"https:\/\/ses-creative.com\/#\/schema\/logo\/image\/"}}]}},"_links":{"self":[{"href":"https:\/\/ses-creative.com\/de\/wp-json\/wp\/v2\/product\/114806","targetHints":{"allow":["GET"]}}],"collection":[{"href":"https:\/\/ses-creative.com\/de\/wp-json\/wp\/v2\/product"}],"about":[{"href":"https:\/\/ses-creative.com\/de\/wp-json\/wp\/v2\/types\/product"}],"replies":[{"embeddable":true,"href":"https:\/\/ses-creative.com\/de\/wp-json\/wp\/v2\/comments?post=114806"}],"wp:featuredmedia":[{"embeddable":true,"href":"https:\/\/ses-creative.com\/de\/wp-json\/wp\/v2\/media\/104576"}],"wp:attachment":[{"href":"https:\/\/ses-creative.com\/de\/wp-json\/wp\/v2\/media?parent=114806"}],"wp:term":[{"taxonomy":"product_brand","embeddable":true,"href":"https:\/\/ses-creative.com\/de\/wp-json\/wp\/v2\/product_brand?post=114806"},{"taxonomy":"product_cat","embeddable":true,"href":"https:\/\/ses-creative.com\/de\/wp-json\/wp\/v2\/product_cat?post=114806"},{"taxonomy":"product_tag","embeddable":true,"href":"https:\/\/ses-creative.com\/de\/wp-json\/wp\/v2\/product_tag?post=114806"}],"curies":[{"name":"wp","href":"https:\/\/api.w.org\/{rel}","templated":true}]}}