











{"id":114805,"date":"2026-02-05T13:52:57","date_gmt":"2026-02-05T13:52:57","guid":{"rendered":"https:\/\/ses-creative.com\/?post_type=product&#038;p=114805"},"modified":"2026-02-06T09:51:48","modified_gmt":"2026-02-06T09:51:48","slug":"steine-designen-galaxy","status":"publish","type":"product","link":"https:\/\/ses-creative.com\/de\/produkt\/steine-designen-galaxy\/","title":{"rendered":"Steine designen Galaxy"},"content":{"rendered":"<p>Galaxy \u2013 Steine bemalen<\/p>\n<p>Malen Sie Ihre eigene wundersch\u00f6ne Galaxie auf Steine! Mit diesem Kreativset von SES Creative verwandeln Sie gew\u00f6hnliche Steine in magische Kunstwerke, die vom Weltraum inspiriert sind. Mit Rubbelbildern, Glitzerkleber und 6 Farben Farbe k\u00f6nnen Sie ganz einfach einzigartige Kreationen gestalten, die wie Sterne funkeln. Perfekt f\u00fcr junge K\u00fcnstler ab 5 Jahren, die ihrer Kreativit\u00e4t freien Lauf lassen m\u00f6chten.<\/p>\n<p>Was dieses Set so toll macht<\/p>\n<p>Rubbelbilder zum einfachen Aufbringen von Motiven<br \/>\nInklusive Glitzerkleber f\u00fcr zus\u00e4tzlichen Glanz<br \/>\nErstellen Sie einzigartige Kunstwerke, inspiriert vom Weltraum<br \/>\nGeeignet f\u00fcr Kinder ab 5 Jahren<br \/>\nSch\u00f6n als Dekoration oder als Geschenk<\/p>\n<p>Erstellen Sie magische Galaxie-Steine<br \/>\nMit diesem Set erweckst du die Magie des Universums zum Leben. Male Sterne, Planeten und bunte Nebel, f\u00fcge Glitzer hinzu und beobachte, wie sich deine Steine in kleine Meisterwerke verwandeln. Ideal, um dein Zimmer zu dekorieren oder jemandem Besonderen zu schenken.<\/p>\n<p>Inhalt des Sets<\/p>\n<p>5 wei\u00dfe Steine<br \/>\nRubbelbilder<br \/>\n6 Farben Farbe<br \/>\nGlitzerkleber<br \/>\nPinsel<\/p>\n<p>Warum SES Creative w\u00e4hlen<br \/>\nBei SES Creative legen wir gro\u00dfen Wert auf Sicherheit. Deshalb werden die Produkte in unserem Werk in den Niederlanden nach den strengsten europ\u00e4ischen Sicherheitsnormen hergestellt und getestet. Spielzeug von SES Creative sorgt f\u00fcr Spa\u00df und soll Kindern erm\u00f6glichen, stolz auf ihre Arbeit zu sein, was ihre Kreativit\u00e4t und Entwicklung f\u00f6rdert.<\/p>\n<p>Beginnen Sie noch heute mit Ihren Galaxy-Kunstwerken<br \/>\nMalen, dekorieren und lassen Sie Ihrer Kreativit\u00e4t mit diesem magischen Steine-Malset freien Lauf!<\/p>\n","protected":false},"excerpt":{"rendered":"<p>Galaxy \u2013 Steine bemalen Malen Sie Ihre eigene wundersch\u00f6ne Galaxie auf Steine! Mit diesem Kreativset von SES Creative verwandeln Sie gew\u00f6hnliche Steine in magische Kunstwerke, die vom Weltraum inspiriert sind. Mit Rubbelbildern, Glitzerkleber und 6 Farben Farbe k\u00f6nnen Sie ganz einfach einzigartige Kreationen gestalten, die wie Sterne funkeln. Perfekt f\u00fcr junge K\u00fcnstler ab 5 Jahren, [&hellip;]<\/p>\n","protected":false},"featured_media":104556,"comment_status":"closed","ping_status":"closed","template":"","meta":{"_acf_changed":false},"product_brand":[],"product_cat":[115],"product_tag":[],"class_list":{"0":"post-114805","1":"product","2":"type-product","3":"status-publish","4":"has-post-thumbnail","6":"product_cat-basteln","7":"pa_leeftijd-filter-4-6-jahre","8":"pa_meest-populair-bij-maedchen","10":"first","11":"instock","12":"shipping-taxable","13":"product-type-simple"},"acf":[],"yoast_head":"<!-- This site is optimized with the Yoast SEO plugin v27.2 - https:\/\/yoast.com\/product\/yoast-seo-wordpress\/ -->\n<title>Steine designen Galaxy - SES Creative<\/title>\n<meta name=\"robots\" content=\"index, follow, max-snippet:-1, max-image-preview:large, max-video-preview:-1\" \/>\n<link rel=\"canonical\" href=\"https:\/\/ses-creative.com\/de\/produkt\/steine-designen-galaxy\/\" \/>\n<meta property=\"og:locale\" content=\"de_DE\" \/>\n<meta property=\"og:type\" content=\"article\" \/>\n<meta property=\"og:title\" content=\"Steine designen Galaxy - SES Creative\" \/>\n<meta property=\"og:description\" content=\"Galaxy \u2013 Steine bemalen Malen Sie Ihre eigene wundersch\u00f6ne Galaxie auf Steine! Mit diesem Kreativset von SES Creative verwandeln Sie gew\u00f6hnliche Steine in magische Kunstwerke, die vom Weltraum inspiriert sind. Mit Rubbelbildern, Glitzerkleber und 6 Farben Farbe k\u00f6nnen Sie ganz einfach einzigartige Kreationen gestalten, die wie Sterne funkeln. Perfekt f\u00fcr junge K\u00fcnstler ab 5 Jahren, [&hellip;]\" \/>\n<meta property=\"og:url\" content=\"https:\/\/ses-creative.com\/de\/produkt\/steine-designen-galaxy\/\" \/>\n<meta property=\"og:site_name\" content=\"SES Creative\" \/>\n<meta property=\"article:modified_time\" content=\"2026-02-06T09:51:48+00:00\" \/>\n<meta name=\"twitter:card\" content=\"summary_large_image\" \/>\n<meta name=\"twitter:label1\" content=\"Gesch\u00e4tzte Lesezeit\" \/>\n\t<meta name=\"twitter:data1\" content=\"1\u00a0Minute\" \/>\n<script type=\"application\/ld+json\" class=\"yoast-schema-graph\">{\"@context\":\"https:\/\/schema.org\",\"@graph\":[{\"@type\":\"WebPage\",\"@id\":\"https:\/\/ses-creative.com\/de\/produkt\/steine-designen-galaxy\/\",\"url\":\"https:\/\/ses-creative.com\/de\/produkt\/steine-designen-galaxy\/\",\"name\":\"Steine designen Galaxy - SES Creative\",\"isPartOf\":{\"@id\":\"https:\/\/ses-creative.com\/#website\"},\"primaryImageOfPage\":{\"@id\":\"https:\/\/ses-creative.com\/de\/produkt\/steine-designen-galaxy\/#primaryimage\"},\"image\":{\"@id\":\"https:\/\/ses-creative.com\/de\/produkt\/steine-designen-galaxy\/#primaryimage\"},\"thumbnailUrl\":\"https:\/\/ses-creative.com\/wp-content\/uploads\/2026\/01\/147661.jpg\",\"datePublished\":\"2026-02-05T13:52:57+00:00\",\"dateModified\":\"2026-02-06T09:51:48+00:00\",\"breadcrumb\":{\"@id\":\"https:\/\/ses-creative.com\/de\/produkt\/steine-designen-galaxy\/#breadcrumb\"},\"inLanguage\":\"de\",\"potentialAction\":[{\"@type\":\"ReadAction\",\"target\":[\"https:\/\/ses-creative.com\/de\/produkt\/steine-designen-galaxy\/\"]}]},{\"@type\":\"ImageObject\",\"inLanguage\":\"de\",\"@id\":\"https:\/\/ses-creative.com\/de\/produkt\/steine-designen-galaxy\/#primaryimage\",\"url\":\"https:\/\/ses-creative.com\/wp-content\/uploads\/2026\/01\/147661.jpg\",\"contentUrl\":\"https:\/\/ses-creative.com\/wp-content\/uploads\/2026\/01\/147661.jpg\",\"width\":1000,\"height\":1000},{\"@type\":\"BreadcrumbList\",\"@id\":\"https:\/\/ses-creative.com\/de\/produkt\/steine-designen-galaxy\/#breadcrumb\",\"itemListElement\":[{\"@type\":\"ListItem\",\"position\":1,\"name\":\"Shop\",\"item\":\"https:\/\/ses-creative.com\/de\/shop\/\"},{\"@type\":\"ListItem\",\"position\":2,\"name\":\"Basteln\",\"item\":\"https:\/\/ses-creative.com\/de\/product-categorie\/basteln\/\"},{\"@type\":\"ListItem\",\"position\":3,\"name\":\"Steine designen Galaxy\"}]},{\"@type\":\"WebSite\",\"@id\":\"https:\/\/ses-creative.com\/#website\",\"url\":\"https:\/\/ses-creative.com\/\",\"name\":\"SES Creative\",\"description\":\"\",\"publisher\":{\"@id\":\"https:\/\/ses-creative.com\/#organization\"},\"potentialAction\":[{\"@type\":\"SearchAction\",\"target\":{\"@type\":\"EntryPoint\",\"urlTemplate\":\"https:\/\/ses-creative.com\/?s={search_term_string}\"},\"query-input\":{\"@type\":\"PropertyValueSpecification\",\"valueRequired\":true,\"valueName\":\"search_term_string\"}}],\"inLanguage\":\"de\"},{\"@type\":\"Organization\",\"@id\":\"https:\/\/ses-creative.com\/#organization\",\"name\":\"SES Creative\",\"url\":\"https:\/\/ses-creative.com\/\",\"logo\":{\"@type\":\"ImageObject\",\"inLanguage\":\"de\",\"@id\":\"https:\/\/ses-creative.com\/#\/schema\/logo\/image\/\",\"url\":\"https:\/\/ses-creative.com\/wp-content\/uploads\/2025\/10\/ses-creative-logo.jpg\",\"contentUrl\":\"https:\/\/ses-creative.com\/wp-content\/uploads\/2025\/10\/ses-creative-logo.jpg\",\"width\":2037,\"height\":2037,\"caption\":\"SES Creative\"},\"image\":{\"@id\":\"https:\/\/ses-creative.com\/#\/schema\/logo\/image\/\"}}]}<\/script>\n<!-- \/ Yoast SEO plugin. -->","yoast_head_json":{"title":"Steine designen Galaxy - SES Creative","robots":{"index":"index","follow":"follow","max-snippet":"max-snippet:-1","max-image-preview":"max-image-preview:large","max-video-preview":"max-video-preview:-1"},"canonical":"https:\/\/ses-creative.com\/de\/produkt\/steine-designen-galaxy\/","og_locale":"de_DE","og_type":"article","og_title":"Steine designen Galaxy - SES Creative","og_description":"Galaxy \u2013 Steine bemalen Malen Sie Ihre eigene wundersch\u00f6ne Galaxie auf Steine! Mit diesem Kreativset von SES Creative verwandeln Sie gew\u00f6hnliche Steine in magische Kunstwerke, die vom Weltraum inspiriert sind. Mit Rubbelbildern, Glitzerkleber und 6 Farben Farbe k\u00f6nnen Sie ganz einfach einzigartige Kreationen gestalten, die wie Sterne funkeln. Perfekt f\u00fcr junge K\u00fcnstler ab 5 Jahren, [&hellip;]","og_url":"https:\/\/ses-creative.com\/de\/produkt\/steine-designen-galaxy\/","og_site_name":"SES Creative","article_modified_time":"2026-02-06T09:51:48+00:00","twitter_card":"summary_large_image","twitter_misc":{"Gesch\u00e4tzte Lesezeit":"1\u00a0Minute"},"schema":{"@context":"https:\/\/schema.org","@graph":[{"@type":"WebPage","@id":"https:\/\/ses-creative.com\/de\/produkt\/steine-designen-galaxy\/","url":"https:\/\/ses-creative.com\/de\/produkt\/steine-designen-galaxy\/","name":"Steine designen Galaxy - SES Creative","isPartOf":{"@id":"https:\/\/ses-creative.com\/#website"},"primaryImageOfPage":{"@id":"https:\/\/ses-creative.com\/de\/produkt\/steine-designen-galaxy\/#primaryimage"},"image":{"@id":"https:\/\/ses-creative.com\/de\/produkt\/steine-designen-galaxy\/#primaryimage"},"thumbnailUrl":"https:\/\/ses-creative.com\/wp-content\/uploads\/2026\/01\/147661.jpg","datePublished":"2026-02-05T13:52:57+00:00","dateModified":"2026-02-06T09:51:48+00:00","breadcrumb":{"@id":"https:\/\/ses-creative.com\/de\/produkt\/steine-designen-galaxy\/#breadcrumb"},"inLanguage":"de","potentialAction":[{"@type":"ReadAction","target":["https:\/\/ses-creative.com\/de\/produkt\/steine-designen-galaxy\/"]}]},{"@type":"ImageObject","inLanguage":"de","@id":"https:\/\/ses-creative.com\/de\/produkt\/steine-designen-galaxy\/#primaryimage","url":"https:\/\/ses-creative.com\/wp-content\/uploads\/2026\/01\/147661.jpg","contentUrl":"https:\/\/ses-creative.com\/wp-content\/uploads\/2026\/01\/147661.jpg","width":1000,"height":1000},{"@type":"BreadcrumbList","@id":"https:\/\/ses-creative.com\/de\/produkt\/steine-designen-galaxy\/#breadcrumb","itemListElement":[{"@type":"ListItem","position":1,"name":"Shop","item":"https:\/\/ses-creative.com\/de\/shop\/"},{"@type":"ListItem","position":2,"name":"Basteln","item":"https:\/\/ses-creative.com\/de\/product-categorie\/basteln\/"},{"@type":"ListItem","position":3,"name":"Steine designen Galaxy"}]},{"@type":"WebSite","@id":"https:\/\/ses-creative.com\/#website","url":"https:\/\/ses-creative.com\/","name":"SES Creative","description":"","publisher":{"@id":"https:\/\/ses-creative.com\/#organization"},"potentialAction":[{"@type":"SearchAction","target":{"@type":"EntryPoint","urlTemplate":"https:\/\/ses-creative.com\/?s={search_term_string}"},"query-input":{"@type":"PropertyValueSpecification","valueRequired":true,"valueName":"search_term_string"}}],"inLanguage":"de"},{"@type":"Organization","@id":"https:\/\/ses-creative.com\/#organization","name":"SES Creative","url":"https:\/\/ses-creative.com\/","logo":{"@type":"ImageObject","inLanguage":"de","@id":"https:\/\/ses-creative.com\/#\/schema\/logo\/image\/","url":"https:\/\/ses-creative.com\/wp-content\/uploads\/2025\/10\/ses-creative-logo.jpg","contentUrl":"https:\/\/ses-creative.com\/wp-content\/uploads\/2025\/10\/ses-creative-logo.jpg","width":2037,"height":2037,"caption":"SES Creative"},"image":{"@id":"https:\/\/ses-creative.com\/#\/schema\/logo\/image\/"}}]}},"_links":{"self":[{"href":"https:\/\/ses-creative.com\/de\/wp-json\/wp\/v2\/product\/114805","targetHints":{"allow":["GET"]}}],"collection":[{"href":"https:\/\/ses-creative.com\/de\/wp-json\/wp\/v2\/product"}],"about":[{"href":"https:\/\/ses-creative.com\/de\/wp-json\/wp\/v2\/types\/product"}],"replies":[{"embeddable":true,"href":"https:\/\/ses-creative.com\/de\/wp-json\/wp\/v2\/comments?post=114805"}],"wp:featuredmedia":[{"embeddable":true,"href":"https:\/\/ses-creative.com\/de\/wp-json\/wp\/v2\/media\/104556"}],"wp:attachment":[{"href":"https:\/\/ses-creative.com\/de\/wp-json\/wp\/v2\/media?parent=114805"}],"wp:term":[{"taxonomy":"product_brand","embeddable":true,"href":"https:\/\/ses-creative.com\/de\/wp-json\/wp\/v2\/product_brand?post=114805"},{"taxonomy":"product_cat","embeddable":true,"href":"https:\/\/ses-creative.com\/de\/wp-json\/wp\/v2\/product_cat?post=114805"},{"taxonomy":"product_tag","embeddable":true,"href":"https:\/\/ses-creative.com\/de\/wp-json\/wp\/v2\/product_tag?post=114805"}],"curies":[{"name":"wp","href":"https:\/\/api.w.org\/{rel}","templated":true}]}}