











{"id":114802,"date":"2026-02-05T13:52:56","date_gmt":"2026-02-05T13:52:56","guid":{"rendered":"https:\/\/ses-creative.com\/?post_type=product&#038;p=114802"},"modified":"2026-02-06T09:51:48","modified_gmt":"2026-02-06T09:51:48","slug":"stimmungs-schmuck-galaxy","status":"publish","type":"product","link":"https:\/\/ses-creative.com\/de\/produkt\/stimmungs-schmuck-galaxy\/","title":{"rendered":"Stimmungs-Schmuck Galaxy"},"content":{"rendered":"<p>Galaxy \u2013 Mood Schmuck<\/p>\n<p>In welcher Stimmung bist du heute? Mit dem Galaxy Mood Schmuck-Set von SES Creative kannst du wundersch\u00f6ne Armb\u00e4nder und Halsketten mit farbwechselnden Anh\u00e4ngern basteln, die deine Stimmung widerspiegeln. Perfekt f\u00fcr junge Modedesigner ab 3 Jahren, die gerne basteln und Schmuck herstellen.<\/p>\n<p>Was dieses Set so toll macht<\/p>\n<p>Anh\u00e4nger, die je Stimmung entsprechend ihre Farbe \u00e4ndern<br \/>\nInklusive stern- und mondf\u00f6rmigen Anh\u00e4ngern f\u00fcr einen magischen Look<br \/>\nF\u00f6rdert Kreativit\u00e4t und Selbstentfaltung<br \/>\nGeeignet f\u00fcr Kinder ab 3 Jahren<br \/>\nMacht Spa\u00df und ist einfach herzustellen, ideal f\u00fcr Bastelnachmittage<\/p>\n<p>Entwerfen Sie Schmuck, der Ihre Stimmung widerspiegelt<br \/>\nMit diesem Set entwirfst du Schmuckst\u00fccke, die nicht nur sch\u00f6n sind, sondern auch eine Geschichte erz\u00e4hlen. Die farbwechselnden Anh\u00e4nger machen jedes Armband oder jede Kette einzigartig und verleihen deinem Look eine magische und pers\u00f6nliche Note.<\/p>\n<p>Inhalt des Sets<\/p>\n<p>2 farbwechselnde Anh\u00e4nger in Sternform<br \/>\n1 farbwechselnder Anh\u00e4nger in Form eines Mondes<br \/>\nBen\u00f6tigte Materialien f\u00fcr die Herstellung von Armb\u00e4ndern und Halsketten<\/p>\n<p>Warum SES Creative w\u00e4hlen<br \/>\nBei SES Creative legen wir gro\u00dfen Wert auf Sicherheit. Deshalb werden die Produkte in unserem Werk in den Niederlanden nach den strengsten europ\u00e4ischen Sicherheitsnormen hergestellt und getestet. Spielzeug von SES Creative sorgt f\u00fcr Spa\u00df und soll Kindern ein Gef\u00fchl des Stolzes auf ihre Arbeit vermitteln, was ihre Kreativit\u00e4t und Entwicklung f\u00f6rdert.<\/p>\n<p>Beginnen Sie noch heute mit Ihrem Galaxy Mood-Schmuck<br \/>\nLassen Sie Ihrer Kreativit\u00e4t freien Lauf und gestalten Sie Schmuck, der Ihre Stimmung widerspiegelt!<\/p>\n","protected":false},"excerpt":{"rendered":"<p>Galaxy \u2013 Mood Schmuck In welcher Stimmung bist du heute? Mit dem Galaxy Mood Schmuck-Set von SES Creative kannst du wundersch\u00f6ne Armb\u00e4nder und Halsketten mit farbwechselnden Anh\u00e4ngern basteln, die deine Stimmung widerspiegeln. Perfekt f\u00fcr junge Modedesigner ab 3 Jahren, die gerne basteln und Schmuck herstellen. Was dieses Set so toll macht Anh\u00e4nger, die je Stimmung [&hellip;]<\/p>\n","protected":false},"featured_media":95480,"comment_status":"closed","ping_status":"closed","template":"","meta":{"_acf_changed":false},"product_brand":[],"product_cat":[115],"product_tag":[],"class_list":{"0":"post-114802","1":"product","2":"type-product","3":"status-publish","4":"has-post-thumbnail","6":"product_cat-basteln","7":"pa_leeftijd-filter-3-4-jahre","8":"pa_meest-populair-bij-maedchen","10":"first","11":"instock","12":"shipping-taxable","13":"product-type-simple"},"acf":[],"yoast_head":"<!-- This site is optimized with the Yoast SEO plugin v27.2 - https:\/\/yoast.com\/product\/yoast-seo-wordpress\/ -->\n<title>Stimmungs-Schmuck Galaxy - SES Creative<\/title>\n<meta name=\"robots\" content=\"index, follow, max-snippet:-1, max-image-preview:large, max-video-preview:-1\" \/>\n<link rel=\"canonical\" href=\"https:\/\/ses-creative.com\/de\/produkt\/stimmungs-schmuck-galaxy\/\" \/>\n<meta property=\"og:locale\" content=\"de_DE\" \/>\n<meta property=\"og:type\" content=\"article\" \/>\n<meta property=\"og:title\" content=\"Stimmungs-Schmuck Galaxy - SES Creative\" \/>\n<meta property=\"og:description\" content=\"Galaxy \u2013 Mood Schmuck In welcher Stimmung bist du heute? Mit dem Galaxy Mood Schmuck-Set von SES Creative kannst du wundersch\u00f6ne Armb\u00e4nder und Halsketten mit farbwechselnden Anh\u00e4ngern basteln, die deine Stimmung widerspiegeln. Perfekt f\u00fcr junge Modedesigner ab 3 Jahren, die gerne basteln und Schmuck herstellen. Was dieses Set so toll macht Anh\u00e4nger, die je Stimmung [&hellip;]\" \/>\n<meta property=\"og:url\" content=\"https:\/\/ses-creative.com\/de\/produkt\/stimmungs-schmuck-galaxy\/\" \/>\n<meta property=\"og:site_name\" content=\"SES Creative\" \/>\n<meta property=\"article:modified_time\" content=\"2026-02-06T09:51:48+00:00\" \/>\n<meta name=\"twitter:card\" content=\"summary_large_image\" \/>\n<meta name=\"twitter:label1\" content=\"Gesch\u00e4tzte Lesezeit\" \/>\n\t<meta name=\"twitter:data1\" content=\"1\u00a0Minute\" \/>\n<script type=\"application\/ld+json\" class=\"yoast-schema-graph\">{\"@context\":\"https:\/\/schema.org\",\"@graph\":[{\"@type\":\"WebPage\",\"@id\":\"https:\/\/ses-creative.com\/de\/produkt\/stimmungs-schmuck-galaxy\/\",\"url\":\"https:\/\/ses-creative.com\/de\/produkt\/stimmungs-schmuck-galaxy\/\",\"name\":\"Stimmungs-Schmuck Galaxy - SES Creative\",\"isPartOf\":{\"@id\":\"https:\/\/ses-creative.com\/#website\"},\"primaryImageOfPage\":{\"@id\":\"https:\/\/ses-creative.com\/de\/produkt\/stimmungs-schmuck-galaxy\/#primaryimage\"},\"image\":{\"@id\":\"https:\/\/ses-creative.com\/de\/produkt\/stimmungs-schmuck-galaxy\/#primaryimage\"},\"thumbnailUrl\":\"https:\/\/ses-creative.com\/wp-content\/uploads\/2026\/01\/147631.jpg\",\"datePublished\":\"2026-02-05T13:52:56+00:00\",\"dateModified\":\"2026-02-06T09:51:48+00:00\",\"breadcrumb\":{\"@id\":\"https:\/\/ses-creative.com\/de\/produkt\/stimmungs-schmuck-galaxy\/#breadcrumb\"},\"inLanguage\":\"de\",\"potentialAction\":[{\"@type\":\"ReadAction\",\"target\":[\"https:\/\/ses-creative.com\/de\/produkt\/stimmungs-schmuck-galaxy\/\"]}]},{\"@type\":\"ImageObject\",\"inLanguage\":\"de\",\"@id\":\"https:\/\/ses-creative.com\/de\/produkt\/stimmungs-schmuck-galaxy\/#primaryimage\",\"url\":\"https:\/\/ses-creative.com\/wp-content\/uploads\/2026\/01\/147631.jpg\",\"contentUrl\":\"https:\/\/ses-creative.com\/wp-content\/uploads\/2026\/01\/147631.jpg\",\"width\":1000,\"height\":1000},{\"@type\":\"BreadcrumbList\",\"@id\":\"https:\/\/ses-creative.com\/de\/produkt\/stimmungs-schmuck-galaxy\/#breadcrumb\",\"itemListElement\":[{\"@type\":\"ListItem\",\"position\":1,\"name\":\"Shop\",\"item\":\"https:\/\/ses-creative.com\/de\/shop\/\"},{\"@type\":\"ListItem\",\"position\":2,\"name\":\"Basteln\",\"item\":\"https:\/\/ses-creative.com\/de\/product-categorie\/basteln\/\"},{\"@type\":\"ListItem\",\"position\":3,\"name\":\"Stimmungs-Schmuck Galaxy\"}]},{\"@type\":\"WebSite\",\"@id\":\"https:\/\/ses-creative.com\/#website\",\"url\":\"https:\/\/ses-creative.com\/\",\"name\":\"SES Creative\",\"description\":\"\",\"publisher\":{\"@id\":\"https:\/\/ses-creative.com\/#organization\"},\"potentialAction\":[{\"@type\":\"SearchAction\",\"target\":{\"@type\":\"EntryPoint\",\"urlTemplate\":\"https:\/\/ses-creative.com\/?s={search_term_string}\"},\"query-input\":{\"@type\":\"PropertyValueSpecification\",\"valueRequired\":true,\"valueName\":\"search_term_string\"}}],\"inLanguage\":\"de\"},{\"@type\":\"Organization\",\"@id\":\"https:\/\/ses-creative.com\/#organization\",\"name\":\"SES Creative\",\"url\":\"https:\/\/ses-creative.com\/\",\"logo\":{\"@type\":\"ImageObject\",\"inLanguage\":\"de\",\"@id\":\"https:\/\/ses-creative.com\/#\/schema\/logo\/image\/\",\"url\":\"https:\/\/ses-creative.com\/wp-content\/uploads\/2025\/10\/ses-creative-logo.jpg\",\"contentUrl\":\"https:\/\/ses-creative.com\/wp-content\/uploads\/2025\/10\/ses-creative-logo.jpg\",\"width\":2037,\"height\":2037,\"caption\":\"SES Creative\"},\"image\":{\"@id\":\"https:\/\/ses-creative.com\/#\/schema\/logo\/image\/\"}}]}<\/script>\n<!-- \/ Yoast SEO plugin. -->","yoast_head_json":{"title":"Stimmungs-Schmuck Galaxy - SES Creative","robots":{"index":"index","follow":"follow","max-snippet":"max-snippet:-1","max-image-preview":"max-image-preview:large","max-video-preview":"max-video-preview:-1"},"canonical":"https:\/\/ses-creative.com\/de\/produkt\/stimmungs-schmuck-galaxy\/","og_locale":"de_DE","og_type":"article","og_title":"Stimmungs-Schmuck Galaxy - SES Creative","og_description":"Galaxy \u2013 Mood Schmuck In welcher Stimmung bist du heute? Mit dem Galaxy Mood Schmuck-Set von SES Creative kannst du wundersch\u00f6ne Armb\u00e4nder und Halsketten mit farbwechselnden Anh\u00e4ngern basteln, die deine Stimmung widerspiegeln. Perfekt f\u00fcr junge Modedesigner ab 3 Jahren, die gerne basteln und Schmuck herstellen. Was dieses Set so toll macht Anh\u00e4nger, die je Stimmung [&hellip;]","og_url":"https:\/\/ses-creative.com\/de\/produkt\/stimmungs-schmuck-galaxy\/","og_site_name":"SES Creative","article_modified_time":"2026-02-06T09:51:48+00:00","twitter_card":"summary_large_image","twitter_misc":{"Gesch\u00e4tzte Lesezeit":"1\u00a0Minute"},"schema":{"@context":"https:\/\/schema.org","@graph":[{"@type":"WebPage","@id":"https:\/\/ses-creative.com\/de\/produkt\/stimmungs-schmuck-galaxy\/","url":"https:\/\/ses-creative.com\/de\/produkt\/stimmungs-schmuck-galaxy\/","name":"Stimmungs-Schmuck Galaxy - SES Creative","isPartOf":{"@id":"https:\/\/ses-creative.com\/#website"},"primaryImageOfPage":{"@id":"https:\/\/ses-creative.com\/de\/produkt\/stimmungs-schmuck-galaxy\/#primaryimage"},"image":{"@id":"https:\/\/ses-creative.com\/de\/produkt\/stimmungs-schmuck-galaxy\/#primaryimage"},"thumbnailUrl":"https:\/\/ses-creative.com\/wp-content\/uploads\/2026\/01\/147631.jpg","datePublished":"2026-02-05T13:52:56+00:00","dateModified":"2026-02-06T09:51:48+00:00","breadcrumb":{"@id":"https:\/\/ses-creative.com\/de\/produkt\/stimmungs-schmuck-galaxy\/#breadcrumb"},"inLanguage":"de","potentialAction":[{"@type":"ReadAction","target":["https:\/\/ses-creative.com\/de\/produkt\/stimmungs-schmuck-galaxy\/"]}]},{"@type":"ImageObject","inLanguage":"de","@id":"https:\/\/ses-creative.com\/de\/produkt\/stimmungs-schmuck-galaxy\/#primaryimage","url":"https:\/\/ses-creative.com\/wp-content\/uploads\/2026\/01\/147631.jpg","contentUrl":"https:\/\/ses-creative.com\/wp-content\/uploads\/2026\/01\/147631.jpg","width":1000,"height":1000},{"@type":"BreadcrumbList","@id":"https:\/\/ses-creative.com\/de\/produkt\/stimmungs-schmuck-galaxy\/#breadcrumb","itemListElement":[{"@type":"ListItem","position":1,"name":"Shop","item":"https:\/\/ses-creative.com\/de\/shop\/"},{"@type":"ListItem","position":2,"name":"Basteln","item":"https:\/\/ses-creative.com\/de\/product-categorie\/basteln\/"},{"@type":"ListItem","position":3,"name":"Stimmungs-Schmuck Galaxy"}]},{"@type":"WebSite","@id":"https:\/\/ses-creative.com\/#website","url":"https:\/\/ses-creative.com\/","name":"SES Creative","description":"","publisher":{"@id":"https:\/\/ses-creative.com\/#organization"},"potentialAction":[{"@type":"SearchAction","target":{"@type":"EntryPoint","urlTemplate":"https:\/\/ses-creative.com\/?s={search_term_string}"},"query-input":{"@type":"PropertyValueSpecification","valueRequired":true,"valueName":"search_term_string"}}],"inLanguage":"de"},{"@type":"Organization","@id":"https:\/\/ses-creative.com\/#organization","name":"SES Creative","url":"https:\/\/ses-creative.com\/","logo":{"@type":"ImageObject","inLanguage":"de","@id":"https:\/\/ses-creative.com\/#\/schema\/logo\/image\/","url":"https:\/\/ses-creative.com\/wp-content\/uploads\/2025\/10\/ses-creative-logo.jpg","contentUrl":"https:\/\/ses-creative.com\/wp-content\/uploads\/2025\/10\/ses-creative-logo.jpg","width":2037,"height":2037,"caption":"SES Creative"},"image":{"@id":"https:\/\/ses-creative.com\/#\/schema\/logo\/image\/"}}]}},"_links":{"self":[{"href":"https:\/\/ses-creative.com\/de\/wp-json\/wp\/v2\/product\/114802","targetHints":{"allow":["GET"]}}],"collection":[{"href":"https:\/\/ses-creative.com\/de\/wp-json\/wp\/v2\/product"}],"about":[{"href":"https:\/\/ses-creative.com\/de\/wp-json\/wp\/v2\/types\/product"}],"replies":[{"embeddable":true,"href":"https:\/\/ses-creative.com\/de\/wp-json\/wp\/v2\/comments?post=114802"}],"wp:featuredmedia":[{"embeddable":true,"href":"https:\/\/ses-creative.com\/de\/wp-json\/wp\/v2\/media\/95480"}],"wp:attachment":[{"href":"https:\/\/ses-creative.com\/de\/wp-json\/wp\/v2\/media?parent=114802"}],"wp:term":[{"taxonomy":"product_brand","embeddable":true,"href":"https:\/\/ses-creative.com\/de\/wp-json\/wp\/v2\/product_brand?post=114802"},{"taxonomy":"product_cat","embeddable":true,"href":"https:\/\/ses-creative.com\/de\/wp-json\/wp\/v2\/product_cat?post=114802"},{"taxonomy":"product_tag","embeddable":true,"href":"https:\/\/ses-creative.com\/de\/wp-json\/wp\/v2\/product_tag?post=114802"}],"curies":[{"name":"wp","href":"https:\/\/api.w.org\/{rel}","templated":true}]}}