











{"id":114800,"date":"2026-02-05T13:52:56","date_gmt":"2026-02-05T13:52:56","guid":{"rendered":"https:\/\/ses-creative.com\/?post_type=product&#038;p=114800"},"modified":"2026-02-06T09:51:48","modified_gmt":"2026-02-06T09:51:48","slug":"blow-airbrush-graffiti","status":"publish","type":"product","link":"https:\/\/ses-creative.com\/de\/produkt\/blow-airbrush-graffiti\/","title":{"rendered":"Blow airbrush Graffiti"},"content":{"rendered":"<p>Das Blow Airbrush Graffiti-Set von SES Creative bietet Kindern ab 6 Jahren eine kreative M\u00f6glichkeit zu malen \u2013 ganz ohne Pinsel. Mit den 6 enthaltenen Blasstiften verwandeln sie ihren Atem in Kunst und k\u00f6nnen Farben mithilfe der beiliegenden Schablonen auf bedruckte oder leere Bl\u00e4tter spr\u00fchen. Jedes Element des Sets ist f\u00fcr ein vollst\u00e4ndiges Kunsterlebnis konzipiert: 2 thematische Schablonen, 8 vorgedruckte Seiten, 5 leere Seiten f\u00fcr freies Gestalten und ein schwarzer Marker f\u00fcr Konturen. Die Farben sind auswaschbar, sodass Eltern sich keine Sorgen machen m\u00fcssen. Die Aktivit\u00e4t f\u00f6rdert Feinmotorik, Atemkontrolle und freie Kreativit\u00e4t. Hergestellt in den Niederlanden \u2013 dieses DIY-Set ist hypoallergen, waschbar und CO\u2082-neutral und steht f\u00fcr Sicherheit, Nachhaltigkeit und kreatives Lernen. Ideal f\u00fcr pers\u00f6nliche Kunstprojekte, ruhige Momente oder gemeinsame Kreativzeiten zu Hause \u2013 ein originelles und sensorisches Malerlebnis f\u00fcr Ferien, Kunst-Workshops oder das kreative Spiel mit der Familie.<\/p>\n","protected":false},"excerpt":{"rendered":"<p>Das Blow Airbrush Graffiti-Set von SES Creative bietet Kindern ab 6 Jahren eine kreative M\u00f6glichkeit zu malen \u2013 ganz ohne Pinsel. Mit den 6 enthaltenen Blasstiften verwandeln sie ihren Atem in Kunst und k\u00f6nnen Farben mithilfe der beiliegenden Schablonen auf bedruckte oder leere Bl\u00e4tter spr\u00fchen. Jedes Element des Sets ist f\u00fcr ein vollst\u00e4ndiges Kunsterlebnis konzipiert: [&hellip;]<\/p>\n","protected":false},"featured_media":104476,"comment_status":"closed","ping_status":"closed","template":"","meta":{"_acf_changed":false},"product_brand":[],"product_cat":[115],"product_tag":[],"class_list":{"0":"post-114800","1":"product","2":"type-product","3":"status-publish","4":"has-post-thumbnail","6":"product_cat-basteln","7":"pa_collecties-blow-airbrush-pens","8":"pa_leeftijd-filter-4-6-jahre","9":"pa_meest-populair-bij-jungen-maedchen","11":"first","12":"instock","13":"shipping-taxable","14":"product-type-simple"},"acf":[],"yoast_head":"<!-- This site is optimized with the Yoast SEO plugin v27.2 - https:\/\/yoast.com\/product\/yoast-seo-wordpress\/ -->\n<title>Blow airbrush Graffiti - SES Creative<\/title>\n<meta name=\"robots\" content=\"index, follow, max-snippet:-1, max-image-preview:large, max-video-preview:-1\" \/>\n<link rel=\"canonical\" href=\"https:\/\/ses-creative.com\/de\/produkt\/blow-airbrush-graffiti\/\" \/>\n<meta property=\"og:locale\" content=\"de_DE\" \/>\n<meta property=\"og:type\" content=\"article\" \/>\n<meta property=\"og:title\" content=\"Blow airbrush Graffiti - SES Creative\" \/>\n<meta property=\"og:description\" content=\"Das Blow Airbrush Graffiti-Set von SES Creative bietet Kindern ab 6 Jahren eine kreative M\u00f6glichkeit zu malen \u2013 ganz ohne Pinsel. Mit den 6 enthaltenen Blasstiften verwandeln sie ihren Atem in Kunst und k\u00f6nnen Farben mithilfe der beiliegenden Schablonen auf bedruckte oder leere Bl\u00e4tter spr\u00fchen. Jedes Element des Sets ist f\u00fcr ein vollst\u00e4ndiges Kunsterlebnis konzipiert: [&hellip;]\" \/>\n<meta property=\"og:url\" content=\"https:\/\/ses-creative.com\/de\/produkt\/blow-airbrush-graffiti\/\" \/>\n<meta property=\"og:site_name\" content=\"SES Creative\" \/>\n<meta property=\"article:modified_time\" content=\"2026-02-06T09:51:48+00:00\" \/>\n<meta name=\"twitter:card\" content=\"summary_large_image\" \/>\n<meta name=\"twitter:label1\" content=\"Gesch\u00e4tzte Lesezeit\" \/>\n\t<meta name=\"twitter:data1\" content=\"1\u00a0Minute\" \/>\n<script type=\"application\/ld+json\" class=\"yoast-schema-graph\">{\"@context\":\"https:\/\/schema.org\",\"@graph\":[{\"@type\":\"WebPage\",\"@id\":\"https:\/\/ses-creative.com\/de\/produkt\/blow-airbrush-graffiti\/\",\"url\":\"https:\/\/ses-creative.com\/de\/produkt\/blow-airbrush-graffiti\/\",\"name\":\"Blow airbrush Graffiti - SES Creative\",\"isPartOf\":{\"@id\":\"https:\/\/ses-creative.com\/#website\"},\"primaryImageOfPage\":{\"@id\":\"https:\/\/ses-creative.com\/de\/produkt\/blow-airbrush-graffiti\/#primaryimage\"},\"image\":{\"@id\":\"https:\/\/ses-creative.com\/de\/produkt\/blow-airbrush-graffiti\/#primaryimage\"},\"thumbnailUrl\":\"https:\/\/ses-creative.com\/wp-content\/uploads\/2026\/01\/147591.jpg\",\"datePublished\":\"2026-02-05T13:52:56+00:00\",\"dateModified\":\"2026-02-06T09:51:48+00:00\",\"breadcrumb\":{\"@id\":\"https:\/\/ses-creative.com\/de\/produkt\/blow-airbrush-graffiti\/#breadcrumb\"},\"inLanguage\":\"de\",\"potentialAction\":[{\"@type\":\"ReadAction\",\"target\":[\"https:\/\/ses-creative.com\/de\/produkt\/blow-airbrush-graffiti\/\"]}]},{\"@type\":\"ImageObject\",\"inLanguage\":\"de\",\"@id\":\"https:\/\/ses-creative.com\/de\/produkt\/blow-airbrush-graffiti\/#primaryimage\",\"url\":\"https:\/\/ses-creative.com\/wp-content\/uploads\/2026\/01\/147591.jpg\",\"contentUrl\":\"https:\/\/ses-creative.com\/wp-content\/uploads\/2026\/01\/147591.jpg\",\"width\":1000,\"height\":1000},{\"@type\":\"BreadcrumbList\",\"@id\":\"https:\/\/ses-creative.com\/de\/produkt\/blow-airbrush-graffiti\/#breadcrumb\",\"itemListElement\":[{\"@type\":\"ListItem\",\"position\":1,\"name\":\"Shop\",\"item\":\"https:\/\/ses-creative.com\/de\/shop\/\"},{\"@type\":\"ListItem\",\"position\":2,\"name\":\"Basteln\",\"item\":\"https:\/\/ses-creative.com\/de\/product-categorie\/basteln\/\"},{\"@type\":\"ListItem\",\"position\":3,\"name\":\"Blow airbrush Graffiti\"}]},{\"@type\":\"WebSite\",\"@id\":\"https:\/\/ses-creative.com\/#website\",\"url\":\"https:\/\/ses-creative.com\/\",\"name\":\"SES Creative\",\"description\":\"\",\"publisher\":{\"@id\":\"https:\/\/ses-creative.com\/#organization\"},\"potentialAction\":[{\"@type\":\"SearchAction\",\"target\":{\"@type\":\"EntryPoint\",\"urlTemplate\":\"https:\/\/ses-creative.com\/?s={search_term_string}\"},\"query-input\":{\"@type\":\"PropertyValueSpecification\",\"valueRequired\":true,\"valueName\":\"search_term_string\"}}],\"inLanguage\":\"de\"},{\"@type\":\"Organization\",\"@id\":\"https:\/\/ses-creative.com\/#organization\",\"name\":\"SES Creative\",\"url\":\"https:\/\/ses-creative.com\/\",\"logo\":{\"@type\":\"ImageObject\",\"inLanguage\":\"de\",\"@id\":\"https:\/\/ses-creative.com\/#\/schema\/logo\/image\/\",\"url\":\"https:\/\/ses-creative.com\/wp-content\/uploads\/2025\/10\/ses-creative-logo.jpg\",\"contentUrl\":\"https:\/\/ses-creative.com\/wp-content\/uploads\/2025\/10\/ses-creative-logo.jpg\",\"width\":2037,\"height\":2037,\"caption\":\"SES Creative\"},\"image\":{\"@id\":\"https:\/\/ses-creative.com\/#\/schema\/logo\/image\/\"}}]}<\/script>\n<!-- \/ Yoast SEO plugin. -->","yoast_head_json":{"title":"Blow airbrush Graffiti - SES Creative","robots":{"index":"index","follow":"follow","max-snippet":"max-snippet:-1","max-image-preview":"max-image-preview:large","max-video-preview":"max-video-preview:-1"},"canonical":"https:\/\/ses-creative.com\/de\/produkt\/blow-airbrush-graffiti\/","og_locale":"de_DE","og_type":"article","og_title":"Blow airbrush Graffiti - SES Creative","og_description":"Das Blow Airbrush Graffiti-Set von SES Creative bietet Kindern ab 6 Jahren eine kreative M\u00f6glichkeit zu malen \u2013 ganz ohne Pinsel. Mit den 6 enthaltenen Blasstiften verwandeln sie ihren Atem in Kunst und k\u00f6nnen Farben mithilfe der beiliegenden Schablonen auf bedruckte oder leere Bl\u00e4tter spr\u00fchen. Jedes Element des Sets ist f\u00fcr ein vollst\u00e4ndiges Kunsterlebnis konzipiert: [&hellip;]","og_url":"https:\/\/ses-creative.com\/de\/produkt\/blow-airbrush-graffiti\/","og_site_name":"SES Creative","article_modified_time":"2026-02-06T09:51:48+00:00","twitter_card":"summary_large_image","twitter_misc":{"Gesch\u00e4tzte Lesezeit":"1\u00a0Minute"},"schema":{"@context":"https:\/\/schema.org","@graph":[{"@type":"WebPage","@id":"https:\/\/ses-creative.com\/de\/produkt\/blow-airbrush-graffiti\/","url":"https:\/\/ses-creative.com\/de\/produkt\/blow-airbrush-graffiti\/","name":"Blow airbrush Graffiti - SES Creative","isPartOf":{"@id":"https:\/\/ses-creative.com\/#website"},"primaryImageOfPage":{"@id":"https:\/\/ses-creative.com\/de\/produkt\/blow-airbrush-graffiti\/#primaryimage"},"image":{"@id":"https:\/\/ses-creative.com\/de\/produkt\/blow-airbrush-graffiti\/#primaryimage"},"thumbnailUrl":"https:\/\/ses-creative.com\/wp-content\/uploads\/2026\/01\/147591.jpg","datePublished":"2026-02-05T13:52:56+00:00","dateModified":"2026-02-06T09:51:48+00:00","breadcrumb":{"@id":"https:\/\/ses-creative.com\/de\/produkt\/blow-airbrush-graffiti\/#breadcrumb"},"inLanguage":"de","potentialAction":[{"@type":"ReadAction","target":["https:\/\/ses-creative.com\/de\/produkt\/blow-airbrush-graffiti\/"]}]},{"@type":"ImageObject","inLanguage":"de","@id":"https:\/\/ses-creative.com\/de\/produkt\/blow-airbrush-graffiti\/#primaryimage","url":"https:\/\/ses-creative.com\/wp-content\/uploads\/2026\/01\/147591.jpg","contentUrl":"https:\/\/ses-creative.com\/wp-content\/uploads\/2026\/01\/147591.jpg","width":1000,"height":1000},{"@type":"BreadcrumbList","@id":"https:\/\/ses-creative.com\/de\/produkt\/blow-airbrush-graffiti\/#breadcrumb","itemListElement":[{"@type":"ListItem","position":1,"name":"Shop","item":"https:\/\/ses-creative.com\/de\/shop\/"},{"@type":"ListItem","position":2,"name":"Basteln","item":"https:\/\/ses-creative.com\/de\/product-categorie\/basteln\/"},{"@type":"ListItem","position":3,"name":"Blow airbrush Graffiti"}]},{"@type":"WebSite","@id":"https:\/\/ses-creative.com\/#website","url":"https:\/\/ses-creative.com\/","name":"SES Creative","description":"","publisher":{"@id":"https:\/\/ses-creative.com\/#organization"},"potentialAction":[{"@type":"SearchAction","target":{"@type":"EntryPoint","urlTemplate":"https:\/\/ses-creative.com\/?s={search_term_string}"},"query-input":{"@type":"PropertyValueSpecification","valueRequired":true,"valueName":"search_term_string"}}],"inLanguage":"de"},{"@type":"Organization","@id":"https:\/\/ses-creative.com\/#organization","name":"SES Creative","url":"https:\/\/ses-creative.com\/","logo":{"@type":"ImageObject","inLanguage":"de","@id":"https:\/\/ses-creative.com\/#\/schema\/logo\/image\/","url":"https:\/\/ses-creative.com\/wp-content\/uploads\/2025\/10\/ses-creative-logo.jpg","contentUrl":"https:\/\/ses-creative.com\/wp-content\/uploads\/2025\/10\/ses-creative-logo.jpg","width":2037,"height":2037,"caption":"SES Creative"},"image":{"@id":"https:\/\/ses-creative.com\/#\/schema\/logo\/image\/"}}]}},"_links":{"self":[{"href":"https:\/\/ses-creative.com\/de\/wp-json\/wp\/v2\/product\/114800","targetHints":{"allow":["GET"]}}],"collection":[{"href":"https:\/\/ses-creative.com\/de\/wp-json\/wp\/v2\/product"}],"about":[{"href":"https:\/\/ses-creative.com\/de\/wp-json\/wp\/v2\/types\/product"}],"replies":[{"embeddable":true,"href":"https:\/\/ses-creative.com\/de\/wp-json\/wp\/v2\/comments?post=114800"}],"wp:featuredmedia":[{"embeddable":true,"href":"https:\/\/ses-creative.com\/de\/wp-json\/wp\/v2\/media\/104476"}],"wp:attachment":[{"href":"https:\/\/ses-creative.com\/de\/wp-json\/wp\/v2\/media?parent=114800"}],"wp:term":[{"taxonomy":"product_brand","embeddable":true,"href":"https:\/\/ses-creative.com\/de\/wp-json\/wp\/v2\/product_brand?post=114800"},{"taxonomy":"product_cat","embeddable":true,"href":"https:\/\/ses-creative.com\/de\/wp-json\/wp\/v2\/product_cat?post=114800"},{"taxonomy":"product_tag","embeddable":true,"href":"https:\/\/ses-creative.com\/de\/wp-json\/wp\/v2\/product_tag?post=114800"}],"curies":[{"name":"wp","href":"https:\/\/api.w.org\/{rel}","templated":true}]}}