











{"id":114797,"date":"2026-02-05T13:52:56","date_gmt":"2026-02-05T13:52:56","guid":{"rendered":"https:\/\/ses-creative.com\/?post_type=product&#038;p=114797"},"modified":"2026-02-06T09:51:47","modified_gmt":"2026-02-06T09:51:47","slug":"unicorn-amulettarmbaender","status":"publish","type":"product","link":"https:\/\/ses-creative.com\/de\/produkt\/unicorn-amulettarmbaender\/","title":{"rendered":"Unicorn &#8211; Amulettarmb\u00e4nder"},"content":{"rendered":"<p>Unicorn \u2013 Magische Perlenarmb\u00e4nder<\/p>\n<p>Gestalte deine eigenen magischen Einhorn-Armb\u00e4nder mit dem Unicorn Perlenarmband-Set von SES Creative! Mit diesem bezaubernden Bastelset kannst du wundersch\u00f6nen Schmuck im einzigartigen Einhorn-Design herstellen. Perfekt f\u00fcr Kinder ab 5 Jahren, die gerne basteln und ihrer Kreativit\u00e4t freien Lauf lassen m\u00f6chten.<\/p>\n<p>Was dieses Set so toll macht<\/p>\n<p>Gestalte deine eigenen magischen Einhorn-Anh\u00e4nger mit Schrumpffolie<br \/>\nInklusive Buntstiften und Vorlagen zum Nachzeichnen<br \/>\nKombinieren Sie Anh\u00e4nger mit sternf\u00f6rmigen Perlen und Perlenperlen<br \/>\nF\u00f6rdert Kreativit\u00e4t, Feinmotorik und Selbstdarstellung<br \/>\nEinfacher Vorgang, geeignet f\u00fcr Anf\u00e4nger und Fortgeschrittene<\/p>\n<p>Eine funkelnde Welt voller Kreativit\u00e4t<br \/>\nZeichnen, bemalen und schrumpfen Sie Ihre eigenen bezaubernden Einhorn-Anh\u00e4nger und verarbeiten Sie sie zu wundersch\u00f6nen Armb\u00e4ndern. Kombinieren Sie sternf\u00f6rmige Perlen mit Perlen f\u00fcr einen traumhaften Effekt oder entscheiden Sie sich f\u00fcr ein fr\u00f6hliches und farbenfrohes Design. Jedes Armband wird zu einem einzigartigen Kunstwerk, das Sie mit Stolz tragen, verschenken oder mit Freunden teilen k\u00f6nnen.<\/p>\n<p>Inhalt des Sets<\/p>\n<p>Schrumpffolie<br \/>\nBuntstifte<br \/>\nVorlagen zum Nachzeichnen<br \/>\nSternf\u00f6rmige Perlen<br \/>\nPerlenmix<br \/>\nSilberner elastischer Draht<br \/>\nAnleitung<\/p>\n<p>Warum SES Creative w\u00e4hlen<br \/>\nBei SES Creative legen wir gro\u00dfen Wert auf Sicherheit. Deshalb werden die Produkte in unserem Werk in den Niederlanden nach den strengsten europ\u00e4ischen Sicherheitsnormen hergestellt und getestet. Spielzeug von SES Creative sorgt f\u00fcr Spa\u00df und soll Kindern ein Gef\u00fchl der Stolz auf ihre Arbeit vermitteln, was ihre Kreativit\u00e4t und Entwicklung f\u00f6rdert.<\/p>\n<p>Beginnen Sie noch heute mit Ihrer magischen Schmuckkollektion<br \/>\nEntdecke den Zauber der Einh\u00f6rner und gestalte Armb\u00e4nder, die so einzigartig sind wie du!<\/p>\n","protected":false},"excerpt":{"rendered":"<p>Unicorn \u2013 Magische Perlenarmb\u00e4nder Gestalte deine eigenen magischen Einhorn-Armb\u00e4nder mit dem Unicorn Perlenarmband-Set von SES Creative! Mit diesem bezaubernden Bastelset kannst du wundersch\u00f6nen Schmuck im einzigartigen Einhorn-Design herstellen. Perfekt f\u00fcr Kinder ab 5 Jahren, die gerne basteln und ihrer Kreativit\u00e4t freien Lauf lassen m\u00f6chten. Was dieses Set so toll macht Gestalte deine eigenen magischen Einhorn-Anh\u00e4nger [&hellip;]<\/p>\n","protected":false},"featured_media":104416,"comment_status":"closed","ping_status":"closed","template":"","meta":{"_acf_changed":false},"product_brand":[],"product_cat":[115],"product_tag":[],"class_list":{"0":"post-114797","1":"product","2":"type-product","3":"status-publish","4":"has-post-thumbnail","6":"product_cat-basteln","7":"pa_collecties-unicorn","8":"pa_leeftijd-filter-4-6-jahre","9":"pa_meest-populair-bij-maedchen","11":"first","12":"instock","13":"shipping-taxable","14":"product-type-simple"},"acf":[],"yoast_head":"<!-- This site is optimized with the Yoast SEO plugin v27.4 - https:\/\/yoast.com\/product\/yoast-seo-wordpress\/ -->\n<title>Unicorn - Amulettarmb\u00e4nder - SES Creative<\/title>\n<meta name=\"robots\" content=\"index, follow, max-snippet:-1, max-image-preview:large, max-video-preview:-1\" \/>\n<link rel=\"canonical\" href=\"https:\/\/ses-creative.com\/de\/produkt\/unicorn-amulettarmbaender\/\" \/>\n<meta property=\"og:locale\" content=\"de_DE\" \/>\n<meta property=\"og:type\" content=\"article\" \/>\n<meta property=\"og:title\" content=\"Unicorn - Amulettarmb\u00e4nder - SES Creative\" \/>\n<meta property=\"og:description\" content=\"Unicorn \u2013 Magische Perlenarmb\u00e4nder Gestalte deine eigenen magischen Einhorn-Armb\u00e4nder mit dem Unicorn Perlenarmband-Set von SES Creative! Mit diesem bezaubernden Bastelset kannst du wundersch\u00f6nen Schmuck im einzigartigen Einhorn-Design herstellen. Perfekt f\u00fcr Kinder ab 5 Jahren, die gerne basteln und ihrer Kreativit\u00e4t freien Lauf lassen m\u00f6chten. Was dieses Set so toll macht Gestalte deine eigenen magischen Einhorn-Anh\u00e4nger [&hellip;]\" \/>\n<meta property=\"og:url\" content=\"https:\/\/ses-creative.com\/de\/produkt\/unicorn-amulettarmbaender\/\" \/>\n<meta property=\"og:site_name\" content=\"SES Creative\" \/>\n<meta property=\"article:modified_time\" content=\"2026-02-06T09:51:47+00:00\" \/>\n<meta name=\"twitter:card\" content=\"summary_large_image\" \/>\n<meta name=\"twitter:label1\" content=\"Gesch\u00e4tzte Lesezeit\" \/>\n\t<meta name=\"twitter:data1\" content=\"1\u00a0Minute\" \/>\n<script type=\"application\/ld+json\" class=\"yoast-schema-graph\">{\"@context\":\"https:\\\/\\\/schema.org\",\"@graph\":[{\"@type\":\"WebPage\",\"@id\":\"https:\\\/\\\/ses-creative.com\\\/de\\\/produkt\\\/unicorn-amulettarmbaender\\\/\",\"url\":\"https:\\\/\\\/ses-creative.com\\\/de\\\/produkt\\\/unicorn-amulettarmbaender\\\/\",\"name\":\"Unicorn - Amulettarmb\u00e4nder - SES Creative\",\"isPartOf\":{\"@id\":\"https:\\\/\\\/ses-creative.com\\\/#website\"},\"primaryImageOfPage\":{\"@id\":\"https:\\\/\\\/ses-creative.com\\\/de\\\/produkt\\\/unicorn-amulettarmbaender\\\/#primaryimage\"},\"image\":{\"@id\":\"https:\\\/\\\/ses-creative.com\\\/de\\\/produkt\\\/unicorn-amulettarmbaender\\\/#primaryimage\"},\"thumbnailUrl\":\"https:\\\/\\\/ses-creative.com\\\/wp-content\\\/uploads\\\/2026\\\/01\\\/147481.jpg\",\"datePublished\":\"2026-02-05T13:52:56+00:00\",\"dateModified\":\"2026-02-06T09:51:47+00:00\",\"breadcrumb\":{\"@id\":\"https:\\\/\\\/ses-creative.com\\\/de\\\/produkt\\\/unicorn-amulettarmbaender\\\/#breadcrumb\"},\"inLanguage\":\"de\",\"potentialAction\":[{\"@type\":\"ReadAction\",\"target\":[\"https:\\\/\\\/ses-creative.com\\\/de\\\/produkt\\\/unicorn-amulettarmbaender\\\/\"]}]},{\"@type\":\"ImageObject\",\"inLanguage\":\"de\",\"@id\":\"https:\\\/\\\/ses-creative.com\\\/de\\\/produkt\\\/unicorn-amulettarmbaender\\\/#primaryimage\",\"url\":\"https:\\\/\\\/ses-creative.com\\\/wp-content\\\/uploads\\\/2026\\\/01\\\/147481.jpg\",\"contentUrl\":\"https:\\\/\\\/ses-creative.com\\\/wp-content\\\/uploads\\\/2026\\\/01\\\/147481.jpg\",\"width\":1000,\"height\":1000},{\"@type\":\"BreadcrumbList\",\"@id\":\"https:\\\/\\\/ses-creative.com\\\/de\\\/produkt\\\/unicorn-amulettarmbaender\\\/#breadcrumb\",\"itemListElement\":[{\"@type\":\"ListItem\",\"position\":1,\"name\":\"Shop\",\"item\":\"https:\\\/\\\/ses-creative.com\\\/de\\\/shop\\\/\"},{\"@type\":\"ListItem\",\"position\":2,\"name\":\"Basteln\",\"item\":\"https:\\\/\\\/ses-creative.com\\\/de\\\/product-categorie\\\/basteln\\\/\"},{\"@type\":\"ListItem\",\"position\":3,\"name\":\"Unicorn &#8211; Amulettarmb\u00e4nder\"}]},{\"@type\":\"WebSite\",\"@id\":\"https:\\\/\\\/ses-creative.com\\\/#website\",\"url\":\"https:\\\/\\\/ses-creative.com\\\/\",\"name\":\"SES Creative\",\"description\":\"\",\"publisher\":{\"@id\":\"https:\\\/\\\/ses-creative.com\\\/#organization\"},\"potentialAction\":[{\"@type\":\"SearchAction\",\"target\":{\"@type\":\"EntryPoint\",\"urlTemplate\":\"https:\\\/\\\/ses-creative.com\\\/?s={search_term_string}\"},\"query-input\":{\"@type\":\"PropertyValueSpecification\",\"valueRequired\":true,\"valueName\":\"search_term_string\"}}],\"inLanguage\":\"de\"},{\"@type\":\"Organization\",\"@id\":\"https:\\\/\\\/ses-creative.com\\\/#organization\",\"name\":\"SES Creative\",\"url\":\"https:\\\/\\\/ses-creative.com\\\/\",\"logo\":{\"@type\":\"ImageObject\",\"inLanguage\":\"de\",\"@id\":\"https:\\\/\\\/ses-creative.com\\\/#\\\/schema\\\/logo\\\/image\\\/\",\"url\":\"https:\\\/\\\/ses-creative.com\\\/wp-content\\\/uploads\\\/2025\\\/10\\\/ses-creative-logo.jpg\",\"contentUrl\":\"https:\\\/\\\/ses-creative.com\\\/wp-content\\\/uploads\\\/2025\\\/10\\\/ses-creative-logo.jpg\",\"width\":2037,\"height\":2037,\"caption\":\"SES Creative\"},\"image\":{\"@id\":\"https:\\\/\\\/ses-creative.com\\\/#\\\/schema\\\/logo\\\/image\\\/\"}}]}<\/script>\n<!-- \/ Yoast SEO plugin. -->","yoast_head_json":{"title":"Unicorn - Amulettarmb\u00e4nder - SES Creative","robots":{"index":"index","follow":"follow","max-snippet":"max-snippet:-1","max-image-preview":"max-image-preview:large","max-video-preview":"max-video-preview:-1"},"canonical":"https:\/\/ses-creative.com\/de\/produkt\/unicorn-amulettarmbaender\/","og_locale":"de_DE","og_type":"article","og_title":"Unicorn - Amulettarmb\u00e4nder - SES Creative","og_description":"Unicorn \u2013 Magische Perlenarmb\u00e4nder Gestalte deine eigenen magischen Einhorn-Armb\u00e4nder mit dem Unicorn Perlenarmband-Set von SES Creative! Mit diesem bezaubernden Bastelset kannst du wundersch\u00f6nen Schmuck im einzigartigen Einhorn-Design herstellen. Perfekt f\u00fcr Kinder ab 5 Jahren, die gerne basteln und ihrer Kreativit\u00e4t freien Lauf lassen m\u00f6chten. Was dieses Set so toll macht Gestalte deine eigenen magischen Einhorn-Anh\u00e4nger [&hellip;]","og_url":"https:\/\/ses-creative.com\/de\/produkt\/unicorn-amulettarmbaender\/","og_site_name":"SES Creative","article_modified_time":"2026-02-06T09:51:47+00:00","twitter_card":"summary_large_image","twitter_misc":{"Gesch\u00e4tzte Lesezeit":"1\u00a0Minute"},"schema":{"@context":"https:\/\/schema.org","@graph":[{"@type":"WebPage","@id":"https:\/\/ses-creative.com\/de\/produkt\/unicorn-amulettarmbaender\/","url":"https:\/\/ses-creative.com\/de\/produkt\/unicorn-amulettarmbaender\/","name":"Unicorn - Amulettarmb\u00e4nder - SES Creative","isPartOf":{"@id":"https:\/\/ses-creative.com\/#website"},"primaryImageOfPage":{"@id":"https:\/\/ses-creative.com\/de\/produkt\/unicorn-amulettarmbaender\/#primaryimage"},"image":{"@id":"https:\/\/ses-creative.com\/de\/produkt\/unicorn-amulettarmbaender\/#primaryimage"},"thumbnailUrl":"https:\/\/ses-creative.com\/wp-content\/uploads\/2026\/01\/147481.jpg","datePublished":"2026-02-05T13:52:56+00:00","dateModified":"2026-02-06T09:51:47+00:00","breadcrumb":{"@id":"https:\/\/ses-creative.com\/de\/produkt\/unicorn-amulettarmbaender\/#breadcrumb"},"inLanguage":"de","potentialAction":[{"@type":"ReadAction","target":["https:\/\/ses-creative.com\/de\/produkt\/unicorn-amulettarmbaender\/"]}]},{"@type":"ImageObject","inLanguage":"de","@id":"https:\/\/ses-creative.com\/de\/produkt\/unicorn-amulettarmbaender\/#primaryimage","url":"https:\/\/ses-creative.com\/wp-content\/uploads\/2026\/01\/147481.jpg","contentUrl":"https:\/\/ses-creative.com\/wp-content\/uploads\/2026\/01\/147481.jpg","width":1000,"height":1000},{"@type":"BreadcrumbList","@id":"https:\/\/ses-creative.com\/de\/produkt\/unicorn-amulettarmbaender\/#breadcrumb","itemListElement":[{"@type":"ListItem","position":1,"name":"Shop","item":"https:\/\/ses-creative.com\/de\/shop\/"},{"@type":"ListItem","position":2,"name":"Basteln","item":"https:\/\/ses-creative.com\/de\/product-categorie\/basteln\/"},{"@type":"ListItem","position":3,"name":"Unicorn &#8211; Amulettarmb\u00e4nder"}]},{"@type":"WebSite","@id":"https:\/\/ses-creative.com\/#website","url":"https:\/\/ses-creative.com\/","name":"SES Creative","description":"","publisher":{"@id":"https:\/\/ses-creative.com\/#organization"},"potentialAction":[{"@type":"SearchAction","target":{"@type":"EntryPoint","urlTemplate":"https:\/\/ses-creative.com\/?s={search_term_string}"},"query-input":{"@type":"PropertyValueSpecification","valueRequired":true,"valueName":"search_term_string"}}],"inLanguage":"de"},{"@type":"Organization","@id":"https:\/\/ses-creative.com\/#organization","name":"SES Creative","url":"https:\/\/ses-creative.com\/","logo":{"@type":"ImageObject","inLanguage":"de","@id":"https:\/\/ses-creative.com\/#\/schema\/logo\/image\/","url":"https:\/\/ses-creative.com\/wp-content\/uploads\/2025\/10\/ses-creative-logo.jpg","contentUrl":"https:\/\/ses-creative.com\/wp-content\/uploads\/2025\/10\/ses-creative-logo.jpg","width":2037,"height":2037,"caption":"SES Creative"},"image":{"@id":"https:\/\/ses-creative.com\/#\/schema\/logo\/image\/"}}]}},"_links":{"self":[{"href":"https:\/\/ses-creative.com\/de\/wp-json\/wp\/v2\/product\/114797","targetHints":{"allow":["GET"]}}],"collection":[{"href":"https:\/\/ses-creative.com\/de\/wp-json\/wp\/v2\/product"}],"about":[{"href":"https:\/\/ses-creative.com\/de\/wp-json\/wp\/v2\/types\/product"}],"replies":[{"embeddable":true,"href":"https:\/\/ses-creative.com\/de\/wp-json\/wp\/v2\/comments?post=114797"}],"wp:featuredmedia":[{"embeddable":true,"href":"https:\/\/ses-creative.com\/de\/wp-json\/wp\/v2\/media\/104416"}],"wp:attachment":[{"href":"https:\/\/ses-creative.com\/de\/wp-json\/wp\/v2\/media?parent=114797"}],"wp:term":[{"taxonomy":"product_brand","embeddable":true,"href":"https:\/\/ses-creative.com\/de\/wp-json\/wp\/v2\/product_brand?post=114797"},{"taxonomy":"product_cat","embeddable":true,"href":"https:\/\/ses-creative.com\/de\/wp-json\/wp\/v2\/product_cat?post=114797"},{"taxonomy":"product_tag","embeddable":true,"href":"https:\/\/ses-creative.com\/de\/wp-json\/wp\/v2\/product_tag?post=114797"}],"curies":[{"name":"wp","href":"https:\/\/api.w.org\/{rel}","templated":true}]}}