











{"id":114796,"date":"2026-02-05T13:52:56","date_gmt":"2026-02-05T13:52:56","guid":{"rendered":"https:\/\/ses-creative.com\/?post_type=product&#038;p=114796"},"modified":"2026-02-06T09:51:47","modified_gmt":"2026-02-06T09:51:47","slug":"puffy-sticker-armbaender","status":"publish","type":"product","link":"https:\/\/ses-creative.com\/de\/produkt\/puffy-sticker-armbaender\/","title":{"rendered":"Puffy Sticker Armb\u00e4nder"},"content":{"rendered":"<p>Hobby Pink \u2013 Puffy Sticker Armb\u00e4nder<\/p>\n<p>Entwerfen Sie trendigen Schmuck mit dem Puffy Sticker Armb\u00e4nder Set von SES Creative! Lassen Sie Ihrer Kreativit\u00e4t freien Lauf und gestalten Sie stilvolle Accessoires, die so einzigartig sind wie Sie selbst. Mit diesem fr\u00f6hlichen Bastelset k\u00f6nnen Sie ganz einfach Ihre eigenen Armb\u00e4nder entwerfen, verzieren und tragen. Perfekt f\u00fcr Kinder ab 5 Jahren, die gerne Schmuck basteln.<\/p>\n<p>Was dieses Set so toll macht<\/p>\n<p>Enth\u00e4lt 60 glitzernde Puffy-Sticker f\u00fcr zus\u00e4tzlichen Glanz<br \/>\nGestalte 30 einzigartige Anh\u00e4nger, indem du Sticker miteinander verklebst<br \/>\nKombinieren Sie Anh\u00e4nger mit Perlen zu 5 trendigen Armb\u00e4ndern<br \/>\nF\u00f6rdert Kreativit\u00e4t, Feinmotorik und Selbstdarstellung<br \/>\nInklusive leicht verst\u00e4ndlicher Anleitung<\/p>\n<p>Lassen Sie Ihren pers\u00f6nlichen Stil erstrahlen<br \/>\nMit dem Puffy Sticker Armband-Set verwandeln Sie einen kreativen Nachmittag in eine glanzvolle Modenschau. Kreieren Sie Anh\u00e4nger in Ihren Lieblingsfarben, kombinieren Sie sie mit Perlen und entwerfen Sie Schmuck, der wirklich zu Ihnen passt. Ob Sie sie selbst tragen oder verschenken, jedes Armband erz\u00e4hlt Ihre Geschichte.<\/p>\n<p>Inhalt des Sets<\/p>\n<p>60 Puffy-Sticker<br \/>\nPerlen in verschiedenen Farben<br \/>\nElastischer Faden<br \/>\n5 Armb\u00e4nder<br \/>\n30 Verbindungsringe<br \/>\nAnleitung<\/p>\n<p>Warum SES Creative<br \/>\nBei SES Creative legen wir gro\u00dfen Wert auf Sicherheit. Deshalb werden die Produkte in unserem Werk in den Niederlanden nach den strengsten europ\u00e4ischen Sicherheitsnormen hergestellt und getestet. Spielzeug von SES Creative sorgt f\u00fcr Spa\u00df und soll Kindern ein Gef\u00fchl des Stolzes auf ihre Arbeit vermitteln, was ihre Kreativit\u00e4t und Entwicklung f\u00f6rdert.<\/p>\n<p>Beginnen Sie noch heute mit Ihrer funkelnden Schmuckkollektion<br \/>\nLassen Sie Ihrer Kreativit\u00e4t freien Lauf und gestalten Sie Armb\u00e4nder, die Sie mit Stolz tragen oder verschenken k\u00f6nnen!<\/p>\n","protected":false},"excerpt":{"rendered":"<p>Hobby Pink \u2013 Puffy Sticker Armb\u00e4nder Entwerfen Sie trendigen Schmuck mit dem Puffy Sticker Armb\u00e4nder Set von SES Creative! Lassen Sie Ihrer Kreativit\u00e4t freien Lauf und gestalten Sie stilvolle Accessoires, die so einzigartig sind wie Sie selbst. Mit diesem fr\u00f6hlichen Bastelset k\u00f6nnen Sie ganz einfach Ihre eigenen Armb\u00e4nder entwerfen, verzieren und tragen. Perfekt f\u00fcr Kinder [&hellip;]<\/p>\n","protected":false},"featured_media":104396,"comment_status":"closed","ping_status":"closed","template":"","meta":{"_acf_changed":false},"product_brand":[],"product_cat":[115],"product_tag":[],"class_list":{"0":"post-114796","1":"product","2":"type-product","3":"status-publish","4":"has-post-thumbnail","6":"product_cat-basteln","7":"pa_leeftijd-filter-4-6-jahre","8":"pa_meest-populair-bij-maedchen","10":"first","11":"instock","12":"shipping-taxable","13":"product-type-simple"},"acf":[],"yoast_head":"<!-- This site is optimized with the Yoast SEO plugin v27.2 - https:\/\/yoast.com\/product\/yoast-seo-wordpress\/ -->\n<title>Puffy Sticker Armb\u00e4nder - SES Creative<\/title>\n<meta name=\"robots\" content=\"index, follow, max-snippet:-1, max-image-preview:large, max-video-preview:-1\" \/>\n<link rel=\"canonical\" href=\"https:\/\/ses-creative.com\/de\/produkt\/puffy-sticker-armbaender\/\" \/>\n<meta property=\"og:locale\" content=\"de_DE\" \/>\n<meta property=\"og:type\" content=\"article\" \/>\n<meta property=\"og:title\" content=\"Puffy Sticker Armb\u00e4nder - SES Creative\" \/>\n<meta property=\"og:description\" content=\"Hobby Pink \u2013 Puffy Sticker Armb\u00e4nder Entwerfen Sie trendigen Schmuck mit dem Puffy Sticker Armb\u00e4nder Set von SES Creative! Lassen Sie Ihrer Kreativit\u00e4t freien Lauf und gestalten Sie stilvolle Accessoires, die so einzigartig sind wie Sie selbst. Mit diesem fr\u00f6hlichen Bastelset k\u00f6nnen Sie ganz einfach Ihre eigenen Armb\u00e4nder entwerfen, verzieren und tragen. Perfekt f\u00fcr Kinder [&hellip;]\" \/>\n<meta property=\"og:url\" content=\"https:\/\/ses-creative.com\/de\/produkt\/puffy-sticker-armbaender\/\" \/>\n<meta property=\"og:site_name\" content=\"SES Creative\" \/>\n<meta property=\"article:modified_time\" content=\"2026-02-06T09:51:47+00:00\" \/>\n<meta name=\"twitter:card\" content=\"summary_large_image\" \/>\n<meta name=\"twitter:label1\" content=\"Gesch\u00e4tzte Lesezeit\" \/>\n\t<meta name=\"twitter:data1\" content=\"1\u00a0Minute\" \/>\n<script type=\"application\/ld+json\" class=\"yoast-schema-graph\">{\"@context\":\"https:\/\/schema.org\",\"@graph\":[{\"@type\":\"WebPage\",\"@id\":\"https:\/\/ses-creative.com\/de\/produkt\/puffy-sticker-armbaender\/\",\"url\":\"https:\/\/ses-creative.com\/de\/produkt\/puffy-sticker-armbaender\/\",\"name\":\"Puffy Sticker Armb\u00e4nder - SES Creative\",\"isPartOf\":{\"@id\":\"https:\/\/ses-creative.com\/#website\"},\"primaryImageOfPage\":{\"@id\":\"https:\/\/ses-creative.com\/de\/produkt\/puffy-sticker-armbaender\/#primaryimage\"},\"image\":{\"@id\":\"https:\/\/ses-creative.com\/de\/produkt\/puffy-sticker-armbaender\/#primaryimage\"},\"thumbnailUrl\":\"https:\/\/ses-creative.com\/wp-content\/uploads\/2026\/01\/147471.jpg\",\"datePublished\":\"2026-02-05T13:52:56+00:00\",\"dateModified\":\"2026-02-06T09:51:47+00:00\",\"breadcrumb\":{\"@id\":\"https:\/\/ses-creative.com\/de\/produkt\/puffy-sticker-armbaender\/#breadcrumb\"},\"inLanguage\":\"de\",\"potentialAction\":[{\"@type\":\"ReadAction\",\"target\":[\"https:\/\/ses-creative.com\/de\/produkt\/puffy-sticker-armbaender\/\"]}]},{\"@type\":\"ImageObject\",\"inLanguage\":\"de\",\"@id\":\"https:\/\/ses-creative.com\/de\/produkt\/puffy-sticker-armbaender\/#primaryimage\",\"url\":\"https:\/\/ses-creative.com\/wp-content\/uploads\/2026\/01\/147471.jpg\",\"contentUrl\":\"https:\/\/ses-creative.com\/wp-content\/uploads\/2026\/01\/147471.jpg\",\"width\":1000,\"height\":1000},{\"@type\":\"BreadcrumbList\",\"@id\":\"https:\/\/ses-creative.com\/de\/produkt\/puffy-sticker-armbaender\/#breadcrumb\",\"itemListElement\":[{\"@type\":\"ListItem\",\"position\":1,\"name\":\"Shop\",\"item\":\"https:\/\/ses-creative.com\/de\/shop\/\"},{\"@type\":\"ListItem\",\"position\":2,\"name\":\"Basteln\",\"item\":\"https:\/\/ses-creative.com\/de\/product-categorie\/basteln\/\"},{\"@type\":\"ListItem\",\"position\":3,\"name\":\"Puffy Sticker Armb\u00e4nder\"}]},{\"@type\":\"WebSite\",\"@id\":\"https:\/\/ses-creative.com\/#website\",\"url\":\"https:\/\/ses-creative.com\/\",\"name\":\"SES Creative\",\"description\":\"\",\"publisher\":{\"@id\":\"https:\/\/ses-creative.com\/#organization\"},\"potentialAction\":[{\"@type\":\"SearchAction\",\"target\":{\"@type\":\"EntryPoint\",\"urlTemplate\":\"https:\/\/ses-creative.com\/?s={search_term_string}\"},\"query-input\":{\"@type\":\"PropertyValueSpecification\",\"valueRequired\":true,\"valueName\":\"search_term_string\"}}],\"inLanguage\":\"de\"},{\"@type\":\"Organization\",\"@id\":\"https:\/\/ses-creative.com\/#organization\",\"name\":\"SES Creative\",\"url\":\"https:\/\/ses-creative.com\/\",\"logo\":{\"@type\":\"ImageObject\",\"inLanguage\":\"de\",\"@id\":\"https:\/\/ses-creative.com\/#\/schema\/logo\/image\/\",\"url\":\"https:\/\/ses-creative.com\/wp-content\/uploads\/2025\/10\/ses-creative-logo.jpg\",\"contentUrl\":\"https:\/\/ses-creative.com\/wp-content\/uploads\/2025\/10\/ses-creative-logo.jpg\",\"width\":2037,\"height\":2037,\"caption\":\"SES Creative\"},\"image\":{\"@id\":\"https:\/\/ses-creative.com\/#\/schema\/logo\/image\/\"}}]}<\/script>\n<!-- \/ Yoast SEO plugin. -->","yoast_head_json":{"title":"Puffy Sticker Armb\u00e4nder - SES Creative","robots":{"index":"index","follow":"follow","max-snippet":"max-snippet:-1","max-image-preview":"max-image-preview:large","max-video-preview":"max-video-preview:-1"},"canonical":"https:\/\/ses-creative.com\/de\/produkt\/puffy-sticker-armbaender\/","og_locale":"de_DE","og_type":"article","og_title":"Puffy Sticker Armb\u00e4nder - SES Creative","og_description":"Hobby Pink \u2013 Puffy Sticker Armb\u00e4nder Entwerfen Sie trendigen Schmuck mit dem Puffy Sticker Armb\u00e4nder Set von SES Creative! Lassen Sie Ihrer Kreativit\u00e4t freien Lauf und gestalten Sie stilvolle Accessoires, die so einzigartig sind wie Sie selbst. Mit diesem fr\u00f6hlichen Bastelset k\u00f6nnen Sie ganz einfach Ihre eigenen Armb\u00e4nder entwerfen, verzieren und tragen. Perfekt f\u00fcr Kinder [&hellip;]","og_url":"https:\/\/ses-creative.com\/de\/produkt\/puffy-sticker-armbaender\/","og_site_name":"SES Creative","article_modified_time":"2026-02-06T09:51:47+00:00","twitter_card":"summary_large_image","twitter_misc":{"Gesch\u00e4tzte Lesezeit":"1\u00a0Minute"},"schema":{"@context":"https:\/\/schema.org","@graph":[{"@type":"WebPage","@id":"https:\/\/ses-creative.com\/de\/produkt\/puffy-sticker-armbaender\/","url":"https:\/\/ses-creative.com\/de\/produkt\/puffy-sticker-armbaender\/","name":"Puffy Sticker Armb\u00e4nder - SES Creative","isPartOf":{"@id":"https:\/\/ses-creative.com\/#website"},"primaryImageOfPage":{"@id":"https:\/\/ses-creative.com\/de\/produkt\/puffy-sticker-armbaender\/#primaryimage"},"image":{"@id":"https:\/\/ses-creative.com\/de\/produkt\/puffy-sticker-armbaender\/#primaryimage"},"thumbnailUrl":"https:\/\/ses-creative.com\/wp-content\/uploads\/2026\/01\/147471.jpg","datePublished":"2026-02-05T13:52:56+00:00","dateModified":"2026-02-06T09:51:47+00:00","breadcrumb":{"@id":"https:\/\/ses-creative.com\/de\/produkt\/puffy-sticker-armbaender\/#breadcrumb"},"inLanguage":"de","potentialAction":[{"@type":"ReadAction","target":["https:\/\/ses-creative.com\/de\/produkt\/puffy-sticker-armbaender\/"]}]},{"@type":"ImageObject","inLanguage":"de","@id":"https:\/\/ses-creative.com\/de\/produkt\/puffy-sticker-armbaender\/#primaryimage","url":"https:\/\/ses-creative.com\/wp-content\/uploads\/2026\/01\/147471.jpg","contentUrl":"https:\/\/ses-creative.com\/wp-content\/uploads\/2026\/01\/147471.jpg","width":1000,"height":1000},{"@type":"BreadcrumbList","@id":"https:\/\/ses-creative.com\/de\/produkt\/puffy-sticker-armbaender\/#breadcrumb","itemListElement":[{"@type":"ListItem","position":1,"name":"Shop","item":"https:\/\/ses-creative.com\/de\/shop\/"},{"@type":"ListItem","position":2,"name":"Basteln","item":"https:\/\/ses-creative.com\/de\/product-categorie\/basteln\/"},{"@type":"ListItem","position":3,"name":"Puffy Sticker Armb\u00e4nder"}]},{"@type":"WebSite","@id":"https:\/\/ses-creative.com\/#website","url":"https:\/\/ses-creative.com\/","name":"SES Creative","description":"","publisher":{"@id":"https:\/\/ses-creative.com\/#organization"},"potentialAction":[{"@type":"SearchAction","target":{"@type":"EntryPoint","urlTemplate":"https:\/\/ses-creative.com\/?s={search_term_string}"},"query-input":{"@type":"PropertyValueSpecification","valueRequired":true,"valueName":"search_term_string"}}],"inLanguage":"de"},{"@type":"Organization","@id":"https:\/\/ses-creative.com\/#organization","name":"SES Creative","url":"https:\/\/ses-creative.com\/","logo":{"@type":"ImageObject","inLanguage":"de","@id":"https:\/\/ses-creative.com\/#\/schema\/logo\/image\/","url":"https:\/\/ses-creative.com\/wp-content\/uploads\/2025\/10\/ses-creative-logo.jpg","contentUrl":"https:\/\/ses-creative.com\/wp-content\/uploads\/2025\/10\/ses-creative-logo.jpg","width":2037,"height":2037,"caption":"SES Creative"},"image":{"@id":"https:\/\/ses-creative.com\/#\/schema\/logo\/image\/"}}]}},"_links":{"self":[{"href":"https:\/\/ses-creative.com\/de\/wp-json\/wp\/v2\/product\/114796","targetHints":{"allow":["GET"]}}],"collection":[{"href":"https:\/\/ses-creative.com\/de\/wp-json\/wp\/v2\/product"}],"about":[{"href":"https:\/\/ses-creative.com\/de\/wp-json\/wp\/v2\/types\/product"}],"replies":[{"embeddable":true,"href":"https:\/\/ses-creative.com\/de\/wp-json\/wp\/v2\/comments?post=114796"}],"wp:featuredmedia":[{"embeddable":true,"href":"https:\/\/ses-creative.com\/de\/wp-json\/wp\/v2\/media\/104396"}],"wp:attachment":[{"href":"https:\/\/ses-creative.com\/de\/wp-json\/wp\/v2\/media?parent=114796"}],"wp:term":[{"taxonomy":"product_brand","embeddable":true,"href":"https:\/\/ses-creative.com\/de\/wp-json\/wp\/v2\/product_brand?post=114796"},{"taxonomy":"product_cat","embeddable":true,"href":"https:\/\/ses-creative.com\/de\/wp-json\/wp\/v2\/product_cat?post=114796"},{"taxonomy":"product_tag","embeddable":true,"href":"https:\/\/ses-creative.com\/de\/wp-json\/wp\/v2\/product_tag?post=114796"}],"curies":[{"name":"wp","href":"https:\/\/api.w.org\/{rel}","templated":true}]}}