











{"id":114795,"date":"2026-02-05T13:52:56","date_gmt":"2026-02-05T13:52:56","guid":{"rendered":"https:\/\/ses-creative.com\/?post_type=product&#038;p=114795"},"modified":"2026-02-06T09:51:47","modified_gmt":"2026-02-06T09:51:47","slug":"glasperlenarmbaender","status":"publish","type":"product","link":"https:\/\/ses-creative.com\/de\/produkt\/glasperlenarmbaender\/","title":{"rendered":"Glasperlenarmb\u00e4nder"},"content":{"rendered":"<p>Hobby Pink \u2013 Wundersch\u00f6ne Glasperlenarmb\u00e4nder<\/p>\n<p>Gestalte selbst die sch\u00f6nsten Glasperlenarmb\u00e4nder mit diesem wundersch\u00f6nen Set von SES Creative! Der stabile Holzwebrahmen und die bunten Glasperlen machen es einfach, einzigartigen Schmuck zu kreieren. Spanne das Gummiband, w\u00e4hle deine Lieblingsperlen aus und beginne mit dem Weben. Perfekt f\u00fcr junge Schmuckdesigner mit einer Leidenschaft f\u00fcr Kreativit\u00e4t.<\/p>\n<p>Was dieses Set so toll macht<\/p>\n<p>Stabiler Holzwebrahmen f\u00fcr langlebigen Gebrauch<br \/>\nEinfach zu bedienen, auch f\u00fcr Kinder<br \/>\nInklusive Gummiband f\u00fcr strapazierf\u00e4hige Armb\u00e4nder<br \/>\nF\u00f6rdert die Feinmotorik und Kreativit\u00e4t<br \/>\nPerfekt f\u00fcr Kinder ab 6 Jahren<\/p>\n<p>Entwerfen und weben Sie Ihren eigenen Schmuck<br \/>\nMit diesem Set k\u00f6nnen Kinder ihre eigenen Glasperlenarmb\u00e4nder entwerfen und herstellen. Es ist einfach, macht Spa\u00df und gibt Kindern die M\u00f6glichkeit, ihren eigenen Stil zu entwickeln. Das Gef\u00fchl des Stolzes, wenn sie ihren selbstgemachten Schmuck tragen, macht es zu etwas ganz Besonderem.<\/p>\n<p>Inhalt des Sets<\/p>\n<p>Holzwebrahmen<br \/>\nMischung aus Glasperlen<br \/>\nElastischer Faden<br \/>\nAnleitung<\/p>\n<p>Warum SES Creative<br \/>\nBei SES Creative legen wir gro\u00dfen Wert auf Sicherheit. Deshalb werden die Produkte in unserem Werk in den Niederlanden nach den strengsten europ\u00e4ischen Sicherheitsnormen hergestellt und getestet. Spielzeug von SES Creative sorgt f\u00fcr Spa\u00df und soll Kindern ein Gef\u00fchl des Stolzes auf ihre Arbeit vermitteln, was ihre Kreativit\u00e4t und Entwicklung f\u00f6rdert.<\/p>\n<p>Starten Sie noch heute mit Ihrer eigenen Schmucklinie<br \/>\nLassen Sie Ihrer Kreativit\u00e4t freien Lauf und gestalten Sie wundersch\u00f6ne Armb\u00e4nder mit dem Glasperlen-Armband-Set von SES Creative. Ideal f\u00fcr stundenlangen kreativen Spielspa\u00df!<\/p>\n","protected":false},"excerpt":{"rendered":"<p>Hobby Pink \u2013 Wundersch\u00f6ne Glasperlenarmb\u00e4nder Gestalte selbst die sch\u00f6nsten Glasperlenarmb\u00e4nder mit diesem wundersch\u00f6nen Set von SES Creative! Der stabile Holzwebrahmen und die bunten Glasperlen machen es einfach, einzigartigen Schmuck zu kreieren. Spanne das Gummiband, w\u00e4hle deine Lieblingsperlen aus und beginne mit dem Weben. Perfekt f\u00fcr junge Schmuckdesigner mit einer Leidenschaft f\u00fcr Kreativit\u00e4t. Was dieses Set [&hellip;]<\/p>\n","protected":false},"featured_media":104376,"comment_status":"closed","ping_status":"closed","template":"","meta":{"_acf_changed":false},"product_brand":[],"product_cat":[115],"product_tag":[],"class_list":{"0":"post-114795","1":"product","2":"type-product","3":"status-publish","4":"has-post-thumbnail","6":"product_cat-basteln","7":"pa_leeftijd-filter-4-6-jahre","8":"pa_meest-populair-bij-maedchen","10":"first","11":"instock","12":"shipping-taxable","13":"product-type-simple"},"acf":[],"yoast_head":"<!-- This site is optimized with the Yoast SEO plugin v27.2 - https:\/\/yoast.com\/product\/yoast-seo-wordpress\/ -->\n<title>Glasperlenarmb\u00e4nder - SES Creative<\/title>\n<meta name=\"robots\" content=\"index, follow, max-snippet:-1, max-image-preview:large, max-video-preview:-1\" \/>\n<link rel=\"canonical\" href=\"https:\/\/ses-creative.com\/de\/produkt\/glasperlenarmbaender\/\" \/>\n<meta property=\"og:locale\" content=\"de_DE\" \/>\n<meta property=\"og:type\" content=\"article\" \/>\n<meta property=\"og:title\" content=\"Glasperlenarmb\u00e4nder - SES Creative\" \/>\n<meta property=\"og:description\" content=\"Hobby Pink \u2013 Wundersch\u00f6ne Glasperlenarmb\u00e4nder Gestalte selbst die sch\u00f6nsten Glasperlenarmb\u00e4nder mit diesem wundersch\u00f6nen Set von SES Creative! Der stabile Holzwebrahmen und die bunten Glasperlen machen es einfach, einzigartigen Schmuck zu kreieren. Spanne das Gummiband, w\u00e4hle deine Lieblingsperlen aus und beginne mit dem Weben. Perfekt f\u00fcr junge Schmuckdesigner mit einer Leidenschaft f\u00fcr Kreativit\u00e4t. Was dieses Set [&hellip;]\" \/>\n<meta property=\"og:url\" content=\"https:\/\/ses-creative.com\/de\/produkt\/glasperlenarmbaender\/\" \/>\n<meta property=\"og:site_name\" content=\"SES Creative\" \/>\n<meta property=\"article:modified_time\" content=\"2026-02-06T09:51:47+00:00\" \/>\n<meta name=\"twitter:card\" content=\"summary_large_image\" \/>\n<meta name=\"twitter:label1\" content=\"Gesch\u00e4tzte Lesezeit\" \/>\n\t<meta name=\"twitter:data1\" content=\"1\u00a0Minute\" \/>\n<script type=\"application\/ld+json\" class=\"yoast-schema-graph\">{\"@context\":\"https:\/\/schema.org\",\"@graph\":[{\"@type\":\"WebPage\",\"@id\":\"https:\/\/ses-creative.com\/de\/produkt\/glasperlenarmbaender\/\",\"url\":\"https:\/\/ses-creative.com\/de\/produkt\/glasperlenarmbaender\/\",\"name\":\"Glasperlenarmb\u00e4nder - SES Creative\",\"isPartOf\":{\"@id\":\"https:\/\/ses-creative.com\/#website\"},\"primaryImageOfPage\":{\"@id\":\"https:\/\/ses-creative.com\/de\/produkt\/glasperlenarmbaender\/#primaryimage\"},\"image\":{\"@id\":\"https:\/\/ses-creative.com\/de\/produkt\/glasperlenarmbaender\/#primaryimage\"},\"thumbnailUrl\":\"https:\/\/ses-creative.com\/wp-content\/uploads\/2026\/01\/147451.jpg\",\"datePublished\":\"2026-02-05T13:52:56+00:00\",\"dateModified\":\"2026-02-06T09:51:47+00:00\",\"breadcrumb\":{\"@id\":\"https:\/\/ses-creative.com\/de\/produkt\/glasperlenarmbaender\/#breadcrumb\"},\"inLanguage\":\"de\",\"potentialAction\":[{\"@type\":\"ReadAction\",\"target\":[\"https:\/\/ses-creative.com\/de\/produkt\/glasperlenarmbaender\/\"]}]},{\"@type\":\"ImageObject\",\"inLanguage\":\"de\",\"@id\":\"https:\/\/ses-creative.com\/de\/produkt\/glasperlenarmbaender\/#primaryimage\",\"url\":\"https:\/\/ses-creative.com\/wp-content\/uploads\/2026\/01\/147451.jpg\",\"contentUrl\":\"https:\/\/ses-creative.com\/wp-content\/uploads\/2026\/01\/147451.jpg\",\"width\":1000,\"height\":1000},{\"@type\":\"BreadcrumbList\",\"@id\":\"https:\/\/ses-creative.com\/de\/produkt\/glasperlenarmbaender\/#breadcrumb\",\"itemListElement\":[{\"@type\":\"ListItem\",\"position\":1,\"name\":\"Shop\",\"item\":\"https:\/\/ses-creative.com\/de\/shop\/\"},{\"@type\":\"ListItem\",\"position\":2,\"name\":\"Basteln\",\"item\":\"https:\/\/ses-creative.com\/de\/product-categorie\/basteln\/\"},{\"@type\":\"ListItem\",\"position\":3,\"name\":\"Glasperlenarmb\u00e4nder\"}]},{\"@type\":\"WebSite\",\"@id\":\"https:\/\/ses-creative.com\/#website\",\"url\":\"https:\/\/ses-creative.com\/\",\"name\":\"SES Creative\",\"description\":\"\",\"publisher\":{\"@id\":\"https:\/\/ses-creative.com\/#organization\"},\"potentialAction\":[{\"@type\":\"SearchAction\",\"target\":{\"@type\":\"EntryPoint\",\"urlTemplate\":\"https:\/\/ses-creative.com\/?s={search_term_string}\"},\"query-input\":{\"@type\":\"PropertyValueSpecification\",\"valueRequired\":true,\"valueName\":\"search_term_string\"}}],\"inLanguage\":\"de\"},{\"@type\":\"Organization\",\"@id\":\"https:\/\/ses-creative.com\/#organization\",\"name\":\"SES Creative\",\"url\":\"https:\/\/ses-creative.com\/\",\"logo\":{\"@type\":\"ImageObject\",\"inLanguage\":\"de\",\"@id\":\"https:\/\/ses-creative.com\/#\/schema\/logo\/image\/\",\"url\":\"https:\/\/ses-creative.com\/wp-content\/uploads\/2025\/10\/ses-creative-logo.jpg\",\"contentUrl\":\"https:\/\/ses-creative.com\/wp-content\/uploads\/2025\/10\/ses-creative-logo.jpg\",\"width\":2037,\"height\":2037,\"caption\":\"SES Creative\"},\"image\":{\"@id\":\"https:\/\/ses-creative.com\/#\/schema\/logo\/image\/\"}}]}<\/script>\n<!-- \/ Yoast SEO plugin. -->","yoast_head_json":{"title":"Glasperlenarmb\u00e4nder - SES Creative","robots":{"index":"index","follow":"follow","max-snippet":"max-snippet:-1","max-image-preview":"max-image-preview:large","max-video-preview":"max-video-preview:-1"},"canonical":"https:\/\/ses-creative.com\/de\/produkt\/glasperlenarmbaender\/","og_locale":"de_DE","og_type":"article","og_title":"Glasperlenarmb\u00e4nder - SES Creative","og_description":"Hobby Pink \u2013 Wundersch\u00f6ne Glasperlenarmb\u00e4nder Gestalte selbst die sch\u00f6nsten Glasperlenarmb\u00e4nder mit diesem wundersch\u00f6nen Set von SES Creative! Der stabile Holzwebrahmen und die bunten Glasperlen machen es einfach, einzigartigen Schmuck zu kreieren. Spanne das Gummiband, w\u00e4hle deine Lieblingsperlen aus und beginne mit dem Weben. Perfekt f\u00fcr junge Schmuckdesigner mit einer Leidenschaft f\u00fcr Kreativit\u00e4t. Was dieses Set [&hellip;]","og_url":"https:\/\/ses-creative.com\/de\/produkt\/glasperlenarmbaender\/","og_site_name":"SES Creative","article_modified_time":"2026-02-06T09:51:47+00:00","twitter_card":"summary_large_image","twitter_misc":{"Gesch\u00e4tzte Lesezeit":"1\u00a0Minute"},"schema":{"@context":"https:\/\/schema.org","@graph":[{"@type":"WebPage","@id":"https:\/\/ses-creative.com\/de\/produkt\/glasperlenarmbaender\/","url":"https:\/\/ses-creative.com\/de\/produkt\/glasperlenarmbaender\/","name":"Glasperlenarmb\u00e4nder - SES Creative","isPartOf":{"@id":"https:\/\/ses-creative.com\/#website"},"primaryImageOfPage":{"@id":"https:\/\/ses-creative.com\/de\/produkt\/glasperlenarmbaender\/#primaryimage"},"image":{"@id":"https:\/\/ses-creative.com\/de\/produkt\/glasperlenarmbaender\/#primaryimage"},"thumbnailUrl":"https:\/\/ses-creative.com\/wp-content\/uploads\/2026\/01\/147451.jpg","datePublished":"2026-02-05T13:52:56+00:00","dateModified":"2026-02-06T09:51:47+00:00","breadcrumb":{"@id":"https:\/\/ses-creative.com\/de\/produkt\/glasperlenarmbaender\/#breadcrumb"},"inLanguage":"de","potentialAction":[{"@type":"ReadAction","target":["https:\/\/ses-creative.com\/de\/produkt\/glasperlenarmbaender\/"]}]},{"@type":"ImageObject","inLanguage":"de","@id":"https:\/\/ses-creative.com\/de\/produkt\/glasperlenarmbaender\/#primaryimage","url":"https:\/\/ses-creative.com\/wp-content\/uploads\/2026\/01\/147451.jpg","contentUrl":"https:\/\/ses-creative.com\/wp-content\/uploads\/2026\/01\/147451.jpg","width":1000,"height":1000},{"@type":"BreadcrumbList","@id":"https:\/\/ses-creative.com\/de\/produkt\/glasperlenarmbaender\/#breadcrumb","itemListElement":[{"@type":"ListItem","position":1,"name":"Shop","item":"https:\/\/ses-creative.com\/de\/shop\/"},{"@type":"ListItem","position":2,"name":"Basteln","item":"https:\/\/ses-creative.com\/de\/product-categorie\/basteln\/"},{"@type":"ListItem","position":3,"name":"Glasperlenarmb\u00e4nder"}]},{"@type":"WebSite","@id":"https:\/\/ses-creative.com\/#website","url":"https:\/\/ses-creative.com\/","name":"SES Creative","description":"","publisher":{"@id":"https:\/\/ses-creative.com\/#organization"},"potentialAction":[{"@type":"SearchAction","target":{"@type":"EntryPoint","urlTemplate":"https:\/\/ses-creative.com\/?s={search_term_string}"},"query-input":{"@type":"PropertyValueSpecification","valueRequired":true,"valueName":"search_term_string"}}],"inLanguage":"de"},{"@type":"Organization","@id":"https:\/\/ses-creative.com\/#organization","name":"SES Creative","url":"https:\/\/ses-creative.com\/","logo":{"@type":"ImageObject","inLanguage":"de","@id":"https:\/\/ses-creative.com\/#\/schema\/logo\/image\/","url":"https:\/\/ses-creative.com\/wp-content\/uploads\/2025\/10\/ses-creative-logo.jpg","contentUrl":"https:\/\/ses-creative.com\/wp-content\/uploads\/2025\/10\/ses-creative-logo.jpg","width":2037,"height":2037,"caption":"SES Creative"},"image":{"@id":"https:\/\/ses-creative.com\/#\/schema\/logo\/image\/"}}]}},"_links":{"self":[{"href":"https:\/\/ses-creative.com\/de\/wp-json\/wp\/v2\/product\/114795","targetHints":{"allow":["GET"]}}],"collection":[{"href":"https:\/\/ses-creative.com\/de\/wp-json\/wp\/v2\/product"}],"about":[{"href":"https:\/\/ses-creative.com\/de\/wp-json\/wp\/v2\/types\/product"}],"replies":[{"embeddable":true,"href":"https:\/\/ses-creative.com\/de\/wp-json\/wp\/v2\/comments?post=114795"}],"wp:featuredmedia":[{"embeddable":true,"href":"https:\/\/ses-creative.com\/de\/wp-json\/wp\/v2\/media\/104376"}],"wp:attachment":[{"href":"https:\/\/ses-creative.com\/de\/wp-json\/wp\/v2\/media?parent=114795"}],"wp:term":[{"taxonomy":"product_brand","embeddable":true,"href":"https:\/\/ses-creative.com\/de\/wp-json\/wp\/v2\/product_brand?post=114795"},{"taxonomy":"product_cat","embeddable":true,"href":"https:\/\/ses-creative.com\/de\/wp-json\/wp\/v2\/product_cat?post=114795"},{"taxonomy":"product_tag","embeddable":true,"href":"https:\/\/ses-creative.com\/de\/wp-json\/wp\/v2\/product_tag?post=114795"}],"curies":[{"name":"wp","href":"https:\/\/api.w.org\/{rel}","templated":true}]}}