











{"id":114794,"date":"2026-02-05T13:52:56","date_gmt":"2026-02-05T13:52:56","guid":{"rendered":"https:\/\/ses-creative.com\/?post_type=product&#038;p=114794"},"modified":"2026-02-06T09:51:47","modified_gmt":"2026-02-06T09:51:47","slug":"styling-girls-amulettarmbaender","status":"publish","type":"product","link":"https:\/\/ses-creative.com\/de\/produkt\/styling-girls-amulettarmbaender\/","title":{"rendered":"Styling Girls-Amulettarmb\u00e4nder"},"content":{"rendered":"<p>Hobby Pink \u2013 Fashion Girls Charm-Armb\u00e4nder: Entwerfen und tragen Sie Ihren eigenen magischen Schmuck!<\/p>\n<p>Mit dem Hobby Pink \u2013 Fashion Girls Charm-Armb\u00e4nder-Set von SES Creative kannst du einzigartige Charms und fr\u00f6hliche Armb\u00e4nder selbst basteln. Verwende die magische Schrumpffolie, um dein Design im Backofen 7-mal kleiner und 7-mal dicker zu machen. Verzieren Sie die Charms mit den mitgelieferten Buntstiften, f\u00e4deln Sie sie mit bunten Perlen auf die elastische Schnur und entwerfen Sie Armb\u00e4nder, die ganz zu Ihnen passen.<\/p>\n<p>Was dieses Set so toll macht<\/p>\n<p>Magische Schrumpffolie, die im Backofen 7-mal kleiner und 7-mal dicker wird<br \/>\nEnth\u00e4lt fr\u00f6hliche Vorlagen zum Nachzeichnen<br \/>\n8 Buntstifte in leuchtenden Farben<br \/>\nPerlenmix und Gummiband f\u00fcr einzigartigen Schmuck<br \/>\nF\u00f6rdert Kreativit\u00e4t, Feinmotorik und Modebewusstsein<\/p>\n<p>Vom Zeichnen zum Schmuckst\u00fcck<\/p>\n<p>\u00dcbertrage die Vorlagen der Fashion Girls auf die Schrumpffolie oder entwirf dein eigenes Design. Gib ihnen ein Outfit in deinem Stil, schneide sie aus und mache ein Loch. Lass die Anh\u00e4nger im Ofen schrumpfen und f\u00e4dle sie zusammen mit den Perlen auf die elastische Schnur. So entwirfst du Schmuck, der so einzigartig ist wie du.<\/p>\n<p>Inhalt des Sets<\/p>\n<p>2 B\u00f6gen magische Schrumpffolie<br \/>\n8 Buntstifte<br \/>\nElastisches Band (rosa)<br \/>\nPerlenmix in 4 Farben<br \/>\nAnleitung mit Beispielen<\/p>\n<p>Warum SES Creative w\u00e4hlen?<\/p>\n<p>Bei SES Creative legen wir gro\u00dfen Wert auf Sicherheit. Deshalb werden die Produkte in unserem Werk in den Niederlanden nach den strengsten europ\u00e4ischen Sicherheitsnormen hergestellt und getestet. Spielzeug von SES Creative macht Spa\u00df und soll Kindern ein Gef\u00fchl des Stolzes auf ihre Arbeit vermitteln, was ihre Kreativit\u00e4t und Entwicklung f\u00f6rdert.<\/p>\n<p>Beginnen Sie noch heute mit Ihren Modearmb\u00e4ndern<\/p>\n<p>Schnapp dir deine Stifte und Schrumpffolie, lass deiner Kreativit\u00e4t freien Lauf und gestalte Armb\u00e4nder, die echte Hingucker sind. Mit dem Hobby Pink \u2013 Fashion Girls Charm-Armband-Set kreierst du Modeaccessoires, die deinen Stil unterstreichen!<\/p>\n","protected":false},"excerpt":{"rendered":"<p>Hobby Pink \u2013 Fashion Girls Charm-Armb\u00e4nder: Entwerfen und tragen Sie Ihren eigenen magischen Schmuck! Mit dem Hobby Pink \u2013 Fashion Girls Charm-Armb\u00e4nder-Set von SES Creative kannst du einzigartige Charms und fr\u00f6hliche Armb\u00e4nder selbst basteln. Verwende die magische Schrumpffolie, um dein Design im Backofen 7-mal kleiner und 7-mal dicker zu machen. Verzieren Sie die Charms mit [&hellip;]<\/p>\n","protected":false},"featured_media":95460,"comment_status":"closed","ping_status":"closed","template":"","meta":{"_acf_changed":false},"product_brand":[],"product_cat":[115],"product_tag":[],"class_list":{"0":"post-114794","1":"product","2":"type-product","3":"status-publish","4":"has-post-thumbnail","6":"product_cat-basteln","7":"pa_leeftijd-filter-4-6-jahre","8":"pa_meest-populair-bij-maedchen","10":"first","11":"instock","12":"shipping-taxable","13":"product-type-simple"},"acf":[],"yoast_head":"<!-- This site is optimized with the Yoast SEO plugin v27.2 - https:\/\/yoast.com\/product\/yoast-seo-wordpress\/ -->\n<title>Styling Girls-Amulettarmb\u00e4nder - SES Creative<\/title>\n<meta name=\"robots\" content=\"index, follow, max-snippet:-1, max-image-preview:large, max-video-preview:-1\" \/>\n<link rel=\"canonical\" href=\"https:\/\/ses-creative.com\/de\/produkt\/styling-girls-amulettarmbaender\/\" \/>\n<meta property=\"og:locale\" content=\"de_DE\" \/>\n<meta property=\"og:type\" content=\"article\" \/>\n<meta property=\"og:title\" content=\"Styling Girls-Amulettarmb\u00e4nder - SES Creative\" \/>\n<meta property=\"og:description\" content=\"Hobby Pink \u2013 Fashion Girls Charm-Armb\u00e4nder: Entwerfen und tragen Sie Ihren eigenen magischen Schmuck! Mit dem Hobby Pink \u2013 Fashion Girls Charm-Armb\u00e4nder-Set von SES Creative kannst du einzigartige Charms und fr\u00f6hliche Armb\u00e4nder selbst basteln. Verwende die magische Schrumpffolie, um dein Design im Backofen 7-mal kleiner und 7-mal dicker zu machen. Verzieren Sie die Charms mit [&hellip;]\" \/>\n<meta property=\"og:url\" content=\"https:\/\/ses-creative.com\/de\/produkt\/styling-girls-amulettarmbaender\/\" \/>\n<meta property=\"og:site_name\" content=\"SES Creative\" \/>\n<meta property=\"article:modified_time\" content=\"2026-02-06T09:51:47+00:00\" \/>\n<meta name=\"twitter:card\" content=\"summary_large_image\" \/>\n<meta name=\"twitter:label1\" content=\"Gesch\u00e4tzte Lesezeit\" \/>\n\t<meta name=\"twitter:data1\" content=\"2\u00a0Minuten\" \/>\n<script type=\"application\/ld+json\" class=\"yoast-schema-graph\">{\"@context\":\"https:\/\/schema.org\",\"@graph\":[{\"@type\":\"WebPage\",\"@id\":\"https:\/\/ses-creative.com\/de\/produkt\/styling-girls-amulettarmbaender\/\",\"url\":\"https:\/\/ses-creative.com\/de\/produkt\/styling-girls-amulettarmbaender\/\",\"name\":\"Styling Girls-Amulettarmb\u00e4nder - SES Creative\",\"isPartOf\":{\"@id\":\"https:\/\/ses-creative.com\/#website\"},\"primaryImageOfPage\":{\"@id\":\"https:\/\/ses-creative.com\/de\/produkt\/styling-girls-amulettarmbaender\/#primaryimage\"},\"image\":{\"@id\":\"https:\/\/ses-creative.com\/de\/produkt\/styling-girls-amulettarmbaender\/#primaryimage\"},\"thumbnailUrl\":\"https:\/\/ses-creative.com\/wp-content\/uploads\/2026\/01\/147441.jpg\",\"datePublished\":\"2026-02-05T13:52:56+00:00\",\"dateModified\":\"2026-02-06T09:51:47+00:00\",\"breadcrumb\":{\"@id\":\"https:\/\/ses-creative.com\/de\/produkt\/styling-girls-amulettarmbaender\/#breadcrumb\"},\"inLanguage\":\"de\",\"potentialAction\":[{\"@type\":\"ReadAction\",\"target\":[\"https:\/\/ses-creative.com\/de\/produkt\/styling-girls-amulettarmbaender\/\"]}]},{\"@type\":\"ImageObject\",\"inLanguage\":\"de\",\"@id\":\"https:\/\/ses-creative.com\/de\/produkt\/styling-girls-amulettarmbaender\/#primaryimage\",\"url\":\"https:\/\/ses-creative.com\/wp-content\/uploads\/2026\/01\/147441.jpg\",\"contentUrl\":\"https:\/\/ses-creative.com\/wp-content\/uploads\/2026\/01\/147441.jpg\",\"width\":1000,\"height\":1000},{\"@type\":\"BreadcrumbList\",\"@id\":\"https:\/\/ses-creative.com\/de\/produkt\/styling-girls-amulettarmbaender\/#breadcrumb\",\"itemListElement\":[{\"@type\":\"ListItem\",\"position\":1,\"name\":\"Shop\",\"item\":\"https:\/\/ses-creative.com\/de\/shop\/\"},{\"@type\":\"ListItem\",\"position\":2,\"name\":\"Basteln\",\"item\":\"https:\/\/ses-creative.com\/de\/product-categorie\/basteln\/\"},{\"@type\":\"ListItem\",\"position\":3,\"name\":\"Styling Girls-Amulettarmb\u00e4nder\"}]},{\"@type\":\"WebSite\",\"@id\":\"https:\/\/ses-creative.com\/#website\",\"url\":\"https:\/\/ses-creative.com\/\",\"name\":\"SES Creative\",\"description\":\"\",\"publisher\":{\"@id\":\"https:\/\/ses-creative.com\/#organization\"},\"potentialAction\":[{\"@type\":\"SearchAction\",\"target\":{\"@type\":\"EntryPoint\",\"urlTemplate\":\"https:\/\/ses-creative.com\/?s={search_term_string}\"},\"query-input\":{\"@type\":\"PropertyValueSpecification\",\"valueRequired\":true,\"valueName\":\"search_term_string\"}}],\"inLanguage\":\"de\"},{\"@type\":\"Organization\",\"@id\":\"https:\/\/ses-creative.com\/#organization\",\"name\":\"SES Creative\",\"url\":\"https:\/\/ses-creative.com\/\",\"logo\":{\"@type\":\"ImageObject\",\"inLanguage\":\"de\",\"@id\":\"https:\/\/ses-creative.com\/#\/schema\/logo\/image\/\",\"url\":\"https:\/\/ses-creative.com\/wp-content\/uploads\/2025\/10\/ses-creative-logo.jpg\",\"contentUrl\":\"https:\/\/ses-creative.com\/wp-content\/uploads\/2025\/10\/ses-creative-logo.jpg\",\"width\":2037,\"height\":2037,\"caption\":\"SES Creative\"},\"image\":{\"@id\":\"https:\/\/ses-creative.com\/#\/schema\/logo\/image\/\"}}]}<\/script>\n<!-- \/ Yoast SEO plugin. -->","yoast_head_json":{"title":"Styling Girls-Amulettarmb\u00e4nder - SES Creative","robots":{"index":"index","follow":"follow","max-snippet":"max-snippet:-1","max-image-preview":"max-image-preview:large","max-video-preview":"max-video-preview:-1"},"canonical":"https:\/\/ses-creative.com\/de\/produkt\/styling-girls-amulettarmbaender\/","og_locale":"de_DE","og_type":"article","og_title":"Styling Girls-Amulettarmb\u00e4nder - SES Creative","og_description":"Hobby Pink \u2013 Fashion Girls Charm-Armb\u00e4nder: Entwerfen und tragen Sie Ihren eigenen magischen Schmuck! Mit dem Hobby Pink \u2013 Fashion Girls Charm-Armb\u00e4nder-Set von SES Creative kannst du einzigartige Charms und fr\u00f6hliche Armb\u00e4nder selbst basteln. Verwende die magische Schrumpffolie, um dein Design im Backofen 7-mal kleiner und 7-mal dicker zu machen. Verzieren Sie die Charms mit [&hellip;]","og_url":"https:\/\/ses-creative.com\/de\/produkt\/styling-girls-amulettarmbaender\/","og_site_name":"SES Creative","article_modified_time":"2026-02-06T09:51:47+00:00","twitter_card":"summary_large_image","twitter_misc":{"Gesch\u00e4tzte Lesezeit":"2\u00a0Minuten"},"schema":{"@context":"https:\/\/schema.org","@graph":[{"@type":"WebPage","@id":"https:\/\/ses-creative.com\/de\/produkt\/styling-girls-amulettarmbaender\/","url":"https:\/\/ses-creative.com\/de\/produkt\/styling-girls-amulettarmbaender\/","name":"Styling Girls-Amulettarmb\u00e4nder - SES Creative","isPartOf":{"@id":"https:\/\/ses-creative.com\/#website"},"primaryImageOfPage":{"@id":"https:\/\/ses-creative.com\/de\/produkt\/styling-girls-amulettarmbaender\/#primaryimage"},"image":{"@id":"https:\/\/ses-creative.com\/de\/produkt\/styling-girls-amulettarmbaender\/#primaryimage"},"thumbnailUrl":"https:\/\/ses-creative.com\/wp-content\/uploads\/2026\/01\/147441.jpg","datePublished":"2026-02-05T13:52:56+00:00","dateModified":"2026-02-06T09:51:47+00:00","breadcrumb":{"@id":"https:\/\/ses-creative.com\/de\/produkt\/styling-girls-amulettarmbaender\/#breadcrumb"},"inLanguage":"de","potentialAction":[{"@type":"ReadAction","target":["https:\/\/ses-creative.com\/de\/produkt\/styling-girls-amulettarmbaender\/"]}]},{"@type":"ImageObject","inLanguage":"de","@id":"https:\/\/ses-creative.com\/de\/produkt\/styling-girls-amulettarmbaender\/#primaryimage","url":"https:\/\/ses-creative.com\/wp-content\/uploads\/2026\/01\/147441.jpg","contentUrl":"https:\/\/ses-creative.com\/wp-content\/uploads\/2026\/01\/147441.jpg","width":1000,"height":1000},{"@type":"BreadcrumbList","@id":"https:\/\/ses-creative.com\/de\/produkt\/styling-girls-amulettarmbaender\/#breadcrumb","itemListElement":[{"@type":"ListItem","position":1,"name":"Shop","item":"https:\/\/ses-creative.com\/de\/shop\/"},{"@type":"ListItem","position":2,"name":"Basteln","item":"https:\/\/ses-creative.com\/de\/product-categorie\/basteln\/"},{"@type":"ListItem","position":3,"name":"Styling Girls-Amulettarmb\u00e4nder"}]},{"@type":"WebSite","@id":"https:\/\/ses-creative.com\/#website","url":"https:\/\/ses-creative.com\/","name":"SES Creative","description":"","publisher":{"@id":"https:\/\/ses-creative.com\/#organization"},"potentialAction":[{"@type":"SearchAction","target":{"@type":"EntryPoint","urlTemplate":"https:\/\/ses-creative.com\/?s={search_term_string}"},"query-input":{"@type":"PropertyValueSpecification","valueRequired":true,"valueName":"search_term_string"}}],"inLanguage":"de"},{"@type":"Organization","@id":"https:\/\/ses-creative.com\/#organization","name":"SES Creative","url":"https:\/\/ses-creative.com\/","logo":{"@type":"ImageObject","inLanguage":"de","@id":"https:\/\/ses-creative.com\/#\/schema\/logo\/image\/","url":"https:\/\/ses-creative.com\/wp-content\/uploads\/2025\/10\/ses-creative-logo.jpg","contentUrl":"https:\/\/ses-creative.com\/wp-content\/uploads\/2025\/10\/ses-creative-logo.jpg","width":2037,"height":2037,"caption":"SES Creative"},"image":{"@id":"https:\/\/ses-creative.com\/#\/schema\/logo\/image\/"}}]}},"_links":{"self":[{"href":"https:\/\/ses-creative.com\/de\/wp-json\/wp\/v2\/product\/114794","targetHints":{"allow":["GET"]}}],"collection":[{"href":"https:\/\/ses-creative.com\/de\/wp-json\/wp\/v2\/product"}],"about":[{"href":"https:\/\/ses-creative.com\/de\/wp-json\/wp\/v2\/types\/product"}],"replies":[{"embeddable":true,"href":"https:\/\/ses-creative.com\/de\/wp-json\/wp\/v2\/comments?post=114794"}],"wp:featuredmedia":[{"embeddable":true,"href":"https:\/\/ses-creative.com\/de\/wp-json\/wp\/v2\/media\/95460"}],"wp:attachment":[{"href":"https:\/\/ses-creative.com\/de\/wp-json\/wp\/v2\/media?parent=114794"}],"wp:term":[{"taxonomy":"product_brand","embeddable":true,"href":"https:\/\/ses-creative.com\/de\/wp-json\/wp\/v2\/product_brand?post=114794"},{"taxonomy":"product_cat","embeddable":true,"href":"https:\/\/ses-creative.com\/de\/wp-json\/wp\/v2\/product_cat?post=114794"},{"taxonomy":"product_tag","embeddable":true,"href":"https:\/\/ses-creative.com\/de\/wp-json\/wp\/v2\/product_tag?post=114794"}],"curies":[{"name":"wp","href":"https:\/\/api.w.org\/{rel}","templated":true}]}}