











{"id":114792,"date":"2026-02-05T13:52:55","date_gmt":"2026-02-05T13:52:55","guid":{"rendered":"https:\/\/ses-creative.com\/?post_type=product&#038;p=114792"},"modified":"2026-02-06T09:51:47","modified_gmt":"2026-02-06T09:51:47","slug":"unicorn-buegelperlen","status":"publish","type":"product","link":"https:\/\/ses-creative.com\/de\/produkt\/unicorn-buegelperlen\/","title":{"rendered":"Unicorn &#8211; B\u00fcgelperlen"},"content":{"rendered":"<p>Einhorn \u2013 B\u00fcgelperlen: Erwecke magische Einh\u00f6rner zum Leben!<\/p>\n<p>Mit dem Einhorn \u2013 B\u00fcgelperlen-Set von SES Creative kannst du selbst funkelnde, farbenfrohe Einhorn-Kreationen basteln. Verwende die spezielle einhornf\u00f6rmige Perlenplatte und 1.800 Perlen, um drei einzigartige Designs zu gestalten \u2013 oder lass deiner Fantasie freien Lauf und kreiere dein eigenes Meisterwerk. Perfekt f\u00fcr Kinder ab 5 Jahren, die gerne basteln und Einhornmagie lieben.<\/p>\n<p>Was dieses Set so toll macht<\/p>\n<p>1.800 bunte Perlen f\u00fcr endlose Kreationen<br \/>\nEinhornf\u00f6rmiges Perlenbrett f\u00fcr 3 magische Designs<br \/>\nInklusive Glitzeraufklebern f\u00fcr einen funkelnden Abschluss<br \/>\nF\u00f6rdert die Feinmotorik, Geduld und Kreativit\u00e4t<br \/>\nIdeal zum Basteln allein oder gemeinsam mit Freunden<\/p>\n<p>Gestalte und dekoriere deine Einh\u00f6rner<\/p>\n<p>Folge den Vorlagen oder entwirf dein eigenes Design, platziere die Perlen auf der Platte und lass dir von einem Erwachsenen beim B\u00fcgeln helfen. So verschmelzen die Perlen zu einem dauerhaften Kunstwerk. F\u00fcge anschlie\u00dfend Glitzeraufkleber hinzu, um zus\u00e4tzlichen Glanz zu erzielen. Perfekt zum Dekorieren deines Zimmers oder als Geschenk.<\/p>\n<p>Inhalt des Sets<\/p>\n<p>1.800 Perlen in verschiedenen Farben<br \/>\nEinhornf\u00f6rmiges Perlenbrett<br \/>\nSchablonen<br \/>\nGlitzeraufkleber<\/p>\n<p>Warum SES Creative w\u00e4hlen?<\/p>\n<p>Bei SES Creative legen wir gro\u00dfen Wert auf Sicherheit. Deshalb werden die Produkte in unserem Werk in den Niederlanden nach den strengsten europ\u00e4ischen Sicherheitsnormen hergestellt und getestet. Spielzeug von SES Creative sorgt f\u00fcr Spa\u00df und soll Kindern ein Gef\u00fchl des Stolzes auf ihre Arbeit vermitteln, was ihre Kreativit\u00e4t und Entwicklung f\u00f6rdert.<\/p>\n<p>Beginnen Sie noch heute mit Ihrem Einhorn-Projekt<\/p>\n<p>Holen Sie sich das Unicorn \u2013 B\u00fcgelperlen-Set, entwerfen, b\u00fcgeln und dekorieren Sie. Lassen Sie Ihre Einhorn-Tr\u00e4ume in Farbe und Glanz erstrahlen!<\/p>\n","protected":false},"excerpt":{"rendered":"<p>Einhorn \u2013 B\u00fcgelperlen: Erwecke magische Einh\u00f6rner zum Leben! Mit dem Einhorn \u2013 B\u00fcgelperlen-Set von SES Creative kannst du selbst funkelnde, farbenfrohe Einhorn-Kreationen basteln. Verwende die spezielle einhornf\u00f6rmige Perlenplatte und 1.800 Perlen, um drei einzigartige Designs zu gestalten \u2013 oder lass deiner Fantasie freien Lauf und kreiere dein eigenes Meisterwerk. Perfekt f\u00fcr Kinder ab 5 Jahren, [&hellip;]<\/p>\n","protected":false},"featured_media":104336,"comment_status":"closed","ping_status":"closed","template":"","meta":{"_acf_changed":false},"product_brand":[],"product_cat":[115],"product_tag":[],"class_list":{"0":"post-114792","1":"product","2":"type-product","3":"status-publish","4":"has-post-thumbnail","6":"product_cat-basteln","7":"pa_collecties-unicorn","8":"pa_leeftijd-filter-4-6-jahre","9":"pa_meest-populair-bij-maedchen","11":"first","12":"instock","13":"shipping-taxable","14":"product-type-simple"},"acf":[],"yoast_head":"<!-- This site is optimized with the Yoast SEO plugin v27.4 - https:\/\/yoast.com\/product\/yoast-seo-wordpress\/ -->\n<title>Unicorn - B\u00fcgelperlen - SES Creative<\/title>\n<meta name=\"robots\" content=\"index, follow, max-snippet:-1, max-image-preview:large, max-video-preview:-1\" \/>\n<link rel=\"canonical\" href=\"https:\/\/ses-creative.com\/de\/produkt\/unicorn-buegelperlen\/\" \/>\n<meta property=\"og:locale\" content=\"de_DE\" \/>\n<meta property=\"og:type\" content=\"article\" \/>\n<meta property=\"og:title\" content=\"Unicorn - B\u00fcgelperlen - SES Creative\" \/>\n<meta property=\"og:description\" content=\"Einhorn \u2013 B\u00fcgelperlen: Erwecke magische Einh\u00f6rner zum Leben! Mit dem Einhorn \u2013 B\u00fcgelperlen-Set von SES Creative kannst du selbst funkelnde, farbenfrohe Einhorn-Kreationen basteln. Verwende die spezielle einhornf\u00f6rmige Perlenplatte und 1.800 Perlen, um drei einzigartige Designs zu gestalten \u2013 oder lass deiner Fantasie freien Lauf und kreiere dein eigenes Meisterwerk. Perfekt f\u00fcr Kinder ab 5 Jahren, [&hellip;]\" \/>\n<meta property=\"og:url\" content=\"https:\/\/ses-creative.com\/de\/produkt\/unicorn-buegelperlen\/\" \/>\n<meta property=\"og:site_name\" content=\"SES Creative\" \/>\n<meta property=\"article:modified_time\" content=\"2026-02-06T09:51:47+00:00\" \/>\n<meta name=\"twitter:card\" content=\"summary_large_image\" \/>\n<meta name=\"twitter:label1\" content=\"Gesch\u00e4tzte Lesezeit\" \/>\n\t<meta name=\"twitter:data1\" content=\"1\u00a0Minute\" \/>\n<script type=\"application\/ld+json\" class=\"yoast-schema-graph\">{\"@context\":\"https:\\\/\\\/schema.org\",\"@graph\":[{\"@type\":\"WebPage\",\"@id\":\"https:\\\/\\\/ses-creative.com\\\/de\\\/produkt\\\/unicorn-buegelperlen\\\/\",\"url\":\"https:\\\/\\\/ses-creative.com\\\/de\\\/produkt\\\/unicorn-buegelperlen\\\/\",\"name\":\"Unicorn - B\u00fcgelperlen - SES Creative\",\"isPartOf\":{\"@id\":\"https:\\\/\\\/ses-creative.com\\\/#website\"},\"primaryImageOfPage\":{\"@id\":\"https:\\\/\\\/ses-creative.com\\\/de\\\/produkt\\\/unicorn-buegelperlen\\\/#primaryimage\"},\"image\":{\"@id\":\"https:\\\/\\\/ses-creative.com\\\/de\\\/produkt\\\/unicorn-buegelperlen\\\/#primaryimage\"},\"thumbnailUrl\":\"https:\\\/\\\/ses-creative.com\\\/wp-content\\\/uploads\\\/2026\\\/01\\\/147281.jpg\",\"datePublished\":\"2026-02-05T13:52:55+00:00\",\"dateModified\":\"2026-02-06T09:51:47+00:00\",\"breadcrumb\":{\"@id\":\"https:\\\/\\\/ses-creative.com\\\/de\\\/produkt\\\/unicorn-buegelperlen\\\/#breadcrumb\"},\"inLanguage\":\"de\",\"potentialAction\":[{\"@type\":\"ReadAction\",\"target\":[\"https:\\\/\\\/ses-creative.com\\\/de\\\/produkt\\\/unicorn-buegelperlen\\\/\"]}]},{\"@type\":\"ImageObject\",\"inLanguage\":\"de\",\"@id\":\"https:\\\/\\\/ses-creative.com\\\/de\\\/produkt\\\/unicorn-buegelperlen\\\/#primaryimage\",\"url\":\"https:\\\/\\\/ses-creative.com\\\/wp-content\\\/uploads\\\/2026\\\/01\\\/147281.jpg\",\"contentUrl\":\"https:\\\/\\\/ses-creative.com\\\/wp-content\\\/uploads\\\/2026\\\/01\\\/147281.jpg\",\"width\":1000,\"height\":1000},{\"@type\":\"BreadcrumbList\",\"@id\":\"https:\\\/\\\/ses-creative.com\\\/de\\\/produkt\\\/unicorn-buegelperlen\\\/#breadcrumb\",\"itemListElement\":[{\"@type\":\"ListItem\",\"position\":1,\"name\":\"Shop\",\"item\":\"https:\\\/\\\/ses-creative.com\\\/de\\\/shop\\\/\"},{\"@type\":\"ListItem\",\"position\":2,\"name\":\"Basteln\",\"item\":\"https:\\\/\\\/ses-creative.com\\\/de\\\/product-categorie\\\/basteln\\\/\"},{\"@type\":\"ListItem\",\"position\":3,\"name\":\"Unicorn &#8211; B\u00fcgelperlen\"}]},{\"@type\":\"WebSite\",\"@id\":\"https:\\\/\\\/ses-creative.com\\\/#website\",\"url\":\"https:\\\/\\\/ses-creative.com\\\/\",\"name\":\"SES Creative\",\"description\":\"\",\"publisher\":{\"@id\":\"https:\\\/\\\/ses-creative.com\\\/#organization\"},\"potentialAction\":[{\"@type\":\"SearchAction\",\"target\":{\"@type\":\"EntryPoint\",\"urlTemplate\":\"https:\\\/\\\/ses-creative.com\\\/?s={search_term_string}\"},\"query-input\":{\"@type\":\"PropertyValueSpecification\",\"valueRequired\":true,\"valueName\":\"search_term_string\"}}],\"inLanguage\":\"de\"},{\"@type\":\"Organization\",\"@id\":\"https:\\\/\\\/ses-creative.com\\\/#organization\",\"name\":\"SES Creative\",\"url\":\"https:\\\/\\\/ses-creative.com\\\/\",\"logo\":{\"@type\":\"ImageObject\",\"inLanguage\":\"de\",\"@id\":\"https:\\\/\\\/ses-creative.com\\\/#\\\/schema\\\/logo\\\/image\\\/\",\"url\":\"https:\\\/\\\/ses-creative.com\\\/wp-content\\\/uploads\\\/2025\\\/10\\\/ses-creative-logo.jpg\",\"contentUrl\":\"https:\\\/\\\/ses-creative.com\\\/wp-content\\\/uploads\\\/2025\\\/10\\\/ses-creative-logo.jpg\",\"width\":2037,\"height\":2037,\"caption\":\"SES Creative\"},\"image\":{\"@id\":\"https:\\\/\\\/ses-creative.com\\\/#\\\/schema\\\/logo\\\/image\\\/\"}}]}<\/script>\n<!-- \/ Yoast SEO plugin. -->","yoast_head_json":{"title":"Unicorn - B\u00fcgelperlen - SES Creative","robots":{"index":"index","follow":"follow","max-snippet":"max-snippet:-1","max-image-preview":"max-image-preview:large","max-video-preview":"max-video-preview:-1"},"canonical":"https:\/\/ses-creative.com\/de\/produkt\/unicorn-buegelperlen\/","og_locale":"de_DE","og_type":"article","og_title":"Unicorn - B\u00fcgelperlen - SES Creative","og_description":"Einhorn \u2013 B\u00fcgelperlen: Erwecke magische Einh\u00f6rner zum Leben! Mit dem Einhorn \u2013 B\u00fcgelperlen-Set von SES Creative kannst du selbst funkelnde, farbenfrohe Einhorn-Kreationen basteln. Verwende die spezielle einhornf\u00f6rmige Perlenplatte und 1.800 Perlen, um drei einzigartige Designs zu gestalten \u2013 oder lass deiner Fantasie freien Lauf und kreiere dein eigenes Meisterwerk. Perfekt f\u00fcr Kinder ab 5 Jahren, [&hellip;]","og_url":"https:\/\/ses-creative.com\/de\/produkt\/unicorn-buegelperlen\/","og_site_name":"SES Creative","article_modified_time":"2026-02-06T09:51:47+00:00","twitter_card":"summary_large_image","twitter_misc":{"Gesch\u00e4tzte Lesezeit":"1\u00a0Minute"},"schema":{"@context":"https:\/\/schema.org","@graph":[{"@type":"WebPage","@id":"https:\/\/ses-creative.com\/de\/produkt\/unicorn-buegelperlen\/","url":"https:\/\/ses-creative.com\/de\/produkt\/unicorn-buegelperlen\/","name":"Unicorn - B\u00fcgelperlen - SES Creative","isPartOf":{"@id":"https:\/\/ses-creative.com\/#website"},"primaryImageOfPage":{"@id":"https:\/\/ses-creative.com\/de\/produkt\/unicorn-buegelperlen\/#primaryimage"},"image":{"@id":"https:\/\/ses-creative.com\/de\/produkt\/unicorn-buegelperlen\/#primaryimage"},"thumbnailUrl":"https:\/\/ses-creative.com\/wp-content\/uploads\/2026\/01\/147281.jpg","datePublished":"2026-02-05T13:52:55+00:00","dateModified":"2026-02-06T09:51:47+00:00","breadcrumb":{"@id":"https:\/\/ses-creative.com\/de\/produkt\/unicorn-buegelperlen\/#breadcrumb"},"inLanguage":"de","potentialAction":[{"@type":"ReadAction","target":["https:\/\/ses-creative.com\/de\/produkt\/unicorn-buegelperlen\/"]}]},{"@type":"ImageObject","inLanguage":"de","@id":"https:\/\/ses-creative.com\/de\/produkt\/unicorn-buegelperlen\/#primaryimage","url":"https:\/\/ses-creative.com\/wp-content\/uploads\/2026\/01\/147281.jpg","contentUrl":"https:\/\/ses-creative.com\/wp-content\/uploads\/2026\/01\/147281.jpg","width":1000,"height":1000},{"@type":"BreadcrumbList","@id":"https:\/\/ses-creative.com\/de\/produkt\/unicorn-buegelperlen\/#breadcrumb","itemListElement":[{"@type":"ListItem","position":1,"name":"Shop","item":"https:\/\/ses-creative.com\/de\/shop\/"},{"@type":"ListItem","position":2,"name":"Basteln","item":"https:\/\/ses-creative.com\/de\/product-categorie\/basteln\/"},{"@type":"ListItem","position":3,"name":"Unicorn &#8211; B\u00fcgelperlen"}]},{"@type":"WebSite","@id":"https:\/\/ses-creative.com\/#website","url":"https:\/\/ses-creative.com\/","name":"SES Creative","description":"","publisher":{"@id":"https:\/\/ses-creative.com\/#organization"},"potentialAction":[{"@type":"SearchAction","target":{"@type":"EntryPoint","urlTemplate":"https:\/\/ses-creative.com\/?s={search_term_string}"},"query-input":{"@type":"PropertyValueSpecification","valueRequired":true,"valueName":"search_term_string"}}],"inLanguage":"de"},{"@type":"Organization","@id":"https:\/\/ses-creative.com\/#organization","name":"SES Creative","url":"https:\/\/ses-creative.com\/","logo":{"@type":"ImageObject","inLanguage":"de","@id":"https:\/\/ses-creative.com\/#\/schema\/logo\/image\/","url":"https:\/\/ses-creative.com\/wp-content\/uploads\/2025\/10\/ses-creative-logo.jpg","contentUrl":"https:\/\/ses-creative.com\/wp-content\/uploads\/2025\/10\/ses-creative-logo.jpg","width":2037,"height":2037,"caption":"SES Creative"},"image":{"@id":"https:\/\/ses-creative.com\/#\/schema\/logo\/image\/"}}]}},"_links":{"self":[{"href":"https:\/\/ses-creative.com\/de\/wp-json\/wp\/v2\/product\/114792","targetHints":{"allow":["GET"]}}],"collection":[{"href":"https:\/\/ses-creative.com\/de\/wp-json\/wp\/v2\/product"}],"about":[{"href":"https:\/\/ses-creative.com\/de\/wp-json\/wp\/v2\/types\/product"}],"replies":[{"embeddable":true,"href":"https:\/\/ses-creative.com\/de\/wp-json\/wp\/v2\/comments?post=114792"}],"wp:featuredmedia":[{"embeddable":true,"href":"https:\/\/ses-creative.com\/de\/wp-json\/wp\/v2\/media\/104336"}],"wp:attachment":[{"href":"https:\/\/ses-creative.com\/de\/wp-json\/wp\/v2\/media?parent=114792"}],"wp:term":[{"taxonomy":"product_brand","embeddable":true,"href":"https:\/\/ses-creative.com\/de\/wp-json\/wp\/v2\/product_brand?post=114792"},{"taxonomy":"product_cat","embeddable":true,"href":"https:\/\/ses-creative.com\/de\/wp-json\/wp\/v2\/product_cat?post=114792"},{"taxonomy":"product_tag","embeddable":true,"href":"https:\/\/ses-creative.com\/de\/wp-json\/wp\/v2\/product_tag?post=114792"}],"curies":[{"name":"wp","href":"https:\/\/api.w.org\/{rel}","templated":true}]}}