











{"id":114791,"date":"2026-02-05T13:52:55","date_gmt":"2026-02-05T13:52:55","guid":{"rendered":"https:\/\/ses-creative.com\/?post_type=product&#038;p=114791"},"modified":"2026-02-06T09:51:47","modified_gmt":"2026-02-06T09:51:47","slug":"unicorn-diamond-painting","status":"publish","type":"product","link":"https:\/\/ses-creative.com\/de\/produkt\/unicorn-diamond-painting\/","title":{"rendered":"Unicorn &#8211; Diamond Painting"},"content":{"rendered":"<p>Einhorn \u2013 Diamond Painting: Lass deine Kreativit\u00e4t strahlen!<\/p>\n<p>Mit dem Unicorn \u2013 Diamond Painting Set von SES Creative kannst du f\u00fcnf funkelnde Einhornkarten basteln, die genauso magisch sind wie deine Fantasie. Verzieren Sie die Karten mit selbstklebenden Diamantstickern in Silber, Pink, Hellrosa und Hellblau und sehen Sie, wie jedes Design in leuchtenden Farben zum Leben erwacht. Perfekt f\u00fcr Kinder ab 3 Jahren, die Glitzer lieben und gerne kreativ sind.<\/p>\n<p>Was dieses Set so toll macht<\/p>\n<p>5 Einhornkarten zum Selbstverzieren<br \/>\n672 Diamantsticker in vier funkelnden Farben<br \/>\nSelbstklebende Steine \u2013 kein Kleber erforderlich<br \/>\nF\u00f6rdert die Feinmotorik, Konzentration und Kreativit\u00e4t<br \/>\nEin Ergebnis, auf das man stolz sein oder das man verschenken kann<\/p>\n<p>Kreieren Sie Ihre eigenen glitzernden Meisterwerke<\/p>\n<p>Kinder kleben die Diamantaufkleber auf die markierten Stellen der Karten und bilden so farbenfrohe Muster. Der einfache Vorgang sorgt f\u00fcr Entspannung und Spa\u00df, w\u00e4hrend das Endergebnis immer magisch ist. Die fertigen Karten eignen sich ideal zum Aufstellen oder Verschenken.<\/p>\n<p>Inhalt des Sets<\/p>\n<p>5 Einhornkarten<br \/>\n672 selbstklebende Diamantaufkleber in Silber, Pink, Hellrosa und Hellblau<\/p>\n<p>Warum SES Creative w\u00e4hlen?<\/p>\n<p>Bei SES Creative legen wir gro\u00dfen Wert auf Sicherheit. Deshalb werden die Produkte in unserem Werk in den Niederlanden nach den strengsten europ\u00e4ischen Sicherheitsstandards hergestellt und getestet. Spielzeug von SES Creative sorgt f\u00fcr Spa\u00df und soll Kindern ein Gef\u00fchl des Stolzes auf ihre Arbeit vermitteln, was ihre Kreativit\u00e4t und Entwicklung f\u00f6rdert.<\/p>\n<p>Beginnen Sie noch heute mit Ihrer Diamantkunst<\/p>\n<p>Holen Sie sich das Unicorn \u2013 Diamond Painting Set und lassen Sie Ihrer Kreativit\u00e4t freien Lauf. Entwerfen Sie bezaubernde Kunstwerke, die genauso einzigartig sind wie Sie!<\/p>\n","protected":false},"excerpt":{"rendered":"<p>Einhorn \u2013 Diamond Painting: Lass deine Kreativit\u00e4t strahlen! Mit dem Unicorn \u2013 Diamond Painting Set von SES Creative kannst du f\u00fcnf funkelnde Einhornkarten basteln, die genauso magisch sind wie deine Fantasie. Verzieren Sie die Karten mit selbstklebenden Diamantstickern in Silber, Pink, Hellrosa und Hellblau und sehen Sie, wie jedes Design in leuchtenden Farben zum Leben [&hellip;]<\/p>\n","protected":false},"featured_media":104316,"comment_status":"closed","ping_status":"closed","template":"","meta":{"_acf_changed":false},"product_brand":[],"product_cat":[115],"product_tag":[],"class_list":{"0":"post-114791","1":"product","2":"type-product","3":"status-publish","4":"has-post-thumbnail","6":"product_cat-basteln","7":"pa_collecties-unicorn","8":"pa_leeftijd-filter-3-4-jahre","9":"pa_meest-populair-bij-maedchen","11":"first","12":"instock","13":"shipping-taxable","14":"product-type-simple"},"acf":[],"yoast_head":"<!-- This site is optimized with the Yoast SEO plugin v27.4 - https:\/\/yoast.com\/product\/yoast-seo-wordpress\/ -->\n<title>Unicorn - Diamond Painting - SES Creative<\/title>\n<meta name=\"robots\" content=\"index, follow, max-snippet:-1, max-image-preview:large, max-video-preview:-1\" \/>\n<link rel=\"canonical\" href=\"https:\/\/ses-creative.com\/de\/produkt\/unicorn-diamond-painting\/\" \/>\n<meta property=\"og:locale\" content=\"de_DE\" \/>\n<meta property=\"og:type\" content=\"article\" \/>\n<meta property=\"og:title\" content=\"Unicorn - Diamond Painting - SES Creative\" \/>\n<meta property=\"og:description\" content=\"Einhorn \u2013 Diamond Painting: Lass deine Kreativit\u00e4t strahlen! Mit dem Unicorn \u2013 Diamond Painting Set von SES Creative kannst du f\u00fcnf funkelnde Einhornkarten basteln, die genauso magisch sind wie deine Fantasie. Verzieren Sie die Karten mit selbstklebenden Diamantstickern in Silber, Pink, Hellrosa und Hellblau und sehen Sie, wie jedes Design in leuchtenden Farben zum Leben [&hellip;]\" \/>\n<meta property=\"og:url\" content=\"https:\/\/ses-creative.com\/de\/produkt\/unicorn-diamond-painting\/\" \/>\n<meta property=\"og:site_name\" content=\"SES Creative\" \/>\n<meta property=\"article:modified_time\" content=\"2026-02-06T09:51:47+00:00\" \/>\n<meta name=\"twitter:card\" content=\"summary_large_image\" \/>\n<meta name=\"twitter:label1\" content=\"Gesch\u00e4tzte Lesezeit\" \/>\n\t<meta name=\"twitter:data1\" content=\"1\u00a0Minute\" \/>\n<script type=\"application\/ld+json\" class=\"yoast-schema-graph\">{\"@context\":\"https:\\\/\\\/schema.org\",\"@graph\":[{\"@type\":\"WebPage\",\"@id\":\"https:\\\/\\\/ses-creative.com\\\/de\\\/produkt\\\/unicorn-diamond-painting\\\/\",\"url\":\"https:\\\/\\\/ses-creative.com\\\/de\\\/produkt\\\/unicorn-diamond-painting\\\/\",\"name\":\"Unicorn - Diamond Painting - SES Creative\",\"isPartOf\":{\"@id\":\"https:\\\/\\\/ses-creative.com\\\/#website\"},\"primaryImageOfPage\":{\"@id\":\"https:\\\/\\\/ses-creative.com\\\/de\\\/produkt\\\/unicorn-diamond-painting\\\/#primaryimage\"},\"image\":{\"@id\":\"https:\\\/\\\/ses-creative.com\\\/de\\\/produkt\\\/unicorn-diamond-painting\\\/#primaryimage\"},\"thumbnailUrl\":\"https:\\\/\\\/ses-creative.com\\\/wp-content\\\/uploads\\\/2026\\\/01\\\/147261.jpg\",\"datePublished\":\"2026-02-05T13:52:55+00:00\",\"dateModified\":\"2026-02-06T09:51:47+00:00\",\"breadcrumb\":{\"@id\":\"https:\\\/\\\/ses-creative.com\\\/de\\\/produkt\\\/unicorn-diamond-painting\\\/#breadcrumb\"},\"inLanguage\":\"de\",\"potentialAction\":[{\"@type\":\"ReadAction\",\"target\":[\"https:\\\/\\\/ses-creative.com\\\/de\\\/produkt\\\/unicorn-diamond-painting\\\/\"]}]},{\"@type\":\"ImageObject\",\"inLanguage\":\"de\",\"@id\":\"https:\\\/\\\/ses-creative.com\\\/de\\\/produkt\\\/unicorn-diamond-painting\\\/#primaryimage\",\"url\":\"https:\\\/\\\/ses-creative.com\\\/wp-content\\\/uploads\\\/2026\\\/01\\\/147261.jpg\",\"contentUrl\":\"https:\\\/\\\/ses-creative.com\\\/wp-content\\\/uploads\\\/2026\\\/01\\\/147261.jpg\",\"width\":1000,\"height\":1000},{\"@type\":\"BreadcrumbList\",\"@id\":\"https:\\\/\\\/ses-creative.com\\\/de\\\/produkt\\\/unicorn-diamond-painting\\\/#breadcrumb\",\"itemListElement\":[{\"@type\":\"ListItem\",\"position\":1,\"name\":\"Shop\",\"item\":\"https:\\\/\\\/ses-creative.com\\\/de\\\/shop\\\/\"},{\"@type\":\"ListItem\",\"position\":2,\"name\":\"Basteln\",\"item\":\"https:\\\/\\\/ses-creative.com\\\/de\\\/product-categorie\\\/basteln\\\/\"},{\"@type\":\"ListItem\",\"position\":3,\"name\":\"Unicorn &#8211; Diamond Painting\"}]},{\"@type\":\"WebSite\",\"@id\":\"https:\\\/\\\/ses-creative.com\\\/#website\",\"url\":\"https:\\\/\\\/ses-creative.com\\\/\",\"name\":\"SES Creative\",\"description\":\"\",\"publisher\":{\"@id\":\"https:\\\/\\\/ses-creative.com\\\/#organization\"},\"potentialAction\":[{\"@type\":\"SearchAction\",\"target\":{\"@type\":\"EntryPoint\",\"urlTemplate\":\"https:\\\/\\\/ses-creative.com\\\/?s={search_term_string}\"},\"query-input\":{\"@type\":\"PropertyValueSpecification\",\"valueRequired\":true,\"valueName\":\"search_term_string\"}}],\"inLanguage\":\"de\"},{\"@type\":\"Organization\",\"@id\":\"https:\\\/\\\/ses-creative.com\\\/#organization\",\"name\":\"SES Creative\",\"url\":\"https:\\\/\\\/ses-creative.com\\\/\",\"logo\":{\"@type\":\"ImageObject\",\"inLanguage\":\"de\",\"@id\":\"https:\\\/\\\/ses-creative.com\\\/#\\\/schema\\\/logo\\\/image\\\/\",\"url\":\"https:\\\/\\\/ses-creative.com\\\/wp-content\\\/uploads\\\/2025\\\/10\\\/ses-creative-logo.jpg\",\"contentUrl\":\"https:\\\/\\\/ses-creative.com\\\/wp-content\\\/uploads\\\/2025\\\/10\\\/ses-creative-logo.jpg\",\"width\":2037,\"height\":2037,\"caption\":\"SES Creative\"},\"image\":{\"@id\":\"https:\\\/\\\/ses-creative.com\\\/#\\\/schema\\\/logo\\\/image\\\/\"}}]}<\/script>\n<!-- \/ Yoast SEO plugin. -->","yoast_head_json":{"title":"Unicorn - Diamond Painting - SES Creative","robots":{"index":"index","follow":"follow","max-snippet":"max-snippet:-1","max-image-preview":"max-image-preview:large","max-video-preview":"max-video-preview:-1"},"canonical":"https:\/\/ses-creative.com\/de\/produkt\/unicorn-diamond-painting\/","og_locale":"de_DE","og_type":"article","og_title":"Unicorn - Diamond Painting - SES Creative","og_description":"Einhorn \u2013 Diamond Painting: Lass deine Kreativit\u00e4t strahlen! Mit dem Unicorn \u2013 Diamond Painting Set von SES Creative kannst du f\u00fcnf funkelnde Einhornkarten basteln, die genauso magisch sind wie deine Fantasie. Verzieren Sie die Karten mit selbstklebenden Diamantstickern in Silber, Pink, Hellrosa und Hellblau und sehen Sie, wie jedes Design in leuchtenden Farben zum Leben [&hellip;]","og_url":"https:\/\/ses-creative.com\/de\/produkt\/unicorn-diamond-painting\/","og_site_name":"SES Creative","article_modified_time":"2026-02-06T09:51:47+00:00","twitter_card":"summary_large_image","twitter_misc":{"Gesch\u00e4tzte Lesezeit":"1\u00a0Minute"},"schema":{"@context":"https:\/\/schema.org","@graph":[{"@type":"WebPage","@id":"https:\/\/ses-creative.com\/de\/produkt\/unicorn-diamond-painting\/","url":"https:\/\/ses-creative.com\/de\/produkt\/unicorn-diamond-painting\/","name":"Unicorn - Diamond Painting - SES Creative","isPartOf":{"@id":"https:\/\/ses-creative.com\/#website"},"primaryImageOfPage":{"@id":"https:\/\/ses-creative.com\/de\/produkt\/unicorn-diamond-painting\/#primaryimage"},"image":{"@id":"https:\/\/ses-creative.com\/de\/produkt\/unicorn-diamond-painting\/#primaryimage"},"thumbnailUrl":"https:\/\/ses-creative.com\/wp-content\/uploads\/2026\/01\/147261.jpg","datePublished":"2026-02-05T13:52:55+00:00","dateModified":"2026-02-06T09:51:47+00:00","breadcrumb":{"@id":"https:\/\/ses-creative.com\/de\/produkt\/unicorn-diamond-painting\/#breadcrumb"},"inLanguage":"de","potentialAction":[{"@type":"ReadAction","target":["https:\/\/ses-creative.com\/de\/produkt\/unicorn-diamond-painting\/"]}]},{"@type":"ImageObject","inLanguage":"de","@id":"https:\/\/ses-creative.com\/de\/produkt\/unicorn-diamond-painting\/#primaryimage","url":"https:\/\/ses-creative.com\/wp-content\/uploads\/2026\/01\/147261.jpg","contentUrl":"https:\/\/ses-creative.com\/wp-content\/uploads\/2026\/01\/147261.jpg","width":1000,"height":1000},{"@type":"BreadcrumbList","@id":"https:\/\/ses-creative.com\/de\/produkt\/unicorn-diamond-painting\/#breadcrumb","itemListElement":[{"@type":"ListItem","position":1,"name":"Shop","item":"https:\/\/ses-creative.com\/de\/shop\/"},{"@type":"ListItem","position":2,"name":"Basteln","item":"https:\/\/ses-creative.com\/de\/product-categorie\/basteln\/"},{"@type":"ListItem","position":3,"name":"Unicorn &#8211; Diamond Painting"}]},{"@type":"WebSite","@id":"https:\/\/ses-creative.com\/#website","url":"https:\/\/ses-creative.com\/","name":"SES Creative","description":"","publisher":{"@id":"https:\/\/ses-creative.com\/#organization"},"potentialAction":[{"@type":"SearchAction","target":{"@type":"EntryPoint","urlTemplate":"https:\/\/ses-creative.com\/?s={search_term_string}"},"query-input":{"@type":"PropertyValueSpecification","valueRequired":true,"valueName":"search_term_string"}}],"inLanguage":"de"},{"@type":"Organization","@id":"https:\/\/ses-creative.com\/#organization","name":"SES Creative","url":"https:\/\/ses-creative.com\/","logo":{"@type":"ImageObject","inLanguage":"de","@id":"https:\/\/ses-creative.com\/#\/schema\/logo\/image\/","url":"https:\/\/ses-creative.com\/wp-content\/uploads\/2025\/10\/ses-creative-logo.jpg","contentUrl":"https:\/\/ses-creative.com\/wp-content\/uploads\/2025\/10\/ses-creative-logo.jpg","width":2037,"height":2037,"caption":"SES Creative"},"image":{"@id":"https:\/\/ses-creative.com\/#\/schema\/logo\/image\/"}}]}},"_links":{"self":[{"href":"https:\/\/ses-creative.com\/de\/wp-json\/wp\/v2\/product\/114791","targetHints":{"allow":["GET"]}}],"collection":[{"href":"https:\/\/ses-creative.com\/de\/wp-json\/wp\/v2\/product"}],"about":[{"href":"https:\/\/ses-creative.com\/de\/wp-json\/wp\/v2\/types\/product"}],"replies":[{"embeddable":true,"href":"https:\/\/ses-creative.com\/de\/wp-json\/wp\/v2\/comments?post=114791"}],"wp:featuredmedia":[{"embeddable":true,"href":"https:\/\/ses-creative.com\/de\/wp-json\/wp\/v2\/media\/104316"}],"wp:attachment":[{"href":"https:\/\/ses-creative.com\/de\/wp-json\/wp\/v2\/media?parent=114791"}],"wp:term":[{"taxonomy":"product_brand","embeddable":true,"href":"https:\/\/ses-creative.com\/de\/wp-json\/wp\/v2\/product_brand?post=114791"},{"taxonomy":"product_cat","embeddable":true,"href":"https:\/\/ses-creative.com\/de\/wp-json\/wp\/v2\/product_cat?post=114791"},{"taxonomy":"product_tag","embeddable":true,"href":"https:\/\/ses-creative.com\/de\/wp-json\/wp\/v2\/product_tag?post=114791"}],"curies":[{"name":"wp","href":"https:\/\/api.w.org\/{rel}","templated":true}]}}