











{"id":114788,"date":"2026-02-05T13:52:55","date_gmt":"2026-02-05T13:52:55","guid":{"rendered":"https:\/\/ses-creative.com\/?post_type=product&#038;p=114788"},"modified":"2026-02-06T09:51:47","modified_gmt":"2026-02-06T09:51:47","slug":"unicorn-giessen-und-anmalen-baby-einhoerner","status":"publish","type":"product","link":"https:\/\/ses-creative.com\/de\/produkt\/unicorn-giessen-und-anmalen-baby-einhoerner\/","title":{"rendered":"Unicorn- Gie\u00dfen und anmalen &#8211; Baby-Einh\u00f6rner"},"content":{"rendered":"<p>Unicorn \u2013 Gie\u00dfen und Bemalen von Baby-Einh\u00f6rnern: Gestalte deine eigenen magischen Figuren!<\/p>\n<p>Werden Sie zum echten K\u00fcnstler mit dem Set \u201eGips gie\u00dfen und bemalen \u2013 Baby-Einh\u00f6rner\u201d von SES Creative! Gie\u00dfen Sie selbst zehn niedliche Baby-Einh\u00f6rner und bemalen Sie sie dann ganz nach Ihrem Geschmack. W\u00e4hlen Sie sanfte Pastellfarben, fr\u00f6hliche Knallfarben oder mischen und kombinieren Sie \u2013 alles ist m\u00f6glich. F\u00fcgen Sie zum Schluss gold- und silberfarbenen Glitzerkleber hinzu, um einen bezaubernden letzten Schliff zu erzielen.<\/p>\n<p>Was dieses Set so toll macht<\/p>\n<p>Gestalte und bemale 10 Baby-Einhorn-Figuren<br \/>\nInklusive 6 Farben deckender Plakatfarbe<br \/>\nGlitzerkleber in Gold und Silber f\u00fcr zus\u00e4tzlichen Zauber<br \/>\nMischen Sie Farben f\u00fcr sanfte Pastellt\u00f6ne oder leuchtende Farben<br \/>\nF\u00f6rdert Kreativit\u00e4t, Feinmotorik und Fantasie<\/p>\n<p>Erschaffe deine eigenen magischen Einh\u00f6rner<\/p>\n<p>Mit diesem Set wird jede Figur zu einem einzigartigen Kunstwerk. Gie\u00dfen Sie die Formen mit Gips aus, lassen Sie sie aush\u00e4rten und bemalen Sie sie dann ganz nach Ihrem Geschmack. Der Glitzerkleber l\u00e4sst Ihre Einh\u00f6rner besonders funkeln \u2013 perfekt zum Aufstellen, Verschenken oder Sammeln.<\/p>\n<p>Inhalt des Sets<\/p>\n<p>10 Gipsformen von Baby-Einh\u00f6rnern<br \/>\nGips<br \/>\n6 Farben Plakatfarbe<br \/>\nGlitzerkleber in Gold und Silber<br \/>\nPinzette und Pinsel<\/p>\n<p>Warum SES Creative w\u00e4hlen?<\/p>\n<p>Bei SES Creative legen wir gro\u00dfen Wert auf Sicherheit. Deshalb werden die Produkte in unserem Werk in den Niederlanden nach den strengsten europ\u00e4ischen Sicherheitsstandards hergestellt und getestet. Spielzeug von SES Creative macht Spa\u00df und soll Kindern ein Gef\u00fchl des Stolzes auf ihre Arbeit vermitteln, was ihre Kreativit\u00e4t und Entwicklung f\u00f6rdert.<\/p>\n<p>Beginnen Sie noch heute mit Ihrer Einhorn-Sammlung<\/p>\n<p>Holen Sie sich das Set \u201eGips gie\u00dfen und bemalen \u2013 Baby-Einh\u00f6rner\u201d und gestalten Sie Ihre eigenen magischen, glitzernden Figuren. Eine kreative und bezaubernde Aktivit\u00e4t f\u00fcr Jung und Alt!<\/p>\n","protected":false},"excerpt":{"rendered":"<p>Unicorn \u2013 Gie\u00dfen und Bemalen von Baby-Einh\u00f6rnern: Gestalte deine eigenen magischen Figuren! Werden Sie zum echten K\u00fcnstler mit dem Set \u201eGips gie\u00dfen und bemalen \u2013 Baby-Einh\u00f6rner\u201d von SES Creative! Gie\u00dfen Sie selbst zehn niedliche Baby-Einh\u00f6rner und bemalen Sie sie dann ganz nach Ihrem Geschmack. W\u00e4hlen Sie sanfte Pastellfarben, fr\u00f6hliche Knallfarben oder mischen und kombinieren Sie [&hellip;]<\/p>\n","protected":false},"featured_media":104256,"comment_status":"closed","ping_status":"closed","template":"","meta":{"_acf_changed":false},"product_brand":[],"product_cat":[115],"product_tag":[],"class_list":{"0":"post-114788","1":"product","2":"type-product","3":"status-publish","4":"has-post-thumbnail","6":"product_cat-basteln","7":"pa_collecties-unicorn","8":"pa_leeftijd-filter-4-6-jahre","9":"pa_meest-populair-bij-maedchen","11":"first","12":"instock","13":"shipping-taxable","14":"product-type-simple"},"acf":[],"yoast_head":"<!-- This site is optimized with the Yoast SEO plugin v27.4 - https:\/\/yoast.com\/product\/yoast-seo-wordpress\/ -->\n<title>Unicorn- Gie\u00dfen und anmalen - Baby-Einh\u00f6rner - SES Creative<\/title>\n<meta name=\"robots\" content=\"index, follow, max-snippet:-1, max-image-preview:large, max-video-preview:-1\" \/>\n<link rel=\"canonical\" href=\"https:\/\/ses-creative.com\/de\/produkt\/unicorn-giessen-und-anmalen-baby-einhoerner\/\" \/>\n<meta property=\"og:locale\" content=\"de_DE\" \/>\n<meta property=\"og:type\" content=\"article\" \/>\n<meta property=\"og:title\" content=\"Unicorn- Gie\u00dfen und anmalen - Baby-Einh\u00f6rner - SES Creative\" \/>\n<meta property=\"og:description\" content=\"Unicorn \u2013 Gie\u00dfen und Bemalen von Baby-Einh\u00f6rnern: Gestalte deine eigenen magischen Figuren! Werden Sie zum echten K\u00fcnstler mit dem Set \u201eGips gie\u00dfen und bemalen \u2013 Baby-Einh\u00f6rner\u201d von SES Creative! Gie\u00dfen Sie selbst zehn niedliche Baby-Einh\u00f6rner und bemalen Sie sie dann ganz nach Ihrem Geschmack. W\u00e4hlen Sie sanfte Pastellfarben, fr\u00f6hliche Knallfarben oder mischen und kombinieren Sie [&hellip;]\" \/>\n<meta property=\"og:url\" content=\"https:\/\/ses-creative.com\/de\/produkt\/unicorn-giessen-und-anmalen-baby-einhoerner\/\" \/>\n<meta property=\"og:site_name\" content=\"SES Creative\" \/>\n<meta property=\"article:modified_time\" content=\"2026-02-06T09:51:47+00:00\" \/>\n<meta name=\"twitter:card\" content=\"summary_large_image\" \/>\n<meta name=\"twitter:label1\" content=\"Gesch\u00e4tzte Lesezeit\" \/>\n\t<meta name=\"twitter:data1\" content=\"1\u00a0Minute\" \/>\n<script type=\"application\/ld+json\" class=\"yoast-schema-graph\">{\"@context\":\"https:\\\/\\\/schema.org\",\"@graph\":[{\"@type\":\"WebPage\",\"@id\":\"https:\\\/\\\/ses-creative.com\\\/de\\\/produkt\\\/unicorn-giessen-und-anmalen-baby-einhoerner\\\/\",\"url\":\"https:\\\/\\\/ses-creative.com\\\/de\\\/produkt\\\/unicorn-giessen-und-anmalen-baby-einhoerner\\\/\",\"name\":\"Unicorn- Gie\u00dfen und anmalen - Baby-Einh\u00f6rner - SES Creative\",\"isPartOf\":{\"@id\":\"https:\\\/\\\/ses-creative.com\\\/#website\"},\"primaryImageOfPage\":{\"@id\":\"https:\\\/\\\/ses-creative.com\\\/de\\\/produkt\\\/unicorn-giessen-und-anmalen-baby-einhoerner\\\/#primaryimage\"},\"image\":{\"@id\":\"https:\\\/\\\/ses-creative.com\\\/de\\\/produkt\\\/unicorn-giessen-und-anmalen-baby-einhoerner\\\/#primaryimage\"},\"thumbnailUrl\":\"https:\\\/\\\/ses-creative.com\\\/wp-content\\\/uploads\\\/2026\\\/01\\\/147231.jpg\",\"datePublished\":\"2026-02-05T13:52:55+00:00\",\"dateModified\":\"2026-02-06T09:51:47+00:00\",\"breadcrumb\":{\"@id\":\"https:\\\/\\\/ses-creative.com\\\/de\\\/produkt\\\/unicorn-giessen-und-anmalen-baby-einhoerner\\\/#breadcrumb\"},\"inLanguage\":\"de\",\"potentialAction\":[{\"@type\":\"ReadAction\",\"target\":[\"https:\\\/\\\/ses-creative.com\\\/de\\\/produkt\\\/unicorn-giessen-und-anmalen-baby-einhoerner\\\/\"]}]},{\"@type\":\"ImageObject\",\"inLanguage\":\"de\",\"@id\":\"https:\\\/\\\/ses-creative.com\\\/de\\\/produkt\\\/unicorn-giessen-und-anmalen-baby-einhoerner\\\/#primaryimage\",\"url\":\"https:\\\/\\\/ses-creative.com\\\/wp-content\\\/uploads\\\/2026\\\/01\\\/147231.jpg\",\"contentUrl\":\"https:\\\/\\\/ses-creative.com\\\/wp-content\\\/uploads\\\/2026\\\/01\\\/147231.jpg\",\"width\":1000,\"height\":1000},{\"@type\":\"BreadcrumbList\",\"@id\":\"https:\\\/\\\/ses-creative.com\\\/de\\\/produkt\\\/unicorn-giessen-und-anmalen-baby-einhoerner\\\/#breadcrumb\",\"itemListElement\":[{\"@type\":\"ListItem\",\"position\":1,\"name\":\"Shop\",\"item\":\"https:\\\/\\\/ses-creative.com\\\/de\\\/shop\\\/\"},{\"@type\":\"ListItem\",\"position\":2,\"name\":\"Basteln\",\"item\":\"https:\\\/\\\/ses-creative.com\\\/de\\\/product-categorie\\\/basteln\\\/\"},{\"@type\":\"ListItem\",\"position\":3,\"name\":\"Unicorn- Gie\u00dfen und anmalen &#8211; Baby-Einh\u00f6rner\"}]},{\"@type\":\"WebSite\",\"@id\":\"https:\\\/\\\/ses-creative.com\\\/#website\",\"url\":\"https:\\\/\\\/ses-creative.com\\\/\",\"name\":\"SES Creative\",\"description\":\"\",\"publisher\":{\"@id\":\"https:\\\/\\\/ses-creative.com\\\/#organization\"},\"potentialAction\":[{\"@type\":\"SearchAction\",\"target\":{\"@type\":\"EntryPoint\",\"urlTemplate\":\"https:\\\/\\\/ses-creative.com\\\/?s={search_term_string}\"},\"query-input\":{\"@type\":\"PropertyValueSpecification\",\"valueRequired\":true,\"valueName\":\"search_term_string\"}}],\"inLanguage\":\"de\"},{\"@type\":\"Organization\",\"@id\":\"https:\\\/\\\/ses-creative.com\\\/#organization\",\"name\":\"SES Creative\",\"url\":\"https:\\\/\\\/ses-creative.com\\\/\",\"logo\":{\"@type\":\"ImageObject\",\"inLanguage\":\"de\",\"@id\":\"https:\\\/\\\/ses-creative.com\\\/#\\\/schema\\\/logo\\\/image\\\/\",\"url\":\"https:\\\/\\\/ses-creative.com\\\/wp-content\\\/uploads\\\/2025\\\/10\\\/ses-creative-logo.jpg\",\"contentUrl\":\"https:\\\/\\\/ses-creative.com\\\/wp-content\\\/uploads\\\/2025\\\/10\\\/ses-creative-logo.jpg\",\"width\":2037,\"height\":2037,\"caption\":\"SES Creative\"},\"image\":{\"@id\":\"https:\\\/\\\/ses-creative.com\\\/#\\\/schema\\\/logo\\\/image\\\/\"}}]}<\/script>\n<!-- \/ Yoast SEO plugin. -->","yoast_head_json":{"title":"Unicorn- Gie\u00dfen und anmalen - Baby-Einh\u00f6rner - SES Creative","robots":{"index":"index","follow":"follow","max-snippet":"max-snippet:-1","max-image-preview":"max-image-preview:large","max-video-preview":"max-video-preview:-1"},"canonical":"https:\/\/ses-creative.com\/de\/produkt\/unicorn-giessen-und-anmalen-baby-einhoerner\/","og_locale":"de_DE","og_type":"article","og_title":"Unicorn- Gie\u00dfen und anmalen - Baby-Einh\u00f6rner - SES Creative","og_description":"Unicorn \u2013 Gie\u00dfen und Bemalen von Baby-Einh\u00f6rnern: Gestalte deine eigenen magischen Figuren! Werden Sie zum echten K\u00fcnstler mit dem Set \u201eGips gie\u00dfen und bemalen \u2013 Baby-Einh\u00f6rner\u201d von SES Creative! Gie\u00dfen Sie selbst zehn niedliche Baby-Einh\u00f6rner und bemalen Sie sie dann ganz nach Ihrem Geschmack. W\u00e4hlen Sie sanfte Pastellfarben, fr\u00f6hliche Knallfarben oder mischen und kombinieren Sie [&hellip;]","og_url":"https:\/\/ses-creative.com\/de\/produkt\/unicorn-giessen-und-anmalen-baby-einhoerner\/","og_site_name":"SES Creative","article_modified_time":"2026-02-06T09:51:47+00:00","twitter_card":"summary_large_image","twitter_misc":{"Gesch\u00e4tzte Lesezeit":"1\u00a0Minute"},"schema":{"@context":"https:\/\/schema.org","@graph":[{"@type":"WebPage","@id":"https:\/\/ses-creative.com\/de\/produkt\/unicorn-giessen-und-anmalen-baby-einhoerner\/","url":"https:\/\/ses-creative.com\/de\/produkt\/unicorn-giessen-und-anmalen-baby-einhoerner\/","name":"Unicorn- Gie\u00dfen und anmalen - Baby-Einh\u00f6rner - SES Creative","isPartOf":{"@id":"https:\/\/ses-creative.com\/#website"},"primaryImageOfPage":{"@id":"https:\/\/ses-creative.com\/de\/produkt\/unicorn-giessen-und-anmalen-baby-einhoerner\/#primaryimage"},"image":{"@id":"https:\/\/ses-creative.com\/de\/produkt\/unicorn-giessen-und-anmalen-baby-einhoerner\/#primaryimage"},"thumbnailUrl":"https:\/\/ses-creative.com\/wp-content\/uploads\/2026\/01\/147231.jpg","datePublished":"2026-02-05T13:52:55+00:00","dateModified":"2026-02-06T09:51:47+00:00","breadcrumb":{"@id":"https:\/\/ses-creative.com\/de\/produkt\/unicorn-giessen-und-anmalen-baby-einhoerner\/#breadcrumb"},"inLanguage":"de","potentialAction":[{"@type":"ReadAction","target":["https:\/\/ses-creative.com\/de\/produkt\/unicorn-giessen-und-anmalen-baby-einhoerner\/"]}]},{"@type":"ImageObject","inLanguage":"de","@id":"https:\/\/ses-creative.com\/de\/produkt\/unicorn-giessen-und-anmalen-baby-einhoerner\/#primaryimage","url":"https:\/\/ses-creative.com\/wp-content\/uploads\/2026\/01\/147231.jpg","contentUrl":"https:\/\/ses-creative.com\/wp-content\/uploads\/2026\/01\/147231.jpg","width":1000,"height":1000},{"@type":"BreadcrumbList","@id":"https:\/\/ses-creative.com\/de\/produkt\/unicorn-giessen-und-anmalen-baby-einhoerner\/#breadcrumb","itemListElement":[{"@type":"ListItem","position":1,"name":"Shop","item":"https:\/\/ses-creative.com\/de\/shop\/"},{"@type":"ListItem","position":2,"name":"Basteln","item":"https:\/\/ses-creative.com\/de\/product-categorie\/basteln\/"},{"@type":"ListItem","position":3,"name":"Unicorn- Gie\u00dfen und anmalen &#8211; Baby-Einh\u00f6rner"}]},{"@type":"WebSite","@id":"https:\/\/ses-creative.com\/#website","url":"https:\/\/ses-creative.com\/","name":"SES Creative","description":"","publisher":{"@id":"https:\/\/ses-creative.com\/#organization"},"potentialAction":[{"@type":"SearchAction","target":{"@type":"EntryPoint","urlTemplate":"https:\/\/ses-creative.com\/?s={search_term_string}"},"query-input":{"@type":"PropertyValueSpecification","valueRequired":true,"valueName":"search_term_string"}}],"inLanguage":"de"},{"@type":"Organization","@id":"https:\/\/ses-creative.com\/#organization","name":"SES Creative","url":"https:\/\/ses-creative.com\/","logo":{"@type":"ImageObject","inLanguage":"de","@id":"https:\/\/ses-creative.com\/#\/schema\/logo\/image\/","url":"https:\/\/ses-creative.com\/wp-content\/uploads\/2025\/10\/ses-creative-logo.jpg","contentUrl":"https:\/\/ses-creative.com\/wp-content\/uploads\/2025\/10\/ses-creative-logo.jpg","width":2037,"height":2037,"caption":"SES Creative"},"image":{"@id":"https:\/\/ses-creative.com\/#\/schema\/logo\/image\/"}}]}},"_links":{"self":[{"href":"https:\/\/ses-creative.com\/de\/wp-json\/wp\/v2\/product\/114788","targetHints":{"allow":["GET"]}}],"collection":[{"href":"https:\/\/ses-creative.com\/de\/wp-json\/wp\/v2\/product"}],"about":[{"href":"https:\/\/ses-creative.com\/de\/wp-json\/wp\/v2\/types\/product"}],"replies":[{"embeddable":true,"href":"https:\/\/ses-creative.com\/de\/wp-json\/wp\/v2\/comments?post=114788"}],"wp:featuredmedia":[{"embeddable":true,"href":"https:\/\/ses-creative.com\/de\/wp-json\/wp\/v2\/media\/104256"}],"wp:attachment":[{"href":"https:\/\/ses-creative.com\/de\/wp-json\/wp\/v2\/media?parent=114788"}],"wp:term":[{"taxonomy":"product_brand","embeddable":true,"href":"https:\/\/ses-creative.com\/de\/wp-json\/wp\/v2\/product_brand?post=114788"},{"taxonomy":"product_cat","embeddable":true,"href":"https:\/\/ses-creative.com\/de\/wp-json\/wp\/v2\/product_cat?post=114788"},{"taxonomy":"product_tag","embeddable":true,"href":"https:\/\/ses-creative.com\/de\/wp-json\/wp\/v2\/product_tag?post=114788"}],"curies":[{"name":"wp","href":"https:\/\/api.w.org\/{rel}","templated":true}]}}