











{"id":114787,"date":"2026-02-05T13:52:55","date_gmt":"2026-02-05T13:52:55","guid":{"rendered":"https:\/\/ses-creative.com\/?post_type=product&#038;p=114787"},"modified":"2026-02-06T09:51:47","modified_gmt":"2026-02-06T09:51:47","slug":"filzstift-designer","status":"publish","type":"product","link":"https:\/\/ses-creative.com\/de\/produkt\/filzstift-designer\/","title":{"rendered":"Filzstift Designer"},"content":{"rendered":"<p>Hobby Pink \u2013 Filzstifte Lab: Gestalte deine eigenen farbenfrohen Kreationen!<\/p>\n<p>Entdecke die Wissenschaft hinter Farben mit dem Filzstift-Labor von SES Creative! Mit diesem Set kannst du einzigartige Farbt\u00f6ne mischen und deine eigenen Filzstifte zusammenstellen. Perfekt f\u00fcr Kinder ab 5 Jahren, die gerne experimentieren, kreativ sind und ihren Kunstmaterialien eine pers\u00f6nliche Note verleihen m\u00f6chten.<\/p>\n<p>Was dieses Set so toll macht<\/p>\n<p>4 Grundfarben waschbare Tinte: Rot, Blau, Gelb und Wei\u00df<br \/>\nMischen Sie bis zu 15 einzigartige Farben und Farbt\u00f6ne<br \/>\nInklusive Werkzeugen wie Pinzetten und Filtern f\u00fcr pr\u00e4zises Arbeiten<br \/>\n60 fr\u00f6hliche Glitzeraufkleber zum Personalisieren Ihrer Stifte<br \/>\nF\u00f6rdert Kreativit\u00e4t, Farbwissen und Feinmotorik<\/p>\n<p>Mischen, entwerfen und verzieren Sie Ihre eigenen Stifte<\/p>\n<p>Kinder folgen einfachen Mischanweisungen, um neue Farben zu kreieren. Anschlie\u00dfend setzen sie ihre Stifte selbst zusammen und verzieren sie mit Glitzerstickern. So entsteht ein einzigartiges Set von Filzstiften, das nicht nur funktional, sondern auch ganz pers\u00f6nlich ist.<\/p>\n<p>Inhalt des Sets<\/p>\n<p>4 Flaschen waschbare Tinte (rot, blau, gelb, wei\u00df)<br \/>\nTeile zum Herstellen von Filzstiften<br \/>\nPr\u00e4zisionswerkzeuge: Pinzetten und Filter<br \/>\n60 Glitzeraufkleber<br \/>\nAnleitung mit Mischanweisungen<\/p>\n<p>Warum SES Creative w\u00e4hlen?<\/p>\n<p>Bei SES Creative legen wir gro\u00dfen Wert auf Sicherheit. Deshalb werden die Produkte in unserem Werk in den Niederlanden nach den strengsten europ\u00e4ischen Sicherheitsnormen hergestellt und getestet. Spielzeug von SES Creative macht Spa\u00df und soll Kindern ein Gef\u00fchl der Stolz auf ihre Arbeit vermitteln, was ihre Kreativit\u00e4t und Entwicklung f\u00f6rdert.<\/p>\n<p>Beginnen Sie noch heute Ihr Abenteuer in der Welt der Farben<\/p>\n<p>Schnappen Sie sich das Filzstift-Labor, mischen, entwerfen und verzieren Sie \u2013 und entdecken Sie, wie viel Spa\u00df es macht, Ihre eigenen personalisierten Filzstifte herzustellen. Eine perfekte Mischung aus Kunst und Wissenschaft!<\/p>\n","protected":false},"excerpt":{"rendered":"<p>Hobby Pink \u2013 Filzstifte Lab: Gestalte deine eigenen farbenfrohen Kreationen! Entdecke die Wissenschaft hinter Farben mit dem Filzstift-Labor von SES Creative! Mit diesem Set kannst du einzigartige Farbt\u00f6ne mischen und deine eigenen Filzstifte zusammenstellen. Perfekt f\u00fcr Kinder ab 5 Jahren, die gerne experimentieren, kreativ sind und ihren Kunstmaterialien eine pers\u00f6nliche Note verleihen m\u00f6chten. Was dieses [&hellip;]<\/p>\n","protected":false},"featured_media":104236,"comment_status":"closed","ping_status":"closed","template":"","meta":{"_acf_changed":false},"product_brand":[],"product_cat":[115],"product_tag":[],"class_list":{"0":"post-114787","1":"product","2":"type-product","3":"status-publish","4":"has-post-thumbnail","6":"product_cat-basteln","7":"pa_leeftijd-filter-4-6-jahre","8":"pa_meest-populair-bij-maedchen","10":"first","11":"instock","12":"shipping-taxable","13":"product-type-simple"},"acf":[],"yoast_head":"<!-- This site is optimized with the Yoast SEO plugin v27.2 - https:\/\/yoast.com\/product\/yoast-seo-wordpress\/ -->\n<title>Filzstift Designer - SES Creative<\/title>\n<meta name=\"robots\" content=\"index, follow, max-snippet:-1, max-image-preview:large, max-video-preview:-1\" \/>\n<link rel=\"canonical\" href=\"https:\/\/ses-creative.com\/de\/produkt\/filzstift-designer\/\" \/>\n<meta property=\"og:locale\" content=\"de_DE\" \/>\n<meta property=\"og:type\" content=\"article\" \/>\n<meta property=\"og:title\" content=\"Filzstift Designer - SES Creative\" \/>\n<meta property=\"og:description\" content=\"Hobby Pink \u2013 Filzstifte Lab: Gestalte deine eigenen farbenfrohen Kreationen! Entdecke die Wissenschaft hinter Farben mit dem Filzstift-Labor von SES Creative! Mit diesem Set kannst du einzigartige Farbt\u00f6ne mischen und deine eigenen Filzstifte zusammenstellen. Perfekt f\u00fcr Kinder ab 5 Jahren, die gerne experimentieren, kreativ sind und ihren Kunstmaterialien eine pers\u00f6nliche Note verleihen m\u00f6chten. Was dieses [&hellip;]\" \/>\n<meta property=\"og:url\" content=\"https:\/\/ses-creative.com\/de\/produkt\/filzstift-designer\/\" \/>\n<meta property=\"og:site_name\" content=\"SES Creative\" \/>\n<meta property=\"article:modified_time\" content=\"2026-02-06T09:51:47+00:00\" \/>\n<meta name=\"twitter:card\" content=\"summary_large_image\" \/>\n<meta name=\"twitter:label1\" content=\"Gesch\u00e4tzte Lesezeit\" \/>\n\t<meta name=\"twitter:data1\" content=\"1\u00a0Minute\" \/>\n<script type=\"application\/ld+json\" class=\"yoast-schema-graph\">{\"@context\":\"https:\/\/schema.org\",\"@graph\":[{\"@type\":\"WebPage\",\"@id\":\"https:\/\/ses-creative.com\/de\/produkt\/filzstift-designer\/\",\"url\":\"https:\/\/ses-creative.com\/de\/produkt\/filzstift-designer\/\",\"name\":\"Filzstift Designer - SES Creative\",\"isPartOf\":{\"@id\":\"https:\/\/ses-creative.com\/#website\"},\"primaryImageOfPage\":{\"@id\":\"https:\/\/ses-creative.com\/de\/produkt\/filzstift-designer\/#primaryimage\"},\"image\":{\"@id\":\"https:\/\/ses-creative.com\/de\/produkt\/filzstift-designer\/#primaryimage\"},\"thumbnailUrl\":\"https:\/\/ses-creative.com\/wp-content\/uploads\/2026\/01\/147221.jpg\",\"datePublished\":\"2026-02-05T13:52:55+00:00\",\"dateModified\":\"2026-02-06T09:51:47+00:00\",\"breadcrumb\":{\"@id\":\"https:\/\/ses-creative.com\/de\/produkt\/filzstift-designer\/#breadcrumb\"},\"inLanguage\":\"de\",\"potentialAction\":[{\"@type\":\"ReadAction\",\"target\":[\"https:\/\/ses-creative.com\/de\/produkt\/filzstift-designer\/\"]}]},{\"@type\":\"ImageObject\",\"inLanguage\":\"de\",\"@id\":\"https:\/\/ses-creative.com\/de\/produkt\/filzstift-designer\/#primaryimage\",\"url\":\"https:\/\/ses-creative.com\/wp-content\/uploads\/2026\/01\/147221.jpg\",\"contentUrl\":\"https:\/\/ses-creative.com\/wp-content\/uploads\/2026\/01\/147221.jpg\",\"width\":1000,\"height\":1000},{\"@type\":\"BreadcrumbList\",\"@id\":\"https:\/\/ses-creative.com\/de\/produkt\/filzstift-designer\/#breadcrumb\",\"itemListElement\":[{\"@type\":\"ListItem\",\"position\":1,\"name\":\"Shop\",\"item\":\"https:\/\/ses-creative.com\/de\/shop\/\"},{\"@type\":\"ListItem\",\"position\":2,\"name\":\"Basteln\",\"item\":\"https:\/\/ses-creative.com\/de\/product-categorie\/basteln\/\"},{\"@type\":\"ListItem\",\"position\":3,\"name\":\"Filzstift Designer\"}]},{\"@type\":\"WebSite\",\"@id\":\"https:\/\/ses-creative.com\/#website\",\"url\":\"https:\/\/ses-creative.com\/\",\"name\":\"SES Creative\",\"description\":\"\",\"publisher\":{\"@id\":\"https:\/\/ses-creative.com\/#organization\"},\"potentialAction\":[{\"@type\":\"SearchAction\",\"target\":{\"@type\":\"EntryPoint\",\"urlTemplate\":\"https:\/\/ses-creative.com\/?s={search_term_string}\"},\"query-input\":{\"@type\":\"PropertyValueSpecification\",\"valueRequired\":true,\"valueName\":\"search_term_string\"}}],\"inLanguage\":\"de\"},{\"@type\":\"Organization\",\"@id\":\"https:\/\/ses-creative.com\/#organization\",\"name\":\"SES Creative\",\"url\":\"https:\/\/ses-creative.com\/\",\"logo\":{\"@type\":\"ImageObject\",\"inLanguage\":\"de\",\"@id\":\"https:\/\/ses-creative.com\/#\/schema\/logo\/image\/\",\"url\":\"https:\/\/ses-creative.com\/wp-content\/uploads\/2025\/10\/ses-creative-logo.jpg\",\"contentUrl\":\"https:\/\/ses-creative.com\/wp-content\/uploads\/2025\/10\/ses-creative-logo.jpg\",\"width\":2037,\"height\":2037,\"caption\":\"SES Creative\"},\"image\":{\"@id\":\"https:\/\/ses-creative.com\/#\/schema\/logo\/image\/\"}}]}<\/script>\n<!-- \/ Yoast SEO plugin. -->","yoast_head_json":{"title":"Filzstift Designer - SES Creative","robots":{"index":"index","follow":"follow","max-snippet":"max-snippet:-1","max-image-preview":"max-image-preview:large","max-video-preview":"max-video-preview:-1"},"canonical":"https:\/\/ses-creative.com\/de\/produkt\/filzstift-designer\/","og_locale":"de_DE","og_type":"article","og_title":"Filzstift Designer - SES Creative","og_description":"Hobby Pink \u2013 Filzstifte Lab: Gestalte deine eigenen farbenfrohen Kreationen! Entdecke die Wissenschaft hinter Farben mit dem Filzstift-Labor von SES Creative! Mit diesem Set kannst du einzigartige Farbt\u00f6ne mischen und deine eigenen Filzstifte zusammenstellen. Perfekt f\u00fcr Kinder ab 5 Jahren, die gerne experimentieren, kreativ sind und ihren Kunstmaterialien eine pers\u00f6nliche Note verleihen m\u00f6chten. Was dieses [&hellip;]","og_url":"https:\/\/ses-creative.com\/de\/produkt\/filzstift-designer\/","og_site_name":"SES Creative","article_modified_time":"2026-02-06T09:51:47+00:00","twitter_card":"summary_large_image","twitter_misc":{"Gesch\u00e4tzte Lesezeit":"1\u00a0Minute"},"schema":{"@context":"https:\/\/schema.org","@graph":[{"@type":"WebPage","@id":"https:\/\/ses-creative.com\/de\/produkt\/filzstift-designer\/","url":"https:\/\/ses-creative.com\/de\/produkt\/filzstift-designer\/","name":"Filzstift Designer - SES Creative","isPartOf":{"@id":"https:\/\/ses-creative.com\/#website"},"primaryImageOfPage":{"@id":"https:\/\/ses-creative.com\/de\/produkt\/filzstift-designer\/#primaryimage"},"image":{"@id":"https:\/\/ses-creative.com\/de\/produkt\/filzstift-designer\/#primaryimage"},"thumbnailUrl":"https:\/\/ses-creative.com\/wp-content\/uploads\/2026\/01\/147221.jpg","datePublished":"2026-02-05T13:52:55+00:00","dateModified":"2026-02-06T09:51:47+00:00","breadcrumb":{"@id":"https:\/\/ses-creative.com\/de\/produkt\/filzstift-designer\/#breadcrumb"},"inLanguage":"de","potentialAction":[{"@type":"ReadAction","target":["https:\/\/ses-creative.com\/de\/produkt\/filzstift-designer\/"]}]},{"@type":"ImageObject","inLanguage":"de","@id":"https:\/\/ses-creative.com\/de\/produkt\/filzstift-designer\/#primaryimage","url":"https:\/\/ses-creative.com\/wp-content\/uploads\/2026\/01\/147221.jpg","contentUrl":"https:\/\/ses-creative.com\/wp-content\/uploads\/2026\/01\/147221.jpg","width":1000,"height":1000},{"@type":"BreadcrumbList","@id":"https:\/\/ses-creative.com\/de\/produkt\/filzstift-designer\/#breadcrumb","itemListElement":[{"@type":"ListItem","position":1,"name":"Shop","item":"https:\/\/ses-creative.com\/de\/shop\/"},{"@type":"ListItem","position":2,"name":"Basteln","item":"https:\/\/ses-creative.com\/de\/product-categorie\/basteln\/"},{"@type":"ListItem","position":3,"name":"Filzstift Designer"}]},{"@type":"WebSite","@id":"https:\/\/ses-creative.com\/#website","url":"https:\/\/ses-creative.com\/","name":"SES Creative","description":"","publisher":{"@id":"https:\/\/ses-creative.com\/#organization"},"potentialAction":[{"@type":"SearchAction","target":{"@type":"EntryPoint","urlTemplate":"https:\/\/ses-creative.com\/?s={search_term_string}"},"query-input":{"@type":"PropertyValueSpecification","valueRequired":true,"valueName":"search_term_string"}}],"inLanguage":"de"},{"@type":"Organization","@id":"https:\/\/ses-creative.com\/#organization","name":"SES Creative","url":"https:\/\/ses-creative.com\/","logo":{"@type":"ImageObject","inLanguage":"de","@id":"https:\/\/ses-creative.com\/#\/schema\/logo\/image\/","url":"https:\/\/ses-creative.com\/wp-content\/uploads\/2025\/10\/ses-creative-logo.jpg","contentUrl":"https:\/\/ses-creative.com\/wp-content\/uploads\/2025\/10\/ses-creative-logo.jpg","width":2037,"height":2037,"caption":"SES Creative"},"image":{"@id":"https:\/\/ses-creative.com\/#\/schema\/logo\/image\/"}}]}},"_links":{"self":[{"href":"https:\/\/ses-creative.com\/de\/wp-json\/wp\/v2\/product\/114787","targetHints":{"allow":["GET"]}}],"collection":[{"href":"https:\/\/ses-creative.com\/de\/wp-json\/wp\/v2\/product"}],"about":[{"href":"https:\/\/ses-creative.com\/de\/wp-json\/wp\/v2\/types\/product"}],"replies":[{"embeddable":true,"href":"https:\/\/ses-creative.com\/de\/wp-json\/wp\/v2\/comments?post=114787"}],"wp:featuredmedia":[{"embeddable":true,"href":"https:\/\/ses-creative.com\/de\/wp-json\/wp\/v2\/media\/104236"}],"wp:attachment":[{"href":"https:\/\/ses-creative.com\/de\/wp-json\/wp\/v2\/media?parent=114787"}],"wp:term":[{"taxonomy":"product_brand","embeddable":true,"href":"https:\/\/ses-creative.com\/de\/wp-json\/wp\/v2\/product_brand?post=114787"},{"taxonomy":"product_cat","embeddable":true,"href":"https:\/\/ses-creative.com\/de\/wp-json\/wp\/v2\/product_cat?post=114787"},{"taxonomy":"product_tag","embeddable":true,"href":"https:\/\/ses-creative.com\/de\/wp-json\/wp\/v2\/product_tag?post=114787"}],"curies":[{"name":"wp","href":"https:\/\/api.w.org\/{rel}","templated":true}]}}