











{"id":114783,"date":"2026-02-05T13:52:55","date_gmt":"2026-02-05T13:52:55","guid":{"rendered":"https:\/\/ses-creative.com\/?post_type=product&#038;p=114783"},"modified":"2026-02-06T09:51:46","modified_gmt":"2026-02-06T09:51:46","slug":"blow-airbrush-pens-fashion-designer","status":"publish","type":"product","link":"https:\/\/ses-creative.com\/de\/produkt\/blow-airbrush-pens-fashion-designer\/","title":{"rendered":"Blow airbrush Pens &#8211; Fashion Designer"},"content":{"rendered":"<p>Blow Airbrush Pens \u2013 Fashion Designer: Entwerfen Sie Ihre eigene Modekollektion!<\/p>\n<p>Mit dem Blow Airbrush Pens \u2013 Fashion Designer Set von SES Creative verwandelst du dich in einen echten Modedesigner. Verwende die speziellen Airbrush-Stifte und die praktischen Schablonen, um einzigartige Kleidungsst\u00fccke und Muster auf den mitgelieferten Modekarten zu kreieren. Perfekt f\u00fcr Kinder ab 5 Jahren, die Mode, Farben und Kreativit\u00e4t lieben.<\/p>\n<p>Was dieses Set so toll macht<\/p>\n<p>10 Modekarten zum Selbstgestalten<br \/>\n2 Schablonen mit Kleidungsst\u00fccken und Mustern<br \/>\nAirbrush-Stifte in verschiedenen fr\u00f6hlichen Farben<br \/>\nAbwaschbare Tinte f\u00fcr sichere und sorgenfreie Verwendung<br \/>\nF\u00f6rdert Kreativit\u00e4t, Fantasie und Feinmotorik<\/p>\n<p>Kreatives Modedesign mit Airbrush<\/p>\n<p>Mit diesem Set kannst du farbenfrohe Modekarten gestalten, indem du sanft in die Airbrush-Stifte bl\u00e4st. Dank der Schablonen ist es ganz einfach, Kleidungsst\u00fccke mit wundersch\u00f6nen Farbverl\u00e4ufen und Mustern zu f\u00fcllen. So sieht jedes Design wie eine echte Catwalk-Kreation aus!<\/p>\n<p>Inhalt des Sets<\/p>\n<p>10 Modekarten<br \/>\n2 Schablonen f\u00fcr Kleidung und Muster<br \/>\nAirbrush-Stifte in verschiedenen Farben<\/p>\n<p>Warum SES Creative w\u00e4hlen?<\/p>\n<p>Bei SES Creative legen wir gro\u00dfen Wert auf Sicherheit. Deshalb werden die Produkte in unserem Werk in den Niederlanden nach den strengsten europ\u00e4ischen Sicherheitsnormen hergestellt und getestet. Spielzeug von SES Creative sorgt f\u00fcr Spa\u00df und soll Kindern ein Gef\u00fchl des Stolzes auf ihre Arbeit vermitteln, was ihre Kreativit\u00e4t und Entwicklung f\u00f6rdert.<\/p>\n<p>Starten Sie noch heute mit Ihrer Modenschau<\/p>\n<p>Holen Sie sich das Blow Airbrush Pens \u2013 Fashion Designer Set, lassen Sie Ihrer Kreativit\u00e4t freien Lauf und entwerfen Sie Ihre eigene Modewelt. Kreieren Sie Outfits, die so einzigartig sind wie Sie!<\/p>\n","protected":false},"excerpt":{"rendered":"<p>Blow Airbrush Pens \u2013 Fashion Designer: Entwerfen Sie Ihre eigene Modekollektion! Mit dem Blow Airbrush Pens \u2013 Fashion Designer Set von SES Creative verwandelst du dich in einen echten Modedesigner. Verwende die speziellen Airbrush-Stifte und die praktischen Schablonen, um einzigartige Kleidungsst\u00fccke und Muster auf den mitgelieferten Modekarten zu kreieren. Perfekt f\u00fcr Kinder ab 5 Jahren, [&hellip;]<\/p>\n","protected":false},"featured_media":95440,"comment_status":"closed","ping_status":"closed","template":"","meta":{"_acf_changed":false},"product_brand":[],"product_cat":[115],"product_tag":[],"class_list":{"0":"post-114783","1":"product","2":"type-product","3":"status-publish","4":"has-post-thumbnail","6":"product_cat-basteln","7":"pa_collecties-blow-airbrush-pens","8":"pa_leeftijd-filter-4-6-jahre","9":"pa_meest-populair-bij-maedchen","11":"first","12":"instock","13":"shipping-taxable","14":"product-type-simple"},"acf":[],"yoast_head":"<!-- This site is optimized with the Yoast SEO plugin v27.2 - https:\/\/yoast.com\/product\/yoast-seo-wordpress\/ -->\n<title>Blow airbrush Pens - Fashion Designer - SES Creative<\/title>\n<meta name=\"robots\" content=\"index, follow, max-snippet:-1, max-image-preview:large, max-video-preview:-1\" \/>\n<link rel=\"canonical\" href=\"https:\/\/ses-creative.com\/de\/produkt\/blow-airbrush-pens-fashion-designer\/\" \/>\n<meta property=\"og:locale\" content=\"de_DE\" \/>\n<meta property=\"og:type\" content=\"article\" \/>\n<meta property=\"og:title\" content=\"Blow airbrush Pens - Fashion Designer - SES Creative\" \/>\n<meta property=\"og:description\" content=\"Blow Airbrush Pens \u2013 Fashion Designer: Entwerfen Sie Ihre eigene Modekollektion! Mit dem Blow Airbrush Pens \u2013 Fashion Designer Set von SES Creative verwandelst du dich in einen echten Modedesigner. Verwende die speziellen Airbrush-Stifte und die praktischen Schablonen, um einzigartige Kleidungsst\u00fccke und Muster auf den mitgelieferten Modekarten zu kreieren. Perfekt f\u00fcr Kinder ab 5 Jahren, [&hellip;]\" \/>\n<meta property=\"og:url\" content=\"https:\/\/ses-creative.com\/de\/produkt\/blow-airbrush-pens-fashion-designer\/\" \/>\n<meta property=\"og:site_name\" content=\"SES Creative\" \/>\n<meta property=\"article:modified_time\" content=\"2026-02-06T09:51:46+00:00\" \/>\n<meta name=\"twitter:card\" content=\"summary_large_image\" \/>\n<meta name=\"twitter:label1\" content=\"Gesch\u00e4tzte Lesezeit\" \/>\n\t<meta name=\"twitter:data1\" content=\"1\u00a0Minute\" \/>\n<script type=\"application\/ld+json\" class=\"yoast-schema-graph\">{\"@context\":\"https:\/\/schema.org\",\"@graph\":[{\"@type\":\"WebPage\",\"@id\":\"https:\/\/ses-creative.com\/de\/produkt\/blow-airbrush-pens-fashion-designer\/\",\"url\":\"https:\/\/ses-creative.com\/de\/produkt\/blow-airbrush-pens-fashion-designer\/\",\"name\":\"Blow airbrush Pens - Fashion Designer - SES Creative\",\"isPartOf\":{\"@id\":\"https:\/\/ses-creative.com\/#website\"},\"primaryImageOfPage\":{\"@id\":\"https:\/\/ses-creative.com\/de\/produkt\/blow-airbrush-pens-fashion-designer\/#primaryimage\"},\"image\":{\"@id\":\"https:\/\/ses-creative.com\/de\/produkt\/blow-airbrush-pens-fashion-designer\/#primaryimage\"},\"thumbnailUrl\":\"https:\/\/ses-creative.com\/wp-content\/uploads\/2026\/01\/147091.jpg\",\"datePublished\":\"2026-02-05T13:52:55+00:00\",\"dateModified\":\"2026-02-06T09:51:46+00:00\",\"breadcrumb\":{\"@id\":\"https:\/\/ses-creative.com\/de\/produkt\/blow-airbrush-pens-fashion-designer\/#breadcrumb\"},\"inLanguage\":\"de\",\"potentialAction\":[{\"@type\":\"ReadAction\",\"target\":[\"https:\/\/ses-creative.com\/de\/produkt\/blow-airbrush-pens-fashion-designer\/\"]}]},{\"@type\":\"ImageObject\",\"inLanguage\":\"de\",\"@id\":\"https:\/\/ses-creative.com\/de\/produkt\/blow-airbrush-pens-fashion-designer\/#primaryimage\",\"url\":\"https:\/\/ses-creative.com\/wp-content\/uploads\/2026\/01\/147091.jpg\",\"contentUrl\":\"https:\/\/ses-creative.com\/wp-content\/uploads\/2026\/01\/147091.jpg\",\"width\":1000,\"height\":1000},{\"@type\":\"BreadcrumbList\",\"@id\":\"https:\/\/ses-creative.com\/de\/produkt\/blow-airbrush-pens-fashion-designer\/#breadcrumb\",\"itemListElement\":[{\"@type\":\"ListItem\",\"position\":1,\"name\":\"Shop\",\"item\":\"https:\/\/ses-creative.com\/de\/shop\/\"},{\"@type\":\"ListItem\",\"position\":2,\"name\":\"Basteln\",\"item\":\"https:\/\/ses-creative.com\/de\/product-categorie\/basteln\/\"},{\"@type\":\"ListItem\",\"position\":3,\"name\":\"Blow airbrush Pens &#8211; Fashion Designer\"}]},{\"@type\":\"WebSite\",\"@id\":\"https:\/\/ses-creative.com\/#website\",\"url\":\"https:\/\/ses-creative.com\/\",\"name\":\"SES Creative\",\"description\":\"\",\"publisher\":{\"@id\":\"https:\/\/ses-creative.com\/#organization\"},\"potentialAction\":[{\"@type\":\"SearchAction\",\"target\":{\"@type\":\"EntryPoint\",\"urlTemplate\":\"https:\/\/ses-creative.com\/?s={search_term_string}\"},\"query-input\":{\"@type\":\"PropertyValueSpecification\",\"valueRequired\":true,\"valueName\":\"search_term_string\"}}],\"inLanguage\":\"de\"},{\"@type\":\"Organization\",\"@id\":\"https:\/\/ses-creative.com\/#organization\",\"name\":\"SES Creative\",\"url\":\"https:\/\/ses-creative.com\/\",\"logo\":{\"@type\":\"ImageObject\",\"inLanguage\":\"de\",\"@id\":\"https:\/\/ses-creative.com\/#\/schema\/logo\/image\/\",\"url\":\"https:\/\/ses-creative.com\/wp-content\/uploads\/2025\/10\/ses-creative-logo.jpg\",\"contentUrl\":\"https:\/\/ses-creative.com\/wp-content\/uploads\/2025\/10\/ses-creative-logo.jpg\",\"width\":2037,\"height\":2037,\"caption\":\"SES Creative\"},\"image\":{\"@id\":\"https:\/\/ses-creative.com\/#\/schema\/logo\/image\/\"}}]}<\/script>\n<!-- \/ Yoast SEO plugin. -->","yoast_head_json":{"title":"Blow airbrush Pens - Fashion Designer - SES Creative","robots":{"index":"index","follow":"follow","max-snippet":"max-snippet:-1","max-image-preview":"max-image-preview:large","max-video-preview":"max-video-preview:-1"},"canonical":"https:\/\/ses-creative.com\/de\/produkt\/blow-airbrush-pens-fashion-designer\/","og_locale":"de_DE","og_type":"article","og_title":"Blow airbrush Pens - Fashion Designer - SES Creative","og_description":"Blow Airbrush Pens \u2013 Fashion Designer: Entwerfen Sie Ihre eigene Modekollektion! Mit dem Blow Airbrush Pens \u2013 Fashion Designer Set von SES Creative verwandelst du dich in einen echten Modedesigner. Verwende die speziellen Airbrush-Stifte und die praktischen Schablonen, um einzigartige Kleidungsst\u00fccke und Muster auf den mitgelieferten Modekarten zu kreieren. Perfekt f\u00fcr Kinder ab 5 Jahren, [&hellip;]","og_url":"https:\/\/ses-creative.com\/de\/produkt\/blow-airbrush-pens-fashion-designer\/","og_site_name":"SES Creative","article_modified_time":"2026-02-06T09:51:46+00:00","twitter_card":"summary_large_image","twitter_misc":{"Gesch\u00e4tzte Lesezeit":"1\u00a0Minute"},"schema":{"@context":"https:\/\/schema.org","@graph":[{"@type":"WebPage","@id":"https:\/\/ses-creative.com\/de\/produkt\/blow-airbrush-pens-fashion-designer\/","url":"https:\/\/ses-creative.com\/de\/produkt\/blow-airbrush-pens-fashion-designer\/","name":"Blow airbrush Pens - Fashion Designer - SES Creative","isPartOf":{"@id":"https:\/\/ses-creative.com\/#website"},"primaryImageOfPage":{"@id":"https:\/\/ses-creative.com\/de\/produkt\/blow-airbrush-pens-fashion-designer\/#primaryimage"},"image":{"@id":"https:\/\/ses-creative.com\/de\/produkt\/blow-airbrush-pens-fashion-designer\/#primaryimage"},"thumbnailUrl":"https:\/\/ses-creative.com\/wp-content\/uploads\/2026\/01\/147091.jpg","datePublished":"2026-02-05T13:52:55+00:00","dateModified":"2026-02-06T09:51:46+00:00","breadcrumb":{"@id":"https:\/\/ses-creative.com\/de\/produkt\/blow-airbrush-pens-fashion-designer\/#breadcrumb"},"inLanguage":"de","potentialAction":[{"@type":"ReadAction","target":["https:\/\/ses-creative.com\/de\/produkt\/blow-airbrush-pens-fashion-designer\/"]}]},{"@type":"ImageObject","inLanguage":"de","@id":"https:\/\/ses-creative.com\/de\/produkt\/blow-airbrush-pens-fashion-designer\/#primaryimage","url":"https:\/\/ses-creative.com\/wp-content\/uploads\/2026\/01\/147091.jpg","contentUrl":"https:\/\/ses-creative.com\/wp-content\/uploads\/2026\/01\/147091.jpg","width":1000,"height":1000},{"@type":"BreadcrumbList","@id":"https:\/\/ses-creative.com\/de\/produkt\/blow-airbrush-pens-fashion-designer\/#breadcrumb","itemListElement":[{"@type":"ListItem","position":1,"name":"Shop","item":"https:\/\/ses-creative.com\/de\/shop\/"},{"@type":"ListItem","position":2,"name":"Basteln","item":"https:\/\/ses-creative.com\/de\/product-categorie\/basteln\/"},{"@type":"ListItem","position":3,"name":"Blow airbrush Pens &#8211; Fashion Designer"}]},{"@type":"WebSite","@id":"https:\/\/ses-creative.com\/#website","url":"https:\/\/ses-creative.com\/","name":"SES Creative","description":"","publisher":{"@id":"https:\/\/ses-creative.com\/#organization"},"potentialAction":[{"@type":"SearchAction","target":{"@type":"EntryPoint","urlTemplate":"https:\/\/ses-creative.com\/?s={search_term_string}"},"query-input":{"@type":"PropertyValueSpecification","valueRequired":true,"valueName":"search_term_string"}}],"inLanguage":"de"},{"@type":"Organization","@id":"https:\/\/ses-creative.com\/#organization","name":"SES Creative","url":"https:\/\/ses-creative.com\/","logo":{"@type":"ImageObject","inLanguage":"de","@id":"https:\/\/ses-creative.com\/#\/schema\/logo\/image\/","url":"https:\/\/ses-creative.com\/wp-content\/uploads\/2025\/10\/ses-creative-logo.jpg","contentUrl":"https:\/\/ses-creative.com\/wp-content\/uploads\/2025\/10\/ses-creative-logo.jpg","width":2037,"height":2037,"caption":"SES Creative"},"image":{"@id":"https:\/\/ses-creative.com\/#\/schema\/logo\/image\/"}}]}},"_links":{"self":[{"href":"https:\/\/ses-creative.com\/de\/wp-json\/wp\/v2\/product\/114783","targetHints":{"allow":["GET"]}}],"collection":[{"href":"https:\/\/ses-creative.com\/de\/wp-json\/wp\/v2\/product"}],"about":[{"href":"https:\/\/ses-creative.com\/de\/wp-json\/wp\/v2\/types\/product"}],"replies":[{"embeddable":true,"href":"https:\/\/ses-creative.com\/de\/wp-json\/wp\/v2\/comments?post=114783"}],"wp:featuredmedia":[{"embeddable":true,"href":"https:\/\/ses-creative.com\/de\/wp-json\/wp\/v2\/media\/95440"}],"wp:attachment":[{"href":"https:\/\/ses-creative.com\/de\/wp-json\/wp\/v2\/media?parent=114783"}],"wp:term":[{"taxonomy":"product_brand","embeddable":true,"href":"https:\/\/ses-creative.com\/de\/wp-json\/wp\/v2\/product_brand?post=114783"},{"taxonomy":"product_cat","embeddable":true,"href":"https:\/\/ses-creative.com\/de\/wp-json\/wp\/v2\/product_cat?post=114783"},{"taxonomy":"product_tag","embeddable":true,"href":"https:\/\/ses-creative.com\/de\/wp-json\/wp\/v2\/product_tag?post=114783"}],"curies":[{"name":"wp","href":"https:\/\/api.w.org\/{rel}","templated":true}]}}