











{"id":114782,"date":"2026-02-05T13:52:54","date_gmt":"2026-02-05T13:52:54","guid":{"rendered":"https:\/\/ses-creative.com\/?post_type=product&#038;p=114782"},"modified":"2026-02-06T09:51:46","modified_gmt":"2026-02-06T09:51:46","slug":"bff-freundschaftsarmbaender","status":"publish","type":"product","link":"https:\/\/ses-creative.com\/de\/produkt\/bff-freundschaftsarmbaender\/","title":{"rendered":"BFF Freundschaftsarmb\u00e4nder"},"content":{"rendered":"<p>Das SES Creative BFF-Freundschaftsarmband-Set erm\u00f6glicht es Kindern, ihre eigenen personalisierten Armb\u00e4nder einfach herzustellen. Dank des enthaltenen Schaumstoff-Flecht-Rads lernen sie spielerisch das Flechten, unterst\u00fctzt durch einfache, visuelle Anleitungen. Das Set enth\u00e4lt Satinf\u00e4den in Blau, Rosa, Multicolor und Silber sowie eine Auswahl an passenden Pony-Perlen f\u00fcr vielf\u00e4ltige Kombinationen. Diese kreative Aktivit\u00e4t ist ab 5 Jahren geeignet und f\u00f6rdert Feinmotorik, Geduld und Hand-Auge-Koordination. Kinder k\u00f6nnen Armb\u00e4nder gestalten, um sie stolz zu tragen oder an Freunde zu verschenken. Ideal f\u00fcr kreative Workshops zu Hause, in der Schule oder f\u00fcr entspannte Bastelmomente. Eine vollst\u00e4ndige, leicht zug\u00e4ngliche Bastelaktivit\u00e4t, verantwortungsvoll produziert von SES Creative, einem 100 % CO\u2082-neutralen Unternehmen. Dieses Bastelset f\u00fcr Kinder bietet eine M\u00f6glichkeit, den eigenen Stil auszudr\u00fccken und gleichzeitig handwerkliche F\u00e4higkeiten mit bunten, sicheren Materialien zu entwickeln.<\/p>\n","protected":false},"excerpt":{"rendered":"<p>Das SES Creative BFF-Freundschaftsarmband-Set erm\u00f6glicht es Kindern, ihre eigenen personalisierten Armb\u00e4nder einfach herzustellen. Dank des enthaltenen Schaumstoff-Flecht-Rads lernen sie spielerisch das Flechten, unterst\u00fctzt durch einfache, visuelle Anleitungen. Das Set enth\u00e4lt Satinf\u00e4den in Blau, Rosa, Multicolor und Silber sowie eine Auswahl an passenden Pony-Perlen f\u00fcr vielf\u00e4ltige Kombinationen. Diese kreative Aktivit\u00e4t ist ab 5 Jahren geeignet und [&hellip;]<\/p>\n","protected":false},"featured_media":104156,"comment_status":"closed","ping_status":"closed","template":"","meta":{"_acf_changed":false},"product_brand":[],"product_cat":[115],"product_tag":[],"class_list":{"0":"post-114782","1":"product","2":"type-product","3":"status-publish","4":"has-post-thumbnail","6":"product_cat-basteln","7":"pa_leeftijd-filter-4-6-jahre","8":"pa_meest-populair-bij-maedchen","10":"first","11":"instock","12":"shipping-taxable","13":"product-type-simple"},"acf":[],"yoast_head":"<!-- This site is optimized with the Yoast SEO plugin v27.2 - https:\/\/yoast.com\/product\/yoast-seo-wordpress\/ -->\n<title>BFF Freundschaftsarmb\u00e4nder - SES Creative<\/title>\n<meta name=\"robots\" content=\"index, follow, max-snippet:-1, max-image-preview:large, max-video-preview:-1\" \/>\n<link rel=\"canonical\" href=\"https:\/\/ses-creative.com\/de\/produkt\/bff-freundschaftsarmbaender\/\" \/>\n<meta property=\"og:locale\" content=\"de_DE\" \/>\n<meta property=\"og:type\" content=\"article\" \/>\n<meta property=\"og:title\" content=\"BFF Freundschaftsarmb\u00e4nder - SES Creative\" \/>\n<meta property=\"og:description\" content=\"Das SES Creative BFF-Freundschaftsarmband-Set erm\u00f6glicht es Kindern, ihre eigenen personalisierten Armb\u00e4nder einfach herzustellen. Dank des enthaltenen Schaumstoff-Flecht-Rads lernen sie spielerisch das Flechten, unterst\u00fctzt durch einfache, visuelle Anleitungen. Das Set enth\u00e4lt Satinf\u00e4den in Blau, Rosa, Multicolor und Silber sowie eine Auswahl an passenden Pony-Perlen f\u00fcr vielf\u00e4ltige Kombinationen. Diese kreative Aktivit\u00e4t ist ab 5 Jahren geeignet und [&hellip;]\" \/>\n<meta property=\"og:url\" content=\"https:\/\/ses-creative.com\/de\/produkt\/bff-freundschaftsarmbaender\/\" \/>\n<meta property=\"og:site_name\" content=\"SES Creative\" \/>\n<meta property=\"article:modified_time\" content=\"2026-02-06T09:51:46+00:00\" \/>\n<meta name=\"twitter:card\" content=\"summary_large_image\" \/>\n<meta name=\"twitter:label1\" content=\"Gesch\u00e4tzte Lesezeit\" \/>\n\t<meta name=\"twitter:data1\" content=\"1\u00a0Minute\" \/>\n<script type=\"application\/ld+json\" class=\"yoast-schema-graph\">{\"@context\":\"https:\/\/schema.org\",\"@graph\":[{\"@type\":\"WebPage\",\"@id\":\"https:\/\/ses-creative.com\/de\/produkt\/bff-freundschaftsarmbaender\/\",\"url\":\"https:\/\/ses-creative.com\/de\/produkt\/bff-freundschaftsarmbaender\/\",\"name\":\"BFF Freundschaftsarmb\u00e4nder - SES Creative\",\"isPartOf\":{\"@id\":\"https:\/\/ses-creative.com\/#website\"},\"primaryImageOfPage\":{\"@id\":\"https:\/\/ses-creative.com\/de\/produkt\/bff-freundschaftsarmbaender\/#primaryimage\"},\"image\":{\"@id\":\"https:\/\/ses-creative.com\/de\/produkt\/bff-freundschaftsarmbaender\/#primaryimage\"},\"thumbnailUrl\":\"https:\/\/ses-creative.com\/wp-content\/uploads\/2026\/01\/147081.jpg\",\"datePublished\":\"2026-02-05T13:52:54+00:00\",\"dateModified\":\"2026-02-06T09:51:46+00:00\",\"breadcrumb\":{\"@id\":\"https:\/\/ses-creative.com\/de\/produkt\/bff-freundschaftsarmbaender\/#breadcrumb\"},\"inLanguage\":\"de\",\"potentialAction\":[{\"@type\":\"ReadAction\",\"target\":[\"https:\/\/ses-creative.com\/de\/produkt\/bff-freundschaftsarmbaender\/\"]}]},{\"@type\":\"ImageObject\",\"inLanguage\":\"de\",\"@id\":\"https:\/\/ses-creative.com\/de\/produkt\/bff-freundschaftsarmbaender\/#primaryimage\",\"url\":\"https:\/\/ses-creative.com\/wp-content\/uploads\/2026\/01\/147081.jpg\",\"contentUrl\":\"https:\/\/ses-creative.com\/wp-content\/uploads\/2026\/01\/147081.jpg\",\"width\":1000,\"height\":1000},{\"@type\":\"BreadcrumbList\",\"@id\":\"https:\/\/ses-creative.com\/de\/produkt\/bff-freundschaftsarmbaender\/#breadcrumb\",\"itemListElement\":[{\"@type\":\"ListItem\",\"position\":1,\"name\":\"Shop\",\"item\":\"https:\/\/ses-creative.com\/de\/shop\/\"},{\"@type\":\"ListItem\",\"position\":2,\"name\":\"Basteln\",\"item\":\"https:\/\/ses-creative.com\/de\/product-categorie\/basteln\/\"},{\"@type\":\"ListItem\",\"position\":3,\"name\":\"BFF Freundschaftsarmb\u00e4nder\"}]},{\"@type\":\"WebSite\",\"@id\":\"https:\/\/ses-creative.com\/#website\",\"url\":\"https:\/\/ses-creative.com\/\",\"name\":\"SES Creative\",\"description\":\"\",\"publisher\":{\"@id\":\"https:\/\/ses-creative.com\/#organization\"},\"potentialAction\":[{\"@type\":\"SearchAction\",\"target\":{\"@type\":\"EntryPoint\",\"urlTemplate\":\"https:\/\/ses-creative.com\/?s={search_term_string}\"},\"query-input\":{\"@type\":\"PropertyValueSpecification\",\"valueRequired\":true,\"valueName\":\"search_term_string\"}}],\"inLanguage\":\"de\"},{\"@type\":\"Organization\",\"@id\":\"https:\/\/ses-creative.com\/#organization\",\"name\":\"SES Creative\",\"url\":\"https:\/\/ses-creative.com\/\",\"logo\":{\"@type\":\"ImageObject\",\"inLanguage\":\"de\",\"@id\":\"https:\/\/ses-creative.com\/#\/schema\/logo\/image\/\",\"url\":\"https:\/\/ses-creative.com\/wp-content\/uploads\/2025\/10\/ses-creative-logo.jpg\",\"contentUrl\":\"https:\/\/ses-creative.com\/wp-content\/uploads\/2025\/10\/ses-creative-logo.jpg\",\"width\":2037,\"height\":2037,\"caption\":\"SES Creative\"},\"image\":{\"@id\":\"https:\/\/ses-creative.com\/#\/schema\/logo\/image\/\"}}]}<\/script>\n<!-- \/ Yoast SEO plugin. -->","yoast_head_json":{"title":"BFF Freundschaftsarmb\u00e4nder - SES Creative","robots":{"index":"index","follow":"follow","max-snippet":"max-snippet:-1","max-image-preview":"max-image-preview:large","max-video-preview":"max-video-preview:-1"},"canonical":"https:\/\/ses-creative.com\/de\/produkt\/bff-freundschaftsarmbaender\/","og_locale":"de_DE","og_type":"article","og_title":"BFF Freundschaftsarmb\u00e4nder - SES Creative","og_description":"Das SES Creative BFF-Freundschaftsarmband-Set erm\u00f6glicht es Kindern, ihre eigenen personalisierten Armb\u00e4nder einfach herzustellen. Dank des enthaltenen Schaumstoff-Flecht-Rads lernen sie spielerisch das Flechten, unterst\u00fctzt durch einfache, visuelle Anleitungen. Das Set enth\u00e4lt Satinf\u00e4den in Blau, Rosa, Multicolor und Silber sowie eine Auswahl an passenden Pony-Perlen f\u00fcr vielf\u00e4ltige Kombinationen. Diese kreative Aktivit\u00e4t ist ab 5 Jahren geeignet und [&hellip;]","og_url":"https:\/\/ses-creative.com\/de\/produkt\/bff-freundschaftsarmbaender\/","og_site_name":"SES Creative","article_modified_time":"2026-02-06T09:51:46+00:00","twitter_card":"summary_large_image","twitter_misc":{"Gesch\u00e4tzte Lesezeit":"1\u00a0Minute"},"schema":{"@context":"https:\/\/schema.org","@graph":[{"@type":"WebPage","@id":"https:\/\/ses-creative.com\/de\/produkt\/bff-freundschaftsarmbaender\/","url":"https:\/\/ses-creative.com\/de\/produkt\/bff-freundschaftsarmbaender\/","name":"BFF Freundschaftsarmb\u00e4nder - SES Creative","isPartOf":{"@id":"https:\/\/ses-creative.com\/#website"},"primaryImageOfPage":{"@id":"https:\/\/ses-creative.com\/de\/produkt\/bff-freundschaftsarmbaender\/#primaryimage"},"image":{"@id":"https:\/\/ses-creative.com\/de\/produkt\/bff-freundschaftsarmbaender\/#primaryimage"},"thumbnailUrl":"https:\/\/ses-creative.com\/wp-content\/uploads\/2026\/01\/147081.jpg","datePublished":"2026-02-05T13:52:54+00:00","dateModified":"2026-02-06T09:51:46+00:00","breadcrumb":{"@id":"https:\/\/ses-creative.com\/de\/produkt\/bff-freundschaftsarmbaender\/#breadcrumb"},"inLanguage":"de","potentialAction":[{"@type":"ReadAction","target":["https:\/\/ses-creative.com\/de\/produkt\/bff-freundschaftsarmbaender\/"]}]},{"@type":"ImageObject","inLanguage":"de","@id":"https:\/\/ses-creative.com\/de\/produkt\/bff-freundschaftsarmbaender\/#primaryimage","url":"https:\/\/ses-creative.com\/wp-content\/uploads\/2026\/01\/147081.jpg","contentUrl":"https:\/\/ses-creative.com\/wp-content\/uploads\/2026\/01\/147081.jpg","width":1000,"height":1000},{"@type":"BreadcrumbList","@id":"https:\/\/ses-creative.com\/de\/produkt\/bff-freundschaftsarmbaender\/#breadcrumb","itemListElement":[{"@type":"ListItem","position":1,"name":"Shop","item":"https:\/\/ses-creative.com\/de\/shop\/"},{"@type":"ListItem","position":2,"name":"Basteln","item":"https:\/\/ses-creative.com\/de\/product-categorie\/basteln\/"},{"@type":"ListItem","position":3,"name":"BFF Freundschaftsarmb\u00e4nder"}]},{"@type":"WebSite","@id":"https:\/\/ses-creative.com\/#website","url":"https:\/\/ses-creative.com\/","name":"SES Creative","description":"","publisher":{"@id":"https:\/\/ses-creative.com\/#organization"},"potentialAction":[{"@type":"SearchAction","target":{"@type":"EntryPoint","urlTemplate":"https:\/\/ses-creative.com\/?s={search_term_string}"},"query-input":{"@type":"PropertyValueSpecification","valueRequired":true,"valueName":"search_term_string"}}],"inLanguage":"de"},{"@type":"Organization","@id":"https:\/\/ses-creative.com\/#organization","name":"SES Creative","url":"https:\/\/ses-creative.com\/","logo":{"@type":"ImageObject","inLanguage":"de","@id":"https:\/\/ses-creative.com\/#\/schema\/logo\/image\/","url":"https:\/\/ses-creative.com\/wp-content\/uploads\/2025\/10\/ses-creative-logo.jpg","contentUrl":"https:\/\/ses-creative.com\/wp-content\/uploads\/2025\/10\/ses-creative-logo.jpg","width":2037,"height":2037,"caption":"SES Creative"},"image":{"@id":"https:\/\/ses-creative.com\/#\/schema\/logo\/image\/"}}]}},"_links":{"self":[{"href":"https:\/\/ses-creative.com\/de\/wp-json\/wp\/v2\/product\/114782","targetHints":{"allow":["GET"]}}],"collection":[{"href":"https:\/\/ses-creative.com\/de\/wp-json\/wp\/v2\/product"}],"about":[{"href":"https:\/\/ses-creative.com\/de\/wp-json\/wp\/v2\/types\/product"}],"replies":[{"embeddable":true,"href":"https:\/\/ses-creative.com\/de\/wp-json\/wp\/v2\/comments?post=114782"}],"wp:featuredmedia":[{"embeddable":true,"href":"https:\/\/ses-creative.com\/de\/wp-json\/wp\/v2\/media\/104156"}],"wp:attachment":[{"href":"https:\/\/ses-creative.com\/de\/wp-json\/wp\/v2\/media?parent=114782"}],"wp:term":[{"taxonomy":"product_brand","embeddable":true,"href":"https:\/\/ses-creative.com\/de\/wp-json\/wp\/v2\/product_brand?post=114782"},{"taxonomy":"product_cat","embeddable":true,"href":"https:\/\/ses-creative.com\/de\/wp-json\/wp\/v2\/product_cat?post=114782"},{"taxonomy":"product_tag","embeddable":true,"href":"https:\/\/ses-creative.com\/de\/wp-json\/wp\/v2\/product_tag?post=114782"}],"curies":[{"name":"wp","href":"https:\/\/api.w.org\/{rel}","templated":true}]}}