











{"id":114781,"date":"2026-02-05T13:52:54","date_gmt":"2026-02-05T13:52:54","guid":{"rendered":"https:\/\/ses-creative.com\/?post_type=product&#038;p=114781"},"modified":"2026-02-06T09:51:46","modified_gmt":"2026-02-06T09:51:46","slug":"diamanzo-ringe-und-armbaender","status":"publish","type":"product","link":"https:\/\/ses-creative.com\/de\/produkt\/diamanzo-ringe-und-armbaender\/","title":{"rendered":"Diamanzo Ringe und Armb\u00e4nder"},"content":{"rendered":"<p>Mit dem kreativen Diamanzo-Set k\u00f6nnen Kinder ab 8 Jahren ihren eigenen einzigartigen Schmuck gestalten. Enthalten sind 6 Ringe, 2 Armb\u00e4nder, 180 Diamanten, 200 Mini-Diamanten, 84 Perlen, 6 Farben und ein Pinsel. Die Kinder bemalen und verzieren frei jedes Schmuckst\u00fcck und entwickeln dabei Kreativit\u00e4t und Feinmotorik. Eine beiliegende Anleitung zeigt die einzelnen Schritte zur individuellen Gestaltung. Das Set bietet eine ruhige, k\u00fcnstlerische Bastelaktivit\u00e4t f\u00fcr zu Hause oder gemeinsam mit der Familie. Ein ideales Geschenk f\u00fcr Eltern, die ein p\u00e4dagogisch wertvolles und \u00e4sthetisches Spiel suchen.<\/p>\n","protected":false},"excerpt":{"rendered":"<p>Mit dem kreativen Diamanzo-Set k\u00f6nnen Kinder ab 8 Jahren ihren eigenen einzigartigen Schmuck gestalten. Enthalten sind 6 Ringe, 2 Armb\u00e4nder, 180 Diamanten, 200 Mini-Diamanten, 84 Perlen, 6 Farben und ein Pinsel. Die Kinder bemalen und verzieren frei jedes Schmuckst\u00fcck und entwickeln dabei Kreativit\u00e4t und Feinmotorik. Eine beiliegende Anleitung zeigt die einzelnen Schritte zur individuellen Gestaltung. [&hellip;]<\/p>\n","protected":false},"featured_media":104136,"comment_status":"closed","ping_status":"closed","template":"","meta":{"_acf_changed":false},"product_brand":[],"product_cat":[115],"product_tag":[],"class_list":{"0":"post-114781","1":"product","2":"type-product","3":"status-publish","4":"has-post-thumbnail","6":"product_cat-basteln","7":"pa_leeftijd-filter-4-6-jahre","8":"pa_meest-populair-bij-maedchen","10":"first","11":"instock","12":"shipping-taxable","13":"product-type-simple"},"acf":[],"yoast_head":"<!-- This site is optimized with the Yoast SEO plugin v27.5 - https:\/\/yoast.com\/product\/yoast-seo-wordpress\/ -->\n<title>Diamanzo Ringe und Armb\u00e4nder - SES Creative<\/title>\n<meta name=\"robots\" content=\"index, follow, max-snippet:-1, max-image-preview:large, max-video-preview:-1\" \/>\n<link rel=\"canonical\" href=\"https:\/\/ses-creative.com\/de\/produkt\/diamanzo-ringe-und-armbaender\/\" \/>\n<meta property=\"og:locale\" content=\"de_DE\" \/>\n<meta property=\"og:type\" content=\"article\" \/>\n<meta property=\"og:title\" content=\"Diamanzo Ringe und Armb\u00e4nder - SES Creative\" \/>\n<meta property=\"og:description\" content=\"Mit dem kreativen Diamanzo-Set k\u00f6nnen Kinder ab 8 Jahren ihren eigenen einzigartigen Schmuck gestalten. Enthalten sind 6 Ringe, 2 Armb\u00e4nder, 180 Diamanten, 200 Mini-Diamanten, 84 Perlen, 6 Farben und ein Pinsel. Die Kinder bemalen und verzieren frei jedes Schmuckst\u00fcck und entwickeln dabei Kreativit\u00e4t und Feinmotorik. Eine beiliegende Anleitung zeigt die einzelnen Schritte zur individuellen Gestaltung. [&hellip;]\" \/>\n<meta property=\"og:url\" content=\"https:\/\/ses-creative.com\/de\/produkt\/diamanzo-ringe-und-armbaender\/\" \/>\n<meta property=\"og:site_name\" content=\"SES Creative\" \/>\n<meta property=\"article:modified_time\" content=\"2026-02-06T09:51:46+00:00\" \/>\n<meta name=\"twitter:card\" content=\"summary_large_image\" \/>\n<script type=\"application\/ld+json\" class=\"yoast-schema-graph\">{\"@context\":\"https:\\\/\\\/schema.org\",\"@graph\":[{\"@type\":\"WebPage\",\"@id\":\"https:\\\/\\\/ses-creative.com\\\/de\\\/produkt\\\/diamanzo-ringe-und-armbaender\\\/\",\"url\":\"https:\\\/\\\/ses-creative.com\\\/de\\\/produkt\\\/diamanzo-ringe-und-armbaender\\\/\",\"name\":\"Diamanzo Ringe und Armb\u00e4nder - SES Creative\",\"isPartOf\":{\"@id\":\"https:\\\/\\\/ses-creative.com\\\/#website\"},\"primaryImageOfPage\":{\"@id\":\"https:\\\/\\\/ses-creative.com\\\/de\\\/produkt\\\/diamanzo-ringe-und-armbaender\\\/#primaryimage\"},\"image\":{\"@id\":\"https:\\\/\\\/ses-creative.com\\\/de\\\/produkt\\\/diamanzo-ringe-und-armbaender\\\/#primaryimage\"},\"thumbnailUrl\":\"https:\\\/\\\/ses-creative.com\\\/wp-content\\\/uploads\\\/2026\\\/01\\\/147061.jpg\",\"datePublished\":\"2026-02-05T13:52:54+00:00\",\"dateModified\":\"2026-02-06T09:51:46+00:00\",\"breadcrumb\":{\"@id\":\"https:\\\/\\\/ses-creative.com\\\/de\\\/produkt\\\/diamanzo-ringe-und-armbaender\\\/#breadcrumb\"},\"inLanguage\":\"de\",\"potentialAction\":[{\"@type\":\"ReadAction\",\"target\":[\"https:\\\/\\\/ses-creative.com\\\/de\\\/produkt\\\/diamanzo-ringe-und-armbaender\\\/\"]}]},{\"@type\":\"ImageObject\",\"inLanguage\":\"de\",\"@id\":\"https:\\\/\\\/ses-creative.com\\\/de\\\/produkt\\\/diamanzo-ringe-und-armbaender\\\/#primaryimage\",\"url\":\"https:\\\/\\\/ses-creative.com\\\/wp-content\\\/uploads\\\/2026\\\/01\\\/147061.jpg\",\"contentUrl\":\"https:\\\/\\\/ses-creative.com\\\/wp-content\\\/uploads\\\/2026\\\/01\\\/147061.jpg\",\"width\":1000,\"height\":1000},{\"@type\":\"BreadcrumbList\",\"@id\":\"https:\\\/\\\/ses-creative.com\\\/de\\\/produkt\\\/diamanzo-ringe-und-armbaender\\\/#breadcrumb\",\"itemListElement\":[{\"@type\":\"ListItem\",\"position\":1,\"name\":\"Shop\",\"item\":\"https:\\\/\\\/ses-creative.com\\\/de\\\/shop\\\/\"},{\"@type\":\"ListItem\",\"position\":2,\"name\":\"Basteln\",\"item\":\"https:\\\/\\\/ses-creative.com\\\/de\\\/product-categorie\\\/basteln\\\/\"},{\"@type\":\"ListItem\",\"position\":3,\"name\":\"Diamanzo Ringe und Armb\u00e4nder\"}]},{\"@type\":\"WebSite\",\"@id\":\"https:\\\/\\\/ses-creative.com\\\/#website\",\"url\":\"https:\\\/\\\/ses-creative.com\\\/\",\"name\":\"SES Creative\",\"description\":\"\",\"publisher\":{\"@id\":\"https:\\\/\\\/ses-creative.com\\\/#organization\"},\"potentialAction\":[{\"@type\":\"SearchAction\",\"target\":{\"@type\":\"EntryPoint\",\"urlTemplate\":\"https:\\\/\\\/ses-creative.com\\\/?s={search_term_string}\"},\"query-input\":{\"@type\":\"PropertyValueSpecification\",\"valueRequired\":true,\"valueName\":\"search_term_string\"}}],\"inLanguage\":\"de\"},{\"@type\":\"Organization\",\"@id\":\"https:\\\/\\\/ses-creative.com\\\/#organization\",\"name\":\"SES Creative\",\"url\":\"https:\\\/\\\/ses-creative.com\\\/\",\"logo\":{\"@type\":\"ImageObject\",\"inLanguage\":\"de\",\"@id\":\"https:\\\/\\\/ses-creative.com\\\/#\\\/schema\\\/logo\\\/image\\\/\",\"url\":\"https:\\\/\\\/ses-creative.com\\\/wp-content\\\/uploads\\\/2025\\\/10\\\/ses-creative-logo.jpg\",\"contentUrl\":\"https:\\\/\\\/ses-creative.com\\\/wp-content\\\/uploads\\\/2025\\\/10\\\/ses-creative-logo.jpg\",\"width\":2037,\"height\":2037,\"caption\":\"SES Creative\"},\"image\":{\"@id\":\"https:\\\/\\\/ses-creative.com\\\/#\\\/schema\\\/logo\\\/image\\\/\"}}]}<\/script>\n<!-- \/ Yoast SEO plugin. -->","yoast_head_json":{"title":"Diamanzo Ringe und Armb\u00e4nder - SES Creative","robots":{"index":"index","follow":"follow","max-snippet":"max-snippet:-1","max-image-preview":"max-image-preview:large","max-video-preview":"max-video-preview:-1"},"canonical":"https:\/\/ses-creative.com\/de\/produkt\/diamanzo-ringe-und-armbaender\/","og_locale":"de_DE","og_type":"article","og_title":"Diamanzo Ringe und Armb\u00e4nder - SES Creative","og_description":"Mit dem kreativen Diamanzo-Set k\u00f6nnen Kinder ab 8 Jahren ihren eigenen einzigartigen Schmuck gestalten. Enthalten sind 6 Ringe, 2 Armb\u00e4nder, 180 Diamanten, 200 Mini-Diamanten, 84 Perlen, 6 Farben und ein Pinsel. Die Kinder bemalen und verzieren frei jedes Schmuckst\u00fcck und entwickeln dabei Kreativit\u00e4t und Feinmotorik. Eine beiliegende Anleitung zeigt die einzelnen Schritte zur individuellen Gestaltung. [&hellip;]","og_url":"https:\/\/ses-creative.com\/de\/produkt\/diamanzo-ringe-und-armbaender\/","og_site_name":"SES Creative","article_modified_time":"2026-02-06T09:51:46+00:00","twitter_card":"summary_large_image","schema":{"@context":"https:\/\/schema.org","@graph":[{"@type":"WebPage","@id":"https:\/\/ses-creative.com\/de\/produkt\/diamanzo-ringe-und-armbaender\/","url":"https:\/\/ses-creative.com\/de\/produkt\/diamanzo-ringe-und-armbaender\/","name":"Diamanzo Ringe und Armb\u00e4nder - SES Creative","isPartOf":{"@id":"https:\/\/ses-creative.com\/#website"},"primaryImageOfPage":{"@id":"https:\/\/ses-creative.com\/de\/produkt\/diamanzo-ringe-und-armbaender\/#primaryimage"},"image":{"@id":"https:\/\/ses-creative.com\/de\/produkt\/diamanzo-ringe-und-armbaender\/#primaryimage"},"thumbnailUrl":"https:\/\/ses-creative.com\/wp-content\/uploads\/2026\/01\/147061.jpg","datePublished":"2026-02-05T13:52:54+00:00","dateModified":"2026-02-06T09:51:46+00:00","breadcrumb":{"@id":"https:\/\/ses-creative.com\/de\/produkt\/diamanzo-ringe-und-armbaender\/#breadcrumb"},"inLanguage":"de","potentialAction":[{"@type":"ReadAction","target":["https:\/\/ses-creative.com\/de\/produkt\/diamanzo-ringe-und-armbaender\/"]}]},{"@type":"ImageObject","inLanguage":"de","@id":"https:\/\/ses-creative.com\/de\/produkt\/diamanzo-ringe-und-armbaender\/#primaryimage","url":"https:\/\/ses-creative.com\/wp-content\/uploads\/2026\/01\/147061.jpg","contentUrl":"https:\/\/ses-creative.com\/wp-content\/uploads\/2026\/01\/147061.jpg","width":1000,"height":1000},{"@type":"BreadcrumbList","@id":"https:\/\/ses-creative.com\/de\/produkt\/diamanzo-ringe-und-armbaender\/#breadcrumb","itemListElement":[{"@type":"ListItem","position":1,"name":"Shop","item":"https:\/\/ses-creative.com\/de\/shop\/"},{"@type":"ListItem","position":2,"name":"Basteln","item":"https:\/\/ses-creative.com\/de\/product-categorie\/basteln\/"},{"@type":"ListItem","position":3,"name":"Diamanzo Ringe und Armb\u00e4nder"}]},{"@type":"WebSite","@id":"https:\/\/ses-creative.com\/#website","url":"https:\/\/ses-creative.com\/","name":"SES Creative","description":"","publisher":{"@id":"https:\/\/ses-creative.com\/#organization"},"potentialAction":[{"@type":"SearchAction","target":{"@type":"EntryPoint","urlTemplate":"https:\/\/ses-creative.com\/?s={search_term_string}"},"query-input":{"@type":"PropertyValueSpecification","valueRequired":true,"valueName":"search_term_string"}}],"inLanguage":"de"},{"@type":"Organization","@id":"https:\/\/ses-creative.com\/#organization","name":"SES Creative","url":"https:\/\/ses-creative.com\/","logo":{"@type":"ImageObject","inLanguage":"de","@id":"https:\/\/ses-creative.com\/#\/schema\/logo\/image\/","url":"https:\/\/ses-creative.com\/wp-content\/uploads\/2025\/10\/ses-creative-logo.jpg","contentUrl":"https:\/\/ses-creative.com\/wp-content\/uploads\/2025\/10\/ses-creative-logo.jpg","width":2037,"height":2037,"caption":"SES Creative"},"image":{"@id":"https:\/\/ses-creative.com\/#\/schema\/logo\/image\/"}}]}},"_links":{"self":[{"href":"https:\/\/ses-creative.com\/de\/wp-json\/wp\/v2\/product\/114781","targetHints":{"allow":["GET"]}}],"collection":[{"href":"https:\/\/ses-creative.com\/de\/wp-json\/wp\/v2\/product"}],"about":[{"href":"https:\/\/ses-creative.com\/de\/wp-json\/wp\/v2\/types\/product"}],"replies":[{"embeddable":true,"href":"https:\/\/ses-creative.com\/de\/wp-json\/wp\/v2\/comments?post=114781"}],"wp:featuredmedia":[{"embeddable":true,"href":"https:\/\/ses-creative.com\/de\/wp-json\/wp\/v2\/media\/104136"}],"wp:attachment":[{"href":"https:\/\/ses-creative.com\/de\/wp-json\/wp\/v2\/media?parent=114781"}],"wp:term":[{"taxonomy":"product_brand","embeddable":true,"href":"https:\/\/ses-creative.com\/de\/wp-json\/wp\/v2\/product_brand?post=114781"},{"taxonomy":"product_cat","embeddable":true,"href":"https:\/\/ses-creative.com\/de\/wp-json\/wp\/v2\/product_cat?post=114781"},{"taxonomy":"product_tag","embeddable":true,"href":"https:\/\/ses-creative.com\/de\/wp-json\/wp\/v2\/product_tag?post=114781"}],"curies":[{"name":"wp","href":"https:\/\/api.w.org\/{rel}","templated":true}]}}