











{"id":114776,"date":"2026-02-05T13:52:53","date_gmt":"2026-02-05T13:52:53","guid":{"rendered":"https:\/\/ses-creative.com\/?post_type=product&#038;p=114776"},"modified":"2026-02-06T09:51:45","modified_gmt":"2026-02-06T09:51:45","slug":"dreikant-filzstifte","status":"publish","type":"product","link":"https:\/\/ses-creative.com\/de\/produkt\/dreikant-filzstifte\/","title":{"rendered":"Dreikant Filzstifte"},"content":{"rendered":"<p>Entdecken Sie die Freude am Zeichnen und Malen mit den Dreieck-Stiften von SES Creative. Dieses Set aus 12 dicken Stiften wurde speziell mit einem ergonomischen dreieckigen Griff entwickelt, sodass sie perfekt in kleine H\u00e4nde passen. Ideal f\u00fcr junge K\u00fcnstler, die mit Farben experimentieren und ihre Feinmotorik entwickeln m\u00f6chten.<\/p>\n<p>Was macht dieses Set so besonders?<\/p>\n<p> Ergonomischer dreieckiger Griff \u2013 sorgt f\u00fcr einen bequemen Halt<\/p>\n<p> Dicke Stifte \u2013 leicht zu handhaben f\u00fcr kleine Kinderh\u00e4nde<\/p>\n<p> 12 leuchtende, lebendige Farben \u2013 erwecken jedes Kunstwerk zum Leben<\/p>\n<p> F\u00f6rdert Kreativit\u00e4t und motorische F\u00e4higkeiten<\/p>\n<p> Gut auswaschbar \u2013 Flecken lassen sich leicht aus H\u00e4nden und Kleidung entfernen<\/p>\n<p>Einfaches und pr\u00e4zises Ausmalen<\/p>\n<p>Der ergonomische Griff erleichtert es Kindern, die Stifte zu halten und kontrolliert zu zeichnen. So verbessern sie spielerisch ihre Feinmotorik. Die leuchtenden Farben verleihen jedem Kunstwerk ein lebendiges Aussehen und sorgen f\u00fcr stundenlangen kreativen Spa\u00df \u2013 allein oder zusammen mit Freunden.<\/p>\n<p>Inhalt der Verpackung<\/p>\n<p>12 Filzstifte in den Farben: Orange, Gelb, Rosa, Rot, Violett, Dunkelblau, Hellblau, Dunkelgr\u00fcn, Hellgr\u00fcn, Braun, Grau und Schwarz<\/p>\n<p>Warum SES Creative w\u00e4hlen?<\/p>\n<p>SES Creative stellt Spielzeug her, das sicher, lehrreich und kreativ ist. Diese Stifte sind speziell auf die Bed\u00fcrfnisse kleiner Kinder abgestimmt, damit sie sicher und selbstbewusst entdecken, zeichnen und malen k\u00f6nnen.<\/p>\n<p>Beginnen Sie noch heute mit dem Malen<\/p>\n<p>Geben Sie Ihrem Kind die perfekten Stifte f\u00fcr endlosen Zeichenspa\u00df.<br \/>\nBestellen Sie jetzt die SES Creative \u2013 Dreieck-Grip-Stifte und lassen Sie der Kreativit\u00e4t freien Lauf!<\/p>\n","protected":false},"excerpt":{"rendered":"<p>Entdecken Sie die Freude am Zeichnen und Malen mit den Dreieck-Stiften von SES Creative. Dieses Set aus 12 dicken Stiften wurde speziell mit einem ergonomischen dreieckigen Griff entwickelt, sodass sie perfekt in kleine H\u00e4nde passen. Ideal f\u00fcr junge K\u00fcnstler, die mit Farben experimentieren und ihre Feinmotorik entwickeln m\u00f6chten. Was macht dieses Set so besonders? Ergonomischer [&hellip;]<\/p>\n","protected":false},"featured_media":104036,"comment_status":"closed","ping_status":"closed","template":"","meta":{"_acf_changed":false},"product_brand":[],"product_cat":[115],"product_tag":[],"class_list":{"0":"post-114776","1":"product","2":"type-product","3":"status-publish","4":"has-post-thumbnail","6":"product_cat-basteln","7":"pa_leeftijd-filter-3-4-jahre","8":"pa_meest-populair-bij-jungen-maedchen","10":"first","11":"instock","12":"shipping-taxable","13":"product-type-simple"},"acf":[],"yoast_head":"<!-- This site is optimized with the Yoast SEO plugin v27.2 - https:\/\/yoast.com\/product\/yoast-seo-wordpress\/ -->\n<title>Dreikant Filzstifte - SES Creative<\/title>\n<meta name=\"robots\" content=\"index, follow, max-snippet:-1, max-image-preview:large, max-video-preview:-1\" \/>\n<link rel=\"canonical\" href=\"https:\/\/ses-creative.com\/de\/produkt\/dreikant-filzstifte\/\" \/>\n<meta property=\"og:locale\" content=\"de_DE\" \/>\n<meta property=\"og:type\" content=\"article\" \/>\n<meta property=\"og:title\" content=\"Dreikant Filzstifte - SES Creative\" \/>\n<meta property=\"og:description\" content=\"Entdecken Sie die Freude am Zeichnen und Malen mit den Dreieck-Stiften von SES Creative. Dieses Set aus 12 dicken Stiften wurde speziell mit einem ergonomischen dreieckigen Griff entwickelt, sodass sie perfekt in kleine H\u00e4nde passen. Ideal f\u00fcr junge K\u00fcnstler, die mit Farben experimentieren und ihre Feinmotorik entwickeln m\u00f6chten. Was macht dieses Set so besonders? Ergonomischer [&hellip;]\" \/>\n<meta property=\"og:url\" content=\"https:\/\/ses-creative.com\/de\/produkt\/dreikant-filzstifte\/\" \/>\n<meta property=\"og:site_name\" content=\"SES Creative\" \/>\n<meta property=\"article:modified_time\" content=\"2026-02-06T09:51:45+00:00\" \/>\n<meta name=\"twitter:card\" content=\"summary_large_image\" \/>\n<meta name=\"twitter:label1\" content=\"Gesch\u00e4tzte Lesezeit\" \/>\n\t<meta name=\"twitter:data1\" content=\"1\u00a0Minute\" \/>\n<script type=\"application\/ld+json\" class=\"yoast-schema-graph\">{\"@context\":\"https:\/\/schema.org\",\"@graph\":[{\"@type\":\"WebPage\",\"@id\":\"https:\/\/ses-creative.com\/de\/produkt\/dreikant-filzstifte\/\",\"url\":\"https:\/\/ses-creative.com\/de\/produkt\/dreikant-filzstifte\/\",\"name\":\"Dreikant Filzstifte - SES Creative\",\"isPartOf\":{\"@id\":\"https:\/\/ses-creative.com\/#website\"},\"primaryImageOfPage\":{\"@id\":\"https:\/\/ses-creative.com\/de\/produkt\/dreikant-filzstifte\/#primaryimage\"},\"image\":{\"@id\":\"https:\/\/ses-creative.com\/de\/produkt\/dreikant-filzstifte\/#primaryimage\"},\"thumbnailUrl\":\"https:\/\/ses-creative.com\/wp-content\/uploads\/2026\/01\/146961.jpg\",\"datePublished\":\"2026-02-05T13:52:53+00:00\",\"dateModified\":\"2026-02-06T09:51:45+00:00\",\"breadcrumb\":{\"@id\":\"https:\/\/ses-creative.com\/de\/produkt\/dreikant-filzstifte\/#breadcrumb\"},\"inLanguage\":\"de\",\"potentialAction\":[{\"@type\":\"ReadAction\",\"target\":[\"https:\/\/ses-creative.com\/de\/produkt\/dreikant-filzstifte\/\"]}]},{\"@type\":\"ImageObject\",\"inLanguage\":\"de\",\"@id\":\"https:\/\/ses-creative.com\/de\/produkt\/dreikant-filzstifte\/#primaryimage\",\"url\":\"https:\/\/ses-creative.com\/wp-content\/uploads\/2026\/01\/146961.jpg\",\"contentUrl\":\"https:\/\/ses-creative.com\/wp-content\/uploads\/2026\/01\/146961.jpg\",\"width\":1000,\"height\":1000},{\"@type\":\"BreadcrumbList\",\"@id\":\"https:\/\/ses-creative.com\/de\/produkt\/dreikant-filzstifte\/#breadcrumb\",\"itemListElement\":[{\"@type\":\"ListItem\",\"position\":1,\"name\":\"Shop\",\"item\":\"https:\/\/ses-creative.com\/de\/shop\/\"},{\"@type\":\"ListItem\",\"position\":2,\"name\":\"Basteln\",\"item\":\"https:\/\/ses-creative.com\/de\/product-categorie\/basteln\/\"},{\"@type\":\"ListItem\",\"position\":3,\"name\":\"Dreikant Filzstifte\"}]},{\"@type\":\"WebSite\",\"@id\":\"https:\/\/ses-creative.com\/#website\",\"url\":\"https:\/\/ses-creative.com\/\",\"name\":\"SES Creative\",\"description\":\"\",\"publisher\":{\"@id\":\"https:\/\/ses-creative.com\/#organization\"},\"potentialAction\":[{\"@type\":\"SearchAction\",\"target\":{\"@type\":\"EntryPoint\",\"urlTemplate\":\"https:\/\/ses-creative.com\/?s={search_term_string}\"},\"query-input\":{\"@type\":\"PropertyValueSpecification\",\"valueRequired\":true,\"valueName\":\"search_term_string\"}}],\"inLanguage\":\"de\"},{\"@type\":\"Organization\",\"@id\":\"https:\/\/ses-creative.com\/#organization\",\"name\":\"SES Creative\",\"url\":\"https:\/\/ses-creative.com\/\",\"logo\":{\"@type\":\"ImageObject\",\"inLanguage\":\"de\",\"@id\":\"https:\/\/ses-creative.com\/#\/schema\/logo\/image\/\",\"url\":\"https:\/\/ses-creative.com\/wp-content\/uploads\/2025\/10\/ses-creative-logo.jpg\",\"contentUrl\":\"https:\/\/ses-creative.com\/wp-content\/uploads\/2025\/10\/ses-creative-logo.jpg\",\"width\":2037,\"height\":2037,\"caption\":\"SES Creative\"},\"image\":{\"@id\":\"https:\/\/ses-creative.com\/#\/schema\/logo\/image\/\"}}]}<\/script>\n<!-- \/ Yoast SEO plugin. -->","yoast_head_json":{"title":"Dreikant Filzstifte - SES Creative","robots":{"index":"index","follow":"follow","max-snippet":"max-snippet:-1","max-image-preview":"max-image-preview:large","max-video-preview":"max-video-preview:-1"},"canonical":"https:\/\/ses-creative.com\/de\/produkt\/dreikant-filzstifte\/","og_locale":"de_DE","og_type":"article","og_title":"Dreikant Filzstifte - SES Creative","og_description":"Entdecken Sie die Freude am Zeichnen und Malen mit den Dreieck-Stiften von SES Creative. Dieses Set aus 12 dicken Stiften wurde speziell mit einem ergonomischen dreieckigen Griff entwickelt, sodass sie perfekt in kleine H\u00e4nde passen. Ideal f\u00fcr junge K\u00fcnstler, die mit Farben experimentieren und ihre Feinmotorik entwickeln m\u00f6chten. Was macht dieses Set so besonders? Ergonomischer [&hellip;]","og_url":"https:\/\/ses-creative.com\/de\/produkt\/dreikant-filzstifte\/","og_site_name":"SES Creative","article_modified_time":"2026-02-06T09:51:45+00:00","twitter_card":"summary_large_image","twitter_misc":{"Gesch\u00e4tzte Lesezeit":"1\u00a0Minute"},"schema":{"@context":"https:\/\/schema.org","@graph":[{"@type":"WebPage","@id":"https:\/\/ses-creative.com\/de\/produkt\/dreikant-filzstifte\/","url":"https:\/\/ses-creative.com\/de\/produkt\/dreikant-filzstifte\/","name":"Dreikant Filzstifte - SES Creative","isPartOf":{"@id":"https:\/\/ses-creative.com\/#website"},"primaryImageOfPage":{"@id":"https:\/\/ses-creative.com\/de\/produkt\/dreikant-filzstifte\/#primaryimage"},"image":{"@id":"https:\/\/ses-creative.com\/de\/produkt\/dreikant-filzstifte\/#primaryimage"},"thumbnailUrl":"https:\/\/ses-creative.com\/wp-content\/uploads\/2026\/01\/146961.jpg","datePublished":"2026-02-05T13:52:53+00:00","dateModified":"2026-02-06T09:51:45+00:00","breadcrumb":{"@id":"https:\/\/ses-creative.com\/de\/produkt\/dreikant-filzstifte\/#breadcrumb"},"inLanguage":"de","potentialAction":[{"@type":"ReadAction","target":["https:\/\/ses-creative.com\/de\/produkt\/dreikant-filzstifte\/"]}]},{"@type":"ImageObject","inLanguage":"de","@id":"https:\/\/ses-creative.com\/de\/produkt\/dreikant-filzstifte\/#primaryimage","url":"https:\/\/ses-creative.com\/wp-content\/uploads\/2026\/01\/146961.jpg","contentUrl":"https:\/\/ses-creative.com\/wp-content\/uploads\/2026\/01\/146961.jpg","width":1000,"height":1000},{"@type":"BreadcrumbList","@id":"https:\/\/ses-creative.com\/de\/produkt\/dreikant-filzstifte\/#breadcrumb","itemListElement":[{"@type":"ListItem","position":1,"name":"Shop","item":"https:\/\/ses-creative.com\/de\/shop\/"},{"@type":"ListItem","position":2,"name":"Basteln","item":"https:\/\/ses-creative.com\/de\/product-categorie\/basteln\/"},{"@type":"ListItem","position":3,"name":"Dreikant Filzstifte"}]},{"@type":"WebSite","@id":"https:\/\/ses-creative.com\/#website","url":"https:\/\/ses-creative.com\/","name":"SES Creative","description":"","publisher":{"@id":"https:\/\/ses-creative.com\/#organization"},"potentialAction":[{"@type":"SearchAction","target":{"@type":"EntryPoint","urlTemplate":"https:\/\/ses-creative.com\/?s={search_term_string}"},"query-input":{"@type":"PropertyValueSpecification","valueRequired":true,"valueName":"search_term_string"}}],"inLanguage":"de"},{"@type":"Organization","@id":"https:\/\/ses-creative.com\/#organization","name":"SES Creative","url":"https:\/\/ses-creative.com\/","logo":{"@type":"ImageObject","inLanguage":"de","@id":"https:\/\/ses-creative.com\/#\/schema\/logo\/image\/","url":"https:\/\/ses-creative.com\/wp-content\/uploads\/2025\/10\/ses-creative-logo.jpg","contentUrl":"https:\/\/ses-creative.com\/wp-content\/uploads\/2025\/10\/ses-creative-logo.jpg","width":2037,"height":2037,"caption":"SES Creative"},"image":{"@id":"https:\/\/ses-creative.com\/#\/schema\/logo\/image\/"}}]}},"_links":{"self":[{"href":"https:\/\/ses-creative.com\/de\/wp-json\/wp\/v2\/product\/114776","targetHints":{"allow":["GET"]}}],"collection":[{"href":"https:\/\/ses-creative.com\/de\/wp-json\/wp\/v2\/product"}],"about":[{"href":"https:\/\/ses-creative.com\/de\/wp-json\/wp\/v2\/types\/product"}],"replies":[{"embeddable":true,"href":"https:\/\/ses-creative.com\/de\/wp-json\/wp\/v2\/comments?post=114776"}],"wp:featuredmedia":[{"embeddable":true,"href":"https:\/\/ses-creative.com\/de\/wp-json\/wp\/v2\/media\/104036"}],"wp:attachment":[{"href":"https:\/\/ses-creative.com\/de\/wp-json\/wp\/v2\/media?parent=114776"}],"wp:term":[{"taxonomy":"product_brand","embeddable":true,"href":"https:\/\/ses-creative.com\/de\/wp-json\/wp\/v2\/product_brand?post=114776"},{"taxonomy":"product_cat","embeddable":true,"href":"https:\/\/ses-creative.com\/de\/wp-json\/wp\/v2\/product_cat?post=114776"},{"taxonomy":"product_tag","embeddable":true,"href":"https:\/\/ses-creative.com\/de\/wp-json\/wp\/v2\/product_tag?post=114776"}],"curies":[{"name":"wp","href":"https:\/\/api.w.org\/{rel}","templated":true}]}}