











{"id":114775,"date":"2026-02-05T13:52:53","date_gmt":"2026-02-05T13:52:53","guid":{"rendered":"https:\/\/ses-creative.com\/?post_type=product&#038;p=114775"},"modified":"2026-02-06T09:51:45","modified_gmt":"2026-02-06T09:51:45","slug":"dreikant-buntstifte-16-stueck","status":"publish","type":"product","link":"https:\/\/ses-creative.com\/de\/produkt\/dreikant-buntstifte-16-stueck\/","title":{"rendered":"Dreikant-Buntstifte 16 St\u00fcck"},"content":{"rendered":"<p>Geben Sie Ihrem Kind alle Farben des Regenbogens und den Komfort, stundenlang damit zu zeichnen. Die Dreieck-Griff-Buntstifte von SES Creative wurden speziell f\u00fcr kleine Kinderh\u00e4nde entwickelt und haben eine ergonomische dreieckige Form, die beim Erlernen des richtigen Stiftgriffs hilft. Perfekt f\u00fcr junge K\u00fcnstler, die ihre Kreativit\u00e4t entdecken und ihre Feinmotorik entwickeln m\u00f6chten.<\/p>\n<p>Was macht dieses Set so besonders?<\/p>\n<p> Ergonomischer dreieckiger Griff \u2013 liegt perfekt in kleinen H\u00e4nden<\/p>\n<p> 16 leuchtende und lebendige Farben \u2013 f\u00fcr unendliche kreative M\u00f6glichkeiten<\/p>\n<p> Dicke, stabile Stifte \u2013 brechen weniger schnell und halten lange<\/p>\n<p> Hilft beim richtigen Stiftgriff \u2013 unterst\u00fctzt die Entwicklung des Schreibens und Zeichnens<\/p>\n<p> Gut abwaschbar \u2013 Flecken lassen sich leicht von H\u00e4nden und Kleidung entfernen<\/p>\n<p>Malen mit Komfort und Kontrolle<\/p>\n<p>Der dreieckige Griff macht das Zeichnen und Malen nicht nur angenehmer, sondern auch lehrreich: Kinder lernen spielerisch den richtigen Griff, was ihnen sp\u00e4ter beim Schreiben hilft. Mit 16 leuchtenden Farben k\u00f6nnen sie alles gestalten, was ihre Fantasie sich ausdenkt \u2013 von Regenb\u00f6gen bis hin zu Fantasietieren.<\/p>\n<p>Inhalt der Verpackung<\/p>\n<p>16 dreieckige Buntstifte in verschiedenen Farben<\/p>\n<p>Warum SES Creative w\u00e4hlen?<\/p>\n<p>SES Creative entwickelt Spielzeug, das sowohl kreativ als auch lehrreich ist. Diese Buntstifte sind sicher, langlebig und f\u00f6rdern die Entwicklung der Feinmotorik, Konzentration und des kreativen Denkens.<\/p>\n<p>Beginnen Sie noch heute mit dem Malen<\/p>\n<p>Lassen Sie Ihr Kind entdecken, wie viel Spa\u00df und Freude das Zeichnen machen kann.<br \/>\nBestellen Sie jetzt die SES Creative \u2013 Dreieck-Grip-Buntstifte und bringen Sie Farbe in jeden Tag!<\/p>\n","protected":false},"excerpt":{"rendered":"<p>Geben Sie Ihrem Kind alle Farben des Regenbogens und den Komfort, stundenlang damit zu zeichnen. Die Dreieck-Griff-Buntstifte von SES Creative wurden speziell f\u00fcr kleine Kinderh\u00e4nde entwickelt und haben eine ergonomische dreieckige Form, die beim Erlernen des richtigen Stiftgriffs hilft. Perfekt f\u00fcr junge K\u00fcnstler, die ihre Kreativit\u00e4t entdecken und ihre Feinmotorik entwickeln m\u00f6chten. Was macht dieses [&hellip;]<\/p>\n","protected":false},"featured_media":104016,"comment_status":"closed","ping_status":"closed","template":"","meta":{"_acf_changed":false},"product_brand":[],"product_cat":[115],"product_tag":[],"class_list":{"0":"post-114775","1":"product","2":"type-product","3":"status-publish","4":"has-post-thumbnail","6":"product_cat-basteln","7":"pa_leeftijd-filter-3-4-jahre","8":"pa_meest-populair-bij-jungen-maedchen","10":"first","11":"instock","12":"shipping-taxable","13":"product-type-simple"},"acf":[],"yoast_head":"<!-- This site is optimized with the Yoast SEO plugin v27.5 - https:\/\/yoast.com\/product\/yoast-seo-wordpress\/ -->\n<title>Dreikant-Buntstifte 16 St\u00fcck - SES Creative<\/title>\n<meta name=\"robots\" content=\"index, follow, max-snippet:-1, max-image-preview:large, max-video-preview:-1\" \/>\n<link rel=\"canonical\" href=\"https:\/\/ses-creative.com\/de\/produkt\/dreikant-buntstifte-16-stueck\/\" \/>\n<meta property=\"og:locale\" content=\"de_DE\" \/>\n<meta property=\"og:type\" content=\"article\" \/>\n<meta property=\"og:title\" content=\"Dreikant-Buntstifte 16 St\u00fcck - SES Creative\" \/>\n<meta property=\"og:description\" content=\"Geben Sie Ihrem Kind alle Farben des Regenbogens und den Komfort, stundenlang damit zu zeichnen. Die Dreieck-Griff-Buntstifte von SES Creative wurden speziell f\u00fcr kleine Kinderh\u00e4nde entwickelt und haben eine ergonomische dreieckige Form, die beim Erlernen des richtigen Stiftgriffs hilft. Perfekt f\u00fcr junge K\u00fcnstler, die ihre Kreativit\u00e4t entdecken und ihre Feinmotorik entwickeln m\u00f6chten. Was macht dieses [&hellip;]\" \/>\n<meta property=\"og:url\" content=\"https:\/\/ses-creative.com\/de\/produkt\/dreikant-buntstifte-16-stueck\/\" \/>\n<meta property=\"og:site_name\" content=\"SES Creative\" \/>\n<meta property=\"article:modified_time\" content=\"2026-02-06T09:51:45+00:00\" \/>\n<meta name=\"twitter:card\" content=\"summary_large_image\" \/>\n<meta name=\"twitter:label1\" content=\"Gesch\u00e4tzte Lesezeit\" \/>\n\t<meta name=\"twitter:data1\" content=\"1\u00a0Minute\" \/>\n<script type=\"application\/ld+json\" class=\"yoast-schema-graph\">{\"@context\":\"https:\\\/\\\/schema.org\",\"@graph\":[{\"@type\":\"WebPage\",\"@id\":\"https:\\\/\\\/ses-creative.com\\\/de\\\/produkt\\\/dreikant-buntstifte-16-stueck\\\/\",\"url\":\"https:\\\/\\\/ses-creative.com\\\/de\\\/produkt\\\/dreikant-buntstifte-16-stueck\\\/\",\"name\":\"Dreikant-Buntstifte 16 St\u00fcck - SES Creative\",\"isPartOf\":{\"@id\":\"https:\\\/\\\/ses-creative.com\\\/#website\"},\"primaryImageOfPage\":{\"@id\":\"https:\\\/\\\/ses-creative.com\\\/de\\\/produkt\\\/dreikant-buntstifte-16-stueck\\\/#primaryimage\"},\"image\":{\"@id\":\"https:\\\/\\\/ses-creative.com\\\/de\\\/produkt\\\/dreikant-buntstifte-16-stueck\\\/#primaryimage\"},\"thumbnailUrl\":\"https:\\\/\\\/ses-creative.com\\\/wp-content\\\/uploads\\\/2026\\\/01\\\/146921.jpg\",\"datePublished\":\"2026-02-05T13:52:53+00:00\",\"dateModified\":\"2026-02-06T09:51:45+00:00\",\"breadcrumb\":{\"@id\":\"https:\\\/\\\/ses-creative.com\\\/de\\\/produkt\\\/dreikant-buntstifte-16-stueck\\\/#breadcrumb\"},\"inLanguage\":\"de\",\"potentialAction\":[{\"@type\":\"ReadAction\",\"target\":[\"https:\\\/\\\/ses-creative.com\\\/de\\\/produkt\\\/dreikant-buntstifte-16-stueck\\\/\"]}]},{\"@type\":\"ImageObject\",\"inLanguage\":\"de\",\"@id\":\"https:\\\/\\\/ses-creative.com\\\/de\\\/produkt\\\/dreikant-buntstifte-16-stueck\\\/#primaryimage\",\"url\":\"https:\\\/\\\/ses-creative.com\\\/wp-content\\\/uploads\\\/2026\\\/01\\\/146921.jpg\",\"contentUrl\":\"https:\\\/\\\/ses-creative.com\\\/wp-content\\\/uploads\\\/2026\\\/01\\\/146921.jpg\",\"width\":1000,\"height\":1000},{\"@type\":\"BreadcrumbList\",\"@id\":\"https:\\\/\\\/ses-creative.com\\\/de\\\/produkt\\\/dreikant-buntstifte-16-stueck\\\/#breadcrumb\",\"itemListElement\":[{\"@type\":\"ListItem\",\"position\":1,\"name\":\"Shop\",\"item\":\"https:\\\/\\\/ses-creative.com\\\/de\\\/shop\\\/\"},{\"@type\":\"ListItem\",\"position\":2,\"name\":\"Basteln\",\"item\":\"https:\\\/\\\/ses-creative.com\\\/de\\\/product-categorie\\\/basteln\\\/\"},{\"@type\":\"ListItem\",\"position\":3,\"name\":\"Dreikant-Buntstifte 16 St\u00fcck\"}]},{\"@type\":\"WebSite\",\"@id\":\"https:\\\/\\\/ses-creative.com\\\/#website\",\"url\":\"https:\\\/\\\/ses-creative.com\\\/\",\"name\":\"SES Creative\",\"description\":\"\",\"publisher\":{\"@id\":\"https:\\\/\\\/ses-creative.com\\\/#organization\"},\"potentialAction\":[{\"@type\":\"SearchAction\",\"target\":{\"@type\":\"EntryPoint\",\"urlTemplate\":\"https:\\\/\\\/ses-creative.com\\\/?s={search_term_string}\"},\"query-input\":{\"@type\":\"PropertyValueSpecification\",\"valueRequired\":true,\"valueName\":\"search_term_string\"}}],\"inLanguage\":\"de\"},{\"@type\":\"Organization\",\"@id\":\"https:\\\/\\\/ses-creative.com\\\/#organization\",\"name\":\"SES Creative\",\"url\":\"https:\\\/\\\/ses-creative.com\\\/\",\"logo\":{\"@type\":\"ImageObject\",\"inLanguage\":\"de\",\"@id\":\"https:\\\/\\\/ses-creative.com\\\/#\\\/schema\\\/logo\\\/image\\\/\",\"url\":\"https:\\\/\\\/ses-creative.com\\\/wp-content\\\/uploads\\\/2025\\\/10\\\/ses-creative-logo.jpg\",\"contentUrl\":\"https:\\\/\\\/ses-creative.com\\\/wp-content\\\/uploads\\\/2025\\\/10\\\/ses-creative-logo.jpg\",\"width\":2037,\"height\":2037,\"caption\":\"SES Creative\"},\"image\":{\"@id\":\"https:\\\/\\\/ses-creative.com\\\/#\\\/schema\\\/logo\\\/image\\\/\"}}]}<\/script>\n<!-- \/ Yoast SEO plugin. -->","yoast_head_json":{"title":"Dreikant-Buntstifte 16 St\u00fcck - SES Creative","robots":{"index":"index","follow":"follow","max-snippet":"max-snippet:-1","max-image-preview":"max-image-preview:large","max-video-preview":"max-video-preview:-1"},"canonical":"https:\/\/ses-creative.com\/de\/produkt\/dreikant-buntstifte-16-stueck\/","og_locale":"de_DE","og_type":"article","og_title":"Dreikant-Buntstifte 16 St\u00fcck - SES Creative","og_description":"Geben Sie Ihrem Kind alle Farben des Regenbogens und den Komfort, stundenlang damit zu zeichnen. Die Dreieck-Griff-Buntstifte von SES Creative wurden speziell f\u00fcr kleine Kinderh\u00e4nde entwickelt und haben eine ergonomische dreieckige Form, die beim Erlernen des richtigen Stiftgriffs hilft. Perfekt f\u00fcr junge K\u00fcnstler, die ihre Kreativit\u00e4t entdecken und ihre Feinmotorik entwickeln m\u00f6chten. Was macht dieses [&hellip;]","og_url":"https:\/\/ses-creative.com\/de\/produkt\/dreikant-buntstifte-16-stueck\/","og_site_name":"SES Creative","article_modified_time":"2026-02-06T09:51:45+00:00","twitter_card":"summary_large_image","twitter_misc":{"Gesch\u00e4tzte Lesezeit":"1\u00a0Minute"},"schema":{"@context":"https:\/\/schema.org","@graph":[{"@type":"WebPage","@id":"https:\/\/ses-creative.com\/de\/produkt\/dreikant-buntstifte-16-stueck\/","url":"https:\/\/ses-creative.com\/de\/produkt\/dreikant-buntstifte-16-stueck\/","name":"Dreikant-Buntstifte 16 St\u00fcck - SES Creative","isPartOf":{"@id":"https:\/\/ses-creative.com\/#website"},"primaryImageOfPage":{"@id":"https:\/\/ses-creative.com\/de\/produkt\/dreikant-buntstifte-16-stueck\/#primaryimage"},"image":{"@id":"https:\/\/ses-creative.com\/de\/produkt\/dreikant-buntstifte-16-stueck\/#primaryimage"},"thumbnailUrl":"https:\/\/ses-creative.com\/wp-content\/uploads\/2026\/01\/146921.jpg","datePublished":"2026-02-05T13:52:53+00:00","dateModified":"2026-02-06T09:51:45+00:00","breadcrumb":{"@id":"https:\/\/ses-creative.com\/de\/produkt\/dreikant-buntstifte-16-stueck\/#breadcrumb"},"inLanguage":"de","potentialAction":[{"@type":"ReadAction","target":["https:\/\/ses-creative.com\/de\/produkt\/dreikant-buntstifte-16-stueck\/"]}]},{"@type":"ImageObject","inLanguage":"de","@id":"https:\/\/ses-creative.com\/de\/produkt\/dreikant-buntstifte-16-stueck\/#primaryimage","url":"https:\/\/ses-creative.com\/wp-content\/uploads\/2026\/01\/146921.jpg","contentUrl":"https:\/\/ses-creative.com\/wp-content\/uploads\/2026\/01\/146921.jpg","width":1000,"height":1000},{"@type":"BreadcrumbList","@id":"https:\/\/ses-creative.com\/de\/produkt\/dreikant-buntstifte-16-stueck\/#breadcrumb","itemListElement":[{"@type":"ListItem","position":1,"name":"Shop","item":"https:\/\/ses-creative.com\/de\/shop\/"},{"@type":"ListItem","position":2,"name":"Basteln","item":"https:\/\/ses-creative.com\/de\/product-categorie\/basteln\/"},{"@type":"ListItem","position":3,"name":"Dreikant-Buntstifte 16 St\u00fcck"}]},{"@type":"WebSite","@id":"https:\/\/ses-creative.com\/#website","url":"https:\/\/ses-creative.com\/","name":"SES Creative","description":"","publisher":{"@id":"https:\/\/ses-creative.com\/#organization"},"potentialAction":[{"@type":"SearchAction","target":{"@type":"EntryPoint","urlTemplate":"https:\/\/ses-creative.com\/?s={search_term_string}"},"query-input":{"@type":"PropertyValueSpecification","valueRequired":true,"valueName":"search_term_string"}}],"inLanguage":"de"},{"@type":"Organization","@id":"https:\/\/ses-creative.com\/#organization","name":"SES Creative","url":"https:\/\/ses-creative.com\/","logo":{"@type":"ImageObject","inLanguage":"de","@id":"https:\/\/ses-creative.com\/#\/schema\/logo\/image\/","url":"https:\/\/ses-creative.com\/wp-content\/uploads\/2025\/10\/ses-creative-logo.jpg","contentUrl":"https:\/\/ses-creative.com\/wp-content\/uploads\/2025\/10\/ses-creative-logo.jpg","width":2037,"height":2037,"caption":"SES Creative"},"image":{"@id":"https:\/\/ses-creative.com\/#\/schema\/logo\/image\/"}}]}},"_links":{"self":[{"href":"https:\/\/ses-creative.com\/de\/wp-json\/wp\/v2\/product\/114775","targetHints":{"allow":["GET"]}}],"collection":[{"href":"https:\/\/ses-creative.com\/de\/wp-json\/wp\/v2\/product"}],"about":[{"href":"https:\/\/ses-creative.com\/de\/wp-json\/wp\/v2\/types\/product"}],"replies":[{"embeddable":true,"href":"https:\/\/ses-creative.com\/de\/wp-json\/wp\/v2\/comments?post=114775"}],"wp:featuredmedia":[{"embeddable":true,"href":"https:\/\/ses-creative.com\/de\/wp-json\/wp\/v2\/media\/104016"}],"wp:attachment":[{"href":"https:\/\/ses-creative.com\/de\/wp-json\/wp\/v2\/media?parent=114775"}],"wp:term":[{"taxonomy":"product_brand","embeddable":true,"href":"https:\/\/ses-creative.com\/de\/wp-json\/wp\/v2\/product_brand?post=114775"},{"taxonomy":"product_cat","embeddable":true,"href":"https:\/\/ses-creative.com\/de\/wp-json\/wp\/v2\/product_cat?post=114775"},{"taxonomy":"product_tag","embeddable":true,"href":"https:\/\/ses-creative.com\/de\/wp-json\/wp\/v2\/product_tag?post=114775"}],"curies":[{"name":"wp","href":"https:\/\/api.w.org\/{rel}","templated":true}]}}