











{"id":114774,"date":"2026-02-05T13:52:53","date_gmt":"2026-02-05T13:52:53","guid":{"rendered":"https:\/\/ses-creative.com\/?post_type=product&#038;p=114774"},"modified":"2026-02-06T09:51:45","modified_gmt":"2026-02-06T09:51:45","slug":"mahlen-nach-zahlen-dreikant-filzstifte","status":"publish","type":"product","link":"https:\/\/ses-creative.com\/de\/produkt\/mahlen-nach-zahlen-dreikant-filzstifte\/","title":{"rendered":"Mahlen nach Zahlen &#8211; Dreikant Filzstifte"},"content":{"rendered":"<p>Entdecken Sie das Set \u201eFarben nach Zahlen \u2013 Dreieckige Stifte\u201c von SES Creative: die perfekte M\u00f6glichkeit, Kinder spielerisch zum Malen anzuregen und ihre motorischen F\u00e4higkeiten zu entwickeln. Dank des ergonomischen dreieckigen Griffs liegen die Stifte bequem in kleinen H\u00e4nden, sodass selbst Anf\u00e4nger m\u00fchelos wundersch\u00f6ne Bilder malen k\u00f6nnen.<\/p>\n<p>Was macht dieses Set so besonders?<\/p>\n<p> 6 gro\u00dfe Malvorlagen nach Zahlen \u2013 \u00fcbersichtlich und ideal f\u00fcr kleine Kinder<\/p>\n<p> 12 ergonomische Filzstifte \u2013 dreieckiger Griff f\u00fcr eine korrekte Stiftf\u00fchrung<\/p>\n<p> Gut auswaschbar \u2013 Flecken lassen sich leicht aus Kleidung und Textilien entfernen<\/p>\n<p> Klar nummerierte Feldern \u2013 Schritt-f\u00fcr-Schritt-Farben f\u00fcr ein wundersch\u00f6nes Ergebnis<\/p>\n<p> F\u00f6rdert die Feinmotorik und Konzentration \u2013 lehrreich und kreativ<\/p>\n<p>Kreatives Ausmalen mit Struktur<\/p>\n<p>Die gro\u00dfen Malvorlagen enthalten nummerierte Felder, die genau angeben, welche Farbe wo hingeh\u00f6rt. Kinder folgen einfach den Zahlen und sehen, wie ihre Zeichnung Schritt f\u00fcr Schritt zum Leben erwacht. Das gibt ihnen ein Gef\u00fchl von Stolz und f\u00f6rdert ihre Ausdauer, w\u00e4hrend die ergonomischen Stifte daf\u00fcr sorgen, dass sie bequem und kontrolliert arbeiten k\u00f6nnen.<\/p>\n<p>Inhalt der Verpackung<\/p>\n<p>6 gro\u00dfe Malvorlagen nach Nummern<\/p>\n<p>12 Filzstifte mit dreieckigem Griff<\/p>\n<p>Warum SES Creative w\u00e4hlen?<\/p>\n<p>SES Creative ist bekannt f\u00fcr Spielzeug, das Kinder nicht nur unterh\u00e4lt, sondern ihnen auch hilft, wertvolle F\u00e4higkeiten zu entwickeln. Dieses Set verbindet Kreativit\u00e4t mit motorischer \u00dcbung, ohne Unordnung und mit sicheren, abwaschbaren Materialien.<\/p>\n<p>Beginnen Sie noch heute mit dem Malen<\/p>\n<p>Bieten Sie Ihrem Kind eine kreative Herausforderung und jede Menge Spa\u00df in einem.<br \/>\nBestellen Sie jetzt das SES Creative \u2013 Malen nach Zahlen-Set und entdecken Sie, wie viel Spa\u00df und wie lehrreich Malen nach Zahlen sein kann!<\/p>\n","protected":false},"excerpt":{"rendered":"<p>Entdecken Sie das Set \u201eFarben nach Zahlen \u2013 Dreieckige Stifte\u201c von SES Creative: die perfekte M\u00f6glichkeit, Kinder spielerisch zum Malen anzuregen und ihre motorischen F\u00e4higkeiten zu entwickeln. Dank des ergonomischen dreieckigen Griffs liegen die Stifte bequem in kleinen H\u00e4nden, sodass selbst Anf\u00e4nger m\u00fchelos wundersch\u00f6ne Bilder malen k\u00f6nnen. Was macht dieses Set so besonders? 6 gro\u00dfe [&hellip;]<\/p>\n","protected":false},"featured_media":103996,"comment_status":"closed","ping_status":"closed","template":"","meta":{"_acf_changed":false},"product_brand":[],"product_cat":[115],"product_tag":[],"class_list":{"0":"post-114774","1":"product","2":"type-product","3":"status-publish","4":"has-post-thumbnail","6":"product_cat-basteln","7":"pa_leeftijd-filter-3-4-jahre","8":"pa_meest-populair-bij-jungen-maedchen","10":"first","11":"instock","12":"shipping-taxable","13":"product-type-simple"},"acf":[],"yoast_head":"<!-- This site is optimized with the Yoast SEO plugin v27.2 - https:\/\/yoast.com\/product\/yoast-seo-wordpress\/ -->\n<title>Mahlen nach Zahlen - Dreikant Filzstifte - SES Creative<\/title>\n<meta name=\"robots\" content=\"index, follow, max-snippet:-1, max-image-preview:large, max-video-preview:-1\" \/>\n<link rel=\"canonical\" href=\"https:\/\/ses-creative.com\/de\/produkt\/mahlen-nach-zahlen-dreikant-filzstifte\/\" \/>\n<meta property=\"og:locale\" content=\"de_DE\" \/>\n<meta property=\"og:type\" content=\"article\" \/>\n<meta property=\"og:title\" content=\"Mahlen nach Zahlen - Dreikant Filzstifte - SES Creative\" \/>\n<meta property=\"og:description\" content=\"Entdecken Sie das Set \u201eFarben nach Zahlen \u2013 Dreieckige Stifte\u201c von SES Creative: die perfekte M\u00f6glichkeit, Kinder spielerisch zum Malen anzuregen und ihre motorischen F\u00e4higkeiten zu entwickeln. Dank des ergonomischen dreieckigen Griffs liegen die Stifte bequem in kleinen H\u00e4nden, sodass selbst Anf\u00e4nger m\u00fchelos wundersch\u00f6ne Bilder malen k\u00f6nnen. Was macht dieses Set so besonders? 6 gro\u00dfe [&hellip;]\" \/>\n<meta property=\"og:url\" content=\"https:\/\/ses-creative.com\/de\/produkt\/mahlen-nach-zahlen-dreikant-filzstifte\/\" \/>\n<meta property=\"og:site_name\" content=\"SES Creative\" \/>\n<meta property=\"article:modified_time\" content=\"2026-02-06T09:51:45+00:00\" \/>\n<meta name=\"twitter:card\" content=\"summary_large_image\" \/>\n<meta name=\"twitter:label1\" content=\"Gesch\u00e4tzte Lesezeit\" \/>\n\t<meta name=\"twitter:data1\" content=\"1\u00a0Minute\" \/>\n<script type=\"application\/ld+json\" class=\"yoast-schema-graph\">{\"@context\":\"https:\/\/schema.org\",\"@graph\":[{\"@type\":\"WebPage\",\"@id\":\"https:\/\/ses-creative.com\/de\/produkt\/mahlen-nach-zahlen-dreikant-filzstifte\/\",\"url\":\"https:\/\/ses-creative.com\/de\/produkt\/mahlen-nach-zahlen-dreikant-filzstifte\/\",\"name\":\"Mahlen nach Zahlen - Dreikant Filzstifte - SES Creative\",\"isPartOf\":{\"@id\":\"https:\/\/ses-creative.com\/#website\"},\"primaryImageOfPage\":{\"@id\":\"https:\/\/ses-creative.com\/de\/produkt\/mahlen-nach-zahlen-dreikant-filzstifte\/#primaryimage\"},\"image\":{\"@id\":\"https:\/\/ses-creative.com\/de\/produkt\/mahlen-nach-zahlen-dreikant-filzstifte\/#primaryimage\"},\"thumbnailUrl\":\"https:\/\/ses-creative.com\/wp-content\/uploads\/2026\/01\/146901.jpg\",\"datePublished\":\"2026-02-05T13:52:53+00:00\",\"dateModified\":\"2026-02-06T09:51:45+00:00\",\"breadcrumb\":{\"@id\":\"https:\/\/ses-creative.com\/de\/produkt\/mahlen-nach-zahlen-dreikant-filzstifte\/#breadcrumb\"},\"inLanguage\":\"de\",\"potentialAction\":[{\"@type\":\"ReadAction\",\"target\":[\"https:\/\/ses-creative.com\/de\/produkt\/mahlen-nach-zahlen-dreikant-filzstifte\/\"]}]},{\"@type\":\"ImageObject\",\"inLanguage\":\"de\",\"@id\":\"https:\/\/ses-creative.com\/de\/produkt\/mahlen-nach-zahlen-dreikant-filzstifte\/#primaryimage\",\"url\":\"https:\/\/ses-creative.com\/wp-content\/uploads\/2026\/01\/146901.jpg\",\"contentUrl\":\"https:\/\/ses-creative.com\/wp-content\/uploads\/2026\/01\/146901.jpg\",\"width\":1000,\"height\":1000},{\"@type\":\"BreadcrumbList\",\"@id\":\"https:\/\/ses-creative.com\/de\/produkt\/mahlen-nach-zahlen-dreikant-filzstifte\/#breadcrumb\",\"itemListElement\":[{\"@type\":\"ListItem\",\"position\":1,\"name\":\"Shop\",\"item\":\"https:\/\/ses-creative.com\/de\/shop\/\"},{\"@type\":\"ListItem\",\"position\":2,\"name\":\"Basteln\",\"item\":\"https:\/\/ses-creative.com\/de\/product-categorie\/basteln\/\"},{\"@type\":\"ListItem\",\"position\":3,\"name\":\"Mahlen nach Zahlen &#8211; Dreikant Filzstifte\"}]},{\"@type\":\"WebSite\",\"@id\":\"https:\/\/ses-creative.com\/#website\",\"url\":\"https:\/\/ses-creative.com\/\",\"name\":\"SES Creative\",\"description\":\"\",\"publisher\":{\"@id\":\"https:\/\/ses-creative.com\/#organization\"},\"potentialAction\":[{\"@type\":\"SearchAction\",\"target\":{\"@type\":\"EntryPoint\",\"urlTemplate\":\"https:\/\/ses-creative.com\/?s={search_term_string}\"},\"query-input\":{\"@type\":\"PropertyValueSpecification\",\"valueRequired\":true,\"valueName\":\"search_term_string\"}}],\"inLanguage\":\"de\"},{\"@type\":\"Organization\",\"@id\":\"https:\/\/ses-creative.com\/#organization\",\"name\":\"SES Creative\",\"url\":\"https:\/\/ses-creative.com\/\",\"logo\":{\"@type\":\"ImageObject\",\"inLanguage\":\"de\",\"@id\":\"https:\/\/ses-creative.com\/#\/schema\/logo\/image\/\",\"url\":\"https:\/\/ses-creative.com\/wp-content\/uploads\/2025\/10\/ses-creative-logo.jpg\",\"contentUrl\":\"https:\/\/ses-creative.com\/wp-content\/uploads\/2025\/10\/ses-creative-logo.jpg\",\"width\":2037,\"height\":2037,\"caption\":\"SES Creative\"},\"image\":{\"@id\":\"https:\/\/ses-creative.com\/#\/schema\/logo\/image\/\"}}]}<\/script>\n<!-- \/ Yoast SEO plugin. -->","yoast_head_json":{"title":"Mahlen nach Zahlen - Dreikant Filzstifte - SES Creative","robots":{"index":"index","follow":"follow","max-snippet":"max-snippet:-1","max-image-preview":"max-image-preview:large","max-video-preview":"max-video-preview:-1"},"canonical":"https:\/\/ses-creative.com\/de\/produkt\/mahlen-nach-zahlen-dreikant-filzstifte\/","og_locale":"de_DE","og_type":"article","og_title":"Mahlen nach Zahlen - Dreikant Filzstifte - SES Creative","og_description":"Entdecken Sie das Set \u201eFarben nach Zahlen \u2013 Dreieckige Stifte\u201c von SES Creative: die perfekte M\u00f6glichkeit, Kinder spielerisch zum Malen anzuregen und ihre motorischen F\u00e4higkeiten zu entwickeln. Dank des ergonomischen dreieckigen Griffs liegen die Stifte bequem in kleinen H\u00e4nden, sodass selbst Anf\u00e4nger m\u00fchelos wundersch\u00f6ne Bilder malen k\u00f6nnen. Was macht dieses Set so besonders? 6 gro\u00dfe [&hellip;]","og_url":"https:\/\/ses-creative.com\/de\/produkt\/mahlen-nach-zahlen-dreikant-filzstifte\/","og_site_name":"SES Creative","article_modified_time":"2026-02-06T09:51:45+00:00","twitter_card":"summary_large_image","twitter_misc":{"Gesch\u00e4tzte Lesezeit":"1\u00a0Minute"},"schema":{"@context":"https:\/\/schema.org","@graph":[{"@type":"WebPage","@id":"https:\/\/ses-creative.com\/de\/produkt\/mahlen-nach-zahlen-dreikant-filzstifte\/","url":"https:\/\/ses-creative.com\/de\/produkt\/mahlen-nach-zahlen-dreikant-filzstifte\/","name":"Mahlen nach Zahlen - Dreikant Filzstifte - SES Creative","isPartOf":{"@id":"https:\/\/ses-creative.com\/#website"},"primaryImageOfPage":{"@id":"https:\/\/ses-creative.com\/de\/produkt\/mahlen-nach-zahlen-dreikant-filzstifte\/#primaryimage"},"image":{"@id":"https:\/\/ses-creative.com\/de\/produkt\/mahlen-nach-zahlen-dreikant-filzstifte\/#primaryimage"},"thumbnailUrl":"https:\/\/ses-creative.com\/wp-content\/uploads\/2026\/01\/146901.jpg","datePublished":"2026-02-05T13:52:53+00:00","dateModified":"2026-02-06T09:51:45+00:00","breadcrumb":{"@id":"https:\/\/ses-creative.com\/de\/produkt\/mahlen-nach-zahlen-dreikant-filzstifte\/#breadcrumb"},"inLanguage":"de","potentialAction":[{"@type":"ReadAction","target":["https:\/\/ses-creative.com\/de\/produkt\/mahlen-nach-zahlen-dreikant-filzstifte\/"]}]},{"@type":"ImageObject","inLanguage":"de","@id":"https:\/\/ses-creative.com\/de\/produkt\/mahlen-nach-zahlen-dreikant-filzstifte\/#primaryimage","url":"https:\/\/ses-creative.com\/wp-content\/uploads\/2026\/01\/146901.jpg","contentUrl":"https:\/\/ses-creative.com\/wp-content\/uploads\/2026\/01\/146901.jpg","width":1000,"height":1000},{"@type":"BreadcrumbList","@id":"https:\/\/ses-creative.com\/de\/produkt\/mahlen-nach-zahlen-dreikant-filzstifte\/#breadcrumb","itemListElement":[{"@type":"ListItem","position":1,"name":"Shop","item":"https:\/\/ses-creative.com\/de\/shop\/"},{"@type":"ListItem","position":2,"name":"Basteln","item":"https:\/\/ses-creative.com\/de\/product-categorie\/basteln\/"},{"@type":"ListItem","position":3,"name":"Mahlen nach Zahlen &#8211; Dreikant Filzstifte"}]},{"@type":"WebSite","@id":"https:\/\/ses-creative.com\/#website","url":"https:\/\/ses-creative.com\/","name":"SES Creative","description":"","publisher":{"@id":"https:\/\/ses-creative.com\/#organization"},"potentialAction":[{"@type":"SearchAction","target":{"@type":"EntryPoint","urlTemplate":"https:\/\/ses-creative.com\/?s={search_term_string}"},"query-input":{"@type":"PropertyValueSpecification","valueRequired":true,"valueName":"search_term_string"}}],"inLanguage":"de"},{"@type":"Organization","@id":"https:\/\/ses-creative.com\/#organization","name":"SES Creative","url":"https:\/\/ses-creative.com\/","logo":{"@type":"ImageObject","inLanguage":"de","@id":"https:\/\/ses-creative.com\/#\/schema\/logo\/image\/","url":"https:\/\/ses-creative.com\/wp-content\/uploads\/2025\/10\/ses-creative-logo.jpg","contentUrl":"https:\/\/ses-creative.com\/wp-content\/uploads\/2025\/10\/ses-creative-logo.jpg","width":2037,"height":2037,"caption":"SES Creative"},"image":{"@id":"https:\/\/ses-creative.com\/#\/schema\/logo\/image\/"}}]}},"_links":{"self":[{"href":"https:\/\/ses-creative.com\/de\/wp-json\/wp\/v2\/product\/114774","targetHints":{"allow":["GET"]}}],"collection":[{"href":"https:\/\/ses-creative.com\/de\/wp-json\/wp\/v2\/product"}],"about":[{"href":"https:\/\/ses-creative.com\/de\/wp-json\/wp\/v2\/types\/product"}],"replies":[{"embeddable":true,"href":"https:\/\/ses-creative.com\/de\/wp-json\/wp\/v2\/comments?post=114774"}],"wp:featuredmedia":[{"embeddable":true,"href":"https:\/\/ses-creative.com\/de\/wp-json\/wp\/v2\/media\/103996"}],"wp:attachment":[{"href":"https:\/\/ses-creative.com\/de\/wp-json\/wp\/v2\/media?parent=114774"}],"wp:term":[{"taxonomy":"product_brand","embeddable":true,"href":"https:\/\/ses-creative.com\/de\/wp-json\/wp\/v2\/product_brand?post=114774"},{"taxonomy":"product_cat","embeddable":true,"href":"https:\/\/ses-creative.com\/de\/wp-json\/wp\/v2\/product_cat?post=114774"},{"taxonomy":"product_tag","embeddable":true,"href":"https:\/\/ses-creative.com\/de\/wp-json\/wp\/v2\/product_tag?post=114774"}],"curies":[{"name":"wp","href":"https:\/\/api.w.org\/{rel}","templated":true}]}}